{"id":49633,"date":"2025-01-19T08:54:38","date_gmt":"2025-01-19T07:54:38","guid":{"rendered":"https:\/\/formar.shop\/par-mums\/"},"modified":"2025-11-18T12:06:01","modified_gmt":"2025-11-18T11:06:01","slug":"par-mums","status":"publish","type":"page","link":"https:\/\/formar.shop\/lv\/par-mums\/","title":{"rendered":"Par mums"},"content":{"rendered":"\n<div class=\"row\"  id=\"row-927037031\">\n\n\n\t<div id=\"col-1172214823\" class=\"col medium-11 small-12 large-12\"  >\n\t\t\t\t<div class=\"col-inner text-center\"  >\n\t\t\t\n\t\t\t\n\n\t<div id=\"text-908311008\" class=\"text\">\n\t\t\n\n<h3><span style=\"font-size: 140%;\"><strong>PAR MUMS<\/strong><\/span><\/h3>\n<p><strong data-start=\"181\" data-end=\"196\">Formar.shop<\/strong> ir <strong data-start=\"225\" data-end=\"248\">Formar Contract Srl<\/strong> ofici\u0101lais e-veikals, It\u0101lijas uz\u0146\u0113mums, kas atrodas Falkonara Maritim\u0101 (AN) un specializ\u0113jas biroju, profesion\u0101lo kabinetu, sabiedrisko telpu un l\u012bgumtelpu m\u0113be\u013cu ra\u017eo\u0161an\u0101. Vair\u0101k nek\u0101 20 gadus m\u0113s ar aizraut\u012bbu un kompetenci pied\u0101v\u0101jam funkcion\u0101lus, iztur\u012bgus un m\u016bsdien\u012bga dizaina m\u0113be\u013cu risin\u0101jumus. <\/p>\n<div>\n<p data-start=\"539\" data-end=\"752\">M\u016bsu uz\u0146\u0113mums ir radies no pieredzes l\u012bgumdarbu nozar\u0113, ar m\u0113r\u0137i ar\u012b tie\u0161saist\u0113 nodro\u0161in\u0101t kvalit\u0101ti un uzticam\u012bbu, kas vienm\u0113r ir raksturojusi m\u016bsu darbu ar uz\u0146\u0113mumiem, valsts un priv\u0101taj\u0101m iest\u0101d\u0113m.<\/p>\n<hr data-start=\"754\" data-end=\"757\">\n<h2><strong>Kas m\u016bs at\u0161\u0137ir<\/strong><\/h2>\n<p data-start=\"1250\" data-end=\"1366\"><strong data-start=\"1250\" data-end=\"1277\">Pieredze un kompetence<\/strong>: ilga v\u0113sture l\u012bgumdarbu nozar\u0113, kas izpau\u017eas k\u0101 uzticam\u012bba un profesionalit\u0101te.<\/p>\n<p data-start=\"1369\" data-end=\"1507\"><strong data-start=\"1369\" data-end=\"1388\">R\u016bp\u012bgi atlas\u012bts katalogs<\/strong>: m\u0113s uzman\u012bgi izv\u0113lamies lab\u0101kos profesion\u0101los m\u0113be\u013cu izstr\u0101d\u0101jumus, koncentr\u0113joties uz ergonomiku, est\u0113tiku un iztur\u012bbu.<\/p>\n<p data-start=\"1510\" data-end=\"1623\"><strong data-start=\"1510\" data-end=\"1539\">Personaliz\u0113ta pal\u012bdz\u012bba<\/strong>: m\u016bsu komanda vienm\u0113r ir pieejama, lai sniegtu padomus un atbalstu pirms un p\u0113c p\u0101rdo\u0161anas.<\/p>\n<p data-start=\"1626\" data-end=\"1752\"><strong data-start=\"1626\" data-end=\"1643\">Daudzkan\u0101lu pieeja<\/strong>: papildus formar.shop vietnei m\u0113s esam p\u0101rst\u0101v\u0113ti ar\u012b galvenajos tirgus laukumos ar t\u0101du pa\u0161u kvalit\u0101ti un nopietn\u012bbu.<\/p>\n<p data-start=\"560\" data-end=\"744\">Caur m\u016bsu tie\u0161saistes veikalu m\u0113s pied\u0101v\u0101jam pla\u0161u atlas\u012btu produktu kl\u0101stu, apvienojot <strong data-start=\"665\" data-end=\"711\">tehnisko pieredzi, aizrau\u0161anos ar dizainu<\/strong> un <strong data-start=\"714\" data-end=\"743\">uzman\u012bbu pret kvalit\u0101ti<\/strong>.<\/p>\n<hr data-start=\"746\" data-end=\"749\">\n<h2 data-start=\"751\" data-end=\"771\">M\u016bsu misija<\/h2>\n<p data-start=\"813\" data-end=\"902\"><strong>Augstas kvalit\u0101tes produkti<\/strong> gan profesion\u0101laj\u0101m, gan dz\u012bvojamaj\u0101m telp\u0101m.<\/p>\n<p data-start=\"905\" data-end=\"1004\"><strong>R\u016bp\u012bgs un funkcion\u0101ls dizains<\/strong>, ar atlasi, kas orient\u0113ta uz komfortu, ergonomiku un stilu.<\/p>\n<p data-start=\"1007\" data-end=\"1101\"><strong>Intuit\u012bva un dro\u0161a iepirk\u0161an\u0101s pieredze<\/strong>, ar \u0101tru un kompetentu klientu apkalpo\u0161anu.<\/p>\n<p data-start=\"1104\" data-end=\"1180\"><strong>\u0100tra un bezmaksas pieg\u0101de<\/strong>, lai efekt\u012bvi apmierin\u0101tu visas vajadz\u012bbas.<\/p>\n<hr data-start=\"1574\" data-end=\"1577\">\n<h2 data-start=\"1579\" data-end=\"1599\">M\u016bsu produkti<\/h2>\n<p data-start=\"1601\" data-end=\"1630\"><strong data-start=\"1634\" data-end=\"1656\">Biroja m\u0113beles<\/strong>: rakst\u0101mgaldi, kr\u0113sli, skapji, atvilkt\u0146u bloki un sapul\u010du galdi.<\/p>\n<p data-start=\"1720\" data-end=\"1809\"><strong data-start=\"1720\" data-end=\"1771\">Risin\u0101jumi valsts iest\u0101d\u0113m un l\u012bgumtelp\u0101m<\/strong>: soli, gr\u0101matplaukti, arh\u012bva m\u0113beles.<\/p>\n<p data-start=\"1812\" data-end=\"1951\"><strong data-start=\"1812\" data-end=\"1839\">M\u0101jas m\u0113beles<\/strong>: kr\u0113sli, galdi, papildin\u0101jumi, gr\u0101matplaukti un vietu taupo\u0161ie risin\u0101jumi, vienm\u0113r piev\u0113r\u0161ot uzman\u012bbu dizainam un praktiskumam.<\/p>\n<hr data-start=\"1953\" data-end=\"1956\">\n<h2 data-start=\"1958\" data-end=\"1977\">M\u016bsu klienti<\/h2>\n<p data-start=\"2005\" data-end=\"2031\">Uz\u0146\u0113mumi un profesion\u0101\u013ci<\/p>\n<p data-start=\"2034\" data-end=\"2067\">Valsts iest\u0101des un p\u0101rvaldes<\/p>\n<p data-start=\"2070\" data-end=\"2145\">Priv\u0101tpersonas, kas mekl\u0113 modernas un funkcion\u0101las m\u0113be\u013cu risin\u0101jumus m\u0101jai<\/p>\n<hr data-start=\"2147\" data-end=\"2150\">\n<h2 data-start=\"2335\" data-end=\"2349\">Nobeigums<\/h2>\n<p data-start=\"2351\" data-end=\"2671\">Strauji main\u012bgaj\u0101 pasaul\u0113 m\u0113s ticam, ka kvalit\u0101te un uzticam\u012bba ir neaizst\u0101jamas v\u0113rt\u012bbas. Ar <strong data-start=\"2462\" data-end=\"2477\">Formar.shop<\/strong> m\u0113s pied\u0101v\u0101jam ne tikai m\u0113beles, bet \u012bstus <strong data-start=\"2523\" data-end=\"2564\">labsaj\u016btas un funkcionalit\u0101tes risin\u0101jumus<\/strong> tavai ikdienai, neatkar\u012bgi no t\u0101, vai tu pl\u0101no jaunu biroju vai padari savu m\u0101ju m\u0101j\u012bg\u0101ku. <\/p>\n<p data-start=\"2673\" data-end=\"2821\">Izv\u0113l\u0113ties Formar.shop noz\u012bm\u0113 uztic\u0113ties stabilam, caurskat\u0101mam un aizraut\u012bgam partnerim, kas vienm\u0113r liek cilv\u0113kus un vi\u0146u vajadz\u012bbas centr\u0101.<\/p>\n<p data-start=\"2823\" data-end=\"2873\"><strong data-start=\"2823\" data-end=\"2873\">Formar.shop \u2013 Kur tava telpa ieg\u016bst formu.<\/strong><\/p>\n<p> <\/p>\n<\/div>\n\t\t\n<style>\n#text-908311008 {\n  text-align: left;\n}\n<\/style>\n\t<\/div>\n\t\n\n\t\t<\/div>\n\t\t\t\t\n<style>\n#col-1172214823 > .col-inner {\n  padding: 0px 0px 0px 0;\n}\n@media (min-width:550px) {\n  #col-1172214823 > .col-inner {\n    padding: 0px 0px 0px 0px;\n  }\n}\n<\/style>\n\t<\/div>\n\n\t\n\n\t<div id=\"col-276030538\" class=\"col medium-12 small-12 large-12\"  >\n\t\t\t\t<div class=\"col-inner\"  >\n\t\t\t\n\t\t\t\n\n\n  <div class=\"banner has-hover\" id=\"banner-962683807\">\n          <div class=\"banner-inner fill\">\n        <div class=\"banner-bg fill\" >\n            <img loading=\"lazy\" decoding=\"async\" width=\"1600\" height=\"1200\" src=\"https:\/\/static.formar.net\/wp-content\/uploads\/sites\/1\/2024\/07\/02110352\/Universal-Color-Mobile-420_AMBENTATA_4.jpg\" class=\"bg attachment-original size-original\" alt=\"\" \/>                                    \n                    <\/div>\n\t\t\n        <div class=\"banner-layers container\">\n            <div class=\"fill banner-link\"><\/div>            \n\n   <div id=\"text-box-2118414011\" class=\"text-box banner-layer x50 md-x50 lg-x50 y50 md-y50 lg-y50 res-text\">\n                                <div class=\"text-box-content text dark\">\n              \n              <div class=\"text-inner text-center\">\n                  \n\n\n              <\/div>\n           <\/div>\n                            \n<style>\n#text-box-2118414011 {\n  width: 60%;\n}\n#text-box-2118414011 .text-box-content {\n  font-size: 100%;\n}\n@media (min-width:550px) {\n  #text-box-2118414011 {\n    width: 60%;\n  }\n}\n<\/style>\n    <\/div>\n \n\n        <\/div>\n      <\/div>\n\n            \n<style>\n#banner-962683807 {\n  padding-top: 300px;\n  background-color: rgb(255, 255, 255);\n}\n#banner-962683807 .banner-bg img {\n  object-position: 52% 77%;\n}\n@media (min-width:550px) {\n  #banner-962683807 {\n    padding-top: 500px;\n  }\n}\n@media (min-width:850px) {\n  #banner-962683807 {\n    padding-top: 570px;\n  }\n}\n<\/style>\n  <\/div>\n\n\n\n\t\t<\/div>\n\t\t\t\t\n<style>\n#col-276030538 > .col-inner {\n  margin: -100px 0px 0px 0px;\n}\n@media (min-width:550px) {\n  #col-276030538 > .col-inner {\n    margin: -150px 0px 0px 0px;\n  }\n}\n@media (min-width:850px) {\n  #col-276030538 > .col-inner {\n    margin: 0px 0px 0px 0px;\n  }\n}\n<\/style>\n\t<\/div>\n\n\t\n\n<\/div>\n<div class=\"is-divider divider clearfix\" style=\"max-width:1000px;\"><\/div>\n\n\n","protected":false},"excerpt":{"rendered":"","protected":false},"author":5,"featured_media":0,"parent":0,"menu_order":0,"comment_status":"closed","ping_status":"closed","template":"","meta":{"_joinchat":[],"footnotes":""},"class_list":["post-49633","page","type-page","status-publish","hentry"],"yoast_head":"<!-- This site is optimized with the Yoast SEO plugin v27.4 - https:\/\/yoast.com\/product\/yoast-seo-wordpress\/ -->\n<title>Par mums - Formar.shop<\/title>\n<meta name=\"robots\" content=\"index, follow, max-snippet:-1, max-image-preview:large, max-video-preview:-1\" \/>\n<link rel=\"canonical\" href=\"https:\/\/formar.shop\/lv\/par-mums\/\" \/>\n<script type=\"application\/ld+json\" class=\"yoast-schema-graph\">{\"@context\":\"https:\\\/\\\/schema.org\",\"@graph\":[{\"@type\":\"WebPage\",\"@id\":\"https:\\\/\\\/formar.shop\\\/lv\\\/par-mums\\\/\",\"url\":\"https:\\\/\\\/formar.shop\\\/lv\\\/par-mums\\\/\",\"name\":\"Par mums - Formar.shop\",\"isPartOf\":{\"@id\":\"https:\\\/\\\/formar.shop\\\/lv\\\/#website\"},\"datePublished\":\"2025-01-19T07:54:38+00:00\",\"dateModified\":\"2025-11-18T11:06:01+00:00\",\"breadcrumb\":{\"@id\":\"https:\\\/\\\/formar.shop\\\/lv\\\/par-mums\\\/#breadcrumb\"},\"inLanguage\":\"lv-LV\",\"potentialAction\":[{\"@type\":\"ReadAction\",\"target\":[\"https:\\\/\\\/formar.shop\\\/lv\\\/par-mums\\\/\"]}]},{\"@type\":\"BreadcrumbList\",\"@id\":\"https:\\\/\\\/formar.shop\\\/lv\\\/par-mums\\\/#breadcrumb\",\"itemListElement\":[{\"@type\":\"ListItem\",\"position\":1,\"name\":\"Home\",\"item\":\"https:\\\/\\\/formar.shop\\\/lv\\\/automatiskais-projekts\\\/\"},{\"@type\":\"ListItem\",\"position\":2,\"name\":\"Par mums\"}]},{\"@type\":\"WebSite\",\"@id\":\"https:\\\/\\\/formar.shop\\\/lv\\\/#website\",\"url\":\"https:\\\/\\\/formar.shop\\\/lv\\\/\",\"name\":\"Formar.shop\",\"description\":\"Soluzioni espresse con stile\",\"potentialAction\":[{\"@type\":\"SearchAction\",\"target\":{\"@type\":\"EntryPoint\",\"urlTemplate\":\"https:\\\/\\\/formar.shop\\\/lv\\\/?s={search_term_string}\"},\"query-input\":{\"@type\":\"PropertyValueSpecification\",\"valueRequired\":true,\"valueName\":\"search_term_string\"}}],\"inLanguage\":\"lv-LV\"}]}<\/script>\n<!-- \/ Yoast SEO plugin. -->","yoast_head_json":{"title":"Par mums - Formar.shop","robots":{"index":"index","follow":"follow","max-snippet":"max-snippet:-1","max-image-preview":"max-image-preview:large","max-video-preview":"max-video-preview:-1"},"canonical":"https:\/\/formar.shop\/lv\/par-mums\/","schema":{"@context":"https:\/\/schema.org","@graph":[{"@type":"WebPage","@id":"https:\/\/formar.shop\/lv\/par-mums\/","url":"https:\/\/formar.shop\/lv\/par-mums\/","name":"Par mums - Formar.shop","isPartOf":{"@id":"https:\/\/formar.shop\/lv\/#website"},"datePublished":"2025-01-19T07:54:38+00:00","dateModified":"2025-11-18T11:06:01+00:00","breadcrumb":{"@id":"https:\/\/formar.shop\/lv\/par-mums\/#breadcrumb"},"inLanguage":"lv-LV","potentialAction":[{"@type":"ReadAction","target":["https:\/\/formar.shop\/lv\/par-mums\/"]}]},{"@type":"BreadcrumbList","@id":"https:\/\/formar.shop\/lv\/par-mums\/#breadcrumb","itemListElement":[{"@type":"ListItem","position":1,"name":"Home","item":"https:\/\/formar.shop\/lv\/automatiskais-projekts\/"},{"@type":"ListItem","position":2,"name":"Par mums"}]},{"@type":"WebSite","@id":"https:\/\/formar.shop\/lv\/#website","url":"https:\/\/formar.shop\/lv\/","name":"Formar.shop","description":"Soluzioni espresse con stile","potentialAction":[{"@type":"SearchAction","target":{"@type":"EntryPoint","urlTemplate":"https:\/\/formar.shop\/lv\/?s={search_term_string}"},"query-input":{"@type":"PropertyValueSpecification","valueRequired":true,"valueName":"search_term_string"}}],"inLanguage":"lv-LV"}]}},"_links":{"self":[{"href":"https:\/\/formar.shop\/lv\/wp-json\/wp\/v2\/pages\/49633","targetHints":{"allow":["GET"]}}],"collection":[{"href":"https:\/\/formar.shop\/lv\/wp-json\/wp\/v2\/pages"}],"about":[{"href":"https:\/\/formar.shop\/lv\/wp-json\/wp\/v2\/types\/page"}],"author":[{"embeddable":true,"href":"https:\/\/formar.shop\/lv\/wp-json\/wp\/v2\/users\/5"}],"replies":[{"embeddable":true,"href":"https:\/\/formar.shop\/lv\/wp-json\/wp\/v2\/comments?post=49633"}],"version-history":[{"count":9,"href":"https:\/\/formar.shop\/lv\/wp-json\/wp\/v2\/pages\/49633\/revisions"}],"predecessor-version":[{"id":61914,"href":"https:\/\/formar.shop\/lv\/wp-json\/wp\/v2\/pages\/49633\/revisions\/61914"}],"wp:attachment":[{"href":"https:\/\/formar.shop\/lv\/wp-json\/wp\/v2\/media?parent=49633"}],"curies":[{"name":"wp","href":"https:\/\/api.w.org\/{rel}","templated":true}]}}