{"id":49502,"date":"2025-01-19T08:53:29","date_gmt":"2025-01-19T07:53:29","guid":{"rendered":"https:\/\/formar.shop\/grozs\/"},"modified":"2025-01-19T08:53:30","modified_gmt":"2025-01-19T07:53:30","slug":"grozs","status":"publish","type":"page","link":"https:\/\/formar.shop\/lv\/grozs\/","title":{"rendered":"Grozs"},"content":{"rendered":"\n<div data-block-name=\"woocommerce\/cart\" class=\"wp-block-woocommerce-cart alignwide is-loading\">\n<div data-block-name=\"woocommerce\/filled-cart-block\" class=\"wp-block-woocommerce-filled-cart-block\">\n<div data-block-name=\"woocommerce\/cart-items-block\" class=\"wp-block-woocommerce-cart-items-block\">\n<div data-block-name=\"woocommerce\/cart-line-items-block\" class=\"wp-block-woocommerce-cart-line-items-block\"><\/div>\n\n\n\n<div data-block-name=\"woocommerce\/cart-cross-sells-block\" class=\"wp-block-woocommerce-cart-cross-sells-block\">\n<h2 class=\"wp-block-heading has-large-font-size\">J\u016bs var\u0113tu ar\u012b interes\u0113t&#8230;<\/h2>\n\n\n\n<div data-block-name=\"woocommerce\/cart-cross-sells-products-block\" class=\"wp-block-woocommerce-cart-cross-sells-products-block\"><\/div>\n<\/div>\n<\/div>\n\n\n\n<div data-block-name=\"woocommerce\/cart-totals-block\" class=\"wp-block-woocommerce-cart-totals-block\">\n<div data-block-name=\"woocommerce\/cart-order-summary-block\" class=\"wp-block-woocommerce-cart-order-summary-block\">\n<div data-block-name=\"woocommerce\/cart-order-summary-heading-block\" data-content=\"Grozs kop\u0101\" class=\"wp-block-woocommerce-cart-order-summary-heading-block\"><\/div>\n\n\n\n<div data-block-name=\"woocommerce\/cart-order-summary-coupon-form-block\" class=\"wp-block-woocommerce-cart-order-summary-coupon-form-block\"><\/div>\n\n\n\n<div data-block-name=\"woocommerce\/cart-order-summary-totals-block\" class=\"wp-block-woocommerce-cart-order-summary-totals-block\">\n<div data-block-name=\"woocommerce\/cart-order-summary-subtotal-block\" class=\"wp-block-woocommerce-cart-order-summary-subtotal-block\"><\/div>\n\n\n\n<div data-block-name=\"woocommerce\/cart-order-summary-fee-block\" class=\"wp-block-woocommerce-cart-order-summary-fee-block\"><\/div>\n\n\n\n<div data-block-name=\"woocommerce\/cart-order-summary-discount-block\" class=\"wp-block-woocommerce-cart-order-summary-discount-block\"><\/div>\n\n\n\n<div data-block-name=\"woocommerce\/cart-order-summary-shipping-block\" class=\"wp-block-woocommerce-cart-order-summary-shipping-block\"><\/div>\n\n\n\n<div data-block-name=\"woocommerce\/cart-order-summary-taxes-block\" class=\"wp-block-woocommerce-cart-order-summary-taxes-block\"><\/div>\n<\/div>\n<\/div>\n\n\n<div data-lock=\"{&quot;remove&quot;:true}\" data-ppcp-id=\"ppcp-34c4c46e-3a45-4e95-ab67-5b553bd991dd\" data-block-name=\"woocommerce-paypal-payments\/cart-paylater-messages\" data-pp-placement=\"cart\" data-pp-style-layout=\"text\" data-pp-style-logo-position=\"left\" data-pp-style-logo-type=\"inline\" data-pp-style-text-color=\"black\" data-pp-style-text-size=\"12\" id=\"ppcp-34c4c46e-3a45-4e95-ab67-5b553bd991dd\" class=\"ppcp-messages\" data-partner-attribution-id=\"Woo_PPCP\"><\/div>\n\n\n<div data-block-name=\"woocommerce\/cart-express-payment-block\" class=\"wp-block-woocommerce-cart-express-payment-block\"><\/div>\n\n\n\n<div data-block-name=\"woocommerce\/proceed-to-checkout-block\" class=\"wp-block-woocommerce-proceed-to-checkout-block\"><\/div>\n\n\n\n<div data-block-name=\"woocommerce\/cart-accepted-payment-methods-block\" class=\"wp-block-woocommerce-cart-accepted-payment-methods-block\"><\/div>\n<\/div>\n<\/div>\n\n\n\n<div data-block-name=\"woocommerce\/empty-cart-block\" class=\"wp-block-woocommerce-empty-cart-block\">\n<h2 class=\"wp-block-heading has-text-align-center with-empty-cart-icon wc-block-cart__empty-cart__title\">J\u016bsu iepirkumu grozs pa\u0161laik ir tuk\u0161s!<\/h2>\n\n\n\n<p class=\"has-text-align-center\"><a href=\"https:\/\/formar.shop\/shop\/\">P\u0101rl\u016bkojiet veikalu<\/a><\/p>\n\n\n\n<hr class=\"wp-block-separator has-alpha-channel-opacity is-style-dots\"\/>\n\n\n\n<h2 class=\"wp-block-heading has-text-align-center\">Jaunums veikal\u0101<\/h2>\n\n\n<div data-block-name=\"woocommerce\/product-new\" data-columns=\"4\" data-rows=\"1\" class=\"wc-block-grid wp-block-product-new wp-block-woocommerce-product-new wc-block-product-new has-4-columns\"><ul class=\"wc-block-grid__products\"><li class=\"wc-block-grid__product\"><span class=\"gtm4wp_productdata\" style=\"display:none; visibility:hidden;\" data-gtm4wp_product_data=\"{&quot;internal_id&quot;:48838,&quot;item_id&quot;:48838,&quot;item_name&quot;:&quot;Gr\\u0101matu skapis - Cube Table 02&quot;,&quot;sku&quot;:48838,&quot;price&quot;:58.2,&quot;stocklevel&quot;:20,&quot;stockstatus&quot;:&quot;instock&quot;,&quot;google_business_vertical&quot;:&quot;retail&quot;,&quot;item_category&quot;:&quot;Galdi un \\u017eurn\\u0101lu galdi\\u0146i&quot;,&quot;id&quot;:48838,&quot;productlink&quot;:&quot;https:\\\/\\\/formar.shop\\\/lv\\\/prodotto\\\/gramatu-skapis-cube-table-02\\\/&quot;,&quot;item_list_name&quot;:&quot;General Product List&quot;,&quot;index&quot;:0,&quot;product_type&quot;:&quot;variable&quot;,&quot;item_brand&quot;:&quot;&quot;}\"><\/span>\n\t\t\t\t<a href=\"https:\/\/formar.shop\/lv\/prodotto\/gramatu-skapis-cube-table-02\/\" class=\"wc-block-grid__product-link\">\n\t\t\t\t\t<div class=\"wc-block-grid__product-onsale\">\n\t\t\t<span aria-hidden=\"true\">Sale<\/span>\n\t\t\t<span class=\"screen-reader-text\">Product on sale<\/span>\n\t\t<\/div>\n\t\t\t\t\t<div class=\"wc-block-grid__product-image\"><img loading=\"lazy\" decoding=\"async\" width=\"247\" height=\"247\" src=\"https:\/\/static.formar.net\/wp-content\/uploads\/2020\/12\/22192450\/Immagini-di-prodotto-x-Amazon-46-1.png\" class=\"attachment-woocommerce_thumbnail size-woocommerce_thumbnail\" alt=\"Gr\u0101matu skapis - Cube Table 02\" \/><\/div>\n\t\t\t\t\t<div class=\"wc-block-grid__product-title\">Gr\u0101matu skapis &#8211; Cube Table 02<\/div>\n\t\t\t\t<\/a>\n\t\t\t\t<div class=\"wc-block-grid__product-price price\">A partire da <span class=\"woocommerce-Price-amount amount\">65,57<span class=\"woocommerce-Price-currencySymbol\">&euro;<\/span><\/span><\/div>\n\t\t\t\t\n\t\t\t\t<div class=\"wp-block-button wc-block-grid__product-add-to-cart\"><a href=\"https:\/\/formar.shop\/lv\/prodotto\/gramatu-skapis-cube-table-02\/\" aria-label=\"Select options for &ldquo;Gr\u0101matu skapis - Cube Table 02&rdquo;\" data-quantity=\"1\" data-product_id=\"48838\" data-product_sku=\"\" data-price=\"58.2\" rel=\"nofollow\" class=\"wp-block-button__link  add_to_cart_button\">Select options<\/a><\/div>\n\t\t\t<\/li><li class=\"wc-block-grid__product\"><span class=\"gtm4wp_productdata\" style=\"display:none; visibility:hidden;\" data-gtm4wp_product_data=\"{&quot;internal_id&quot;:48382,&quot;item_id&quot;:48382,&quot;item_name&quot;:&quot;Gr\\u0101matu skapis - Cube Table 01&quot;,&quot;sku&quot;:48382,&quot;price&quot;:43.44,&quot;stocklevel&quot;:68,&quot;stockstatus&quot;:&quot;instock&quot;,&quot;google_business_vertical&quot;:&quot;retail&quot;,&quot;item_category&quot;:&quot;Galdi un \\u017eurn\\u0101lu galdi\\u0146i&quot;,&quot;id&quot;:48382,&quot;productlink&quot;:&quot;https:\\\/\\\/formar.shop\\\/lv\\\/prodotto\\\/gramatu-skapis-cube-table-01\\\/&quot;,&quot;item_list_name&quot;:&quot;General Product List&quot;,&quot;index&quot;:0,&quot;product_type&quot;:&quot;variable&quot;,&quot;item_brand&quot;:&quot;&quot;}\"><\/span>\n\t\t\t\t<a href=\"https:\/\/formar.shop\/lv\/prodotto\/gramatu-skapis-cube-table-01\/\" class=\"wc-block-grid__product-link\">\n\t\t\t\t\t<div class=\"wc-block-grid__product-onsale\">\n\t\t\t<span aria-hidden=\"true\">Sale<\/span>\n\t\t\t<span class=\"screen-reader-text\">Product on sale<\/span>\n\t\t<\/div>\n\t\t\t\t\t<div class=\"wc-block-grid__product-image\"><img loading=\"lazy\" decoding=\"async\" width=\"247\" height=\"247\" src=\"https:\/\/static.formar.net\/wp-content\/uploads\/2020\/12\/22191323\/Immagini-di-prodotto-x-Amazon-41.png\" class=\"attachment-woocommerce_thumbnail size-woocommerce_thumbnail\" alt=\"Gr\u0101matu skapis - Cube Table 01\" \/><\/div>\n\t\t\t\t\t<div class=\"wc-block-grid__product-title\">Gr\u0101matu skapis &#8211; Cube Table 01<\/div>\n\t\t\t\t<\/a>\n\t\t\t\t<div class=\"wc-block-grid__product-price price\">A partire da <span class=\"woocommerce-Price-amount amount\">49,58<span class=\"woocommerce-Price-currencySymbol\">&euro;<\/span><\/span><\/div>\n\t\t\t\t\n\t\t\t\t<div class=\"wp-block-button wc-block-grid__product-add-to-cart\"><a href=\"https:\/\/formar.shop\/lv\/prodotto\/gramatu-skapis-cube-table-01\/\" aria-label=\"Select options for &ldquo;Gr\u0101matu skapis - Cube Table 01&rdquo;\" data-quantity=\"1\" data-product_id=\"48382\" data-product_sku=\"\" data-price=\"43.44\" rel=\"nofollow\" class=\"wp-block-button__link  add_to_cart_button\">Select options<\/a><\/div>\n\t\t\t<\/li><li class=\"wc-block-grid__product\"><span class=\"gtm4wp_productdata\" style=\"display:none; visibility:hidden;\" data-gtm4wp_product_data=\"{&quot;internal_id&quot;:48273,&quot;item_id&quot;:48273,&quot;item_name&quot;:&quot;Konsoles galds - Spider&quot;,&quot;sku&quot;:48273,&quot;price&quot;:216.8,&quot;stocklevel&quot;:27,&quot;stockstatus&quot;:&quot;instock&quot;,&quot;google_business_vertical&quot;:&quot;retail&quot;,&quot;item_category&quot;:&quot;S\\u0101kums&quot;,&quot;id&quot;:48273,&quot;productlink&quot;:&quot;https:\\\/\\\/formar.shop\\\/lv\\\/prodotto\\\/konsoles-galds-spider\\\/&quot;,&quot;item_list_name&quot;:&quot;General Product List&quot;,&quot;index&quot;:0,&quot;product_type&quot;:&quot;simple&quot;,&quot;item_brand&quot;:&quot;&quot;}\"><\/span>\n\t\t\t\t<a href=\"https:\/\/formar.shop\/lv\/prodotto\/konsoles-galds-spider\/\" class=\"wc-block-grid__product-link\">\n\t\t\t\t\t\n\t\t\t\t\t<div class=\"wc-block-grid__product-image\"><img loading=\"lazy\" decoding=\"async\" width=\"247\" height=\"247\" src=\"https:\/\/static.formar.net\/wp-content\/uploads\/2020\/12\/04172727\/Immagini-di-prodotto-x-Amazon-08.png\" class=\"attachment-woocommerce_thumbnail size-woocommerce_thumbnail\" alt=\"Konsoles galds - Spider\" \/><\/div>\n\t\t\t\t\t<div class=\"wc-block-grid__product-title\">Konsoles galds &#8211; Spider<\/div>\n\t\t\t\t<\/a>\n\t\t\t\t<div class=\"wc-block-grid__product-price price\"><span class=\"woocommerce-Price-amount amount\">216,80<span class=\"woocommerce-Price-currencySymbol\">&euro;<\/span><\/span> <small class=\"woocommerce-price-suffix\">(<span class=\"woocommerce-Price-amount amount\">216,80<span class=\"woocommerce-Price-currencySymbol\">&euro;<\/span><\/span> +iva)<\/small><\/div>\n\t\t\t\t\n\t\t\t\t<div class=\"wp-block-button wc-block-grid__product-add-to-cart\"><a href=\"\/lv\/wp-json\/wp\/v2\/pages\/49502?add-to-cart=48273\" aria-label=\"Add to cart: &ldquo;Konsoles galds - Spider&rdquo;\" data-quantity=\"1\" data-product_id=\"48273\" data-product_sku=\"\" data-price=\"216.8\" rel=\"nofollow\" class=\"wp-block-button__link  add_to_cart_button ajax_add_to_cart\">Add to cart<\/a><\/div>\n\t\t\t<\/li><li class=\"wc-block-grid__product\"><span class=\"gtm4wp_productdata\" style=\"display:none; visibility:hidden;\" data-gtm4wp_product_data=\"{&quot;internal_id&quot;:46865,&quot;item_id&quot;:46865,&quot;item_name&quot;:&quot;Uzglab\\u0101\\u0161anas plaukts - \\u0161\\u016bnu siena&quot;,&quot;sku&quot;:&quot;8056149750391&quot;,&quot;price&quot;:49.18,&quot;stocklevel&quot;:78,&quot;stockstatus&quot;:&quot;instock&quot;,&quot;google_business_vertical&quot;:&quot;retail&quot;,&quot;item_category&quot;:&quot;Plaukti un konteineri&quot;,&quot;id&quot;:46865,&quot;productlink&quot;:&quot;https:\\\/\\\/formar.shop\\\/lv\\\/prodotto\\\/uzglabasanas-plaukts-sunu-siena\\\/&quot;,&quot;item_list_name&quot;:&quot;General Product List&quot;,&quot;index&quot;:0,&quot;product_type&quot;:&quot;simple&quot;,&quot;item_brand&quot;:&quot;&quot;}\"><\/span>\n\t\t\t\t<a href=\"https:\/\/formar.shop\/lv\/prodotto\/uzglabasanas-plaukts-sunu-siena\/\" class=\"wc-block-grid__product-link\">\n\t\t\t\t\t\n\t\t\t\t\t<div class=\"wc-block-grid__product-image\"><img loading=\"lazy\" decoding=\"async\" width=\"247\" height=\"185\" src=\"https:\/\/static.formar.net\/wp-content\/uploads\/2020\/12\/19150623\/campus.png\" class=\"attachment-woocommerce_thumbnail size-woocommerce_thumbnail\" alt=\"Uzglab\u0101\u0161anas plaukts - \u0161\u016bnu siena\" \/><\/div>\n\t\t\t\t\t<div class=\"wc-block-grid__product-title\">Uzglab\u0101\u0161anas plaukts &#8211; \u0161\u016bnu siena<\/div>\n\t\t\t\t<\/a>\n\t\t\t\t<div class=\"wc-block-grid__product-price price\"><span class=\"woocommerce-Price-amount amount\">49,18<span class=\"woocommerce-Price-currencySymbol\">&euro;<\/span><\/span> <small class=\"woocommerce-price-suffix\">(<span class=\"woocommerce-Price-amount amount\">49,18<span class=\"woocommerce-Price-currencySymbol\">&euro;<\/span><\/span> +iva)<\/small><\/div>\n\t\t\t\t\n\t\t\t\t<div class=\"wp-block-button wc-block-grid__product-add-to-cart\"><a href=\"\/lv\/wp-json\/wp\/v2\/pages\/49502?add-to-cart=46865\" aria-label=\"Add to cart: &ldquo;Uzglab\u0101\u0161anas plaukts - \u0161\u016bnu siena&rdquo;\" data-quantity=\"1\" data-product_id=\"46865\" data-product_sku=\"8056149750391\" data-price=\"49.18\" rel=\"nofollow\" class=\"wp-block-button__link  add_to_cart_button ajax_add_to_cart\">Add to cart<\/a><\/div>\n\t\t\t<\/li><\/ul><\/div><\/div>\n<\/div>\n","protected":false},"excerpt":{"rendered":"","protected":false},"author":1,"featured_media":0,"parent":0,"menu_order":0,"comment_status":"closed","ping_status":"closed","template":"","meta":{"_joinchat":[],"footnotes":""},"class_list":["post-49502","page","type-page","status-publish","hentry"],"yoast_head":"<!-- This site is optimized with the Yoast SEO plugin v27.3 - https:\/\/yoast.com\/product\/yoast-seo-wordpress\/ -->\n<title>Grozs - Formar.shop<\/title>\n<meta name=\"robots\" content=\"index, follow, max-snippet:-1, max-image-preview:large, max-video-preview:-1\" \/>\n<link rel=\"canonical\" href=\"https:\/\/formar.shop\/lv\/grozs\/\" \/>\n<script type=\"application\/ld+json\" class=\"yoast-schema-graph\">{\"@context\":\"https:\\\/\\\/schema.org\",\"@graph\":[{\"@type\":\"WebPage\",\"@id\":\"https:\\\/\\\/formar.shop\\\/lv\\\/grozs\\\/\",\"url\":\"https:\\\/\\\/formar.shop\\\/lv\\\/grozs\\\/\",\"name\":\"Grozs - Formar.shop\",\"isPartOf\":{\"@id\":\"https:\\\/\\\/formar.shop\\\/lv\\\/#website\"},\"datePublished\":\"2025-01-19T07:53:29+00:00\",\"dateModified\":\"2025-01-19T07:53:30+00:00\",\"breadcrumb\":{\"@id\":\"https:\\\/\\\/formar.shop\\\/lv\\\/grozs\\\/#breadcrumb\"},\"inLanguage\":\"lv-LV\",\"potentialAction\":[{\"@type\":\"ReadAction\",\"target\":[\"https:\\\/\\\/formar.shop\\\/lv\\\/grozs\\\/\"]}]},{\"@type\":\"BreadcrumbList\",\"@id\":\"https:\\\/\\\/formar.shop\\\/lv\\\/grozs\\\/#breadcrumb\",\"itemListElement\":[{\"@type\":\"ListItem\",\"position\":1,\"name\":\"Home\",\"item\":\"https:\\\/\\\/formar.shop\\\/lv\\\/automatiskais-projekts\\\/\"},{\"@type\":\"ListItem\",\"position\":2,\"name\":\"Grozs\"}]},{\"@type\":\"WebSite\",\"@id\":\"https:\\\/\\\/formar.shop\\\/lv\\\/#website\",\"url\":\"https:\\\/\\\/formar.shop\\\/lv\\\/\",\"name\":\"Formar.shop\",\"description\":\"Soluzioni espresse con stile\",\"potentialAction\":[{\"@type\":\"SearchAction\",\"target\":{\"@type\":\"EntryPoint\",\"urlTemplate\":\"https:\\\/\\\/formar.shop\\\/lv\\\/?s={search_term_string}\"},\"query-input\":{\"@type\":\"PropertyValueSpecification\",\"valueRequired\":true,\"valueName\":\"search_term_string\"}}],\"inLanguage\":\"lv-LV\"}]}<\/script>\n<!-- \/ Yoast SEO plugin. -->","yoast_head_json":{"title":"Grozs - Formar.shop","robots":{"index":"index","follow":"follow","max-snippet":"max-snippet:-1","max-image-preview":"max-image-preview:large","max-video-preview":"max-video-preview:-1"},"canonical":"https:\/\/formar.shop\/lv\/grozs\/","schema":{"@context":"https:\/\/schema.org","@graph":[{"@type":"WebPage","@id":"https:\/\/formar.shop\/lv\/grozs\/","url":"https:\/\/formar.shop\/lv\/grozs\/","name":"Grozs - Formar.shop","isPartOf":{"@id":"https:\/\/formar.shop\/lv\/#website"},"datePublished":"2025-01-19T07:53:29+00:00","dateModified":"2025-01-19T07:53:30+00:00","breadcrumb":{"@id":"https:\/\/formar.shop\/lv\/grozs\/#breadcrumb"},"inLanguage":"lv-LV","potentialAction":[{"@type":"ReadAction","target":["https:\/\/formar.shop\/lv\/grozs\/"]}]},{"@type":"BreadcrumbList","@id":"https:\/\/formar.shop\/lv\/grozs\/#breadcrumb","itemListElement":[{"@type":"ListItem","position":1,"name":"Home","item":"https:\/\/formar.shop\/lv\/automatiskais-projekts\/"},{"@type":"ListItem","position":2,"name":"Grozs"}]},{"@type":"WebSite","@id":"https:\/\/formar.shop\/lv\/#website","url":"https:\/\/formar.shop\/lv\/","name":"Formar.shop","description":"Soluzioni espresse con stile","potentialAction":[{"@type":"SearchAction","target":{"@type":"EntryPoint","urlTemplate":"https:\/\/formar.shop\/lv\/?s={search_term_string}"},"query-input":{"@type":"PropertyValueSpecification","valueRequired":true,"valueName":"search_term_string"}}],"inLanguage":"lv-LV"}]}},"_links":{"self":[{"href":"https:\/\/formar.shop\/lv\/wp-json\/wp\/v2\/pages\/49502","targetHints":{"allow":["GET"]}}],"collection":[{"href":"https:\/\/formar.shop\/lv\/wp-json\/wp\/v2\/pages"}],"about":[{"href":"https:\/\/formar.shop\/lv\/wp-json\/wp\/v2\/types\/page"}],"author":[{"embeddable":true,"href":"https:\/\/formar.shop\/lv\/wp-json\/wp\/v2\/users\/1"}],"replies":[{"embeddable":true,"href":"https:\/\/formar.shop\/lv\/wp-json\/wp\/v2\/comments?post=49502"}],"version-history":[{"count":1,"href":"https:\/\/formar.shop\/lv\/wp-json\/wp\/v2\/pages\/49502\/revisions"}],"predecessor-version":[{"id":49505,"href":"https:\/\/formar.shop\/lv\/wp-json\/wp\/v2\/pages\/49502\/revisions\/49505"}],"wp:attachment":[{"href":"https:\/\/formar.shop\/lv\/wp-json\/wp\/v2\/media?parent=49502"}],"curies":[{"name":"wp","href":"https:\/\/api.w.org\/{rel}","templated":true}]}}