{"id":49452,"date":"2025-01-19T08:53:26","date_gmt":"2025-01-19T07:53:26","guid":{"rendered":"https:\/\/formar.shop\/pasutijuma-pienemsana-ko-darit\/"},"modified":"2025-01-19T08:53:28","modified_gmt":"2025-01-19T07:53:28","slug":"pasutijuma-pienemsana-ko-darit","status":"publish","type":"page","link":"https:\/\/formar.shop\/lv\/pasutijuma-pienemsana-ko-darit\/","title":{"rendered":"PAS\u016aT\u012aJUMA PIE\u0145EM\u0160ANA: ko dar\u012bt?"},"content":{"rendered":"<p>Cien\u012bjamais klients,<\/p>\n<p>Lai nodro\u0161in\u0101tu, ka j\u016bsu pirkums tiek nog\u0101d\u0101ts nevainojam\u0101 st\u0101vokl\u012b, m\u0113s vienm\u0113r esam izmantoju\u0161i profesion\u0101lu kurjeru pakalpojumus. Tom\u0113r da\u017ek\u0101rt var gad\u012bties, ka pas\u016bt\u012bt\u0101s pre\u010du pakas vai pakas netiek nog\u0101d\u0101tas s\u0101kotn\u0113j\u0101 st\u0101vokl\u012b un netiek apstr\u0101d\u0101tas ar t\u0101du pa\u0161u r\u016bp\u012bbu, k\u0101du parasti izmantojam m\u0113s. \u0160\u012b iemesla d\u0113\u013c m\u0113s l\u016bdzam j\u016bs uzreiz iepaz\u012bties ar turpm\u0101k sniegto atg\u0101din\u0101jumu:<\/p>\n<ul>\n<li><span style=\"background-color: #ffff00;\">Vienm\u0113r p\u0101rbaudiet, vai sa\u0146emto iepakojumu skaits atbilst p\u0101rvad\u0101juma dokument\u0101 nor\u0101d\u012btajam iepakojumu skaitam.<\/span><\/li>\n<li><span style=\"background-color: #ffff00;\">Vienm\u0113r p\u0101rbaudiet iepakojuma nevainojam\u012bbu, neatkar\u012bgi no t\u0101, vai tas ir palete vai va\u013c\u0113js iepakojums<\/span>.<\/li>\n<\/ul>\n<p><strong><span style=\"color: #ed1c24; font-size: 120%;\"><em>Kvantitat\u012bvas vai kvalitat\u012bvas novirzes gad\u012bjum\u0101 pieg\u0101de tiks pie\u0146emta tikai tad, ja kv\u012bt\u012b tiks ierakst\u012bti \u0161\u0101di dati:<\/em><\/span><\/strong><\/p>\n<p style=\"text-align: center;\"><span style=\"background-color: #ffff00;\">SPECIFIC RESERVE\u00b9 un konstat\u0113to neatbilst\u012bbu apraksts.<\/span><br \/><span style=\"background-color: #ffff00;\">konstat\u0113to neatbilst\u012bbu izcel\u0161ana uz POD\/palmare<\/span><\/p>\n<p>(N.B. Visp\u0101r\u012bgas atrunas, piem\u0113ram, &#8220;neatbilst\u012bgas preces&#8221; vai &#8220;kontroles rezerve&#8221;, netiek uzskat\u012btas par der\u012bg\u0101m).<\/p>\n<p><strong><em>Nekav\u0113joties pazi\u0146ojiet mums pa e-pastu (shop@formar-contract.it), nor\u0101dot pieg\u0101des neatbilst\u012bbu, un pievienojiet kurjera izsniegt\u0101s kv\u012bts fotoatt\u0113lu, kur\u0101 nor\u0101d\u012bta \u012bpa\u0161\u0101 rezerv\u0101cija, ko esat parakst\u012bjis.<\/em><\/strong><\/p>\n<p><span style=\"background-color: #ffff00;\"><strong><span style=\"font-size: 105%; background-color: #ffff00;\">I M P O R T A N T !!!<\/span><\/strong><\/span><\/p>\n<p><span style=\"color: #ed1c24;\">Parakstiet ar <span style=\"font-size: 95%;\"><strong>\u012apa\u0161a rezerv\u0101cija<\/strong><\/span> noz\u012bm\u0113, ka sa\u0146\u0113m\u0113js patur ties\u012bbas p\u0101rbaud\u012bt pre\u010du nevainojam\u012bbu, ar iesp\u0113ju v\u0113rsties pret p\u0101rvad\u0101t\u0101ju, ja t\u0101s ir boj\u0101tas.<\/span><\/p>\n<p>\u00b9 <strong><em>Noklik\u0161\u0137iniet uz zem\u0101k redzam\u0101s pogas, un j\u016bs atrad\u012bsiet pdf, kur\u0101 par\u0101d\u012bts, k\u0101 ievietot formul\u0113jumu \u012apa\u0161\u0101 rezerve un visp\u0101r\u012bgs neatbilst\u012bbas apraksts.<\/em><\/strong><\/p>\n<p>Paldies par sadarb\u012bbu un pieejam\u012bbu!<br \/>Formar Contract Srl komanda<\/p>\n<a href=\"https:\/\/formar.shop\/wp-content\/uploads\/2022\/04\/riserva-di-controllo-Formar-Shop.pdf\" target=\"_blank\" class=\"button primary\" rel=\"noopener\" style=\"border-radius:10px;\">\n\t\t<span>Rezerv\u0113t Specific_Pod<\/span>\n\t<i class=\"icon-user\" aria-hidden=\"true\"><\/i><\/a>\n\n","protected":false},"excerpt":{"rendered":"<p>Cien\u012bjamais klients, Lai nodro\u0161in\u0101tu, ka j\u016bsu pirkums tiek nog\u0101d\u0101ts nevainojam\u0101 st\u0101vokl\u012b, m\u0113s vienm\u0113r esam izmantoju\u0161i profesion\u0101lu kurjeru pakalpojumus. Tom\u0113r da\u017ek\u0101rt var gad\u012bties, ka pas\u016bt\u012bt\u0101s pre\u010du pakas vai pakas netiek nog\u0101d\u0101tas s\u0101kotn\u0113j\u0101 st\u0101vokl\u012b un netiek apstr\u0101d\u0101tas ar t\u0101du pa\u0161u r\u016bp\u012bbu, k\u0101du parasti izmantojam m\u0113s. \u0160\u012b iemesla d\u0113\u013c m\u0113s l\u016bdzam j\u016bs uzreiz iepaz\u012bties ar turpm\u0101k sniegto atg\u0101din\u0101jumu: [&#8230;]\n","protected":false},"author":175,"featured_media":0,"parent":0,"menu_order":0,"comment_status":"closed","ping_status":"closed","template":"","meta":{"_joinchat":[],"footnotes":""},"class_list":["post-49452","page","type-page","status-publish","hentry"],"yoast_head":"<!-- This site is optimized with the Yoast SEO plugin v27.3 - https:\/\/yoast.com\/product\/yoast-seo-wordpress\/ -->\n<title>PAS\u016aT\u012aJUMA PIE\u0145EM\u0160ANA: ko dar\u012bt? - Formar.shop<\/title>\n<meta name=\"robots\" content=\"index, follow, max-snippet:-1, max-image-preview:large, max-video-preview:-1\" \/>\n<link rel=\"canonical\" href=\"https:\/\/formar.shop\/lv\/pasutijuma-pienemsana-ko-darit\/\" \/>\n<script type=\"application\/ld+json\" class=\"yoast-schema-graph\">{\"@context\":\"https:\\\/\\\/schema.org\",\"@graph\":[{\"@type\":\"WebPage\",\"@id\":\"https:\\\/\\\/formar.shop\\\/lv\\\/pasutijuma-pienemsana-ko-darit\\\/\",\"url\":\"https:\\\/\\\/formar.shop\\\/lv\\\/pasutijuma-pienemsana-ko-darit\\\/\",\"name\":\"PAS\u016aT\u012aJUMA PIE\u0145EM\u0160ANA: ko dar\u012bt? - Formar.shop\",\"isPartOf\":{\"@id\":\"https:\\\/\\\/formar.shop\\\/lv\\\/#website\"},\"datePublished\":\"2025-01-19T07:53:26+00:00\",\"dateModified\":\"2025-01-19T07:53:28+00:00\",\"breadcrumb\":{\"@id\":\"https:\\\/\\\/formar.shop\\\/lv\\\/pasutijuma-pienemsana-ko-darit\\\/#breadcrumb\"},\"inLanguage\":\"lv-LV\",\"potentialAction\":[{\"@type\":\"ReadAction\",\"target\":[\"https:\\\/\\\/formar.shop\\\/lv\\\/pasutijuma-pienemsana-ko-darit\\\/\"]}]},{\"@type\":\"BreadcrumbList\",\"@id\":\"https:\\\/\\\/formar.shop\\\/lv\\\/pasutijuma-pienemsana-ko-darit\\\/#breadcrumb\",\"itemListElement\":[{\"@type\":\"ListItem\",\"position\":1,\"name\":\"Home\",\"item\":\"https:\\\/\\\/formar.shop\\\/lv\\\/automatiskais-projekts\\\/\"},{\"@type\":\"ListItem\",\"position\":2,\"name\":\"PAS\u016aT\u012aJUMA PIE\u0145EM\u0160ANA: ko dar\u012bt?\"}]},{\"@type\":\"WebSite\",\"@id\":\"https:\\\/\\\/formar.shop\\\/lv\\\/#website\",\"url\":\"https:\\\/\\\/formar.shop\\\/lv\\\/\",\"name\":\"Formar.shop\",\"description\":\"Soluzioni espresse con stile\",\"potentialAction\":[{\"@type\":\"SearchAction\",\"target\":{\"@type\":\"EntryPoint\",\"urlTemplate\":\"https:\\\/\\\/formar.shop\\\/lv\\\/?s={search_term_string}\"},\"query-input\":{\"@type\":\"PropertyValueSpecification\",\"valueRequired\":true,\"valueName\":\"search_term_string\"}}],\"inLanguage\":\"lv-LV\"}]}<\/script>\n<!-- \/ Yoast SEO plugin. -->","yoast_head_json":{"title":"PAS\u016aT\u012aJUMA PIE\u0145EM\u0160ANA: ko dar\u012bt? - Formar.shop","robots":{"index":"index","follow":"follow","max-snippet":"max-snippet:-1","max-image-preview":"max-image-preview:large","max-video-preview":"max-video-preview:-1"},"canonical":"https:\/\/formar.shop\/lv\/pasutijuma-pienemsana-ko-darit\/","schema":{"@context":"https:\/\/schema.org","@graph":[{"@type":"WebPage","@id":"https:\/\/formar.shop\/lv\/pasutijuma-pienemsana-ko-darit\/","url":"https:\/\/formar.shop\/lv\/pasutijuma-pienemsana-ko-darit\/","name":"PAS\u016aT\u012aJUMA PIE\u0145EM\u0160ANA: ko dar\u012bt? - Formar.shop","isPartOf":{"@id":"https:\/\/formar.shop\/lv\/#website"},"datePublished":"2025-01-19T07:53:26+00:00","dateModified":"2025-01-19T07:53:28+00:00","breadcrumb":{"@id":"https:\/\/formar.shop\/lv\/pasutijuma-pienemsana-ko-darit\/#breadcrumb"},"inLanguage":"lv-LV","potentialAction":[{"@type":"ReadAction","target":["https:\/\/formar.shop\/lv\/pasutijuma-pienemsana-ko-darit\/"]}]},{"@type":"BreadcrumbList","@id":"https:\/\/formar.shop\/lv\/pasutijuma-pienemsana-ko-darit\/#breadcrumb","itemListElement":[{"@type":"ListItem","position":1,"name":"Home","item":"https:\/\/formar.shop\/lv\/automatiskais-projekts\/"},{"@type":"ListItem","position":2,"name":"PAS\u016aT\u012aJUMA PIE\u0145EM\u0160ANA: ko dar\u012bt?"}]},{"@type":"WebSite","@id":"https:\/\/formar.shop\/lv\/#website","url":"https:\/\/formar.shop\/lv\/","name":"Formar.shop","description":"Soluzioni espresse con stile","potentialAction":[{"@type":"SearchAction","target":{"@type":"EntryPoint","urlTemplate":"https:\/\/formar.shop\/lv\/?s={search_term_string}"},"query-input":{"@type":"PropertyValueSpecification","valueRequired":true,"valueName":"search_term_string"}}],"inLanguage":"lv-LV"}]}},"_links":{"self":[{"href":"https:\/\/formar.shop\/lv\/wp-json\/wp\/v2\/pages\/49452","targetHints":{"allow":["GET"]}}],"collection":[{"href":"https:\/\/formar.shop\/lv\/wp-json\/wp\/v2\/pages"}],"about":[{"href":"https:\/\/formar.shop\/lv\/wp-json\/wp\/v2\/types\/page"}],"author":[{"embeddable":true,"href":"https:\/\/formar.shop\/lv\/wp-json\/wp\/v2\/users\/175"}],"replies":[{"embeddable":true,"href":"https:\/\/formar.shop\/lv\/wp-json\/wp\/v2\/comments?post=49452"}],"version-history":[{"count":7,"href":"https:\/\/formar.shop\/lv\/wp-json\/wp\/v2\/pages\/49452\/revisions"}],"predecessor-version":[{"id":49498,"href":"https:\/\/formar.shop\/lv\/wp-json\/wp\/v2\/pages\/49452\/revisions\/49498"}],"wp:attachment":[{"href":"https:\/\/formar.shop\/lv\/wp-json\/wp\/v2\/media?parent=49452"}],"curies":[{"name":"wp","href":"https:\/\/api.w.org\/{rel}","templated":true}]}}