{"id":48660,"date":"2025-01-18T21:41:23","date_gmt":"2025-01-18T20:41:23","guid":{"rendered":"https:\/\/formar.shop\/sazinieties-ar-mums\/"},"modified":"2025-11-18T12:05:40","modified_gmt":"2025-11-18T11:05:40","slug":"sazinieties-ar-mums","status":"publish","type":"page","link":"https:\/\/formar.shop\/lv\/sazinieties-ar-mums\/","title":{"rendered":"Sazinieties ar mums"},"content":{"rendered":"\n\t<div id=\"text-1344393114\" class=\"text\">\n\t\t\n\n<h3><span style=\"color: #6e6e6e;\"><strong><span style=\"font-size: 140%;\">SAZINIETIES AR MUMS<\/span><\/strong><\/span><\/h3>\n\t\t\n<style>\n#text-1344393114 {\n  color: #484646;\n}\n#text-1344393114 > * {\n  color: #484646;\n}\n<\/style>\n\t<\/div>\n\t\n<div class=\"row\"  id=\"row-1414345527\">\n\n\n\t<div id=\"col-1200735238\" class=\"col small-12 large-12\"  >\n\t\t\t\t<div class=\"col-inner\"  >\n\t\t\t\n\t\t\t\n\n\n\t\t<\/div>\n\t\t\t\t\n<style>\n#col-1200735238 > .col-inner {\n  padding: 0px 30px 0px 0px;\n}\n<\/style>\n\t<\/div>\n\n\t\n\n<\/div>\n<div class=\"row row-large\" style=\"max-width:1400px\" id=\"row-475295299\">\n\n\n\t<div id=\"col-2043091672\" class=\"col small-12 large-12\"  >\n\t\t\t\t<div class=\"col-inner\" style=\"background-color:rgb(255, 255, 255);\" >\n\t\t\t\n\t\t\t\n\n<div class=\"row row-collapse row-full-width\"  id=\"row-1445901789\">\n\n\n\t<div id=\"col-1460548605\" class=\"col medium-12 small-12 large-6\"  >\n\t\t\t\t<div class=\"col-inner\"  >\n\t\t\t\n\t\t\t\n\n<h2><span style=\"font-size: 120%; color: #595959;\">M\u016bsu kontaktinform\u0101cija<\/span><\/h2>\n<p>&nbsp;<\/p>\n\t<div id=\"gap-807931862\" class=\"gap-element clearfix\" style=\"display:block; height:auto;\">\n\t\t\n<style>\n#gap-807931862 {\n  padding-top: 20px;\n}\n@media (min-width:550px) {\n  #gap-807931862 {\n    padding-top: 20px;\n  }\n}\n@media (min-width:850px) {\n  #gap-807931862 {\n    padding-top: 30px;\n  }\n}\n<\/style>\n\t<\/div>\n\t\n\n<div class=\"row\"  id=\"row-1916978523\">\n\n\n\t<div id=\"col-885480120\" class=\"col medium-6 small-12 large-6\"  >\n\t\t\t\t<div class=\"col-inner\"  >\n\t\t\t\n\t\t\t\n\n\t<div class=\"img has-hover x md-x lg-x y md-y lg-y\" id=\"image_1286307409\">\n\t\t\t\t\t\t\t\t<div class=\"img-inner dark\" >\n\t\t\t<img loading=\"lazy\" decoding=\"async\" width=\"240\" height=\"240\" src=\"https:\/\/static.formar.net\/wp-content\/uploads\/2022\/05\/20173629\/map-pin-2-fill-2.png\" class=\"attachment-large size-large\" alt=\"\" srcset=\"https:\/\/static.formar.net\/wp-content\/uploads\/2022\/05\/20173629\/map-pin-2-fill-2.png 240w, https:\/\/static.formar.net\/wp-content\/uploads\/2022\/05\/20173629\/map-pin-2-fill-2-100x100.png 100w, https:\/\/static.formar.net\/wp-content\/uploads\/2022\/05\/20173629\/map-pin-2-fill-2-80x80.png 80w\" sizes=\"auto, (max-width: 240px) 100vw, 240px\" \/>\t\t\t\t\t\t\n\t\t\t\t\t<\/div>\n\t\t\t\t\t\t\t\t\n<style>\n#image_1286307409 {\n  width: 15%;\n}\n@media (min-width:550px) {\n  #image_1286307409 {\n    width: 20%;\n  }\n}\n<\/style>\n\t<\/div>\n\t\n\n<h3 class=\"uppercase\"><span style=\"color: #595959;\">Adrese<\/span><\/h3>\n<p>Via del Consorzio 44<br>60015 Falconara M.ma (AN)<br>It\u0101lija<\/p>\n\n\t\t<\/div>\n\t\t\t\t\t<\/div>\n\n\t\n\n\t<div id=\"col-1685768935\" class=\"col medium-5 small-12 large-6\"  >\n\t\t\t\t<div class=\"col-inner\"  >\n\t\t\t\n\t\t\t\n\n\t<div class=\"img has-hover x md-x lg-x y md-y lg-y\" id=\"image_1449286494\">\n\t\t\t\t\t\t\t\t<div class=\"img-inner dark\" >\n\t\t\t<img loading=\"lazy\" decoding=\"async\" width=\"240\" height=\"240\" src=\"https:\/\/static.formar.net\/wp-content\/uploads\/2022\/05\/20173629\/time-fill.png\" class=\"attachment-large size-large\" alt=\"\" srcset=\"https:\/\/static.formar.net\/wp-content\/uploads\/2022\/05\/20173629\/time-fill.png 240w, https:\/\/static.formar.net\/wp-content\/uploads\/2022\/05\/20173629\/time-fill-100x100.png 100w, https:\/\/static.formar.net\/wp-content\/uploads\/2022\/05\/20173629\/time-fill-80x80.png 80w\" sizes=\"auto, (max-width: 240px) 100vw, 240px\" \/>\t\t\t\t\t\t\n\t\t\t\t\t<\/div>\n\t\t\t\t\t\t\t\t\n<style>\n#image_1449286494 {\n  width: 15%;\n}\n@media (min-width:550px) {\n  #image_1449286494 {\n    width: 20%;\n  }\n}\n<\/style>\n\t<\/div>\n\t\n\n<h3 class=\"uppercase\"><span style=\"color: #595959;\">Grafiks<\/span><\/h3>\n<p>Pirmd. \/ Piektd.: plkst. 9.00\u201318.00<br>Sestdiena: sl\u0113gts<br>Sv\u0113tdiena: sl\u0113gts<\/p>\n\n\t\t<\/div>\n\t\t\t\t\t<\/div>\n\n\t\n\n<\/div>\n<div class=\"row\"  id=\"row-207266486\">\n\n\n\t<div id=\"col-105337544\" class=\"col medium-6 small-12 large-6\"  >\n\t\t\t\t<div class=\"col-inner\"  >\n\t\t\t\n\t\t\t\n\n\t<div class=\"img has-hover x md-x lg-x y md-y lg-y\" id=\"image_1202469699\">\n\t\t\t\t\t\t\t\t<div class=\"img-inner dark\" >\n\t\t\t<img loading=\"lazy\" decoding=\"async\" width=\"240\" height=\"240\" src=\"https:\/\/static.formar.net\/wp-content\/uploads\/2022\/05\/20173628\/mail-open-fill.png\" class=\"attachment-large size-large\" alt=\"\" srcset=\"https:\/\/static.formar.net\/wp-content\/uploads\/2022\/05\/20173628\/mail-open-fill.png 240w, https:\/\/static.formar.net\/wp-content\/uploads\/2022\/05\/20173628\/mail-open-fill-100x100.png 100w, https:\/\/static.formar.net\/wp-content\/uploads\/2022\/05\/20173628\/mail-open-fill-80x80.png 80w\" sizes=\"auto, (max-width: 240px) 100vw, 240px\" \/>\t\t\t\t\t\t\n\t\t\t\t\t<\/div>\n\t\t\t\t\t\t\t\t\n<style>\n#image_1202469699 {\n  width: 15%;\n}\n@media (min-width:550px) {\n  #image_1202469699 {\n    width: 20%;\n  }\n}\n<\/style>\n\t<\/div>\n\t\n\n<h3 class=\"uppercase\"><span style=\"color: #595959;\">E-pasts<\/span><\/h3>\n<p style=\"text-align: left;\">Komercijas birojs: <a href=\"mailto:info@formar.shop\">info@formar.shop<\/a><br>E-komercija: <a href=\"mailto:shop@formar.shop\">shop@formar.shop<\/a><\/p>\n\n\t\t<\/div>\n\t\t\t\t\t<\/div>\n\n\t\n\n\t<div id=\"col-374852178\" class=\"col medium-6 small-12 large-6\"  >\n\t\t\t\t<div class=\"col-inner\"  >\n\t\t\t\n\t\t\t\n\n\t<div class=\"img has-hover x md-x lg-x y md-y lg-y\" id=\"image_1307399906\">\n\t\t\t\t\t\t\t\t<div class=\"img-inner dark\" >\n\t\t\t<img loading=\"lazy\" decoding=\"async\" width=\"240\" height=\"240\" src=\"https:\/\/static.formar.net\/wp-content\/uploads\/2022\/05\/20173628\/phone-fill.png\" class=\"attachment-large size-large\" alt=\"\" srcset=\"https:\/\/static.formar.net\/wp-content\/uploads\/2022\/05\/20173628\/phone-fill.png 240w, https:\/\/static.formar.net\/wp-content\/uploads\/2022\/05\/20173628\/phone-fill-100x100.png 100w, https:\/\/static.formar.net\/wp-content\/uploads\/2022\/05\/20173628\/phone-fill-80x80.png 80w\" sizes=\"auto, (max-width: 240px) 100vw, 240px\" \/>\t\t\t\t\t\t\n\t\t\t\t\t<\/div>\n\t\t\t\t\t\t\t\t\n<style>\n#image_1307399906 {\n  width: 15%;\n}\n@media (min-width:550px) {\n  #image_1307399906 {\n    width: 20%;\n  }\n}\n<\/style>\n\t<\/div>\n\t\n\n<h3 class=\"uppercase\"><span style=\"color: #595959;\">t\u0101lrunis<\/span><\/h3>\n<p><span style=\"color: #00a859;\">Bezmaksas t\u0101lrunis<\/span> <span style=\"color: #00a859;\"><a href=\"tel:+39800%2012.22.67\">800122267<\/a><\/span><br>T\u0101lr. <a href=\"tel:+390715906063\">071 590.60.63<\/a><\/p>\n\n\t\t<\/div>\n\t\t\t\t\t<\/div>\n\n\t\n\n<\/div>\n\n\t\t<\/div>\n\t\t\t\t\n<style>\n#col-1460548605 > .col-inner {\n  padding: 0px 0px 0px 20px;\n}\n<\/style>\n\t<\/div>\n\n\t\n\n\t<div id=\"col-1765044490\" class=\"col medium-12 small-12 large-6\"  >\n\t\t\t\t<div class=\"col-inner\"  >\n\t\t\t\n\t\t\t\n\n<h2><span style=\"font-size: 120%; color: #595959;\">Vai v\u0113laties mums uzdot jaut\u0101jumu?<\/span><\/h2>\n\t<div id=\"gap-1790426295\" class=\"gap-element clearfix\" style=\"display:block; height:auto;\">\n\t\t\n<style>\n#gap-1790426295 {\n  padding-top: 20px;\n}\n@media (min-width:550px) {\n  #gap-1790426295 {\n    padding-top: 20px;\n  }\n}\n@media (min-width:850px) {\n  #gap-1790426295 {\n    padding-top: 30px;\n  }\n}\n<\/style>\n\t<\/div>\n\t\n\n<p class=\"wpcf7-contact-form-not-found\"><strong>Error:<\/strong> Contact form not found.<\/p>\n\n\n\t\t<\/div>\n\t\t\t\t\t<\/div>\n\n\t\n\n\n<style>\n#row-1445901789 > .col > .col-inner {\n  padding: 0px 15px 0px 15px;\n}\n<\/style>\n<\/div>\n\n\t\t<\/div>\n\t\t\t\t\n<style>\n#col-2043091672 > .col-inner {\n  padding: 50px 20px 0px 20px;\n  margin: -0 0px 0px 0px;\n}\n@media (min-width:550px) {\n  #col-2043091672 > .col-inner {\n    padding: 50px 20px 30px 20px;\n    margin: 0 0px 0px 0px;\n  }\n}\n@media (min-width:850px) {\n  #col-2043091672 > .col-inner {\n    padding: 66px 5% 16px 5%;\n    margin: -135px 0px 0px 0px;\n  }\n}\n<\/style>\n\t<\/div>\n\n\t\n\n<\/div>\n\n","protected":false},"excerpt":{"rendered":"","protected":false},"author":5,"featured_media":0,"parent":0,"menu_order":0,"comment_status":"closed","ping_status":"closed","template":"","meta":{"_joinchat":[],"footnotes":""},"class_list":["post-48660","page","type-page","status-publish","hentry"],"yoast_head":"<!-- This site is optimized with the Yoast SEO plugin v27.3 - https:\/\/yoast.com\/product\/yoast-seo-wordpress\/ -->\n<title>Sazinieties ar mums - Formar.shop<\/title>\n<meta name=\"robots\" content=\"index, follow, max-snippet:-1, max-image-preview:large, max-video-preview:-1\" \/>\n<link rel=\"canonical\" href=\"https:\/\/formar.shop\/lv\/sazinieties-ar-mums\/\" \/>\n<script type=\"application\/ld+json\" class=\"yoast-schema-graph\">{\"@context\":\"https:\\\/\\\/schema.org\",\"@graph\":[{\"@type\":\"WebPage\",\"@id\":\"https:\\\/\\\/formar.shop\\\/lv\\\/sazinieties-ar-mums\\\/\",\"url\":\"https:\\\/\\\/formar.shop\\\/lv\\\/sazinieties-ar-mums\\\/\",\"name\":\"Sazinieties ar mums - Formar.shop\",\"isPartOf\":{\"@id\":\"https:\\\/\\\/formar.shop\\\/lv\\\/#website\"},\"datePublished\":\"2025-01-18T20:41:23+00:00\",\"dateModified\":\"2025-11-18T11:05:40+00:00\",\"breadcrumb\":{\"@id\":\"https:\\\/\\\/formar.shop\\\/lv\\\/sazinieties-ar-mums\\\/#breadcrumb\"},\"inLanguage\":\"lv-LV\",\"potentialAction\":[{\"@type\":\"ReadAction\",\"target\":[\"https:\\\/\\\/formar.shop\\\/lv\\\/sazinieties-ar-mums\\\/\"]}]},{\"@type\":\"BreadcrumbList\",\"@id\":\"https:\\\/\\\/formar.shop\\\/lv\\\/sazinieties-ar-mums\\\/#breadcrumb\",\"itemListElement\":[{\"@type\":\"ListItem\",\"position\":1,\"name\":\"Home\",\"item\":\"https:\\\/\\\/formar.shop\\\/lv\\\/automatiskais-projekts\\\/\"},{\"@type\":\"ListItem\",\"position\":2,\"name\":\"Sazinieties ar mums\"}]},{\"@type\":\"WebSite\",\"@id\":\"https:\\\/\\\/formar.shop\\\/lv\\\/#website\",\"url\":\"https:\\\/\\\/formar.shop\\\/lv\\\/\",\"name\":\"Formar.shop\",\"description\":\"Soluzioni espresse con stile\",\"potentialAction\":[{\"@type\":\"SearchAction\",\"target\":{\"@type\":\"EntryPoint\",\"urlTemplate\":\"https:\\\/\\\/formar.shop\\\/lv\\\/?s={search_term_string}\"},\"query-input\":{\"@type\":\"PropertyValueSpecification\",\"valueRequired\":true,\"valueName\":\"search_term_string\"}}],\"inLanguage\":\"lv-LV\"}]}<\/script>\n<!-- \/ Yoast SEO plugin. -->","yoast_head_json":{"title":"Sazinieties ar mums - Formar.shop","robots":{"index":"index","follow":"follow","max-snippet":"max-snippet:-1","max-image-preview":"max-image-preview:large","max-video-preview":"max-video-preview:-1"},"canonical":"https:\/\/formar.shop\/lv\/sazinieties-ar-mums\/","schema":{"@context":"https:\/\/schema.org","@graph":[{"@type":"WebPage","@id":"https:\/\/formar.shop\/lv\/sazinieties-ar-mums\/","url":"https:\/\/formar.shop\/lv\/sazinieties-ar-mums\/","name":"Sazinieties ar mums - Formar.shop","isPartOf":{"@id":"https:\/\/formar.shop\/lv\/#website"},"datePublished":"2025-01-18T20:41:23+00:00","dateModified":"2025-11-18T11:05:40+00:00","breadcrumb":{"@id":"https:\/\/formar.shop\/lv\/sazinieties-ar-mums\/#breadcrumb"},"inLanguage":"lv-LV","potentialAction":[{"@type":"ReadAction","target":["https:\/\/formar.shop\/lv\/sazinieties-ar-mums\/"]}]},{"@type":"BreadcrumbList","@id":"https:\/\/formar.shop\/lv\/sazinieties-ar-mums\/#breadcrumb","itemListElement":[{"@type":"ListItem","position":1,"name":"Home","item":"https:\/\/formar.shop\/lv\/automatiskais-projekts\/"},{"@type":"ListItem","position":2,"name":"Sazinieties ar mums"}]},{"@type":"WebSite","@id":"https:\/\/formar.shop\/lv\/#website","url":"https:\/\/formar.shop\/lv\/","name":"Formar.shop","description":"Soluzioni espresse con stile","potentialAction":[{"@type":"SearchAction","target":{"@type":"EntryPoint","urlTemplate":"https:\/\/formar.shop\/lv\/?s={search_term_string}"},"query-input":{"@type":"PropertyValueSpecification","valueRequired":true,"valueName":"search_term_string"}}],"inLanguage":"lv-LV"}]}},"_links":{"self":[{"href":"https:\/\/formar.shop\/lv\/wp-json\/wp\/v2\/pages\/48660","targetHints":{"allow":["GET"]}}],"collection":[{"href":"https:\/\/formar.shop\/lv\/wp-json\/wp\/v2\/pages"}],"about":[{"href":"https:\/\/formar.shop\/lv\/wp-json\/wp\/v2\/types\/page"}],"author":[{"embeddable":true,"href":"https:\/\/formar.shop\/lv\/wp-json\/wp\/v2\/users\/5"}],"replies":[{"embeddable":true,"href":"https:\/\/formar.shop\/lv\/wp-json\/wp\/v2\/comments?post=48660"}],"version-history":[{"count":9,"href":"https:\/\/formar.shop\/lv\/wp-json\/wp\/v2\/pages\/48660\/revisions"}],"predecessor-version":[{"id":61900,"href":"https:\/\/formar.shop\/lv\/wp-json\/wp\/v2\/pages\/48660\/revisions\/61900"}],"wp:attachment":[{"href":"https:\/\/formar.shop\/lv\/wp-json\/wp\/v2\/media?parent=48660"}],"curies":[{"name":"wp","href":"https:\/\/api.w.org\/{rel}","templated":true}]}}