{"id":48499,"date":"2025-01-18T21:40:17","date_gmt":"2025-01-18T20:40:17","guid":{"rendered":"https:\/\/formar.shop\/atgriesanas-noteikumi\/"},"modified":"2025-11-18T10:46:13","modified_gmt":"2025-11-18T09:46:13","slug":"atgriesanas-noteikumi","status":"publish","type":"page","link":"https:\/\/formar.shop\/lv\/atgriesanas-noteikumi\/","title":{"rendered":"ATGRIE\u0160ANAS NOTEIKUMI"},"content":{"rendered":"\n<h3><span style=\"font-size: 140%;\"><strong>ATGRIE\u0160ANA UN ATBALSTS<\/strong><\/span><\/h3>\n<p> <\/p>\n<p><span style=\"font-size: 110%;\"><strong>Nopirkt\u0101s preces ir iesp\u0113jams atgriezt vienk\u0101r\u0161\u0101 un \u0101tr\u0101 proced\u016br\u0101.<\/strong><\/span><\/p>\n<p>Saska\u0146\u0101 ar <em>Eiropas Direkt\u012bvu 2011\/83, kas It\u0101lij\u0101 ieviesta ar 2013. gada 3. decembra dekr\u0113tu<\/em>, pirc\u0113js var atteikties no pirkuma l\u012bguma, oblig\u0101ti nenor\u0101dot atgrie\u0161an\u0101s iemeslu.<\/p>\n<p>Pirc\u0113js, kas v\u0113las izmantot atteikuma ties\u012bbas, <strong>14 darba dienu laik\u0101<\/strong> no pieg\u0101des dienas par savu nodomu inform\u0113 Formar Contract ierakst\u012bt\u0101 v\u0113stul\u0113 ar pazi\u0146ojumu par sa\u0146em\u0161anu vai ar <strong>Pec<\/strong>, pievienojot transporta dokumentu kopiju, uz turpm\u0101k nor\u0101d\u012btaj\u0101m adres\u0113m.<\/p>\n<p><span style=\"font-size: 110%;\"><strong>Atpaka\u013cnos\u016bt\u012b\u0161anas izmaksas ir piln\u012bb\u0101 atkar\u012bgas no c<\/strong><strong>ari no klienta.<\/strong><\/span><\/p>\n<p>No br\u012b\u017ea, kad Formar Contract b\u016bs pie\u0146\u0113mis atgrie\u0161anas piepras\u012bjumu, pirc\u0113jam b\u016bs <strong>14 kalend\u0101r\u0101s dienas, lai nos\u016bt\u012btu atpaka\u013c preci<\/strong>. P\u0113c \u0161\u012b termi\u0146a beig\u0101m pirc\u0113js vairs nevar\u0113s izmantot atteikuma ties\u012bbas. <\/p>\n<p>P\u0113c tam, kad no operatora ir sa\u0146emta atgrie\u0161anas at\u013cauja, pirc\u0113js produktu nos\u016bta uz \u0161\u0101du adresi.<\/p>\n<p style=\"text-align: center;\"><span style=\"color: #000000;\"><strong>Formar Contract Srl<\/strong><\/span><\/p>\n<p style=\"text-align: center;\"><span style=\"color: #000000;\"><strong>Via del Consorzio 44<\/strong><\/span><\/p>\n<p style=\"text-align: center;\"><span style=\"color: #000000;\"><strong>60015 | Falconara Marittima (AN)<\/strong><\/span><\/p>\n<p style=\"text-align: center;\"><span style=\"color: #000000;\"><strong>info@pec.formar-contract.it<\/strong><\/span><\/p>\n<p>Formar Contract veiks<strong> naudas atmaksu ar bankas p\u0101rskait\u012bjumu 14 darba dienu laik\u0101 p\u0113c<\/strong> atgriezt\u0101s preces sa\u0146em\u0161anas.<\/p>\n<p>Atteikuma ties\u012bbas piln\u012bb\u0101 zaud\u0113 sp\u0113ku, ja atgriezt\u0101 prece nav neskarta, t. i., tai nav ori\u0123in\u0101l\u0101 \u0101r\u0113j\u0101 un iek\u0161\u0113j\u0101 iepakojuma, t\u0101 ir boj\u0101ta vai pat da\u013c\u0113ji izmantota.<\/p>\n<p> <\/p>\n<p style=\"text-align: left;\"><strong>M\u016bsu klientu apkalpo\u0161anas dienests ir j\u016bsu r\u012bc\u012bb\u0101.  <\/strong><\/p>\n<p style=\"text-align: left;\">Ja jums ir k\u0101di jaut\u0101jumi vai v\u0113laties sa\u0146emt cenu pied\u0101v\u0101jumu, nekautr\u0113jieties ar mums sazin\u0101ties! M\u016bsu profesion\u0101\u013ci atbild\u0113s uz j\u016bsu jaut\u0101jumiem par m\u016bsu pakalpojumiem: biroja m\u0113be\u013cu projekt\u0113\u0161anu, izgatavo\u0161anu, pieg\u0101di un uzst\u0101d\u012b\u0161anu.<\/p>\n<div class=\"row align-center\"  id=\"row-477920894\">\n\n\n\t<div id=\"col-1142765118\" class=\"col small-12 large-12\"  >\n\t\t\t\t<div class=\"col-inner text-center\" style=\"background-color:rgb(244, 244, 244);\" >\n\t\t\t\n\t\t\t\n\n<h3>Joproj\u0101m ir jaut\u0101jumi?<\/h3>\n<p>Sazinieties ar mums, lai uzzin\u0101tu vair\u0101k.<\/p>\n<a href=\"https:\/\/formar.shop\/lv\/sazinieties-ar-mums\/\" class=\"button primary\" >\n\t\t<span>Sazinieties ar mums<\/span>\n\t<\/a>\n\n\n\n\t\t<\/div>\n\t\t\t\t\t<\/div>\n\n\t\n\n\n<style>\n#row-477920894 > .col > .col-inner {\n  padding: 40px 20px 40px 20px;\n  background-color: rgb(244, 244, 244);\n}\n@media (min-width:550px) {\n  #row-477920894 > .col > .col-inner {\n    padding: 40px 40px 40px 40px;\n  }\n}\n<\/style>\n<\/div>\n\n","protected":false},"excerpt":{"rendered":"","protected":false},"author":175,"featured_media":0,"parent":0,"menu_order":0,"comment_status":"closed","ping_status":"closed","template":"","meta":{"_joinchat":[],"footnotes":""},"class_list":["post-48499","page","type-page","status-publish","hentry"],"yoast_head":"<!-- This site is optimized with the Yoast SEO plugin v27.3 - https:\/\/yoast.com\/product\/yoast-seo-wordpress\/ -->\n<title>ATGRIE\u0160ANAS NOTEIKUMI - Formar.shop<\/title>\n<meta name=\"robots\" content=\"index, follow, max-snippet:-1, max-image-preview:large, max-video-preview:-1\" \/>\n<link rel=\"canonical\" href=\"https:\/\/formar.shop\/lv\/atgriesanas-noteikumi\/\" \/>\n<script type=\"application\/ld+json\" class=\"yoast-schema-graph\">{\"@context\":\"https:\\\/\\\/schema.org\",\"@graph\":[{\"@type\":\"WebPage\",\"@id\":\"https:\\\/\\\/formar.shop\\\/lv\\\/atgriesanas-noteikumi\\\/\",\"url\":\"https:\\\/\\\/formar.shop\\\/lv\\\/atgriesanas-noteikumi\\\/\",\"name\":\"ATGRIE\u0160ANAS NOTEIKUMI - Formar.shop\",\"isPartOf\":{\"@id\":\"https:\\\/\\\/formar.shop\\\/lv\\\/#website\"},\"datePublished\":\"2025-01-18T20:40:17+00:00\",\"dateModified\":\"2025-11-18T09:46:13+00:00\",\"breadcrumb\":{\"@id\":\"https:\\\/\\\/formar.shop\\\/lv\\\/atgriesanas-noteikumi\\\/#breadcrumb\"},\"inLanguage\":\"lv-LV\",\"potentialAction\":[{\"@type\":\"ReadAction\",\"target\":[\"https:\\\/\\\/formar.shop\\\/lv\\\/atgriesanas-noteikumi\\\/\"]}]},{\"@type\":\"BreadcrumbList\",\"@id\":\"https:\\\/\\\/formar.shop\\\/lv\\\/atgriesanas-noteikumi\\\/#breadcrumb\",\"itemListElement\":[{\"@type\":\"ListItem\",\"position\":1,\"name\":\"Home\",\"item\":\"https:\\\/\\\/formar.shop\\\/lv\\\/automatiskais-projekts\\\/\"},{\"@type\":\"ListItem\",\"position\":2,\"name\":\"ATGRIE\u0160ANAS NOTEIKUMI\"}]},{\"@type\":\"WebSite\",\"@id\":\"https:\\\/\\\/formar.shop\\\/lv\\\/#website\",\"url\":\"https:\\\/\\\/formar.shop\\\/lv\\\/\",\"name\":\"Formar.shop\",\"description\":\"Soluzioni espresse con stile\",\"potentialAction\":[{\"@type\":\"SearchAction\",\"target\":{\"@type\":\"EntryPoint\",\"urlTemplate\":\"https:\\\/\\\/formar.shop\\\/lv\\\/?s={search_term_string}\"},\"query-input\":{\"@type\":\"PropertyValueSpecification\",\"valueRequired\":true,\"valueName\":\"search_term_string\"}}],\"inLanguage\":\"lv-LV\"}]}<\/script>\n<!-- \/ Yoast SEO plugin. -->","yoast_head_json":{"title":"ATGRIE\u0160ANAS NOTEIKUMI - Formar.shop","robots":{"index":"index","follow":"follow","max-snippet":"max-snippet:-1","max-image-preview":"max-image-preview:large","max-video-preview":"max-video-preview:-1"},"canonical":"https:\/\/formar.shop\/lv\/atgriesanas-noteikumi\/","schema":{"@context":"https:\/\/schema.org","@graph":[{"@type":"WebPage","@id":"https:\/\/formar.shop\/lv\/atgriesanas-noteikumi\/","url":"https:\/\/formar.shop\/lv\/atgriesanas-noteikumi\/","name":"ATGRIE\u0160ANAS NOTEIKUMI - Formar.shop","isPartOf":{"@id":"https:\/\/formar.shop\/lv\/#website"},"datePublished":"2025-01-18T20:40:17+00:00","dateModified":"2025-11-18T09:46:13+00:00","breadcrumb":{"@id":"https:\/\/formar.shop\/lv\/atgriesanas-noteikumi\/#breadcrumb"},"inLanguage":"lv-LV","potentialAction":[{"@type":"ReadAction","target":["https:\/\/formar.shop\/lv\/atgriesanas-noteikumi\/"]}]},{"@type":"BreadcrumbList","@id":"https:\/\/formar.shop\/lv\/atgriesanas-noteikumi\/#breadcrumb","itemListElement":[{"@type":"ListItem","position":1,"name":"Home","item":"https:\/\/formar.shop\/lv\/automatiskais-projekts\/"},{"@type":"ListItem","position":2,"name":"ATGRIE\u0160ANAS NOTEIKUMI"}]},{"@type":"WebSite","@id":"https:\/\/formar.shop\/lv\/#website","url":"https:\/\/formar.shop\/lv\/","name":"Formar.shop","description":"Soluzioni espresse con stile","potentialAction":[{"@type":"SearchAction","target":{"@type":"EntryPoint","urlTemplate":"https:\/\/formar.shop\/lv\/?s={search_term_string}"},"query-input":{"@type":"PropertyValueSpecification","valueRequired":true,"valueName":"search_term_string"}}],"inLanguage":"lv-LV"}]}},"_links":{"self":[{"href":"https:\/\/formar.shop\/lv\/wp-json\/wp\/v2\/pages\/48499","targetHints":{"allow":["GET"]}}],"collection":[{"href":"https:\/\/formar.shop\/lv\/wp-json\/wp\/v2\/pages"}],"about":[{"href":"https:\/\/formar.shop\/lv\/wp-json\/wp\/v2\/types\/page"}],"author":[{"embeddable":true,"href":"https:\/\/formar.shop\/lv\/wp-json\/wp\/v2\/users\/175"}],"replies":[{"embeddable":true,"href":"https:\/\/formar.shop\/lv\/wp-json\/wp\/v2\/comments?post=48499"}],"version-history":[{"count":7,"href":"https:\/\/formar.shop\/lv\/wp-json\/wp\/v2\/pages\/48499\/revisions"}],"predecessor-version":[{"id":61836,"href":"https:\/\/formar.shop\/lv\/wp-json\/wp\/v2\/pages\/48499\/revisions\/61836"}],"wp:attachment":[{"href":"https:\/\/formar.shop\/lv\/wp-json\/wp\/v2\/media?parent=48499"}],"curies":[{"name":"wp","href":"https:\/\/api.w.org\/{rel}","templated":true}]}}