{"id":48467,"date":"2025-01-18T21:40:03","date_gmt":"2025-01-18T20:40:03","guid":{"rendered":"https:\/\/formar.shop\/izmaksas-un-piegades-metodes\/"},"modified":"2025-01-18T21:40:10","modified_gmt":"2025-01-18T20:40:10","slug":"izmaksas-un-piegades-metodes","status":"publish","type":"page","link":"https:\/\/formar.shop\/lv\/izmaksas-un-piegades-metodes\/","title":{"rendered":"IZMAKSAS UN PIEG\u0100DES METODES"},"content":{"rendered":"\n  <div class=\"banner has-hover\" id=\"banner-1755038778\">\n          <div class=\"banner-inner fill\">\n        <div class=\"banner-bg fill\" >\n                                                \n                    <\/div>\n\t\t\n        <div class=\"banner-layers container\">\n            <div class=\"fill banner-link\"><\/div>            \n   <div id=\"text-box-1594416659\" class=\"text-box banner-layer x50 md-x50 lg-x50 y50 md-y50 lg-y50 res-text\">\n                     <div data-animate=\"flipInY\">           <div class=\"text-box-content text dark\">\n              \n              <div class=\"text-inner text-center\">\n                  \n<h3 style=\"text-align: center;\"><strong><span style=\"font-size: 115%; color: #000000;\"><em>I costi di spedizioni sono sempre gratuiti e inclusi per ogni tuo acquisto !<\/em><\/span><\/strong><\/h3>\n<div class=\"is-divider divider clearfix\" ><\/div>\n\t<div id=\"text-1740283055\" class=\"text\">\n\t\t\n<h1 class=\"h-large uppercase\"><strong><span style=\"font-size: 180%;\">NULLES PIEG\u0100DES IZMAKSAS!<\/span><\/strong><\/h1>\n\t\t\n<style>\n#text-1740283055 {\n  font-size: 0.8rem;\n  line-height: 2.05;\n  color: rgb(0,0,0);\n}\n#text-1740283055 > * {\n  color: rgb(0,0,0);\n}\n<\/style>\n\t<\/div>\n\t\n              <\/div>\n           <\/div>\n       <\/div>                     \n<style>\n#text-box-1594416659 {\n  width: 67%;\n}\n#text-box-1594416659 .text-box-content {\n  font-size: 100%;\n}\n<\/style>\n    <\/div>\n \n        <\/div>\n      <\/div>\n\n            \n<style>\n#banner-1755038778 {\n  padding-top: 400px;\n}\n<\/style>\n  <\/div>\n\n\n<h4><span style=\"font-size: 110%;\"><strong><span style=\"font-size: 140%; color: #50b848;\"><span style=\"color: #808080;\">RE\u0122ISTR\u0100CIJA<\/span>  <\/span>    <\/strong><\/span><\/h4>\n<p>P\u0113c re\u0123istr\u0101cijas, kas aiz\u0146em tikai da\u017eus vienk\u0101r\u0161us so\u013cus, jaunajam klientam ir pieejams iek\u0161\u0113jais vad\u012bbas panelis, kur\u0101 vi\u0146\u0161 var ievad\u012bt savu pieg\u0101des adresi, \u013caujot sist\u0113mai to saglab\u0101t atmi\u0146\u0101, lai pa\u0101trin\u0101tu n\u0101kamo pirkumu, k\u0101 ar\u012b p\u0101rvald\u012bt iepirkumu grozu un produktu sal\u012bdzin\u0101\u0161anas iesp\u0113ju. Izv\u0113l\u0113ties v\u0113lamo produktu, izm\u0113ru un kr\u0101su un, izv\u0113loties v\u0113lamo daudzumu, pievienot to iepirkumu grozam. Kad v\u0113laties turpin\u0101t pirkumu, ieejiet groz\u0101, vispirms piesakoties, ja esat re\u0123istr\u0113jies, un turpiniet pas\u016bt\u012bjumu. Izv\u0113l\u0113tos produktus jebkur\u0101 laik\u0101 varat main\u012bt vai iz\u0146emt no iepirkumu groza.  <\/p>\n<h4><strong><span style=\"font-size: 110%;\"><span style=\"color: #808080;\"><span style=\"font-size: 140%;\">PAS\u016aT\u012aT<\/span> <\/span>                        <\/span><\/strong><\/h4>\n<p style=\"text-align: left;\">Kad esat izv\u0113l\u0113jies visus produktus, kurus v\u0113laties ieg\u0101d\u0101ties, veiciet pas\u016bt\u012bjumu. Ja jums ir atjaunin\u0101ts konts ar datiem un pieg\u0101des adresi, pirk\u0161anas process b\u016bs \u0101tr\u0101ks.<br \/>Pret\u0113j\u0101 gad\u012bjum\u0101 ievadiet nepiecie\u0161amos datus un turpiniet pas\u016bt\u012bjumu. Pas\u016bt\u012bjums tiks apstr\u0101d\u0101ts tikai p\u0113c tam, kad b\u016bs sa\u0146emts maks\u0101jums par produktu, atkar\u012bb\u0101 no izv\u0113l\u0113t\u0101s maks\u0101juma metodes.  <\/p>\n<\/p>\n<h2 style=\"text-align: center;\"><span style=\"color: #808080;\"><strong>M\u016bsu pieg\u0101des partneri:<\/strong><\/span><\/h2>\n<\/p>\n<p><img loading=\"lazy\" decoding=\"async\" class=\"aligncenter wp-image-12578\" src=\"https:\/\/formar.shop\/wp-content\/uploads\/2022\/05\/brt.jpg\" alt=\"\" width=\"300\" height=\"163\" data-wp-pid=\"12578\"><\/p>\n<\/p>\n<p style=\"text-align: center;\"><img loading=\"lazy\" decoding=\"async\" class=\"\" src=\"https:\/\/s3-eu-west-1.amazonaws.com\/tpd\/logos\/5ea7e22c7a4aa40001deb02c\/0x0.png\" alt=\"FERCAM Group | Las\u012bt fercam.com pakalpojumu atsauksmes\" width=\"303\" height=\"313\"><\/p>\n<\/p>\n<p style=\"text-align: center;\"><span style=\"color: #000000;\"><strong><em>P\u0101rs\u016bt\u012b\u0161anas a\u0123enta izv\u0113li autom\u0101tiski veic m\u016bsu sist\u0113ma, <\/em><\/strong><\/span><strong><em><span style=\"color: #000000;\">lai garant\u0113tu maksim\u0101lu pieg\u0101des \u0101trumu!<\/span><\/em><\/strong><\/p>\n<\/p>\n<p style=\"text-align: center;\">\n<p>M\u016bsu klientu apkalpo\u0161anas dienests ir j\u016bsu r\u012bc\u012bb\u0101. Lai sa\u0146emtu jebk\u0101du inform\u0101ciju vai piepras\u012btu cenu pied\u0101v\u0101jumu, l\u016bdzu, sazinieties ar mums! M\u016bsu speci\u0101listi atbild\u0113s uz j\u016bsu jaut\u0101jumiem par m\u016bsu pakalpojumiem.<\/p>\n<a href=\"https:\/\/formar.shop\/contattaci\/\" class=\"button primary box-shadow-1 lowercase expand\" style=\"border-radius:10px;\">\n\t\t<span>Sazinieties ar mums !<\/span>\n\t<\/a>\n\n","protected":false},"excerpt":{"rendered":"<p>RE\u0122ISTR\u0100CIJA P\u0113c re\u0123istr\u0101cijas, kas aiz\u0146em tikai da\u017eus vienk\u0101r\u0161us so\u013cus, jaunajam klientam ir pieejams iek\u0161\u0113jais vad\u012bbas panelis, kur\u0101 vi\u0146\u0161 var ievad\u012bt savu pieg\u0101des adresi, \u013caujot sist\u0113mai to saglab\u0101t atmi\u0146\u0101, lai pa\u0101trin\u0101tu n\u0101kamo pirkumu, k\u0101 ar\u012b p\u0101rvald\u012bt iepirkumu grozu un produktu sal\u012bdzin\u0101\u0161anas iesp\u0113ju. Izv\u0113l\u0113ties v\u0113lamo produktu, izm\u0113ru un kr\u0101su un, izv\u0113loties v\u0113lamo daudzumu, pievienot to iepirkumu grozam. [&#8230;]\n","protected":false},"author":175,"featured_media":0,"parent":0,"menu_order":0,"comment_status":"closed","ping_status":"closed","template":"","meta":{"_joinchat":[],"footnotes":""},"class_list":["post-48467","page","type-page","status-publish","hentry"],"yoast_head":"<!-- This site is optimized with the Yoast SEO plugin v27.5 - https:\/\/yoast.com\/product\/yoast-seo-wordpress\/ -->\n<title>IZMAKSAS UN PIEG\u0100DES METODES - Formar.shop<\/title>\n<meta name=\"robots\" content=\"index, follow, max-snippet:-1, max-image-preview:large, max-video-preview:-1\" \/>\n<link rel=\"canonical\" href=\"https:\/\/formar.shop\/lv\/izmaksas-un-piegades-metodes\/\" \/>\n<script type=\"application\/ld+json\" class=\"yoast-schema-graph\">{\"@context\":\"https:\\\/\\\/schema.org\",\"@graph\":[{\"@type\":\"WebPage\",\"@id\":\"https:\\\/\\\/formar.shop\\\/lv\\\/izmaksas-un-piegades-metodes\\\/\",\"url\":\"https:\\\/\\\/formar.shop\\\/lv\\\/izmaksas-un-piegades-metodes\\\/\",\"name\":\"IZMAKSAS UN PIEG\u0100DES METODES - Formar.shop\",\"isPartOf\":{\"@id\":\"https:\\\/\\\/formar.shop\\\/lv\\\/#website\"},\"primaryImageOfPage\":{\"@id\":\"https:\\\/\\\/formar.shop\\\/lv\\\/izmaksas-un-piegades-metodes\\\/#primaryimage\"},\"image\":{\"@id\":\"https:\\\/\\\/formar.shop\\\/lv\\\/izmaksas-un-piegades-metodes\\\/#primaryimage\"},\"thumbnailUrl\":\"https:\\\/\\\/formar.shop\\\/wp-content\\\/uploads\\\/2022\\\/05\\\/brt.jpg\",\"datePublished\":\"2025-01-18T20:40:03+00:00\",\"dateModified\":\"2025-01-18T20:40:10+00:00\",\"breadcrumb\":{\"@id\":\"https:\\\/\\\/formar.shop\\\/lv\\\/izmaksas-un-piegades-metodes\\\/#breadcrumb\"},\"inLanguage\":\"lv-LV\",\"potentialAction\":[{\"@type\":\"ReadAction\",\"target\":[\"https:\\\/\\\/formar.shop\\\/lv\\\/izmaksas-un-piegades-metodes\\\/\"]}]},{\"@type\":\"ImageObject\",\"inLanguage\":\"lv-LV\",\"@id\":\"https:\\\/\\\/formar.shop\\\/lv\\\/izmaksas-un-piegades-metodes\\\/#primaryimage\",\"url\":\"https:\\\/\\\/formar.shop\\\/wp-content\\\/uploads\\\/2022\\\/05\\\/brt.jpg\",\"contentUrl\":\"https:\\\/\\\/formar.shop\\\/wp-content\\\/uploads\\\/2022\\\/05\\\/brt.jpg\"},{\"@type\":\"BreadcrumbList\",\"@id\":\"https:\\\/\\\/formar.shop\\\/lv\\\/izmaksas-un-piegades-metodes\\\/#breadcrumb\",\"itemListElement\":[{\"@type\":\"ListItem\",\"position\":1,\"name\":\"Home\",\"item\":\"https:\\\/\\\/formar.shop\\\/lv\\\/automatiskais-projekts\\\/\"},{\"@type\":\"ListItem\",\"position\":2,\"name\":\"IZMAKSAS UN PIEG\u0100DES METODES\"}]},{\"@type\":\"WebSite\",\"@id\":\"https:\\\/\\\/formar.shop\\\/lv\\\/#website\",\"url\":\"https:\\\/\\\/formar.shop\\\/lv\\\/\",\"name\":\"Formar.shop\",\"description\":\"Soluzioni espresse con stile\",\"potentialAction\":[{\"@type\":\"SearchAction\",\"target\":{\"@type\":\"EntryPoint\",\"urlTemplate\":\"https:\\\/\\\/formar.shop\\\/lv\\\/?s={search_term_string}\"},\"query-input\":{\"@type\":\"PropertyValueSpecification\",\"valueRequired\":true,\"valueName\":\"search_term_string\"}}],\"inLanguage\":\"lv-LV\"}]}<\/script>\n<!-- \/ Yoast SEO plugin. -->","yoast_head_json":{"title":"IZMAKSAS UN PIEG\u0100DES METODES - Formar.shop","robots":{"index":"index","follow":"follow","max-snippet":"max-snippet:-1","max-image-preview":"max-image-preview:large","max-video-preview":"max-video-preview:-1"},"canonical":"https:\/\/formar.shop\/lv\/izmaksas-un-piegades-metodes\/","schema":{"@context":"https:\/\/schema.org","@graph":[{"@type":"WebPage","@id":"https:\/\/formar.shop\/lv\/izmaksas-un-piegades-metodes\/","url":"https:\/\/formar.shop\/lv\/izmaksas-un-piegades-metodes\/","name":"IZMAKSAS UN PIEG\u0100DES METODES - Formar.shop","isPartOf":{"@id":"https:\/\/formar.shop\/lv\/#website"},"primaryImageOfPage":{"@id":"https:\/\/formar.shop\/lv\/izmaksas-un-piegades-metodes\/#primaryimage"},"image":{"@id":"https:\/\/formar.shop\/lv\/izmaksas-un-piegades-metodes\/#primaryimage"},"thumbnailUrl":"https:\/\/formar.shop\/wp-content\/uploads\/2022\/05\/brt.jpg","datePublished":"2025-01-18T20:40:03+00:00","dateModified":"2025-01-18T20:40:10+00:00","breadcrumb":{"@id":"https:\/\/formar.shop\/lv\/izmaksas-un-piegades-metodes\/#breadcrumb"},"inLanguage":"lv-LV","potentialAction":[{"@type":"ReadAction","target":["https:\/\/formar.shop\/lv\/izmaksas-un-piegades-metodes\/"]}]},{"@type":"ImageObject","inLanguage":"lv-LV","@id":"https:\/\/formar.shop\/lv\/izmaksas-un-piegades-metodes\/#primaryimage","url":"https:\/\/formar.shop\/wp-content\/uploads\/2022\/05\/brt.jpg","contentUrl":"https:\/\/formar.shop\/wp-content\/uploads\/2022\/05\/brt.jpg"},{"@type":"BreadcrumbList","@id":"https:\/\/formar.shop\/lv\/izmaksas-un-piegades-metodes\/#breadcrumb","itemListElement":[{"@type":"ListItem","position":1,"name":"Home","item":"https:\/\/formar.shop\/lv\/automatiskais-projekts\/"},{"@type":"ListItem","position":2,"name":"IZMAKSAS UN PIEG\u0100DES METODES"}]},{"@type":"WebSite","@id":"https:\/\/formar.shop\/lv\/#website","url":"https:\/\/formar.shop\/lv\/","name":"Formar.shop","description":"Soluzioni espresse con stile","potentialAction":[{"@type":"SearchAction","target":{"@type":"EntryPoint","urlTemplate":"https:\/\/formar.shop\/lv\/?s={search_term_string}"},"query-input":{"@type":"PropertyValueSpecification","valueRequired":true,"valueName":"search_term_string"}}],"inLanguage":"lv-LV"}]}},"_links":{"self":[{"href":"https:\/\/formar.shop\/lv\/wp-json\/wp\/v2\/pages\/48467","targetHints":{"allow":["GET"]}}],"collection":[{"href":"https:\/\/formar.shop\/lv\/wp-json\/wp\/v2\/pages"}],"about":[{"href":"https:\/\/formar.shop\/lv\/wp-json\/wp\/v2\/types\/page"}],"author":[{"embeddable":true,"href":"https:\/\/formar.shop\/lv\/wp-json\/wp\/v2\/users\/175"}],"replies":[{"embeddable":true,"href":"https:\/\/formar.shop\/lv\/wp-json\/wp\/v2\/comments?post=48467"}],"version-history":[{"count":1,"href":"https:\/\/formar.shop\/lv\/wp-json\/wp\/v2\/pages\/48467\/revisions"}],"predecessor-version":[{"id":48471,"href":"https:\/\/formar.shop\/lv\/wp-json\/wp\/v2\/pages\/48467\/revisions\/48471"}],"wp:attachment":[{"href":"https:\/\/formar.shop\/lv\/wp-json\/wp\/v2\/media?parent=48467"}],"curies":[{"name":"wp","href":"https:\/\/api.w.org\/{rel}","templated":true}]}}