{"id":48860,"date":"2025-01-19T03:06:57","date_gmt":"2025-01-19T02:06:57","guid":{"rendered":"https:\/\/formar.shop\/prodotto\/knygu-spinta-stalas-cube-02\/"},"modified":"2025-01-19T03:07:14","modified_gmt":"2025-01-19T02:07:14","slug":"knygu-spinta-stalas-cube-02","status":"publish","type":"product","link":"https:\/\/formar.shop\/lt\/prodotto\/knygu-spinta-stalas-cube-02\/","title":{"rendered":"Knyg\u0173 spinta &#8211; Stalas &#8222;Cube&#8221; 02"},"content":{"rendered":"<div class=\"slider-wrapper relative\" id=\"slider-49304613\" >\n    <div class=\"slider slider-nav-circle slider-nav-large slider-nav-dark slider-style-normal\"\n        data-flickity-options='{\n            \"cellAlign\": \"center\",\n            \"imagesLoaded\": true,\n            \"lazyLoad\": 1,\n            \"freeScroll\": false,\n            \"wrapAround\": true,\n            \"autoPlay\": 6000,\n            \"pauseAutoPlayOnHover\" : true,\n            \"prevNextButtons\": true,\n            \"contain\" : true,\n            \"adaptiveHeight\" : true,\n            \"dragThreshold\" : 10,\n            \"percentPosition\": true,\n            \"pageDots\": true,\n            \"rightToLeft\": false,\n            \"draggable\": true,\n            \"selectedAttraction\": 0.1,\n            \"parallax\" : 0,\n            \"friction\": 0.6        }'\n        >\n        \n\t<div class=\"img has-hover x md-x lg-x y md-y lg-y\" id=\"image_1251210578\">\n\t\t\t\t\t\t\t\t<div class=\"img-inner dark\" >\n\t\t\t<img loading=\"lazy\" decoding=\"async\" width=\"1020\" height=\"680\" src=\"https:\/\/static.formar.net\/wp-content\/uploads\/sites\/1\/2022\/11\/02111035\/tower-2-grigia-front-1030x687.jpg\" class=\"attachment-large size-large\" alt=\"\" srcset=\"https:\/\/static.formar.net\/wp-content\/uploads\/sites\/1\/2022\/11\/02111035\/tower-2-grigia-front-1030x687.jpg 1030w, https:\/\/static.formar.net\/wp-content\/uploads\/sites\/1\/2022\/11\/02111035\/tower-2-grigia-front-300x200.jpg 300w, https:\/\/static.formar.net\/wp-content\/uploads\/sites\/1\/2022\/11\/02111035\/tower-2-grigia-front-768x512.jpg 768w, https:\/\/static.formar.net\/wp-content\/uploads\/sites\/1\/2022\/11\/02111035\/tower-2-grigia-front-1536x1024.jpg 1536w, https:\/\/static.formar.net\/wp-content\/uploads\/sites\/1\/2022\/11\/02111035\/tower-2-grigia-front-2048x1365.jpg 2048w, https:\/\/static.formar.net\/wp-content\/uploads\/sites\/1\/2022\/11\/02111035\/tower-2-grigia-front-510x340.jpg 510w, https:\/\/static.formar.net\/wp-content\/uploads\/sites\/1\/2022\/11\/02111035\/tower-2-grigia-front-1200x800.jpg 1200w, https:\/\/static.formar.net\/wp-content\/uploads\/sites\/1\/2022\/11\/02111035\/tower-2-grigia-front-600x400.jpg 600w\" sizes=\"auto, (max-width: 1020px) 100vw, 1020px\" \/>\t\t\t\t\t\t\n\t\t\t\t\t<\/div>\n\t\t\t\t\t\t\t\t\n<style>\n#image_1251210578 {\n  width: 100%;\n}\n<\/style>\n\t<\/div>\n\t\n\t<div class=\"img has-hover x md-x lg-x y md-y lg-y\" id=\"image_2041809594\">\n\t\t\t\t\t\t\t\t<div class=\"img-inner dark\" >\n\t\t\t<img loading=\"lazy\" decoding=\"async\" width=\"1020\" height=\"680\" src=\"https:\/\/static.formar.net\/wp-content\/uploads\/sites\/1\/2022\/11\/02111034\/tower-2-nera-front-1030x687.jpg\" class=\"attachment-large size-large\" alt=\"\" srcset=\"https:\/\/static.formar.net\/wp-content\/uploads\/sites\/1\/2022\/11\/02111034\/tower-2-nera-front-1030x687.jpg 1030w, https:\/\/static.formar.net\/wp-content\/uploads\/sites\/1\/2022\/11\/02111034\/tower-2-nera-front-300x200.jpg 300w, https:\/\/static.formar.net\/wp-content\/uploads\/sites\/1\/2022\/11\/02111034\/tower-2-nera-front-768x512.jpg 768w, https:\/\/static.formar.net\/wp-content\/uploads\/sites\/1\/2022\/11\/02111034\/tower-2-nera-front-1536x1024.jpg 1536w, https:\/\/static.formar.net\/wp-content\/uploads\/sites\/1\/2022\/11\/02111034\/tower-2-nera-front-2048x1365.jpg 2048w, https:\/\/static.formar.net\/wp-content\/uploads\/sites\/1\/2022\/11\/02111034\/tower-2-nera-front-510x340.jpg 510w, https:\/\/static.formar.net\/wp-content\/uploads\/sites\/1\/2022\/11\/02111034\/tower-2-nera-front-1200x800.jpg 1200w, https:\/\/static.formar.net\/wp-content\/uploads\/sites\/1\/2022\/11\/02111034\/tower-2-nera-front-600x400.jpg 600w\" sizes=\"auto, (max-width: 1020px) 100vw, 1020px\" \/>\t\t\t\t\t\t\n\t\t\t\t\t<\/div>\n\t\t\t\t\t\t\t\t\n<style>\n#image_2041809594 {\n  width: 100%;\n}\n<\/style>\n\t<\/div>\n\t\n\t<div class=\"img has-hover x md-x lg-x y md-y lg-y\" id=\"image_1263347343\">\n\t\t\t\t\t\t\t\t<div class=\"img-inner dark\" >\n\t\t\t<img loading=\"lazy\" decoding=\"async\" width=\"1020\" height=\"680\" src=\"https:\/\/static.formar.net\/wp-content\/uploads\/sites\/1\/2022\/11\/02111032\/tower-2-rossa-front-1030x687.jpg\" class=\"attachment-large size-large\" alt=\"\" srcset=\"https:\/\/static.formar.net\/wp-content\/uploads\/sites\/1\/2022\/11\/02111032\/tower-2-rossa-front-1030x687.jpg 1030w, https:\/\/static.formar.net\/wp-content\/uploads\/sites\/1\/2022\/11\/02111032\/tower-2-rossa-front-300x200.jpg 300w, https:\/\/static.formar.net\/wp-content\/uploads\/sites\/1\/2022\/11\/02111032\/tower-2-rossa-front-768x512.jpg 768w, https:\/\/static.formar.net\/wp-content\/uploads\/sites\/1\/2022\/11\/02111032\/tower-2-rossa-front-1536x1024.jpg 1536w, https:\/\/static.formar.net\/wp-content\/uploads\/sites\/1\/2022\/11\/02111032\/tower-2-rossa-front-2048x1365.jpg 2048w, https:\/\/static.formar.net\/wp-content\/uploads\/sites\/1\/2022\/11\/02111032\/tower-2-rossa-front-510x340.jpg 510w, https:\/\/static.formar.net\/wp-content\/uploads\/sites\/1\/2022\/11\/02111032\/tower-2-rossa-front-1200x800.jpg 1200w, https:\/\/static.formar.net\/wp-content\/uploads\/sites\/1\/2022\/11\/02111032\/tower-2-rossa-front-600x400.jpg 600w\" sizes=\"auto, (max-width: 1020px) 100vw, 1020px\" \/>\t\t\t\t\t\t\n\t\t\t\t\t<\/div>\n\t\t\t\t\t\t\t\t\n<style>\n#image_1263347343 {\n  width: 100%;\n}\n<\/style>\n\t<\/div>\n\t\n     <\/div>\n\n     <div class=\"loading-spin dark large centered\"><\/div>\n\n\t<\/div>\n\n\n<h3>KNYG\u0172 SPINTA &#8211; KUBO FORMOS STALAS 02<\/h3>\n<p class=\"has-fs-18-px-font-size\">Nedidelio dizaino knyg\u0173 spintos stalas, kuriame ma\u017eoje erdv\u0117je yra <strong>pakankamai vietos saugojimui<\/strong>.<\/p>\n<p>Suteikite savo namams asmeni\u0161kumo, charakterio ir i\u0161skirtinumo su knyg\u0173 spintos staliuku &#8222;Cube Table 02&#8221;.<br \/>\nJo <strong>originalus<\/strong>, paprastas ir prakti\u0161kas <strong>dizainas<\/strong> u\u017etikrina eleganti\u0161k\u0105 tvarkos ir gro\u017eio pusiausvyr\u0105 bet kuriame nam\u0173 kambaryje.<br \/>\nPuikiai tinka knygoms ar dekoratyviniams daiktams susid\u0117ti.<br \/>\nPagrindas yra baltos spalvos, o stalvir\u0161is gali b\u016bti trij\u0173 <strong>gra\u017ei\u0173<\/strong> spalv\u0173: pilkos, juodos ir raudonos.<\/p>\n<h3>DIZAINO PRODUKTAS<\/h3>\n<p>J\u012f suk\u016br\u0117 ir suprojektavo ital\u0173 dizaineris Mario Mazzeris, kuris 1978 m. Milano politechnikos mokykloje baig\u0117 architekt\u016bros studijas, o 1979 m. Milano dizaino mokykloje (Scuola Politecnica di Design) baig\u0117 pramoninio dizaino studijas.<br \/>\n\u010cia jis sta\u017eavosi septintajame de\u0161imtmetyje, bendradarbiaudamas su ital\u0173 dizaino meistrais, o 1980 m. Conegliano Veneto mieste \u012fk\u016br\u0117 &#8222;Mario Mazzer Architects&#8221;. 1996 m. jis buvo ne kart\u0105 apdovanotas ID metin\u0117je dizaino ap\u017evalgoje Niujorke. Rodydamas savo darbus, jis labai prisid\u0117jo prie itali\u0161k\u0173 gamini\u0173 populiarumo visame pasaulyje skatinimo.  <\/p>\n<h3 id=\"h-finiture-di-qualit-e-made-in-italy\">GAMINIO MATMENYS<\/h3>\n<p>Gaminio matmenys: &#8211; 40 cm ilgio &#8211; 40 cm gylio &#8211; 60,5 cm auk\u0161\u010dio<\/p>\n<div class=\"info-block\">\n<h3 id=\"h-finiture-di-qualit-e-made-in-italy\">GALIMA RINKTIS I\u0160 TRIJ\u0172 SPALV\u0172 VARIANT\u0172<\/h3>\n<\/div>\n\n\t<section class=\"section\" id=\"section_190317837\">\n\t\t<div class=\"section-bg fill\" >\n\t\t\t\t\t\t\t\t\t\n\t\t\t\n\n\t\t<\/div>\n\n\t\t\n\n\t\t<div class=\"section-content relative\">\n\t\t\t\n<div class=\"row\"  id=\"row-249096417\">\n\n\t<div id=\"col-586257107\" class=\"col medium-4 small-6 large-4\"  >\n\t\t\t\t<div class=\"col-inner text-center\"  >\n\t\t\t\n\t\t\t\n\t<div class=\"box has-hover   has-hover box-text-bottom\" >\n\n\t\t<div class=\"box-image\" >\n\t\t\t\t\t\t<div class=\"\" >\n\t\t\t\t<img loading=\"lazy\" decoding=\"async\" width=\"2560\" height=\"1707\" src=\"https:\/\/static.formar.net\/wp-content\/uploads\/sites\/1\/2022\/11\/02111036\/tower-2-grigia-scaled.jpg\" class=\"attachment- size-\" alt=\"\" \/>\t\t\t\t\t\t\t\t\t\t\t<\/div>\n\t\t\t\t\t<\/div>\n\n\t\t<div class=\"box-text text-center\" >\n\t\t\t<div class=\"box-text-inner\">\n\t\t\t\t\n\t<div id=\"text-980789049\" class=\"text\">\n\t\t\n<p>Pilka<br \/>\n\t\t\n<style>\n#text-980789049 {\n  font-size: 1.5rem;\n}\n<\/style>\n\t<\/div>\n\t\n\t\t\t<\/div>\n\t\t<\/div>\n\t<\/div>\n\t\n\t<div class=\"img has-hover x md-x lg-x y md-y lg-y\" id=\"image_1162585716\">\n\t\t<a class=\"\" href=\"https:\/\/formar.shop\/wp-content\/uploads\/2022\/10\/68_BIANCO_O_A.jpg\" >\t\t\t\t\t\t<div class=\"img-inner dark\" >\n\t\t\t\t\t\t\t\t\t\n\t\t\t\t\t<\/div>\n\t\t\t\t\t\t<\/a>\t\t\n<style>\n#image_1162585716 {\n  width: 50%;\n}\n<\/style>\n\t<\/div>\n\t\n\t\t<\/div>\n\t\t\t\t\t<\/div>\n\n\t\n\n\t<div id=\"col-1057291838\" class=\"col medium-4 small-6 large-4\"  >\n\t\t\t\t<div class=\"col-inner text-center\"  >\n\t\t\t\n\t\t\t\n\t<div class=\"box has-hover   has-hover box-text-bottom\" >\n\n\t\t<div class=\"box-image\" >\n\t\t\t\t\t\t<div class=\"\" >\n\t\t\t\t<img loading=\"lazy\" decoding=\"async\" width=\"2560\" height=\"1707\" src=\"https:\/\/static.formar.net\/wp-content\/uploads\/sites\/1\/2022\/11\/02111037\/tower-2-nera-scaled.jpg\" class=\"attachment- size-\" alt=\"\" \/>\t\t\t\t\t\t\t\t\t\t\t<\/div>\n\t\t\t\t\t<\/div>\n\n\t\t<div class=\"box-text text-center\" >\n\t\t\t<div class=\"box-text-inner\">\n\t\t\t\t\n\t<div id=\"text-2017273264\" class=\"text\">\n\t\t\n<p>Juoda<br \/>\n\t\t\n<style>\n#text-2017273264 {\n  font-size: 1.5rem;\n}\n<\/style>\n\t<\/div>\n\t\n\t\t\t<\/div>\n\t\t<\/div>\n\t<\/div>\n\t\n\t<div class=\"img has-hover x md-x lg-x y md-y lg-y\" id=\"image_1618548896\">\n\t\t<a class=\"\" href=\"https:\/\/formar.shop\/wp-content\/uploads\/2022\/10\/03_ROVERE_O.jpg\" >\t\t\t\t\t\t<div class=\"img-inner dark\" >\n\t\t\t\t\t\t\t\t\t\n\t\t\t\t\t<\/div>\n\t\t\t\t\t\t<\/a>\t\t\n<style>\n#image_1618548896 {\n  width: 50%;\n}\n<\/style>\n\t<\/div>\n\t\n\t\t<\/div>\n\t\t\t\t\t<\/div>\n\n\t\n\n\t<div id=\"col-1260252751\" class=\"col medium-4 small-12 large-4\"  >\n\t\t\t\t<div class=\"col-inner\"  >\n\t\t\t\n\t\t\t\n\t<div class=\"box has-hover   has-hover box-text-bottom\" >\n\n\t\t<div class=\"box-image\" >\n\t\t\t\t\t\t<div class=\"\" >\n\t\t\t\t<img loading=\"lazy\" decoding=\"async\" width=\"2560\" height=\"1707\" src=\"https:\/\/static.formar.net\/wp-content\/uploads\/sites\/1\/2022\/11\/02111036\/tower-2-rossa-scaled.jpg\" class=\"attachment- size-\" alt=\"\" \/>\t\t\t\t\t\t\t\t\t\t\t<\/div>\n\t\t\t\t\t<\/div>\n\n\t\t<div class=\"box-text text-center\" >\n\t\t\t<div class=\"box-text-inner\">\n\t\t\t\t\n\t<div id=\"text-173802520\" class=\"text\">\n\t\t\n<p>Raudona<br \/>\n\t\t\n<style>\n#text-173802520 {\n  font-size: 1.5rem;\n}\n<\/style>\n\t<\/div>\n\t\n\t\t\t<\/div>\n\t\t<\/div>\n\t<\/div>\n\t\n\t\t<\/div>\n\t\t\t\t\t<\/div>\n\n\t\n<\/div>\n<h3>PRIE\u017dI\u016aRA IR APTARNAVIMAS:<\/h3>\n<p>Pirmiausia i\u0161bandykite valikli\u0173 suderinamum\u0105 nematomoje vietoje.<br \/>\nNiekada nenaudokite valikli\u0173 ar poliravimo priemoni\u0173, kuri\u0173 sud\u0117tyje yra abrazyvini\u0173 ar riebal\u0173 daleli\u0173.<br \/>\nVisada nuvalykite dr\u0117gna \u0161luoste ir i\u0161d\u017eiovinkite.<\/p>\n\t\t<\/div>\n\n\t\t\n<style>\n#section_190317837 {\n  padding-top: 30px;\n  padding-bottom: 30px;\n}\n<\/style>\n\t<\/section>\n\t\n\n\t<section class=\"section\" id=\"section_582843458\">\n\t\t<div class=\"section-bg fill\" >\n\t\t\t\t\t\t\t\t\t\n\t\t\t\n\n\t\t<\/div>\n\n\t\t\n\n\t\t<div class=\"section-content relative\">\n\t\t\t\n<div class=\"is-divider divider clearfix\" style=\"max-width:1000px;\"><\/div>\n<div class=\"row row-solid\"  id=\"row-42770965\">\n\n\t<div id=\"col-1667036976\" class=\"col medium-3 small-12 large-3\"  >\n\t\t\t\t<div class=\"col-inner\"  >\n\t\t\t\n\t\t\t\n\n\t\t<div class=\"icon-box featured-box icon-box-center text-center\"  >\n\t\t\t\t\t<div class=\"icon-box-img\" style=\"width: 50px\">\n\t\t\t\t<div class=\"icon\">\n\t\t\t\t\t<div class=\"icon-inner\" >\n\t\t\t\t\t\t<img loading=\"lazy\" decoding=\"async\" width=\"128\" height=\"128\" src=\"https:\/\/static.formar.net\/wp-content\/uploads\/sites\/1\/2022\/10\/02111131\/2703076-128-1-1.png\" class=\"attachment-medium size-medium\" alt=\"\" srcset=\"https:\/\/static.formar.net\/wp-content\/uploads\/sites\/1\/2022\/10\/02111131\/2703076-128-1-1.png 128w, https:\/\/static.formar.net\/wp-content\/uploads\/sites\/1\/2022\/10\/02111131\/2703076-128-1-1-80x80.png 80w, https:\/\/static.formar.net\/wp-content\/uploads\/sites\/1\/2022\/10\/02111131\/2703076-128-1-1-100x100.png 100w, https:\/\/static.formar.net\/wp-content\/uploads\/sites\/1\/2022\/10\/02111131\/2703076-128-1-1-50x50.png 50w\" sizes=\"auto, (max-width: 128px) 100vw, 128px\" \/>\t\t\t\t\t<\/div>\n\t\t\t\t<\/div>\n\t\t\t<\/div>\n\t\t\t\t<div class=\"icon-box-text last-reset\">\n\t\t\t\t\t\t\t\t\t\n<h3>Klient\u0173 aptarnavimas visada pasiekiamas<\/h3>\n<p>Su mumis galite susisiekti per &#8222;WhatsApp&#8221;:  <a href=\"https:\/\/api.whatsapp.com\/send\/?phone=390715906063&amp;text&amp;type=phone_number&amp;app_absent=0\">+39 071 5906063<\/a><\/p>\n<p>U\u017esakymai telefonu: <a href=\"tel:+39800122267\">800 122 267<\/a><\/p>\n\t\t<\/div>\n\t<\/div>\n\t\n\t\n\t\t<\/div>\n\t\t\t\t\t<\/div>\n\n\t\n\n\t<div id=\"col-191313041\" class=\"col medium-3 small-12 large-3\"  >\n\t\t\t\t<div class=\"col-inner\"  >\n\t\t\t\n\t\t\t\n\n\t\t<div class=\"icon-box featured-box icon-box-center text-center\"  >\n\t\t\t\t\t<div class=\"icon-box-img\" style=\"width: 50px\">\n\t\t\t\t<div class=\"icon\">\n\t\t\t\t\t<div class=\"icon-inner\" >\n\t\t\t\t\t\t<img loading=\"lazy\" decoding=\"async\" width=\"256\" height=\"256\" src=\"https:\/\/static.formar.net\/wp-content\/uploads\/sites\/1\/2022\/11\/02111117\/Icona-carta-di-credito.png\" class=\"attachment-medium size-medium\" alt=\"\" srcset=\"https:\/\/static.formar.net\/wp-content\/uploads\/sites\/1\/2022\/11\/02111117\/Icona-carta-di-credito.png 256w, https:\/\/static.formar.net\/wp-content\/uploads\/sites\/1\/2022\/11\/02111117\/Icona-carta-di-credito-80x80.png 80w, https:\/\/static.formar.net\/wp-content\/uploads\/sites\/1\/2022\/11\/02111117\/Icona-carta-di-credito-100x100.png 100w, https:\/\/static.formar.net\/wp-content\/uploads\/sites\/1\/2022\/11\/02111117\/Icona-carta-di-credito-50x50.png 50w\" sizes=\"auto, (max-width: 256px) 100vw, 256px\" \/>\t\t\t\t\t<\/div>\n\t\t\t\t<\/div>\n\t\t\t<\/div>\n\t\t\t\t<div class=\"icon-box-text last-reset\">\n\t\t\t\t\t\t\t\t\t\n<h3>Pasirinkite mok\u0117jimo form\u0105<\/h3>\n<p>Mok\u0117jimas per Paypal, kredito kortel\u0119, grynaisiais pinigais arba Bancomat (vietoje) ir grynaisiais pinigais pristatymo metu<\/p>\n\t\t<\/div>\n\t<\/div>\n\t\n\t\n\t\t<\/div>\n\t\t\t\t\t<\/div>\n\n\t\n\n\t<div id=\"col-1021023757\" class=\"col medium-3 small-12 large-3\"  >\n\t\t\t\t<div class=\"col-inner\"  >\n\t\t\t\n\t\t\t\n\n\t\t<div class=\"icon-box featured-box icon-box-center text-center\"  >\n\t\t\t\t\t<div class=\"icon-box-img\" style=\"width: 50px\">\n\t\t\t\t<div class=\"icon\">\n\t\t\t\t\t<div class=\"icon-inner\" >\n\t\t\t\t\t\t<img loading=\"lazy\" decoding=\"async\" width=\"128\" height=\"128\" src=\"https:\/\/static.formar.net\/wp-content\/uploads\/sites\/1\/2022\/10\/02111130\/3669335-128-1.png\" class=\"attachment-medium size-medium\" alt=\"\" srcset=\"https:\/\/static.formar.net\/wp-content\/uploads\/sites\/1\/2022\/10\/02111130\/3669335-128-1.png 128w, https:\/\/static.formar.net\/wp-content\/uploads\/sites\/1\/2022\/10\/02111130\/3669335-128-1-80x80.png 80w, https:\/\/static.formar.net\/wp-content\/uploads\/sites\/1\/2022\/10\/02111130\/3669335-128-1-100x100.png 100w, https:\/\/static.formar.net\/wp-content\/uploads\/sites\/1\/2022\/10\/02111130\/3669335-128-1-50x50.png 50w\" sizes=\"auto, (max-width: 128px) 100vw, 128px\" \/>\t\t\t\t\t<\/div>\n\t\t\t\t<\/div>\n\t\t\t<\/div>\n\t\t\t\t<div class=\"icon-box-text last-reset\">\n\t\t\t\t\t\t\t\t\t\n<h3>Lengvas ir ner\u016bpestingas gr\u0105\u017einimas<\/h3>\n<p>Kilus problemoms, organizuojame pa\u0117mim\u0105 tiesiogiai j\u016bs\u0173 adresu.<a href=\"https:\/\/formar.shop\/lt\/grazinimo-taisykles\/\">(Daugiau informacijos).<\/a><\/p>\n\t\t<\/div>\n\t<\/div>\n\t\n\t\n\t\t<\/div>\n\t\t\t\t\t<\/div>\n\n\t\n\n\t<div id=\"col-199385159\" class=\"col medium-3 small-12 large-3\"  >\n\t\t\t\t<div class=\"col-inner\"  >\n\t\t\t\n\t\t\t\n\n\t\t<div class=\"icon-box featured-box icon-box-center text-center\"  >\n\t\t\t\t\t<div class=\"icon-box-img\" style=\"width: 50px\">\n\t\t\t\t<div class=\"icon\">\n\t\t\t\t\t<div class=\"icon-inner\" >\n\t\t\t\t\t\t<img loading=\"lazy\" decoding=\"async\" width=\"128\" height=\"128\" src=\"https:\/\/static.formar.net\/wp-content\/uploads\/sites\/1\/2022\/10\/02111130\/5959201-128-1.png\" class=\"attachment-medium size-medium\" alt=\"\" srcset=\"https:\/\/static.formar.net\/wp-content\/uploads\/sites\/1\/2022\/10\/02111130\/5959201-128-1.png 128w, https:\/\/static.formar.net\/wp-content\/uploads\/sites\/1\/2022\/10\/02111130\/5959201-128-1-80x80.png 80w, https:\/\/static.formar.net\/wp-content\/uploads\/sites\/1\/2022\/10\/02111130\/5959201-128-1-100x100.png 100w, https:\/\/static.formar.net\/wp-content\/uploads\/sites\/1\/2022\/10\/02111130\/5959201-128-1-50x50.png 50w\" sizes=\"auto, (max-width: 128px) 100vw, 128px\" \/>\t\t\t\t\t<\/div>\n\t\t\t\t<\/div>\n\t\t\t<\/div>\n\t\t\t\t<div class=\"icon-box-text last-reset\">\n\t\t\t\t\t\t\t\t\t\n<h3>Gamintojo garantija ir atsargin\u0117s dalys<\/h3>\n<p>Visiems m\u016bs\u0173 gaminiams suteikiama m\u016bs\u0173 garantija. Daugeliui gamini\u0173 tuo pa\u010diu laikotarpiu garantuojame ir atsargines dalis.<\/p>\n\t\t<\/div>\n\t<\/div>\n\t\n\t\n\t\t<\/div>\n\t\t\t\t\t<\/div>\n\n\t\n\n<style>\n#row-42770965 > .col > .col-inner {\n  padding: 20px 20px 20px 20px;\n}\n<\/style>\n<\/div>\n\t\t<\/div>\n\n\t\t\n<style>\n#section_582843458 {\n  padding-top: 30px;\n  padding-bottom: 30px;\n}\n<\/style>\n\t<\/section>\n\t\n","protected":false},"excerpt":{"rendered":"<p>\u0160is ital\u0173 dizainerio MARIO MAZZER sugalvotas ir suprojektuotas dizaino \u017eurnalinis staliukas tinka bet kokiam kambariui \u012frengti.<br \/>\nJ\u012f sudaro baltas pagrindas ir trij\u0173 spalv\u0173 stalvir\u0161is: pilkos, juodos ir raudonos.<br \/>\nD\u0117l pridedamo rinkinio surinkimas yra greitas ir paprastas.  <\/p>\n","protected":false},"featured_media":48861,"template":"","meta":{"_joinchat":[]},"product_brand":[],"product_cat":[1962,2336],"product_tag":[2106],"class_list":{"0":"post-48860","1":"product","2":"type-product","3":"status-publish","4":"has-post-thumbnail","6":"product_cat-pagrindinis","7":"product_cat-stalai-ir-zurnaliniai-staliukai","8":"product_tag-lenteles","10":"first","11":"instock","12":"sale","13":"taxable","14":"shipping-taxable","15":"purchasable","16":"product-type-variable","17":"has-default-attributes"},"yoast_head":"<!-- This site is optimized with the Yoast SEO plugin v27.3 - https:\/\/yoast.com\/product\/yoast-seo-wordpress\/ -->\n<title>Knyg\u0173 spinta - Stalas &quot;Cube&quot; 02 - Formar.shop<\/title>\n<meta name=\"robots\" content=\"index, follow, max-snippet:-1, max-image-preview:large, max-video-preview:-1\" \/>\n<link rel=\"canonical\" href=\"https:\/\/formar.shop\/lt\/prodotto\/knygu-spinta-stalas-cube-02\/\" \/>\n<script type=\"application\/ld+json\" class=\"yoast-schema-graph\">{\"@context\":\"https:\\\/\\\/schema.org\",\"@graph\":[{\"@type\":\"WebPage\",\"@id\":\"https:\\\/\\\/formar.shop\\\/lt\\\/prodotto\\\/knygu-spinta-stalas-cube-02\\\/\",\"url\":\"https:\\\/\\\/formar.shop\\\/lt\\\/prodotto\\\/knygu-spinta-stalas-cube-02\\\/\",\"name\":\"Knyg\u0173 spinta - Stalas \\\"Cube\\\" 02 - Formar.shop\",\"isPartOf\":{\"@id\":\"https:\\\/\\\/formar.shop\\\/lt\\\/#website\"},\"primaryImageOfPage\":{\"@id\":\"https:\\\/\\\/formar.shop\\\/lt\\\/prodotto\\\/knygu-spinta-stalas-cube-02\\\/#primaryimage\"},\"image\":{\"@id\":\"https:\\\/\\\/formar.shop\\\/lt\\\/prodotto\\\/knygu-spinta-stalas-cube-02\\\/#primaryimage\"},\"thumbnailUrl\":\"https:\\\/\\\/static.formar.net\\\/wp-content\\\/uploads\\\/2020\\\/12\\\/22192450\\\/Immagini-di-prodotto-x-Amazon-46-1.png\",\"datePublished\":\"2025-01-19T02:06:57+00:00\",\"dateModified\":\"2025-01-19T02:07:14+00:00\",\"breadcrumb\":{\"@id\":\"https:\\\/\\\/formar.shop\\\/lt\\\/prodotto\\\/knygu-spinta-stalas-cube-02\\\/#breadcrumb\"},\"inLanguage\":\"lt-LT\",\"potentialAction\":[{\"@type\":\"ReadAction\",\"target\":[\"https:\\\/\\\/formar.shop\\\/lt\\\/prodotto\\\/knygu-spinta-stalas-cube-02\\\/\"]}]},{\"@type\":\"ImageObject\",\"inLanguage\":\"lt-LT\",\"@id\":\"https:\\\/\\\/formar.shop\\\/lt\\\/prodotto\\\/knygu-spinta-stalas-cube-02\\\/#primaryimage\",\"url\":\"https:\\\/\\\/static.formar.net\\\/wp-content\\\/uploads\\\/2020\\\/12\\\/22192450\\\/Immagini-di-prodotto-x-Amazon-46-1.png\",\"contentUrl\":\"https:\\\/\\\/static.formar.net\\\/wp-content\\\/uploads\\\/2020\\\/12\\\/22192450\\\/Immagini-di-prodotto-x-Amazon-46-1.png\",\"width\":1011,\"height\":1012},{\"@type\":\"BreadcrumbList\",\"@id\":\"https:\\\/\\\/formar.shop\\\/lt\\\/prodotto\\\/knygu-spinta-stalas-cube-02\\\/#breadcrumb\",\"itemListElement\":[{\"@type\":\"ListItem\",\"position\":1,\"name\":\"Home\",\"item\":\"https:\\\/\\\/formar.shop\\\/lt\\\/automatinis-projektas\\\/\"},{\"@type\":\"ListItem\",\"position\":2,\"name\":\"Parduotuv\u0117\",\"item\":\"https:\\\/\\\/formar.shop\\\/lt\\\/parduotuve\\\/\"},{\"@type\":\"ListItem\",\"position\":3,\"name\":\"Knyg\u0173 spinta &#8211; Stalas &laquo;Cube&raquo; 02\"}]},{\"@type\":\"WebSite\",\"@id\":\"https:\\\/\\\/formar.shop\\\/lt\\\/#website\",\"url\":\"https:\\\/\\\/formar.shop\\\/lt\\\/\",\"name\":\"Formar.shop\",\"description\":\"Soluzioni espresse con stile\",\"potentialAction\":[{\"@type\":\"SearchAction\",\"target\":{\"@type\":\"EntryPoint\",\"urlTemplate\":\"https:\\\/\\\/formar.shop\\\/lt\\\/?s={search_term_string}\"},\"query-input\":{\"@type\":\"PropertyValueSpecification\",\"valueRequired\":true,\"valueName\":\"search_term_string\"}}],\"inLanguage\":\"lt-LT\"}]}<\/script>\n<!-- \/ Yoast SEO plugin. -->","yoast_head_json":{"title":"Knyg\u0173 spinta - Stalas \"Cube\" 02 - Formar.shop","robots":{"index":"index","follow":"follow","max-snippet":"max-snippet:-1","max-image-preview":"max-image-preview:large","max-video-preview":"max-video-preview:-1"},"canonical":"https:\/\/formar.shop\/lt\/prodotto\/knygu-spinta-stalas-cube-02\/","schema":{"@context":"https:\/\/schema.org","@graph":[{"@type":"WebPage","@id":"https:\/\/formar.shop\/lt\/prodotto\/knygu-spinta-stalas-cube-02\/","url":"https:\/\/formar.shop\/lt\/prodotto\/knygu-spinta-stalas-cube-02\/","name":"Knyg\u0173 spinta - Stalas \"Cube\" 02 - Formar.shop","isPartOf":{"@id":"https:\/\/formar.shop\/lt\/#website"},"primaryImageOfPage":{"@id":"https:\/\/formar.shop\/lt\/prodotto\/knygu-spinta-stalas-cube-02\/#primaryimage"},"image":{"@id":"https:\/\/formar.shop\/lt\/prodotto\/knygu-spinta-stalas-cube-02\/#primaryimage"},"thumbnailUrl":"https:\/\/static.formar.net\/wp-content\/uploads\/2020\/12\/22192450\/Immagini-di-prodotto-x-Amazon-46-1.png","datePublished":"2025-01-19T02:06:57+00:00","dateModified":"2025-01-19T02:07:14+00:00","breadcrumb":{"@id":"https:\/\/formar.shop\/lt\/prodotto\/knygu-spinta-stalas-cube-02\/#breadcrumb"},"inLanguage":"lt-LT","potentialAction":[{"@type":"ReadAction","target":["https:\/\/formar.shop\/lt\/prodotto\/knygu-spinta-stalas-cube-02\/"]}]},{"@type":"ImageObject","inLanguage":"lt-LT","@id":"https:\/\/formar.shop\/lt\/prodotto\/knygu-spinta-stalas-cube-02\/#primaryimage","url":"https:\/\/static.formar.net\/wp-content\/uploads\/2020\/12\/22192450\/Immagini-di-prodotto-x-Amazon-46-1.png","contentUrl":"https:\/\/static.formar.net\/wp-content\/uploads\/2020\/12\/22192450\/Immagini-di-prodotto-x-Amazon-46-1.png","width":1011,"height":1012},{"@type":"BreadcrumbList","@id":"https:\/\/formar.shop\/lt\/prodotto\/knygu-spinta-stalas-cube-02\/#breadcrumb","itemListElement":[{"@type":"ListItem","position":1,"name":"Home","item":"https:\/\/formar.shop\/lt\/automatinis-projektas\/"},{"@type":"ListItem","position":2,"name":"Parduotuv\u0117","item":"https:\/\/formar.shop\/lt\/parduotuve\/"},{"@type":"ListItem","position":3,"name":"Knyg\u0173 spinta &#8211; Stalas &laquo;Cube&raquo; 02"}]},{"@type":"WebSite","@id":"https:\/\/formar.shop\/lt\/#website","url":"https:\/\/formar.shop\/lt\/","name":"Formar.shop","description":"Soluzioni espresse con stile","potentialAction":[{"@type":"SearchAction","target":{"@type":"EntryPoint","urlTemplate":"https:\/\/formar.shop\/lt\/?s={search_term_string}"},"query-input":{"@type":"PropertyValueSpecification","valueRequired":true,"valueName":"search_term_string"}}],"inLanguage":"lt-LT"}]}},"_links":{"self":[{"href":"https:\/\/formar.shop\/lt\/wp-json\/wp\/v2\/product\/48860","targetHints":{"allow":["GET"]}}],"collection":[{"href":"https:\/\/formar.shop\/lt\/wp-json\/wp\/v2\/product"}],"about":[{"href":"https:\/\/formar.shop\/lt\/wp-json\/wp\/v2\/types\/product"}],"wp:featuredmedia":[{"embeddable":true,"href":"https:\/\/formar.shop\/lt\/wp-json\/wp\/v2\/media\/48861"}],"wp:attachment":[{"href":"https:\/\/formar.shop\/lt\/wp-json\/wp\/v2\/media?parent=48860"}],"wp:term":[{"taxonomy":"product_brand","embeddable":true,"href":"https:\/\/formar.shop\/lt\/wp-json\/wp\/v2\/product_brand?post=48860"},{"taxonomy":"product_cat","embeddable":true,"href":"https:\/\/formar.shop\/lt\/wp-json\/wp\/v2\/product_cat?post=48860"},{"taxonomy":"product_tag","embeddable":true,"href":"https:\/\/formar.shop\/lt\/wp-json\/wp\/v2\/product_tag?post=48860"}],"curies":[{"name":"wp","href":"https:\/\/api.w.org\/{rel}","templated":true}]}}