{"id":48399,"date":"2025-01-18T21:39:21","date_gmt":"2025-01-18T20:39:21","guid":{"rendered":"https:\/\/formar.shop\/prodotto\/knygu-spinta-stalas-cube-table-01\/"},"modified":"2025-01-18T21:39:29","modified_gmt":"2025-01-18T20:39:29","slug":"knygu-spinta-stalas-cube-table-01","status":"publish","type":"product","link":"https:\/\/formar.shop\/lt\/prodotto\/knygu-spinta-stalas-cube-table-01\/","title":{"rendered":"Knyg\u0173 spinta &#8211; Stalas &#8222;Cube Table 01"},"content":{"rendered":"<h2>KUBELIO FORMOS KNYG\u0172 SPINTA 01<\/h2>\n<p>Nedidelis stalas arba knyg\u0173 spinta, kurioje galima rasti pakankamai vietos saugojimui ma\u017eoje erdv\u0117je.<\/p>\n<h2 class=\"a-spacing-mini\">Naudodami knyg\u0173 spintos staliuk\u0105 &#8222;Cube Table 01&#8221; suteiksite savo namams asmeni\u0161kumo, charakterio ir i\u0161skirtinumo.<\/h2>\n<p>Originalus, paprastas ir prakti\u0161kas dizainas u\u017etikrina eleganti\u0161k\u0105 tvarkos ir gro\u017eio pusiausvyr\u0105 bet kuriame j\u016bs\u0173 nam\u0173 kambaryje. Puikiai tinka knygoms ar dekoratyviniams daiktams pad\u0117ti. <\/p>\n<p>Pagrindas yra baltos spalvos, o vir\u0161\u0173 galima rinktis i\u0161 trij\u0173 gra\u017ei\u0173 variant\u0173: raudonos, juodos ir pilkos.<\/p>\n<h3 class=\"av-special-heading-tag \">DIZAINO PRODUKTAS<\/h3>\n<p>J\u012f suk\u016br\u0117 ir suprojektavo ital\u0173 dizaineris Mario Mazzeris, kuris 1978 m. Milano politechnikos mokykloje baig\u0117 architekt\u016bros studijas, o 1979 m. Milano dizaino mokykloje (Scuola Politecnica di Design) baig\u0117 pramoninio dizaino studijas.<br \/>\u010cia jis sta\u017eavosi septintajame de\u0161imtmetyje, bendradarbiaudamas su ital\u0173 dizaino meistrais, o 1980 m. Conegliano Veneto mieste \u012fk\u016br\u0117 &#8222;Mario Mazzer Architects&#8221;. 1996 m. jis buvo ne kart\u0105 apdovanotas ID metin\u0117je dizaino ap\u017evalgoje Niujorke. Rodydamas savo darbus, jis labai prisid\u0117jo prie itali\u0161k\u0173 gamini\u0173 populiarumo visame pasaulyje skatinimo.  <\/p>\n<h3 class=\"av-special-heading-tag \">GAMINIO MATMENYS<\/h3>\n<p>Individuali produkto priemon\u0117:<\/p>\n<ul>\n<li>40 cm ilgio<\/li>\n<li>40 cm gylio<\/li>\n<li>33,5 cm auk\u0161\u010dio<\/li>\n<\/ul>\n<div class=\"is-divider divider clearfix\" style=\"max-width:1000px;\"><\/div>\n<div class=\"row\"  id=\"row-1816024378\">\n\n\t<div id=\"col-1531012192\" class=\"col small-12 large-12\"  >\n\t\t\t\t<div class=\"col-inner\"  >\n\t\t\t\n\t\t\t\n\n\t\t<div class=\"icon-box featured-box icon-box-left text-left\"  >\n\t\t\t\t\t<div class=\"icon-box-img\" style=\"width: 20px\">\n\t\t\t\t<div class=\"icon\">\n\t\t\t\t\t<div class=\"icon-inner\" >\n\t\t\t\t\t\t<img loading=\"lazy\" decoding=\"async\" width=\"300\" height=\"300\" src=\"https:\/\/static.formar.net\/wp-content\/uploads\/2022\/09\/20173538\/Icona-telefono-300x300.png\" class=\"attachment-medium size-medium\" alt=\"\" srcset=\"https:\/\/static.formar.net\/wp-content\/uploads\/2022\/09\/20173538\/Icona-telefono-300x300.png 300w, https:\/\/static.formar.net\/wp-content\/uploads\/2022\/09\/20173538\/Icona-telefono-80x80.png 80w, https:\/\/static.formar.net\/wp-content\/uploads\/2022\/09\/20173538\/Icona-telefono-510x510.png 510w, https:\/\/static.formar.net\/wp-content\/uploads\/2022\/09\/20173538\/Icona-telefono-100x100.png 100w, https:\/\/static.formar.net\/wp-content\/uploads\/2022\/09\/20173538\/Icona-telefono-50x50.png 50w, https:\/\/static.formar.net\/wp-content\/uploads\/2022\/09\/20173538\/Icona-telefono.png 512w\" sizes=\"auto, (max-width: 300px) 100vw, 300px\" \/>\t\t\t\t\t<\/div>\n\t\t\t\t<\/div>\n\t\t\t<\/div>\n\t\t\t\t<div class=\"icon-box-text last-reset\">\n\t\t\t\t\t\t\t\t\t\n<h3><span style=\"font-size: 75%;\">U\u017esakymai telefonu: 800 122 267<\/span><\/h3>\n\t\t<\/div>\n\t<\/div>\n\t\n\t\n\n\t\t<div class=\"icon-box featured-box icon-box-left text-left\"  >\n\t\t\t\t\t<div class=\"icon-box-img\" style=\"width: 20px\">\n\t\t\t\t<div class=\"icon\">\n\t\t\t\t\t<div class=\"icon-inner\" >\n\t\t\t\t\t\t<img loading=\"lazy\" decoding=\"async\" width=\"300\" height=\"300\" src=\"https:\/\/static.formar.net\/wp-content\/uploads\/2022\/09\/20173537\/Icona-whatsapp-1-300x300.png\" class=\"attachment-medium size-medium\" alt=\"\" srcset=\"https:\/\/static.formar.net\/wp-content\/uploads\/2022\/09\/20173537\/Icona-whatsapp-1-300x300.png 300w, https:\/\/static.formar.net\/wp-content\/uploads\/2022\/09\/20173537\/Icona-whatsapp-1-80x80.png 80w, https:\/\/static.formar.net\/wp-content\/uploads\/2022\/09\/20173537\/Icona-whatsapp-1-510x510.png 510w, https:\/\/static.formar.net\/wp-content\/uploads\/2022\/09\/20173537\/Icona-whatsapp-1-100x100.png 100w, https:\/\/static.formar.net\/wp-content\/uploads\/2022\/09\/20173537\/Icona-whatsapp-1-50x50.png 50w, https:\/\/static.formar.net\/wp-content\/uploads\/2022\/09\/20173537\/Icona-whatsapp-1-600x600.png 600w, https:\/\/static.formar.net\/wp-content\/uploads\/2022\/09\/20173537\/Icona-whatsapp-1.png 720w\" sizes=\"auto, (max-width: 300px) 100vw, 300px\" \/>\t\t\t\t\t<\/div>\n\t\t\t\t<\/div>\n\t\t\t<\/div>\n\t\t\t\t<div class=\"icon-box-text last-reset\">\n\t\t\t\t\t\t\t\t\t\n<h3><span style=\"font-size: 75%;\">WhatsApp: <a href=\"https:\/\/api.whatsapp.com\/send\/?phone=390715906063&amp;text&amp;type=phone_number&amp;app_absent=0\">+39 071 5906063<\/a><\/span><\/h3>\n\t\t<\/div>\n\t<\/div>\n\t\n\t\n\n\t\t<div class=\"icon-box featured-box icon-box-left text-left\"  >\n\t\t\t\t\t<div class=\"icon-box-img\" style=\"width: 20px\">\n\t\t\t\t<div class=\"icon\">\n\t\t\t\t\t<div class=\"icon-inner\" >\n\t\t\t\t\t\t<img loading=\"lazy\" decoding=\"async\" width=\"300\" height=\"300\" src=\"https:\/\/static.formar.net\/wp-content\/uploads\/2022\/09\/20173537\/Icona-lucchetto-300x300.png\" class=\"attachment-medium size-medium\" alt=\"\" srcset=\"https:\/\/static.formar.net\/wp-content\/uploads\/2022\/09\/20173537\/Icona-lucchetto-300x300.png 300w, https:\/\/static.formar.net\/wp-content\/uploads\/2022\/09\/20173537\/Icona-lucchetto-80x80.png 80w, https:\/\/static.formar.net\/wp-content\/uploads\/2022\/09\/20173537\/Icona-lucchetto-100x100.png 100w, https:\/\/static.formar.net\/wp-content\/uploads\/2022\/09\/20173537\/Icona-lucchetto-50x50.png 50w, https:\/\/static.formar.net\/wp-content\/uploads\/2022\/09\/20173537\/Icona-lucchetto.png 500w\" sizes=\"auto, (max-width: 300px) 100vw, 300px\" \/>\t\t\t\t\t<\/div>\n\t\t\t\t<\/div>\n\t\t\t<\/div>\n\t\t\t\t<div class=\"icon-box-text last-reset\">\n\t\t\t\t\t\t\t\t\t\n<h3><span style=\"font-size: 75%;\">Saug\u016bs ir patikimi mok\u0117jimai su SSL i\u0161\u0161ifravimu<\/span><\/h3>\n\t\t<\/div>\n\t<\/div>\n\t\n\t\n\n\t\t<div class=\"icon-box featured-box icon-box-left text-left\"  >\n\t\t\t\t\t<div class=\"icon-box-img\" style=\"width: 20px\">\n\t\t\t\t<div class=\"icon\">\n\t\t\t\t\t<div class=\"icon-inner\" >\n\t\t\t\t\t\t<img loading=\"lazy\" decoding=\"async\" width=\"224\" height=\"224\" src=\"https:\/\/static.formar.net\/wp-content\/uploads\/sites\/1\/2022\/10\/02111142\/Icona-furgone.png\" class=\"attachment-medium size-medium\" alt=\"\" srcset=\"https:\/\/static.formar.net\/wp-content\/uploads\/sites\/1\/2022\/10\/02111142\/Icona-furgone.png 224w, https:\/\/static.formar.net\/wp-content\/uploads\/sites\/1\/2022\/10\/02111142\/Icona-furgone-80x80.png 80w, https:\/\/static.formar.net\/wp-content\/uploads\/sites\/1\/2022\/10\/02111142\/Icona-furgone-100x100.png 100w, https:\/\/static.formar.net\/wp-content\/uploads\/sites\/1\/2022\/10\/02111142\/Icona-furgone-50x50.png 50w\" sizes=\"auto, (max-width: 224px) 100vw, 224px\" \/>\t\t\t\t\t<\/div>\n\t\t\t\t<\/div>\n\t\t\t<\/div>\n\t\t\t\t<div class=\"icon-box-text last-reset\">\n\t\t\t\t\t\t\t\t\t\n<h3><span style=\"font-size: 75%;\">Visada nemokamas pristatymas<\/span><\/h3>\n\t\t<\/div>\n\t<\/div>\n\t\n\t\n\n\t\t<div class=\"icon-box featured-box icon-box-left text-left\"  >\n\t\t\t\t\t<div class=\"icon-box-img\" style=\"width: 20px\">\n\t\t\t\t<div class=\"icon\">\n\t\t\t\t\t<div class=\"icon-inner\" >\n\t\t\t\t\t\t<img loading=\"lazy\" decoding=\"async\" width=\"256\" height=\"256\" src=\"https:\/\/static.formar.net\/wp-content\/uploads\/sites\/1\/2022\/10\/02111142\/Icona-carta-di-credito.png\" class=\"attachment-medium size-medium\" alt=\"\" srcset=\"https:\/\/static.formar.net\/wp-content\/uploads\/sites\/1\/2022\/10\/02111142\/Icona-carta-di-credito.png 256w, https:\/\/static.formar.net\/wp-content\/uploads\/sites\/1\/2022\/10\/02111142\/Icona-carta-di-credito-80x80.png 80w, https:\/\/static.formar.net\/wp-content\/uploads\/sites\/1\/2022\/10\/02111142\/Icona-carta-di-credito-100x100.png 100w, https:\/\/static.formar.net\/wp-content\/uploads\/sites\/1\/2022\/10\/02111142\/Icona-carta-di-credito-50x50.png 50w\" sizes=\"auto, (max-width: 256px) 100vw, 256px\" \/>\t\t\t\t\t<\/div>\n\t\t\t\t<\/div>\n\t\t\t<\/div>\n\t\t\t\t<div class=\"icon-box-text last-reset\">\n\t\t\t\t\t\t\t\t\t\n<h3><span style=\"font-size: 75%;\"><a href=\"https:\/\/formar.shop\/pagamento\/\">Mok\u0117jimas<\/a>: Paypal, Kredito kortel\u0117, Grynieji pinigai arba Bancomat (vietoje), Grynieji pinigai pristatymo metu<\/span><\/h3>\n\t\t<\/div>\n\t<\/div>\n\t\n\t\n\n\t\t<div class=\"icon-box featured-box icon-box-left text-left\"  >\n\t\t\t\t<div class=\"icon-box-text last-reset\">\n\t\t\t\t\t\t\t\t\t\n<h3><span style=\"font-size: 15.12px;\">Gamintojo garantija<\/span><\/h3>\n\t\t<\/div>\n\t<\/div>\n\t\n\t\n\n\t\t<div class=\"icon-box featured-box icon-box-left text-left\"  >\n\t\t\t\t<div class=\"icon-box-text last-reset\">\n\t\t\t\t\t\t\t\t\t\n<h3><span style=\"font-size: 75%;\">Greitas ir lengvas gr\u0105\u017einimas.  <a href=\"https:\/\/formar.shop\/regole-sulla-restituzione\/\">Daugiau informacijos<\/a><\/span><\/h3>\n\t\t<\/div>\n\t<\/div>\n\t\n\t\n\t\t<\/div>\n\t\t\t\t\t<\/div>\n\n\t\n<\/div>\n","protected":false},"excerpt":{"rendered":"<p>\u0160is ital\u0173 dizainerio MARIO MAZZER sugalvotas ir suprojektuotas \u0161oninis staliukas tinka bet kokiam kambariui \u012frengti.<br \/>\nJ\u012f sudaro baltas pagrindas ir trij\u0173 spalv\u0173 stalvir\u0161is: raudonos, juodos ir pilkos.<br \/>\nD\u0117l pridedamo rinkinio surinkimas yra greitas ir paprastas.  <\/p>\n","protected":false},"featured_media":48400,"template":"","meta":{"_joinchat":[]},"product_brand":[],"product_cat":[1962,2336],"product_tag":[2365,2106],"class_list":{"0":"post-48399","1":"product","2":"type-product","3":"status-publish","4":"has-post-thumbnail","6":"product_cat-pagrindinis","7":"product_cat-stalai-ir-zurnaliniai-staliukai","8":"product_tag-kavos-staliukai","9":"product_tag-lenteles","11":"first","12":"instock","13":"sale","14":"taxable","15":"shipping-taxable","16":"purchasable","17":"product-type-variable","18":"has-default-attributes"},"yoast_head":"<!-- This site is optimized with the Yoast SEO plugin v27.3 - https:\/\/yoast.com\/product\/yoast-seo-wordpress\/ -->\n<title>Knyg\u0173 spinta - Stalas &quot;Cube Table 01 - Formar.shop<\/title>\n<meta name=\"robots\" content=\"index, follow, max-snippet:-1, max-image-preview:large, max-video-preview:-1\" \/>\n<link rel=\"canonical\" href=\"https:\/\/formar.shop\/lt\/prodotto\/knygu-spinta-stalas-cube-table-01\/\" \/>\n<script type=\"application\/ld+json\" class=\"yoast-schema-graph\">{\"@context\":\"https:\\\/\\\/schema.org\",\"@graph\":[{\"@type\":\"WebPage\",\"@id\":\"https:\\\/\\\/formar.shop\\\/lt\\\/prodotto\\\/knygu-spinta-stalas-cube-table-01\\\/\",\"url\":\"https:\\\/\\\/formar.shop\\\/lt\\\/prodotto\\\/knygu-spinta-stalas-cube-table-01\\\/\",\"name\":\"Knyg\u0173 spinta - Stalas \\\"Cube Table 01 - Formar.shop\",\"isPartOf\":{\"@id\":\"https:\\\/\\\/formar.shop\\\/lt\\\/#website\"},\"primaryImageOfPage\":{\"@id\":\"https:\\\/\\\/formar.shop\\\/lt\\\/prodotto\\\/knygu-spinta-stalas-cube-table-01\\\/#primaryimage\"},\"image\":{\"@id\":\"https:\\\/\\\/formar.shop\\\/lt\\\/prodotto\\\/knygu-spinta-stalas-cube-table-01\\\/#primaryimage\"},\"thumbnailUrl\":\"https:\\\/\\\/static.formar.net\\\/wp-content\\\/uploads\\\/2020\\\/12\\\/22191323\\\/Immagini-di-prodotto-x-Amazon-41.png\",\"datePublished\":\"2025-01-18T20:39:21+00:00\",\"dateModified\":\"2025-01-18T20:39:29+00:00\",\"breadcrumb\":{\"@id\":\"https:\\\/\\\/formar.shop\\\/lt\\\/prodotto\\\/knygu-spinta-stalas-cube-table-01\\\/#breadcrumb\"},\"inLanguage\":\"lt-LT\",\"potentialAction\":[{\"@type\":\"ReadAction\",\"target\":[\"https:\\\/\\\/formar.shop\\\/lt\\\/prodotto\\\/knygu-spinta-stalas-cube-table-01\\\/\"]}]},{\"@type\":\"ImageObject\",\"inLanguage\":\"lt-LT\",\"@id\":\"https:\\\/\\\/formar.shop\\\/lt\\\/prodotto\\\/knygu-spinta-stalas-cube-table-01\\\/#primaryimage\",\"url\":\"https:\\\/\\\/static.formar.net\\\/wp-content\\\/uploads\\\/2020\\\/12\\\/22191323\\\/Immagini-di-prodotto-x-Amazon-41.png\",\"contentUrl\":\"https:\\\/\\\/static.formar.net\\\/wp-content\\\/uploads\\\/2020\\\/12\\\/22191323\\\/Immagini-di-prodotto-x-Amazon-41.png\",\"width\":1012,\"height\":1012},{\"@type\":\"BreadcrumbList\",\"@id\":\"https:\\\/\\\/formar.shop\\\/lt\\\/prodotto\\\/knygu-spinta-stalas-cube-table-01\\\/#breadcrumb\",\"itemListElement\":[{\"@type\":\"ListItem\",\"position\":1,\"name\":\"Home\",\"item\":\"https:\\\/\\\/formar.shop\\\/lt\\\/automatinis-projektas\\\/\"},{\"@type\":\"ListItem\",\"position\":2,\"name\":\"Parduotuv\u0117\",\"item\":\"https:\\\/\\\/formar.shop\\\/lt\\\/parduotuve\\\/\"},{\"@type\":\"ListItem\",\"position\":3,\"name\":\"Knyg\u0173 spinta &#8211; Stalas &#8220;Cube Table 01\"}]},{\"@type\":\"WebSite\",\"@id\":\"https:\\\/\\\/formar.shop\\\/lt\\\/#website\",\"url\":\"https:\\\/\\\/formar.shop\\\/lt\\\/\",\"name\":\"Formar.shop\",\"description\":\"Soluzioni espresse con stile\",\"potentialAction\":[{\"@type\":\"SearchAction\",\"target\":{\"@type\":\"EntryPoint\",\"urlTemplate\":\"https:\\\/\\\/formar.shop\\\/lt\\\/?s={search_term_string}\"},\"query-input\":{\"@type\":\"PropertyValueSpecification\",\"valueRequired\":true,\"valueName\":\"search_term_string\"}}],\"inLanguage\":\"lt-LT\"}]}<\/script>\n<!-- \/ Yoast SEO plugin. -->","yoast_head_json":{"title":"Knyg\u0173 spinta - Stalas \"Cube Table 01 - Formar.shop","robots":{"index":"index","follow":"follow","max-snippet":"max-snippet:-1","max-image-preview":"max-image-preview:large","max-video-preview":"max-video-preview:-1"},"canonical":"https:\/\/formar.shop\/lt\/prodotto\/knygu-spinta-stalas-cube-table-01\/","schema":{"@context":"https:\/\/schema.org","@graph":[{"@type":"WebPage","@id":"https:\/\/formar.shop\/lt\/prodotto\/knygu-spinta-stalas-cube-table-01\/","url":"https:\/\/formar.shop\/lt\/prodotto\/knygu-spinta-stalas-cube-table-01\/","name":"Knyg\u0173 spinta - Stalas \"Cube Table 01 - Formar.shop","isPartOf":{"@id":"https:\/\/formar.shop\/lt\/#website"},"primaryImageOfPage":{"@id":"https:\/\/formar.shop\/lt\/prodotto\/knygu-spinta-stalas-cube-table-01\/#primaryimage"},"image":{"@id":"https:\/\/formar.shop\/lt\/prodotto\/knygu-spinta-stalas-cube-table-01\/#primaryimage"},"thumbnailUrl":"https:\/\/static.formar.net\/wp-content\/uploads\/2020\/12\/22191323\/Immagini-di-prodotto-x-Amazon-41.png","datePublished":"2025-01-18T20:39:21+00:00","dateModified":"2025-01-18T20:39:29+00:00","breadcrumb":{"@id":"https:\/\/formar.shop\/lt\/prodotto\/knygu-spinta-stalas-cube-table-01\/#breadcrumb"},"inLanguage":"lt-LT","potentialAction":[{"@type":"ReadAction","target":["https:\/\/formar.shop\/lt\/prodotto\/knygu-spinta-stalas-cube-table-01\/"]}]},{"@type":"ImageObject","inLanguage":"lt-LT","@id":"https:\/\/formar.shop\/lt\/prodotto\/knygu-spinta-stalas-cube-table-01\/#primaryimage","url":"https:\/\/static.formar.net\/wp-content\/uploads\/2020\/12\/22191323\/Immagini-di-prodotto-x-Amazon-41.png","contentUrl":"https:\/\/static.formar.net\/wp-content\/uploads\/2020\/12\/22191323\/Immagini-di-prodotto-x-Amazon-41.png","width":1012,"height":1012},{"@type":"BreadcrumbList","@id":"https:\/\/formar.shop\/lt\/prodotto\/knygu-spinta-stalas-cube-table-01\/#breadcrumb","itemListElement":[{"@type":"ListItem","position":1,"name":"Home","item":"https:\/\/formar.shop\/lt\/automatinis-projektas\/"},{"@type":"ListItem","position":2,"name":"Parduotuv\u0117","item":"https:\/\/formar.shop\/lt\/parduotuve\/"},{"@type":"ListItem","position":3,"name":"Knyg\u0173 spinta &#8211; Stalas &#8220;Cube Table 01"}]},{"@type":"WebSite","@id":"https:\/\/formar.shop\/lt\/#website","url":"https:\/\/formar.shop\/lt\/","name":"Formar.shop","description":"Soluzioni espresse con stile","potentialAction":[{"@type":"SearchAction","target":{"@type":"EntryPoint","urlTemplate":"https:\/\/formar.shop\/lt\/?s={search_term_string}"},"query-input":{"@type":"PropertyValueSpecification","valueRequired":true,"valueName":"search_term_string"}}],"inLanguage":"lt-LT"}]}},"_links":{"self":[{"href":"https:\/\/formar.shop\/lt\/wp-json\/wp\/v2\/product\/48399","targetHints":{"allow":["GET"]}}],"collection":[{"href":"https:\/\/formar.shop\/lt\/wp-json\/wp\/v2\/product"}],"about":[{"href":"https:\/\/formar.shop\/lt\/wp-json\/wp\/v2\/types\/product"}],"wp:featuredmedia":[{"embeddable":true,"href":"https:\/\/formar.shop\/lt\/wp-json\/wp\/v2\/media\/48400"}],"wp:attachment":[{"href":"https:\/\/formar.shop\/lt\/wp-json\/wp\/v2\/media?parent=48399"}],"wp:term":[{"taxonomy":"product_brand","embeddable":true,"href":"https:\/\/formar.shop\/lt\/wp-json\/wp\/v2\/product_brand?post=48399"},{"taxonomy":"product_cat","embeddable":true,"href":"https:\/\/formar.shop\/lt\/wp-json\/wp\/v2\/product_cat?post=48399"},{"taxonomy":"product_tag","embeddable":true,"href":"https:\/\/formar.shop\/lt\/wp-json\/wp\/v2\/product_tag?post=48399"}],"curies":[{"name":"wp","href":"https:\/\/api.w.org\/{rel}","templated":true}]}}