{"id":48151,"date":"2022-10-01T17:52:49","date_gmt":"2025-01-18T20:37:40","guid":{"rendered":"https:\/\/formar.shop\/prodotto\/pora-minkstu-sedynes-ir-atloso-pagalveliu-suoliukui\/"},"modified":"2025-11-18T11:27:32","modified_gmt":"2025-11-18T10:27:32","slug":"pora-minkstu-sedynes-ir-atloso-pagalveliu-suoliukui","status":"publish","type":"product","link":"https:\/\/formar.shop\/lt\/prodotto\/pora-minkstu-sedynes-ir-atloso-pagalveliu-suoliukui\/","title":{"rendered":"Pora mink\u0161t\u0173 s\u0117dyn\u0117s ir atlo\u0161o pagalv\u0117li\u0173 suoliukui"},"content":{"rendered":"\t<div id=\"gap-418717039\" class=\"gap-element clearfix\" style=\"display:block; height:auto;\">\n\t\t\n<style>\n#gap-418717039 {\n  padding-top: 30px;\n}\n<\/style>\n\t<\/div>\n\t\n\t<div id=\"text-219046234\" class=\"text\">\n\t\t\n<h3><span style=\"color: #3b3b00;\">Poros pagalv\u0117li\u0173, u\u017epildyt\u0173 1\/IM klas\u0117s nedegia eko oda.<\/span><\/h3>\n<\/p>\n\t\t\n<style>\n#text-219046234 {\n  font-size: 1.9rem;\n  line-height: 1;\n  text-align: center;\n  color: #85d782;\n}\n#text-219046234 > * {\n  color: #85d782;\n}\n@media (min-width:550px) {\n  #text-219046234 {\n    line-height: 0.75;\n  }\n}\n<\/style>\n\t<\/div>\n\t\n<div class=\"row\"  id=\"row-655657625\">\n\n\t<div id=\"col-2053341449\" class=\"col small-12 large-12\"  >\n\t\t\t\t<div class=\"col-inner text-left\"  >\n\t\t\t\n\t\t\t\n\n\t<section class=\"section\" id=\"section_950614601\">\n\t\t<div class=\"section-bg fill\" >\n\t\t\t\t\t\t\t\t\t\n\t\t\t\n\t<div class=\"is-border\"\n\t\tstyle=\"border-width:0px 0px 0px 0px;margin:0px 0px 0px 0px;\">\n\t<\/div>\n\n\t\t<\/div>\n\n\t\t\n\n\t\t<div class=\"section-content relative\">\n\t\t\t\n<div class=\"row row-large row-full-width align-right\"  id=\"row-522577652\">\n\n\t<div id=\"col-812441364\" class=\"col medium-5 small-12 large-5\"  >\n\t\t\t\t<div class=\"col-inner\"  >\n\t\t\t\n\t\t\t\n\t<div class=\"img has-hover x md-x lg-x y md-y lg-y\" id=\"image_251233837\">\n\t\t\t\t\t\t\t\t<div class=\"img-inner dark\" >\n\t\t\t<img loading=\"lazy\" decoding=\"async\" width=\"974\" height=\"1030\" src=\"https:\/\/static.formar.net\/wp-content\/uploads\/sites\/1\/2023\/08\/02110703\/Sedile-Imbottito-per-panche-acciaio_Insiem-Sfuocato_coppia--974x1030.jpg\" class=\"attachment-large size-large\" alt=\"\" srcset=\"https:\/\/static.formar.net\/wp-content\/uploads\/sites\/1\/2023\/08\/02110703\/Sedile-Imbottito-per-panche-acciaio_Insiem-Sfuocato_coppia--974x1030.jpg 974w, https:\/\/static.formar.net\/wp-content\/uploads\/sites\/1\/2023\/08\/02110703\/Sedile-Imbottito-per-panche-acciaio_Insiem-Sfuocato_coppia--284x300.jpg 284w, https:\/\/static.formar.net\/wp-content\/uploads\/sites\/1\/2023\/08\/02110703\/Sedile-Imbottito-per-panche-acciaio_Insiem-Sfuocato_coppia--768x812.jpg 768w, https:\/\/static.formar.net\/wp-content\/uploads\/sites\/1\/2023\/08\/02110703\/Sedile-Imbottito-per-panche-acciaio_Insiem-Sfuocato_coppia--1453x1536.jpg 1453w, https:\/\/static.formar.net\/wp-content\/uploads\/sites\/1\/2023\/08\/02110703\/Sedile-Imbottito-per-panche-acciaio_Insiem-Sfuocato_coppia--1937x2048.jpg 1937w, https:\/\/static.formar.net\/wp-content\/uploads\/sites\/1\/2023\/08\/02110703\/Sedile-Imbottito-per-panche-acciaio_Insiem-Sfuocato_coppia--510x539.jpg 510w\" sizes=\"auto, (max-width: 974px) 100vw, 974px\" \/>\t\t\t\t\t\t\n\t\t\t\t\t<\/div>\n\t\t\t\t\t\t\t\t\n<style>\n#image_251233837 {\n  width: 100%;\n}\n<\/style>\n\t<\/div>\n\t\n\t\t<\/div>\n\t\t\t\t\t<\/div>\n\n\t\n\n\t<div id=\"col-1731888762\" class=\"col medium-7 small-12 large-7\"  >\n\t\t\t\t<div class=\"col-inner\"  >\n\t\t\t\n\t\t\t\n<h3><span style=\"color: #808080;\">Funkcijos  <\/span><\/h3>\n<ul>\n<li><span style=\"color: #808080;\">12 mm storio lenktas daugiasluoksnis pagrindas, u\u017epildytas neformuojamu putplas\u010diu ir padengtas <strong>nedegia eko oda<\/strong> <strong>1\/IM klas\u0117s<\/strong><\/span><\/li>\n<li><span style=\"color: #808080;\">Pagalv\u0117l\u0117s prie 2, 3, 4 ir 5 viet\u0173 suol\u0173 s\u0117dyn\u0117s ir atlo\u0161o tvirtinamos var\u017etais.<\/span><\/li>\n<li><span style=\"color: #808080;\">Nusmailinti kra\u0161tai<\/span><\/li>\n<li><span style=\"color: #808080;\">Parduodama poromis (1 atlo\u0161as 1 s\u0117dyn\u0117)<\/span><\/li>\n<li><span style=\"color: #808080;\">Matmenys cm L 47 x P 38 x A 4<\/span><\/li>\n<li><span style=\"color: #808080;\">Vienos pagalv\u0117l\u0117s svoris 1 kg (poros &#8211; 2 kg)<\/span><\/li>\n<li><span style=\"color: #808080;\">Tinka visiems &#8222;Formar Shop&#8221; stal\u0173 modeliams<\/span><\/li>\n<\/ul>\n\t\t<\/div>\n\t\t\t\t\t<\/div>\n\n\t\n<\/p>\n<\/div>\n\t\t<\/div>\n\n\t\t\n<style>\n#section_950614601 {\n  padding-top: 0px;\n  padding-bottom: 0px;\n  margin-bottom: 0px;\n  min-height: 400px;\n}\n@media (min-width:550px) {\n  #section_950614601 {\n    min-height: 0px;\n  }\n}\n<\/style>\n\t<\/section>\n\t\n<p>PRIE\u017dI\u016aRA IR APTARNAVIMAS:<\/p>\n<p>Nuvalykite dr\u0117gnu \u0161iltu vandeniu ir neutraliu produktu sudr\u0117kintu skudur\u0117liu.<\/p>\n\t\t<\/div>\n\t\t\t\t\t<\/div>\n\n\t\n<\/div>\n<\/p>\n\n\t<section class=\"section\" id=\"section_1631438656\">\n\t\t<div class=\"section-bg fill\" >\n\t\t\t\t\t\t\t\t\t\n\t\t\t\n\n\t\t<\/div>\n\n\t\t\n\n\t\t<div class=\"section-content relative\">\n\t\t\t\n<div class=\"is-divider divider clearfix\" style=\"max-width:1000px;\"><\/div>\n<div class=\"row row-solid\"  id=\"row-134811549\">\n\n\t<div id=\"col-211943229\" class=\"col medium-3 small-12 large-3\"  >\n\t\t\t\t<div class=\"col-inner\"  >\n\t\t\t\n\t\t\t\n\n\t\t<div class=\"icon-box featured-box icon-box-center text-center\"  >\n\t\t\t\t\t<div class=\"icon-box-img\" style=\"width: 50px\">\n\t\t\t\t<div class=\"icon\">\n\t\t\t\t\t<div class=\"icon-inner\" >\n\t\t\t\t\t\t<img loading=\"lazy\" decoding=\"async\" width=\"128\" height=\"128\" src=\"https:\/\/static.formar.net\/wp-content\/uploads\/sites\/1\/2022\/10\/02111131\/2703076-128-1-1.png\" class=\"attachment-medium size-medium\" alt=\"\" srcset=\"https:\/\/static.formar.net\/wp-content\/uploads\/sites\/1\/2022\/10\/02111131\/2703076-128-1-1.png 128w, https:\/\/static.formar.net\/wp-content\/uploads\/sites\/1\/2022\/10\/02111131\/2703076-128-1-1-80x80.png 80w, https:\/\/static.formar.net\/wp-content\/uploads\/sites\/1\/2022\/10\/02111131\/2703076-128-1-1-100x100.png 100w, https:\/\/static.formar.net\/wp-content\/uploads\/sites\/1\/2022\/10\/02111131\/2703076-128-1-1-50x50.png 50w\" sizes=\"auto, (max-width: 128px) 100vw, 128px\" \/>\t\t\t\t\t<\/div>\n\t\t\t\t<\/div>\n\t\t\t<\/div>\n\t\t\t\t<div class=\"icon-box-text last-reset\">\n\t\t\t\t\t\t\t\t\t\n<h3>Klient\u0173 aptarnavimas visada pasiekiamas<\/h3>\n<p>Su mumis galite susisiekti per &#8222;WhatsApp&#8221;: <a href=\"https:\/\/api.whatsapp.com\/send\/?phone=390715906063&amp;text&amp;type=phone_number&amp;app_absent=0\">+39 071 5906063<\/a><\/p>\n<p>U\u017esakymai telefonu: <a href=\"tel:+39800122267\">800 122 267<\/a><\/p>\n\t\t<\/div>\n\t<\/div>\n\t\n\t\n\t\t<\/div>\n\t\t\t\t\t<\/div>\n\n\t\n<\/p>\n\n\t<div id=\"col-1885359762\" class=\"col medium-3 small-12 large-3\"  >\n\t\t\t\t<div class=\"col-inner\"  >\n\t\t\t\n\t\t\t\n\n\t\t<div class=\"icon-box featured-box icon-box-center text-center\"  >\n\t\t\t\t\t<div class=\"icon-box-img\" style=\"width: 50px\">\n\t\t\t\t<div class=\"icon\">\n\t\t\t\t\t<div class=\"icon-inner\" >\n\t\t\t\t\t\t<img loading=\"lazy\" decoding=\"async\" width=\"256\" height=\"256\" src=\"https:\/\/static.formar.net\/wp-content\/uploads\/sites\/1\/2022\/11\/02111117\/Icona-carta-di-credito.png\" class=\"attachment-medium size-medium\" alt=\"\" srcset=\"https:\/\/static.formar.net\/wp-content\/uploads\/sites\/1\/2022\/11\/02111117\/Icona-carta-di-credito.png 256w, https:\/\/static.formar.net\/wp-content\/uploads\/sites\/1\/2022\/11\/02111117\/Icona-carta-di-credito-80x80.png 80w, https:\/\/static.formar.net\/wp-content\/uploads\/sites\/1\/2022\/11\/02111117\/Icona-carta-di-credito-100x100.png 100w, https:\/\/static.formar.net\/wp-content\/uploads\/sites\/1\/2022\/11\/02111117\/Icona-carta-di-credito-50x50.png 50w\" sizes=\"auto, (max-width: 256px) 100vw, 256px\" \/>\t\t\t\t\t<\/div>\n\t\t\t\t<\/div>\n\t\t\t<\/div>\n\t\t\t\t<div class=\"icon-box-text last-reset\">\n\t\t\t\t\t\t\t\t\t\n<h3>Pasirinkite mok\u0117jimo form\u0105<\/h3>\n<p>Mok\u0117jimas per Paypal, kredito kortel\u0119, grynaisiais pinigais arba Bancomat (vietoje) ir grynaisiais pinigais pristatymo metu<\/p>\n\t\t<\/div>\n\t<\/div>\n\t\n\t\n\t\t<\/div>\n\t\t\t\t\t<\/div>\n\n\t\n<\/p>\n\n\t<div id=\"col-794519282\" class=\"col medium-3 small-12 large-3\"  >\n\t\t\t\t<div class=\"col-inner\"  >\n\t\t\t\n\t\t\t\n\n\t\t<div class=\"icon-box featured-box icon-box-center text-center\"  >\n\t\t\t\t\t<div class=\"icon-box-img\" style=\"width: 50px\">\n\t\t\t\t<div class=\"icon\">\n\t\t\t\t\t<div class=\"icon-inner\" >\n\t\t\t\t\t\t<img loading=\"lazy\" decoding=\"async\" width=\"128\" height=\"128\" src=\"https:\/\/static.formar.net\/wp-content\/uploads\/sites\/1\/2022\/10\/02111130\/3669335-128-1.png\" class=\"attachment-medium size-medium\" alt=\"\" srcset=\"https:\/\/static.formar.net\/wp-content\/uploads\/sites\/1\/2022\/10\/02111130\/3669335-128-1.png 128w, https:\/\/static.formar.net\/wp-content\/uploads\/sites\/1\/2022\/10\/02111130\/3669335-128-1-80x80.png 80w, https:\/\/static.formar.net\/wp-content\/uploads\/sites\/1\/2022\/10\/02111130\/3669335-128-1-100x100.png 100w, https:\/\/static.formar.net\/wp-content\/uploads\/sites\/1\/2022\/10\/02111130\/3669335-128-1-50x50.png 50w\" sizes=\"auto, (max-width: 128px) 100vw, 128px\" \/>\t\t\t\t\t<\/div>\n\t\t\t\t<\/div>\n\t\t\t<\/div>\n\t\t\t\t<div class=\"icon-box-text last-reset\">\n\t\t\t\t\t\t\t\t\t\n<h3>Lengvas ir ner\u016bpestingas gr\u0105\u017einimas<\/h3>\n<p>Kilus problemoms, organizuojame pa\u0117mim\u0105 tiesiogiai j\u016bs\u0173 adresu.<a href=\"https:\/\/formar.shop\/lt\/grazinimo-taisykles\/\">(Daugiau informacijos).<\/a><\/p>\n\t\t<\/div>\n\t<\/div>\n\t\n\t\n\t\t<\/div>\n\t\t\t\t\t<\/div>\n\n\t\n<\/p>\n\n\t<div id=\"col-726314013\" class=\"col medium-3 small-12 large-3\"  >\n\t\t\t\t<div class=\"col-inner\"  >\n\t\t\t\n\t\t\t\n\n\t\t<div class=\"icon-box featured-box icon-box-center text-center\"  >\n\t\t\t\t\t<div class=\"icon-box-img\" style=\"width: 50px\">\n\t\t\t\t<div class=\"icon\">\n\t\t\t\t\t<div class=\"icon-inner\" >\n\t\t\t\t\t\t<img loading=\"lazy\" decoding=\"async\" width=\"128\" height=\"128\" src=\"https:\/\/static.formar.net\/wp-content\/uploads\/sites\/1\/2022\/10\/02111130\/5959201-128-1.png\" class=\"attachment-medium size-medium\" alt=\"\" srcset=\"https:\/\/static.formar.net\/wp-content\/uploads\/sites\/1\/2022\/10\/02111130\/5959201-128-1.png 128w, https:\/\/static.formar.net\/wp-content\/uploads\/sites\/1\/2022\/10\/02111130\/5959201-128-1-80x80.png 80w, https:\/\/static.formar.net\/wp-content\/uploads\/sites\/1\/2022\/10\/02111130\/5959201-128-1-100x100.png 100w, https:\/\/static.formar.net\/wp-content\/uploads\/sites\/1\/2022\/10\/02111130\/5959201-128-1-50x50.png 50w\" sizes=\"auto, (max-width: 128px) 100vw, 128px\" \/>\t\t\t\t\t<\/div>\n\t\t\t\t<\/div>\n\t\t\t<\/div>\n\t\t\t\t<div class=\"icon-box-text last-reset\">\n\t\t\t\t\t\t\t\t\t\n<h3>Gamintojo garantija ir atsargin\u0117s dalys<\/h3>\n<p>Visiems m\u016bs\u0173 gaminiams suteikiama m\u016bs\u0173 garantija. Daugeliui gamini\u0173 tuo pa\u010diu laikotarpiu garantuojame ir atsargines dalis. <\/p>\n\t\t<\/div>\n\t<\/div>\n\t\n\t\n\t\t<\/div>\n\t\t\t\t\t<\/div>\n\n\t\n\n<style>\n#row-134811549 > .col > .col-inner {\n  padding: 20px 20px 20px 20px;\n}\n<\/style>\n<\/div>\n\t\t<\/div>\n\n\t\t\n<style>\n#section_1631438656 {\n  padding-top: 30px;\n  padding-bottom: 30px;\n}\n<\/style>\n\t<\/section>\n\t\n","protected":false},"excerpt":{"rendered":"<p>12 mm storio lenktas daugiasluoksnis pagrindas, u\u017epildytas neformuojamu putplas\u010diu ir padengtas 1\/IM klas\u0117s nedegia eko oda. Pagalv\u0117l\u0117s, naudojant var\u017etus, tvirtinamos prie 2, 3, 4 ir 5 viet\u0173 suol\u0173 s\u0117dyn\u0117s ir atlo\u0161o. U\u017eapvalinti kra\u0161tai. Parduodamos poromis (1 vnt. atlo\u0161ui, 1 vnt. s\u0117dynei)<br \/>Pritaikomos visiems Formar Shop suol\u0173 modeliams.   <\/p>\n","protected":false},"featured_media":51612,"template":"","meta":{"_joinchat":[]},"product_brand":[],"product_cat":[2104,2157],"product_tag":[],"class_list":{"0":"post-48151","1":"product","2":"type-product","3":"status-publish","4":"has-post-thumbnail","6":"product_cat-biuras","7":"product_cat-laukiamojo-kambario-sedimosios-vietos","9":"first","10":"instock","11":"taxable","12":"shipping-taxable","13":"purchasable","14":"product-type-variable","15":"has-default-attributes"},"yoast_head":"<!-- This site is optimized with the Yoast SEO plugin v27.3 - https:\/\/yoast.com\/product\/yoast-seo-wordpress\/ -->\n<title>Pora mink\u0161t\u0173 s\u0117dyn\u0117s ir atlo\u0161o pagalv\u0117li\u0173 suoliukui - Formar.shop<\/title>\n<meta name=\"description\" content=\"Atramos pagamintos i\u0161 12 mm storio lenktos faneros, pamink\u0161tintos gniu\u017edymui atspariomis putomis ir aptrauktos juoda ugniai atsparia dirbtine oda. Pagalv\u0117l\u0117s prie 2, 3, 4 ir 5 viet\u0173 suol\u0173 s\u0117dyn\u0117s ir atlo\u0161o tvirtinamos var\u017etais. Nukirsti kra\u0161tai. Parduodama poromis (1 atlo\u0161ui 1 s\u0117dynei)Tinka visiems &quot;Formar Shop&quot; suol\u0173 modeliams.\" \/>\n<meta name=\"robots\" content=\"index, follow, max-snippet:-1, max-image-preview:large, max-video-preview:-1\" \/>\n<link rel=\"canonical\" href=\"https:\/\/formar.shop\/lt\/prodotto\/pora-minkstu-sedynes-ir-atloso-pagalveliu-suoliukui\/\" \/>\n<script type=\"application\/ld+json\" class=\"yoast-schema-graph\">{\"@context\":\"https:\\\/\\\/schema.org\",\"@graph\":[{\"@type\":\"WebPage\",\"@id\":\"https:\\\/\\\/formar.shop\\\/lt\\\/prodotto\\\/pora-minkstu-sedynes-ir-atloso-pagalveliu-suoliukui\\\/\",\"url\":\"https:\\\/\\\/formar.shop\\\/lt\\\/prodotto\\\/pora-minkstu-sedynes-ir-atloso-pagalveliu-suoliukui\\\/\",\"name\":\"Pora mink\u0161t\u0173 s\u0117dyn\u0117s ir atlo\u0161o pagalv\u0117li\u0173 suoliukui - Formar.shop\",\"isPartOf\":{\"@id\":\"https:\\\/\\\/formar.shop\\\/lt\\\/#website\"},\"primaryImageOfPage\":{\"@id\":\"https:\\\/\\\/formar.shop\\\/lt\\\/prodotto\\\/pora-minkstu-sedynes-ir-atloso-pagalveliu-suoliukui\\\/#primaryimage\"},\"image\":{\"@id\":\"https:\\\/\\\/formar.shop\\\/lt\\\/prodotto\\\/pora-minkstu-sedynes-ir-atloso-pagalveliu-suoliukui\\\/#primaryimage\"},\"thumbnailUrl\":\"https:\\\/\\\/static.formar.net\\\/wp-content\\\/uploads\\\/sites\\\/1\\\/2022\\\/10\\\/20143243\\\/Sedile-Imbottito-per-panche-acciaio_Insiem-Sfuocato_coppia-_scontornata.png\",\"datePublished\":\"2025-01-18T20:37:40+00:00\",\"dateModified\":\"2025-11-18T10:27:32+00:00\",\"description\":\"Atramos pagamintos i\u0161 12 mm storio lenktos faneros, pamink\u0161tintos gniu\u017edymui atspariomis putomis ir aptrauktos juoda ugniai atsparia dirbtine oda. Pagalv\u0117l\u0117s prie 2, 3, 4 ir 5 viet\u0173 suol\u0173 s\u0117dyn\u0117s ir atlo\u0161o tvirtinamos var\u017etais. Nukirsti kra\u0161tai. Parduodama poromis (1 atlo\u0161ui 1 s\u0117dynei)Tinka visiems \\\"Formar Shop\\\" suol\u0173 modeliams.\",\"breadcrumb\":{\"@id\":\"https:\\\/\\\/formar.shop\\\/lt\\\/prodotto\\\/pora-minkstu-sedynes-ir-atloso-pagalveliu-suoliukui\\\/#breadcrumb\"},\"inLanguage\":\"lt-LT\",\"potentialAction\":[{\"@type\":\"ReadAction\",\"target\":[\"https:\\\/\\\/formar.shop\\\/lt\\\/prodotto\\\/pora-minkstu-sedynes-ir-atloso-pagalveliu-suoliukui\\\/\"]}]},{\"@type\":\"ImageObject\",\"inLanguage\":\"lt-LT\",\"@id\":\"https:\\\/\\\/formar.shop\\\/lt\\\/prodotto\\\/pora-minkstu-sedynes-ir-atloso-pagalveliu-suoliukui\\\/#primaryimage\",\"url\":\"https:\\\/\\\/static.formar.net\\\/wp-content\\\/uploads\\\/sites\\\/1\\\/2022\\\/10\\\/20143243\\\/Sedile-Imbottito-per-panche-acciaio_Insiem-Sfuocato_coppia-_scontornata.png\",\"contentUrl\":\"https:\\\/\\\/static.formar.net\\\/wp-content\\\/uploads\\\/sites\\\/1\\\/2022\\\/10\\\/20143243\\\/Sedile-Imbottito-per-panche-acciaio_Insiem-Sfuocato_coppia-_scontornata.png\",\"width\":894,\"height\":894},{\"@type\":\"BreadcrumbList\",\"@id\":\"https:\\\/\\\/formar.shop\\\/lt\\\/prodotto\\\/pora-minkstu-sedynes-ir-atloso-pagalveliu-suoliukui\\\/#breadcrumb\",\"itemListElement\":[{\"@type\":\"ListItem\",\"position\":1,\"name\":\"Home\",\"item\":\"https:\\\/\\\/formar.shop\\\/lt\\\/automatinis-projektas\\\/\"},{\"@type\":\"ListItem\",\"position\":2,\"name\":\"Parduotuv\u0117\",\"item\":\"https:\\\/\\\/formar.shop\\\/lt\\\/parduotuve\\\/\"},{\"@type\":\"ListItem\",\"position\":3,\"name\":\"Pora mink\u0161t\u0173 s\u0117dyn\u0117s ir atlo\u0161o pagalv\u0117li\u0173 suoliukui\"}]},{\"@type\":\"WebSite\",\"@id\":\"https:\\\/\\\/formar.shop\\\/lt\\\/#website\",\"url\":\"https:\\\/\\\/formar.shop\\\/lt\\\/\",\"name\":\"Formar.shop\",\"description\":\"Soluzioni espresse con stile\",\"potentialAction\":[{\"@type\":\"SearchAction\",\"target\":{\"@type\":\"EntryPoint\",\"urlTemplate\":\"https:\\\/\\\/formar.shop\\\/lt\\\/?s={search_term_string}\"},\"query-input\":{\"@type\":\"PropertyValueSpecification\",\"valueRequired\":true,\"valueName\":\"search_term_string\"}}],\"inLanguage\":\"lt-LT\"}]}<\/script>\n<!-- \/ Yoast SEO plugin. -->","yoast_head_json":{"title":"Pora mink\u0161t\u0173 s\u0117dyn\u0117s ir atlo\u0161o pagalv\u0117li\u0173 suoliukui - Formar.shop","description":"Atramos pagamintos i\u0161 12 mm storio lenktos faneros, pamink\u0161tintos gniu\u017edymui atspariomis putomis ir aptrauktos juoda ugniai atsparia dirbtine oda. Pagalv\u0117l\u0117s prie 2, 3, 4 ir 5 viet\u0173 suol\u0173 s\u0117dyn\u0117s ir atlo\u0161o tvirtinamos var\u017etais. Nukirsti kra\u0161tai. Parduodama poromis (1 atlo\u0161ui 1 s\u0117dynei)Tinka visiems \"Formar Shop\" suol\u0173 modeliams.","robots":{"index":"index","follow":"follow","max-snippet":"max-snippet:-1","max-image-preview":"max-image-preview:large","max-video-preview":"max-video-preview:-1"},"canonical":"https:\/\/formar.shop\/lt\/prodotto\/pora-minkstu-sedynes-ir-atloso-pagalveliu-suoliukui\/","schema":{"@context":"https:\/\/schema.org","@graph":[{"@type":"WebPage","@id":"https:\/\/formar.shop\/lt\/prodotto\/pora-minkstu-sedynes-ir-atloso-pagalveliu-suoliukui\/","url":"https:\/\/formar.shop\/lt\/prodotto\/pora-minkstu-sedynes-ir-atloso-pagalveliu-suoliukui\/","name":"Pora mink\u0161t\u0173 s\u0117dyn\u0117s ir atlo\u0161o pagalv\u0117li\u0173 suoliukui - Formar.shop","isPartOf":{"@id":"https:\/\/formar.shop\/lt\/#website"},"primaryImageOfPage":{"@id":"https:\/\/formar.shop\/lt\/prodotto\/pora-minkstu-sedynes-ir-atloso-pagalveliu-suoliukui\/#primaryimage"},"image":{"@id":"https:\/\/formar.shop\/lt\/prodotto\/pora-minkstu-sedynes-ir-atloso-pagalveliu-suoliukui\/#primaryimage"},"thumbnailUrl":"https:\/\/static.formar.net\/wp-content\/uploads\/sites\/1\/2022\/10\/20143243\/Sedile-Imbottito-per-panche-acciaio_Insiem-Sfuocato_coppia-_scontornata.png","datePublished":"2025-01-18T20:37:40+00:00","dateModified":"2025-11-18T10:27:32+00:00","description":"Atramos pagamintos i\u0161 12 mm storio lenktos faneros, pamink\u0161tintos gniu\u017edymui atspariomis putomis ir aptrauktos juoda ugniai atsparia dirbtine oda. Pagalv\u0117l\u0117s prie 2, 3, 4 ir 5 viet\u0173 suol\u0173 s\u0117dyn\u0117s ir atlo\u0161o tvirtinamos var\u017etais. Nukirsti kra\u0161tai. Parduodama poromis (1 atlo\u0161ui 1 s\u0117dynei)Tinka visiems \"Formar Shop\" suol\u0173 modeliams.","breadcrumb":{"@id":"https:\/\/formar.shop\/lt\/prodotto\/pora-minkstu-sedynes-ir-atloso-pagalveliu-suoliukui\/#breadcrumb"},"inLanguage":"lt-LT","potentialAction":[{"@type":"ReadAction","target":["https:\/\/formar.shop\/lt\/prodotto\/pora-minkstu-sedynes-ir-atloso-pagalveliu-suoliukui\/"]}]},{"@type":"ImageObject","inLanguage":"lt-LT","@id":"https:\/\/formar.shop\/lt\/prodotto\/pora-minkstu-sedynes-ir-atloso-pagalveliu-suoliukui\/#primaryimage","url":"https:\/\/static.formar.net\/wp-content\/uploads\/sites\/1\/2022\/10\/20143243\/Sedile-Imbottito-per-panche-acciaio_Insiem-Sfuocato_coppia-_scontornata.png","contentUrl":"https:\/\/static.formar.net\/wp-content\/uploads\/sites\/1\/2022\/10\/20143243\/Sedile-Imbottito-per-panche-acciaio_Insiem-Sfuocato_coppia-_scontornata.png","width":894,"height":894},{"@type":"BreadcrumbList","@id":"https:\/\/formar.shop\/lt\/prodotto\/pora-minkstu-sedynes-ir-atloso-pagalveliu-suoliukui\/#breadcrumb","itemListElement":[{"@type":"ListItem","position":1,"name":"Home","item":"https:\/\/formar.shop\/lt\/automatinis-projektas\/"},{"@type":"ListItem","position":2,"name":"Parduotuv\u0117","item":"https:\/\/formar.shop\/lt\/parduotuve\/"},{"@type":"ListItem","position":3,"name":"Pora mink\u0161t\u0173 s\u0117dyn\u0117s ir atlo\u0161o pagalv\u0117li\u0173 suoliukui"}]},{"@type":"WebSite","@id":"https:\/\/formar.shop\/lt\/#website","url":"https:\/\/formar.shop\/lt\/","name":"Formar.shop","description":"Soluzioni espresse con stile","potentialAction":[{"@type":"SearchAction","target":{"@type":"EntryPoint","urlTemplate":"https:\/\/formar.shop\/lt\/?s={search_term_string}"},"query-input":{"@type":"PropertyValueSpecification","valueRequired":true,"valueName":"search_term_string"}}],"inLanguage":"lt-LT"}]}},"_links":{"self":[{"href":"https:\/\/formar.shop\/lt\/wp-json\/wp\/v2\/product\/48151","targetHints":{"allow":["GET"]}}],"collection":[{"href":"https:\/\/formar.shop\/lt\/wp-json\/wp\/v2\/product"}],"about":[{"href":"https:\/\/formar.shop\/lt\/wp-json\/wp\/v2\/types\/product"}],"wp:featuredmedia":[{"embeddable":true,"href":"https:\/\/formar.shop\/lt\/wp-json\/wp\/v2\/media\/51612"}],"wp:attachment":[{"href":"https:\/\/formar.shop\/lt\/wp-json\/wp\/v2\/media?parent=48151"}],"wp:term":[{"taxonomy":"product_brand","embeddable":true,"href":"https:\/\/formar.shop\/lt\/wp-json\/wp\/v2\/product_brand?post=48151"},{"taxonomy":"product_cat","embeddable":true,"href":"https:\/\/formar.shop\/lt\/wp-json\/wp\/v2\/product_cat?post=48151"},{"taxonomy":"product_tag","embeddable":true,"href":"https:\/\/formar.shop\/lt\/wp-json\/wp\/v2\/product_tag?post=48151"}],"curies":[{"name":"wp","href":"https:\/\/api.w.org\/{rel}","templated":true}]}}