{"id":46843,"date":"2025-01-18T21:32:22","date_gmt":"2025-01-18T20:32:22","guid":{"rendered":"https:\/\/formar.shop\/prodotto\/sodintuvas-medis-03\/"},"modified":"2025-01-18T21:32:37","modified_gmt":"2025-01-18T20:32:37","slug":"sodintuvas-medis-03","status":"publish","type":"product","link":"https:\/\/formar.shop\/lt\/prodotto\/sodintuvas-medis-03\/","title":{"rendered":"Sodintuvas &#8211; Medis 03"},"content":{"rendered":"<div class=\"is-divider divider clearfix\" style=\"max-width:2000px;\"><\/div>\n<div class=\"slider-wrapper relative\" id=\"slider-1626847861\" >\n    <div class=\"slider slider-nav-circle slider-nav-large slider-nav-dark slider-style-normal\"\n        data-flickity-options='{\n            \"cellAlign\": \"center\",\n            \"imagesLoaded\": true,\n            \"lazyLoad\": 1,\n            \"freeScroll\": false,\n            \"wrapAround\": true,\n            \"autoPlay\": 6000,\n            \"pauseAutoPlayOnHover\" : true,\n            \"prevNextButtons\": true,\n            \"contain\" : true,\n            \"adaptiveHeight\" : true,\n            \"dragThreshold\" : 10,\n            \"percentPosition\": true,\n            \"pageDots\": true,\n            \"rightToLeft\": false,\n            \"draggable\": true,\n            \"selectedAttraction\": 0.1,\n            \"parallax\" : 0,\n            \"friction\": 0.6        }'\n        >\n        \n\t<div class=\"img has-hover x md-x lg-x y md-y lg-y\" id=\"image_1338595292\">\n\t\t\t\t\t\t\t\t<div class=\"img-inner dark\" >\n\t\t\t<img loading=\"lazy\" decoding=\"async\" width=\"1001\" height=\"1001\" src=\"https:\/\/static.formar.net\/wp-content\/uploads\/2020\/12\/22145235\/Immagini-di-prodotto-x-Amazon-03.png\" class=\"attachment-large size-large\" alt=\"\" \/>\t\t\t\t\t\t\n\t\t\t\t\t<\/div>\n\t\t\t\t\t\t\t\t\n<style>\n#image_1338595292 {\n  width: 100%;\n}\n<\/style>\n\t<\/div>\n\t\n\t<div class=\"img has-hover x md-x lg-x y md-y lg-y\" id=\"image_603964789\">\n\t\t\t\t\t\t\t\t<div class=\"img-inner dark\" >\n\t\t\t<img loading=\"lazy\" decoding=\"async\" width=\"1001\" height=\"1001\" src=\"https:\/\/static.formar.net\/wp-content\/uploads\/2020\/12\/22145201\/Immagini-di-prodotto-x-Amazon-04.png\" class=\"attachment-large size-large\" alt=\"\" \/>\t\t\t\t\t\t\n\t\t\t\t\t<\/div>\n\t\t\t\t\t\t\t\t\n<style>\n#image_603964789 {\n  width: 100%;\n}\n<\/style>\n\t<\/div>\n\t\n\t<div class=\"img has-hover x md-x lg-x y md-y lg-y\" id=\"image_320304353\">\n\t\t\t\t\t\t\t\t<div class=\"img-inner dark\" >\n\t\t\t<img loading=\"lazy\" decoding=\"async\" width=\"1001\" height=\"1001\" src=\"https:\/\/static.formar.net\/wp-content\/uploads\/2020\/12\/22145117\/Immagini-di-prodotto-x-Amazon-01.png\" class=\"attachment-large size-large\" alt=\"\" \/>\t\t\t\t\t\t\n\t\t\t\t\t<\/div>\n\t\t\t\t\t\t\t\t\n<style>\n#image_320304353 {\n  width: 100%;\n}\n<\/style>\n\t<\/div>\n\t\n     <\/div>\n\n     <div class=\"loading-spin dark large centered\"><\/div>\n\n\t<\/div>\n\n\n<div class=\"is-divider divider clearfix\" style=\"max-width:2000px;\"><\/div>\n<h3>SODINTUVAS &#8211; MEDIS 03<\/h3>\n<p><strong>Dizainerio<\/strong> sodinukas pad\u0117s j\u016bs\u0173 nam\u0173, sodo, terasos ar balkono \u017eali\u0105j\u012f kampel\u012f paversti i\u0161skirtiniu.<br \/>\nIdealiai tinka ne tik <strong>lauko,<\/strong> bet ir <strong>vidaus erdv\u0117ms<\/strong> puo\u0161ti.<br \/>\nMario Mazzerio suprojektuotas vazonas &#8222;Tree 03&#8221; puikiai tinka puo\u0161ti namus, biur\u0105, balkon\u0105 ar sod\u0105 g\u0117l\u0117mis ir augalais.<br \/>\nDa\u017eyto metalo konstrukcija yra baltos spalvos, o konteineriai gali b\u016bti trij\u0173 <strong>gra\u017ei\u0173 spalv\u0173 variant\u0173<\/strong>, kad atitikt\u0173 kiekvieno skon\u012f ir reikalavimus. <\/p>\n<h3 class=\"av-special-heading-tag \">DIZAINO PRODUKTAS<\/h3>\n<p>Sukurtas ir suprojektuotas ital\u0173 dizainerio Mario Mazzerio, kuris 1978 m. Milano politechnikos mokykloje baig\u0117 architekt\u016bros studijas, o 1979 m. Milano dizaino mokykloje (Scuola Politecnica di Design) baig\u0117 pramoninio dizaino studijas.<br \/>\n\u010cia jis sta\u017eavosi septintajame de\u0161imtmetyje, bendradarbiaudamas su ital\u0173 dizaino meistrais, o 1980 m. Conegliano Veneto mieste \u012fk\u016br\u0117 &#8222;Mario Mazzer Architects&#8221;. 1996 m. jis buvo ne kart\u0105 apdovanotas ID metin\u0117je dizaino ap\u017evalgoje Niujorke. Rodydamas savo darbus, jis labai prisid\u0117jo prie itali\u0161k\u0173 gamini\u0173 populiarumo visame pasaulyje skatinimo.  <\/p>\n<h3 class=\"av-special-heading-tag \">KOKYBI\u0160KA MED\u017dIAGA<\/h3>\n<p>R\u0117mas pagamintas i\u0161 baltai da\u017eyto metalo, o talpyklos &#8211; i\u0161 patvaraus <strong>balto<\/strong>, <strong>pilko<\/strong> arba <strong>kalkinio<\/strong> polipropileno, o j\u0173 dugnas yra perforuotas, kad vandens perteklius gal\u0117t\u0173 pasi\u0161alinti.<\/p>\n<h3>IDEALIAI TINKA INTERJERO IR EKSTERJERO APDAILAI<\/h3>\n<p>&#8222;Tree 03&#8221; floristika yra puikus pasirinkimas skoningam <strong>interjero<\/strong> ir <strong>eksterjero<\/strong> dekoravimui, o d\u0117l savo <strong>\u0161varaus<\/strong> ir <strong>eleganti\u0161ko<\/strong> dizaino esteti\u0161kai pagyvina visas patalpas ir kontekst\u0105, kuriame ji naudojama.<\/p>\n<h3 id=\"h-finiture-di-qualit-e-made-in-italy\">GAMINIO MATMENYS<\/h3>\n<p>Atskiros vazono d\u0117\u017eut\u0117s matmenys: &#8211; 16,6 cm skersmuo &#8211; 26 cm auk\u0161tis Did\u017eiausias vazono d\u0117\u017eut\u0117s dydis: \u0160 51,5 x D 48 x V 91 cm.<\/p>\n<h3>GALIMA RINKTIS I\u0160 TRIJ\u0172 SPALV\u0172 VARIANT\u0172<\/h3>\n\n\t<section class=\"section\" id=\"section_1601696893\">\n\t\t<div class=\"section-bg fill\" >\n\t\t\t\t\t\t\t\t\t\n\t\t\t\n\n\t\t<\/div>\n\n\t\t\n\n\t\t<div class=\"section-content relative\">\n\t\t\t\n<div class=\"row\"  id=\"row-436380581\">\n\n\t<div id=\"col-723302548\" class=\"col medium-4 small-6 large-4\"  >\n\t\t\t\t<div class=\"col-inner text-center\"  >\n\t\t\t\n\t\t\t\n\t<div class=\"img has-hover x md-x lg-x y md-y lg-y\" id=\"image_435416372\">\n\t\t<a class=\"\" href=\"https:\/\/formar.shop\/wp-content\/uploads\/2022\/10\/03_ROVERE_O.jpg\" >\t\t\t\t\t\t<div class=\"img-inner dark\" >\n\t\t\t\t\t\t\t\t\t\n\t\t\t\t\t<\/div>\n\t\t\t\t\t\t<\/a>\t\t\n<style>\n#image_435416372 {\n  width: 50%;\n}\n<\/style>\n\t<\/div>\n\t\n\t<div class=\"box has-hover   has-hover box-text-bottom\" >\n\n\t\t<div class=\"box-image\" >\n\t\t\t\t\t\t<div class=\"\" >\n\t\t\t\t<img loading=\"lazy\" decoding=\"async\" width=\"2560\" height=\"1707\" src=\"https:\/\/static.formar.net\/wp-content\/uploads\/sites\/1\/2022\/11\/02111044\/FP-01-per-web-1-scaled.jpg\" class=\"attachment- size-\" alt=\"\" srcset=\"https:\/\/static.formar.net\/wp-content\/uploads\/sites\/1\/2022\/11\/02111044\/FP-01-per-web-1-scaled.jpg 2560w, https:\/\/static.formar.net\/wp-content\/uploads\/sites\/1\/2022\/11\/02111044\/FP-01-per-web-1-300x200.jpg 300w, https:\/\/static.formar.net\/wp-content\/uploads\/sites\/1\/2022\/11\/02111044\/FP-01-per-web-1-1030x687.jpg 1030w, https:\/\/static.formar.net\/wp-content\/uploads\/sites\/1\/2022\/11\/02111044\/FP-01-per-web-1-768x512.jpg 768w, https:\/\/static.formar.net\/wp-content\/uploads\/sites\/1\/2022\/11\/02111044\/FP-01-per-web-1-1536x1024.jpg 1536w, https:\/\/static.formar.net\/wp-content\/uploads\/sites\/1\/2022\/11\/02111044\/FP-01-per-web-1-2048x1365.jpg 2048w, https:\/\/static.formar.net\/wp-content\/uploads\/sites\/1\/2022\/11\/02111044\/FP-01-per-web-1-510x340.jpg 510w, https:\/\/static.formar.net\/wp-content\/uploads\/sites\/1\/2022\/11\/02111044\/FP-01-per-web-1-1200x800.jpg 1200w, https:\/\/static.formar.net\/wp-content\/uploads\/sites\/1\/2022\/11\/02111044\/FP-01-per-web-1-600x400.jpg 600w\" sizes=\"auto, (max-width: 2560px) 100vw, 2560px\" \/>\t\t\t\t\t\t\t\t\t\t\t<\/div>\n\t\t\t\t\t<\/div>\n\n\t\t<div class=\"box-text text-center\" >\n\t\t\t<div class=\"box-text-inner\">\n\t\t\t\t\n\t<div id=\"text-3181241378\" class=\"text\">\n\t\t\n<p>Balta<br \/>\n\t\t\n<style>\n#text-3181241378 {\n  font-size: 1.5rem;\n}\n<\/style>\n\t<\/div>\n\t\n\t\t\t<\/div>\n\t\t<\/div>\n\t<\/div>\n\t\n\t\t<\/div>\n\t\t\t\t\t<\/div>\n\n\t\n\n\t<div id=\"col-908723875\" class=\"col medium-4 small-6 large-4\"  >\n\t\t\t\t<div class=\"col-inner text-center\"  >\n\t\t\t\n\t\t\t\n\t<div class=\"img has-hover x md-x lg-x y md-y lg-y\" id=\"image_1240842435\">\n\t\t<a class=\"\" href=\"https:\/\/formar.shop\/wp-content\/uploads\/2022\/10\/03_ROVERE_O.jpg\" >\t\t\t\t\t\t<div class=\"img-inner dark\" >\n\t\t\t\t\t\t\t\t\t\n\t\t\t\t\t<\/div>\n\t\t\t\t\t\t<\/a>\t\t\n<style>\n#image_1240842435 {\n  width: 50%;\n}\n<\/style>\n\t<\/div>\n\t\n\t<div class=\"box has-hover   has-hover box-text-bottom\" >\n\n\t\t<div class=\"box-image\" >\n\t\t\t\t\t\t<div class=\"\" >\n\t\t\t\t<img loading=\"lazy\" decoding=\"async\" width=\"2560\" height=\"1707\" src=\"https:\/\/static.formar.net\/wp-content\/uploads\/sites\/1\/2022\/11\/02111042\/FP-01-2-per-web-scaled.jpg\" class=\"attachment- size-\" alt=\"\" srcset=\"https:\/\/static.formar.net\/wp-content\/uploads\/sites\/1\/2022\/11\/02111042\/FP-01-2-per-web-scaled.jpg 2560w, https:\/\/static.formar.net\/wp-content\/uploads\/sites\/1\/2022\/11\/02111042\/FP-01-2-per-web-300x200.jpg 300w, https:\/\/static.formar.net\/wp-content\/uploads\/sites\/1\/2022\/11\/02111042\/FP-01-2-per-web-1030x687.jpg 1030w, https:\/\/static.formar.net\/wp-content\/uploads\/sites\/1\/2022\/11\/02111042\/FP-01-2-per-web-768x512.jpg 768w, https:\/\/static.formar.net\/wp-content\/uploads\/sites\/1\/2022\/11\/02111042\/FP-01-2-per-web-1536x1024.jpg 1536w, https:\/\/static.formar.net\/wp-content\/uploads\/sites\/1\/2022\/11\/02111042\/FP-01-2-per-web-2048x1365.jpg 2048w, https:\/\/static.formar.net\/wp-content\/uploads\/sites\/1\/2022\/11\/02111042\/FP-01-2-per-web-510x340.jpg 510w, https:\/\/static.formar.net\/wp-content\/uploads\/sites\/1\/2022\/11\/02111042\/FP-01-2-per-web-1200x800.jpg 1200w, https:\/\/static.formar.net\/wp-content\/uploads\/sites\/1\/2022\/11\/02111042\/FP-01-2-per-web-600x400.jpg 600w\" sizes=\"auto, (max-width: 2560px) 100vw, 2560px\" \/>\t\t\t\t\t\t\t\t\t\t\t<\/div>\n\t\t\t\t\t<\/div>\n\n\t\t<div class=\"box-text text-center\" >\n\t\t\t<div class=\"box-text-inner\">\n\t\t\t\t\n\t<div id=\"text-2815538435\" class=\"text\">\n\t\t\n<p>Lime<br \/>\n\t\t\n<style>\n#text-2815538435 {\n  font-size: 1.5rem;\n}\n<\/style>\n\t<\/div>\n\t\n\t\t\t<\/div>\n\t\t<\/div>\n\t<\/div>\n\t\n\t\t<\/div>\n\t\t\t\t\t<\/div>\n\n\t\n\n\t<div id=\"col-1114719254\" class=\"col medium-4 small-6 large-4\"  >\n\t\t\t\t<div class=\"col-inner text-center\"  >\n\t\t\t\n\t\t\t\n\t<div class=\"img has-hover x md-x lg-x y md-y lg-y\" id=\"image_1818576570\">\n\t\t<a class=\"\" href=\"https:\/\/formar.shop\/wp-content\/uploads\/2022\/10\/03_ROVERE_O.jpg\" >\t\t\t\t\t\t<div class=\"img-inner dark\" >\n\t\t\t\t\t\t\t\t\t\n\t\t\t\t\t<\/div>\n\t\t\t\t\t\t<\/a>\t\t\n<style>\n#image_1818576570 {\n  width: 50%;\n}\n<\/style>\n\t<\/div>\n\t\n\t<div class=\"box has-hover   has-hover box-text-bottom\" >\n\n\t\t<div class=\"box-image\" >\n\t\t\t\t\t\t<div class=\"\" >\n\t\t\t\t<img loading=\"lazy\" decoding=\"async\" width=\"2560\" height=\"1707\" src=\"https:\/\/static.formar.net\/wp-content\/uploads\/sites\/1\/2022\/11\/02111043\/FP-01-3-per-web-scaled.jpg\" class=\"attachment- size-\" alt=\"\" srcset=\"https:\/\/static.formar.net\/wp-content\/uploads\/sites\/1\/2022\/11\/02111043\/FP-01-3-per-web-scaled.jpg 2560w, https:\/\/static.formar.net\/wp-content\/uploads\/sites\/1\/2022\/11\/02111043\/FP-01-3-per-web-300x200.jpg 300w, https:\/\/static.formar.net\/wp-content\/uploads\/sites\/1\/2022\/11\/02111043\/FP-01-3-per-web-1030x687.jpg 1030w, https:\/\/static.formar.net\/wp-content\/uploads\/sites\/1\/2022\/11\/02111043\/FP-01-3-per-web-768x512.jpg 768w, https:\/\/static.formar.net\/wp-content\/uploads\/sites\/1\/2022\/11\/02111043\/FP-01-3-per-web-1536x1024.jpg 1536w, https:\/\/static.formar.net\/wp-content\/uploads\/sites\/1\/2022\/11\/02111043\/FP-01-3-per-web-2048x1365.jpg 2048w, https:\/\/static.formar.net\/wp-content\/uploads\/sites\/1\/2022\/11\/02111043\/FP-01-3-per-web-510x340.jpg 510w, https:\/\/static.formar.net\/wp-content\/uploads\/sites\/1\/2022\/11\/02111043\/FP-01-3-per-web-1200x800.jpg 1200w, https:\/\/static.formar.net\/wp-content\/uploads\/sites\/1\/2022\/11\/02111043\/FP-01-3-per-web-600x400.jpg 600w\" sizes=\"auto, (max-width: 2560px) 100vw, 2560px\" \/>\t\t\t\t\t\t\t\t\t\t\t<\/div>\n\t\t\t\t\t<\/div>\n\n\t\t<div class=\"box-text text-center\" >\n\t\t\t<div class=\"box-text-inner\">\n\t\t\t\t\n\t<div id=\"text-2372427692\" class=\"text\">\n\t\t\n<p>Pilka<br \/>\n\t\t\n<style>\n#text-2372427692 {\n  font-size: 1.5rem;\n}\n<\/style>\n\t<\/div>\n\t\n\t\t\t<\/div>\n\t\t<\/div>\n\t<\/div>\n\t\n\t\t<\/div>\n\t\t\t\t\t<\/div>\n\n\t\n<\/div>\n\t\t<\/div>\n\n\t\t\n<style>\n#section_1601696893 {\n  padding-top: 30px;\n  padding-bottom: 30px;\n}\n<\/style>\n\t<\/section>\n\t\n<h3>PRIE\u017dI\u016aRA IR APTARNAVIMAS:<\/h3>\n<p>Gaminio prie\u017ei\u016bra yra paprasta:<\/p>\n<ul>\n<li>polipropileno dal\u012f b\u016btina reguliariai valyti \u0161varia \u0161luoste arba kempine, pamirkyta drungname vandenyje, vengti liesti pavir\u0161i\u0173 a\u0161triais daiktais.<\/li>\n<li>metalin\u0119 dal\u012f tiesiog nuvalykite sausu skudur\u0117liu.<\/li>\n<\/ul>\n\n\t<section class=\"section\" id=\"section_104160465\">\n\t\t<div class=\"section-bg fill\" >\n\t\t\t\t\t\t\t\t\t\n\t\t\t\n\n\t\t<\/div>\n\n\t\t\n\n\t\t<div class=\"section-content relative\">\n\t\t\t\n<div class=\"is-divider divider clearfix\" style=\"max-width:1000px;\"><\/div>\n<div class=\"row row-solid\"  id=\"row-253598708\">\n\n\t<div id=\"col-966472670\" class=\"col medium-3 small-12 large-3\"  >\n\t\t\t\t<div class=\"col-inner\"  >\n\t\t\t\n\t\t\t\n\n\t\t<div class=\"icon-box featured-box icon-box-center text-center\"  >\n\t\t\t\t\t<div class=\"icon-box-img\" style=\"width: 50px\">\n\t\t\t\t<div class=\"icon\">\n\t\t\t\t\t<div class=\"icon-inner\" >\n\t\t\t\t\t\t<img loading=\"lazy\" decoding=\"async\" width=\"128\" height=\"128\" src=\"https:\/\/static.formar.net\/wp-content\/uploads\/sites\/1\/2022\/10\/02111131\/2703076-128-1-1.png\" class=\"attachment-medium size-medium\" alt=\"\" srcset=\"https:\/\/static.formar.net\/wp-content\/uploads\/sites\/1\/2022\/10\/02111131\/2703076-128-1-1.png 128w, https:\/\/static.formar.net\/wp-content\/uploads\/sites\/1\/2022\/10\/02111131\/2703076-128-1-1-80x80.png 80w, https:\/\/static.formar.net\/wp-content\/uploads\/sites\/1\/2022\/10\/02111131\/2703076-128-1-1-100x100.png 100w, https:\/\/static.formar.net\/wp-content\/uploads\/sites\/1\/2022\/10\/02111131\/2703076-128-1-1-50x50.png 50w\" sizes=\"auto, (max-width: 128px) 100vw, 128px\" \/>\t\t\t\t\t<\/div>\n\t\t\t\t<\/div>\n\t\t\t<\/div>\n\t\t\t\t<div class=\"icon-box-text last-reset\">\n\t\t\t\t\t\t\t\t\t\n<h3>Klient\u0173 aptarnavimas visada pasiekiamas<\/h3>\n<p>Su mumis galite susisiekti per &#8222;WhatsApp&#8221;:  <a href=\"https:\/\/api.whatsapp.com\/send\/?phone=390715906063&amp;text&amp;type=phone_number&amp;app_absent=0\">+39 071 5906063<\/a><\/p>\n<p>U\u017esakymai telefonu: <a href=\"tel:+39800122267\">800 122 267<\/a><\/p>\n\t\t<\/div>\n\t<\/div>\n\t\n\t\n\t\t<\/div>\n\t\t\t\t\t<\/div>\n\n\t\n\n\t<div id=\"col-212164369\" class=\"col medium-3 small-12 large-3\"  >\n\t\t\t\t<div class=\"col-inner\"  >\n\t\t\t\n\t\t\t\n\n\t\t<div class=\"icon-box featured-box icon-box-center text-center\"  >\n\t\t\t\t\t<div class=\"icon-box-img\" style=\"width: 50px\">\n\t\t\t\t<div class=\"icon\">\n\t\t\t\t\t<div class=\"icon-inner\" >\n\t\t\t\t\t\t<img loading=\"lazy\" decoding=\"async\" width=\"256\" height=\"256\" src=\"https:\/\/static.formar.net\/wp-content\/uploads\/sites\/1\/2022\/11\/02111117\/Icona-carta-di-credito.png\" class=\"attachment-medium size-medium\" alt=\"\" srcset=\"https:\/\/static.formar.net\/wp-content\/uploads\/sites\/1\/2022\/11\/02111117\/Icona-carta-di-credito.png 256w, https:\/\/static.formar.net\/wp-content\/uploads\/sites\/1\/2022\/11\/02111117\/Icona-carta-di-credito-80x80.png 80w, https:\/\/static.formar.net\/wp-content\/uploads\/sites\/1\/2022\/11\/02111117\/Icona-carta-di-credito-100x100.png 100w, https:\/\/static.formar.net\/wp-content\/uploads\/sites\/1\/2022\/11\/02111117\/Icona-carta-di-credito-50x50.png 50w\" sizes=\"auto, (max-width: 256px) 100vw, 256px\" \/>\t\t\t\t\t<\/div>\n\t\t\t\t<\/div>\n\t\t\t<\/div>\n\t\t\t\t<div class=\"icon-box-text last-reset\">\n\t\t\t\t\t\t\t\t\t\n<h3>Pasirinkite mok\u0117jimo form\u0105<\/h3>\n<p>Mok\u0117jimas per Paypal, kredito kortel\u0119, grynaisiais pinigais arba Bancomat (vietoje) ir grynaisiais pinigais pristatymo metu<\/p>\n\t\t<\/div>\n\t<\/div>\n\t\n\t\n\t\t<\/div>\n\t\t\t\t\t<\/div>\n\n\t\n\n\t<div id=\"col-290243867\" class=\"col medium-3 small-12 large-3\"  >\n\t\t\t\t<div class=\"col-inner\"  >\n\t\t\t\n\t\t\t\n\n\t\t<div class=\"icon-box featured-box icon-box-center text-center\"  >\n\t\t\t\t\t<div class=\"icon-box-img\" style=\"width: 50px\">\n\t\t\t\t<div class=\"icon\">\n\t\t\t\t\t<div class=\"icon-inner\" >\n\t\t\t\t\t\t<img loading=\"lazy\" decoding=\"async\" width=\"128\" height=\"128\" src=\"https:\/\/static.formar.net\/wp-content\/uploads\/sites\/1\/2022\/10\/02111130\/3669335-128-1.png\" class=\"attachment-medium size-medium\" alt=\"\" srcset=\"https:\/\/static.formar.net\/wp-content\/uploads\/sites\/1\/2022\/10\/02111130\/3669335-128-1.png 128w, https:\/\/static.formar.net\/wp-content\/uploads\/sites\/1\/2022\/10\/02111130\/3669335-128-1-80x80.png 80w, https:\/\/static.formar.net\/wp-content\/uploads\/sites\/1\/2022\/10\/02111130\/3669335-128-1-100x100.png 100w, https:\/\/static.formar.net\/wp-content\/uploads\/sites\/1\/2022\/10\/02111130\/3669335-128-1-50x50.png 50w\" sizes=\"auto, (max-width: 128px) 100vw, 128px\" \/>\t\t\t\t\t<\/div>\n\t\t\t\t<\/div>\n\t\t\t<\/div>\n\t\t\t\t<div class=\"icon-box-text last-reset\">\n\t\t\t\t\t\t\t\t\t\n<h3>Lengvas ir ner\u016bpestingas gr\u0105\u017einimas<\/h3>\n<p>Kilus problemoms, organizuojame pa\u0117mim\u0105 tiesiogiai j\u016bs\u0173 adresu.<a href=\"https:\/\/formar.shop\/regole-sulla-restituzione\/\">(Daugiau informacijos).<\/a><\/p>\n\t\t<\/div>\n\t<\/div>\n\t\n\t\n\t\t<\/div>\n\t\t\t\t\t<\/div>\n\n\t\n\n\t<div id=\"col-1968855636\" class=\"col medium-3 small-12 large-3\"  >\n\t\t\t\t<div class=\"col-inner\"  >\n\t\t\t\n\t\t\t\n\n\t\t<div class=\"icon-box featured-box icon-box-center text-center\"  >\n\t\t\t\t\t<div class=\"icon-box-img\" style=\"width: 50px\">\n\t\t\t\t<div class=\"icon\">\n\t\t\t\t\t<div class=\"icon-inner\" >\n\t\t\t\t\t\t<img loading=\"lazy\" decoding=\"async\" width=\"128\" height=\"128\" src=\"https:\/\/static.formar.net\/wp-content\/uploads\/sites\/1\/2022\/10\/02111130\/5959201-128-1.png\" class=\"attachment-medium size-medium\" alt=\"\" srcset=\"https:\/\/static.formar.net\/wp-content\/uploads\/sites\/1\/2022\/10\/02111130\/5959201-128-1.png 128w, https:\/\/static.formar.net\/wp-content\/uploads\/sites\/1\/2022\/10\/02111130\/5959201-128-1-80x80.png 80w, https:\/\/static.formar.net\/wp-content\/uploads\/sites\/1\/2022\/10\/02111130\/5959201-128-1-100x100.png 100w, https:\/\/static.formar.net\/wp-content\/uploads\/sites\/1\/2022\/10\/02111130\/5959201-128-1-50x50.png 50w\" sizes=\"auto, (max-width: 128px) 100vw, 128px\" \/>\t\t\t\t\t<\/div>\n\t\t\t\t<\/div>\n\t\t\t<\/div>\n\t\t\t\t<div class=\"icon-box-text last-reset\">\n\t\t\t\t\t\t\t\t\t\n<h3>Gamintojo garantija ir atsargin\u0117s dalys<\/h3>\n<p>Visiems m\u016bs\u0173 gaminiams suteikiama m\u016bs\u0173 garantija. Daugeliui gamini\u0173 tuo pa\u010diu laikotarpiu garantuojame ir atsargines dalis.<\/p>\n\t\t<\/div>\n\t<\/div>\n\t\n\t\n\t\t<\/div>\n\t\t\t\t\t<\/div>\n\n\t\n\n<style>\n#row-253598708 > .col > .col-inner {\n  padding: 20px 20px 20px 20px;\n}\n<\/style>\n<\/div>\n\t\t<\/div>\n\n\t\t\n<style>\n#section_104160465 {\n  padding-top: 30px;\n  padding-bottom: 30px;\n}\n<\/style>\n\t<\/section>\n\t\n\n\t<section class=\"section\" id=\"section_156248750\">\n\t\t<div class=\"section-bg fill\" >\n\t\t\t\t\t\t\t\t\t\n\t\t\t\n\n\t\t<\/div>\n\n\t\t\n\n\t\t<div class=\"section-content relative\">\n\t\t\t\n\t\t<\/div>\n\n\t\t\n<style>\n#section_156248750 {\n  padding-top: 30px;\n  padding-bottom: 30px;\n}\n<\/style>\n\t<\/section>\n\t\n","protected":false},"excerpt":{"rendered":"<p>Ital\u0173 dizainerio MARIO MAZZER sugalvot\u0105 ir suprojektuot\u0105 &#8222;Tree 03 Plantter&#8221; sudaro baltai da\u017eyto metalo r\u0117mas ir trys polipropileno konteineriai, kuriuos galima rinktis i\u0161 trij\u0173 spalv\u0173: baltos, pilkos ir kalki\u0173.<br \/>\nPerforuotas pagrindas palengvina vandens pertekliaus nutek\u0117jim\u0105, o d\u0117l pakuot\u0117je esan\u010di\u0173 instrukcij\u0173 surinkimas yra greitas ir paprastas. <\/p>\n","protected":false},"featured_media":46844,"template":"","meta":{"_joinchat":[]},"product_brand":[],"product_cat":[1962,2054],"product_tag":[2055],"class_list":{"0":"post-46843","1":"product","2":"type-product","3":"status-publish","4":"has-post-thumbnail","6":"product_cat-pagrindinis","7":"product_cat-planters-lt","8":"product_tag-vaza-lt","10":"first","11":"instock","12":"taxable","13":"shipping-taxable","14":"purchasable","15":"product-type-variable"},"yoast_head":"<!-- This site is optimized with the Yoast SEO plugin v27.3 - https:\/\/yoast.com\/product\/yoast-seo-wordpress\/ -->\n<title>Sodintuvas - Medis 03 - Formar.shop<\/title>\n<meta name=\"robots\" content=\"index, follow, max-snippet:-1, max-image-preview:large, max-video-preview:-1\" \/>\n<link rel=\"canonical\" href=\"https:\/\/formar.shop\/lt\/prodotto\/sodintuvas-medis-03\/\" \/>\n<script type=\"application\/ld+json\" class=\"yoast-schema-graph\">{\"@context\":\"https:\\\/\\\/schema.org\",\"@graph\":[{\"@type\":\"WebPage\",\"@id\":\"https:\\\/\\\/formar.shop\\\/lt\\\/prodotto\\\/sodintuvas-medis-03\\\/\",\"url\":\"https:\\\/\\\/formar.shop\\\/lt\\\/prodotto\\\/sodintuvas-medis-03\\\/\",\"name\":\"Sodintuvas - Medis 03 - Formar.shop\",\"isPartOf\":{\"@id\":\"https:\\\/\\\/formar.shop\\\/lt\\\/#website\"},\"primaryImageOfPage\":{\"@id\":\"https:\\\/\\\/formar.shop\\\/lt\\\/prodotto\\\/sodintuvas-medis-03\\\/#primaryimage\"},\"image\":{\"@id\":\"https:\\\/\\\/formar.shop\\\/lt\\\/prodotto\\\/sodintuvas-medis-03\\\/#primaryimage\"},\"thumbnailUrl\":\"https:\\\/\\\/static.formar.net\\\/wp-content\\\/uploads\\\/2020\\\/12\\\/22160928\\\/Immagini-di-prodotto-x-Amazon-01-1.png\",\"datePublished\":\"2025-01-18T20:32:22+00:00\",\"dateModified\":\"2025-01-18T20:32:37+00:00\",\"breadcrumb\":{\"@id\":\"https:\\\/\\\/formar.shop\\\/lt\\\/prodotto\\\/sodintuvas-medis-03\\\/#breadcrumb\"},\"inLanguage\":\"lt-LT\",\"potentialAction\":[{\"@type\":\"ReadAction\",\"target\":[\"https:\\\/\\\/formar.shop\\\/lt\\\/prodotto\\\/sodintuvas-medis-03\\\/\"]}]},{\"@type\":\"ImageObject\",\"inLanguage\":\"lt-LT\",\"@id\":\"https:\\\/\\\/formar.shop\\\/lt\\\/prodotto\\\/sodintuvas-medis-03\\\/#primaryimage\",\"url\":\"https:\\\/\\\/static.formar.net\\\/wp-content\\\/uploads\\\/2020\\\/12\\\/22160928\\\/Immagini-di-prodotto-x-Amazon-01-1.png\",\"contentUrl\":\"https:\\\/\\\/static.formar.net\\\/wp-content\\\/uploads\\\/2020\\\/12\\\/22160928\\\/Immagini-di-prodotto-x-Amazon-01-1.png\",\"width\":1001,\"height\":1001},{\"@type\":\"BreadcrumbList\",\"@id\":\"https:\\\/\\\/formar.shop\\\/lt\\\/prodotto\\\/sodintuvas-medis-03\\\/#breadcrumb\",\"itemListElement\":[{\"@type\":\"ListItem\",\"position\":1,\"name\":\"Home\",\"item\":\"https:\\\/\\\/formar.shop\\\/lt\\\/automatinis-projektas\\\/\"},{\"@type\":\"ListItem\",\"position\":2,\"name\":\"Parduotuv\u0117\",\"item\":\"https:\\\/\\\/formar.shop\\\/lt\\\/parduotuve\\\/\"},{\"@type\":\"ListItem\",\"position\":3,\"name\":\"Sodintuvas &#8211; Medis 03\"}]},{\"@type\":\"WebSite\",\"@id\":\"https:\\\/\\\/formar.shop\\\/lt\\\/#website\",\"url\":\"https:\\\/\\\/formar.shop\\\/lt\\\/\",\"name\":\"Formar.shop\",\"description\":\"Soluzioni espresse con stile\",\"potentialAction\":[{\"@type\":\"SearchAction\",\"target\":{\"@type\":\"EntryPoint\",\"urlTemplate\":\"https:\\\/\\\/formar.shop\\\/lt\\\/?s={search_term_string}\"},\"query-input\":{\"@type\":\"PropertyValueSpecification\",\"valueRequired\":true,\"valueName\":\"search_term_string\"}}],\"inLanguage\":\"lt-LT\"}]}<\/script>\n<!-- \/ Yoast SEO plugin. -->","yoast_head_json":{"title":"Sodintuvas - Medis 03 - Formar.shop","robots":{"index":"index","follow":"follow","max-snippet":"max-snippet:-1","max-image-preview":"max-image-preview:large","max-video-preview":"max-video-preview:-1"},"canonical":"https:\/\/formar.shop\/lt\/prodotto\/sodintuvas-medis-03\/","schema":{"@context":"https:\/\/schema.org","@graph":[{"@type":"WebPage","@id":"https:\/\/formar.shop\/lt\/prodotto\/sodintuvas-medis-03\/","url":"https:\/\/formar.shop\/lt\/prodotto\/sodintuvas-medis-03\/","name":"Sodintuvas - Medis 03 - Formar.shop","isPartOf":{"@id":"https:\/\/formar.shop\/lt\/#website"},"primaryImageOfPage":{"@id":"https:\/\/formar.shop\/lt\/prodotto\/sodintuvas-medis-03\/#primaryimage"},"image":{"@id":"https:\/\/formar.shop\/lt\/prodotto\/sodintuvas-medis-03\/#primaryimage"},"thumbnailUrl":"https:\/\/static.formar.net\/wp-content\/uploads\/2020\/12\/22160928\/Immagini-di-prodotto-x-Amazon-01-1.png","datePublished":"2025-01-18T20:32:22+00:00","dateModified":"2025-01-18T20:32:37+00:00","breadcrumb":{"@id":"https:\/\/formar.shop\/lt\/prodotto\/sodintuvas-medis-03\/#breadcrumb"},"inLanguage":"lt-LT","potentialAction":[{"@type":"ReadAction","target":["https:\/\/formar.shop\/lt\/prodotto\/sodintuvas-medis-03\/"]}]},{"@type":"ImageObject","inLanguage":"lt-LT","@id":"https:\/\/formar.shop\/lt\/prodotto\/sodintuvas-medis-03\/#primaryimage","url":"https:\/\/static.formar.net\/wp-content\/uploads\/2020\/12\/22160928\/Immagini-di-prodotto-x-Amazon-01-1.png","contentUrl":"https:\/\/static.formar.net\/wp-content\/uploads\/2020\/12\/22160928\/Immagini-di-prodotto-x-Amazon-01-1.png","width":1001,"height":1001},{"@type":"BreadcrumbList","@id":"https:\/\/formar.shop\/lt\/prodotto\/sodintuvas-medis-03\/#breadcrumb","itemListElement":[{"@type":"ListItem","position":1,"name":"Home","item":"https:\/\/formar.shop\/lt\/automatinis-projektas\/"},{"@type":"ListItem","position":2,"name":"Parduotuv\u0117","item":"https:\/\/formar.shop\/lt\/parduotuve\/"},{"@type":"ListItem","position":3,"name":"Sodintuvas &#8211; Medis 03"}]},{"@type":"WebSite","@id":"https:\/\/formar.shop\/lt\/#website","url":"https:\/\/formar.shop\/lt\/","name":"Formar.shop","description":"Soluzioni espresse con stile","potentialAction":[{"@type":"SearchAction","target":{"@type":"EntryPoint","urlTemplate":"https:\/\/formar.shop\/lt\/?s={search_term_string}"},"query-input":{"@type":"PropertyValueSpecification","valueRequired":true,"valueName":"search_term_string"}}],"inLanguage":"lt-LT"}]}},"_links":{"self":[{"href":"https:\/\/formar.shop\/lt\/wp-json\/wp\/v2\/product\/46843","targetHints":{"allow":["GET"]}}],"collection":[{"href":"https:\/\/formar.shop\/lt\/wp-json\/wp\/v2\/product"}],"about":[{"href":"https:\/\/formar.shop\/lt\/wp-json\/wp\/v2\/types\/product"}],"wp:featuredmedia":[{"embeddable":true,"href":"https:\/\/formar.shop\/lt\/wp-json\/wp\/v2\/media\/46844"}],"wp:attachment":[{"href":"https:\/\/formar.shop\/lt\/wp-json\/wp\/v2\/media?parent=46843"}],"wp:term":[{"taxonomy":"product_brand","embeddable":true,"href":"https:\/\/formar.shop\/lt\/wp-json\/wp\/v2\/product_brand?post=46843"},{"taxonomy":"product_cat","embeddable":true,"href":"https:\/\/formar.shop\/lt\/wp-json\/wp\/v2\/product_cat?post=46843"},{"taxonomy":"product_tag","embeddable":true,"href":"https:\/\/formar.shop\/lt\/wp-json\/wp\/v2\/product_tag?post=46843"}],"curies":[{"name":"wp","href":"https:\/\/api.w.org\/{rel}","templated":true}]}}