{"id":49640,"date":"2025-01-19T08:54:39","date_gmt":"2025-01-19T07:54:39","guid":{"rendered":"https:\/\/formar.shop\/apie-mus\/"},"modified":"2025-11-18T12:06:01","modified_gmt":"2025-11-18T11:06:01","slug":"apie-mus","status":"publish","type":"page","link":"https:\/\/formar.shop\/lt\/apie-mus\/","title":{"rendered":"Apie mus"},"content":{"rendered":"\n<div class=\"row\"  id=\"row-1239531470\">\n\n\n\t<div id=\"col-188038238\" class=\"col medium-11 small-12 large-12\"  >\n\t\t\t\t<div class=\"col-inner text-center\"  >\n\t\t\t\n\t\t\t\n\n\t<div id=\"text-2586562191\" class=\"text\">\n\t\t\n\n<h3><span style=\"font-size: 140%;\"><strong>APIE MUS<\/strong><\/span><\/h3>\n<p><strong data-start=\"181\" data-end=\"196\">Formar.shop<\/strong> yra oficiali <strong data-start=\"225\" data-end=\"248\">Formar Contract Srl<\/strong> el. prekybos platforma, Italijos \u012fmon\u0117, \u012fsik\u016brusi Falconara Marittima (AN), specializuojasi biur\u0173, profesini\u0173 studij\u0173, vie\u0161\u0173j\u0173 erdvi\u0173 ir kontraktini\u0173 patalp\u0173 bald\u0173 srityje. Daugiau nei 20 met\u0173 dirbame su aistra ir kompetencija, siekdami pasi\u016blyti funkcionalius, patvarius ir \u0161iuolaiki\u0161ko dizaino bald\u0173 sprendimus. <\/p>\n<div>\n<p data-start=\"539\" data-end=\"752\">M\u016bs\u0173 veikla kilo i\u0161 patirties kontrakt\u0173 sektoriuje, siekiant internetu pristatyti kokyb\u0119 ir patikimum\u0105, kurie visada mus i\u0161skiria dirbant su \u012fmon\u0117mis, vie\u0161osiomis ir priva\u010diomis \u012fstaigomis.<\/p>\n<hr data-start=\"754\" data-end=\"757\">\n<h2><strong>Kas mus i\u0161skiria<\/strong><\/h2>\n<p data-start=\"1250\" data-end=\"1366\"><strong data-start=\"1250\" data-end=\"1277\">Patirtis ir kompetencija<\/strong>: ilga istorija kontrakt\u0173 sektoriuje, kuri rei\u0161kia patikimum\u0105 ir profesionalum\u0105.<\/p>\n<p data-start=\"1369\" data-end=\"1507\"><strong data-start=\"1369\" data-end=\"1388\">Kruop\u0161\u010diai atrinktas katalogas<\/strong>: atid\u017eiai atrenkame geriausius profesionali\u0173 bald\u0173 produktus, akcentuodami ergonomik\u0105, estetik\u0105 ir ilgaam\u017ei\u0161kum\u0105.<\/p>\n<p data-start=\"1510\" data-end=\"1623\"><strong data-start=\"1510\" data-end=\"1539\">Individualizuota pagalba<\/strong>: m\u016bs\u0173 komanda visada pasiruo\u0161usi patarti ir pad\u0117ti prie\u0161 ir po pardavimo.<\/p>\n<p data-start=\"1626\" data-end=\"1752\"><strong data-start=\"1626\" data-end=\"1643\">Daugiakanali\u0161kumas<\/strong>: be svetain\u0117s formar.shop, esame ir pagrindin\u0117se prekybos platformose su ta pa\u010dia kokybe ir rimtumu.<\/p>\n<p data-start=\"560\" data-end=\"744\">Per m\u016bs\u0173 internetin\u0119 parduotuv\u0119 si\u016blome plat\u0173 atrinkt\u0173 produkt\u0173 asortiment\u0105, derindami <strong data-start=\"665\" data-end=\"711\">technin\u0119 patirt\u012f, dizaino aistr\u0105<\/strong> ir <strong data-start=\"714\" data-end=\"743\">d\u0117mes\u012f kokybei<\/strong>.<\/p>\n<hr data-start=\"746\" data-end=\"749\">\n<h2 data-start=\"751\" data-end=\"771\">M\u016bs\u0173 misija<\/h2>\n<p data-start=\"813\" data-end=\"902\"><strong>Auk\u0161tos kokyb\u0117s produktai,<\/strong> tiek profesionaliems baldams, tiek gyvenamosioms erdv\u0117ms.<\/p>\n<p data-start=\"905\" data-end=\"1004\"><strong>Kruop\u0161\u010diai ir funkcionaliai suprojektuotas dizainas,<\/strong> su atranka, orientuota \u012f komfort\u0105, ergonomik\u0105 ir stili\u0173.<\/p>\n<p data-start=\"1007\" data-end=\"1101\"><strong>Intuityvi ir saugi pirkimo patirtis,<\/strong> su greita ir kompetentinga klient\u0173 pagalba.<\/p>\n<p data-start=\"1104\" data-end=\"1180\"><strong>Greitas ir nemokamas pristatymas,<\/strong> kad patenkintume kiekvien\u0105 poreik\u012f efektyviai.<\/p>\n<hr data-start=\"1574\" data-end=\"1577\">\n<h2 data-start=\"1579\" data-end=\"1599\">M\u016bs\u0173 produktai<\/h2>\n<p data-start=\"1601\" data-end=\"1630\"><strong data-start=\"1634\" data-end=\"1656\">Biuro baldai<\/strong>: stalai, k\u0117d\u0117s, spintos, stal\u010diai ir susitikim\u0173 stalai.<\/p>\n<p data-start=\"1720\" data-end=\"1809\"><strong data-start=\"1720\" data-end=\"1771\">Sprendimai vie\u0161osioms \u012fstaigoms ir kontraktin\u0117ms erdv\u0117ms<\/strong>: suolai, bibliotekos, archyvavimo baldai.<\/p>\n<p data-start=\"1812\" data-end=\"1951\"><strong data-start=\"1812\" data-end=\"1839\">Nam\u0173 baldai<\/strong>: k\u0117d\u0117s, stalai, priedai, bibliotekos ir viet\u0105 taupantys sprendimai, visada atsi\u017evelgiant \u012f dizain\u0105 ir prakti\u0161kum\u0105.<\/p>\n<hr data-start=\"1953\" data-end=\"1956\">\n<h2 data-start=\"1958\" data-end=\"1977\">M\u016bs\u0173 klientai<\/h2>\n<p data-start=\"2005\" data-end=\"2031\">\u012emon\u0117s ir profesionalai<\/p>\n<p data-start=\"2034\" data-end=\"2067\">Vie\u0161osios \u012fstaigos ir administracijos<\/p>\n<p data-start=\"2070\" data-end=\"2145\">Privat\u016bs asmenys, ie\u0161kantys moderni\u0173 ir funkcionali\u0173 bald\u0173 sprendim\u0173 namams<\/p>\n<hr data-start=\"2147\" data-end=\"2150\">\n<h2 data-start=\"2335\" data-end=\"2349\">I\u0161vada<\/h2>\n<p data-start=\"2351\" data-end=\"2671\">Greitai besikei\u010dian\u010diame pasaulyje tikime, kad kokyb\u0117 ir patikimumas yra b\u016btinos vertyb\u0117s. Su <strong data-start=\"2462\" data-end=\"2477\">Formar.shop<\/strong> si\u016blome ne tik baldus, bet ir tikras <strong data-start=\"2523\" data-end=\"2564\">gerov\u0117s ir funkcionalumo sprendimus<\/strong> j\u016bs\u0173 kasdienybei, nesvarbu, ar planuojate nauj\u0105 biur\u0105, ar darote savo namus jaukesnius. <\/p>\n<p data-start=\"2673\" data-end=\"2821\">Pasirinkti Formar.shop rei\u0161kia pasitik\u0117ti tvirtu, skaidriu ir aistringu partneriu, kuris visada \u017emones ir j\u0173 poreikius laiko svarbiausiais.<\/p>\n<p data-start=\"2823\" data-end=\"2873\"><strong data-start=\"2823\" data-end=\"2873\">Formar.shop \u2013 Kur j\u016bs\u0173 erdv\u0117 \u012fgauna form\u0105.<\/strong><\/p>\n<p> <\/p>\n<\/div>\n\t\t\n<style>\n#text-2586562191 {\n  text-align: left;\n}\n<\/style>\n\t<\/div>\n\t\n\n\t\t<\/div>\n\t\t\t\t\n<style>\n#col-188038238 > .col-inner {\n  padding: 0px 0px 0px 0;\n}\n@media (min-width:550px) {\n  #col-188038238 > .col-inner {\n    padding: 0px 0px 0px 0px;\n  }\n}\n<\/style>\n\t<\/div>\n\n\t\n\n\t<div id=\"col-943915346\" class=\"col medium-12 small-12 large-12\"  >\n\t\t\t\t<div class=\"col-inner\"  >\n\t\t\t\n\t\t\t\n\n\n  <div class=\"banner has-hover\" id=\"banner-1280897423\">\n          <div class=\"banner-inner fill\">\n        <div class=\"banner-bg fill\" >\n            <img loading=\"lazy\" decoding=\"async\" width=\"1600\" height=\"1200\" src=\"https:\/\/static.formar.net\/wp-content\/uploads\/sites\/1\/2024\/07\/02110352\/Universal-Color-Mobile-420_AMBENTATA_4.jpg\" class=\"bg attachment-original size-original\" alt=\"\" \/>                                    \n                    <\/div>\n\t\t\n        <div class=\"banner-layers container\">\n            <div class=\"fill banner-link\"><\/div>            \n\n   <div id=\"text-box-2028915574\" class=\"text-box banner-layer x50 md-x50 lg-x50 y50 md-y50 lg-y50 res-text\">\n                                <div class=\"text-box-content text dark\">\n              \n              <div class=\"text-inner text-center\">\n                  \n\n\n              <\/div>\n           <\/div>\n                            \n<style>\n#text-box-2028915574 {\n  width: 60%;\n}\n#text-box-2028915574 .text-box-content {\n  font-size: 100%;\n}\n@media (min-width:550px) {\n  #text-box-2028915574 {\n    width: 60%;\n  }\n}\n<\/style>\n    <\/div>\n \n\n        <\/div>\n      <\/div>\n\n            \n<style>\n#banner-1280897423 {\n  padding-top: 300px;\n  background-color: rgb(255, 255, 255);\n}\n#banner-1280897423 .banner-bg img {\n  object-position: 52% 77%;\n}\n@media (min-width:550px) {\n  #banner-1280897423 {\n    padding-top: 500px;\n  }\n}\n@media (min-width:850px) {\n  #banner-1280897423 {\n    padding-top: 570px;\n  }\n}\n<\/style>\n  <\/div>\n\n\n\n\t\t<\/div>\n\t\t\t\t\n<style>\n#col-943915346 > .col-inner {\n  margin: -100px 0px 0px 0px;\n}\n@media (min-width:550px) {\n  #col-943915346 > .col-inner {\n    margin: -150px 0px 0px 0px;\n  }\n}\n@media (min-width:850px) {\n  #col-943915346 > .col-inner {\n    margin: 0px 0px 0px 0px;\n  }\n}\n<\/style>\n\t<\/div>\n\n\t\n\n<\/div>\n<div class=\"is-divider divider clearfix\" style=\"max-width:1000px;\"><\/div>\n\n\n","protected":false},"excerpt":{"rendered":"","protected":false},"author":5,"featured_media":0,"parent":0,"menu_order":0,"comment_status":"closed","ping_status":"closed","template":"","meta":{"_joinchat":[],"footnotes":""},"class_list":["post-49640","page","type-page","status-publish","hentry"],"yoast_head":"<!-- This site is optimized with the Yoast SEO plugin v27.3 - https:\/\/yoast.com\/product\/yoast-seo-wordpress\/ -->\n<title>Apie mus - Formar.shop<\/title>\n<meta name=\"robots\" content=\"index, follow, max-snippet:-1, max-image-preview:large, max-video-preview:-1\" \/>\n<link rel=\"canonical\" href=\"https:\/\/formar.shop\/lt\/apie-mus\/\" \/>\n<script type=\"application\/ld+json\" class=\"yoast-schema-graph\">{\"@context\":\"https:\\\/\\\/schema.org\",\"@graph\":[{\"@type\":\"WebPage\",\"@id\":\"https:\\\/\\\/formar.shop\\\/lt\\\/apie-mus\\\/\",\"url\":\"https:\\\/\\\/formar.shop\\\/lt\\\/apie-mus\\\/\",\"name\":\"Apie mus - Formar.shop\",\"isPartOf\":{\"@id\":\"https:\\\/\\\/formar.shop\\\/lt\\\/#website\"},\"datePublished\":\"2025-01-19T07:54:39+00:00\",\"dateModified\":\"2025-11-18T11:06:01+00:00\",\"breadcrumb\":{\"@id\":\"https:\\\/\\\/formar.shop\\\/lt\\\/apie-mus\\\/#breadcrumb\"},\"inLanguage\":\"lt-LT\",\"potentialAction\":[{\"@type\":\"ReadAction\",\"target\":[\"https:\\\/\\\/formar.shop\\\/lt\\\/apie-mus\\\/\"]}]},{\"@type\":\"BreadcrumbList\",\"@id\":\"https:\\\/\\\/formar.shop\\\/lt\\\/apie-mus\\\/#breadcrumb\",\"itemListElement\":[{\"@type\":\"ListItem\",\"position\":1,\"name\":\"Home\",\"item\":\"https:\\\/\\\/formar.shop\\\/lt\\\/automatinis-projektas\\\/\"},{\"@type\":\"ListItem\",\"position\":2,\"name\":\"Apie mus\"}]},{\"@type\":\"WebSite\",\"@id\":\"https:\\\/\\\/formar.shop\\\/lt\\\/#website\",\"url\":\"https:\\\/\\\/formar.shop\\\/lt\\\/\",\"name\":\"Formar.shop\",\"description\":\"Soluzioni espresse con stile\",\"potentialAction\":[{\"@type\":\"SearchAction\",\"target\":{\"@type\":\"EntryPoint\",\"urlTemplate\":\"https:\\\/\\\/formar.shop\\\/lt\\\/?s={search_term_string}\"},\"query-input\":{\"@type\":\"PropertyValueSpecification\",\"valueRequired\":true,\"valueName\":\"search_term_string\"}}],\"inLanguage\":\"lt-LT\"}]}<\/script>\n<!-- \/ Yoast SEO plugin. -->","yoast_head_json":{"title":"Apie mus - Formar.shop","robots":{"index":"index","follow":"follow","max-snippet":"max-snippet:-1","max-image-preview":"max-image-preview:large","max-video-preview":"max-video-preview:-1"},"canonical":"https:\/\/formar.shop\/lt\/apie-mus\/","schema":{"@context":"https:\/\/schema.org","@graph":[{"@type":"WebPage","@id":"https:\/\/formar.shop\/lt\/apie-mus\/","url":"https:\/\/formar.shop\/lt\/apie-mus\/","name":"Apie mus - Formar.shop","isPartOf":{"@id":"https:\/\/formar.shop\/lt\/#website"},"datePublished":"2025-01-19T07:54:39+00:00","dateModified":"2025-11-18T11:06:01+00:00","breadcrumb":{"@id":"https:\/\/formar.shop\/lt\/apie-mus\/#breadcrumb"},"inLanguage":"lt-LT","potentialAction":[{"@type":"ReadAction","target":["https:\/\/formar.shop\/lt\/apie-mus\/"]}]},{"@type":"BreadcrumbList","@id":"https:\/\/formar.shop\/lt\/apie-mus\/#breadcrumb","itemListElement":[{"@type":"ListItem","position":1,"name":"Home","item":"https:\/\/formar.shop\/lt\/automatinis-projektas\/"},{"@type":"ListItem","position":2,"name":"Apie mus"}]},{"@type":"WebSite","@id":"https:\/\/formar.shop\/lt\/#website","url":"https:\/\/formar.shop\/lt\/","name":"Formar.shop","description":"Soluzioni espresse con stile","potentialAction":[{"@type":"SearchAction","target":{"@type":"EntryPoint","urlTemplate":"https:\/\/formar.shop\/lt\/?s={search_term_string}"},"query-input":{"@type":"PropertyValueSpecification","valueRequired":true,"valueName":"search_term_string"}}],"inLanguage":"lt-LT"}]}},"_links":{"self":[{"href":"https:\/\/formar.shop\/lt\/wp-json\/wp\/v2\/pages\/49640","targetHints":{"allow":["GET"]}}],"collection":[{"href":"https:\/\/formar.shop\/lt\/wp-json\/wp\/v2\/pages"}],"about":[{"href":"https:\/\/formar.shop\/lt\/wp-json\/wp\/v2\/types\/page"}],"author":[{"embeddable":true,"href":"https:\/\/formar.shop\/lt\/wp-json\/wp\/v2\/users\/5"}],"replies":[{"embeddable":true,"href":"https:\/\/formar.shop\/lt\/wp-json\/wp\/v2\/comments?post=49640"}],"version-history":[{"count":7,"href":"https:\/\/formar.shop\/lt\/wp-json\/wp\/v2\/pages\/49640\/revisions"}],"predecessor-version":[{"id":61916,"href":"https:\/\/formar.shop\/lt\/wp-json\/wp\/v2\/pages\/49640\/revisions\/61916"}],"wp:attachment":[{"href":"https:\/\/formar.shop\/lt\/wp-json\/wp\/v2\/media?parent=49640"}],"curies":[{"name":"wp","href":"https:\/\/api.w.org\/{rel}","templated":true}]}}