{"id":49510,"date":"2025-01-19T08:53:36","date_gmt":"2025-01-19T07:53:36","guid":{"rendered":"https:\/\/formar.shop\/krepselis\/"},"modified":"2025-01-19T08:53:43","modified_gmt":"2025-01-19T07:53:43","slug":"krepselis","status":"publish","type":"page","link":"https:\/\/formar.shop\/lt\/krepselis\/","title":{"rendered":"Krep\u0161elis"},"content":{"rendered":"\n<div data-block-name=\"woocommerce\/cart\" class=\"wp-block-woocommerce-cart alignwide is-loading\">\n<div data-block-name=\"woocommerce\/filled-cart-block\" class=\"wp-block-woocommerce-filled-cart-block\">\n<div data-block-name=\"woocommerce\/cart-items-block\" class=\"wp-block-woocommerce-cart-items-block\">\n<div data-block-name=\"woocommerce\/cart-line-items-block\" class=\"wp-block-woocommerce-cart-line-items-block\"><\/div>\n\n\n\n<div data-block-name=\"woocommerce\/cart-cross-sells-block\" class=\"wp-block-woocommerce-cart-cross-sells-block\">\n<h2 class=\"wp-block-heading has-large-font-size\">Jus taip pat gali dominti&#8230;<\/h2>\n\n\n\n<div data-block-name=\"woocommerce\/cart-cross-sells-products-block\" class=\"wp-block-woocommerce-cart-cross-sells-products-block\"><\/div>\n<\/div>\n<\/div>\n\n\n\n<div data-block-name=\"woocommerce\/cart-totals-block\" class=\"wp-block-woocommerce-cart-totals-block\">\n<div data-block-name=\"woocommerce\/cart-order-summary-block\" class=\"wp-block-woocommerce-cart-order-summary-block\">\n<div data-block-name=\"woocommerce\/cart-order-summary-heading-block\" data-content=\"I\u0161 viso krep\u0161elio\" class=\"wp-block-woocommerce-cart-order-summary-heading-block\"><\/div>\n\n\n\n<div data-block-name=\"woocommerce\/cart-order-summary-coupon-form-block\" class=\"wp-block-woocommerce-cart-order-summary-coupon-form-block\"><\/div>\n\n\n\n<div data-block-name=\"woocommerce\/cart-order-summary-totals-block\" class=\"wp-block-woocommerce-cart-order-summary-totals-block\">\n<div data-block-name=\"woocommerce\/cart-order-summary-subtotal-block\" class=\"wp-block-woocommerce-cart-order-summary-subtotal-block\"><\/div>\n\n\n\n<div data-block-name=\"woocommerce\/cart-order-summary-fee-block\" class=\"wp-block-woocommerce-cart-order-summary-fee-block\"><\/div>\n\n\n\n<div data-block-name=\"woocommerce\/cart-order-summary-discount-block\" class=\"wp-block-woocommerce-cart-order-summary-discount-block\"><\/div>\n\n\n\n<div data-block-name=\"woocommerce\/cart-order-summary-shipping-block\" class=\"wp-block-woocommerce-cart-order-summary-shipping-block\"><\/div>\n\n\n\n<div data-block-name=\"woocommerce\/cart-order-summary-taxes-block\" class=\"wp-block-woocommerce-cart-order-summary-taxes-block\"><\/div>\n<\/div>\n<\/div>\n\n\n<div data-lock=\"{&quot;remove&quot;:true}\" data-ppcp-id=\"ppcp-34c4c46e-3a45-4e95-ab67-5b553bd991dd\" data-block-name=\"woocommerce-paypal-payments\/cart-paylater-messages\" data-pp-placement=\"cart\" data-pp-style-layout=\"text\" data-pp-style-logo-position=\"left\" data-pp-style-logo-type=\"inline\" data-pp-style-text-color=\"black\" data-pp-style-text-size=\"12\" id=\"ppcp-34c4c46e-3a45-4e95-ab67-5b553bd991dd\" class=\"ppcp-messages\" data-partner-attribution-id=\"Woo_PPCP\"><\/div>\n\n\n<div data-block-name=\"woocommerce\/cart-express-payment-block\" class=\"wp-block-woocommerce-cart-express-payment-block\"><\/div>\n\n\n\n<div data-block-name=\"woocommerce\/proceed-to-checkout-block\" class=\"wp-block-woocommerce-proceed-to-checkout-block\"><\/div>\n\n\n\n<div data-block-name=\"woocommerce\/cart-accepted-payment-methods-block\" class=\"wp-block-woocommerce-cart-accepted-payment-methods-block\"><\/div>\n<\/div>\n<\/div>\n\n\n\n<div data-block-name=\"woocommerce\/empty-cart-block\" class=\"wp-block-woocommerce-empty-cart-block\">\n<h2 class=\"wp-block-heading has-text-align-center with-empty-cart-icon wc-block-cart__empty-cart__title\">J\u016bs\u0173 pirkini\u0173 krep\u0161elis \u0161iuo metu tu\u0161\u010dias!<\/h2>\n\n\n\n<p class=\"has-text-align-center\"><a href=\"https:\/\/formar.shop\/shop\/\">Nar\u0161ykite parduotuv\u0117je<\/a><\/p>\n\n\n\n<hr class=\"wp-block-separator has-alpha-channel-opacity is-style-dots\"\/>\n\n\n\n<h2 class=\"wp-block-heading has-text-align-center\">Naujiena parduotuv\u0117je<\/h2>\n\n\n<div data-block-name=\"woocommerce\/product-new\" data-columns=\"4\" data-rows=\"1\" class=\"wc-block-grid wp-block-product-new wp-block-woocommerce-product-new wc-block-product-new has-4-columns\"><ul class=\"wc-block-grid__products\"><li class=\"wc-block-grid__product\"><span class=\"gtm4wp_productdata\" style=\"display:none; visibility:hidden;\" data-gtm4wp_product_data=\"{&quot;internal_id&quot;:48860,&quot;item_id&quot;:48860,&quot;item_name&quot;:&quot;Knyg\\u0173 spinta - Stalas \\&quot;Cube\\&quot; 02&quot;,&quot;sku&quot;:48860,&quot;price&quot;:58.2,&quot;stocklevel&quot;:20,&quot;stockstatus&quot;:&quot;instock&quot;,&quot;google_business_vertical&quot;:&quot;retail&quot;,&quot;item_category&quot;:&quot;Stalai ir \\u017eurnaliniai staliukai&quot;,&quot;id&quot;:48860,&quot;productlink&quot;:&quot;https:\\\/\\\/formar.shop\\\/lt\\\/prodotto\\\/knygu-spinta-stalas-cube-02\\\/&quot;,&quot;item_list_name&quot;:&quot;General Product List&quot;,&quot;index&quot;:0,&quot;product_type&quot;:&quot;variable&quot;,&quot;item_brand&quot;:&quot;&quot;}\"><\/span>\n\t\t\t\t<a href=\"https:\/\/formar.shop\/lt\/prodotto\/knygu-spinta-stalas-cube-02\/\" class=\"wc-block-grid__product-link\">\n\t\t\t\t\t<div class=\"wc-block-grid__product-onsale\">\n\t\t\t<span aria-hidden=\"true\">Akcija<\/span>\n\t\t\t<span class=\"screen-reader-text\">Produktas su nuolaida<\/span>\n\t\t<\/div>\n\t\t\t\t\t<div class=\"wc-block-grid__product-image\"><img loading=\"lazy\" decoding=\"async\" width=\"247\" height=\"247\" src=\"https:\/\/static.formar.net\/wp-content\/uploads\/2020\/12\/22192450\/Immagini-di-prodotto-x-Amazon-46-1.png\" class=\"attachment-woocommerce_thumbnail size-woocommerce_thumbnail\" alt=\"Knyg\u0173 spinta - Stalas &quot;Cube&quot; 02\" \/><\/div>\n\t\t\t\t\t<div class=\"wc-block-grid__product-title\">Knyg\u0173 spinta &#8211; Stalas &#8222;Cube&#8221; 02<\/div>\n\t\t\t\t<\/a>\n\t\t\t\t<div class=\"wc-block-grid__product-price price\">A partire da <span class=\"woocommerce-Price-amount amount\">65,57<span class=\"woocommerce-Price-currencySymbol\">&euro;<\/span><\/span><\/div>\n\t\t\t\t\n\t\t\t\t<div class=\"wp-block-button wc-block-grid__product-add-to-cart\"><a href=\"https:\/\/formar.shop\/lt\/prodotto\/knygu-spinta-stalas-cube-02\/\" aria-label=\"Pasirinkti savybes: &ldquo;Knyg\u0173 spinta - Stalas &quot;Cube&quot; 02&rdquo;\" data-quantity=\"1\" data-product_id=\"48860\" data-product_sku=\"\" data-price=\"58.2\" rel=\"nofollow\" class=\"wp-block-button__link  add_to_cart_button\">Pasirinkti savybes<\/a><\/div>\n\t\t\t<\/li><li class=\"wc-block-grid__product\"><span class=\"gtm4wp_productdata\" style=\"display:none; visibility:hidden;\" data-gtm4wp_product_data=\"{&quot;internal_id&quot;:48399,&quot;item_id&quot;:48399,&quot;item_name&quot;:&quot;Knyg\\u0173 spinta - Stalas \\&quot;Cube Table 01&quot;,&quot;sku&quot;:48399,&quot;price&quot;:43.44,&quot;stocklevel&quot;:68,&quot;stockstatus&quot;:&quot;instock&quot;,&quot;google_business_vertical&quot;:&quot;retail&quot;,&quot;item_category&quot;:&quot;Stalai ir \\u017eurnaliniai staliukai&quot;,&quot;id&quot;:48399,&quot;productlink&quot;:&quot;https:\\\/\\\/formar.shop\\\/lt\\\/prodotto\\\/knygu-spinta-stalas-cube-table-01\\\/&quot;,&quot;item_list_name&quot;:&quot;General Product List&quot;,&quot;index&quot;:0,&quot;product_type&quot;:&quot;variable&quot;,&quot;item_brand&quot;:&quot;&quot;}\"><\/span>\n\t\t\t\t<a href=\"https:\/\/formar.shop\/lt\/prodotto\/knygu-spinta-stalas-cube-table-01\/\" class=\"wc-block-grid__product-link\">\n\t\t\t\t\t<div class=\"wc-block-grid__product-onsale\">\n\t\t\t<span aria-hidden=\"true\">Akcija<\/span>\n\t\t\t<span class=\"screen-reader-text\">Produktas su nuolaida<\/span>\n\t\t<\/div>\n\t\t\t\t\t<div class=\"wc-block-grid__product-image\"><img loading=\"lazy\" decoding=\"async\" width=\"247\" height=\"247\" src=\"https:\/\/static.formar.net\/wp-content\/uploads\/2020\/12\/22191323\/Immagini-di-prodotto-x-Amazon-41.png\" class=\"attachment-woocommerce_thumbnail size-woocommerce_thumbnail\" alt=\"Knyg\u0173 spinta - Stalas &quot;Cube Table 01\" \/><\/div>\n\t\t\t\t\t<div class=\"wc-block-grid__product-title\">Knyg\u0173 spinta &#8211; Stalas &#8222;Cube Table 01<\/div>\n\t\t\t\t<\/a>\n\t\t\t\t<div class=\"wc-block-grid__product-price price\">A partire da <span class=\"woocommerce-Price-amount amount\">49,58<span class=\"woocommerce-Price-currencySymbol\">&euro;<\/span><\/span><\/div>\n\t\t\t\t\n\t\t\t\t<div class=\"wp-block-button wc-block-grid__product-add-to-cart\"><a href=\"https:\/\/formar.shop\/lt\/prodotto\/knygu-spinta-stalas-cube-table-01\/\" aria-label=\"Pasirinkti savybes: &ldquo;Knyg\u0173 spinta - Stalas &quot;Cube Table 01&rdquo;\" data-quantity=\"1\" data-product_id=\"48399\" data-product_sku=\"\" data-price=\"43.44\" rel=\"nofollow\" class=\"wp-block-button__link  add_to_cart_button\">Pasirinkti savybes<\/a><\/div>\n\t\t\t<\/li><li class=\"wc-block-grid__product\"><span class=\"gtm4wp_productdata\" style=\"display:none; visibility:hidden;\" data-gtm4wp_product_data=\"{&quot;internal_id&quot;:48281,&quot;item_id&quot;:48281,&quot;item_name&quot;:&quot;Konsolinis staliukas - Spider&quot;,&quot;sku&quot;:48281,&quot;price&quot;:216.8,&quot;stocklevel&quot;:27,&quot;stockstatus&quot;:&quot;instock&quot;,&quot;google_business_vertical&quot;:&quot;retail&quot;,&quot;item_category&quot;:&quot;Pagrindinis&quot;,&quot;id&quot;:48281,&quot;productlink&quot;:&quot;https:\\\/\\\/formar.shop\\\/lt\\\/prodotto\\\/konsolinis-staliukas-spider\\\/&quot;,&quot;item_list_name&quot;:&quot;General Product List&quot;,&quot;index&quot;:0,&quot;product_type&quot;:&quot;simple&quot;,&quot;item_brand&quot;:&quot;&quot;}\"><\/span>\n\t\t\t\t<a href=\"https:\/\/formar.shop\/lt\/prodotto\/konsolinis-staliukas-spider\/\" class=\"wc-block-grid__product-link\">\n\t\t\t\t\t\n\t\t\t\t\t<div class=\"wc-block-grid__product-image\"><img loading=\"lazy\" decoding=\"async\" width=\"247\" height=\"247\" src=\"https:\/\/static.formar.net\/wp-content\/uploads\/2020\/12\/04172727\/Immagini-di-prodotto-x-Amazon-08.png\" class=\"attachment-woocommerce_thumbnail size-woocommerce_thumbnail\" alt=\"Konsolinis staliukas - Spider\" \/><\/div>\n\t\t\t\t\t<div class=\"wc-block-grid__product-title\">Konsolinis staliukas &#8211; Spider<\/div>\n\t\t\t\t<\/a>\n\t\t\t\t<div class=\"wc-block-grid__product-price price\"><span class=\"woocommerce-Price-amount amount\">216,80<span class=\"woocommerce-Price-currencySymbol\">&euro;<\/span><\/span> <small class=\"woocommerce-price-suffix\">(<span class=\"woocommerce-Price-amount amount\">216,80<span class=\"woocommerce-Price-currencySymbol\">&euro;<\/span><\/span> +iva)<\/small><\/div>\n\t\t\t\t\n\t\t\t\t<div class=\"wp-block-button wc-block-grid__product-add-to-cart\"><a href=\"\/lt\/wp-json\/wp\/v2\/pages\/49510?add-to-cart=48281\" aria-label=\"Add to cart: &ldquo;Konsolinis staliukas - Spider&rdquo;\" data-quantity=\"1\" data-product_id=\"48281\" data-product_sku=\"\" data-price=\"216.8\" rel=\"nofollow\" class=\"wp-block-button__link  add_to_cart_button ajax_add_to_cart\">\u012e krep\u0161el\u012f<\/a><\/div>\n\t\t\t<\/li><li class=\"wc-block-grid__product\"><span class=\"gtm4wp_productdata\" style=\"display:none; visibility:hidden;\" data-gtm4wp_product_data=\"{&quot;internal_id&quot;:46869,&quot;item_id&quot;:46869,&quot;item_name&quot;:&quot;Sand\\u0117liavimo lentyna - kameros sienel\\u0117&quot;,&quot;sku&quot;:&quot;8056149750391&quot;,&quot;price&quot;:49.18,&quot;stocklevel&quot;:78,&quot;stockstatus&quot;:&quot;instock&quot;,&quot;google_business_vertical&quot;:&quot;retail&quot;,&quot;item_category&quot;:&quot;Lentynos ir konteineriai&quot;,&quot;id&quot;:46869,&quot;productlink&quot;:&quot;https:\\\/\\\/formar.shop\\\/lt\\\/prodotto\\\/sandeliavimo-lentyna-kameros-sienele\\\/&quot;,&quot;item_list_name&quot;:&quot;General Product List&quot;,&quot;index&quot;:0,&quot;product_type&quot;:&quot;simple&quot;,&quot;item_brand&quot;:&quot;&quot;}\"><\/span>\n\t\t\t\t<a href=\"https:\/\/formar.shop\/lt\/prodotto\/sandeliavimo-lentyna-kameros-sienele\/\" class=\"wc-block-grid__product-link\">\n\t\t\t\t\t\n\t\t\t\t\t<div class=\"wc-block-grid__product-image\"><img loading=\"lazy\" decoding=\"async\" width=\"247\" height=\"185\" src=\"https:\/\/static.formar.net\/wp-content\/uploads\/2020\/12\/19150623\/campus.png\" class=\"attachment-woocommerce_thumbnail size-woocommerce_thumbnail\" alt=\"Sand\u0117liavimo lentyna - kameros sienel\u0117\" \/><\/div>\n\t\t\t\t\t<div class=\"wc-block-grid__product-title\">Sand\u0117liavimo lentyna &#8211; kameros sienel\u0117<\/div>\n\t\t\t\t<\/a>\n\t\t\t\t<div class=\"wc-block-grid__product-price price\"><span class=\"woocommerce-Price-amount amount\">49,18<span class=\"woocommerce-Price-currencySymbol\">&euro;<\/span><\/span> <small class=\"woocommerce-price-suffix\">(<span class=\"woocommerce-Price-amount amount\">49,18<span class=\"woocommerce-Price-currencySymbol\">&euro;<\/span><\/span> +iva)<\/small><\/div>\n\t\t\t\t\n\t\t\t\t<div class=\"wp-block-button wc-block-grid__product-add-to-cart\"><a href=\"\/lt\/wp-json\/wp\/v2\/pages\/49510?add-to-cart=46869\" aria-label=\"Add to cart: &ldquo;Sand\u0117liavimo lentyna - kameros sienel\u0117&rdquo;\" data-quantity=\"1\" data-product_id=\"46869\" data-product_sku=\"8056149750391\" data-price=\"49.18\" rel=\"nofollow\" class=\"wp-block-button__link  add_to_cart_button ajax_add_to_cart\">\u012e krep\u0161el\u012f<\/a><\/div>\n\t\t\t<\/li><\/ul><\/div><\/div>\n<\/div>\n","protected":false},"excerpt":{"rendered":"","protected":false},"author":1,"featured_media":0,"parent":0,"menu_order":0,"comment_status":"closed","ping_status":"closed","template":"","meta":{"_joinchat":[],"footnotes":""},"class_list":["post-49510","page","type-page","status-publish","hentry"],"yoast_head":"<!-- This site is optimized with the Yoast SEO plugin v27.3 - https:\/\/yoast.com\/product\/yoast-seo-wordpress\/ -->\n<title>Krep\u0161elis - Formar.shop<\/title>\n<meta name=\"robots\" content=\"index, follow, max-snippet:-1, max-image-preview:large, max-video-preview:-1\" \/>\n<link rel=\"canonical\" href=\"https:\/\/formar.shop\/lt\/krepselis\/\" \/>\n<script type=\"application\/ld+json\" class=\"yoast-schema-graph\">{\"@context\":\"https:\\\/\\\/schema.org\",\"@graph\":[{\"@type\":\"WebPage\",\"@id\":\"https:\\\/\\\/formar.shop\\\/lt\\\/krepselis\\\/\",\"url\":\"https:\\\/\\\/formar.shop\\\/lt\\\/krepselis\\\/\",\"name\":\"Krep\u0161elis - Formar.shop\",\"isPartOf\":{\"@id\":\"https:\\\/\\\/formar.shop\\\/lt\\\/#website\"},\"datePublished\":\"2025-01-19T07:53:36+00:00\",\"dateModified\":\"2025-01-19T07:53:43+00:00\",\"breadcrumb\":{\"@id\":\"https:\\\/\\\/formar.shop\\\/lt\\\/krepselis\\\/#breadcrumb\"},\"inLanguage\":\"lt-LT\",\"potentialAction\":[{\"@type\":\"ReadAction\",\"target\":[\"https:\\\/\\\/formar.shop\\\/lt\\\/krepselis\\\/\"]}]},{\"@type\":\"BreadcrumbList\",\"@id\":\"https:\\\/\\\/formar.shop\\\/lt\\\/krepselis\\\/#breadcrumb\",\"itemListElement\":[{\"@type\":\"ListItem\",\"position\":1,\"name\":\"Home\",\"item\":\"https:\\\/\\\/formar.shop\\\/lt\\\/automatinis-projektas\\\/\"},{\"@type\":\"ListItem\",\"position\":2,\"name\":\"Krep\u0161elis\"}]},{\"@type\":\"WebSite\",\"@id\":\"https:\\\/\\\/formar.shop\\\/lt\\\/#website\",\"url\":\"https:\\\/\\\/formar.shop\\\/lt\\\/\",\"name\":\"Formar.shop\",\"description\":\"Soluzioni espresse con stile\",\"potentialAction\":[{\"@type\":\"SearchAction\",\"target\":{\"@type\":\"EntryPoint\",\"urlTemplate\":\"https:\\\/\\\/formar.shop\\\/lt\\\/?s={search_term_string}\"},\"query-input\":{\"@type\":\"PropertyValueSpecification\",\"valueRequired\":true,\"valueName\":\"search_term_string\"}}],\"inLanguage\":\"lt-LT\"}]}<\/script>\n<!-- \/ Yoast SEO plugin. -->","yoast_head_json":{"title":"Krep\u0161elis - Formar.shop","robots":{"index":"index","follow":"follow","max-snippet":"max-snippet:-1","max-image-preview":"max-image-preview:large","max-video-preview":"max-video-preview:-1"},"canonical":"https:\/\/formar.shop\/lt\/krepselis\/","schema":{"@context":"https:\/\/schema.org","@graph":[{"@type":"WebPage","@id":"https:\/\/formar.shop\/lt\/krepselis\/","url":"https:\/\/formar.shop\/lt\/krepselis\/","name":"Krep\u0161elis - Formar.shop","isPartOf":{"@id":"https:\/\/formar.shop\/lt\/#website"},"datePublished":"2025-01-19T07:53:36+00:00","dateModified":"2025-01-19T07:53:43+00:00","breadcrumb":{"@id":"https:\/\/formar.shop\/lt\/krepselis\/#breadcrumb"},"inLanguage":"lt-LT","potentialAction":[{"@type":"ReadAction","target":["https:\/\/formar.shop\/lt\/krepselis\/"]}]},{"@type":"BreadcrumbList","@id":"https:\/\/formar.shop\/lt\/krepselis\/#breadcrumb","itemListElement":[{"@type":"ListItem","position":1,"name":"Home","item":"https:\/\/formar.shop\/lt\/automatinis-projektas\/"},{"@type":"ListItem","position":2,"name":"Krep\u0161elis"}]},{"@type":"WebSite","@id":"https:\/\/formar.shop\/lt\/#website","url":"https:\/\/formar.shop\/lt\/","name":"Formar.shop","description":"Soluzioni espresse con stile","potentialAction":[{"@type":"SearchAction","target":{"@type":"EntryPoint","urlTemplate":"https:\/\/formar.shop\/lt\/?s={search_term_string}"},"query-input":{"@type":"PropertyValueSpecification","valueRequired":true,"valueName":"search_term_string"}}],"inLanguage":"lt-LT"}]}},"_links":{"self":[{"href":"https:\/\/formar.shop\/lt\/wp-json\/wp\/v2\/pages\/49510","targetHints":{"allow":["GET"]}}],"collection":[{"href":"https:\/\/formar.shop\/lt\/wp-json\/wp\/v2\/pages"}],"about":[{"href":"https:\/\/formar.shop\/lt\/wp-json\/wp\/v2\/types\/page"}],"author":[{"embeddable":true,"href":"https:\/\/formar.shop\/lt\/wp-json\/wp\/v2\/users\/1"}],"replies":[{"embeddable":true,"href":"https:\/\/formar.shop\/lt\/wp-json\/wp\/v2\/comments?post=49510"}],"version-history":[{"count":1,"href":"https:\/\/formar.shop\/lt\/wp-json\/wp\/v2\/pages\/49510\/revisions"}],"predecessor-version":[{"id":49513,"href":"https:\/\/formar.shop\/lt\/wp-json\/wp\/v2\/pages\/49510\/revisions\/49513"}],"wp:attachment":[{"href":"https:\/\/formar.shop\/lt\/wp-json\/wp\/v2\/media?parent=49510"}],"curies":[{"name":"wp","href":"https:\/\/api.w.org\/{rel}","templated":true}]}}