{"id":49409,"date":"2025-01-19T08:53:24","date_gmt":"2025-01-19T07:53:24","guid":{"rendered":"https:\/\/formar.shop\/uzsakymo-priemimas-ka-daryti\/"},"modified":"2025-01-19T08:53:28","modified_gmt":"2025-01-19T07:53:28","slug":"uzsakymo-priemimas-ka-daryti","status":"publish","type":"page","link":"https:\/\/formar.shop\/lt\/uzsakymo-priemimas-ka-daryti\/","title":{"rendered":"U\u017esakymo pri\u0117mimas: k\u0105 daryti?"},"content":{"rendered":"<p>Gerbiamas kliente,<\/p>\n<p>Siekdami u\u017etikrinti, kad j\u016bs\u0173 pirkinys b\u016bt\u0173 pristatytas nepriekai\u0161tingos b\u016bkl\u0117s, visada naudojom\u0117s profesionali\u0173 kurjeri\u0173 paslaugomis. Ta\u010diau kartais gali atsitikti taip, kad u\u017esakyt\u0173 preki\u0173 pakuot\u0117s ar siuntiniai atkeliauja ne tokios b\u016bkl\u0117s ir su jais elgiamasi ne taip r\u016bpestingai, kaip \u012fprastai. D\u0117l \u0161ios prie\u017easties pra\u0161ome j\u016bs\u0173 trumpai susipa\u017einti su toliau pateiktu priminimu:<\/p>\n<ul>\n<li><span style=\"background-color: #ffff00;\">Visada patikrinkite, ar gaut\u0173 pakuo\u010di\u0173 skai\u010dius atitinka ve\u017eimo dokumente pa\u017eym\u0117t\u0105 pakuo\u010di\u0173 skai\u010di\u0173.<\/span><\/li>\n<li><span style=\"background-color: #ffff00;\">Visada patikrinkite, ar pakuot\u0117 yra visi\u0161kai vientisa, nesvarbu, ar tai b\u016bt\u0173 pad\u0117klai, ar palaidos pakuot\u0117s<\/span>.<\/li>\n<\/ul>\n<p><strong><span style=\"color: #ed1c24; font-size: 120%;\"><em>Esant kiekybiniams ar kokybiniams neatitikimams, pristatymas bus priimtas tik kvite nurod\u017eius \u0161iuos duomenis:<\/em><\/span><\/strong><\/p>\n<p style=\"text-align: center;\"><span style=\"background-color: #ffff00;\">SPECIFIN\u0116 REZERVA\u00b9 ir nustatyt\u0173 neatitikim\u0173 apra\u0161ymas.<\/span><br \/><span style=\"background-color: #ffff00;\">nustatyt\u0173 neatitikim\u0173 pary\u0161kinimas POD\/palmare<\/span><\/p>\n<p>(N.B. Bendros i\u0161lygos, tokios kaip &#8222;neatitinkan\u010dios reikalavim\u0173 prek\u0117s&#8221; arba &#8222;kontrolinis rezervas&#8221;, nelaikomos galiojan\u010diomis)<\/p>\n<p><strong><em>Nedelsdami prane\u0161kite mums el. pa\u0161tu (shop@formar-contract.it), nurodydami, kad pristatyme aptikta neatitikim\u0173, ir prid\u0117kite kurjerio i\u0161duoto kvito, kuriame nurodyta j\u016bs\u0173 pasira\u0161yta specialioji rezervacija, nuotrauk\u0105.<\/em><\/strong><\/p>\n<p><span style=\"background-color: #ffff00;\"><strong><span style=\"font-size: 105%; background-color: #ffff00;\">I M P O R T A N T A S !!!<\/span><\/strong><\/span><\/p>\n<p><span style=\"color: #ed1c24;\">Pasira\u0161ykite su <span style=\"font-size: 95%;\"><strong>Konkreti rezervacija<\/strong><\/span> rei\u0161kia, kad gav\u0117jas pasilieka teis\u0119 tikrinti preki\u0173 vientisum\u0105, o \u017ealos atveju gali kreiptis \u012f ve\u017e\u0117j\u0105.<\/span><\/p>\n<p>\u00b9 <strong><em>Paspauskite toliau esant\u012f mygtuk\u0105 ir rasite pdf fail\u0105, kuriame parodyta, kaip \u012fra\u0161yti formuluot\u0119 &#8222;Specialusis rezervas&#8221; ir bendr\u0105 neatitikimo apra\u0161ym\u0105.<\/em><\/strong><\/p>\n<p>D\u0117kojame u\u017e bendradarbiavim\u0105 ir prieinamum\u0105!<br \/>&#8222;Formar Contract Srl&#8221; komanda<\/p>\n<a href=\"https:\/\/formar.shop\/wp-content\/uploads\/2022\/04\/riserva-di-controllo-Formar-Shop.pdf\" target=\"_blank\" class=\"button primary\" rel=\"noopener\" style=\"border-radius:10px;\">\n\t\t<span>Rezervuoti Specific_Pod<\/span>\n\t<i class=\"icon-user\" aria-hidden=\"true\"><\/i><\/a>\n\n","protected":false},"excerpt":{"rendered":"<p>Gerbiamas kliente, Siekdami u\u017etikrinti, kad j\u016bs\u0173 pirkinys b\u016bt\u0173 pristatytas nepriekai\u0161tingos b\u016bkl\u0117s, visada naudojom\u0117s profesionali\u0173 kurjeri\u0173 paslaugomis. Ta\u010diau kartais gali atsitikti taip, kad u\u017esakyt\u0173 preki\u0173 pakuot\u0117s ar siuntiniai atkeliauja ne tokios b\u016bkl\u0117s ir su jais elgiamasi ne taip r\u016bpestingai, kaip \u012fprastai. D\u0117l \u0161ios prie\u017easties pra\u0161ome j\u016bs\u0173 trumpai susipa\u017einti su toliau pateiktu priminimu: Visada patikrinkite, ar gaut\u0173 [&#8230;]\n","protected":false},"author":175,"featured_media":0,"parent":0,"menu_order":0,"comment_status":"closed","ping_status":"closed","template":"","meta":{"_joinchat":[],"footnotes":""},"class_list":["post-49409","page","type-page","status-publish","hentry"],"yoast_head":"<!-- This site is optimized with the Yoast SEO plugin v27.4 - https:\/\/yoast.com\/product\/yoast-seo-wordpress\/ -->\n<title>U\u017esakymo pri\u0117mimas: k\u0105 daryti? - Formar.shop<\/title>\n<meta name=\"robots\" content=\"index, follow, max-snippet:-1, max-image-preview:large, max-video-preview:-1\" \/>\n<link rel=\"canonical\" href=\"https:\/\/formar.shop\/lt\/uzsakymo-priemimas-ka-daryti\/\" \/>\n<script type=\"application\/ld+json\" class=\"yoast-schema-graph\">{\"@context\":\"https:\\\/\\\/schema.org\",\"@graph\":[{\"@type\":\"WebPage\",\"@id\":\"https:\\\/\\\/formar.shop\\\/lt\\\/uzsakymo-priemimas-ka-daryti\\\/\",\"url\":\"https:\\\/\\\/formar.shop\\\/lt\\\/uzsakymo-priemimas-ka-daryti\\\/\",\"name\":\"U\u017esakymo pri\u0117mimas: k\u0105 daryti? - Formar.shop\",\"isPartOf\":{\"@id\":\"https:\\\/\\\/formar.shop\\\/lt\\\/#website\"},\"datePublished\":\"2025-01-19T07:53:24+00:00\",\"dateModified\":\"2025-01-19T07:53:28+00:00\",\"breadcrumb\":{\"@id\":\"https:\\\/\\\/formar.shop\\\/lt\\\/uzsakymo-priemimas-ka-daryti\\\/#breadcrumb\"},\"inLanguage\":\"lt-LT\",\"potentialAction\":[{\"@type\":\"ReadAction\",\"target\":[\"https:\\\/\\\/formar.shop\\\/lt\\\/uzsakymo-priemimas-ka-daryti\\\/\"]}]},{\"@type\":\"BreadcrumbList\",\"@id\":\"https:\\\/\\\/formar.shop\\\/lt\\\/uzsakymo-priemimas-ka-daryti\\\/#breadcrumb\",\"itemListElement\":[{\"@type\":\"ListItem\",\"position\":1,\"name\":\"Home\",\"item\":\"https:\\\/\\\/formar.shop\\\/lt\\\/automatinis-projektas\\\/\"},{\"@type\":\"ListItem\",\"position\":2,\"name\":\"U\u017esakymo pri\u0117mimas: k\u0105 daryti?\"}]},{\"@type\":\"WebSite\",\"@id\":\"https:\\\/\\\/formar.shop\\\/lt\\\/#website\",\"url\":\"https:\\\/\\\/formar.shop\\\/lt\\\/\",\"name\":\"Formar.shop\",\"description\":\"Soluzioni espresse con stile\",\"potentialAction\":[{\"@type\":\"SearchAction\",\"target\":{\"@type\":\"EntryPoint\",\"urlTemplate\":\"https:\\\/\\\/formar.shop\\\/lt\\\/?s={search_term_string}\"},\"query-input\":{\"@type\":\"PropertyValueSpecification\",\"valueRequired\":true,\"valueName\":\"search_term_string\"}}],\"inLanguage\":\"lt-LT\"}]}<\/script>\n<!-- \/ Yoast SEO plugin. -->","yoast_head_json":{"title":"U\u017esakymo pri\u0117mimas: k\u0105 daryti? - Formar.shop","robots":{"index":"index","follow":"follow","max-snippet":"max-snippet:-1","max-image-preview":"max-image-preview:large","max-video-preview":"max-video-preview:-1"},"canonical":"https:\/\/formar.shop\/lt\/uzsakymo-priemimas-ka-daryti\/","schema":{"@context":"https:\/\/schema.org","@graph":[{"@type":"WebPage","@id":"https:\/\/formar.shop\/lt\/uzsakymo-priemimas-ka-daryti\/","url":"https:\/\/formar.shop\/lt\/uzsakymo-priemimas-ka-daryti\/","name":"U\u017esakymo pri\u0117mimas: k\u0105 daryti? - Formar.shop","isPartOf":{"@id":"https:\/\/formar.shop\/lt\/#website"},"datePublished":"2025-01-19T07:53:24+00:00","dateModified":"2025-01-19T07:53:28+00:00","breadcrumb":{"@id":"https:\/\/formar.shop\/lt\/uzsakymo-priemimas-ka-daryti\/#breadcrumb"},"inLanguage":"lt-LT","potentialAction":[{"@type":"ReadAction","target":["https:\/\/formar.shop\/lt\/uzsakymo-priemimas-ka-daryti\/"]}]},{"@type":"BreadcrumbList","@id":"https:\/\/formar.shop\/lt\/uzsakymo-priemimas-ka-daryti\/#breadcrumb","itemListElement":[{"@type":"ListItem","position":1,"name":"Home","item":"https:\/\/formar.shop\/lt\/automatinis-projektas\/"},{"@type":"ListItem","position":2,"name":"U\u017esakymo pri\u0117mimas: k\u0105 daryti?"}]},{"@type":"WebSite","@id":"https:\/\/formar.shop\/lt\/#website","url":"https:\/\/formar.shop\/lt\/","name":"Formar.shop","description":"Soluzioni espresse con stile","potentialAction":[{"@type":"SearchAction","target":{"@type":"EntryPoint","urlTemplate":"https:\/\/formar.shop\/lt\/?s={search_term_string}"},"query-input":{"@type":"PropertyValueSpecification","valueRequired":true,"valueName":"search_term_string"}}],"inLanguage":"lt-LT"}]}},"_links":{"self":[{"href":"https:\/\/formar.shop\/lt\/wp-json\/wp\/v2\/pages\/49409","targetHints":{"allow":["GET"]}}],"collection":[{"href":"https:\/\/formar.shop\/lt\/wp-json\/wp\/v2\/pages"}],"about":[{"href":"https:\/\/formar.shop\/lt\/wp-json\/wp\/v2\/types\/page"}],"author":[{"embeddable":true,"href":"https:\/\/formar.shop\/lt\/wp-json\/wp\/v2\/users\/175"}],"replies":[{"embeddable":true,"href":"https:\/\/formar.shop\/lt\/wp-json\/wp\/v2\/comments?post=49409"}],"version-history":[{"count":15,"href":"https:\/\/formar.shop\/lt\/wp-json\/wp\/v2\/pages\/49409\/revisions"}],"predecessor-version":[{"id":49500,"href":"https:\/\/formar.shop\/lt\/wp-json\/wp\/v2\/pages\/49409\/revisions\/49500"}],"wp:attachment":[{"href":"https:\/\/formar.shop\/lt\/wp-json\/wp\/v2\/media?parent=49409"}],"curies":[{"name":"wp","href":"https:\/\/api.w.org\/{rel}","templated":true}]}}