{"id":48668,"date":"2025-01-18T21:41:24","date_gmt":"2025-01-18T20:41:24","guid":{"rendered":"https:\/\/formar.shop\/susisiekite-su-mumis\/"},"modified":"2025-11-18T12:05:41","modified_gmt":"2025-11-18T11:05:41","slug":"susisiekite-su-mumis","status":"publish","type":"page","link":"https:\/\/formar.shop\/lt\/susisiekite-su-mumis\/","title":{"rendered":"Susisiekite su mumis"},"content":{"rendered":"\n\t<div id=\"text-307310788\" class=\"text\">\n\t\t\n\n<h3><span style=\"color: #6e6e6e;\"><strong><span style=\"font-size: 140%;\">KONTAKTUOKITE MUS<\/span><\/strong><\/span><\/h3>\n\t\t\n<style>\n#text-307310788 {\n  color: #484646;\n}\n#text-307310788 > * {\n  color: #484646;\n}\n<\/style>\n\t<\/div>\n\t\n<div class=\"row\"  id=\"row-114986165\">\n\n\n\t<div id=\"col-1017545915\" class=\"col small-12 large-12\"  >\n\t\t\t\t<div class=\"col-inner\"  >\n\t\t\t\n\t\t\t\n\n\n\t\t<\/div>\n\t\t\t\t\n<style>\n#col-1017545915 > .col-inner {\n  padding: 0px 30px 0px 0px;\n}\n<\/style>\n\t<\/div>\n\n\t\n\n<\/div>\n<div class=\"row row-large\" style=\"max-width:1400px\" id=\"row-187796860\">\n\n\n\t<div id=\"col-215980187\" class=\"col small-12 large-12\"  >\n\t\t\t\t<div class=\"col-inner\" style=\"background-color:rgb(255, 255, 255);\" >\n\t\t\t\n\t\t\t\n\n<div class=\"row row-collapse row-full-width\"  id=\"row-1475524072\">\n\n\n\t<div id=\"col-1012789963\" class=\"col medium-12 small-12 large-6\"  >\n\t\t\t\t<div class=\"col-inner\"  >\n\t\t\t\n\t\t\t\n\n<h2><span style=\"font-size: 120%; color: #595959;\">M\u016bs\u0173 kontaktiniai duomenys<\/span><\/h2>\n<p>&nbsp;<\/p>\n\t<div id=\"gap-2060396404\" class=\"gap-element clearfix\" style=\"display:block; height:auto;\">\n\t\t\n<style>\n#gap-2060396404 {\n  padding-top: 20px;\n}\n@media (min-width:550px) {\n  #gap-2060396404 {\n    padding-top: 20px;\n  }\n}\n@media (min-width:850px) {\n  #gap-2060396404 {\n    padding-top: 30px;\n  }\n}\n<\/style>\n\t<\/div>\n\t\n\n<div class=\"row\"  id=\"row-1754845393\">\n\n\n\t<div id=\"col-622021431\" class=\"col medium-6 small-12 large-6\"  >\n\t\t\t\t<div class=\"col-inner\"  >\n\t\t\t\n\t\t\t\n\n\t<div class=\"img has-hover x md-x lg-x y md-y lg-y\" id=\"image_2025582115\">\n\t\t\t\t\t\t\t\t<div class=\"img-inner dark\" >\n\t\t\t<img loading=\"lazy\" decoding=\"async\" width=\"240\" height=\"240\" src=\"https:\/\/static.formar.net\/wp-content\/uploads\/2022\/05\/20173629\/map-pin-2-fill-2.png\" class=\"attachment-large size-large\" alt=\"\" srcset=\"https:\/\/static.formar.net\/wp-content\/uploads\/2022\/05\/20173629\/map-pin-2-fill-2.png 240w, https:\/\/static.formar.net\/wp-content\/uploads\/2022\/05\/20173629\/map-pin-2-fill-2-100x100.png 100w, https:\/\/static.formar.net\/wp-content\/uploads\/2022\/05\/20173629\/map-pin-2-fill-2-80x80.png 80w\" sizes=\"auto, (max-width: 240px) 100vw, 240px\" \/>\t\t\t\t\t\t\n\t\t\t\t\t<\/div>\n\t\t\t\t\t\t\t\t\n<style>\n#image_2025582115 {\n  width: 15%;\n}\n@media (min-width:550px) {\n  #image_2025582115 {\n    width: 20%;\n  }\n}\n<\/style>\n\t<\/div>\n\t\n\n<h3 class=\"uppercase\"><span style=\"color: #595959;\">Adresas<\/span><\/h3>\n<p>Via del Consorzio 44<br>60015 Falconara M.ma (AN)<br>Italija<\/p>\n\n\t\t<\/div>\n\t\t\t\t\t<\/div>\n\n\t\n\n\t<div id=\"col-933407270\" class=\"col medium-5 small-12 large-6\"  >\n\t\t\t\t<div class=\"col-inner\"  >\n\t\t\t\n\t\t\t\n\n\t<div class=\"img has-hover x md-x lg-x y md-y lg-y\" id=\"image_52946724\">\n\t\t\t\t\t\t\t\t<div class=\"img-inner dark\" >\n\t\t\t<img loading=\"lazy\" decoding=\"async\" width=\"240\" height=\"240\" src=\"https:\/\/static.formar.net\/wp-content\/uploads\/2022\/05\/20173629\/time-fill.png\" class=\"attachment-large size-large\" alt=\"\" srcset=\"https:\/\/static.formar.net\/wp-content\/uploads\/2022\/05\/20173629\/time-fill.png 240w, https:\/\/static.formar.net\/wp-content\/uploads\/2022\/05\/20173629\/time-fill-100x100.png 100w, https:\/\/static.formar.net\/wp-content\/uploads\/2022\/05\/20173629\/time-fill-80x80.png 80w\" sizes=\"auto, (max-width: 240px) 100vw, 240px\" \/>\t\t\t\t\t\t\n\t\t\t\t\t<\/div>\n\t\t\t\t\t\t\t\t\n<style>\n#image_52946724 {\n  width: 15%;\n}\n@media (min-width:550px) {\n  #image_52946724 {\n    width: 20%;\n  }\n}\n<\/style>\n\t<\/div>\n\t\n\n<h3 class=\"uppercase\"><span style=\"color: #595959;\">Tvarkara\u0161tis<\/span><\/h3>\n<p>Pirmadienis \/ Penktadienis: 9 &#8211; 18 val.<br>\u0160e\u0161tadienis: u\u017edaryta<br>Sekmadienis: u\u017edaryta<\/p>\n\n\t\t<\/div>\n\t\t\t\t\t<\/div>\n\n\t\n\n<\/div>\n<div class=\"row\"  id=\"row-797111544\">\n\n\n\t<div id=\"col-661785853\" class=\"col medium-6 small-12 large-6\"  >\n\t\t\t\t<div class=\"col-inner\"  >\n\t\t\t\n\t\t\t\n\n\t<div class=\"img has-hover x md-x lg-x y md-y lg-y\" id=\"image_371447326\">\n\t\t\t\t\t\t\t\t<div class=\"img-inner dark\" >\n\t\t\t<img loading=\"lazy\" decoding=\"async\" width=\"240\" height=\"240\" src=\"https:\/\/static.formar.net\/wp-content\/uploads\/2022\/05\/20173628\/mail-open-fill.png\" class=\"attachment-large size-large\" alt=\"\" srcset=\"https:\/\/static.formar.net\/wp-content\/uploads\/2022\/05\/20173628\/mail-open-fill.png 240w, https:\/\/static.formar.net\/wp-content\/uploads\/2022\/05\/20173628\/mail-open-fill-100x100.png 100w, https:\/\/static.formar.net\/wp-content\/uploads\/2022\/05\/20173628\/mail-open-fill-80x80.png 80w\" sizes=\"auto, (max-width: 240px) 100vw, 240px\" \/>\t\t\t\t\t\t\n\t\t\t\t\t<\/div>\n\t\t\t\t\t\t\t\t\n<style>\n#image_371447326 {\n  width: 15%;\n}\n@media (min-width:550px) {\n  #image_371447326 {\n    width: 20%;\n  }\n}\n<\/style>\n\t<\/div>\n\t\n\n<h3 class=\"uppercase\"><span style=\"color: #595959;\">El. pa\u0161tas<\/span><\/h3>\n<p style=\"text-align: left;\">Komercinis biuras: <a href=\"mailto:info@formar.shop\">info@formar.shop<\/a><br>Elektronin\u0117 prekyba: <a href=\"mailto:shop@formar.shop\">shop@formar.shop<\/a><\/p>\n\n\t\t<\/div>\n\t\t\t\t\t<\/div>\n\n\t\n\n\t<div id=\"col-1456205724\" class=\"col medium-6 small-12 large-6\"  >\n\t\t\t\t<div class=\"col-inner\"  >\n\t\t\t\n\t\t\t\n\n\t<div class=\"img has-hover x md-x lg-x y md-y lg-y\" id=\"image_682794647\">\n\t\t\t\t\t\t\t\t<div class=\"img-inner dark\" >\n\t\t\t<img loading=\"lazy\" decoding=\"async\" width=\"240\" height=\"240\" src=\"https:\/\/static.formar.net\/wp-content\/uploads\/2022\/05\/20173628\/phone-fill.png\" class=\"attachment-large size-large\" alt=\"\" srcset=\"https:\/\/static.formar.net\/wp-content\/uploads\/2022\/05\/20173628\/phone-fill.png 240w, https:\/\/static.formar.net\/wp-content\/uploads\/2022\/05\/20173628\/phone-fill-100x100.png 100w, https:\/\/static.formar.net\/wp-content\/uploads\/2022\/05\/20173628\/phone-fill-80x80.png 80w\" sizes=\"auto, (max-width: 240px) 100vw, 240px\" \/>\t\t\t\t\t\t\n\t\t\t\t\t<\/div>\n\t\t\t\t\t\t\t\t\n<style>\n#image_682794647 {\n  width: 15%;\n}\n@media (min-width:550px) {\n  #image_682794647 {\n    width: 20%;\n  }\n}\n<\/style>\n\t<\/div>\n\t\n\n<h3 class=\"uppercase\"><span style=\"color: #595959;\">telefonas<\/span><\/h3>\n<p><span style=\"color: #00a859;\">Nemokamas numeris<\/span> <span style=\"color: #00a859;\"><a href=\"tel:+39800%2012.22.67\">800122267<\/a><\/span><br>Tel. <a href=\"tel:+390715906063\">071 590.60.63<\/a><\/p>\n\n\t\t<\/div>\n\t\t\t\t\t<\/div>\n\n\t\n\n<\/div>\n\n\t\t<\/div>\n\t\t\t\t\n<style>\n#col-1012789963 > .col-inner {\n  padding: 0px 0px 0px 20px;\n}\n<\/style>\n\t<\/div>\n\n\t\n\n\t<div id=\"col-297537655\" class=\"col medium-12 small-12 large-6\"  >\n\t\t\t\t<div class=\"col-inner\"  >\n\t\t\t\n\t\t\t\n\n<h2><span style=\"font-size: 120%; color: #595959;\">Norite u\u017eduoti mums klausim\u0105?<\/span><\/h2>\n\t<div id=\"gap-1778617538\" class=\"gap-element clearfix\" style=\"display:block; height:auto;\">\n\t\t\n<style>\n#gap-1778617538 {\n  padding-top: 20px;\n}\n@media (min-width:550px) {\n  #gap-1778617538 {\n    padding-top: 20px;\n  }\n}\n@media (min-width:850px) {\n  #gap-1778617538 {\n    padding-top: 30px;\n  }\n}\n<\/style>\n\t<\/div>\n\t\n\n<p class=\"wpcf7-contact-form-not-found\"><strong>Klaida:<\/strong> Kontakt\u0173 forma nerasta.<\/p>\n\n\n\t\t<\/div>\n\t\t\t\t\t<\/div>\n\n\t\n\n\n<style>\n#row-1475524072 > .col > .col-inner {\n  padding: 0px 15px 0px 15px;\n}\n<\/style>\n<\/div>\n\n\t\t<\/div>\n\t\t\t\t\n<style>\n#col-215980187 > .col-inner {\n  padding: 50px 20px 0px 20px;\n  margin: -0 0px 0px 0px;\n}\n@media (min-width:550px) {\n  #col-215980187 > .col-inner {\n    padding: 50px 20px 30px 20px;\n    margin: 0 0px 0px 0px;\n  }\n}\n@media (min-width:850px) {\n  #col-215980187 > .col-inner {\n    padding: 66px 5% 16px 5%;\n    margin: -135px 0px 0px 0px;\n  }\n}\n<\/style>\n\t<\/div>\n\n\t\n\n<\/div>\n\n","protected":false},"excerpt":{"rendered":"","protected":false},"author":5,"featured_media":0,"parent":0,"menu_order":0,"comment_status":"closed","ping_status":"closed","template":"","meta":{"_joinchat":[],"footnotes":""},"class_list":["post-48668","page","type-page","status-publish","hentry"],"yoast_head":"<!-- This site is optimized with the Yoast SEO plugin v27.3 - https:\/\/yoast.com\/product\/yoast-seo-wordpress\/ -->\n<title>Susisiekite su mumis - Formar.shop<\/title>\n<meta name=\"robots\" content=\"index, follow, max-snippet:-1, max-image-preview:large, max-video-preview:-1\" \/>\n<link rel=\"canonical\" href=\"https:\/\/formar.shop\/lt\/susisiekite-su-mumis\/\" \/>\n<script type=\"application\/ld+json\" class=\"yoast-schema-graph\">{\"@context\":\"https:\\\/\\\/schema.org\",\"@graph\":[{\"@type\":\"WebPage\",\"@id\":\"https:\\\/\\\/formar.shop\\\/lt\\\/susisiekite-su-mumis\\\/\",\"url\":\"https:\\\/\\\/formar.shop\\\/lt\\\/susisiekite-su-mumis\\\/\",\"name\":\"Susisiekite su mumis - Formar.shop\",\"isPartOf\":{\"@id\":\"https:\\\/\\\/formar.shop\\\/lt\\\/#website\"},\"datePublished\":\"2025-01-18T20:41:24+00:00\",\"dateModified\":\"2025-11-18T11:05:41+00:00\",\"breadcrumb\":{\"@id\":\"https:\\\/\\\/formar.shop\\\/lt\\\/susisiekite-su-mumis\\\/#breadcrumb\"},\"inLanguage\":\"lt-LT\",\"potentialAction\":[{\"@type\":\"ReadAction\",\"target\":[\"https:\\\/\\\/formar.shop\\\/lt\\\/susisiekite-su-mumis\\\/\"]}]},{\"@type\":\"BreadcrumbList\",\"@id\":\"https:\\\/\\\/formar.shop\\\/lt\\\/susisiekite-su-mumis\\\/#breadcrumb\",\"itemListElement\":[{\"@type\":\"ListItem\",\"position\":1,\"name\":\"Home\",\"item\":\"https:\\\/\\\/formar.shop\\\/lt\\\/automatinis-projektas\\\/\"},{\"@type\":\"ListItem\",\"position\":2,\"name\":\"Susisiekite su mumis\"}]},{\"@type\":\"WebSite\",\"@id\":\"https:\\\/\\\/formar.shop\\\/lt\\\/#website\",\"url\":\"https:\\\/\\\/formar.shop\\\/lt\\\/\",\"name\":\"Formar.shop\",\"description\":\"Soluzioni espresse con stile\",\"potentialAction\":[{\"@type\":\"SearchAction\",\"target\":{\"@type\":\"EntryPoint\",\"urlTemplate\":\"https:\\\/\\\/formar.shop\\\/lt\\\/?s={search_term_string}\"},\"query-input\":{\"@type\":\"PropertyValueSpecification\",\"valueRequired\":true,\"valueName\":\"search_term_string\"}}],\"inLanguage\":\"lt-LT\"}]}<\/script>\n<!-- \/ Yoast SEO plugin. -->","yoast_head_json":{"title":"Susisiekite su mumis - Formar.shop","robots":{"index":"index","follow":"follow","max-snippet":"max-snippet:-1","max-image-preview":"max-image-preview:large","max-video-preview":"max-video-preview:-1"},"canonical":"https:\/\/formar.shop\/lt\/susisiekite-su-mumis\/","schema":{"@context":"https:\/\/schema.org","@graph":[{"@type":"WebPage","@id":"https:\/\/formar.shop\/lt\/susisiekite-su-mumis\/","url":"https:\/\/formar.shop\/lt\/susisiekite-su-mumis\/","name":"Susisiekite su mumis - Formar.shop","isPartOf":{"@id":"https:\/\/formar.shop\/lt\/#website"},"datePublished":"2025-01-18T20:41:24+00:00","dateModified":"2025-11-18T11:05:41+00:00","breadcrumb":{"@id":"https:\/\/formar.shop\/lt\/susisiekite-su-mumis\/#breadcrumb"},"inLanguage":"lt-LT","potentialAction":[{"@type":"ReadAction","target":["https:\/\/formar.shop\/lt\/susisiekite-su-mumis\/"]}]},{"@type":"BreadcrumbList","@id":"https:\/\/formar.shop\/lt\/susisiekite-su-mumis\/#breadcrumb","itemListElement":[{"@type":"ListItem","position":1,"name":"Home","item":"https:\/\/formar.shop\/lt\/automatinis-projektas\/"},{"@type":"ListItem","position":2,"name":"Susisiekite su mumis"}]},{"@type":"WebSite","@id":"https:\/\/formar.shop\/lt\/#website","url":"https:\/\/formar.shop\/lt\/","name":"Formar.shop","description":"Soluzioni espresse con stile","potentialAction":[{"@type":"SearchAction","target":{"@type":"EntryPoint","urlTemplate":"https:\/\/formar.shop\/lt\/?s={search_term_string}"},"query-input":{"@type":"PropertyValueSpecification","valueRequired":true,"valueName":"search_term_string"}}],"inLanguage":"lt-LT"}]}},"_links":{"self":[{"href":"https:\/\/formar.shop\/lt\/wp-json\/wp\/v2\/pages\/48668","targetHints":{"allow":["GET"]}}],"collection":[{"href":"https:\/\/formar.shop\/lt\/wp-json\/wp\/v2\/pages"}],"about":[{"href":"https:\/\/formar.shop\/lt\/wp-json\/wp\/v2\/types\/page"}],"author":[{"embeddable":true,"href":"https:\/\/formar.shop\/lt\/wp-json\/wp\/v2\/users\/5"}],"replies":[{"embeddable":true,"href":"https:\/\/formar.shop\/lt\/wp-json\/wp\/v2\/comments?post=48668"}],"version-history":[{"count":7,"href":"https:\/\/formar.shop\/lt\/wp-json\/wp\/v2\/pages\/48668\/revisions"}],"predecessor-version":[{"id":61893,"href":"https:\/\/formar.shop\/lt\/wp-json\/wp\/v2\/pages\/48668\/revisions\/61893"}],"wp:attachment":[{"href":"https:\/\/formar.shop\/lt\/wp-json\/wp\/v2\/media?parent=48668"}],"curies":[{"name":"wp","href":"https:\/\/api.w.org\/{rel}","templated":true}]}}