{"id":48533,"date":"2025-01-18T21:40:30","date_gmt":"2025-01-18T20:40:30","guid":{"rendered":"https:\/\/formar.shop\/pirkimo-vadovas\/"},"modified":"2025-01-18T21:40:34","modified_gmt":"2025-01-18T20:40:34","slug":"pirkimo-vadovas","status":"publish","type":"page","link":"https:\/\/formar.shop\/lt\/pirkimo-vadovas\/","title":{"rendered":"PIRKIMO VADOVAS"},"content":{"rendered":"\t<div id=\"text-1201274679\" class=\"text\">\n\t\t\n<p><strong>Terminai ir s\u0105lygos<\/strong><\/p>\n<p>&#8222;Formar.shop by Formar Contract&#8221; suteikia galimyb\u0119 visiems \u012fsigyti j\u0173 gamini\u0173 internetu, naudojantis <strong>paprasta, patogia ir saugia<\/strong> paslauga.<\/p>\n<p>Pirkti galima u\u017esiregistravus arba kaip sve\u010diui, ta\u010diau abiem atvejais b\u016btina u\u017epildyti visus privalomus laukus.  <\/p>\n<p><strong>Visi u\u017esakymai turi b\u016bti patvirtinti.<\/strong><\/p>\n<\/p>\n<p><strong>Registracija<\/strong><\/p>\n<p>U\u017esiregistrav\u0119s, o tai u\u017etrunka vos kelis paprastus \u017eingsnius, naujasis klientas turi vidin\u012f valdymo skydel\u012f, kuriame gali \u012fvesti savo pristatymo adres\u0105, kad sistema j\u012f \u012fsimint\u0173 ir pagreitint\u0173 kit\u0105 pirkim\u0105, ir valdyti pirkini\u0173 krep\u0161el\u012f bei produkt\u0173 palyginimo galimyb\u0119. I\u0161sirinkti norim\u0105 produkt\u0105, dyd\u012f ir spalv\u0105, o pasirinkus norim\u0105 kiek\u012f, \u012ftraukti j\u012f \u012f pirkini\u0173 krep\u0161el\u012f. Kai norite t\u0119sti pirkim\u0105, \u012feikite \u012f krep\u0161el\u012f, prie\u0161 tai prisijung\u0119, jei esate u\u017esiregistrav\u0119, ir t\u0119skite u\u017esakym\u0105. Pasirinktus gaminius galite bet kada pakeisti arba pa\u0161alinti i\u0161 pirkini\u0173 krep\u0161elio.  <\/p>\n<\/p>\n<p><strong>U\u017esisakykite<\/strong><\/p>\n<p>Pasirink\u0119 visus norimus \u012fsigyti produktus, atlikite u\u017esakym\u0105. Jei turite atnaujint\u0105 paskyr\u0105 su duomenimis ir pristatymo adresu, pirkimo procesas bus greitesnis.<br \/>Prie\u0161ingu atveju \u012fveskite reikiamus duomenis ir t\u0119skite u\u017esakym\u0105. U\u017esakymas bus \u012fvykdytas tik tada, kai bus gautas mok\u0117jimas u\u017e gamin\u012f, priklausomai nuo pasirinkto mok\u0117jimo b\u016bdo.  <\/p>\n<\/p>\n<p><strong>M\u016bs\u0173 klient\u0173 aptarnavimo tarnyba yra j\u016bs\u0173 paslaugoms.<\/strong><\/p>\n<p>M\u016bs\u0173 specialistai atsakys \u012f j\u016bs\u0173 klausimus, susijusius su m\u016bs\u0173 paslaugomis.<\/p>\n<p>Nedvejodami kreipkit\u0117s \u012f mus d\u0117l bet kokios informacijos ar citatos u\u017eklausos!  <\/p>\n<\/p>\n<p style=\"text-align: left;\"><strong>Formar Contract srl<\/strong><br \/><strong>Via del Consorzio 44<\/strong><br \/><strong>60015 | Falconara Marittima (AN)<\/strong><\/p>\n<p style=\"text-align: left;\"><a href=\"tel:800122267\">Nemokamas telefono numeris <\/a><a href=\"tel:800122267\">800 12 22 67<\/a><br \/><a href=\"tel:+390715906063\">Tel. 071 590 60 63<\/a><\/p>\n<p style=\"text-align: left;\">\n<p>Pardavim\u0173 biuras: <a href=\"mailto:info@formar-contract.it\">info@formar.net<\/a> Elektronin\u0117 prekyba:<a href=\"mailto:shop@formar.net\">shop@formar.net<\/a> PEC:<a href=\"mailto:info@pec.formar-contract.it\">info@pec.formar-contract.it<\/a><\/p>\n<p style=\"text-align: left;\">\n\t\t\n<style>\n#text-1201274679 {\n  color: rgb(0,0,0);\n}\n#text-1201274679 > * {\n  color: rgb(0,0,0);\n}\n<\/style>\n\t<\/div>\n\t\n","protected":false},"excerpt":{"rendered":"","protected":false},"author":6,"featured_media":0,"parent":0,"menu_order":0,"comment_status":"closed","ping_status":"closed","template":"","meta":{"_joinchat":[],"footnotes":""},"class_list":["post-48533","page","type-page","status-publish","hentry"],"yoast_head":"<!-- This site is optimized with the Yoast SEO plugin v27.3 - https:\/\/yoast.com\/product\/yoast-seo-wordpress\/ -->\n<title>PIRKIMO VADOVAS - Formar.shop<\/title>\n<meta name=\"robots\" content=\"index, follow, max-snippet:-1, max-image-preview:large, max-video-preview:-1\" \/>\n<link rel=\"canonical\" href=\"https:\/\/formar.shop\/lt\/pirkimo-vadovas\/\" \/>\n<script type=\"application\/ld+json\" class=\"yoast-schema-graph\">{\"@context\":\"https:\\\/\\\/schema.org\",\"@graph\":[{\"@type\":\"WebPage\",\"@id\":\"https:\\\/\\\/formar.shop\\\/lt\\\/pirkimo-vadovas\\\/\",\"url\":\"https:\\\/\\\/formar.shop\\\/lt\\\/pirkimo-vadovas\\\/\",\"name\":\"PIRKIMO VADOVAS - Formar.shop\",\"isPartOf\":{\"@id\":\"https:\\\/\\\/formar.shop\\\/lt\\\/#website\"},\"datePublished\":\"2025-01-18T20:40:30+00:00\",\"dateModified\":\"2025-01-18T20:40:34+00:00\",\"breadcrumb\":{\"@id\":\"https:\\\/\\\/formar.shop\\\/lt\\\/pirkimo-vadovas\\\/#breadcrumb\"},\"inLanguage\":\"lt-LT\",\"potentialAction\":[{\"@type\":\"ReadAction\",\"target\":[\"https:\\\/\\\/formar.shop\\\/lt\\\/pirkimo-vadovas\\\/\"]}]},{\"@type\":\"BreadcrumbList\",\"@id\":\"https:\\\/\\\/formar.shop\\\/lt\\\/pirkimo-vadovas\\\/#breadcrumb\",\"itemListElement\":[{\"@type\":\"ListItem\",\"position\":1,\"name\":\"Home\",\"item\":\"https:\\\/\\\/formar.shop\\\/lt\\\/automatinis-projektas\\\/\"},{\"@type\":\"ListItem\",\"position\":2,\"name\":\"PIRKIMO VADOVAS\"}]},{\"@type\":\"WebSite\",\"@id\":\"https:\\\/\\\/formar.shop\\\/lt\\\/#website\",\"url\":\"https:\\\/\\\/formar.shop\\\/lt\\\/\",\"name\":\"Formar.shop\",\"description\":\"Soluzioni espresse con stile\",\"potentialAction\":[{\"@type\":\"SearchAction\",\"target\":{\"@type\":\"EntryPoint\",\"urlTemplate\":\"https:\\\/\\\/formar.shop\\\/lt\\\/?s={search_term_string}\"},\"query-input\":{\"@type\":\"PropertyValueSpecification\",\"valueRequired\":true,\"valueName\":\"search_term_string\"}}],\"inLanguage\":\"lt-LT\"}]}<\/script>\n<!-- \/ Yoast SEO plugin. -->","yoast_head_json":{"title":"PIRKIMO VADOVAS - Formar.shop","robots":{"index":"index","follow":"follow","max-snippet":"max-snippet:-1","max-image-preview":"max-image-preview:large","max-video-preview":"max-video-preview:-1"},"canonical":"https:\/\/formar.shop\/lt\/pirkimo-vadovas\/","schema":{"@context":"https:\/\/schema.org","@graph":[{"@type":"WebPage","@id":"https:\/\/formar.shop\/lt\/pirkimo-vadovas\/","url":"https:\/\/formar.shop\/lt\/pirkimo-vadovas\/","name":"PIRKIMO VADOVAS - Formar.shop","isPartOf":{"@id":"https:\/\/formar.shop\/lt\/#website"},"datePublished":"2025-01-18T20:40:30+00:00","dateModified":"2025-01-18T20:40:34+00:00","breadcrumb":{"@id":"https:\/\/formar.shop\/lt\/pirkimo-vadovas\/#breadcrumb"},"inLanguage":"lt-LT","potentialAction":[{"@type":"ReadAction","target":["https:\/\/formar.shop\/lt\/pirkimo-vadovas\/"]}]},{"@type":"BreadcrumbList","@id":"https:\/\/formar.shop\/lt\/pirkimo-vadovas\/#breadcrumb","itemListElement":[{"@type":"ListItem","position":1,"name":"Home","item":"https:\/\/formar.shop\/lt\/automatinis-projektas\/"},{"@type":"ListItem","position":2,"name":"PIRKIMO VADOVAS"}]},{"@type":"WebSite","@id":"https:\/\/formar.shop\/lt\/#website","url":"https:\/\/formar.shop\/lt\/","name":"Formar.shop","description":"Soluzioni espresse con stile","potentialAction":[{"@type":"SearchAction","target":{"@type":"EntryPoint","urlTemplate":"https:\/\/formar.shop\/lt\/?s={search_term_string}"},"query-input":{"@type":"PropertyValueSpecification","valueRequired":true,"valueName":"search_term_string"}}],"inLanguage":"lt-LT"}]}},"_links":{"self":[{"href":"https:\/\/formar.shop\/lt\/wp-json\/wp\/v2\/pages\/48533","targetHints":{"allow":["GET"]}}],"collection":[{"href":"https:\/\/formar.shop\/lt\/wp-json\/wp\/v2\/pages"}],"about":[{"href":"https:\/\/formar.shop\/lt\/wp-json\/wp\/v2\/types\/page"}],"author":[{"embeddable":true,"href":"https:\/\/formar.shop\/lt\/wp-json\/wp\/v2\/users\/6"}],"replies":[{"embeddable":true,"href":"https:\/\/formar.shop\/lt\/wp-json\/wp\/v2\/comments?post=48533"}],"version-history":[{"count":10,"href":"https:\/\/formar.shop\/lt\/wp-json\/wp\/v2\/pages\/48533\/revisions"}],"predecessor-version":[{"id":48587,"href":"https:\/\/formar.shop\/lt\/wp-json\/wp\/v2\/pages\/48533\/revisions\/48587"}],"wp:attachment":[{"href":"https:\/\/formar.shop\/lt\/wp-json\/wp\/v2\/media?parent=48533"}],"curies":[{"name":"wp","href":"https:\/\/api.w.org\/{rel}","templated":true}]}}