{"id":48508,"date":"2025-01-18T21:40:18","date_gmt":"2025-01-18T20:40:18","guid":{"rendered":"https:\/\/formar.shop\/grazinimo-taisykles\/"},"modified":"2025-11-18T11:28:33","modified_gmt":"2025-11-18T10:28:33","slug":"grazinimo-taisykles","status":"publish","type":"page","link":"https:\/\/formar.shop\/lt\/grazinimo-taisykles\/","title":{"rendered":"GR\u0104\u017dINIMO TAISYKL\u0116S"},"content":{"rendered":"\n<h3><span style=\"font-size: 140%;\"><strong>GR\u0104\u017dINIMAS IR PAGALBA<\/strong><\/span><\/h3>\n<p> <\/p>\n<p><span style=\"font-size: 110%;\"><strong>\u012esigytas prekes galima gr\u0105\u017einti paprasta ir greita tvarka.<\/strong><\/span><\/p>\n<p>Pagal <em>Europos direktyv\u0105 2011\/83, kuri Italijoje \u012fgyvendinta 2013 m. gruod\u017eio 3 d. \u012fstatyminiu dekretu<\/em>, pirk\u0117jas gali atsisakyti pirkimo sutarties neb\u016btinai nurodydamas gr\u0105\u017einimo prie\u017east\u012f.<\/p>\n<p>Pirk\u0117jas, norintis pasinaudoti atsisakymo teise, turi prane\u0161ti Formar Contract apie savo ketinim\u0105 registruotu lai\u0161ku su gr\u0105\u017einimo patvirtinimu arba per <strong>Pec<\/strong>, <strong>per 14 darbo dien\u0173<\/strong> nuo pristatymo datos, prid\u0117damas transporto dokument\u0173 kopij\u0105, nurodytais adresais.<\/p>\n<p><span style=\"font-size: 110%;\"><strong>Gr\u0105\u017einimo pa\u0161to i\u0161laidas apmoka tik c<\/strong><strong>kliento s\u0105skaita.<\/strong><\/span><\/p>\n<p>Nuo to momento, kai Formar Contract priims gr\u0105\u017einimo pra\u0161ym\u0105, pirk\u0117jas tur\u0117s <strong>14 kalendorini\u0173 dien\u0173 gr\u0105\u017einimui i\u0161si\u0173sti<\/strong>. Pasibaigus \u0161iam terminui, pirk\u0117jas nebegal\u0117s pasinaudoti atsisakymo teise. <\/p>\n<p>Gav\u0119s i\u0161 operatoriaus leidim\u0105 gr\u0105\u017einti gamin\u012f, pirk\u0117jas siun\u010dia gamin\u012f adresu<\/p>\n<p style=\"text-align: center;\"><span style=\"color: #000000;\"><strong>Formar Contract Srl<\/strong><\/span><\/p>\n<p style=\"text-align: center;\"><span style=\"color: #000000;\"><strong>Via del Consorzio 44<\/strong><\/span><\/p>\n<p style=\"text-align: center;\"><span style=\"color: #000000;\"><strong>60015 | Falconara Marittima (AN)<\/strong><\/span><\/p>\n<p style=\"text-align: center;\"><span style=\"color: #000000;\"><strong>info@pec.formar-contract.it<\/strong><\/span><\/p>\n<p>&#8222;Formar Contract&#8221;<strong> gr\u0105\u017eins pinigus banko pavedimu per 14 darbo dien\u0173 nuo<\/strong> gr\u0105\u017eint\u0173 preki\u0173 gavimo dienos.<\/p>\n<p>Teis\u0117 atsisakyti sutarties visi\u0161kai i\u0161nyksta, jei gr\u0105\u017einamas produktas n\u0117ra nepa\u017eeistas, t. y. n\u0117ra originalios i\u0161orin\u0117s ir vidin\u0117s pakuot\u0117s, yra sugadintas ar net i\u0161 dalies panaudotas.<\/p>\n<p> <\/p>\n<p style=\"text-align: left;\"><strong>M\u016bs\u0173 klient\u0173 aptarnavimo tarnyba yra j\u016bs\u0173 paslaugoms.  <\/strong><\/p>\n<p style=\"text-align: left;\">D\u0117l bet kokios informacijos ar pasi\u016blymo pra\u0161ymo nedvejodami susisiekite su mumis! M\u016bs\u0173 specialistai atsakys \u012f j\u016bs\u0173 u\u017eklausas, susijusias su m\u016bs\u0173 paslaugomis: biuro bald\u0173 projektavimu, gamyba, pristatymu ir montavimu.<\/p>\n<div class=\"row align-center\"  id=\"row-747843415\">\n\n\n\t<div id=\"col-610250092\" class=\"col small-12 large-12\"  >\n\t\t\t\t<div class=\"col-inner text-center\" style=\"background-color:rgb(244, 244, 244);\" >\n\t\t\t\n\t\t\t\n\n<h3>Vis dar turite klausim\u0173?<\/h3>\n<p>Susisiekite su mumis ir gaukite daugiau informacijos.<\/p>\n<a href=\"https:\/\/formar.shop\/lt\/susisiekite-su-mumis\/\" class=\"button primary\" >\n\t\t<span>Susisiekite su mumis<\/span>\n\t<\/a>\n\n\n\n\t\t<\/div>\n\t\t\t\t\t<\/div>\n\n\t\n\n\n<style>\n#row-747843415 > .col > .col-inner {\n  padding: 40px 20px 40px 20px;\n  background-color: rgb(244, 244, 244);\n}\n@media (min-width:550px) {\n  #row-747843415 > .col > .col-inner {\n    padding: 40px 40px 40px 40px;\n  }\n}\n<\/style>\n<\/div>\n\n","protected":false},"excerpt":{"rendered":"","protected":false},"author":175,"featured_media":0,"parent":0,"menu_order":0,"comment_status":"closed","ping_status":"closed","template":"","meta":{"_joinchat":[],"footnotes":""},"class_list":["post-48508","page","type-page","status-publish","hentry"],"yoast_head":"<!-- This site is optimized with the Yoast SEO plugin v27.3 - https:\/\/yoast.com\/product\/yoast-seo-wordpress\/ -->\n<title>GR\u0104\u017dINIMO TAISYKL\u0116S - Formar.shop<\/title>\n<meta name=\"robots\" content=\"index, follow, max-snippet:-1, max-image-preview:large, max-video-preview:-1\" \/>\n<link rel=\"canonical\" href=\"https:\/\/formar.shop\/lt\/grazinimo-taisykles\/\" \/>\n<script type=\"application\/ld+json\" class=\"yoast-schema-graph\">{\"@context\":\"https:\\\/\\\/schema.org\",\"@graph\":[{\"@type\":\"WebPage\",\"@id\":\"https:\\\/\\\/formar.shop\\\/lt\\\/grazinimo-taisykles\\\/\",\"url\":\"https:\\\/\\\/formar.shop\\\/lt\\\/grazinimo-taisykles\\\/\",\"name\":\"GR\u0104\u017dINIMO TAISYKL\u0116S - Formar.shop\",\"isPartOf\":{\"@id\":\"https:\\\/\\\/formar.shop\\\/lt\\\/#website\"},\"datePublished\":\"2025-01-18T20:40:18+00:00\",\"dateModified\":\"2025-11-18T10:28:33+00:00\",\"breadcrumb\":{\"@id\":\"https:\\\/\\\/formar.shop\\\/lt\\\/grazinimo-taisykles\\\/#breadcrumb\"},\"inLanguage\":\"lt-LT\",\"potentialAction\":[{\"@type\":\"ReadAction\",\"target\":[\"https:\\\/\\\/formar.shop\\\/lt\\\/grazinimo-taisykles\\\/\"]}]},{\"@type\":\"BreadcrumbList\",\"@id\":\"https:\\\/\\\/formar.shop\\\/lt\\\/grazinimo-taisykles\\\/#breadcrumb\",\"itemListElement\":[{\"@type\":\"ListItem\",\"position\":1,\"name\":\"Home\",\"item\":\"https:\\\/\\\/formar.shop\\\/lt\\\/automatinis-projektas\\\/\"},{\"@type\":\"ListItem\",\"position\":2,\"name\":\"GR\u0104\u017dINIMO TAISYKL\u0116S\"}]},{\"@type\":\"WebSite\",\"@id\":\"https:\\\/\\\/formar.shop\\\/lt\\\/#website\",\"url\":\"https:\\\/\\\/formar.shop\\\/lt\\\/\",\"name\":\"Formar.shop\",\"description\":\"Soluzioni espresse con stile\",\"potentialAction\":[{\"@type\":\"SearchAction\",\"target\":{\"@type\":\"EntryPoint\",\"urlTemplate\":\"https:\\\/\\\/formar.shop\\\/lt\\\/?s={search_term_string}\"},\"query-input\":{\"@type\":\"PropertyValueSpecification\",\"valueRequired\":true,\"valueName\":\"search_term_string\"}}],\"inLanguage\":\"lt-LT\"}]}<\/script>\n<!-- \/ Yoast SEO plugin. -->","yoast_head_json":{"title":"GR\u0104\u017dINIMO TAISYKL\u0116S - Formar.shop","robots":{"index":"index","follow":"follow","max-snippet":"max-snippet:-1","max-image-preview":"max-image-preview:large","max-video-preview":"max-video-preview:-1"},"canonical":"https:\/\/formar.shop\/lt\/grazinimo-taisykles\/","schema":{"@context":"https:\/\/schema.org","@graph":[{"@type":"WebPage","@id":"https:\/\/formar.shop\/lt\/grazinimo-taisykles\/","url":"https:\/\/formar.shop\/lt\/grazinimo-taisykles\/","name":"GR\u0104\u017dINIMO TAISYKL\u0116S - Formar.shop","isPartOf":{"@id":"https:\/\/formar.shop\/lt\/#website"},"datePublished":"2025-01-18T20:40:18+00:00","dateModified":"2025-11-18T10:28:33+00:00","breadcrumb":{"@id":"https:\/\/formar.shop\/lt\/grazinimo-taisykles\/#breadcrumb"},"inLanguage":"lt-LT","potentialAction":[{"@type":"ReadAction","target":["https:\/\/formar.shop\/lt\/grazinimo-taisykles\/"]}]},{"@type":"BreadcrumbList","@id":"https:\/\/formar.shop\/lt\/grazinimo-taisykles\/#breadcrumb","itemListElement":[{"@type":"ListItem","position":1,"name":"Home","item":"https:\/\/formar.shop\/lt\/automatinis-projektas\/"},{"@type":"ListItem","position":2,"name":"GR\u0104\u017dINIMO TAISYKL\u0116S"}]},{"@type":"WebSite","@id":"https:\/\/formar.shop\/lt\/#website","url":"https:\/\/formar.shop\/lt\/","name":"Formar.shop","description":"Soluzioni espresse con stile","potentialAction":[{"@type":"SearchAction","target":{"@type":"EntryPoint","urlTemplate":"https:\/\/formar.shop\/lt\/?s={search_term_string}"},"query-input":{"@type":"PropertyValueSpecification","valueRequired":true,"valueName":"search_term_string"}}],"inLanguage":"lt-LT"}]}},"_links":{"self":[{"href":"https:\/\/formar.shop\/lt\/wp-json\/wp\/v2\/pages\/48508","targetHints":{"allow":["GET"]}}],"collection":[{"href":"https:\/\/formar.shop\/lt\/wp-json\/wp\/v2\/pages"}],"about":[{"href":"https:\/\/formar.shop\/lt\/wp-json\/wp\/v2\/types\/page"}],"author":[{"embeddable":true,"href":"https:\/\/formar.shop\/lt\/wp-json\/wp\/v2\/users\/175"}],"replies":[{"embeddable":true,"href":"https:\/\/formar.shop\/lt\/wp-json\/wp\/v2\/comments?post=48508"}],"version-history":[{"count":5,"href":"https:\/\/formar.shop\/lt\/wp-json\/wp\/v2\/pages\/48508\/revisions"}],"predecessor-version":[{"id":61855,"href":"https:\/\/formar.shop\/lt\/wp-json\/wp\/v2\/pages\/48508\/revisions\/61855"}],"wp:attachment":[{"href":"https:\/\/formar.shop\/lt\/wp-json\/wp\/v2\/media?parent=48508"}],"curies":[{"name":"wp","href":"https:\/\/api.w.org\/{rel}","templated":true}]}}