{"id":48473,"date":"2025-01-18T21:40:04","date_gmt":"2025-01-18T20:40:04","guid":{"rendered":"https:\/\/formar.shop\/islaidos-ir-pristatymo-budai\/"},"modified":"2025-01-18T21:40:10","modified_gmt":"2025-01-18T20:40:10","slug":"islaidos-ir-pristatymo-budai","status":"publish","type":"page","link":"https:\/\/formar.shop\/lt\/islaidos-ir-pristatymo-budai\/","title":{"rendered":"I\u0160LAIDOS IR PRISTATYMO B\u016aDAI"},"content":{"rendered":"\n  <div class=\"banner has-hover\" id=\"banner-681819023\">\n          <div class=\"banner-inner fill\">\n        <div class=\"banner-bg fill\" >\n                                                \n                    <\/div>\n\t\t\n        <div class=\"banner-layers container\">\n            <div class=\"fill banner-link\"><\/div>            \n   <div id=\"text-box-127678806\" class=\"text-box banner-layer x50 md-x50 lg-x50 y50 md-y50 lg-y50 res-text\">\n                     <div data-animate=\"flipInY\">           <div class=\"text-box-content text dark\">\n              \n              <div class=\"text-inner text-center\">\n                  \n<h3 style=\"text-align: center;\"><strong><span style=\"font-size: 115%; color: #000000;\"><em>I costi di spedizioni sono sempre gratuiti e inclusi per ogni tuo acquisto !<\/em><\/span><\/strong><\/h3>\n<div class=\"is-divider divider clearfix\" ><\/div>\n\t<div id=\"text-1561727775\" class=\"text\">\n\t\t\n<h1 class=\"h-large uppercase\"><strong><span style=\"font-size: 180%;\">NULIN\u0116S PRISTATYMO I\u0160LAIDOS!<\/span><\/strong><\/h1>\n\t\t\n<style>\n#text-1561727775 {\n  font-size: 0.8rem;\n  line-height: 2.05;\n  color: rgb(0,0,0);\n}\n#text-1561727775 > * {\n  color: rgb(0,0,0);\n}\n<\/style>\n\t<\/div>\n\t\n              <\/div>\n           <\/div>\n       <\/div>                     \n<style>\n#text-box-127678806 {\n  width: 67%;\n}\n#text-box-127678806 .text-box-content {\n  font-size: 100%;\n}\n<\/style>\n    <\/div>\n \n        <\/div>\n      <\/div>\n\n            \n<style>\n#banner-681819023 {\n  padding-top: 400px;\n}\n<\/style>\n  <\/div>\n\n\n<h4><span style=\"font-size: 110%;\"><strong><span style=\"font-size: 140%; color: #50b848;\"><span style=\"color: #808080;\">REGISTRACIJA<\/span>  <\/span>    <\/strong><\/span><\/h4>\n<p>U\u017esiregistrav\u0119s, o tai u\u017etrunka vos kelis paprastus \u017eingsnius, naujasis klientas turi vidin\u012f valdymo skydel\u012f, kuriame gali \u012fvesti savo pristatymo adres\u0105, kad sistema j\u012f \u012fsimint\u0173 ir pagreitint\u0173 kit\u0105 pirkim\u0105, ir valdyti pirkini\u0173 krep\u0161el\u012f bei produkt\u0173 palyginimo galimyb\u0119. I\u0161sirinkti norim\u0105 produkt\u0105, dyd\u012f ir spalv\u0105, o pasirinkus norim\u0105 kiek\u012f, \u012ftraukti j\u012f \u012f pirkini\u0173 krep\u0161el\u012f. Kai norite t\u0119sti pirkim\u0105, \u012feikite \u012f krep\u0161el\u012f, prie\u0161 tai prisijung\u0119, jei esate u\u017esiregistrav\u0119, ir t\u0119skite u\u017esakym\u0105. Pasirinktus gaminius galite bet kada pakeisti arba pa\u0161alinti i\u0161 pirkini\u0173 krep\u0161elio.  <\/p>\n<h4><strong><span style=\"font-size: 110%;\"><span style=\"color: #808080;\"><span style=\"font-size: 140%;\">U\u017dSISAKYKITE<\/span> <\/span>                        <\/span><\/strong><\/h4>\n<p style=\"text-align: left;\">Pasirink\u0119 visus norimus \u012fsigyti produktus, atlikite u\u017esakym\u0105. Jei turite atnaujint\u0105 paskyr\u0105 su duomenimis ir pristatymo adresu, pirkimo procesas bus greitesnis.<br \/>Prie\u0161ingu atveju \u012fveskite reikiamus duomenis ir t\u0119skite u\u017esakym\u0105. U\u017esakymas bus \u012fvykdytas tik tada, kai bus gautas mok\u0117jimas u\u017e gamin\u012f, priklausomai nuo pasirinkto mok\u0117jimo b\u016bdo.  <\/p>\n<\/p>\n<h2 style=\"text-align: center;\"><span style=\"color: #808080;\"><strong>M\u016bs\u0173 siuntimo partneriai:<\/strong><\/span><\/h2>\n<\/p>\n<p><img loading=\"lazy\" decoding=\"async\" class=\"aligncenter wp-image-12578\" src=\"https:\/\/formar.shop\/wp-content\/uploads\/2022\/05\/brt.jpg\" alt=\"\" width=\"300\" height=\"163\" data-wp-pid=\"12578\"><\/p>\n<\/p>\n<p style=\"text-align: center;\"><img loading=\"lazy\" decoding=\"async\" class=\"\" src=\"https:\/\/s3-eu-west-1.amazonaws.com\/tpd\/logos\/5ea7e22c7a4aa40001deb02c\/0x0.png\" alt=\"FERCAM Group | Skaityti fercam.com paslaug\u0173 ap\u017evalgas\" width=\"303\" height=\"313\"><\/p>\n<\/p>\n<p style=\"text-align: center;\"><span style=\"color: #000000;\"><strong><em>M\u016bs\u0173 sistema automati\u0161kai pasirenka persiuntimo agent\u0105, <\/em><\/strong><\/span><strong><em><span style=\"color: #000000;\">kad b\u016bt\u0173 u\u017etikrintas maksimalus pristatymo greitis!<\/span><\/em><\/strong><\/p>\n<\/p>\n<p style=\"text-align: center;\">\n<p>M\u016bs\u0173 Klient\u0173 aptarnavimo tarnyba yra j\u016bs\u0173 paslaugoms. D\u0117l bet kokios informacijos ar pra\u0161ymo pateikti pasi\u016blym\u0105 nedvejodami kreipkit\u0117s \u012f mus! M\u016bs\u0173 specialistai atsakys \u012f j\u016bs\u0173 klausimus, susijusius su m\u016bs\u0173 paslaugomis.<\/p>\n<a href=\"https:\/\/formar.shop\/contattaci\/\" class=\"button primary box-shadow-1 lowercase expand\" style=\"border-radius:10px;\">\n\t\t<span>Susisiekite su mumis !<\/span>\n\t<\/a>\n\n","protected":false},"excerpt":{"rendered":"<p>REGISTRACIJA U\u017esiregistrav\u0119s, o tai u\u017etrunka vos kelis paprastus \u017eingsnius, naujasis klientas turi vidin\u012f valdymo skydel\u012f, kuriame gali \u012fvesti savo pristatymo adres\u0105, kad sistema j\u012f \u012fsimint\u0173 ir pagreitint\u0173 kit\u0105 pirkim\u0105, ir valdyti pirkini\u0173 krep\u0161el\u012f bei produkt\u0173 palyginimo galimyb\u0119. I\u0161sirinkti norim\u0105 produkt\u0105, dyd\u012f ir spalv\u0105, o pasirinkus norim\u0105 kiek\u012f, \u012ftraukti j\u012f \u012f pirkini\u0173 krep\u0161el\u012f. Kai norite t\u0119sti [&#8230;]\n","protected":false},"author":175,"featured_media":0,"parent":0,"menu_order":0,"comment_status":"closed","ping_status":"closed","template":"","meta":{"_joinchat":[],"footnotes":""},"class_list":["post-48473","page","type-page","status-publish","hentry"],"yoast_head":"<!-- This site is optimized with the Yoast SEO plugin v27.5 - https:\/\/yoast.com\/product\/yoast-seo-wordpress\/ -->\n<title>I\u0160LAIDOS IR PRISTATYMO B\u016aDAI - Formar.shop<\/title>\n<meta name=\"robots\" content=\"index, follow, max-snippet:-1, max-image-preview:large, max-video-preview:-1\" \/>\n<link rel=\"canonical\" href=\"https:\/\/formar.shop\/lt\/islaidos-ir-pristatymo-budai\/\" \/>\n<script type=\"application\/ld+json\" class=\"yoast-schema-graph\">{\"@context\":\"https:\\\/\\\/schema.org\",\"@graph\":[{\"@type\":\"WebPage\",\"@id\":\"https:\\\/\\\/formar.shop\\\/lt\\\/islaidos-ir-pristatymo-budai\\\/\",\"url\":\"https:\\\/\\\/formar.shop\\\/lt\\\/islaidos-ir-pristatymo-budai\\\/\",\"name\":\"I\u0160LAIDOS IR PRISTATYMO B\u016aDAI - Formar.shop\",\"isPartOf\":{\"@id\":\"https:\\\/\\\/formar.shop\\\/lt\\\/#website\"},\"primaryImageOfPage\":{\"@id\":\"https:\\\/\\\/formar.shop\\\/lt\\\/islaidos-ir-pristatymo-budai\\\/#primaryimage\"},\"image\":{\"@id\":\"https:\\\/\\\/formar.shop\\\/lt\\\/islaidos-ir-pristatymo-budai\\\/#primaryimage\"},\"thumbnailUrl\":\"https:\\\/\\\/formar.shop\\\/wp-content\\\/uploads\\\/2022\\\/05\\\/brt.jpg\",\"datePublished\":\"2025-01-18T20:40:04+00:00\",\"dateModified\":\"2025-01-18T20:40:10+00:00\",\"breadcrumb\":{\"@id\":\"https:\\\/\\\/formar.shop\\\/lt\\\/islaidos-ir-pristatymo-budai\\\/#breadcrumb\"},\"inLanguage\":\"lt-LT\",\"potentialAction\":[{\"@type\":\"ReadAction\",\"target\":[\"https:\\\/\\\/formar.shop\\\/lt\\\/islaidos-ir-pristatymo-budai\\\/\"]}]},{\"@type\":\"ImageObject\",\"inLanguage\":\"lt-LT\",\"@id\":\"https:\\\/\\\/formar.shop\\\/lt\\\/islaidos-ir-pristatymo-budai\\\/#primaryimage\",\"url\":\"https:\\\/\\\/formar.shop\\\/wp-content\\\/uploads\\\/2022\\\/05\\\/brt.jpg\",\"contentUrl\":\"https:\\\/\\\/formar.shop\\\/wp-content\\\/uploads\\\/2022\\\/05\\\/brt.jpg\"},{\"@type\":\"BreadcrumbList\",\"@id\":\"https:\\\/\\\/formar.shop\\\/lt\\\/islaidos-ir-pristatymo-budai\\\/#breadcrumb\",\"itemListElement\":[{\"@type\":\"ListItem\",\"position\":1,\"name\":\"Home\",\"item\":\"https:\\\/\\\/formar.shop\\\/lt\\\/automatinis-projektas\\\/\"},{\"@type\":\"ListItem\",\"position\":2,\"name\":\"I\u0160LAIDOS IR PRISTATYMO B\u016aDAI\"}]},{\"@type\":\"WebSite\",\"@id\":\"https:\\\/\\\/formar.shop\\\/lt\\\/#website\",\"url\":\"https:\\\/\\\/formar.shop\\\/lt\\\/\",\"name\":\"Formar.shop\",\"description\":\"Soluzioni espresse con stile\",\"potentialAction\":[{\"@type\":\"SearchAction\",\"target\":{\"@type\":\"EntryPoint\",\"urlTemplate\":\"https:\\\/\\\/formar.shop\\\/lt\\\/?s={search_term_string}\"},\"query-input\":{\"@type\":\"PropertyValueSpecification\",\"valueRequired\":true,\"valueName\":\"search_term_string\"}}],\"inLanguage\":\"lt-LT\"}]}<\/script>\n<!-- \/ Yoast SEO plugin. -->","yoast_head_json":{"title":"I\u0160LAIDOS IR PRISTATYMO B\u016aDAI - Formar.shop","robots":{"index":"index","follow":"follow","max-snippet":"max-snippet:-1","max-image-preview":"max-image-preview:large","max-video-preview":"max-video-preview:-1"},"canonical":"https:\/\/formar.shop\/lt\/islaidos-ir-pristatymo-budai\/","schema":{"@context":"https:\/\/schema.org","@graph":[{"@type":"WebPage","@id":"https:\/\/formar.shop\/lt\/islaidos-ir-pristatymo-budai\/","url":"https:\/\/formar.shop\/lt\/islaidos-ir-pristatymo-budai\/","name":"I\u0160LAIDOS IR PRISTATYMO B\u016aDAI - Formar.shop","isPartOf":{"@id":"https:\/\/formar.shop\/lt\/#website"},"primaryImageOfPage":{"@id":"https:\/\/formar.shop\/lt\/islaidos-ir-pristatymo-budai\/#primaryimage"},"image":{"@id":"https:\/\/formar.shop\/lt\/islaidos-ir-pristatymo-budai\/#primaryimage"},"thumbnailUrl":"https:\/\/formar.shop\/wp-content\/uploads\/2022\/05\/brt.jpg","datePublished":"2025-01-18T20:40:04+00:00","dateModified":"2025-01-18T20:40:10+00:00","breadcrumb":{"@id":"https:\/\/formar.shop\/lt\/islaidos-ir-pristatymo-budai\/#breadcrumb"},"inLanguage":"lt-LT","potentialAction":[{"@type":"ReadAction","target":["https:\/\/formar.shop\/lt\/islaidos-ir-pristatymo-budai\/"]}]},{"@type":"ImageObject","inLanguage":"lt-LT","@id":"https:\/\/formar.shop\/lt\/islaidos-ir-pristatymo-budai\/#primaryimage","url":"https:\/\/formar.shop\/wp-content\/uploads\/2022\/05\/brt.jpg","contentUrl":"https:\/\/formar.shop\/wp-content\/uploads\/2022\/05\/brt.jpg"},{"@type":"BreadcrumbList","@id":"https:\/\/formar.shop\/lt\/islaidos-ir-pristatymo-budai\/#breadcrumb","itemListElement":[{"@type":"ListItem","position":1,"name":"Home","item":"https:\/\/formar.shop\/lt\/automatinis-projektas\/"},{"@type":"ListItem","position":2,"name":"I\u0160LAIDOS IR PRISTATYMO B\u016aDAI"}]},{"@type":"WebSite","@id":"https:\/\/formar.shop\/lt\/#website","url":"https:\/\/formar.shop\/lt\/","name":"Formar.shop","description":"Soluzioni espresse con stile","potentialAction":[{"@type":"SearchAction","target":{"@type":"EntryPoint","urlTemplate":"https:\/\/formar.shop\/lt\/?s={search_term_string}"},"query-input":{"@type":"PropertyValueSpecification","valueRequired":true,"valueName":"search_term_string"}}],"inLanguage":"lt-LT"}]}},"_links":{"self":[{"href":"https:\/\/formar.shop\/lt\/wp-json\/wp\/v2\/pages\/48473","targetHints":{"allow":["GET"]}}],"collection":[{"href":"https:\/\/formar.shop\/lt\/wp-json\/wp\/v2\/pages"}],"about":[{"href":"https:\/\/formar.shop\/lt\/wp-json\/wp\/v2\/types\/page"}],"author":[{"embeddable":true,"href":"https:\/\/formar.shop\/lt\/wp-json\/wp\/v2\/users\/175"}],"replies":[{"embeddable":true,"href":"https:\/\/formar.shop\/lt\/wp-json\/wp\/v2\/comments?post=48473"}],"version-history":[{"count":1,"href":"https:\/\/formar.shop\/lt\/wp-json\/wp\/v2\/pages\/48473\/revisions"}],"predecessor-version":[{"id":48476,"href":"https:\/\/formar.shop\/lt\/wp-json\/wp\/v2\/pages\/48473\/revisions\/48476"}],"wp:attachment":[{"href":"https:\/\/formar.shop\/lt\/wp-json\/wp\/v2\/media?parent=48473"}],"curies":[{"name":"wp","href":"https:\/\/api.w.org\/{rel}","templated":true}]}}