{"id":48290,"date":"2025-01-18T21:38:42","date_gmt":"2025-01-18T20:38:42","guid":{"rendered":"https:\/\/formar.shop\/prodotto\/konzolni-stol-spider\/"},"modified":"2025-01-18T21:38:56","modified_gmt":"2025-01-18T20:38:56","slug":"konzolni-stol-spider","status":"publish","type":"product","link":"https:\/\/formar.shop\/hr\/prodotto\/konzolni-stol-spider\/","title":{"rendered":"Konzolni stol &#8211; Spider"},"content":{"rendered":"<div class=\"slider-wrapper relative\" id=\"slider-894403855\" >\n    <div class=\"slider slider-nav-circle slider-nav-large slider-nav-dark slider-style-normal\"\n        data-flickity-options='{\n            \"cellAlign\": \"center\",\n            \"imagesLoaded\": true,\n            \"lazyLoad\": 1,\n            \"freeScroll\": false,\n            \"wrapAround\": true,\n            \"autoPlay\": 6000,\n            \"pauseAutoPlayOnHover\" : true,\n            \"prevNextButtons\": true,\n            \"contain\" : true,\n            \"adaptiveHeight\" : true,\n            \"dragThreshold\" : 10,\n            \"percentPosition\": true,\n            \"pageDots\": true,\n            \"rightToLeft\": false,\n            \"draggable\": true,\n            \"selectedAttraction\": 0.1,\n            \"parallax\" : 0,\n            \"friction\": 0.6        }'\n        >\n        \n\t<div class=\"img has-hover x md-x lg-x y md-y lg-y\" id=\"image_538795910\">\n\t\t\t\t\t\t\t\t<div class=\"img-inner dark\" >\n\t\t\t<img loading=\"lazy\" decoding=\"async\" width=\"775\" height=\"1030\" src=\"https:\/\/static.formar.net\/wp-content\/uploads\/2020\/12\/11164238\/Immagini-x-shop-04.png\" class=\"attachment-large size-large\" alt=\"\" srcset=\"https:\/\/static.formar.net\/wp-content\/uploads\/2020\/12\/11164238\/Immagini-x-shop-04.png 1071w, https:\/\/static.formar.net\/wp-content\/uploads\/2020\/12\/11164238\/Immagini-x-shop-04-510x678.png 510w\" sizes=\"auto, (max-width: 775px) 100vw, 775px\" \/>\t\t\t\t\t\t\n\t\t\t\t\t<\/div>\n\t\t\t\t\t\t\t\t\n<style>\n#image_538795910 {\n  width: 100%;\n}\n<\/style>\n\t<\/div>\n\t\n\t<div class=\"img has-hover x md-x lg-x y md-y lg-y\" id=\"image_2014397249\">\n\t\t\t\t\t\t\t\t<div class=\"img-inner dark\" >\n\t\t\t<img loading=\"lazy\" decoding=\"async\" width=\"1001\" height=\"1001\" src=\"https:\/\/static.formar.net\/wp-content\/uploads\/2020\/12\/04172716\/Immagini-di-prodotto-x-Amazon-07.png\" class=\"attachment-large size-large\" alt=\"\" \/>\t\t\t\t\t\t\n\t\t\t\t\t<\/div>\n\t\t\t\t\t\t\t\t\n<style>\n#image_2014397249 {\n  width: 100%;\n}\n<\/style>\n\t<\/div>\n\t\n\t<div class=\"img has-hover x md-x lg-x y md-y lg-y\" id=\"image_179472951\">\n\t\t\t\t\t\t\t\t<div class=\"img-inner dark\" >\n\t\t\t<img loading=\"lazy\" decoding=\"async\" width=\"1020\" height=\"680\" src=\"https:\/\/static.formar.net\/wp-content\/uploads\/sites\/1\/2022\/11\/02111040\/Spider-Consolle_12per-web-1030x687.jpg\" class=\"attachment-large size-large\" alt=\"\" srcset=\"https:\/\/static.formar.net\/wp-content\/uploads\/sites\/1\/2022\/11\/02111040\/Spider-Consolle_12per-web-1030x687.jpg 1030w, https:\/\/static.formar.net\/wp-content\/uploads\/sites\/1\/2022\/11\/02111040\/Spider-Consolle_12per-web-300x200.jpg 300w, https:\/\/static.formar.net\/wp-content\/uploads\/sites\/1\/2022\/11\/02111040\/Spider-Consolle_12per-web-768x512.jpg 768w, https:\/\/static.formar.net\/wp-content\/uploads\/sites\/1\/2022\/11\/02111040\/Spider-Consolle_12per-web-1536x1024.jpg 1536w, https:\/\/static.formar.net\/wp-content\/uploads\/sites\/1\/2022\/11\/02111040\/Spider-Consolle_12per-web-2048x1365.jpg 2048w, https:\/\/static.formar.net\/wp-content\/uploads\/sites\/1\/2022\/11\/02111040\/Spider-Consolle_12per-web-510x340.jpg 510w, https:\/\/static.formar.net\/wp-content\/uploads\/sites\/1\/2022\/11\/02111040\/Spider-Consolle_12per-web-1200x800.jpg 1200w, https:\/\/static.formar.net\/wp-content\/uploads\/sites\/1\/2022\/11\/02111040\/Spider-Consolle_12per-web-600x400.jpg 600w\" sizes=\"auto, (max-width: 1020px) 100vw, 1020px\" \/>\t\t\t\t\t\t\n\t\t\t\t\t<\/div>\n\t\t\t\t\t\t\t\t\n<style>\n#image_179472951 {\n  width: 100%;\n}\n<\/style>\n\t<\/div>\n\t\n\t<div class=\"img has-hover x md-x lg-x y md-y lg-y\" id=\"image_2019484668\">\n\t\t\t\t\t\t\t\t<div class=\"img-inner dark\" >\n\t\t\t<img loading=\"lazy\" decoding=\"async\" width=\"2560\" height=\"1707\" src=\"https:\/\/static.formar.net\/wp-content\/uploads\/sites\/1\/2022\/11\/02111039\/Spider-Consolle_19-per-web-scaled.jpg\" class=\"attachment-original size-original\" alt=\"\" srcset=\"https:\/\/static.formar.net\/wp-content\/uploads\/sites\/1\/2022\/11\/02111039\/Spider-Consolle_19-per-web-scaled.jpg 2560w, https:\/\/static.formar.net\/wp-content\/uploads\/sites\/1\/2022\/11\/02111039\/Spider-Consolle_19-per-web-300x200.jpg 300w, https:\/\/static.formar.net\/wp-content\/uploads\/sites\/1\/2022\/11\/02111039\/Spider-Consolle_19-per-web-1030x687.jpg 1030w, https:\/\/static.formar.net\/wp-content\/uploads\/sites\/1\/2022\/11\/02111039\/Spider-Consolle_19-per-web-768x512.jpg 768w, https:\/\/static.formar.net\/wp-content\/uploads\/sites\/1\/2022\/11\/02111039\/Spider-Consolle_19-per-web-1536x1024.jpg 1536w, https:\/\/static.formar.net\/wp-content\/uploads\/sites\/1\/2022\/11\/02111039\/Spider-Consolle_19-per-web-2048x1365.jpg 2048w, https:\/\/static.formar.net\/wp-content\/uploads\/sites\/1\/2022\/11\/02111039\/Spider-Consolle_19-per-web-510x340.jpg 510w, https:\/\/static.formar.net\/wp-content\/uploads\/sites\/1\/2022\/11\/02111039\/Spider-Consolle_19-per-web-1200x800.jpg 1200w, https:\/\/static.formar.net\/wp-content\/uploads\/sites\/1\/2022\/11\/02111039\/Spider-Consolle_19-per-web-600x400.jpg 600w\" sizes=\"auto, (max-width: 2560px) 100vw, 2560px\" \/>\t\t\t\t\t\t\n\t\t\t\t\t<\/div>\n\t\t\t\t\t\t\t\t\n<style>\n#image_2019484668 {\n  width: 100%;\n}\n<\/style>\n\t<\/div>\n\t\n     <\/div>\n\n     <div class=\"loading-spin dark large centered\"><\/div>\n\n\t<\/div>\n\n\n<h3>STOL &#8211; PAUK<\/h3>\n<p>Moderno, prakti\u010dno, inovativno i funkcionalno, rje\u0161enje za opremanje va\u0161eg doma ili ureda. Zahvaljuju\u0107i posebnoj <strong>strukturi s policom<\/strong> , ovaj konzolni stol je tako\u0111er savr\u0161en za one koji trebaju raditi od ku\u0107e. Prirodni dodir i elegantne linije bit su konzolnog stola Spider, <strong>udobnog<\/strong> i <strong>prostranog<\/strong> zahvaljuju\u0107i i drugoj potpornoj povr\u0161ini s crnim pregradama. Ovaj komad namje\u0161taja lako \u0107e se integrirati u radnu sobu, dnevni boravak, spava\u0107u sobu ili bilo koje drugo ku\u0107no okru\u017eenje i \u0161ire.<\/p>\n<h3 class=\"av-special-heading-tag \">DIZAJN PROIZVODA<\/h3>\n<p>Osmislio ga je i dizajnirao dizajner Chen Zhiyi, direktor dizajna tvrtke Morikawa Furniture. Zhiyi je osvojio presti\u017enu nagradu na Me\u0111unarodnoj izlo\u017ebi namje\u0161taja u \u0160angaju i igra va\u017enu ulogu na globalnoj sceni dizajna interijera. \u201cJednostavnost, moda i za\u0161tita okoli\u0161a\u201d filozofija je koja prati njegove radove. <\/p>\n<h3 id=\"h-materiali-di-qualit\">KVALITETNI MATERIJALI<\/h3>\n<p>Odabir materijala i posve\u0107enost detaljima \u010dine konzolni stoli\u0107 Spider elementom ure\u0111enja jednostavnih linija visoke kvalitete. Noge su od <strong>punog bukovog drva<\/strong> s prirodnom zavr\u0161nom obradom, vrhovi od bijelog <strong>MDF-<\/strong> a i spoj izme\u0111u dva vrha od crnog polipropilena. <\/p>\n<h3 class=\"av-special-heading-tag \">DIMENZIJE PROIZVODA<\/h3>\n<p>Spider konzolni stolni stol savr\u0161eno je rje\u0161enje ako tra\u017eite stol koji vam omogu\u0107uje optimizaciju prostora zahvaljuju\u0107i svojim dimenzijama koje ga tako\u0111er \u010dine prikladnim kod ku\u0107e za <strong>pametan rad<\/strong> ili kao <strong>stol za ra\u010dunalo<\/strong> . Du\u017eina proizvoda je: \u2013 120 cm<br \/>\n \u2013 70 cm dubine<br \/>\n \u2013 visina 75 cm<\/p>\n<h3>NJEGA I ODR\u017dAVANJE:<\/h3>\n<p>Prvo provjerite kompatibilnost sredstava za \u010di\u0161\u0107enje na neupadljivom podru\u010dju. Nikada nemojte koristiti deterd\u017eente ili sredstva za poliranje s \u010desticama abraziva ili odma\u0161\u0107ivanja. Uvijek \u010distite vla\u017enom krpom i osu\u0161ite.<\/p>\n\n\t<section class=\"section\" id=\"section_1353732423\">\n\t\t<div class=\"section-bg fill\" >\n\t\t\t\t\t\t\t\t\t\n\t\t\t\n\n\t\t<\/div>\n\n\t\t\n\n\t\t<div class=\"section-content relative\">\n\t\t\t\n<div class=\"is-divider divider clearfix\" style=\"max-width:1000px;\"><\/div>\n<div class=\"row row-solid\"  id=\"row-1076873533\">\n\n\t<div id=\"col-1868188417\" class=\"col medium-3 small-12 large-3\"  >\n\t\t\t\t<div class=\"col-inner\"  >\n\t\t\t\n\t\t\t\n\n\t\t<div class=\"icon-box featured-box icon-box-center text-center\"  >\n\t\t\t\t\t<div class=\"icon-box-img\" style=\"width: 50px\">\n\t\t\t\t<div class=\"icon\">\n\t\t\t\t\t<div class=\"icon-inner\" >\n\t\t\t\t\t\t<img loading=\"lazy\" decoding=\"async\" width=\"128\" height=\"128\" src=\"https:\/\/static.formar.net\/wp-content\/uploads\/sites\/1\/2022\/10\/02111131\/2703076-128-1-1.png\" class=\"attachment-medium size-medium\" alt=\"\" srcset=\"https:\/\/static.formar.net\/wp-content\/uploads\/sites\/1\/2022\/10\/02111131\/2703076-128-1-1.png 128w, https:\/\/static.formar.net\/wp-content\/uploads\/sites\/1\/2022\/10\/02111131\/2703076-128-1-1-80x80.png 80w, https:\/\/static.formar.net\/wp-content\/uploads\/sites\/1\/2022\/10\/02111131\/2703076-128-1-1-100x100.png 100w, https:\/\/static.formar.net\/wp-content\/uploads\/sites\/1\/2022\/10\/02111131\/2703076-128-1-1-50x50.png 50w\" sizes=\"auto, (max-width: 128px) 100vw, 128px\" \/>\t\t\t\t\t<\/div>\n\t\t\t\t<\/div>\n\t\t\t<\/div>\n\t\t\t\t<div class=\"icon-box-text last-reset\">\n\t\t\t\t\t\t\t\t\t\n<h3>Slu\u017eba za korisnike uvijek dostupna<\/h3>\n<p>Mo\u017eete nas kontaktirati putem WhatsApp-a:  <a href=\"https:\/\/api.whatsapp.com\/send\/?phone=390715906063&amp;text&amp;type=phone_number&amp;app_absent=0\">+39 071 5906063<\/a><\/p>\n<p>Telefonske narud\u017ebe: <a href=\"tel:+39800122267\">800 122 267<\/a><\/p>\n\t\t<\/div>\n\t<\/div>\n\t\n\t\n\t\t<\/div>\n\t\t\t\t\t<\/div>\n\n\t\n\n\t<div id=\"col-523707928\" class=\"col medium-3 small-12 large-3\"  >\n\t\t\t\t<div class=\"col-inner\"  >\n\t\t\t\n\t\t\t\n\n\t\t<div class=\"icon-box featured-box icon-box-center text-center\"  >\n\t\t\t\t\t<div class=\"icon-box-img\" style=\"width: 50px\">\n\t\t\t\t<div class=\"icon\">\n\t\t\t\t\t<div class=\"icon-inner\" >\n\t\t\t\t\t\t<img loading=\"lazy\" decoding=\"async\" width=\"256\" height=\"256\" src=\"https:\/\/static.formar.net\/wp-content\/uploads\/sites\/1\/2022\/11\/02111117\/Icona-carta-di-credito.png\" class=\"attachment-medium size-medium\" alt=\"\" srcset=\"https:\/\/static.formar.net\/wp-content\/uploads\/sites\/1\/2022\/11\/02111117\/Icona-carta-di-credito.png 256w, https:\/\/static.formar.net\/wp-content\/uploads\/sites\/1\/2022\/11\/02111117\/Icona-carta-di-credito-80x80.png 80w, https:\/\/static.formar.net\/wp-content\/uploads\/sites\/1\/2022\/11\/02111117\/Icona-carta-di-credito-100x100.png 100w, https:\/\/static.formar.net\/wp-content\/uploads\/sites\/1\/2022\/11\/02111117\/Icona-carta-di-credito-50x50.png 50w\" sizes=\"auto, (max-width: 256px) 100vw, 256px\" \/>\t\t\t\t\t<\/div>\n\t\t\t\t<\/div>\n\t\t\t<\/div>\n\t\t\t\t<div class=\"icon-box-text last-reset\">\n\t\t\t\t\t\t\t\t\t\n<h3>Odaberite oblik pla\u0107anja<\/h3>\n<p>Pla\u0107anje putem Paypala, kreditnom karticom, gotovinom ili debitnom karticom (na licu mjesta) i pouze\u0107em<\/p>\n\t\t<\/div>\n\t<\/div>\n\t\n\t\n\t\t<\/div>\n\t\t\t\t\t<\/div>\n\n\t\n\n\t<div id=\"col-722286704\" class=\"col medium-3 small-12 large-3\"  >\n\t\t\t\t<div class=\"col-inner\"  >\n\t\t\t\n\t\t\t\n\n\t\t<div class=\"icon-box featured-box icon-box-center text-center\"  >\n\t\t\t\t\t<div class=\"icon-box-img\" style=\"width: 50px\">\n\t\t\t\t<div class=\"icon\">\n\t\t\t\t\t<div class=\"icon-inner\" >\n\t\t\t\t\t\t<img loading=\"lazy\" decoding=\"async\" width=\"128\" height=\"128\" src=\"https:\/\/static.formar.net\/wp-content\/uploads\/sites\/1\/2022\/10\/02111130\/3669335-128-1.png\" class=\"attachment-medium size-medium\" alt=\"\" srcset=\"https:\/\/static.formar.net\/wp-content\/uploads\/sites\/1\/2022\/10\/02111130\/3669335-128-1.png 128w, https:\/\/static.formar.net\/wp-content\/uploads\/sites\/1\/2022\/10\/02111130\/3669335-128-1-80x80.png 80w, https:\/\/static.formar.net\/wp-content\/uploads\/sites\/1\/2022\/10\/02111130\/3669335-128-1-100x100.png 100w, https:\/\/static.formar.net\/wp-content\/uploads\/sites\/1\/2022\/10\/02111130\/3669335-128-1-50x50.png 50w\" sizes=\"auto, (max-width: 128px) 100vw, 128px\" \/>\t\t\t\t\t<\/div>\n\t\t\t\t<\/div>\n\t\t\t<\/div>\n\t\t\t\t<div class=\"icon-box-text last-reset\">\n\t\t\t\t\t\t\t\t\t\n<h3>Lako i bezbri\u017eno<\/h3>\n<p>U slu\u010daju problema organiziramo preuzimanje izravno s va\u0161e adrese. ( <a href=\"https:\/\/formar.shop\/regole-sulla-restituzione\/\">Vi\u0161e detalja<\/a> ).<\/p>\n\t\t<\/div>\n\t<\/div>\n\t\n\t\n\t\t<\/div>\n\t\t\t\t\t<\/div>\n\n\t\n\n\t<div id=\"col-844651615\" class=\"col medium-3 small-12 large-3\"  >\n\t\t\t\t<div class=\"col-inner\"  >\n\t\t\t\n\t\t\t\n\n\t\t<div class=\"icon-box featured-box icon-box-center text-center\"  >\n\t\t\t\t\t<div class=\"icon-box-img\" style=\"width: 50px\">\n\t\t\t\t<div class=\"icon\">\n\t\t\t\t\t<div class=\"icon-inner\" >\n\t\t\t\t\t\t<img loading=\"lazy\" decoding=\"async\" width=\"128\" height=\"128\" src=\"https:\/\/static.formar.net\/wp-content\/uploads\/sites\/1\/2022\/10\/02111130\/5959201-128-1.png\" class=\"attachment-medium size-medium\" alt=\"\" srcset=\"https:\/\/static.formar.net\/wp-content\/uploads\/sites\/1\/2022\/10\/02111130\/5959201-128-1.png 128w, https:\/\/static.formar.net\/wp-content\/uploads\/sites\/1\/2022\/10\/02111130\/5959201-128-1-80x80.png 80w, https:\/\/static.formar.net\/wp-content\/uploads\/sites\/1\/2022\/10\/02111130\/5959201-128-1-100x100.png 100w, https:\/\/static.formar.net\/wp-content\/uploads\/sites\/1\/2022\/10\/02111130\/5959201-128-1-50x50.png 50w\" sizes=\"auto, (max-width: 128px) 100vw, 128px\" \/>\t\t\t\t\t<\/div>\n\t\t\t\t<\/div>\n\t\t\t<\/div>\n\t\t\t\t<div class=\"icon-box-text last-reset\">\n\t\t\t\t\t\t\t\t\t\n<h3>Garancija proizvo\u0111a\u010da i rezervni dijelovi<\/h3>\n<p>Svi na\u0161i proizvodi u\u017eivaju na\u0161e jamstvo. Za mnoge proizvode jam\u010dimo rezervne dijelove za isto razdoblje.<\/p>\n\t\t<\/div>\n\t<\/div>\n\t\n\t\n\t\t<\/div>\n\t\t\t\t\t<\/div>\n\n\t\n\n<style>\n#row-1076873533 > .col > .col-inner {\n  padding: 20px 20px 20px 20px;\n}\n<\/style>\n<\/div>\n\t\t<\/div>\n\n\t\t\n<style>\n#section_1353732423 {\n  padding-top: 30px;\n  padding-bottom: 30px;\n}\n<\/style>\n\t<\/section>\n\t\n","protected":false},"excerpt":{"rendered":"<p>Osmislio i dizajnirao dizajner CHEN ZHIYI, konzolni stol Spider savr\u0161en je kao stol za ra\u010dunalo i ku\u0107ni ured. Zavr\u0161ne obrade su izuzetno precizne zahvaljuju\u0107i odabiru kvalitetnih materijala: prirodno masivno drvo bukve za noge, bijeli MDF za police i crni za spojne dijelove. Sastavljanje je brzo i jednostavno.  <\/p>\n","protected":false},"featured_media":48291,"template":"","meta":{"_joinchat":[]},"product_brand":[],"product_cat":[1971,2337],"product_tag":[],"class_list":{"0":"post-48290","1":"product","2":"type-product","3":"status-publish","4":"has-post-thumbnail","6":"product_cat-kuca","7":"product_cat-stolovi-i-stolici","9":"first","10":"instock","11":"taxable","12":"shipping-taxable","13":"purchasable","14":"product-type-simple"},"yoast_head":"<!-- This site is optimized with the Yoast SEO plugin v27.3 - https:\/\/yoast.com\/product\/yoast-seo-wordpress\/ -->\n<title>Konzolni stol - Spider - Formar.shop<\/title>\n<meta name=\"robots\" content=\"index, follow, max-snippet:-1, max-image-preview:large, max-video-preview:-1\" \/>\n<link rel=\"canonical\" href=\"https:\/\/formar.shop\/hr\/prodotto\/konzolni-stol-spider\/\" \/>\n<script type=\"application\/ld+json\" class=\"yoast-schema-graph\">{\"@context\":\"https:\\\/\\\/schema.org\",\"@graph\":[{\"@type\":\"WebPage\",\"@id\":\"https:\\\/\\\/formar.shop\\\/hr\\\/prodotto\\\/konzolni-stol-spider\\\/\",\"url\":\"https:\\\/\\\/formar.shop\\\/hr\\\/prodotto\\\/konzolni-stol-spider\\\/\",\"name\":\"Konzolni stol - Spider - Formar.shop\",\"isPartOf\":{\"@id\":\"https:\\\/\\\/formar.shop\\\/hr\\\/#website\"},\"primaryImageOfPage\":{\"@id\":\"https:\\\/\\\/formar.shop\\\/hr\\\/prodotto\\\/konzolni-stol-spider\\\/#primaryimage\"},\"image\":{\"@id\":\"https:\\\/\\\/formar.shop\\\/hr\\\/prodotto\\\/konzolni-stol-spider\\\/#primaryimage\"},\"thumbnailUrl\":\"https:\\\/\\\/static.formar.net\\\/wp-content\\\/uploads\\\/2020\\\/12\\\/04172727\\\/Immagini-di-prodotto-x-Amazon-08.png\",\"datePublished\":\"2025-01-18T20:38:42+00:00\",\"dateModified\":\"2025-01-18T20:38:56+00:00\",\"breadcrumb\":{\"@id\":\"https:\\\/\\\/formar.shop\\\/hr\\\/prodotto\\\/konzolni-stol-spider\\\/#breadcrumb\"},\"inLanguage\":\"hr\",\"potentialAction\":[{\"@type\":\"ReadAction\",\"target\":[\"https:\\\/\\\/formar.shop\\\/hr\\\/prodotto\\\/konzolni-stol-spider\\\/\"]}]},{\"@type\":\"ImageObject\",\"inLanguage\":\"hr\",\"@id\":\"https:\\\/\\\/formar.shop\\\/hr\\\/prodotto\\\/konzolni-stol-spider\\\/#primaryimage\",\"url\":\"https:\\\/\\\/static.formar.net\\\/wp-content\\\/uploads\\\/2020\\\/12\\\/04172727\\\/Immagini-di-prodotto-x-Amazon-08.png\",\"contentUrl\":\"https:\\\/\\\/static.formar.net\\\/wp-content\\\/uploads\\\/2020\\\/12\\\/04172727\\\/Immagini-di-prodotto-x-Amazon-08.png\",\"width\":1001,\"height\":1001},{\"@type\":\"BreadcrumbList\",\"@id\":\"https:\\\/\\\/formar.shop\\\/hr\\\/prodotto\\\/konzolni-stol-spider\\\/#breadcrumb\",\"itemListElement\":[{\"@type\":\"ListItem\",\"position\":1,\"name\":\"Home\",\"item\":\"https:\\\/\\\/formar.shop\\\/hr\\\/automatski-nacrt\\\/\"},{\"@type\":\"ListItem\",\"position\":2,\"name\":\"Du\u0107an\",\"item\":\"https:\\\/\\\/formar.shop\\\/hr\\\/ducan\\\/\"},{\"@type\":\"ListItem\",\"position\":3,\"name\":\"Konzolni stol &#8211; Spider\"}]},{\"@type\":\"WebSite\",\"@id\":\"https:\\\/\\\/formar.shop\\\/hr\\\/#website\",\"url\":\"https:\\\/\\\/formar.shop\\\/hr\\\/\",\"name\":\"Formar.shop\",\"description\":\"Soluzioni espresse con stile\",\"potentialAction\":[{\"@type\":\"SearchAction\",\"target\":{\"@type\":\"EntryPoint\",\"urlTemplate\":\"https:\\\/\\\/formar.shop\\\/hr\\\/?s={search_term_string}\"},\"query-input\":{\"@type\":\"PropertyValueSpecification\",\"valueRequired\":true,\"valueName\":\"search_term_string\"}}],\"inLanguage\":\"hr\"}]}<\/script>\n<!-- \/ Yoast SEO plugin. -->","yoast_head_json":{"title":"Konzolni stol - Spider - Formar.shop","robots":{"index":"index","follow":"follow","max-snippet":"max-snippet:-1","max-image-preview":"max-image-preview:large","max-video-preview":"max-video-preview:-1"},"canonical":"https:\/\/formar.shop\/hr\/prodotto\/konzolni-stol-spider\/","schema":{"@context":"https:\/\/schema.org","@graph":[{"@type":"WebPage","@id":"https:\/\/formar.shop\/hr\/prodotto\/konzolni-stol-spider\/","url":"https:\/\/formar.shop\/hr\/prodotto\/konzolni-stol-spider\/","name":"Konzolni stol - Spider - Formar.shop","isPartOf":{"@id":"https:\/\/formar.shop\/hr\/#website"},"primaryImageOfPage":{"@id":"https:\/\/formar.shop\/hr\/prodotto\/konzolni-stol-spider\/#primaryimage"},"image":{"@id":"https:\/\/formar.shop\/hr\/prodotto\/konzolni-stol-spider\/#primaryimage"},"thumbnailUrl":"https:\/\/static.formar.net\/wp-content\/uploads\/2020\/12\/04172727\/Immagini-di-prodotto-x-Amazon-08.png","datePublished":"2025-01-18T20:38:42+00:00","dateModified":"2025-01-18T20:38:56+00:00","breadcrumb":{"@id":"https:\/\/formar.shop\/hr\/prodotto\/konzolni-stol-spider\/#breadcrumb"},"inLanguage":"hr","potentialAction":[{"@type":"ReadAction","target":["https:\/\/formar.shop\/hr\/prodotto\/konzolni-stol-spider\/"]}]},{"@type":"ImageObject","inLanguage":"hr","@id":"https:\/\/formar.shop\/hr\/prodotto\/konzolni-stol-spider\/#primaryimage","url":"https:\/\/static.formar.net\/wp-content\/uploads\/2020\/12\/04172727\/Immagini-di-prodotto-x-Amazon-08.png","contentUrl":"https:\/\/static.formar.net\/wp-content\/uploads\/2020\/12\/04172727\/Immagini-di-prodotto-x-Amazon-08.png","width":1001,"height":1001},{"@type":"BreadcrumbList","@id":"https:\/\/formar.shop\/hr\/prodotto\/konzolni-stol-spider\/#breadcrumb","itemListElement":[{"@type":"ListItem","position":1,"name":"Home","item":"https:\/\/formar.shop\/hr\/automatski-nacrt\/"},{"@type":"ListItem","position":2,"name":"Du\u0107an","item":"https:\/\/formar.shop\/hr\/ducan\/"},{"@type":"ListItem","position":3,"name":"Konzolni stol &#8211; Spider"}]},{"@type":"WebSite","@id":"https:\/\/formar.shop\/hr\/#website","url":"https:\/\/formar.shop\/hr\/","name":"Formar.shop","description":"Soluzioni espresse con stile","potentialAction":[{"@type":"SearchAction","target":{"@type":"EntryPoint","urlTemplate":"https:\/\/formar.shop\/hr\/?s={search_term_string}"},"query-input":{"@type":"PropertyValueSpecification","valueRequired":true,"valueName":"search_term_string"}}],"inLanguage":"hr"}]}},"_links":{"self":[{"href":"https:\/\/formar.shop\/hr\/wp-json\/wp\/v2\/product\/48290","targetHints":{"allow":["GET"]}}],"collection":[{"href":"https:\/\/formar.shop\/hr\/wp-json\/wp\/v2\/product"}],"about":[{"href":"https:\/\/formar.shop\/hr\/wp-json\/wp\/v2\/types\/product"}],"wp:featuredmedia":[{"embeddable":true,"href":"https:\/\/formar.shop\/hr\/wp-json\/wp\/v2\/media\/48291"}],"wp:attachment":[{"href":"https:\/\/formar.shop\/hr\/wp-json\/wp\/v2\/media?parent=48290"}],"wp:term":[{"taxonomy":"product_brand","embeddable":true,"href":"https:\/\/formar.shop\/hr\/wp-json\/wp\/v2\/product_brand?post=48290"},{"taxonomy":"product_cat","embeddable":true,"href":"https:\/\/formar.shop\/hr\/wp-json\/wp\/v2\/product_cat?post=48290"},{"taxonomy":"product_tag","embeddable":true,"href":"https:\/\/formar.shop\/hr\/wp-json\/wp\/v2\/product_tag?post=48290"}],"curies":[{"name":"wp","href":"https:\/\/api.w.org\/{rel}","templated":true}]}}