{"id":48190,"date":"2022-05-31T19:21:33","date_gmt":"2025-01-18T20:38:00","guid":{"rendered":"https:\/\/formar.shop\/prodotto\/klupa-stol\/"},"modified":"2025-11-18T11:27:55","modified_gmt":"2025-11-18T10:27:55","slug":"klupa-stol","status":"publish","type":"product","link":"https:\/\/formar.shop\/hr\/prodotto\/klupa-stol\/","title":{"rendered":"Klupa stol"},"content":{"rendered":"\t<div id=\"gap-803678073\" class=\"gap-element clearfix\" style=\"display:block; height:auto;\">\n\t\t\n<style>\n#gap-803678073 {\n  padding-top: 30px;\n}\n<\/style>\n\t<\/div>\n\t\n\t<div id=\"text-3493620521\" class=\"text\">\n\t\t\n<h3 style=\"text-align: center;\"><span style=\"color: #333333;\">Stoli\u0107 za klupe u \u010dekaonici<\/span><\/h3>\n\t\t\n<style>\n#text-3493620521 {\n  font-size: 2rem;\n  line-height: 1;\n  text-align: center;\n  color: rgb(133, 215, 130);\n}\n#text-3493620521 > * {\n  color: rgb(133, 215, 130);\n}\n@media (min-width:550px) {\n  #text-3493620521 {\n    line-height: 0.75;\n  }\n}\n<\/style>\n\t<\/div>\n\t\n<div class=\"row\"  id=\"row-2079256349\">\n\n\t<div id=\"col-1654540735\" class=\"col small-12 large-12\"  >\n\t\t\t\t<div class=\"col-inner\"  >\n\t\t\t\n\t\t\t\n\n\t<section class=\"section dark\" id=\"section_1407282001\">\n\t\t<div class=\"section-bg fill\" >\n\t\t\t\t\t\t\t\t\t\n\t\t\t\n\n\t\t<\/div>\n\n\t\t\n\n\t\t<div class=\"section-content relative\">\n\t\t\t\n<div class=\"row align-center\"  id=\"row-1482234166\">\n\n\t<div id=\"col-576329329\" class=\"col medium-9 small-12 large-6\"  >\n\t\t\t\t<div class=\"col-inner text-center\"  >\n\t\t\t\n\t\t\t\n\t\t<\/div>\n\t\t\t\t\t<\/div>\n\n\t\n<\/div>\n\t\t<\/div>\n\n\t\t\n<style>\n#section_1407282001 {\n  padding-top: 27px;\n  padding-bottom: 27px;\n  min-height: 400px;\n}\n#section_1407282001 .section-bg img {\n  object-position: 38% 61%;\n}\n@media (min-width:550px) {\n  #section_1407282001 {\n    min-height: 500px;\n  }\n}\n<\/style>\n\t<\/section>\n\t\n<div class=\"row\"  id=\"row-1681137185\">\n\n\t<div id=\"col-167165068\" class=\"col medium-6 small-12 large-6\"  >\n\t\t\t\t<div class=\"col-inner\"  >\n\t\t\t\n\t\t\t\n\t<div id=\"text-2799474046\" class=\"text\">\n\t\t\n<h3><span style=\"color: #333333;\">Mikroperforirani \u010deli\u010dni lim<\/span><\/h3>\n\t\t\n<style>\n#text-2799474046 {\n  font-size: 1rem;\n  line-height: 0.75;\n  text-align: center;\n  color: rgb(133, 215, 130);\n}\n#text-2799474046 > * {\n  color: rgb(133, 215, 130);\n}\n<\/style>\n\t<\/div>\n\t\n\n\t<section class=\"section dark\" id=\"section_772959445\">\n\t\t<div class=\"section-bg fill\" >\n\t\t\t<img loading=\"lazy\" decoding=\"async\" width=\"1024\" height=\"683\" src=\"https:\/\/static.formar.net\/wp-content\/uploads\/2022\/03\/20173643\/IMG_0323.jpg\" class=\"bg attachment- size-\" alt=\"\" \/>\t\t\t\t\t\t\n\t\t\t\n\n\t\t<\/div>\n\n\t\t\n\n\t\t<div class=\"section-content relative\">\n\t\t\t\n\t<div id=\"gap-923361098\" class=\"gap-element clearfix\" style=\"display:block; height:auto;\">\n\t\t\n<style>\n#gap-923361098 {\n  padding-top: 40px;\n}\n<\/style>\n\t<\/div>\n\t\n<div class=\"row\"  id=\"row-1431714154\">\n\n\t<div id=\"col-440846174\" class=\"col small-12 large-12\"  >\n\t\t\t\t<div class=\"col-inner text-center\"  >\n\t\t\t\n\t\t\t\n\t<div id=\"gap-316083809\" class=\"gap-element clearfix\" style=\"display:block; height:auto;\">\n\t\t\n<style>\n#gap-316083809 {\n  padding-top: 10px;\n}\n<\/style>\n\t<\/div>\n\t\n\t\t<\/div>\n\t\t\t\t\t<\/div>\n\n\t\n<\/div>\n\t\t<\/div>\n\n\t\t\n<style>\n#section_772959445 {\n  padding-top: 0px;\n  padding-bottom: 0px;\n  min-height: 200px;\n}\n#section_772959445 .section-bg img {\n  object-position: 66% 84%;\n}\n@media (min-width:550px) {\n  #section_772959445 {\n    min-height: 275px;\n  }\n}\n<\/style>\n\t<\/section>\n\t\n\t\t<\/div>\n\t\t\t\t\t<\/div>\n\n\t\n\n\t<div id=\"col-1052868918\" class=\"col medium-6 small-12 large-6\"  >\n\t\t\t\t<div class=\"col-inner text-center\"  >\n\t\t\t\n\t\t\t\n\t<div id=\"text-4141696995\" class=\"text\">\n\t\t\n<h3><span style=\"color: #333333;\">Profilirani rubovi<\/span><\/h3>\n\t\t\n<style>\n#text-4141696995 {\n  font-size: 1rem;\n  line-height: 0.75;\n  text-align: center;\n  color: rgb(133, 215, 130);\n}\n#text-4141696995 > * {\n  color: rgb(133, 215, 130);\n}\n<\/style>\n\t<\/div>\n\t\n\n\t<section class=\"section dark\" id=\"section_1812852130\">\n\t\t<div class=\"section-bg fill\" >\n\t\t\t<img loading=\"lazy\" decoding=\"async\" width=\"1280\" height=\"730\" src=\"https:\/\/static.formar.net\/wp-content\/uploads\/2022\/03\/20173643\/photo_2022-03-16_19-17-54.jpg\" class=\"bg attachment- size-\" alt=\"\" \/>\t\t\t\t\t\t\n\t\t\t\n\n\t\t<\/div>\n\n\t\t\n\n\t\t<div class=\"section-content relative\">\n\t\t\t\n\t<div id=\"gap-1612620152\" class=\"gap-element clearfix\" style=\"display:block; height:auto;\">\n\t\t\n<style>\n#gap-1612620152 {\n  padding-top: 40px;\n}\n<\/style>\n\t<\/div>\n\t\n<div class=\"row\"  id=\"row-1013621723\">\n\n\t<div id=\"col-2021403015\" class=\"col small-12 large-12\"  >\n\t\t\t\t<div class=\"col-inner text-center\"  >\n\t\t\t\n\t\t\t\n\t<div id=\"gap-1160666654\" class=\"gap-element clearfix\" style=\"display:block; height:auto;\">\n\t\t\n<style>\n#gap-1160666654 {\n  padding-top: 10px;\n}\n<\/style>\n\t<\/div>\n\t\n\t\t<\/div>\n\t\t\t\t\t<\/div>\n\n\t\n<\/div>\n\t\t<\/div>\n\n\t\t\n<style>\n#section_1812852130 {\n  padding-top: 0px;\n  padding-bottom: 0px;\n  min-height: 200px;\n}\n#section_1812852130 .section-bg img {\n  object-position: 66% 84%;\n}\n@media (min-width:550px) {\n  #section_1812852130 {\n    min-height: 275px;\n  }\n}\n<\/style>\n\t<\/section>\n\t\n\t\t<\/div>\n\t\t\t\t\t<\/div>\n\n\t\n<\/div>\n\t\t<\/div>\n\t\t\t\t\t<\/div>\n\n\t\n<\/div>\n\n\t\t<div class=\"icon-box featured-box icon-box-top text-left\"  >\n\t\t\t\t<div class=\"icon-box-text last-reset\">\n\t\t\t\t\t\t\t\t\t\n<h3>Karakteristike<\/h3>\n<ul>\n<li><strong>Potpuno metalik<\/strong> .<\/li>\n<li>Izra\u0111en od istih materijala i debljina kao sjedalo klupa za 2, 3, 4 i 5 sjedala.<\/li>\n<li>Izra\u0111eno od <strong>\u010delika<\/strong>, materijala koji osigurava maksimalnu otpornost i trajnost, klju\u010dne \u010dimbenike za ovu vrstu stola. \u010celik, naime, jam\u010di ve\u0107u dugovje\u010dnost i otpornost na kori\u0161tenje. <\/li>\n<li>Dio za oslonac od perforiranog i obojenog \u010delika kao i sjedala. Bo\u010dni profili od kromiranog \u010delika. <\/li>\n<li>Stol za \u010dekanje mo\u017ee se postaviti na bilo koji \u017eeljeni polo\u017eaj umjesto sjedenja na klupama s 2, 3, 4 i 5 sjedala.<\/li>\n<li>Stol \u0107e u svakom trenutku biti mogu\u0107e zamijeniti standardno isporu\u010denim sjedalom.<\/li>\n<li>Dimenzije vrha cm L52x45D<\/li>\n<li>Te\u017eina kg. 2.5<\/li>\n<\/ul>\n\t<div id=\"gap-621985068\" class=\"gap-element clearfix\" style=\"display:block; height:auto;\">\n\t\t\n<style>\n#gap-621985068 {\n  padding-top: 50px;\n}\n<\/style>\n\t<\/div>\n\t\n<p>NJEGA I ODR\u017dAVANJE:<\/p>\n<p>Za \u010di\u0161\u0107enje metala koristite meku vla\u017enu krpu. Nemojte koristiti abrazivne spu\u017eve ili abrazivne proizvode s otapalima bilo koje vrste jer mogu o\u0161tetiti povr\u0161inu.<\/p>\n\t\t<\/div>\n\t<\/div>\n\t\n\t\n\n\t<section class=\"section\" id=\"section_2102381348\">\n\t\t<div class=\"section-bg fill\" >\n\t\t\t\t\t\t\t\t\t\n\t\t\t\n\n\t\t<\/div>\n\n\t\t\n\n\t\t<div class=\"section-content relative\">\n\t\t\t\n<div class=\"is-divider divider clearfix\" style=\"max-width:1000px;\"><\/div>\n<div class=\"row row-solid\"  id=\"row-736578545\">\n\n\t<div id=\"col-65396575\" class=\"col medium-3 small-12 large-3\"  >\n\t\t\t\t<div class=\"col-inner\"  >\n\t\t\t\n\t\t\t\n\n\t\t<div class=\"icon-box featured-box icon-box-center text-center\"  >\n\t\t\t\t\t<div class=\"icon-box-img\" style=\"width: 50px\">\n\t\t\t\t<div class=\"icon\">\n\t\t\t\t\t<div class=\"icon-inner\" >\n\t\t\t\t\t\t<img loading=\"lazy\" decoding=\"async\" width=\"128\" height=\"128\" src=\"https:\/\/static.formar.net\/wp-content\/uploads\/sites\/1\/2022\/10\/02111131\/2703076-128-1-1.png\" class=\"attachment-medium size-medium\" alt=\"\" srcset=\"https:\/\/static.formar.net\/wp-content\/uploads\/sites\/1\/2022\/10\/02111131\/2703076-128-1-1.png 128w, https:\/\/static.formar.net\/wp-content\/uploads\/sites\/1\/2022\/10\/02111131\/2703076-128-1-1-80x80.png 80w, https:\/\/static.formar.net\/wp-content\/uploads\/sites\/1\/2022\/10\/02111131\/2703076-128-1-1-100x100.png 100w, https:\/\/static.formar.net\/wp-content\/uploads\/sites\/1\/2022\/10\/02111131\/2703076-128-1-1-50x50.png 50w\" sizes=\"auto, (max-width: 128px) 100vw, 128px\" \/>\t\t\t\t\t<\/div>\n\t\t\t\t<\/div>\n\t\t\t<\/div>\n\t\t\t\t<div class=\"icon-box-text last-reset\">\n\t\t\t\t\t\t\t\t\t\n<h3>Slu\u017eba za korisnike uvijek dostupna<\/h3>\n<p>Mo\u017eete nas kontaktirati putem WhatsApp-a:  <a href=\"https:\/\/api.whatsapp.com\/send\/?phone=390715906063&amp;text&amp;type=phone_number&amp;app_absent=0\">+39 071 5906063<\/a><\/p>\n<p>Telefonske narud\u017ebe: <a href=\"tel:+39800122267\">800 122 267<\/a><\/p>\n\t\t<\/div>\n\t<\/div>\n\t\n\t\n\t\t<\/div>\n\t\t\t\t\t<\/div>\n\n\t\n\n\t<div id=\"col-942521346\" class=\"col medium-3 small-12 large-3\"  >\n\t\t\t\t<div class=\"col-inner\"  >\n\t\t\t\n\t\t\t\n\n\t\t<div class=\"icon-box featured-box icon-box-center text-center\"  >\n\t\t\t\t\t<div class=\"icon-box-img\" style=\"width: 50px\">\n\t\t\t\t<div class=\"icon\">\n\t\t\t\t\t<div class=\"icon-inner\" >\n\t\t\t\t\t\t<img loading=\"lazy\" decoding=\"async\" width=\"256\" height=\"256\" src=\"https:\/\/static.formar.net\/wp-content\/uploads\/sites\/1\/2022\/11\/02111117\/Icona-carta-di-credito.png\" class=\"attachment-medium size-medium\" alt=\"\" srcset=\"https:\/\/static.formar.net\/wp-content\/uploads\/sites\/1\/2022\/11\/02111117\/Icona-carta-di-credito.png 256w, https:\/\/static.formar.net\/wp-content\/uploads\/sites\/1\/2022\/11\/02111117\/Icona-carta-di-credito-80x80.png 80w, https:\/\/static.formar.net\/wp-content\/uploads\/sites\/1\/2022\/11\/02111117\/Icona-carta-di-credito-100x100.png 100w, https:\/\/static.formar.net\/wp-content\/uploads\/sites\/1\/2022\/11\/02111117\/Icona-carta-di-credito-50x50.png 50w\" sizes=\"auto, (max-width: 256px) 100vw, 256px\" \/>\t\t\t\t\t<\/div>\n\t\t\t\t<\/div>\n\t\t\t<\/div>\n\t\t\t\t<div class=\"icon-box-text last-reset\">\n\t\t\t\t\t\t\t\t\t\n<h3>Odaberite oblik pla\u0107anja<\/h3>\n<p>Pla\u0107anje putem Paypala, kreditnom karticom, gotovinom ili debitnom karticom (na licu mjesta) i pouze\u0107em<\/p>\n\t\t<\/div>\n\t<\/div>\n\t\n\t\n\t\t<\/div>\n\t\t\t\t\t<\/div>\n\n\t\n\n\t<div id=\"col-1605496688\" class=\"col medium-3 small-12 large-3\"  >\n\t\t\t\t<div class=\"col-inner\"  >\n\t\t\t\n\t\t\t\n\n\t\t<div class=\"icon-box featured-box icon-box-center text-center\"  >\n\t\t\t\t\t<div class=\"icon-box-img\" style=\"width: 50px\">\n\t\t\t\t<div class=\"icon\">\n\t\t\t\t\t<div class=\"icon-inner\" >\n\t\t\t\t\t\t<img loading=\"lazy\" decoding=\"async\" width=\"128\" height=\"128\" src=\"https:\/\/static.formar.net\/wp-content\/uploads\/sites\/1\/2022\/10\/02111130\/3669335-128-1.png\" class=\"attachment-medium size-medium\" alt=\"\" srcset=\"https:\/\/static.formar.net\/wp-content\/uploads\/sites\/1\/2022\/10\/02111130\/3669335-128-1.png 128w, https:\/\/static.formar.net\/wp-content\/uploads\/sites\/1\/2022\/10\/02111130\/3669335-128-1-80x80.png 80w, https:\/\/static.formar.net\/wp-content\/uploads\/sites\/1\/2022\/10\/02111130\/3669335-128-1-100x100.png 100w, https:\/\/static.formar.net\/wp-content\/uploads\/sites\/1\/2022\/10\/02111130\/3669335-128-1-50x50.png 50w\" sizes=\"auto, (max-width: 128px) 100vw, 128px\" \/>\t\t\t\t\t<\/div>\n\t\t\t\t<\/div>\n\t\t\t<\/div>\n\t\t\t\t<div class=\"icon-box-text last-reset\">\n\t\t\t\t\t\t\t\t\t\n<h3>Lako i bezbri\u017eno<\/h3>\n<p>U slu\u010daju problema organiziramo preuzimanje izravno s va\u0161e adrese. ( <a href=\"https:\/\/formar.shop\/hr\/pravila-vracanja\/\">Vi\u0161e detalja<\/a> ).<\/p>\n\t\t<\/div>\n\t<\/div>\n\t\n\t\n\t\t<\/div>\n\t\t\t\t\t<\/div>\n\n\t\n\n\t<div id=\"col-1522066740\" class=\"col medium-3 small-12 large-3\"  >\n\t\t\t\t<div class=\"col-inner\"  >\n\t\t\t\n\t\t\t\n\n\t\t<div class=\"icon-box featured-box icon-box-center text-center\"  >\n\t\t\t\t\t<div class=\"icon-box-img\" style=\"width: 50px\">\n\t\t\t\t<div class=\"icon\">\n\t\t\t\t\t<div class=\"icon-inner\" >\n\t\t\t\t\t\t<img loading=\"lazy\" decoding=\"async\" width=\"128\" height=\"128\" src=\"https:\/\/static.formar.net\/wp-content\/uploads\/sites\/1\/2022\/10\/02111130\/5959201-128-1.png\" class=\"attachment-medium size-medium\" alt=\"\" srcset=\"https:\/\/static.formar.net\/wp-content\/uploads\/sites\/1\/2022\/10\/02111130\/5959201-128-1.png 128w, https:\/\/static.formar.net\/wp-content\/uploads\/sites\/1\/2022\/10\/02111130\/5959201-128-1-80x80.png 80w, https:\/\/static.formar.net\/wp-content\/uploads\/sites\/1\/2022\/10\/02111130\/5959201-128-1-100x100.png 100w, https:\/\/static.formar.net\/wp-content\/uploads\/sites\/1\/2022\/10\/02111130\/5959201-128-1-50x50.png 50w\" sizes=\"auto, (max-width: 128px) 100vw, 128px\" \/>\t\t\t\t\t<\/div>\n\t\t\t\t<\/div>\n\t\t\t<\/div>\n\t\t\t\t<div class=\"icon-box-text last-reset\">\n\t\t\t\t\t\t\t\t\t\n<h3>Garancija proizvo\u0111a\u010da i rezervni dijelovi<\/h3>\n<p>Svi na\u0161i proizvodi u\u017eivaju na\u0161e jamstvo. Za mnoge proizvode jam\u010dimo rezervne dijelove za isto razdoblje.<\/p>\n\t\t<\/div>\n\t<\/div>\n\t\n\t\n\t\t<\/div>\n\t\t\t\t\t<\/div>\n\n\t\n\n<style>\n#row-736578545 > .col > .col-inner {\n  padding: 20px 20px 20px 20px;\n}\n<\/style>\n<\/div>\n\t\t<\/div>\n\n\t\t\n<style>\n#section_2102381348 {\n  padding-top: 30px;\n  padding-bottom: 30px;\n}\n<\/style>\n\t<\/section>\n\t\n","protected":false},"excerpt":{"rendered":"","protected":false},"featured_media":51660,"template":"","meta":{"_joinchat":[]},"product_brand":[],"product_cat":[2314,2063],"product_tag":[],"class_list":{"0":"post-48190","1":"product","2":"type-product","3":"status-publish","4":"has-post-thumbnail","6":"product_cat-sjedenje-u-cekaonici","7":"product_cat-ured","9":"first","10":"instock","11":"taxable","12":"shipping-taxable","13":"purchasable","14":"product-type-simple"},"yoast_head":"<!-- This site is optimized with the Yoast SEO plugin v27.3 - https:\/\/yoast.com\/product\/yoast-seo-wordpress\/ -->\n<title>Klupa stol - Formar.shop<\/title>\n<meta name=\"robots\" content=\"index, follow, max-snippet:-1, max-image-preview:large, max-video-preview:-1\" \/>\n<link rel=\"canonical\" href=\"https:\/\/formar.shop\/hr\/prodotto\/klupa-stol\/\" \/>\n<script type=\"application\/ld+json\" class=\"yoast-schema-graph\">{\"@context\":\"https:\\\/\\\/schema.org\",\"@graph\":[{\"@type\":\"WebPage\",\"@id\":\"https:\\\/\\\/formar.shop\\\/hr\\\/prodotto\\\/klupa-stol\\\/\",\"url\":\"https:\\\/\\\/formar.shop\\\/hr\\\/prodotto\\\/klupa-stol\\\/\",\"name\":\"Klupa stol - Formar.shop\",\"isPartOf\":{\"@id\":\"https:\\\/\\\/formar.shop\\\/hr\\\/#website\"},\"primaryImageOfPage\":{\"@id\":\"https:\\\/\\\/formar.shop\\\/hr\\\/prodotto\\\/klupa-stol\\\/#primaryimage\"},\"image\":{\"@id\":\"https:\\\/\\\/formar.shop\\\/hr\\\/prodotto\\\/klupa-stol\\\/#primaryimage\"},\"thumbnailUrl\":\"https:\\\/\\\/static.formar.net\\\/wp-content\\\/uploads\\\/sites\\\/1\\\/2022\\\/05\\\/20144943\\\/tavolino_scontornato.png\",\"datePublished\":\"2025-01-18T20:38:00+00:00\",\"dateModified\":\"2025-11-18T10:27:55+00:00\",\"breadcrumb\":{\"@id\":\"https:\\\/\\\/formar.shop\\\/hr\\\/prodotto\\\/klupa-stol\\\/#breadcrumb\"},\"inLanguage\":\"hr\",\"potentialAction\":[{\"@type\":\"ReadAction\",\"target\":[\"https:\\\/\\\/formar.shop\\\/hr\\\/prodotto\\\/klupa-stol\\\/\"]}]},{\"@type\":\"ImageObject\",\"inLanguage\":\"hr\",\"@id\":\"https:\\\/\\\/formar.shop\\\/hr\\\/prodotto\\\/klupa-stol\\\/#primaryimage\",\"url\":\"https:\\\/\\\/static.formar.net\\\/wp-content\\\/uploads\\\/sites\\\/1\\\/2022\\\/05\\\/20144943\\\/tavolino_scontornato.png\",\"contentUrl\":\"https:\\\/\\\/static.formar.net\\\/wp-content\\\/uploads\\\/sites\\\/1\\\/2022\\\/05\\\/20144943\\\/tavolino_scontornato.png\",\"width\":894,\"height\":894},{\"@type\":\"BreadcrumbList\",\"@id\":\"https:\\\/\\\/formar.shop\\\/hr\\\/prodotto\\\/klupa-stol\\\/#breadcrumb\",\"itemListElement\":[{\"@type\":\"ListItem\",\"position\":1,\"name\":\"Home\",\"item\":\"https:\\\/\\\/formar.shop\\\/hr\\\/automatski-nacrt\\\/\"},{\"@type\":\"ListItem\",\"position\":2,\"name\":\"Du\u0107an\",\"item\":\"https:\\\/\\\/formar.shop\\\/hr\\\/ducan\\\/\"},{\"@type\":\"ListItem\",\"position\":3,\"name\":\"Klupa stol\"}]},{\"@type\":\"WebSite\",\"@id\":\"https:\\\/\\\/formar.shop\\\/hr\\\/#website\",\"url\":\"https:\\\/\\\/formar.shop\\\/hr\\\/\",\"name\":\"Formar.shop\",\"description\":\"Soluzioni espresse con stile\",\"potentialAction\":[{\"@type\":\"SearchAction\",\"target\":{\"@type\":\"EntryPoint\",\"urlTemplate\":\"https:\\\/\\\/formar.shop\\\/hr\\\/?s={search_term_string}\"},\"query-input\":{\"@type\":\"PropertyValueSpecification\",\"valueRequired\":true,\"valueName\":\"search_term_string\"}}],\"inLanguage\":\"hr\"}]}<\/script>\n<!-- \/ Yoast SEO plugin. -->","yoast_head_json":{"title":"Klupa stol - Formar.shop","robots":{"index":"index","follow":"follow","max-snippet":"max-snippet:-1","max-image-preview":"max-image-preview:large","max-video-preview":"max-video-preview:-1"},"canonical":"https:\/\/formar.shop\/hr\/prodotto\/klupa-stol\/","schema":{"@context":"https:\/\/schema.org","@graph":[{"@type":"WebPage","@id":"https:\/\/formar.shop\/hr\/prodotto\/klupa-stol\/","url":"https:\/\/formar.shop\/hr\/prodotto\/klupa-stol\/","name":"Klupa stol - Formar.shop","isPartOf":{"@id":"https:\/\/formar.shop\/hr\/#website"},"primaryImageOfPage":{"@id":"https:\/\/formar.shop\/hr\/prodotto\/klupa-stol\/#primaryimage"},"image":{"@id":"https:\/\/formar.shop\/hr\/prodotto\/klupa-stol\/#primaryimage"},"thumbnailUrl":"https:\/\/static.formar.net\/wp-content\/uploads\/sites\/1\/2022\/05\/20144943\/tavolino_scontornato.png","datePublished":"2025-01-18T20:38:00+00:00","dateModified":"2025-11-18T10:27:55+00:00","breadcrumb":{"@id":"https:\/\/formar.shop\/hr\/prodotto\/klupa-stol\/#breadcrumb"},"inLanguage":"hr","potentialAction":[{"@type":"ReadAction","target":["https:\/\/formar.shop\/hr\/prodotto\/klupa-stol\/"]}]},{"@type":"ImageObject","inLanguage":"hr","@id":"https:\/\/formar.shop\/hr\/prodotto\/klupa-stol\/#primaryimage","url":"https:\/\/static.formar.net\/wp-content\/uploads\/sites\/1\/2022\/05\/20144943\/tavolino_scontornato.png","contentUrl":"https:\/\/static.formar.net\/wp-content\/uploads\/sites\/1\/2022\/05\/20144943\/tavolino_scontornato.png","width":894,"height":894},{"@type":"BreadcrumbList","@id":"https:\/\/formar.shop\/hr\/prodotto\/klupa-stol\/#breadcrumb","itemListElement":[{"@type":"ListItem","position":1,"name":"Home","item":"https:\/\/formar.shop\/hr\/automatski-nacrt\/"},{"@type":"ListItem","position":2,"name":"Du\u0107an","item":"https:\/\/formar.shop\/hr\/ducan\/"},{"@type":"ListItem","position":3,"name":"Klupa stol"}]},{"@type":"WebSite","@id":"https:\/\/formar.shop\/hr\/#website","url":"https:\/\/formar.shop\/hr\/","name":"Formar.shop","description":"Soluzioni espresse con stile","potentialAction":[{"@type":"SearchAction","target":{"@type":"EntryPoint","urlTemplate":"https:\/\/formar.shop\/hr\/?s={search_term_string}"},"query-input":{"@type":"PropertyValueSpecification","valueRequired":true,"valueName":"search_term_string"}}],"inLanguage":"hr"}]}},"_links":{"self":[{"href":"https:\/\/formar.shop\/hr\/wp-json\/wp\/v2\/product\/48190","targetHints":{"allow":["GET"]}}],"collection":[{"href":"https:\/\/formar.shop\/hr\/wp-json\/wp\/v2\/product"}],"about":[{"href":"https:\/\/formar.shop\/hr\/wp-json\/wp\/v2\/types\/product"}],"wp:featuredmedia":[{"embeddable":true,"href":"https:\/\/formar.shop\/hr\/wp-json\/wp\/v2\/media\/51660"}],"wp:attachment":[{"href":"https:\/\/formar.shop\/hr\/wp-json\/wp\/v2\/media?parent=48190"}],"wp:term":[{"taxonomy":"product_brand","embeddable":true,"href":"https:\/\/formar.shop\/hr\/wp-json\/wp\/v2\/product_brand?post=48190"},{"taxonomy":"product_cat","embeddable":true,"href":"https:\/\/formar.shop\/hr\/wp-json\/wp\/v2\/product_cat?post=48190"},{"taxonomy":"product_tag","embeddable":true,"href":"https:\/\/formar.shop\/hr\/wp-json\/wp\/v2\/product_tag?post=48190"}],"curies":[{"name":"wp","href":"https:\/\/api.w.org\/{rel}","templated":true}]}}