{"id":46873,"date":"2025-01-18T21:32:46","date_gmt":"2025-01-18T20:32:46","guid":{"rendered":"https:\/\/formar.shop\/prodotto\/polica-za-odlaganje-cell-wall\/"},"modified":"2025-01-18T21:32:55","modified_gmt":"2025-01-18T20:32:55","slug":"polica-za-odlaganje-cell-wall","status":"publish","type":"product","link":"https:\/\/formar.shop\/hr\/prodotto\/polica-za-odlaganje-cell-wall\/","title":{"rendered":"Polica za odlaganje &#8211; Cell Wall"},"content":{"rendered":"<div class=\"is-divider divider clearfix\" style=\"max-width:2000px;\"><\/div>\n<div class=\"slider-wrapper relative\" id=\"slider-600321361\" >\n    <div class=\"slider slider-nav-circle slider-nav-large slider-nav-dark slider-style-normal\"\n        data-flickity-options='{\n            \"cellAlign\": \"center\",\n            \"imagesLoaded\": true,\n            \"lazyLoad\": 1,\n            \"freeScroll\": false,\n            \"wrapAround\": true,\n            \"autoPlay\": 6000,\n            \"pauseAutoPlayOnHover\" : true,\n            \"prevNextButtons\": true,\n            \"contain\" : true,\n            \"adaptiveHeight\" : true,\n            \"dragThreshold\" : 10,\n            \"percentPosition\": true,\n            \"pageDots\": true,\n            \"rightToLeft\": false,\n            \"draggable\": true,\n            \"selectedAttraction\": 0.1,\n            \"parallax\" : 0,\n            \"friction\": 0.6        }'\n        >\n        \n\t<div class=\"img has-hover x md-x lg-x y md-y lg-y\" id=\"image_62320125\">\n\t\t\t\t\t\t\t\t<div class=\"img-inner dark\" >\n\t\t\t\t\t\t\t\t\t\n\t\t\t\t\t<\/div>\n\t\t\t\t\t\t\t\t\n<style>\n#image_62320125 {\n  width: 100%;\n}\n<\/style>\n\t<\/div>\n\t\n\t<div class=\"img has-hover x md-x lg-x y md-y lg-y\" id=\"image_1640948991\">\n\t\t\t\t\t\t\t\t<div class=\"img-inner dark\" >\n\t\t\t<img loading=\"lazy\" decoding=\"async\" width=\"1012\" height=\"1012\" src=\"https:\/\/static.formar.net\/wp-content\/uploads\/2020\/12\/22152448\/Immagini-di-prodotto-x-Amazon-23.png\" class=\"attachment-large size-large\" alt=\"\" srcset=\"https:\/\/static.formar.net\/wp-content\/uploads\/2020\/12\/22152448\/Immagini-di-prodotto-x-Amazon-23.png 1012w, https:\/\/static.formar.net\/wp-content\/uploads\/2020\/12\/22152448\/Immagini-di-prodotto-x-Amazon-23-100x100.png 100w, https:\/\/static.formar.net\/wp-content\/uploads\/2020\/12\/22152448\/Immagini-di-prodotto-x-Amazon-23-510x510.png 510w, https:\/\/static.formar.net\/wp-content\/uploads\/2020\/12\/22152448\/Immagini-di-prodotto-x-Amazon-23-300x300.png 300w, https:\/\/static.formar.net\/wp-content\/uploads\/2020\/12\/22152448\/Immagini-di-prodotto-x-Amazon-23-80x80.png 80w, https:\/\/static.formar.net\/wp-content\/uploads\/2020\/12\/22152448\/Immagini-di-prodotto-x-Amazon-23-768x768.png 768w, https:\/\/static.formar.net\/wp-content\/uploads\/2020\/12\/22152448\/Immagini-di-prodotto-x-Amazon-23-36x36.png 36w, https:\/\/static.formar.net\/wp-content\/uploads\/2020\/12\/22152448\/Immagini-di-prodotto-x-Amazon-23-180x180.png 180w, https:\/\/static.formar.net\/wp-content\/uploads\/2020\/12\/22152448\/Immagini-di-prodotto-x-Amazon-23-705x705.png 705w, https:\/\/static.formar.net\/wp-content\/uploads\/2020\/12\/22152448\/Immagini-di-prodotto-x-Amazon-23-600x600.png 600w\" sizes=\"auto, (max-width: 1012px) 100vw, 1012px\" \/>\t\t\t\t\t\t\n\t\t\t\t\t<\/div>\n\t\t\t\t\t\t\t\t\n<style>\n#image_1640948991 {\n  width: 100%;\n}\n<\/style>\n\t<\/div>\n\t\n     <\/div>\n\n     <div class=\"loading-spin dark large centered\"><\/div>\n\n\t<\/div>\n\n\n<h3>STENI\u010cNA STIJENKA \u2013 POLICA ZA SKLADI\u0160TENJE<\/h3>\n<p>Tra\u017eite li dojmljivo rje\u0161enje za opremanje koje spaja prakti\u010dnost i dizajn? Zidna polica Cell Wall prilago\u0111ava se svim vrstama okru\u017eenja. <strong>Jednostavan<\/strong> , <strong>moderan<\/strong> komad namje\u0161taja izra\u0111en od otpornog bijelog polipropilena. Oslobodite svoju ma\u0161tu i stvorite <strong>personaliziranu kompoziciju<\/strong> postavljanjem vi\u0161e od jedne Cell Wall police za pohranu jednu do druge kako biste prikazali ono \u0161to vam se najvi\u0161e svi\u0111a. <\/p>\n<h3 class=\"av-special-heading-tag \">DIZAJN PROIZVODA<\/h3>\n<p>Osmislio ga je i dizajnirao talijanski dizajner Mario Mazzer, koji je diplomirao arhitekturu na Politehnici u Milanu 1978. i &#8217;79. diplomirao industrijski dizajn na Politehni\u010dkoj \u0161koli za dizajn u Milanu. Ovdje se usavr\u0161avao 70-ih sura\u0111uju\u0107i s majstorima talijanskog dizajna, a 1980. osnovao je Mario Mazzer Architects u Conegliano Venetu.<br \/>\n Nagra\u0111en, 1996. dobio je po\u010dasno priznanje na ID Annual Design Review u New Yorku. Izlaganjem svojih radova dao je veliki doprinos u promicanju popularnosti talijanskih proizvoda u svijetu.  <\/p>\n<h3 class=\"av-special-heading-tag \">LAGANO PRI\u010cVR\u0160\u0106IVANJE NA ZIDOVE<\/h3>\n<p>Polica za pohranu Cell Wall dolazi <strong>ve\u0107 sastavljena<\/strong> i spremna za vje\u0161anje na zidove. Lagana je, <strong>zauzima malo prostora<\/strong> i omogu\u0107uje vam da sastavite jednostavnu i minimalnu policu za knjige, ako se kombinira s vi\u0161e jedinica.<\/p>\n<h3 id=\"h-finiture-di-qualit-e-made-in-italy\">DIMENZIJE PROIZVODA<\/h3>\n<p>Du\u017eina proizvoda je: \u2013 44 cm<br \/>\n \u2013 21,5 cm dubine<br \/>\n \u2013 visina 44 cm<\/p>\n<h3>NJEGA I ODR\u017dAVANJE:<\/h3>\n<p>Prvo provjerite kompatibilnost sredstava za \u010di\u0161\u0107enje na neupadljivom podru\u010dju. Nikada nemojte koristiti deterd\u017eente ili sredstva za poliranje s \u010desticama abraziva ili odma\u0161\u0107ivanja. Uvijek \u010distite vla\u017enom krpom i osu\u0161ite.<\/p>\n\n\t<section class=\"section\" id=\"section_1568463731\">\n\t\t<div class=\"section-bg fill\" >\n\t\t\t\t\t\t\t\t\t\n\t\t\t\n\n\t\t<\/div>\n\n\t\t\n\n\t\t<div class=\"section-content relative\">\n\t\t\t\n<div class=\"is-divider divider clearfix\" style=\"max-width:1000px;\"><\/div>\n<div class=\"row row-solid\"  id=\"row-533775257\">\n\n\t<div id=\"col-1636285222\" class=\"col medium-3 small-12 large-3\"  >\n\t\t\t\t<div class=\"col-inner\"  >\n\t\t\t\n\t\t\t\n\n\t\t<div class=\"icon-box featured-box icon-box-center text-center\"  >\n\t\t\t\t\t<div class=\"icon-box-img\" style=\"width: 50px\">\n\t\t\t\t<div class=\"icon\">\n\t\t\t\t\t<div class=\"icon-inner\" >\n\t\t\t\t\t\t<img loading=\"lazy\" decoding=\"async\" width=\"128\" height=\"128\" src=\"https:\/\/static.formar.net\/wp-content\/uploads\/sites\/1\/2022\/10\/02111131\/2703076-128-1-1.png\" class=\"attachment-medium size-medium\" alt=\"\" srcset=\"https:\/\/static.formar.net\/wp-content\/uploads\/sites\/1\/2022\/10\/02111131\/2703076-128-1-1.png 128w, https:\/\/static.formar.net\/wp-content\/uploads\/sites\/1\/2022\/10\/02111131\/2703076-128-1-1-80x80.png 80w, https:\/\/static.formar.net\/wp-content\/uploads\/sites\/1\/2022\/10\/02111131\/2703076-128-1-1-100x100.png 100w, https:\/\/static.formar.net\/wp-content\/uploads\/sites\/1\/2022\/10\/02111131\/2703076-128-1-1-50x50.png 50w\" sizes=\"auto, (max-width: 128px) 100vw, 128px\" \/>\t\t\t\t\t<\/div>\n\t\t\t\t<\/div>\n\t\t\t<\/div>\n\t\t\t\t<div class=\"icon-box-text last-reset\">\n\t\t\t\t\t\t\t\t\t\n<h3>Slu\u017eba za korisnike uvijek dostupna<\/h3>\n<p>Mo\u017eete nas kontaktirati putem WhatsApp-a:  <a href=\"https:\/\/api.whatsapp.com\/send\/?phone=390715906063&amp;text&amp;type=phone_number&amp;app_absent=0\">+39 071 5906063<\/a><\/p>\n<p>Telefonske narud\u017ebe: <a href=\"tel:+39800122267\">800 122 267<\/a><\/p>\n\t\t<\/div>\n\t<\/div>\n\t\n\t\n\t\t<\/div>\n\t\t\t\t\t<\/div>\n\n\t\n\n\t<div id=\"col-1739481078\" class=\"col medium-3 small-12 large-3\"  >\n\t\t\t\t<div class=\"col-inner\"  >\n\t\t\t\n\t\t\t\n\n\t\t<div class=\"icon-box featured-box icon-box-center text-center\"  >\n\t\t\t\t\t<div class=\"icon-box-img\" style=\"width: 50px\">\n\t\t\t\t<div class=\"icon\">\n\t\t\t\t\t<div class=\"icon-inner\" >\n\t\t\t\t\t\t<img loading=\"lazy\" decoding=\"async\" width=\"256\" height=\"256\" src=\"https:\/\/static.formar.net\/wp-content\/uploads\/sites\/1\/2022\/11\/02111117\/Icona-carta-di-credito.png\" class=\"attachment-medium size-medium\" alt=\"\" srcset=\"https:\/\/static.formar.net\/wp-content\/uploads\/sites\/1\/2022\/11\/02111117\/Icona-carta-di-credito.png 256w, https:\/\/static.formar.net\/wp-content\/uploads\/sites\/1\/2022\/11\/02111117\/Icona-carta-di-credito-80x80.png 80w, https:\/\/static.formar.net\/wp-content\/uploads\/sites\/1\/2022\/11\/02111117\/Icona-carta-di-credito-100x100.png 100w, https:\/\/static.formar.net\/wp-content\/uploads\/sites\/1\/2022\/11\/02111117\/Icona-carta-di-credito-50x50.png 50w\" sizes=\"auto, (max-width: 256px) 100vw, 256px\" \/>\t\t\t\t\t<\/div>\n\t\t\t\t<\/div>\n\t\t\t<\/div>\n\t\t\t\t<div class=\"icon-box-text last-reset\">\n\t\t\t\t\t\t\t\t\t\n<h3>Odaberite oblik pla\u0107anja<\/h3>\n<p>Pla\u0107anje putem Paypala, kreditnom karticom, gotovinom ili debitnom karticom (na licu mjesta) i pouze\u0107em<\/p>\n\t\t<\/div>\n\t<\/div>\n\t\n\t\n\t\t<\/div>\n\t\t\t\t\t<\/div>\n\n\t\n\n\t<div id=\"col-1260513584\" class=\"col medium-3 small-12 large-3\"  >\n\t\t\t\t<div class=\"col-inner\"  >\n\t\t\t\n\t\t\t\n\n\t\t<div class=\"icon-box featured-box icon-box-center text-center\"  >\n\t\t\t\t\t<div class=\"icon-box-img\" style=\"width: 50px\">\n\t\t\t\t<div class=\"icon\">\n\t\t\t\t\t<div class=\"icon-inner\" >\n\t\t\t\t\t\t<img loading=\"lazy\" decoding=\"async\" width=\"128\" height=\"128\" src=\"https:\/\/static.formar.net\/wp-content\/uploads\/sites\/1\/2022\/10\/02111130\/3669335-128-1.png\" class=\"attachment-medium size-medium\" alt=\"\" srcset=\"https:\/\/static.formar.net\/wp-content\/uploads\/sites\/1\/2022\/10\/02111130\/3669335-128-1.png 128w, https:\/\/static.formar.net\/wp-content\/uploads\/sites\/1\/2022\/10\/02111130\/3669335-128-1-80x80.png 80w, https:\/\/static.formar.net\/wp-content\/uploads\/sites\/1\/2022\/10\/02111130\/3669335-128-1-100x100.png 100w, https:\/\/static.formar.net\/wp-content\/uploads\/sites\/1\/2022\/10\/02111130\/3669335-128-1-50x50.png 50w\" sizes=\"auto, (max-width: 128px) 100vw, 128px\" \/>\t\t\t\t\t<\/div>\n\t\t\t\t<\/div>\n\t\t\t<\/div>\n\t\t\t\t<div class=\"icon-box-text last-reset\">\n\t\t\t\t\t\t\t\t\t\n<h3>Lako i bezbri\u017eno<\/h3>\n<p>U slu\u010daju problema organiziramo preuzimanje izravno s va\u0161e adrese. ( <a href=\"https:\/\/formar.shop\/regole-sulla-restituzione\/\">Vi\u0161e detalja<\/a> ).<\/p>\n\t\t<\/div>\n\t<\/div>\n\t\n\t\n\t\t<\/div>\n\t\t\t\t\t<\/div>\n\n\t\n\n\t<div id=\"col-2036140681\" class=\"col medium-3 small-12 large-3\"  >\n\t\t\t\t<div class=\"col-inner\"  >\n\t\t\t\n\t\t\t\n\n\t\t<div class=\"icon-box featured-box icon-box-center text-center\"  >\n\t\t\t\t\t<div class=\"icon-box-img\" style=\"width: 50px\">\n\t\t\t\t<div class=\"icon\">\n\t\t\t\t\t<div class=\"icon-inner\" >\n\t\t\t\t\t\t<img loading=\"lazy\" decoding=\"async\" width=\"128\" height=\"128\" src=\"https:\/\/static.formar.net\/wp-content\/uploads\/sites\/1\/2022\/10\/02111130\/5959201-128-1.png\" class=\"attachment-medium size-medium\" alt=\"\" srcset=\"https:\/\/static.formar.net\/wp-content\/uploads\/sites\/1\/2022\/10\/02111130\/5959201-128-1.png 128w, https:\/\/static.formar.net\/wp-content\/uploads\/sites\/1\/2022\/10\/02111130\/5959201-128-1-80x80.png 80w, https:\/\/static.formar.net\/wp-content\/uploads\/sites\/1\/2022\/10\/02111130\/5959201-128-1-100x100.png 100w, https:\/\/static.formar.net\/wp-content\/uploads\/sites\/1\/2022\/10\/02111130\/5959201-128-1-50x50.png 50w\" sizes=\"auto, (max-width: 128px) 100vw, 128px\" \/>\t\t\t\t\t<\/div>\n\t\t\t\t<\/div>\n\t\t\t<\/div>\n\t\t\t\t<div class=\"icon-box-text last-reset\">\n\t\t\t\t\t\t\t\t\t\n<h3>Garancija proizvo\u0111a\u010da i rezervni dijelovi<\/h3>\n<p>Svi na\u0161i proizvodi u\u017eivaju na\u0161e jamstvo. Za mnoge proizvode jam\u010dimo rezervne dijelove za isto razdoblje.<\/p>\n\t\t<\/div>\n\t<\/div>\n\t\n\t\n\t\t<\/div>\n\t\t\t\t\t<\/div>\n\n\t\n\n<style>\n#row-533775257 > .col > .col-inner {\n  padding: 20px 20px 20px 20px;\n}\n<\/style>\n<\/div>\n\t\t<\/div>\n\n\t\t\n<style>\n#section_1568463731 {\n  padding-top: 30px;\n  padding-bottom: 30px;\n}\n<\/style>\n\t<\/section>\n\t\n","protected":false},"excerpt":{"rendered":"<p>Polica za odlaganje Cell Wall izra\u0111ena je od bijelog polipropilena jednostavne i aktualne estetske linije. Osmislio ga je i dizajnirao talijanski dizajner Mario Mazzer kako bi s ukusom opremio svaki prostor. Prostrana je i otporna, idealna za izlaganje predmeta, malih biljaka, knjiga i odlaganje fascikli. Lako se postavlja i mo\u017eete ga montirati pojedina\u010dno ili kreirati razli\u010dite kompozicije s drugim elementima. Njegov minimalisti\u010dki stil dat \u0107e dodatnu notu zidovima.    <\/p>\n","protected":false},"featured_media":46874,"template":"","meta":{"_joinchat":[]},"product_brand":[],"product_cat":[1971,2014],"product_tag":[2016],"class_list":{"0":"post-46873","1":"product","2":"type-product","3":"status-publish","4":"has-post-thumbnail","6":"product_cat-kuca","7":"product_cat-police-i-posude","8":"product_tag-zidni-kontejner","10":"first","11":"instock","12":"taxable","13":"shipping-taxable","14":"purchasable","15":"product-type-simple"},"yoast_head":"<!-- This site is optimized with the Yoast SEO plugin v27.3 - https:\/\/yoast.com\/product\/yoast-seo-wordpress\/ -->\n<title>Polica za odlaganje - Cell Wall - Formar.shop<\/title>\n<meta name=\"robots\" content=\"index, follow, max-snippet:-1, max-image-preview:large, max-video-preview:-1\" \/>\n<link rel=\"canonical\" href=\"https:\/\/formar.shop\/hr\/prodotto\/polica-za-odlaganje-cell-wall\/\" \/>\n<script type=\"application\/ld+json\" class=\"yoast-schema-graph\">{\"@context\":\"https:\\\/\\\/schema.org\",\"@graph\":[{\"@type\":\"WebPage\",\"@id\":\"https:\\\/\\\/formar.shop\\\/hr\\\/prodotto\\\/polica-za-odlaganje-cell-wall\\\/\",\"url\":\"https:\\\/\\\/formar.shop\\\/hr\\\/prodotto\\\/polica-za-odlaganje-cell-wall\\\/\",\"name\":\"Polica za odlaganje - Cell Wall - Formar.shop\",\"isPartOf\":{\"@id\":\"https:\\\/\\\/formar.shop\\\/hr\\\/#website\"},\"primaryImageOfPage\":{\"@id\":\"https:\\\/\\\/formar.shop\\\/hr\\\/prodotto\\\/polica-za-odlaganje-cell-wall\\\/#primaryimage\"},\"image\":{\"@id\":\"https:\\\/\\\/formar.shop\\\/hr\\\/prodotto\\\/polica-za-odlaganje-cell-wall\\\/#primaryimage\"},\"thumbnailUrl\":\"https:\\\/\\\/static.formar.net\\\/wp-content\\\/uploads\\\/2020\\\/12\\\/19150623\\\/campus.png\",\"datePublished\":\"2025-01-18T20:32:46+00:00\",\"dateModified\":\"2025-01-18T20:32:55+00:00\",\"breadcrumb\":{\"@id\":\"https:\\\/\\\/formar.shop\\\/hr\\\/prodotto\\\/polica-za-odlaganje-cell-wall\\\/#breadcrumb\"},\"inLanguage\":\"hr\",\"potentialAction\":[{\"@type\":\"ReadAction\",\"target\":[\"https:\\\/\\\/formar.shop\\\/hr\\\/prodotto\\\/polica-za-odlaganje-cell-wall\\\/\"]}]},{\"@type\":\"ImageObject\",\"inLanguage\":\"hr\",\"@id\":\"https:\\\/\\\/formar.shop\\\/hr\\\/prodotto\\\/polica-za-odlaganje-cell-wall\\\/#primaryimage\",\"url\":\"https:\\\/\\\/static.formar.net\\\/wp-content\\\/uploads\\\/2020\\\/12\\\/19150623\\\/campus.png\",\"contentUrl\":\"https:\\\/\\\/static.formar.net\\\/wp-content\\\/uploads\\\/2020\\\/12\\\/19150623\\\/campus.png\",\"width\":1024,\"height\":768},{\"@type\":\"BreadcrumbList\",\"@id\":\"https:\\\/\\\/formar.shop\\\/hr\\\/prodotto\\\/polica-za-odlaganje-cell-wall\\\/#breadcrumb\",\"itemListElement\":[{\"@type\":\"ListItem\",\"position\":1,\"name\":\"Home\",\"item\":\"https:\\\/\\\/formar.shop\\\/hr\\\/automatski-nacrt\\\/\"},{\"@type\":\"ListItem\",\"position\":2,\"name\":\"Du\u0107an\",\"item\":\"https:\\\/\\\/formar.shop\\\/hr\\\/ducan\\\/\"},{\"@type\":\"ListItem\",\"position\":3,\"name\":\"Polica za odlaganje &#8211; Cell Wall\"}]},{\"@type\":\"WebSite\",\"@id\":\"https:\\\/\\\/formar.shop\\\/hr\\\/#website\",\"url\":\"https:\\\/\\\/formar.shop\\\/hr\\\/\",\"name\":\"Formar.shop\",\"description\":\"Soluzioni espresse con stile\",\"potentialAction\":[{\"@type\":\"SearchAction\",\"target\":{\"@type\":\"EntryPoint\",\"urlTemplate\":\"https:\\\/\\\/formar.shop\\\/hr\\\/?s={search_term_string}\"},\"query-input\":{\"@type\":\"PropertyValueSpecification\",\"valueRequired\":true,\"valueName\":\"search_term_string\"}}],\"inLanguage\":\"hr\"}]}<\/script>\n<!-- \/ Yoast SEO plugin. -->","yoast_head_json":{"title":"Polica za odlaganje - Cell Wall - Formar.shop","robots":{"index":"index","follow":"follow","max-snippet":"max-snippet:-1","max-image-preview":"max-image-preview:large","max-video-preview":"max-video-preview:-1"},"canonical":"https:\/\/formar.shop\/hr\/prodotto\/polica-za-odlaganje-cell-wall\/","schema":{"@context":"https:\/\/schema.org","@graph":[{"@type":"WebPage","@id":"https:\/\/formar.shop\/hr\/prodotto\/polica-za-odlaganje-cell-wall\/","url":"https:\/\/formar.shop\/hr\/prodotto\/polica-za-odlaganje-cell-wall\/","name":"Polica za odlaganje - Cell Wall - Formar.shop","isPartOf":{"@id":"https:\/\/formar.shop\/hr\/#website"},"primaryImageOfPage":{"@id":"https:\/\/formar.shop\/hr\/prodotto\/polica-za-odlaganje-cell-wall\/#primaryimage"},"image":{"@id":"https:\/\/formar.shop\/hr\/prodotto\/polica-za-odlaganje-cell-wall\/#primaryimage"},"thumbnailUrl":"https:\/\/static.formar.net\/wp-content\/uploads\/2020\/12\/19150623\/campus.png","datePublished":"2025-01-18T20:32:46+00:00","dateModified":"2025-01-18T20:32:55+00:00","breadcrumb":{"@id":"https:\/\/formar.shop\/hr\/prodotto\/polica-za-odlaganje-cell-wall\/#breadcrumb"},"inLanguage":"hr","potentialAction":[{"@type":"ReadAction","target":["https:\/\/formar.shop\/hr\/prodotto\/polica-za-odlaganje-cell-wall\/"]}]},{"@type":"ImageObject","inLanguage":"hr","@id":"https:\/\/formar.shop\/hr\/prodotto\/polica-za-odlaganje-cell-wall\/#primaryimage","url":"https:\/\/static.formar.net\/wp-content\/uploads\/2020\/12\/19150623\/campus.png","contentUrl":"https:\/\/static.formar.net\/wp-content\/uploads\/2020\/12\/19150623\/campus.png","width":1024,"height":768},{"@type":"BreadcrumbList","@id":"https:\/\/formar.shop\/hr\/prodotto\/polica-za-odlaganje-cell-wall\/#breadcrumb","itemListElement":[{"@type":"ListItem","position":1,"name":"Home","item":"https:\/\/formar.shop\/hr\/automatski-nacrt\/"},{"@type":"ListItem","position":2,"name":"Du\u0107an","item":"https:\/\/formar.shop\/hr\/ducan\/"},{"@type":"ListItem","position":3,"name":"Polica za odlaganje &#8211; Cell Wall"}]},{"@type":"WebSite","@id":"https:\/\/formar.shop\/hr\/#website","url":"https:\/\/formar.shop\/hr\/","name":"Formar.shop","description":"Soluzioni espresse con stile","potentialAction":[{"@type":"SearchAction","target":{"@type":"EntryPoint","urlTemplate":"https:\/\/formar.shop\/hr\/?s={search_term_string}"},"query-input":{"@type":"PropertyValueSpecification","valueRequired":true,"valueName":"search_term_string"}}],"inLanguage":"hr"}]}},"_links":{"self":[{"href":"https:\/\/formar.shop\/hr\/wp-json\/wp\/v2\/product\/46873","targetHints":{"allow":["GET"]}}],"collection":[{"href":"https:\/\/formar.shop\/hr\/wp-json\/wp\/v2\/product"}],"about":[{"href":"https:\/\/formar.shop\/hr\/wp-json\/wp\/v2\/types\/product"}],"wp:featuredmedia":[{"embeddable":true,"href":"https:\/\/formar.shop\/hr\/wp-json\/wp\/v2\/media\/46874"}],"wp:attachment":[{"href":"https:\/\/formar.shop\/hr\/wp-json\/wp\/v2\/media?parent=46873"}],"wp:term":[{"taxonomy":"product_brand","embeddable":true,"href":"https:\/\/formar.shop\/hr\/wp-json\/wp\/v2\/product_brand?post=46873"},{"taxonomy":"product_cat","embeddable":true,"href":"https:\/\/formar.shop\/hr\/wp-json\/wp\/v2\/product_cat?post=46873"},{"taxonomy":"product_tag","embeddable":true,"href":"https:\/\/formar.shop\/hr\/wp-json\/wp\/v2\/product_tag?post=46873"}],"curies":[{"name":"wp","href":"https:\/\/api.w.org\/{rel}","templated":true}]}}