{"id":46866,"date":"2020-12-20T16:19:38","date_gmt":"2020-12-20T15:19:38","guid":{"rendered":"https:\/\/formar.shop\/prodotto\/sadilica-drvo-01\/"},"modified":"2025-11-18T12:03:11","modified_gmt":"2025-11-18T11:03:11","slug":"sadilica-drvo-01","status":"publish","type":"product","link":"https:\/\/formar.shop\/hr\/prodotto\/sadilica-drvo-01\/","title":{"rendered":"Sadilica &#8211; Drvo 01"},"content":{"rendered":"<div class=\"is-divider divider clearfix\" style=\"max-width:2000px;\"><\/div>\n<div class=\"slider-wrapper relative\" id=\"slider-924872532\" >\n    <div class=\"slider slider-nav-circle slider-nav-large slider-nav-dark slider-style-normal\"\n        data-flickity-options='{\n            \"cellAlign\": \"center\",\n            \"imagesLoaded\": true,\n            \"lazyLoad\": 1,\n            \"freeScroll\": false,\n            \"wrapAround\": true,\n            \"autoPlay\": 6000,\n            \"pauseAutoPlayOnHover\" : true,\n            \"prevNextButtons\": true,\n            \"contain\" : true,\n            \"adaptiveHeight\" : true,\n            \"dragThreshold\" : 10,\n            \"percentPosition\": true,\n            \"pageDots\": true,\n            \"rightToLeft\": false,\n            \"draggable\": true,\n            \"selectedAttraction\": 0.1,\n            \"parallax\" : 0,\n            \"friction\": 0.6        }'\n        >\n        \n\t<div class=\"img has-hover x md-x lg-x y md-y lg-y\" id=\"image_1796385648\">\n\t\t\t\t\t\t\t\t<div class=\"img-inner dark\" >\n\t\t\t<img loading=\"lazy\" decoding=\"async\" width=\"1020\" height=\"680\" src=\"https:\/\/static.formar.net\/wp-content\/uploads\/sites\/1\/2022\/11\/02111101\/IMG_1897-1030x687.jpg\" class=\"attachment-large size-large\" alt=\"\" srcset=\"https:\/\/static.formar.net\/wp-content\/uploads\/sites\/1\/2022\/11\/02111101\/IMG_1897-1030x687.jpg 1030w, https:\/\/static.formar.net\/wp-content\/uploads\/sites\/1\/2022\/11\/02111101\/IMG_1897-300x200.jpg 300w, https:\/\/static.formar.net\/wp-content\/uploads\/sites\/1\/2022\/11\/02111101\/IMG_1897-768x512.jpg 768w, https:\/\/static.formar.net\/wp-content\/uploads\/sites\/1\/2022\/11\/02111101\/IMG_1897-1536x1024.jpg 1536w, https:\/\/static.formar.net\/wp-content\/uploads\/sites\/1\/2022\/11\/02111101\/IMG_1897-2048x1365.jpg 2048w, https:\/\/static.formar.net\/wp-content\/uploads\/sites\/1\/2022\/11\/02111101\/IMG_1897-510x340.jpg 510w, https:\/\/static.formar.net\/wp-content\/uploads\/sites\/1\/2022\/11\/02111101\/IMG_1897-1200x800.jpg 1200w, https:\/\/static.formar.net\/wp-content\/uploads\/sites\/1\/2022\/11\/02111101\/IMG_1897-600x400.jpg 600w\" sizes=\"auto, (max-width: 1020px) 100vw, 1020px\" \/>\t\t\t\t\t\t\n\t\t\t\t\t<\/div>\n\t\t\t\t\t\t\t\t\n<style>\n#image_1796385648 {\n  width: 100%;\n}\n<\/style>\n\t<\/div>\n\t\n\t<div class=\"img has-hover x md-x lg-x y md-y lg-y\" id=\"image_485928439\">\n\t\t\t\t\t\t\t\t<div class=\"img-inner dark\" >\n\t\t\t<img loading=\"lazy\" decoding=\"async\" width=\"1020\" height=\"680\" src=\"https:\/\/static.formar.net\/wp-content\/uploads\/sites\/1\/2022\/11\/02111103\/IMG_1896-1030x687.jpg\" class=\"attachment-large size-large\" alt=\"\" srcset=\"https:\/\/static.formar.net\/wp-content\/uploads\/sites\/1\/2022\/11\/02111103\/IMG_1896-1030x687.jpg 1030w, https:\/\/static.formar.net\/wp-content\/uploads\/sites\/1\/2022\/11\/02111103\/IMG_1896-300x200.jpg 300w, https:\/\/static.formar.net\/wp-content\/uploads\/sites\/1\/2022\/11\/02111103\/IMG_1896-768x512.jpg 768w, https:\/\/static.formar.net\/wp-content\/uploads\/sites\/1\/2022\/11\/02111103\/IMG_1896-1536x1024.jpg 1536w, https:\/\/static.formar.net\/wp-content\/uploads\/sites\/1\/2022\/11\/02111103\/IMG_1896-2048x1365.jpg 2048w, https:\/\/static.formar.net\/wp-content\/uploads\/sites\/1\/2022\/11\/02111103\/IMG_1896-510x340.jpg 510w, https:\/\/static.formar.net\/wp-content\/uploads\/sites\/1\/2022\/11\/02111103\/IMG_1896-1200x800.jpg 1200w, https:\/\/static.formar.net\/wp-content\/uploads\/sites\/1\/2022\/11\/02111103\/IMG_1896-600x400.jpg 600w\" sizes=\"auto, (max-width: 1020px) 100vw, 1020px\" \/>\t\t\t\t\t\t\n\t\t\t\t\t<\/div>\n\t\t\t\t\t\t\t\t\n<style>\n#image_485928439 {\n  width: 100%;\n}\n<\/style>\n\t<\/div>\n\t\n\t<div class=\"img has-hover x md-x lg-x y md-y lg-y\" id=\"image_760898861\">\n\t\t\t\t\t\t\t\t<div class=\"img-inner dark\" >\n\t\t\t<img loading=\"lazy\" decoding=\"async\" width=\"1020\" height=\"607\" src=\"https:\/\/static.formar.net\/wp-content\/uploads\/sites\/1\/2022\/11\/02111100\/IMG_1901-1030x613.jpg\" class=\"attachment-large size-large\" alt=\"\" srcset=\"https:\/\/static.formar.net\/wp-content\/uploads\/sites\/1\/2022\/11\/02111100\/IMG_1901-1030x613.jpg 1030w, https:\/\/static.formar.net\/wp-content\/uploads\/sites\/1\/2022\/11\/02111100\/IMG_1901-300x179.jpg 300w, https:\/\/static.formar.net\/wp-content\/uploads\/sites\/1\/2022\/11\/02111100\/IMG_1901-768x457.jpg 768w, https:\/\/static.formar.net\/wp-content\/uploads\/sites\/1\/2022\/11\/02111100\/IMG_1901-1536x915.jpg 1536w, https:\/\/static.formar.net\/wp-content\/uploads\/sites\/1\/2022\/11\/02111100\/IMG_1901-2048x1219.jpg 2048w, https:\/\/static.formar.net\/wp-content\/uploads\/sites\/1\/2022\/11\/02111100\/IMG_1901-510x304.jpg 510w, https:\/\/static.formar.net\/wp-content\/uploads\/sites\/1\/2022\/11\/02111100\/IMG_1901-1200x715.jpg 1200w, https:\/\/static.formar.net\/wp-content\/uploads\/sites\/1\/2022\/11\/02111100\/IMG_1901-600x357.jpg 600w\" sizes=\"auto, (max-width: 1020px) 100vw, 1020px\" \/>\t\t\t\t\t\t\n\t\t\t\t\t<\/div>\n\t\t\t\t\t\t\t\t\n<style>\n#image_760898861 {\n  width: 100%;\n}\n<\/style>\n\t<\/div>\n\t\n\t<div class=\"img has-hover x md-x lg-x y md-y lg-y\" id=\"image_1817400446\">\n\t\t\t\t\t\t\t\t<div class=\"img-inner dark\" >\n\t\t\t<img loading=\"lazy\" decoding=\"async\" width=\"1020\" height=\"663\" src=\"https:\/\/static.formar.net\/wp-content\/uploads\/sites\/1\/2022\/11\/02111058\/IMG_1902-1030x669.jpg\" class=\"attachment-large size-large\" alt=\"\" srcset=\"https:\/\/static.formar.net\/wp-content\/uploads\/sites\/1\/2022\/11\/02111058\/IMG_1902-1030x669.jpg 1030w, https:\/\/static.formar.net\/wp-content\/uploads\/sites\/1\/2022\/11\/02111058\/IMG_1902-300x195.jpg 300w, https:\/\/static.formar.net\/wp-content\/uploads\/sites\/1\/2022\/11\/02111058\/IMG_1902-768x499.jpg 768w, https:\/\/static.formar.net\/wp-content\/uploads\/sites\/1\/2022\/11\/02111058\/IMG_1902-1536x998.jpg 1536w, https:\/\/static.formar.net\/wp-content\/uploads\/sites\/1\/2022\/11\/02111058\/IMG_1902-2048x1331.jpg 2048w, https:\/\/static.formar.net\/wp-content\/uploads\/sites\/1\/2022\/11\/02111058\/IMG_1902-510x331.jpg 510w, https:\/\/static.formar.net\/wp-content\/uploads\/sites\/1\/2022\/11\/02111058\/IMG_1902-1200x780.jpg 1200w, https:\/\/static.formar.net\/wp-content\/uploads\/sites\/1\/2022\/11\/02111058\/IMG_1902-600x390.jpg 600w\" sizes=\"auto, (max-width: 1020px) 100vw, 1020px\" \/>\t\t\t\t\t\t\n\t\t\t\t\t<\/div>\n\t\t\t\t\t\t\t\t\n<style>\n#image_1817400446 {\n  width: 100%;\n}\n<\/style>\n\t<\/div>\n\t\n     <\/div>\n\n     <div class=\"loading-spin dark large centered\"><\/div>\n\n\t<\/div>\n\n\n<div class=\"is-divider divider clearfix\" style=\"max-width:2000px;\"><\/div>\n<h3>\u017dALDINICA -DRVO 01<\/h3>\n<p>U\u010dinite svoj zeleni kutak u ku\u0107i, vrtu, terasi ili balkonu zaista jedinstvenim s dizajnerskom \u017eardinjera.<\/p>\n<p>\u017dardinjera Tree 01 je idealan <strong>dizajnerski<\/strong> komad namje\u0161taja za ure\u0111enje bilo kojeg prostora, bilo <strong>unutarnjeg<\/strong> ili <strong>vanjskog<\/strong>.<\/p>\n<p>Mogu\u0107e je <strong>promijeniti visinu<\/strong> jednostavnim okretanjem drvene strukture.<\/p>\n<h3 class=\"av-special-heading-tag \">DIZAJN PROIZVODA<\/h3>\n<p>Sadilicu Tree 01 osmislio je i dizajnirao talijanski dizajner Mario Mazzer, koji je diplomirao arhitekturu na Politehnici u Milanu 1978. i &#8217;79. diplomirao industrijski dizajn na Politehni\u010dkoj \u0161koli za dizajn u Milanu. Ovdje se usavr\u0161avao 70-ih sura\u0111uju\u0107i s majstorima talijanskog dizajna, a 1980. osnovao je Mario Mazzer Architects u Conegliano Venetu.<x id=\"gid_0\"><\/x> Nagra\u0111en, 1996. dobio je po\u010dasno priznanje na ID Annual Design Review u New Yorku. Izlaganjem svojih radova dao je veliki doprinos u promicanju popularnosti talijanskih proizvoda u svijetu.  <\/p>\n<h3 class=\"av-special-heading-tag \">PA\u017dNJA NA DETALJE<\/h3>\n<p>Sadilica Tree 01 sastoji se od postolja od <strong>punog drva<\/strong> koje daje prirodan dodir okoli\u0161u, dok je posuda za vazu izra\u0111ena od otpornog <strong>bijelog polipropilena<\/strong> s perforiranom podlogom koja omogu\u0107uje izlazak vi\u0161ka vode.<\/p>\n<h3 class=\"av-special-heading-tag \">LAGANA MONTA\u017dA<\/h3>\n<p>Lako se sastavlja, a polo\u017eaj vaze na postolju odre\u0111uje njezinu visinu (26 cm ili 33 cm).<\/p>\n<h3 id=\"h-finiture-di-qualit-e-made-in-italy\">DIMENZIJE PROIZVODA<\/h3>\n<p>Proizvod ima dimenzije:<\/p>\n<p>\u2013 16,6 cm promjer<br \/>\n\u2013 26\/33 cm visina<\/p>\n<h3>NJEGA I ODR\u017dAVANJE:<\/h3>\n<p>Molimo testirajte sredstva za \u010di\u0161\u0107enje na nevidljivom dijelu radi kompatibilnosti. Nikada ne koristite sredstva za \u010di\u0161\u0107enje ili poliranje s abrazivnim ili odma\u0161\u0107uju\u0107im \u010desticama. Uvijek \u010distite vla\u017enom krpom i osu\u0161ite.<\/p>\n\n\t<section class=\"section\" id=\"section_751506031\">\n\t\t<div class=\"section-bg fill\" >\n\t\t\t\t\t\t\t\t\t\n\t\t\t\n\n\t\t<\/div>\n\n\t\t\n\n\t\t<div class=\"section-content relative\">\n\t\t\t\n<div class=\"is-divider divider clearfix\" style=\"max-width:1000px;\"><\/div>\n<div class=\"row row-solid\"  id=\"row-839488881\">\n\n\t<div id=\"col-1576967820\" class=\"col medium-3 small-12 large-3\"  >\n\t\t\t\t<div class=\"col-inner\"  >\n\t\t\t\n\t\t\t\n\n\t\t<div class=\"icon-box featured-box icon-box-center text-center\"  >\n\t\t\t\t\t<div class=\"icon-box-img\" style=\"width: 50px\">\n\t\t\t\t<div class=\"icon\">\n\t\t\t\t\t<div class=\"icon-inner\" >\n\t\t\t\t\t\t<img loading=\"lazy\" decoding=\"async\" width=\"128\" height=\"128\" src=\"https:\/\/static.formar.net\/wp-content\/uploads\/sites\/1\/2022\/10\/02111131\/2703076-128-1-1.png\" class=\"attachment-medium size-medium\" alt=\"\" srcset=\"https:\/\/static.formar.net\/wp-content\/uploads\/sites\/1\/2022\/10\/02111131\/2703076-128-1-1.png 128w, https:\/\/static.formar.net\/wp-content\/uploads\/sites\/1\/2022\/10\/02111131\/2703076-128-1-1-80x80.png 80w, https:\/\/static.formar.net\/wp-content\/uploads\/sites\/1\/2022\/10\/02111131\/2703076-128-1-1-100x100.png 100w, https:\/\/static.formar.net\/wp-content\/uploads\/sites\/1\/2022\/10\/02111131\/2703076-128-1-1-50x50.png 50w\" sizes=\"auto, (max-width: 128px) 100vw, 128px\" \/>\t\t\t\t\t<\/div>\n\t\t\t\t<\/div>\n\t\t\t<\/div>\n\t\t\t\t<div class=\"icon-box-text last-reset\">\n\t\t\t\t\t\t\t\t\t\n<h3>Slu\u017eba za korisnike uvijek dostupna<\/h3>\n<p>Mo\u017eete nas kontaktirati putem WhatsApp-a:  <a href=\"https:\/\/api.whatsapp.com\/send\/?phone=390715906063&amp;text&amp;type=phone_number&amp;app_absent=0\">+39 071 5906063<\/a><\/p>\n<p>Telefonske narud\u017ebe: <a href=\"tel:+39800122267\">800 122 267<\/a><\/p>\n\t\t<\/div>\n\t<\/div>\n\t\n\t\n\t\t<\/div>\n\t\t\t\t\t<\/div>\n\n\t\n\n\t<div id=\"col-155245490\" class=\"col medium-3 small-12 large-3\"  >\n\t\t\t\t<div class=\"col-inner\"  >\n\t\t\t\n\t\t\t\n\n\t\t<div class=\"icon-box featured-box icon-box-center text-center\"  >\n\t\t\t\t\t<div class=\"icon-box-img\" style=\"width: 50px\">\n\t\t\t\t<div class=\"icon\">\n\t\t\t\t\t<div class=\"icon-inner\" >\n\t\t\t\t\t\t<img loading=\"lazy\" decoding=\"async\" width=\"256\" height=\"256\" src=\"https:\/\/static.formar.net\/wp-content\/uploads\/sites\/1\/2022\/11\/02111117\/Icona-carta-di-credito.png\" class=\"attachment-medium size-medium\" alt=\"\" srcset=\"https:\/\/static.formar.net\/wp-content\/uploads\/sites\/1\/2022\/11\/02111117\/Icona-carta-di-credito.png 256w, https:\/\/static.formar.net\/wp-content\/uploads\/sites\/1\/2022\/11\/02111117\/Icona-carta-di-credito-80x80.png 80w, https:\/\/static.formar.net\/wp-content\/uploads\/sites\/1\/2022\/11\/02111117\/Icona-carta-di-credito-100x100.png 100w, https:\/\/static.formar.net\/wp-content\/uploads\/sites\/1\/2022\/11\/02111117\/Icona-carta-di-credito-50x50.png 50w\" sizes=\"auto, (max-width: 256px) 100vw, 256px\" \/>\t\t\t\t\t<\/div>\n\t\t\t\t<\/div>\n\t\t\t<\/div>\n\t\t\t\t<div class=\"icon-box-text last-reset\">\n\t\t\t\t\t\t\t\t\t\n<h3>Odaberite oblik pla\u0107anja<\/h3>\n<p>Pla\u0107anje putem Paypala, kreditnom karticom, gotovinom ili debitnom karticom (na licu mjesta) i pouze\u0107em<\/p>\n\t\t<\/div>\n\t<\/div>\n\t\n\t\n\t\t<\/div>\n\t\t\t\t\t<\/div>\n\n\t\n\n\t<div id=\"col-1913235682\" class=\"col medium-3 small-12 large-3\"  >\n\t\t\t\t<div class=\"col-inner\"  >\n\t\t\t\n\t\t\t\n\n\t\t<div class=\"icon-box featured-box icon-box-center text-center\"  >\n\t\t\t\t\t<div class=\"icon-box-img\" style=\"width: 50px\">\n\t\t\t\t<div class=\"icon\">\n\t\t\t\t\t<div class=\"icon-inner\" >\n\t\t\t\t\t\t<img loading=\"lazy\" decoding=\"async\" width=\"128\" height=\"128\" src=\"https:\/\/static.formar.net\/wp-content\/uploads\/sites\/1\/2022\/10\/02111130\/3669335-128-1.png\" class=\"attachment-medium size-medium\" alt=\"\" srcset=\"https:\/\/static.formar.net\/wp-content\/uploads\/sites\/1\/2022\/10\/02111130\/3669335-128-1.png 128w, https:\/\/static.formar.net\/wp-content\/uploads\/sites\/1\/2022\/10\/02111130\/3669335-128-1-80x80.png 80w, https:\/\/static.formar.net\/wp-content\/uploads\/sites\/1\/2022\/10\/02111130\/3669335-128-1-100x100.png 100w, https:\/\/static.formar.net\/wp-content\/uploads\/sites\/1\/2022\/10\/02111130\/3669335-128-1-50x50.png 50w\" sizes=\"auto, (max-width: 128px) 100vw, 128px\" \/>\t\t\t\t\t<\/div>\n\t\t\t\t<\/div>\n\t\t\t<\/div>\n\t\t\t\t<div class=\"icon-box-text last-reset\">\n\t\t\t\t\t\t\t\t\t\n<h3>Lako i bezbri\u017eno<\/h3>\n<p>U slu\u010daju problema organiziramo preuzimanje izravno s va\u0161e adrese. ( <a href=\"https:\/\/formar.shop\/hr\/pravila-vracanja\/\">Vi\u0161e detalja<\/a> ).<\/p>\n\t\t<\/div>\n\t<\/div>\n\t\n\t\n\t\t<\/div>\n\t\t\t\t\t<\/div>\n\n\t\n\n\t<div id=\"col-952554918\" class=\"col medium-3 small-12 large-3\"  >\n\t\t\t\t<div class=\"col-inner\"  >\n\t\t\t\n\t\t\t\n\n\t\t<div class=\"icon-box featured-box icon-box-center text-center\"  >\n\t\t\t\t\t<div class=\"icon-box-img\" style=\"width: 50px\">\n\t\t\t\t<div class=\"icon\">\n\t\t\t\t\t<div class=\"icon-inner\" >\n\t\t\t\t\t\t<img loading=\"lazy\" decoding=\"async\" width=\"128\" height=\"128\" src=\"https:\/\/static.formar.net\/wp-content\/uploads\/sites\/1\/2022\/10\/02111130\/5959201-128-1.png\" class=\"attachment-medium size-medium\" alt=\"\" srcset=\"https:\/\/static.formar.net\/wp-content\/uploads\/sites\/1\/2022\/10\/02111130\/5959201-128-1.png 128w, https:\/\/static.formar.net\/wp-content\/uploads\/sites\/1\/2022\/10\/02111130\/5959201-128-1-80x80.png 80w, https:\/\/static.formar.net\/wp-content\/uploads\/sites\/1\/2022\/10\/02111130\/5959201-128-1-100x100.png 100w, https:\/\/static.formar.net\/wp-content\/uploads\/sites\/1\/2022\/10\/02111130\/5959201-128-1-50x50.png 50w\" sizes=\"auto, (max-width: 128px) 100vw, 128px\" \/>\t\t\t\t\t<\/div>\n\t\t\t\t<\/div>\n\t\t\t<\/div>\n\t\t\t\t<div class=\"icon-box-text last-reset\">\n\t\t\t\t\t\t\t\t\t\n<h3>Garancija proizvo\u0111a\u010da i rezervni dijelovi<\/h3>\n<p>Svi na\u0161i proizvodi u\u017eivaju na\u0161e jamstvo. Za mnoge proizvode jam\u010dimo rezervne dijelove za isto razdoblje.<\/p>\n\t\t<\/div>\n\t<\/div>\n\t\n\t\n\t\t<\/div>\n\t\t\t\t\t<\/div>\n\n\t\n\n<style>\n#row-839488881 > .col > .col-inner {\n  padding: 20px 20px 20px 20px;\n}\n<\/style>\n<\/div>\n\t\t<\/div>\n\n\t\t\n<style>\n#section_751506031 {\n  padding-top: 30px;\n  padding-bottom: 30px;\n}\n<\/style>\n\t<\/section>\n\t\n\n\t<section class=\"section\" id=\"section_387124467\">\n\t\t<div class=\"section-bg fill\" >\n\t\t\t\t\t\t\t\t\t\n\t\t\t\n\n\t\t<\/div>\n\n\t\t\n\n\t\t<div class=\"section-content relative\">\n\t\t\t\n\t\t<\/div>\n\n\t\t\n<style>\n#section_387124467 {\n  padding-top: 30px;\n  padding-bottom: 30px;\n}\n<\/style>\n\t<\/section>\n\t\n","protected":false},"excerpt":{"rendered":"<p>Dizajnirana i projektirana od strane talijanskog dizajnera MARIO MAZZERA, \u017eardinjera Tree 01 je proizvod modernog, jednostavnog i elegantnog dizajna. Masivno drvo postolja ima ujedna\u010denu teksturu i nje\u017ene boje, izdr\u017eljivo je i te\u0161ko se deformira. U kombinaciji s bijelom bojom nosa\u010da, idealno je za ukra\u0161avanje svakog prostora, bilo unutarnjeg ili vanjskog.  <\/p>\n","protected":false},"featured_media":46868,"template":"","meta":{"_joinchat":[]},"product_brand":[154],"product_cat":[1971,2058],"product_tag":[2059],"class_list":{"0":"post-46866","1":"product","2":"type-product","3":"status-publish","4":"has-post-thumbnail","6":"product_brand-fbasic","7":"product_cat-kuca","8":"product_cat-sadilice","9":"product_tag-vaza-hr","11":"first","12":"instock","13":"taxable","14":"shipping-taxable","15":"purchasable","16":"product-type-simple"},"yoast_head":"<!-- This site is optimized with the Yoast SEO plugin v27.3 - https:\/\/yoast.com\/product\/yoast-seo-wordpress\/ -->\n<title>Sadilica - Drvo 01 - Formar.shop<\/title>\n<meta name=\"robots\" content=\"index, follow, max-snippet:-1, max-image-preview:large, max-video-preview:-1\" \/>\n<link rel=\"canonical\" href=\"https:\/\/formar.shop\/hr\/prodotto\/sadilica-drvo-01\/\" \/>\n<script type=\"application\/ld+json\" class=\"yoast-schema-graph\">{\"@context\":\"https:\\\/\\\/schema.org\",\"@graph\":[{\"@type\":\"WebPage\",\"@id\":\"https:\\\/\\\/formar.shop\\\/hr\\\/prodotto\\\/sadilica-drvo-01\\\/\",\"url\":\"https:\\\/\\\/formar.shop\\\/hr\\\/prodotto\\\/sadilica-drvo-01\\\/\",\"name\":\"Sadilica - Drvo 01 - Formar.shop\",\"isPartOf\":{\"@id\":\"https:\\\/\\\/formar.shop\\\/hr\\\/#website\"},\"primaryImageOfPage\":{\"@id\":\"https:\\\/\\\/formar.shop\\\/hr\\\/prodotto\\\/sadilica-drvo-01\\\/#primaryimage\"},\"image\":{\"@id\":\"https:\\\/\\\/formar.shop\\\/hr\\\/prodotto\\\/sadilica-drvo-01\\\/#primaryimage\"},\"thumbnailUrl\":\"https:\\\/\\\/static.formar.net\\\/wp-content\\\/uploads\\\/2020\\\/12\\\/22160539\\\/Immagini-di-prodotto-x-Amazon-11-1.png\",\"datePublished\":\"2020-12-20T15:19:38+00:00\",\"dateModified\":\"2025-11-18T11:03:11+00:00\",\"breadcrumb\":{\"@id\":\"https:\\\/\\\/formar.shop\\\/hr\\\/prodotto\\\/sadilica-drvo-01\\\/#breadcrumb\"},\"inLanguage\":\"hr\",\"potentialAction\":[{\"@type\":\"ReadAction\",\"target\":[\"https:\\\/\\\/formar.shop\\\/hr\\\/prodotto\\\/sadilica-drvo-01\\\/\"]}]},{\"@type\":\"ImageObject\",\"inLanguage\":\"hr\",\"@id\":\"https:\\\/\\\/formar.shop\\\/hr\\\/prodotto\\\/sadilica-drvo-01\\\/#primaryimage\",\"url\":\"https:\\\/\\\/static.formar.net\\\/wp-content\\\/uploads\\\/2020\\\/12\\\/22160539\\\/Immagini-di-prodotto-x-Amazon-11-1.png\",\"contentUrl\":\"https:\\\/\\\/static.formar.net\\\/wp-content\\\/uploads\\\/2020\\\/12\\\/22160539\\\/Immagini-di-prodotto-x-Amazon-11-1.png\",\"width\":1001,\"height\":1001},{\"@type\":\"BreadcrumbList\",\"@id\":\"https:\\\/\\\/formar.shop\\\/hr\\\/prodotto\\\/sadilica-drvo-01\\\/#breadcrumb\",\"itemListElement\":[{\"@type\":\"ListItem\",\"position\":1,\"name\":\"Home\",\"item\":\"https:\\\/\\\/formar.shop\\\/hr\\\/automatski-nacrt\\\/\"},{\"@type\":\"ListItem\",\"position\":2,\"name\":\"Du\u0107an\",\"item\":\"https:\\\/\\\/formar.shop\\\/hr\\\/ducan\\\/\"},{\"@type\":\"ListItem\",\"position\":3,\"name\":\"Sadilica &#8211; Drvo 01\"}]},{\"@type\":\"WebSite\",\"@id\":\"https:\\\/\\\/formar.shop\\\/hr\\\/#website\",\"url\":\"https:\\\/\\\/formar.shop\\\/hr\\\/\",\"name\":\"Formar.shop\",\"description\":\"Soluzioni espresse con stile\",\"potentialAction\":[{\"@type\":\"SearchAction\",\"target\":{\"@type\":\"EntryPoint\",\"urlTemplate\":\"https:\\\/\\\/formar.shop\\\/hr\\\/?s={search_term_string}\"},\"query-input\":{\"@type\":\"PropertyValueSpecification\",\"valueRequired\":true,\"valueName\":\"search_term_string\"}}],\"inLanguage\":\"hr\"}]}<\/script>\n<!-- \/ Yoast SEO plugin. -->","yoast_head_json":{"title":"Sadilica - Drvo 01 - Formar.shop","robots":{"index":"index","follow":"follow","max-snippet":"max-snippet:-1","max-image-preview":"max-image-preview:large","max-video-preview":"max-video-preview:-1"},"canonical":"https:\/\/formar.shop\/hr\/prodotto\/sadilica-drvo-01\/","schema":{"@context":"https:\/\/schema.org","@graph":[{"@type":"WebPage","@id":"https:\/\/formar.shop\/hr\/prodotto\/sadilica-drvo-01\/","url":"https:\/\/formar.shop\/hr\/prodotto\/sadilica-drvo-01\/","name":"Sadilica - Drvo 01 - Formar.shop","isPartOf":{"@id":"https:\/\/formar.shop\/hr\/#website"},"primaryImageOfPage":{"@id":"https:\/\/formar.shop\/hr\/prodotto\/sadilica-drvo-01\/#primaryimage"},"image":{"@id":"https:\/\/formar.shop\/hr\/prodotto\/sadilica-drvo-01\/#primaryimage"},"thumbnailUrl":"https:\/\/static.formar.net\/wp-content\/uploads\/2020\/12\/22160539\/Immagini-di-prodotto-x-Amazon-11-1.png","datePublished":"2020-12-20T15:19:38+00:00","dateModified":"2025-11-18T11:03:11+00:00","breadcrumb":{"@id":"https:\/\/formar.shop\/hr\/prodotto\/sadilica-drvo-01\/#breadcrumb"},"inLanguage":"hr","potentialAction":[{"@type":"ReadAction","target":["https:\/\/formar.shop\/hr\/prodotto\/sadilica-drvo-01\/"]}]},{"@type":"ImageObject","inLanguage":"hr","@id":"https:\/\/formar.shop\/hr\/prodotto\/sadilica-drvo-01\/#primaryimage","url":"https:\/\/static.formar.net\/wp-content\/uploads\/2020\/12\/22160539\/Immagini-di-prodotto-x-Amazon-11-1.png","contentUrl":"https:\/\/static.formar.net\/wp-content\/uploads\/2020\/12\/22160539\/Immagini-di-prodotto-x-Amazon-11-1.png","width":1001,"height":1001},{"@type":"BreadcrumbList","@id":"https:\/\/formar.shop\/hr\/prodotto\/sadilica-drvo-01\/#breadcrumb","itemListElement":[{"@type":"ListItem","position":1,"name":"Home","item":"https:\/\/formar.shop\/hr\/automatski-nacrt\/"},{"@type":"ListItem","position":2,"name":"Du\u0107an","item":"https:\/\/formar.shop\/hr\/ducan\/"},{"@type":"ListItem","position":3,"name":"Sadilica &#8211; Drvo 01"}]},{"@type":"WebSite","@id":"https:\/\/formar.shop\/hr\/#website","url":"https:\/\/formar.shop\/hr\/","name":"Formar.shop","description":"Soluzioni espresse con stile","potentialAction":[{"@type":"SearchAction","target":{"@type":"EntryPoint","urlTemplate":"https:\/\/formar.shop\/hr\/?s={search_term_string}"},"query-input":{"@type":"PropertyValueSpecification","valueRequired":true,"valueName":"search_term_string"}}],"inLanguage":"hr"}]}},"_links":{"self":[{"href":"https:\/\/formar.shop\/hr\/wp-json\/wp\/v2\/product\/46866","targetHints":{"allow":["GET"]}}],"collection":[{"href":"https:\/\/formar.shop\/hr\/wp-json\/wp\/v2\/product"}],"about":[{"href":"https:\/\/formar.shop\/hr\/wp-json\/wp\/v2\/types\/product"}],"wp:featuredmedia":[{"embeddable":true,"href":"https:\/\/formar.shop\/hr\/wp-json\/wp\/v2\/media\/46868"}],"wp:attachment":[{"href":"https:\/\/formar.shop\/hr\/wp-json\/wp\/v2\/media?parent=46866"}],"wp:term":[{"taxonomy":"product_brand","embeddable":true,"href":"https:\/\/formar.shop\/hr\/wp-json\/wp\/v2\/product_brand?post=46866"},{"taxonomy":"product_cat","embeddable":true,"href":"https:\/\/formar.shop\/hr\/wp-json\/wp\/v2\/product_cat?post=46866"},{"taxonomy":"product_tag","embeddable":true,"href":"https:\/\/formar.shop\/hr\/wp-json\/wp\/v2\/product_tag?post=46866"}],"curies":[{"name":"wp","href":"https:\/\/api.w.org\/{rel}","templated":true}]}}