{"id":46589,"date":"2025-01-18T21:31:27","date_gmt":"2025-01-18T20:31:27","guid":{"rendered":"https:\/\/formar.shop\/prodotto\/polica-za-knjige-stubiste\/"},"modified":"2025-01-18T21:31:41","modified_gmt":"2025-01-18T20:31:41","slug":"polica-za-knjige-stubiste","status":"publish","type":"product","link":"https:\/\/formar.shop\/hr\/prodotto\/polica-za-knjige-stubiste\/","title":{"rendered":"Polica za knjige &#8211; Stubi\u0161te"},"content":{"rendered":"<div class=\"is-divider divider clearfix\" style=\"max-width:2000px;\"><\/div>\n<div class=\"slider-wrapper relative\" id=\"slider-257880837\" >\n    <div class=\"slider slider-nav-circle slider-nav-large slider-nav-dark slider-style-normal\"\n        data-flickity-options='{\n            \"cellAlign\": \"center\",\n            \"imagesLoaded\": true,\n            \"lazyLoad\": 1,\n            \"freeScroll\": false,\n            \"wrapAround\": true,\n            \"autoPlay\": 6000,\n            \"pauseAutoPlayOnHover\" : true,\n            \"prevNextButtons\": true,\n            \"contain\" : true,\n            \"adaptiveHeight\" : true,\n            \"dragThreshold\" : 10,\n            \"percentPosition\": true,\n            \"pageDots\": true,\n            \"rightToLeft\": false,\n            \"draggable\": true,\n            \"selectedAttraction\": 0.1,\n            \"parallax\" : 0,\n            \"friction\": 0.6        }'\n        >\n        \n\t<div class=\"img has-hover x md-x lg-x y md-y lg-y\" id=\"image_399974582\">\n\t\t\t\t\t\t\t\t<div class=\"img-inner dark\" >\n\t\t\t<img loading=\"lazy\" decoding=\"async\" width=\"1001\" height=\"1001\" src=\"https:\/\/static.formar.net\/wp-content\/uploads\/2020\/12\/04155230\/Immagini-di-prodotto-x-Amazon-17.png\" class=\"attachment-large size-large\" alt=\"\" \/>\t\t\t\t\t\t\n\t\t\t\t\t<\/div>\n\t\t\t\t\t\t\t\t\n<style>\n#image_399974582 {\n  width: 100%;\n}\n<\/style>\n\t<\/div>\n\t\n\t<div class=\"img has-hover x md-x lg-x y md-y lg-y\" id=\"image_10812636\">\n\t\t\t\t\t\t\t\t<div class=\"img-inner dark\" >\n\t\t\t<img loading=\"lazy\" decoding=\"async\" width=\"1001\" height=\"1001\" src=\"https:\/\/static.formar.net\/wp-content\/uploads\/2020\/12\/04155242\/Immagini-di-prodotto-x-Amazon-18.png\" class=\"attachment-large size-large\" alt=\"\" \/>\t\t\t\t\t\t\n\t\t\t\t\t<\/div>\n\t\t\t\t\t\t\t\t\n<style>\n#image_10812636 {\n  width: 100%;\n}\n<\/style>\n\t<\/div>\n\t\n\t<div class=\"img has-hover x md-x lg-x y md-y lg-y\" id=\"image_210043803\">\n\t\t\t\t\t\t\t\t<div class=\"img-inner dark\" >\n\t\t\t<img loading=\"lazy\" decoding=\"async\" width=\"1001\" height=\"1001\" src=\"https:\/\/static.formar.net\/wp-content\/uploads\/2020\/12\/04155247\/Immagini-di-prodotto-x-Amazon-19.png\" class=\"attachment-large size-large\" alt=\"\" \/>\t\t\t\t\t\t\n\t\t\t\t\t<\/div>\n\t\t\t\t\t\t\t\t\n<style>\n#image_210043803 {\n  width: 100%;\n}\n<\/style>\n\t<\/div>\n\t\n\t<div class=\"img has-hover x md-x lg-x y md-y lg-y\" id=\"image_703049405\">\n\t\t\t\t\t\t\t\t<div class=\"img-inner dark\" >\n\t\t\t<img loading=\"lazy\" decoding=\"async\" width=\"1001\" height=\"1001\" src=\"https:\/\/static.formar.net\/wp-content\/uploads\/2020\/12\/22171519\/Immagini-di-prodotto-x-Amazon-16.png\" class=\"attachment-large size-large\" alt=\"\" \/>\t\t\t\t\t\t\n\t\t\t\t\t<\/div>\n\t\t\t\t\t\t\t\t\n<style>\n#image_703049405 {\n  width: 100%;\n}\n<\/style>\n\t<\/div>\n\t\n     <\/div>\n\n     <div class=\"loading-spin dark large centered\"><\/div>\n\n\t<\/div>\n\n\n<div class=\"is-divider divider clearfix\" style=\"max-width:2000px;\"><\/div>\n<h3>STUBI\u0160TE &#8211; POLICA ZA KNJIGE<\/h3>\n<p>Polica za knjige s 5 korisnih polica kako biste maksimalno iskoristili slobodan prostor i uredili sobu <strong>sa stilom<\/strong> .<\/p>\n<p class=\"a-spacing-mini\">Slikari za slikanje koriste dvije me\u0111usobno razmaknute ljestve povezane sa stolom postavljenim na odre\u0111enoj visini kao oslonac za lak\u0161e kretanje. Ovaj koncept inspirirao je ideju prekrasne police za knjige Staircase, <strong>dizajnerskog<\/strong> elementa namje\u0161taja koji \u0107e dati da\u0161ak osobnosti va\u0161oj sobi. <\/p>\n<p>Lijepi sustav omogu\u0107uje, postavljanjem dodatnog nosa\u010da u donjem dijelu, <strong>spajanje nekoliko polica za knjige<\/strong> i time produljenje povr\u0161ine police.<\/p>\n<h3 class=\"av-special-heading-tag \">DIZAJN PROIZVODA<\/h3>\n<p>Osmislio i dizajnirao talijanski dizajner Mario Mazzer, koji je diplomirao arhitekturu na Politehnici u Milanu 1978. i &#8217;79. diplomirao industrijski dizajn na Politehni\u010dkoj \u0161koli za dizajn u Milanu. Ovdje se usavr\u0161avao 70-ih sura\u0111uju\u0107i s majstorima talijanskog dizajna, a 1980. osnovao je Mario Mazzer Architects u Conegliano Venetu. Nagra\u0111en, 1996. dobio je po\u010dasno priznanje na ID Annual Design Review u New Yorku. Izlaganjem svojih radova dao je veliki doprinos u promicanju popularnosti talijanskih proizvoda u svijetu. <\/p>\n<h3>PA\u017dNJA NA DETALJE<\/h3>\n<p>Staircase polica za knjige iznimno je precizna u detaljima i odabiru materijala. Sastoji se od: <\/p>\n<ul>\n<li>Nosa\u010di <strong>od punog prirodnog<\/strong> drva bukve 4&#215;4 cm<\/li>\n<li>N. 5 polica od <strong>mat lakiranog<\/strong> bijelog MDF-a<\/li>\n<li><strong>Svijetlo plavi<\/strong> zglobovi<\/li>\n<\/ul>\n<h3 class=\"av-special-heading-tag \">DIMENZIJE PROIZVODA<\/h3>\n<p>Du\u017eina proizvoda je: \u2013 100 cm<br \/>\n \u2013 40 cm dubine<br \/>\n \u2013 visoka 170 cm<\/p>\n<h3>NJEGA I ODR\u017dAVANJE:<\/h3>\n<p>Prvo provjerite kompatibilnost sredstava za \u010di\u0161\u0107enje na neupadljivom podru\u010dju. Nikada nemojte koristiti deterd\u017eente ili sredstva za poliranje s \u010desticama abraziva ili odma\u0161\u0107ivanja. Uvijek \u010distite vla\u017enom krpom i osu\u0161ite.<\/p>\n\n\t<section class=\"section\" id=\"section_1241868501\">\n\t\t<div class=\"section-bg fill\" >\n\t\t\t\t\t\t\t\t\t\n\t\t\t\n\n\t\t<\/div>\n\n\t\t\n\n\t\t<div class=\"section-content relative\">\n\t\t\t\n<div class=\"is-divider divider clearfix\" style=\"max-width:1000px;\"><\/div>\n<div class=\"row row-solid\"  id=\"row-1175454377\">\n\n\t<div id=\"col-1462308951\" class=\"col medium-3 small-12 large-3\"  >\n\t\t\t\t<div class=\"col-inner\"  >\n\t\t\t\n\t\t\t\n\n\t\t<div class=\"icon-box featured-box icon-box-center text-center\"  >\n\t\t\t\t\t<div class=\"icon-box-img\" style=\"width: 50px\">\n\t\t\t\t<div class=\"icon\">\n\t\t\t\t\t<div class=\"icon-inner\" >\n\t\t\t\t\t\t<img loading=\"lazy\" decoding=\"async\" width=\"128\" height=\"128\" src=\"https:\/\/static.formar.net\/wp-content\/uploads\/sites\/1\/2022\/10\/02111131\/2703076-128-1-1.png\" class=\"attachment-medium size-medium\" alt=\"\" srcset=\"https:\/\/static.formar.net\/wp-content\/uploads\/sites\/1\/2022\/10\/02111131\/2703076-128-1-1.png 128w, https:\/\/static.formar.net\/wp-content\/uploads\/sites\/1\/2022\/10\/02111131\/2703076-128-1-1-80x80.png 80w, https:\/\/static.formar.net\/wp-content\/uploads\/sites\/1\/2022\/10\/02111131\/2703076-128-1-1-100x100.png 100w, https:\/\/static.formar.net\/wp-content\/uploads\/sites\/1\/2022\/10\/02111131\/2703076-128-1-1-50x50.png 50w\" sizes=\"auto, (max-width: 128px) 100vw, 128px\" \/>\t\t\t\t\t<\/div>\n\t\t\t\t<\/div>\n\t\t\t<\/div>\n\t\t\t\t<div class=\"icon-box-text last-reset\">\n\t\t\t\t\t\t\t\t\t\n<h3>Slu\u017eba za korisnike uvijek dostupna<\/h3>\n<p>Mo\u017eete nas kontaktirati putem WhatsApp-a:  <a href=\"https:\/\/api.whatsapp.com\/send\/?phone=390715906063&amp;text&amp;type=phone_number&amp;app_absent=0\">+39 071 5906063<\/a><\/p>\n<p>Telefonske narud\u017ebe: <a href=\"tel:+39800122267\">800 122 267<\/a><\/p>\n\t\t<\/div>\n\t<\/div>\n\t\n\t\n\t\t<\/div>\n\t\t\t\t\t<\/div>\n\n\t\n\n\t<div id=\"col-295144822\" class=\"col medium-3 small-12 large-3\"  >\n\t\t\t\t<div class=\"col-inner\"  >\n\t\t\t\n\t\t\t\n\n\t\t<div class=\"icon-box featured-box icon-box-center text-center\"  >\n\t\t\t\t\t<div class=\"icon-box-img\" style=\"width: 50px\">\n\t\t\t\t<div class=\"icon\">\n\t\t\t\t\t<div class=\"icon-inner\" >\n\t\t\t\t\t\t<img loading=\"lazy\" decoding=\"async\" width=\"256\" height=\"256\" src=\"https:\/\/static.formar.net\/wp-content\/uploads\/sites\/1\/2022\/11\/02111117\/Icona-carta-di-credito.png\" class=\"attachment-medium size-medium\" alt=\"\" srcset=\"https:\/\/static.formar.net\/wp-content\/uploads\/sites\/1\/2022\/11\/02111117\/Icona-carta-di-credito.png 256w, https:\/\/static.formar.net\/wp-content\/uploads\/sites\/1\/2022\/11\/02111117\/Icona-carta-di-credito-80x80.png 80w, https:\/\/static.formar.net\/wp-content\/uploads\/sites\/1\/2022\/11\/02111117\/Icona-carta-di-credito-100x100.png 100w, https:\/\/static.formar.net\/wp-content\/uploads\/sites\/1\/2022\/11\/02111117\/Icona-carta-di-credito-50x50.png 50w\" sizes=\"auto, (max-width: 256px) 100vw, 256px\" \/>\t\t\t\t\t<\/div>\n\t\t\t\t<\/div>\n\t\t\t<\/div>\n\t\t\t\t<div class=\"icon-box-text last-reset\">\n\t\t\t\t\t\t\t\t\t\n<h3>Odaberite oblik pla\u0107anja<\/h3>\n<p>Pla\u0107anje putem Paypala, kreditnom karticom, gotovinom ili debitnom karticom (na licu mjesta) i pouze\u0107em<\/p>\n\t\t<\/div>\n\t<\/div>\n\t\n\t\n\t\t<\/div>\n\t\t\t\t\t<\/div>\n\n\t\n\n\t<div id=\"col-1844875854\" class=\"col medium-3 small-12 large-3\"  >\n\t\t\t\t<div class=\"col-inner\"  >\n\t\t\t\n\t\t\t\n\n\t\t<div class=\"icon-box featured-box icon-box-center text-center\"  >\n\t\t\t\t\t<div class=\"icon-box-img\" style=\"width: 50px\">\n\t\t\t\t<div class=\"icon\">\n\t\t\t\t\t<div class=\"icon-inner\" >\n\t\t\t\t\t\t<img loading=\"lazy\" decoding=\"async\" width=\"128\" height=\"128\" src=\"https:\/\/static.formar.net\/wp-content\/uploads\/sites\/1\/2022\/10\/02111130\/3669335-128-1.png\" class=\"attachment-medium size-medium\" alt=\"\" srcset=\"https:\/\/static.formar.net\/wp-content\/uploads\/sites\/1\/2022\/10\/02111130\/3669335-128-1.png 128w, https:\/\/static.formar.net\/wp-content\/uploads\/sites\/1\/2022\/10\/02111130\/3669335-128-1-80x80.png 80w, https:\/\/static.formar.net\/wp-content\/uploads\/sites\/1\/2022\/10\/02111130\/3669335-128-1-100x100.png 100w, https:\/\/static.formar.net\/wp-content\/uploads\/sites\/1\/2022\/10\/02111130\/3669335-128-1-50x50.png 50w\" sizes=\"auto, (max-width: 128px) 100vw, 128px\" \/>\t\t\t\t\t<\/div>\n\t\t\t\t<\/div>\n\t\t\t<\/div>\n\t\t\t\t<div class=\"icon-box-text last-reset\">\n\t\t\t\t\t\t\t\t\t\n<h3>Lako i bezbri\u017eno<\/h3>\n<p>U slu\u010daju problema organiziramo preuzimanje izravno s va\u0161e adrese. ( <a href=\"https:\/\/formar.shop\/regole-sulla-restituzione\/\">Vi\u0161e detalja<\/a> ).<\/p>\n\t\t<\/div>\n\t<\/div>\n\t\n\t\n\t\t<\/div>\n\t\t\t\t\t<\/div>\n\n\t\n\n\t<div id=\"col-184963263\" class=\"col medium-3 small-12 large-3\"  >\n\t\t\t\t<div class=\"col-inner\"  >\n\t\t\t\n\t\t\t\n\n\t\t<div class=\"icon-box featured-box icon-box-center text-center\"  >\n\t\t\t\t\t<div class=\"icon-box-img\" style=\"width: 50px\">\n\t\t\t\t<div class=\"icon\">\n\t\t\t\t\t<div class=\"icon-inner\" >\n\t\t\t\t\t\t<img loading=\"lazy\" decoding=\"async\" width=\"128\" height=\"128\" src=\"https:\/\/static.formar.net\/wp-content\/uploads\/sites\/1\/2022\/10\/02111130\/5959201-128-1.png\" class=\"attachment-medium size-medium\" alt=\"\" srcset=\"https:\/\/static.formar.net\/wp-content\/uploads\/sites\/1\/2022\/10\/02111130\/5959201-128-1.png 128w, https:\/\/static.formar.net\/wp-content\/uploads\/sites\/1\/2022\/10\/02111130\/5959201-128-1-80x80.png 80w, https:\/\/static.formar.net\/wp-content\/uploads\/sites\/1\/2022\/10\/02111130\/5959201-128-1-100x100.png 100w, https:\/\/static.formar.net\/wp-content\/uploads\/sites\/1\/2022\/10\/02111130\/5959201-128-1-50x50.png 50w\" sizes=\"auto, (max-width: 128px) 100vw, 128px\" \/>\t\t\t\t\t<\/div>\n\t\t\t\t<\/div>\n\t\t\t<\/div>\n\t\t\t\t<div class=\"icon-box-text last-reset\">\n\t\t\t\t\t\t\t\t\t\n<h3>Garancija proizvo\u0111a\u010da i rezervni dijelovi<\/h3>\n<p>Svi na\u0161i proizvodi u\u017eivaju na\u0161e jamstvo. Za mnoge proizvode jam\u010dimo rezervne dijelove za isto razdoblje.<\/p>\n\t\t<\/div>\n\t<\/div>\n\t\n\t\n\t\t<\/div>\n\t\t\t\t\t<\/div>\n\n\t\n\n<style>\n#row-1175454377 > .col > .col-inner {\n  padding: 20px 20px 20px 20px;\n}\n<\/style>\n<\/div>\n\t\t<\/div>\n\n\t\t\n<style>\n#section_1241868501 {\n  padding-top: 30px;\n  padding-bottom: 30px;\n}\n<\/style>\n\t<\/section>\n\t\n\n\t<section class=\"section\" id=\"section_2120435119\">\n\t\t<div class=\"section-bg fill\" >\n\t\t\t\t\t\t\t\t\t\n\t\t\t\n\n\t\t<\/div>\n\n\t\t\n\n\t\t<div class=\"section-content relative\">\n\t\t\t\n\t\t<\/div>\n\n\t\t\n<style>\n#section_2120435119 {\n  padding-top: 30px;\n  padding-bottom: 30px;\n}\n<\/style>\n\t<\/section>\n\t\n","protected":false},"excerpt":{"rendered":"<p>Osmislio i dizajnirao talijanski dizajner MARIO MAZZER, polica za knjige Staircase nadahnuta je stepenicama koje su slikari koristili za slikanje. Glavna konstrukcija izra\u0111ena je od punog prirodnog drva bukve, dok su police u mat bijelo lakiranom MDF-u. Sastavljanje je brzo i jednostavno.  <\/p>\n","protected":false},"featured_media":46591,"template":"","meta":{"_joinchat":[]},"product_brand":[],"product_cat":[1972,1971],"product_tag":[1973],"class_list":{"0":"post-46589","1":"product","2":"type-product","3":"status-publish","4":"has-post-thumbnail","6":"product_cat-knjizare","7":"product_cat-kuca","8":"product_tag-knjizare","10":"first","11":"instock","12":"sale","13":"taxable","14":"shipping-taxable","15":"purchasable","16":"product-type-simple"},"yoast_head":"<!-- This site is optimized with the Yoast SEO plugin v27.3 - https:\/\/yoast.com\/product\/yoast-seo-wordpress\/ -->\n<title>Polica za knjige - Stubi\u0161te - Formar.shop<\/title>\n<meta name=\"robots\" content=\"index, follow, max-snippet:-1, max-image-preview:large, max-video-preview:-1\" \/>\n<link rel=\"canonical\" href=\"https:\/\/formar.shop\/hr\/prodotto\/polica-za-knjige-stubiste\/\" \/>\n<script type=\"application\/ld+json\" class=\"yoast-schema-graph\">{\"@context\":\"https:\\\/\\\/schema.org\",\"@graph\":[{\"@type\":\"WebPage\",\"@id\":\"https:\\\/\\\/formar.shop\\\/hr\\\/prodotto\\\/polica-za-knjige-stubiste\\\/\",\"url\":\"https:\\\/\\\/formar.shop\\\/hr\\\/prodotto\\\/polica-za-knjige-stubiste\\\/\",\"name\":\"Polica za knjige - Stubi\u0161te - Formar.shop\",\"isPartOf\":{\"@id\":\"https:\\\/\\\/formar.shop\\\/hr\\\/#website\"},\"primaryImageOfPage\":{\"@id\":\"https:\\\/\\\/formar.shop\\\/hr\\\/prodotto\\\/polica-za-knjige-stubiste\\\/#primaryimage\"},\"image\":{\"@id\":\"https:\\\/\\\/formar.shop\\\/hr\\\/prodotto\\\/polica-za-knjige-stubiste\\\/#primaryimage\"},\"thumbnailUrl\":\"https:\\\/\\\/static.formar.net\\\/wp-content\\\/uploads\\\/2020\\\/12\\\/22171519\\\/Immagini-di-prodotto-x-Amazon-16.png\",\"datePublished\":\"2025-01-18T20:31:27+00:00\",\"dateModified\":\"2025-01-18T20:31:41+00:00\",\"breadcrumb\":{\"@id\":\"https:\\\/\\\/formar.shop\\\/hr\\\/prodotto\\\/polica-za-knjige-stubiste\\\/#breadcrumb\"},\"inLanguage\":\"hr\",\"potentialAction\":[{\"@type\":\"ReadAction\",\"target\":[\"https:\\\/\\\/formar.shop\\\/hr\\\/prodotto\\\/polica-za-knjige-stubiste\\\/\"]}]},{\"@type\":\"ImageObject\",\"inLanguage\":\"hr\",\"@id\":\"https:\\\/\\\/formar.shop\\\/hr\\\/prodotto\\\/polica-za-knjige-stubiste\\\/#primaryimage\",\"url\":\"https:\\\/\\\/static.formar.net\\\/wp-content\\\/uploads\\\/2020\\\/12\\\/22171519\\\/Immagini-di-prodotto-x-Amazon-16.png\",\"contentUrl\":\"https:\\\/\\\/static.formar.net\\\/wp-content\\\/uploads\\\/2020\\\/12\\\/22171519\\\/Immagini-di-prodotto-x-Amazon-16.png\",\"width\":1001,\"height\":1001},{\"@type\":\"BreadcrumbList\",\"@id\":\"https:\\\/\\\/formar.shop\\\/hr\\\/prodotto\\\/polica-za-knjige-stubiste\\\/#breadcrumb\",\"itemListElement\":[{\"@type\":\"ListItem\",\"position\":1,\"name\":\"Home\",\"item\":\"https:\\\/\\\/formar.shop\\\/hr\\\/automatski-nacrt\\\/\"},{\"@type\":\"ListItem\",\"position\":2,\"name\":\"Du\u0107an\",\"item\":\"https:\\\/\\\/formar.shop\\\/hr\\\/ducan\\\/\"},{\"@type\":\"ListItem\",\"position\":3,\"name\":\"Polica za knjige &#8211; Stubi\u0161te\"}]},{\"@type\":\"WebSite\",\"@id\":\"https:\\\/\\\/formar.shop\\\/hr\\\/#website\",\"url\":\"https:\\\/\\\/formar.shop\\\/hr\\\/\",\"name\":\"Formar.shop\",\"description\":\"Soluzioni espresse con stile\",\"potentialAction\":[{\"@type\":\"SearchAction\",\"target\":{\"@type\":\"EntryPoint\",\"urlTemplate\":\"https:\\\/\\\/formar.shop\\\/hr\\\/?s={search_term_string}\"},\"query-input\":{\"@type\":\"PropertyValueSpecification\",\"valueRequired\":true,\"valueName\":\"search_term_string\"}}],\"inLanguage\":\"hr\"}]}<\/script>\n<!-- \/ Yoast SEO plugin. -->","yoast_head_json":{"title":"Polica za knjige - Stubi\u0161te - Formar.shop","robots":{"index":"index","follow":"follow","max-snippet":"max-snippet:-1","max-image-preview":"max-image-preview:large","max-video-preview":"max-video-preview:-1"},"canonical":"https:\/\/formar.shop\/hr\/prodotto\/polica-za-knjige-stubiste\/","schema":{"@context":"https:\/\/schema.org","@graph":[{"@type":"WebPage","@id":"https:\/\/formar.shop\/hr\/prodotto\/polica-za-knjige-stubiste\/","url":"https:\/\/formar.shop\/hr\/prodotto\/polica-za-knjige-stubiste\/","name":"Polica za knjige - Stubi\u0161te - Formar.shop","isPartOf":{"@id":"https:\/\/formar.shop\/hr\/#website"},"primaryImageOfPage":{"@id":"https:\/\/formar.shop\/hr\/prodotto\/polica-za-knjige-stubiste\/#primaryimage"},"image":{"@id":"https:\/\/formar.shop\/hr\/prodotto\/polica-za-knjige-stubiste\/#primaryimage"},"thumbnailUrl":"https:\/\/static.formar.net\/wp-content\/uploads\/2020\/12\/22171519\/Immagini-di-prodotto-x-Amazon-16.png","datePublished":"2025-01-18T20:31:27+00:00","dateModified":"2025-01-18T20:31:41+00:00","breadcrumb":{"@id":"https:\/\/formar.shop\/hr\/prodotto\/polica-za-knjige-stubiste\/#breadcrumb"},"inLanguage":"hr","potentialAction":[{"@type":"ReadAction","target":["https:\/\/formar.shop\/hr\/prodotto\/polica-za-knjige-stubiste\/"]}]},{"@type":"ImageObject","inLanguage":"hr","@id":"https:\/\/formar.shop\/hr\/prodotto\/polica-za-knjige-stubiste\/#primaryimage","url":"https:\/\/static.formar.net\/wp-content\/uploads\/2020\/12\/22171519\/Immagini-di-prodotto-x-Amazon-16.png","contentUrl":"https:\/\/static.formar.net\/wp-content\/uploads\/2020\/12\/22171519\/Immagini-di-prodotto-x-Amazon-16.png","width":1001,"height":1001},{"@type":"BreadcrumbList","@id":"https:\/\/formar.shop\/hr\/prodotto\/polica-za-knjige-stubiste\/#breadcrumb","itemListElement":[{"@type":"ListItem","position":1,"name":"Home","item":"https:\/\/formar.shop\/hr\/automatski-nacrt\/"},{"@type":"ListItem","position":2,"name":"Du\u0107an","item":"https:\/\/formar.shop\/hr\/ducan\/"},{"@type":"ListItem","position":3,"name":"Polica za knjige &#8211; Stubi\u0161te"}]},{"@type":"WebSite","@id":"https:\/\/formar.shop\/hr\/#website","url":"https:\/\/formar.shop\/hr\/","name":"Formar.shop","description":"Soluzioni espresse con stile","potentialAction":[{"@type":"SearchAction","target":{"@type":"EntryPoint","urlTemplate":"https:\/\/formar.shop\/hr\/?s={search_term_string}"},"query-input":{"@type":"PropertyValueSpecification","valueRequired":true,"valueName":"search_term_string"}}],"inLanguage":"hr"}]}},"_links":{"self":[{"href":"https:\/\/formar.shop\/hr\/wp-json\/wp\/v2\/product\/46589","targetHints":{"allow":["GET"]}}],"collection":[{"href":"https:\/\/formar.shop\/hr\/wp-json\/wp\/v2\/product"}],"about":[{"href":"https:\/\/formar.shop\/hr\/wp-json\/wp\/v2\/types\/product"}],"wp:featuredmedia":[{"embeddable":true,"href":"https:\/\/formar.shop\/hr\/wp-json\/wp\/v2\/media\/46591"}],"wp:attachment":[{"href":"https:\/\/formar.shop\/hr\/wp-json\/wp\/v2\/media?parent=46589"}],"wp:term":[{"taxonomy":"product_brand","embeddable":true,"href":"https:\/\/formar.shop\/hr\/wp-json\/wp\/v2\/product_brand?post=46589"},{"taxonomy":"product_cat","embeddable":true,"href":"https:\/\/formar.shop\/hr\/wp-json\/wp\/v2\/product_cat?post=46589"},{"taxonomy":"product_tag","embeddable":true,"href":"https:\/\/formar.shop\/hr\/wp-json\/wp\/v2\/product_tag?post=46589"}],"curies":[{"name":"wp","href":"https:\/\/api.w.org\/{rel}","templated":true}]}}