{"id":49650,"date":"2025-01-19T08:54:40","date_gmt":"2025-01-19T07:54:40","guid":{"rendered":"https:\/\/formar.shop\/tko-smo-mi\/"},"modified":"2025-11-18T12:06:01","modified_gmt":"2025-11-18T11:06:01","slug":"tko-smo-mi","status":"publish","type":"page","link":"https:\/\/formar.shop\/hr\/tko-smo-mi\/","title":{"rendered":"Tko smo mi"},"content":{"rendered":"\n<div class=\"row\"  id=\"row-1569109178\">\n\n\n\t<div id=\"col-2093758037\" class=\"col medium-11 small-12 large-12\"  >\n\t\t\t\t<div class=\"col-inner text-center\"  >\n\t\t\t\n\t\t\t\n\n\t<div id=\"text-721260943\" class=\"text\">\n\t\t\n\n<h3><span style=\"font-size: 140%;\"><strong>O NAMA<\/strong><\/span><\/h3>\n<p><strong data-start=\"181\" data-end=\"196\">Formar.shop<\/strong> je slu\u017ebeni e-commerce <strong data-start=\"225\" data-end=\"248\">Formar Contract Srl<\/strong>, talijanske tvrtke sa sjedi\u0161tem u Falconara Marittima (AN) specijalizirane za opremanje ureda, profesionalnih studija, javnih prostora i ugovornih prostora. Vi\u0161e od 20 godina radimo s entuzijazmom i stru\u010dno\u0161\u0107u kako bismo ponudili funkcionalna, izdr\u017eljiva i suvremeno dizajnirana rje\u0161enja za opremanje. <\/p>\n<div>\n<p data-start=\"539\" data-end=\"752\">Na\u0161a pri\u010da po\u010dinje iskustvom u ugovornom sektoru, s ciljem da online prenesemo kvalitetu i pouzdanost koja nas oduvijek razlikuje u radu s tvrtkama, javnim i privatnim subjektima.<\/p>\n<hr data-start=\"754\" data-end=\"757\">\n<h2><strong>\u0160to nas izdvaja<\/strong><\/h2>\n<p data-start=\"1250\" data-end=\"1366\"><strong data-start=\"1250\" data-end=\"1277\">Iskustvo i stru\u010dnost<\/strong>: duga povijest u ugovornom sektoru koja se pretvara u pouzdanost i profesionalnost.<\/p>\n<p data-start=\"1369\" data-end=\"1507\"><strong data-start=\"1369\" data-end=\"1388\">Pa\u017eljivo odabran katalog<\/strong>: pa\u017eljivo biramo najbolje proizvode za profesionalno opremanje, fokusiraju\u0107i se na ergonomiju, estetiku i trajnost.<\/p>\n<p data-start=\"1510\" data-end=\"1623\"><strong data-start=\"1510\" data-end=\"1539\">Personalizirana podr\u0161ka<\/strong>: na\u0161 tim je uvijek na raspolaganju za savjete i podr\u0161ku prije i nakon prodaje.<\/p>\n<p data-start=\"1626\" data-end=\"1752\"><strong data-start=\"1626\" data-end=\"1643\">Multikanalnost<\/strong>: osim na stranici formar.shop, prisutni smo i na glavnim tr\u017ei\u0161tima s istom kvalitetom i ozbiljno\u0161\u0107u.<\/p>\n<p data-start=\"560\" data-end=\"744\">Putem na\u0161e online trgovine nudimo \u0161irok izbor pa\u017eljivo odabranih proizvoda, spajaju\u0107i <strong data-start=\"665\" data-end=\"711\">tehni\u010dko iskustvo, strast za dizajnom<\/strong> i <strong data-start=\"714\" data-end=\"743\">pa\u017enju prema kvaliteti<\/strong>.<\/p>\n<hr data-start=\"746\" data-end=\"749\">\n<h2 data-start=\"751\" data-end=\"771\">Na\u0161a Misija<\/h2>\n<p data-start=\"813\" data-end=\"902\"><strong>Proizvodi visoke kvalitete,<\/strong> kako za profesionalno opremanje tako i za stambene prostore.<\/p>\n<p data-start=\"905\" data-end=\"1004\"><strong>Pa\u017eljivo i funkcionalno dizajnirano,<\/strong> s izborom usmjerenim na udobnost, ergonomiju i stil.<\/p>\n<p data-start=\"1007\" data-end=\"1101\"><strong>Intuitivno i sigurno iskustvo kupovine,<\/strong> s brzom i stru\u010dnom korisni\u010dkom podr\u0161kom.<\/p>\n<p data-start=\"1104\" data-end=\"1180\"><strong>Brza i besplatna dostava,<\/strong> kako bismo zadovoljili svaku potrebu s u\u010dinkovito\u0161\u0107u.<\/p>\n<hr data-start=\"1574\" data-end=\"1577\">\n<h2 data-start=\"1579\" data-end=\"1599\">Na\u0161i Proizvodi<\/h2>\n<p data-start=\"1601\" data-end=\"1630\"><strong data-start=\"1634\" data-end=\"1656\">Uredski namje\u0161taj<\/strong>: stolovi, sjedala, ormari, ladice i konferencijski stolovi.<\/p>\n<p data-start=\"1720\" data-end=\"1809\"><strong data-start=\"1720\" data-end=\"1771\">Rje\u0161enja za javne ustanove i ugovorne prostore<\/strong>: klupe, knji\u017enice, arhivski namje\u0161taj.<\/p>\n<p data-start=\"1812\" data-end=\"1951\"><strong data-start=\"1812\" data-end=\"1839\">Namje\u0161taj za dom<\/strong>: stolice, stolovi, dodaci, knji\u017enice i rje\u0161enja za u\u0161tedu prostora, uvijek s naglaskom na dizajn i prakti\u010dnost.<\/p>\n<hr data-start=\"1953\" data-end=\"1956\">\n<h2 data-start=\"1958\" data-end=\"1977\">Na\u0161i Klijenti<\/h2>\n<p data-start=\"2005\" data-end=\"2031\">Tvrtke i profesionalci<\/p>\n<p data-start=\"2034\" data-end=\"2067\">Javne ustanove i administracije<\/p>\n<p data-start=\"2070\" data-end=\"2145\">Privatne osobe u potrazi za modernim i funkcionalnim rje\u0161enjima za opremanje doma<\/p>\n<hr data-start=\"2147\" data-end=\"2150\">\n<h2 data-start=\"2335\" data-end=\"2349\">Zaklju\u010dak<\/h2>\n<p data-start=\"2351\" data-end=\"2671\">U svijetu koji se brzo mijenja, vjerujemo da su kvaliteta i pouzdanost neizostavne vrijednosti. S <strong data-start=\"2462\" data-end=\"2477\">Formar.shop<\/strong>, ne nudimo samo namje\u0161taj, ve\u0107 prava <strong data-start=\"2523\" data-end=\"2564\">rje\u0161enja za dobrobit i funkcionalnost<\/strong> za va\u0161u svakodnevicu, bilo da planirate novi ured ili \u010dinite svoj dom ugodnijim. <\/p>\n<p data-start=\"2673\" data-end=\"2821\">Odabrati Formar.shop zna\u010di osloniti se na pouzdanog, transparentnog i strastvenog partnera koji uvijek stavlja ljude i njihove potrebe u sredi\u0161te.<\/p>\n<p data-start=\"2823\" data-end=\"2873\"><strong data-start=\"2823\" data-end=\"2873\">Formar.shop \u2013 Gdje va\u0161 prostor poprima oblik.<\/strong><\/p>\n<p> <\/p>\n<\/div>\n\t\t\n<style>\n#text-721260943 {\n  text-align: left;\n}\n<\/style>\n\t<\/div>\n\t\n\n\t\t<\/div>\n\t\t\t\t\n<style>\n#col-2093758037 > .col-inner {\n  padding: 0px 0px 0px 0;\n}\n@media (min-width:550px) {\n  #col-2093758037 > .col-inner {\n    padding: 0px 0px 0px 0px;\n  }\n}\n<\/style>\n\t<\/div>\n\n\t\n\n\t<div id=\"col-1926045359\" class=\"col medium-12 small-12 large-12\"  >\n\t\t\t\t<div class=\"col-inner\"  >\n\t\t\t\n\t\t\t\n\n\n  <div class=\"banner has-hover\" id=\"banner-1478189222\">\n          <div class=\"banner-inner fill\">\n        <div class=\"banner-bg fill\" >\n            <img loading=\"lazy\" decoding=\"async\" width=\"1600\" height=\"1200\" src=\"https:\/\/static.formar.net\/wp-content\/uploads\/sites\/1\/2024\/07\/02110352\/Universal-Color-Mobile-420_AMBENTATA_4.jpg\" class=\"bg attachment-original size-original\" alt=\"\" \/>                                    \n                    <\/div>\n\t\t\n        <div class=\"banner-layers container\">\n            <div class=\"fill banner-link\"><\/div>            \n\n   <div id=\"text-box-1075954933\" class=\"text-box banner-layer x50 md-x50 lg-x50 y50 md-y50 lg-y50 res-text\">\n                                <div class=\"text-box-content text dark\">\n              \n              <div class=\"text-inner text-center\">\n                  \n\n\n              <\/div>\n           <\/div>\n                            \n<style>\n#text-box-1075954933 {\n  width: 60%;\n}\n#text-box-1075954933 .text-box-content {\n  font-size: 100%;\n}\n@media (min-width:550px) {\n  #text-box-1075954933 {\n    width: 60%;\n  }\n}\n<\/style>\n    <\/div>\n \n\n        <\/div>\n      <\/div>\n\n            \n<style>\n#banner-1478189222 {\n  padding-top: 300px;\n  background-color: rgb(255, 255, 255);\n}\n#banner-1478189222 .banner-bg img {\n  object-position: 52% 77%;\n}\n@media (min-width:550px) {\n  #banner-1478189222 {\n    padding-top: 500px;\n  }\n}\n@media (min-width:850px) {\n  #banner-1478189222 {\n    padding-top: 570px;\n  }\n}\n<\/style>\n  <\/div>\n\n\n\n\t\t<\/div>\n\t\t\t\t\n<style>\n#col-1926045359 > .col-inner {\n  margin: -100px 0px 0px 0px;\n}\n@media (min-width:550px) {\n  #col-1926045359 > .col-inner {\n    margin: -150px 0px 0px 0px;\n  }\n}\n@media (min-width:850px) {\n  #col-1926045359 > .col-inner {\n    margin: 0px 0px 0px 0px;\n  }\n}\n<\/style>\n\t<\/div>\n\n\t\n\n<\/div>\n<div class=\"is-divider divider clearfix\" style=\"max-width:1000px;\"><\/div>\n\n\n","protected":false},"excerpt":{"rendered":"","protected":false},"author":5,"featured_media":0,"parent":0,"menu_order":0,"comment_status":"closed","ping_status":"closed","template":"","meta":{"_joinchat":[],"footnotes":""},"class_list":["post-49650","page","type-page","status-publish","hentry"],"yoast_head":"<!-- This site is optimized with the Yoast SEO plugin v27.4 - https:\/\/yoast.com\/product\/yoast-seo-wordpress\/ -->\n<title>Tko smo mi - Formar.shop<\/title>\n<meta name=\"robots\" content=\"index, follow, max-snippet:-1, max-image-preview:large, max-video-preview:-1\" \/>\n<link rel=\"canonical\" href=\"https:\/\/formar.shop\/hr\/tko-smo-mi\/\" \/>\n<script type=\"application\/ld+json\" class=\"yoast-schema-graph\">{\"@context\":\"https:\\\/\\\/schema.org\",\"@graph\":[{\"@type\":\"WebPage\",\"@id\":\"https:\\\/\\\/formar.shop\\\/hr\\\/tko-smo-mi\\\/\",\"url\":\"https:\\\/\\\/formar.shop\\\/hr\\\/tko-smo-mi\\\/\",\"name\":\"Tko smo mi - Formar.shop\",\"isPartOf\":{\"@id\":\"https:\\\/\\\/formar.shop\\\/hr\\\/#website\"},\"datePublished\":\"2025-01-19T07:54:40+00:00\",\"dateModified\":\"2025-11-18T11:06:01+00:00\",\"breadcrumb\":{\"@id\":\"https:\\\/\\\/formar.shop\\\/hr\\\/tko-smo-mi\\\/#breadcrumb\"},\"inLanguage\":\"hr\",\"potentialAction\":[{\"@type\":\"ReadAction\",\"target\":[\"https:\\\/\\\/formar.shop\\\/hr\\\/tko-smo-mi\\\/\"]}]},{\"@type\":\"BreadcrumbList\",\"@id\":\"https:\\\/\\\/formar.shop\\\/hr\\\/tko-smo-mi\\\/#breadcrumb\",\"itemListElement\":[{\"@type\":\"ListItem\",\"position\":1,\"name\":\"Home\",\"item\":\"https:\\\/\\\/formar.shop\\\/hr\\\/automatski-nacrt\\\/\"},{\"@type\":\"ListItem\",\"position\":2,\"name\":\"Tko smo mi\"}]},{\"@type\":\"WebSite\",\"@id\":\"https:\\\/\\\/formar.shop\\\/hr\\\/#website\",\"url\":\"https:\\\/\\\/formar.shop\\\/hr\\\/\",\"name\":\"Formar.shop\",\"description\":\"Soluzioni espresse con stile\",\"potentialAction\":[{\"@type\":\"SearchAction\",\"target\":{\"@type\":\"EntryPoint\",\"urlTemplate\":\"https:\\\/\\\/formar.shop\\\/hr\\\/?s={search_term_string}\"},\"query-input\":{\"@type\":\"PropertyValueSpecification\",\"valueRequired\":true,\"valueName\":\"search_term_string\"}}],\"inLanguage\":\"hr\"}]}<\/script>\n<!-- \/ Yoast SEO plugin. -->","yoast_head_json":{"title":"Tko smo mi - Formar.shop","robots":{"index":"index","follow":"follow","max-snippet":"max-snippet:-1","max-image-preview":"max-image-preview:large","max-video-preview":"max-video-preview:-1"},"canonical":"https:\/\/formar.shop\/hr\/tko-smo-mi\/","schema":{"@context":"https:\/\/schema.org","@graph":[{"@type":"WebPage","@id":"https:\/\/formar.shop\/hr\/tko-smo-mi\/","url":"https:\/\/formar.shop\/hr\/tko-smo-mi\/","name":"Tko smo mi - Formar.shop","isPartOf":{"@id":"https:\/\/formar.shop\/hr\/#website"},"datePublished":"2025-01-19T07:54:40+00:00","dateModified":"2025-11-18T11:06:01+00:00","breadcrumb":{"@id":"https:\/\/formar.shop\/hr\/tko-smo-mi\/#breadcrumb"},"inLanguage":"hr","potentialAction":[{"@type":"ReadAction","target":["https:\/\/formar.shop\/hr\/tko-smo-mi\/"]}]},{"@type":"BreadcrumbList","@id":"https:\/\/formar.shop\/hr\/tko-smo-mi\/#breadcrumb","itemListElement":[{"@type":"ListItem","position":1,"name":"Home","item":"https:\/\/formar.shop\/hr\/automatski-nacrt\/"},{"@type":"ListItem","position":2,"name":"Tko smo mi"}]},{"@type":"WebSite","@id":"https:\/\/formar.shop\/hr\/#website","url":"https:\/\/formar.shop\/hr\/","name":"Formar.shop","description":"Soluzioni espresse con stile","potentialAction":[{"@type":"SearchAction","target":{"@type":"EntryPoint","urlTemplate":"https:\/\/formar.shop\/hr\/?s={search_term_string}"},"query-input":{"@type":"PropertyValueSpecification","valueRequired":true,"valueName":"search_term_string"}}],"inLanguage":"hr"}]}},"_links":{"self":[{"href":"https:\/\/formar.shop\/hr\/wp-json\/wp\/v2\/pages\/49650","targetHints":{"allow":["GET"]}}],"collection":[{"href":"https:\/\/formar.shop\/hr\/wp-json\/wp\/v2\/pages"}],"about":[{"href":"https:\/\/formar.shop\/hr\/wp-json\/wp\/v2\/types\/page"}],"author":[{"embeddable":true,"href":"https:\/\/formar.shop\/hr\/wp-json\/wp\/v2\/users\/5"}],"replies":[{"embeddable":true,"href":"https:\/\/formar.shop\/hr\/wp-json\/wp\/v2\/comments?post=49650"}],"version-history":[{"count":5,"href":"https:\/\/formar.shop\/hr\/wp-json\/wp\/v2\/pages\/49650\/revisions"}],"predecessor-version":[{"id":61918,"href":"https:\/\/formar.shop\/hr\/wp-json\/wp\/v2\/pages\/49650\/revisions\/61918"}],"wp:attachment":[{"href":"https:\/\/formar.shop\/hr\/wp-json\/wp\/v2\/media?parent=49650"}],"curies":[{"name":"wp","href":"https:\/\/api.w.org\/{rel}","templated":true}]}}