{"id":49418,"date":"2025-01-19T08:53:25","date_gmt":"2025-01-19T07:53:25","guid":{"rendered":"https:\/\/formar.shop\/primanje-narudzbe-sto-uciniti\/"},"modified":"2025-01-19T08:53:29","modified_gmt":"2025-01-19T07:53:29","slug":"primanje-narudzbe-sto-uciniti","status":"publish","type":"page","link":"https:\/\/formar.shop\/hr\/primanje-narudzbe-sto-uciniti\/","title":{"rendered":"PRIMANJE NARUD\u017dBE: \u0161to u\u010diniti?"},"content":{"rendered":"<p>Po\u0161tovani kup\u010de,<\/p>\n<p>Kako bismo osigurali da va\u0161a kupnja stigne u savr\u0161enim uvjetima prijevoza, uvijek smo koristili profesionalce za dostavu.<br \/> Ali ponekad se mo\u017ee dogoditi da paketi ili paketi naru\u010denih artikala ne stignu u izvornom stanju i da se s njima ne postupa s istom pa\u017enjom koju mi \u200b\u200bina\u010de koristimo.<br \/> Iz tog razloga, molimo vas da brzo pogledate podsjetnik koji \u0107ete prona\u0107i u nastavku:<\/p>\n<ul>\n<li><span style=\"background-color: #ffff00;\">Uvijek provjerite odgovara li broj primljenih paketa broju onih ozna\u010denih u transportnom dokumentu.<\/span><\/li>\n<li><span style=\"background-color: #ffff00;\">Uvijek provjerite savr\u0161eni integritet pakiranja, bilo da se radi o paletama ili nevezanim paketima<\/span> .<\/li>\n<\/ul>\n<p><strong><span style=\"color: #ed1c24; font-size: 120%;\"><em>U slu\u010daju kvantitativne ili kvalitativne anomalije, isporuka \u0107e biti prihva\u0107ena samo umetanjem sljede\u0107eg teksta u potvrdu o primitku:<\/em><\/span><\/strong><\/p>\n<p style=\"text-align: center;\"><span style=\"background-color: #ffff00;\">POSEBNA REZERVACIJA\u00b9 i opis otkrivenih odstupanja.<\/span><br \/> <span style=\"background-color: #ffff00;\">isti\u010du\u0107i nedosljednosti prona\u0111ene na POD\/PDA ure\u0111aju<\/span><\/p>\n<p>(Napomena: generi\u010dke rezerve kao \u0161to su &#8220;nesukladna roba&#8221; ili &#8220;kontrolna rezerva&#8221; ne smatraju se valjanima)<\/p>\n<p><strong><em>Odmah nas obavijestite e-po\u0161tom (shop@formar-contract.it) s naznakom anomalije prona\u0111ene u isporuci i fotografijom potvrde koju je izdao dostavlja\u010d s nazna\u010denom posebnom rezervom koju ste potpisali.<\/em><\/strong><\/p>\n<p><span style=\"background-color: #ffff00;\"><strong><span style=\"font-size: 105%; background-color: #ffff00;\">VA\u017dNO!!<\/span><\/strong><\/span><\/p>\n<p><span style=\"color: #ed1c24;\">Potpisivanje sa <span style=\"font-size: 95%;\"><strong>Specific Reserve<\/strong><\/span> zna\u010di da primatelj zadr\u017eava pravo provjere cjelovitosti robe, uz mogu\u0107nost potra\u017eivanja od\u0161tete od dostavlja\u010da u slu\u010daju o\u0161te\u0107enja.<\/span><\/p>\n<p>\u00b9 <strong><em>Kliknite na gumb u nastavku: u svrhu obja\u0161njenja prona\u0107i \u0107ete pdf koji pokazuje kako staviti tekst Specific Reserve i srodni generi\u010dki opis odstupanja.<\/em><\/strong><\/p>\n<p>Hvala na suradnji i dostupnosti!<br \/>Tim Formar Contract Srl<\/p>\n<a href=\"https:\/\/formar.shop\/wp-content\/uploads\/2022\/04\/riserva-di-controllo-Formar-Shop.pdf\" target=\"_blank\" class=\"button primary\" rel=\"noopener\" style=\"border-radius:10px;\">\n\t\t<span>Rezervirajte Spec_Pod<\/span>\n\t<i class=\"icon-user\" aria-hidden=\"true\"><\/i><\/a>\n\n","protected":false},"excerpt":{"rendered":"<p>Po\u0161tovani kup\u010de, Kako bismo osigurali da va\u0161a kupnja stigne u savr\u0161enim uvjetima prijevoza, uvijek smo koristili profesionalce za dostavu. Ali ponekad se mo\u017ee dogoditi da paketi ili paketi naru\u010denih artikala ne stignu u izvornom stanju i da se s njima ne postupa s istom pa\u017enjom koju mi \u200b\u200bina\u010de koristimo. Iz tog razloga, molimo vas da [&#8230;]\n","protected":false},"author":175,"featured_media":0,"parent":0,"menu_order":0,"comment_status":"closed","ping_status":"closed","template":"","meta":{"_joinchat":[],"footnotes":""},"class_list":["post-49418","page","type-page","status-publish","hentry"],"yoast_head":"<!-- This site is optimized with the Yoast SEO plugin v27.4 - https:\/\/yoast.com\/product\/yoast-seo-wordpress\/ -->\n<title>PRIMANJE NARUD\u017dBE: \u0161to u\u010diniti? - Formar.shop<\/title>\n<meta name=\"robots\" content=\"index, follow, max-snippet:-1, max-image-preview:large, max-video-preview:-1\" \/>\n<link rel=\"canonical\" href=\"https:\/\/formar.shop\/hr\/primanje-narudzbe-sto-uciniti\/\" \/>\n<script type=\"application\/ld+json\" class=\"yoast-schema-graph\">{\"@context\":\"https:\\\/\\\/schema.org\",\"@graph\":[{\"@type\":\"WebPage\",\"@id\":\"https:\\\/\\\/formar.shop\\\/hr\\\/primanje-narudzbe-sto-uciniti\\\/\",\"url\":\"https:\\\/\\\/formar.shop\\\/hr\\\/primanje-narudzbe-sto-uciniti\\\/\",\"name\":\"PRIMANJE NARUD\u017dBE: \u0161to u\u010diniti? - Formar.shop\",\"isPartOf\":{\"@id\":\"https:\\\/\\\/formar.shop\\\/hr\\\/#website\"},\"datePublished\":\"2025-01-19T07:53:25+00:00\",\"dateModified\":\"2025-01-19T07:53:29+00:00\",\"breadcrumb\":{\"@id\":\"https:\\\/\\\/formar.shop\\\/hr\\\/primanje-narudzbe-sto-uciniti\\\/#breadcrumb\"},\"inLanguage\":\"hr\",\"potentialAction\":[{\"@type\":\"ReadAction\",\"target\":[\"https:\\\/\\\/formar.shop\\\/hr\\\/primanje-narudzbe-sto-uciniti\\\/\"]}]},{\"@type\":\"BreadcrumbList\",\"@id\":\"https:\\\/\\\/formar.shop\\\/hr\\\/primanje-narudzbe-sto-uciniti\\\/#breadcrumb\",\"itemListElement\":[{\"@type\":\"ListItem\",\"position\":1,\"name\":\"Home\",\"item\":\"https:\\\/\\\/formar.shop\\\/hr\\\/automatski-nacrt\\\/\"},{\"@type\":\"ListItem\",\"position\":2,\"name\":\"PRIMANJE NARUD\u017dBE: \u0161to u\u010diniti?\"}]},{\"@type\":\"WebSite\",\"@id\":\"https:\\\/\\\/formar.shop\\\/hr\\\/#website\",\"url\":\"https:\\\/\\\/formar.shop\\\/hr\\\/\",\"name\":\"Formar.shop\",\"description\":\"Soluzioni espresse con stile\",\"potentialAction\":[{\"@type\":\"SearchAction\",\"target\":{\"@type\":\"EntryPoint\",\"urlTemplate\":\"https:\\\/\\\/formar.shop\\\/hr\\\/?s={search_term_string}\"},\"query-input\":{\"@type\":\"PropertyValueSpecification\",\"valueRequired\":true,\"valueName\":\"search_term_string\"}}],\"inLanguage\":\"hr\"}]}<\/script>\n<!-- \/ Yoast SEO plugin. -->","yoast_head_json":{"title":"PRIMANJE NARUD\u017dBE: \u0161to u\u010diniti? - Formar.shop","robots":{"index":"index","follow":"follow","max-snippet":"max-snippet:-1","max-image-preview":"max-image-preview:large","max-video-preview":"max-video-preview:-1"},"canonical":"https:\/\/formar.shop\/hr\/primanje-narudzbe-sto-uciniti\/","schema":{"@context":"https:\/\/schema.org","@graph":[{"@type":"WebPage","@id":"https:\/\/formar.shop\/hr\/primanje-narudzbe-sto-uciniti\/","url":"https:\/\/formar.shop\/hr\/primanje-narudzbe-sto-uciniti\/","name":"PRIMANJE NARUD\u017dBE: \u0161to u\u010diniti? - Formar.shop","isPartOf":{"@id":"https:\/\/formar.shop\/hr\/#website"},"datePublished":"2025-01-19T07:53:25+00:00","dateModified":"2025-01-19T07:53:29+00:00","breadcrumb":{"@id":"https:\/\/formar.shop\/hr\/primanje-narudzbe-sto-uciniti\/#breadcrumb"},"inLanguage":"hr","potentialAction":[{"@type":"ReadAction","target":["https:\/\/formar.shop\/hr\/primanje-narudzbe-sto-uciniti\/"]}]},{"@type":"BreadcrumbList","@id":"https:\/\/formar.shop\/hr\/primanje-narudzbe-sto-uciniti\/#breadcrumb","itemListElement":[{"@type":"ListItem","position":1,"name":"Home","item":"https:\/\/formar.shop\/hr\/automatski-nacrt\/"},{"@type":"ListItem","position":2,"name":"PRIMANJE NARUD\u017dBE: \u0161to u\u010diniti?"}]},{"@type":"WebSite","@id":"https:\/\/formar.shop\/hr\/#website","url":"https:\/\/formar.shop\/hr\/","name":"Formar.shop","description":"Soluzioni espresse con stile","potentialAction":[{"@type":"SearchAction","target":{"@type":"EntryPoint","urlTemplate":"https:\/\/formar.shop\/hr\/?s={search_term_string}"},"query-input":{"@type":"PropertyValueSpecification","valueRequired":true,"valueName":"search_term_string"}}],"inLanguage":"hr"}]}},"_links":{"self":[{"href":"https:\/\/formar.shop\/hr\/wp-json\/wp\/v2\/pages\/49418","targetHints":{"allow":["GET"]}}],"collection":[{"href":"https:\/\/formar.shop\/hr\/wp-json\/wp\/v2\/pages"}],"about":[{"href":"https:\/\/formar.shop\/hr\/wp-json\/wp\/v2\/types\/page"}],"author":[{"embeddable":true,"href":"https:\/\/formar.shop\/hr\/wp-json\/wp\/v2\/users\/175"}],"replies":[{"embeddable":true,"href":"https:\/\/formar.shop\/hr\/wp-json\/wp\/v2\/comments?post=49418"}],"version-history":[{"count":11,"href":"https:\/\/formar.shop\/hr\/wp-json\/wp\/v2\/pages\/49418\/revisions"}],"predecessor-version":[{"id":49501,"href":"https:\/\/formar.shop\/hr\/wp-json\/wp\/v2\/pages\/49418\/revisions\/49501"}],"wp:attachment":[{"href":"https:\/\/formar.shop\/hr\/wp-json\/wp\/v2\/media?parent=49418"}],"curies":[{"name":"wp","href":"https:\/\/api.w.org\/{rel}","templated":true}]}}