{"id":48539,"date":"2025-01-18T21:40:31","date_gmt":"2025-01-18T20:40:31","guid":{"rendered":"https:\/\/formar.shop\/vodic-za-kupnju\/"},"modified":"2025-01-18T21:40:34","modified_gmt":"2025-01-18T20:40:34","slug":"vodic-za-kupnju","status":"publish","type":"page","link":"https:\/\/formar.shop\/hr\/vodic-za-kupnju\/","title":{"rendered":"VODI\u010c ZA KUPNJU"},"content":{"rendered":"\t<div id=\"text-77658800\" class=\"text\">\n\t\t\n<p><strong>Odredbe i uvjeti<\/strong><\/p>\n<p>Formar.shop by Formar Contract omogu\u0107uje svima kupnju njihovih proizvoda online, putem <strong>jednostavne, prakti\u010dne i sigurne<\/strong> usluge.<\/p>\n<p>Kupnju je mogu\u0107e obaviti nakon registracije ili kao gost, no u oba slu\u010daja potrebno je ispuniti sva tra\u017eena polja.  <\/p>\n<p><strong>Sve narud\u017ebe podlije\u017eu potvrdi<\/strong> .<\/p>\n<\/p>\n<p><strong>Registracija<\/strong><\/p>\n<p>Nakon registracije, koja zahtijeva nekoliko jednostavnih koraka, novi kupac ima na raspolaganju internu kontrolnu plo\u010du na kojoj mo\u017ee unijeti svoju adresu za dostavu, \u010dime sustav mo\u017ee zadr\u017eati memoriranu adresu kako bi ubrzao sljede\u0107u kupnju, te upravljao ko\u0161aricom i usporedi opciju proizvoda.<br \/> Odaberite proizvod, mjere i boju koju \u017eelite te nakon odabira \u017eeljene koli\u010dine dodajte u ko\u0161aricu. Kada \u017eelite nastaviti s kupnjom, u\u0111ite u ko\u0161aricu, prvo se ulogirajte ako ste registrirani i nastavite s narud\u017ebom. Odabrane proizvode mogu\u0107e je izmijeniti ili ukloniti iz ko\u0161arice u bilo kojem trenutku.  <\/p>\n<\/p>\n<p><strong>Redoslijed<\/strong><\/p>\n<p>Nakon \u0161to odaberete sve proizvode za kupnju, nastavite s narud\u017ebom. Ako imate a\u017euriran ra\u010dun s podacima i adresom za dostavu, proces kupnje bit \u0107e br\u017ei. U suprotnom unesite tra\u017eene podatke i nastavite s narud\u017ebom.<br \/> Narud\u017eba \u0107e biti obra\u0111ena tek po primitku uplate za proizvod, na temelju odabranog na\u010dina pla\u0107anja.  <\/p>\n<\/p>\n<p><strong>Na\u0161a slu\u017eba za korisnike stoji vam na raspolaganju.<\/strong><\/p>\n<p>Na\u0161i stru\u010dnjaci \u0107e odgovoriti na va\u0161e zahtjeve u vezi s na\u0161im uslugama.<\/p>\n<p>Za sve informacije ili zahtjev za ponudu, slobodno nas kontaktirajte!  <\/p>\n<\/p>\n<p style=\"text-align: left;\"><strong>Formar Contract srl<\/strong><br \/> <strong>Via del Consorzio 44<\/strong><br \/> <strong>60015 | Falconara Marittima (AN)<\/strong><\/p>\n<p style=\"text-align: left;\"><a href=\"tel:800122267\">Besplatni telefon<\/a> <a href=\"tel:800122267\">800 12 22 67<\/a><br \/> <a href=\"tel:+390715906063\">Tel.071 590.60.63<\/a><\/p>\n<p style=\"text-align: left;\">Komercijalni ured: <a href=\"mailto:info@formar-contract.it\">info@formar.net<\/a><br \/> E-trgovina: <a href=\"mailto:shop@formar.net\">shop@formar.net<\/a><br \/> PEC: <a href=\"mailto:info@pec.formar-contract.it\">info@pec.formar-contract.it<\/a><\/p>\n<p style=\"text-align: left;\">\n\t\t\n<style>\n#text-77658800 {\n  color: rgb(0,0,0);\n}\n#text-77658800 > * {\n  color: rgb(0,0,0);\n}\n<\/style>\n\t<\/div>\n\t\n","protected":false},"excerpt":{"rendered":"","protected":false},"author":6,"featured_media":0,"parent":0,"menu_order":0,"comment_status":"closed","ping_status":"closed","template":"","meta":{"_joinchat":[],"footnotes":""},"class_list":["post-48539","page","type-page","status-publish","hentry"],"yoast_head":"<!-- This site is optimized with the Yoast SEO plugin v27.4 - https:\/\/yoast.com\/product\/yoast-seo-wordpress\/ -->\n<title>VODI\u010c ZA KUPNJU - Formar.shop<\/title>\n<meta name=\"robots\" content=\"index, follow, max-snippet:-1, max-image-preview:large, max-video-preview:-1\" \/>\n<link rel=\"canonical\" href=\"https:\/\/formar.shop\/hr\/vodic-za-kupnju\/\" \/>\n<script type=\"application\/ld+json\" class=\"yoast-schema-graph\">{\"@context\":\"https:\\\/\\\/schema.org\",\"@graph\":[{\"@type\":\"WebPage\",\"@id\":\"https:\\\/\\\/formar.shop\\\/hr\\\/vodic-za-kupnju\\\/\",\"url\":\"https:\\\/\\\/formar.shop\\\/hr\\\/vodic-za-kupnju\\\/\",\"name\":\"VODI\u010c ZA KUPNJU - Formar.shop\",\"isPartOf\":{\"@id\":\"https:\\\/\\\/formar.shop\\\/hr\\\/#website\"},\"datePublished\":\"2025-01-18T20:40:31+00:00\",\"dateModified\":\"2025-01-18T20:40:34+00:00\",\"breadcrumb\":{\"@id\":\"https:\\\/\\\/formar.shop\\\/hr\\\/vodic-za-kupnju\\\/#breadcrumb\"},\"inLanguage\":\"hr\",\"potentialAction\":[{\"@type\":\"ReadAction\",\"target\":[\"https:\\\/\\\/formar.shop\\\/hr\\\/vodic-za-kupnju\\\/\"]}]},{\"@type\":\"BreadcrumbList\",\"@id\":\"https:\\\/\\\/formar.shop\\\/hr\\\/vodic-za-kupnju\\\/#breadcrumb\",\"itemListElement\":[{\"@type\":\"ListItem\",\"position\":1,\"name\":\"Home\",\"item\":\"https:\\\/\\\/formar.shop\\\/hr\\\/automatski-nacrt\\\/\"},{\"@type\":\"ListItem\",\"position\":2,\"name\":\"VODI\u010c ZA KUPNJU\"}]},{\"@type\":\"WebSite\",\"@id\":\"https:\\\/\\\/formar.shop\\\/hr\\\/#website\",\"url\":\"https:\\\/\\\/formar.shop\\\/hr\\\/\",\"name\":\"Formar.shop\",\"description\":\"Soluzioni espresse con stile\",\"potentialAction\":[{\"@type\":\"SearchAction\",\"target\":{\"@type\":\"EntryPoint\",\"urlTemplate\":\"https:\\\/\\\/formar.shop\\\/hr\\\/?s={search_term_string}\"},\"query-input\":{\"@type\":\"PropertyValueSpecification\",\"valueRequired\":true,\"valueName\":\"search_term_string\"}}],\"inLanguage\":\"hr\"}]}<\/script>\n<!-- \/ Yoast SEO plugin. -->","yoast_head_json":{"title":"VODI\u010c ZA KUPNJU - Formar.shop","robots":{"index":"index","follow":"follow","max-snippet":"max-snippet:-1","max-image-preview":"max-image-preview:large","max-video-preview":"max-video-preview:-1"},"canonical":"https:\/\/formar.shop\/hr\/vodic-za-kupnju\/","schema":{"@context":"https:\/\/schema.org","@graph":[{"@type":"WebPage","@id":"https:\/\/formar.shop\/hr\/vodic-za-kupnju\/","url":"https:\/\/formar.shop\/hr\/vodic-za-kupnju\/","name":"VODI\u010c ZA KUPNJU - Formar.shop","isPartOf":{"@id":"https:\/\/formar.shop\/hr\/#website"},"datePublished":"2025-01-18T20:40:31+00:00","dateModified":"2025-01-18T20:40:34+00:00","breadcrumb":{"@id":"https:\/\/formar.shop\/hr\/vodic-za-kupnju\/#breadcrumb"},"inLanguage":"hr","potentialAction":[{"@type":"ReadAction","target":["https:\/\/formar.shop\/hr\/vodic-za-kupnju\/"]}]},{"@type":"BreadcrumbList","@id":"https:\/\/formar.shop\/hr\/vodic-za-kupnju\/#breadcrumb","itemListElement":[{"@type":"ListItem","position":1,"name":"Home","item":"https:\/\/formar.shop\/hr\/automatski-nacrt\/"},{"@type":"ListItem","position":2,"name":"VODI\u010c ZA KUPNJU"}]},{"@type":"WebSite","@id":"https:\/\/formar.shop\/hr\/#website","url":"https:\/\/formar.shop\/hr\/","name":"Formar.shop","description":"Soluzioni espresse con stile","potentialAction":[{"@type":"SearchAction","target":{"@type":"EntryPoint","urlTemplate":"https:\/\/formar.shop\/hr\/?s={search_term_string}"},"query-input":{"@type":"PropertyValueSpecification","valueRequired":true,"valueName":"search_term_string"}}],"inLanguage":"hr"}]}},"_links":{"self":[{"href":"https:\/\/formar.shop\/hr\/wp-json\/wp\/v2\/pages\/48539","targetHints":{"allow":["GET"]}}],"collection":[{"href":"https:\/\/formar.shop\/hr\/wp-json\/wp\/v2\/pages"}],"about":[{"href":"https:\/\/formar.shop\/hr\/wp-json\/wp\/v2\/types\/page"}],"author":[{"embeddable":true,"href":"https:\/\/formar.shop\/hr\/wp-json\/wp\/v2\/users\/6"}],"replies":[{"embeddable":true,"href":"https:\/\/formar.shop\/hr\/wp-json\/wp\/v2\/comments?post=48539"}],"version-history":[{"count":8,"href":"https:\/\/formar.shop\/hr\/wp-json\/wp\/v2\/pages\/48539\/revisions"}],"predecessor-version":[{"id":48589,"href":"https:\/\/formar.shop\/hr\/wp-json\/wp\/v2\/pages\/48539\/revisions\/48589"}],"wp:attachment":[{"href":"https:\/\/formar.shop\/hr\/wp-json\/wp\/v2\/media?parent=48539"}],"curies":[{"name":"wp","href":"https:\/\/api.w.org\/{rel}","templated":true}]}}