{"id":48519,"date":"2025-01-18T21:40:20","date_gmt":"2025-01-18T20:40:20","guid":{"rendered":"https:\/\/formar.shop\/pravila-vracanja\/"},"modified":"2025-11-18T12:03:32","modified_gmt":"2025-11-18T11:03:32","slug":"pravila-vracanja","status":"publish","type":"page","link":"https:\/\/formar.shop\/hr\/pravila-vracanja\/","title":{"rendered":"PRAVILA VRA\u0106ANJA"},"content":{"rendered":"\n<h3><span style=\"font-size: 140%;\"><strong>POVRATI I PODR\u0160KA<\/strong><\/span><\/h3>\n<p> <\/p>\n<p><span style=\"font-size: 110%;\"><strong>Povrat kupljene robe mogu\u0107 je jednostavnim i brzim postupkom.<\/strong><\/span><\/p>\n<p>Sukladno <em>europskoj Direktivi 2011\/83, implementiranoj u Italiji Zakonodavnom uredbom od 3. prosinca 2013.<\/em> , kupac mo\u017ee odustati od kupoprodajnog ugovora bez nu\u017enog navo\u0111enja razloga povrata.<\/p>\n<p>Kupac koji \u017eeli iskoristiti pravo na odustanak mora svoju \u017eelju priop\u0107iti Formar Contractu preporu\u010denim pismom s povratnicom ili <strong>ovjerenom e-po\u0161tom<\/strong> , <strong>u roku od 14 radnih dana,<\/strong> po\u010dev\u0161i od datuma isporuke, prila\u017eu\u0107i kopiju transportnih dokumenata na navedene adrese. ispod.<\/p>\n<p><span style=\"font-size: 110%;\"><strong>Tro\u0161kove povratne dostave u cijelosti snosi<\/strong> <strong>Kupac.<\/strong><\/span><\/p>\n<p>Od trenutka kada Formar Contract prihvati zahtjev za povrat, kupac \u0107e imati <strong>14 kalendarskih dana za slanje povrata<\/strong>. Nakon isteka tog roka, kupac vi\u0161e ne\u0107e mo\u0107i iskoristiti pravo na povrat. <\/p>\n<p>Nakon dobivanja autorizacije povrata od operatera, kupac mora poslati proizvod na:<\/p>\n<p style=\"text-align: center;\"><span style=\"color: #000000;\"><strong>Formar Contract Srl<\/strong><\/span><\/p>\n<p style=\"text-align: center;\"><span style=\"color: #000000;\"><strong>Via del Consorzio 44<\/strong><\/span><\/p>\n<p style=\"text-align: center;\"><span style=\"color: #000000;\"><strong>60015 | Falconara Marittima (AN)<\/strong><\/span><\/p>\n<p style=\"text-align: center;\"><span style=\"color: #000000;\"><strong>info@pec.formar-contract.it<\/strong><\/span><\/p>\n<p>Formar Contract izvr\u0161it \u0107e <strong>povrat sredstava putem bankovnog prijenosa u roku od 14 radnih dana<\/strong> od primitka vra\u0107ene robe.<\/p>\n<p>Pravo na odustanak se u potpunosti gubi ako vra\u0107eni proizvod nije netaknut, nedostaje mu originalna vanjska i unutarnja ambala\u017ea, o\u0161te\u0107en je ili \u010dak djelomi\u010dno kori\u0161ten.<\/p>\n<p> <\/p>\n<p style=\"text-align: left;\"><strong>Na\u0161a slu\u017eba za korisnike stoji vam na raspolaganju.  <\/strong><\/p>\n<p style=\"text-align: left;\">Za bilo kakve informacije ili zahtjev za ponudu, slobodno nas kontaktirajte! Na\u0161i stru\u010dnjaci odgovorit \u0107e na va\u0161e zahtjeve vezane uz na\u0161e usluge: projektiranje, izrada, dostava i monta\u017ea uredskog namje\u0161taja.<\/p>\n<div class=\"row align-center\"  id=\"row-614304282\">\n\n\n\t<div id=\"col-590486720\" class=\"col small-12 large-12\"  >\n\t\t\t\t<div class=\"col-inner text-center\" style=\"background-color:rgb(244, 244, 244);\" >\n\t\t\t\n\t\t\t\n\n<h3>Jo\u0161 uvijek imate pitanja?<\/h3>\n<p>Kontaktirajte nas za vi\u0161e informacija.<\/p>\n<a href=\"https:\/\/formar.shop\/hr\/kontaktirajte-nas\/\" class=\"button primary\" >\n\t\t<span>Kontaktirajte nas<\/span>\n\t<\/a>\n\n\n\n\t\t<\/div>\n\t\t\t\t\t<\/div>\n\n\t\n\n\n<style>\n#row-614304282 > .col > .col-inner {\n  padding: 40px 20px 40px 20px;\n  background-color: rgb(244, 244, 244);\n}\n@media (min-width:550px) {\n  #row-614304282 > .col > .col-inner {\n    padding: 40px 40px 40px 40px;\n  }\n}\n<\/style>\n<\/div>\n\n","protected":false},"excerpt":{"rendered":"","protected":false},"author":175,"featured_media":0,"parent":0,"menu_order":0,"comment_status":"closed","ping_status":"closed","template":"","meta":{"_joinchat":[],"footnotes":""},"class_list":["post-48519","page","type-page","status-publish","hentry"],"yoast_head":"<!-- This site is optimized with the Yoast SEO plugin v27.3 - https:\/\/yoast.com\/product\/yoast-seo-wordpress\/ -->\n<title>PRAVILA VRA\u0106ANJA - Formar.shop<\/title>\n<meta name=\"robots\" content=\"index, follow, max-snippet:-1, max-image-preview:large, max-video-preview:-1\" \/>\n<link rel=\"canonical\" href=\"https:\/\/formar.shop\/hr\/pravila-vracanja\/\" \/>\n<script type=\"application\/ld+json\" class=\"yoast-schema-graph\">{\"@context\":\"https:\\\/\\\/schema.org\",\"@graph\":[{\"@type\":\"WebPage\",\"@id\":\"https:\\\/\\\/formar.shop\\\/hr\\\/pravila-vracanja\\\/\",\"url\":\"https:\\\/\\\/formar.shop\\\/hr\\\/pravila-vracanja\\\/\",\"name\":\"PRAVILA VRA\u0106ANJA - Formar.shop\",\"isPartOf\":{\"@id\":\"https:\\\/\\\/formar.shop\\\/hr\\\/#website\"},\"datePublished\":\"2025-01-18T20:40:20+00:00\",\"dateModified\":\"2025-11-18T11:03:32+00:00\",\"breadcrumb\":{\"@id\":\"https:\\\/\\\/formar.shop\\\/hr\\\/pravila-vracanja\\\/#breadcrumb\"},\"inLanguage\":\"hr\",\"potentialAction\":[{\"@type\":\"ReadAction\",\"target\":[\"https:\\\/\\\/formar.shop\\\/hr\\\/pravila-vracanja\\\/\"]}]},{\"@type\":\"BreadcrumbList\",\"@id\":\"https:\\\/\\\/formar.shop\\\/hr\\\/pravila-vracanja\\\/#breadcrumb\",\"itemListElement\":[{\"@type\":\"ListItem\",\"position\":1,\"name\":\"Home\",\"item\":\"https:\\\/\\\/formar.shop\\\/hr\\\/automatski-nacrt\\\/\"},{\"@type\":\"ListItem\",\"position\":2,\"name\":\"PRAVILA VRA\u0106ANJA\"}]},{\"@type\":\"WebSite\",\"@id\":\"https:\\\/\\\/formar.shop\\\/hr\\\/#website\",\"url\":\"https:\\\/\\\/formar.shop\\\/hr\\\/\",\"name\":\"Formar.shop\",\"description\":\"Soluzioni espresse con stile\",\"potentialAction\":[{\"@type\":\"SearchAction\",\"target\":{\"@type\":\"EntryPoint\",\"urlTemplate\":\"https:\\\/\\\/formar.shop\\\/hr\\\/?s={search_term_string}\"},\"query-input\":{\"@type\":\"PropertyValueSpecification\",\"valueRequired\":true,\"valueName\":\"search_term_string\"}}],\"inLanguage\":\"hr\"}]}<\/script>\n<!-- \/ Yoast SEO plugin. -->","yoast_head_json":{"title":"PRAVILA VRA\u0106ANJA - Formar.shop","robots":{"index":"index","follow":"follow","max-snippet":"max-snippet:-1","max-image-preview":"max-image-preview:large","max-video-preview":"max-video-preview:-1"},"canonical":"https:\/\/formar.shop\/hr\/pravila-vracanja\/","schema":{"@context":"https:\/\/schema.org","@graph":[{"@type":"WebPage","@id":"https:\/\/formar.shop\/hr\/pravila-vracanja\/","url":"https:\/\/formar.shop\/hr\/pravila-vracanja\/","name":"PRAVILA VRA\u0106ANJA - Formar.shop","isPartOf":{"@id":"https:\/\/formar.shop\/hr\/#website"},"datePublished":"2025-01-18T20:40:20+00:00","dateModified":"2025-11-18T11:03:32+00:00","breadcrumb":{"@id":"https:\/\/formar.shop\/hr\/pravila-vracanja\/#breadcrumb"},"inLanguage":"hr","potentialAction":[{"@type":"ReadAction","target":["https:\/\/formar.shop\/hr\/pravila-vracanja\/"]}]},{"@type":"BreadcrumbList","@id":"https:\/\/formar.shop\/hr\/pravila-vracanja\/#breadcrumb","itemListElement":[{"@type":"ListItem","position":1,"name":"Home","item":"https:\/\/formar.shop\/hr\/automatski-nacrt\/"},{"@type":"ListItem","position":2,"name":"PRAVILA VRA\u0106ANJA"}]},{"@type":"WebSite","@id":"https:\/\/formar.shop\/hr\/#website","url":"https:\/\/formar.shop\/hr\/","name":"Formar.shop","description":"Soluzioni espresse con stile","potentialAction":[{"@type":"SearchAction","target":{"@type":"EntryPoint","urlTemplate":"https:\/\/formar.shop\/hr\/?s={search_term_string}"},"query-input":{"@type":"PropertyValueSpecification","valueRequired":true,"valueName":"search_term_string"}}],"inLanguage":"hr"}]}},"_links":{"self":[{"href":"https:\/\/formar.shop\/hr\/wp-json\/wp\/v2\/pages\/48519","targetHints":{"allow":["GET"]}}],"collection":[{"href":"https:\/\/formar.shop\/hr\/wp-json\/wp\/v2\/pages"}],"about":[{"href":"https:\/\/formar.shop\/hr\/wp-json\/wp\/v2\/types\/page"}],"author":[{"embeddable":true,"href":"https:\/\/formar.shop\/hr\/wp-json\/wp\/v2\/users\/175"}],"replies":[{"embeddable":true,"href":"https:\/\/formar.shop\/hr\/wp-json\/wp\/v2\/comments?post=48519"}],"version-history":[{"count":3,"href":"https:\/\/formar.shop\/hr\/wp-json\/wp\/v2\/pages\/48519\/revisions"}],"predecessor-version":[{"id":61864,"href":"https:\/\/formar.shop\/hr\/wp-json\/wp\/v2\/pages\/48519\/revisions\/61864"}],"wp:attachment":[{"href":"https:\/\/formar.shop\/hr\/wp-json\/wp\/v2\/media?parent=48519"}],"curies":[{"name":"wp","href":"https:\/\/api.w.org\/{rel}","templated":true}]}}