{"id":48450,"date":"2025-01-18T21:40:00","date_gmt":"2025-01-18T20:40:00","guid":{"rendered":"https:\/\/formar.shop\/troskovi-i-nacini-dostave\/"},"modified":"2025-01-18T21:40:12","modified_gmt":"2025-01-18T20:40:12","slug":"troskovi-i-nacini-dostave","status":"publish","type":"page","link":"https:\/\/formar.shop\/hr\/troskovi-i-nacini-dostave\/","title":{"rendered":"TRO\u0160KOVI I NA\u010cINI DOSTAVE"},"content":{"rendered":"\n  <div class=\"banner has-hover\" id=\"banner-95837795\">\n          <div class=\"banner-inner fill\">\n        <div class=\"banner-bg fill\" >\n                                                \n                    <\/div>\n\t\t\n        <div class=\"banner-layers container\">\n            <div class=\"fill banner-link\"><\/div>            \n   <div id=\"text-box-569690838\" class=\"text-box banner-layer x50 md-x50 lg-x50 y50 md-y50 lg-y50 res-text\">\n                     <div data-animate=\"flipInY\">           <div class=\"text-box-content text dark\">\n              \n              <div class=\"text-inner text-center\">\n                  \n<h3 style=\"text-align: center;\"><strong><span style=\"font-size: 115%; color: #000000;\"><em>I costi di spedizioni sono sempre gratuiti e inclusi per ogni tuo acquisto !<\/em><\/span><\/strong><\/h3>\n<div class=\"is-divider divider clearfix\" ><\/div>\n\t<div id=\"text-2101033599\" class=\"text\">\n\t\t\n<h1 class=\"h-large uppercase\"><strong><span style=\"font-size: 180%;\">BEZ TRO\u0160KOVA DOSTAVE!<\/span><\/strong><\/h1>\n\t\t\n<style>\n#text-2101033599 {\n  font-size: 0.8rem;\n  line-height: 2.05;\n  color: rgb(0,0,0);\n}\n#text-2101033599 > * {\n  color: rgb(0,0,0);\n}\n<\/style>\n\t<\/div>\n\t\n              <\/div>\n           <\/div>\n       <\/div>                     \n<style>\n#text-box-569690838 {\n  width: 67%;\n}\n#text-box-569690838 .text-box-content {\n  font-size: 100%;\n}\n<\/style>\n    <\/div>\n \n        <\/div>\n      <\/div>\n\n            \n<style>\n#banner-95837795 {\n  padding-top: 400px;\n}\n<\/style>\n  <\/div>\n\n\n<h4><span style=\"font-size: 110%;\"><strong><span style=\"font-size: 140%; color: #50b848;\"><span style=\"color: #808080;\">REGISTRACIJA<\/span>  <\/span>    <\/strong><\/span><\/h4>\n<p>Nakon registracije, koja zahtijeva nekoliko jednostavnih koraka, novi kupac ima na raspolaganju internu kontrolnu plo\u010du na kojoj mo\u017ee unijeti svoju adresu za dostavu, \u010dime sustav mo\u017ee zadr\u017eati memoriranu adresu kako bi ubrzao sljede\u0107u kupnju, te upravljao ko\u0161aricom i usporedi opciju proizvoda.<br \/> Odaberite proizvod, mjere i boju koju \u017eelite te nakon odabira \u017eeljene koli\u010dine dodajte u ko\u0161aricu. Kada \u017eelite nastaviti s kupnjom, u\u0111ite u ko\u0161aricu, prvo se ulogirajte ako ste registrirani i nastavite s narud\u017ebom. Odabrane proizvode mogu\u0107e je izmijeniti ili ukloniti iz ko\u0161arice u bilo kojem trenutku.  <\/p>\n<h4><strong><span style=\"font-size: 110%;\"><span style=\"color: #808080;\"><span style=\"font-size: 140%;\">REDOSLIJED<\/span> <\/span>                        <\/span><\/strong><\/h4>\n<p style=\"text-align: left;\">Nakon \u0161to odaberete sve proizvode za kupnju, nastavite s narud\u017ebom. Ako imate a\u017euriran ra\u010dun s podacima i adresom za dostavu, proces kupnje bit \u0107e br\u017ei. U suprotnom unesite tra\u017eene podatke i nastavite s narud\u017ebom.<br \/> Narud\u017eba \u0107e biti obra\u0111ena tek po primitku uplate za proizvod, na temelju odabranog na\u010dina pla\u0107anja.  <\/p>\n<\/p>\n<h2 style=\"text-align: center;\"><span style=\"color: #808080;\"><strong>Na\u0161i partneri za dostavu:<\/strong><\/span><\/h2>\n<\/p>\n<p><img loading=\"lazy\" decoding=\"async\" class=\"aligncenter wp-image-12578\" src=\"https:\/\/formar.shop\/wp-content\/uploads\/2022\/05\/brt.jpg\" alt=\"\" width=\"300\" height=\"163\" data-wp-pid=\"12578\"><\/p>\n<\/p>\n<p style=\"text-align: center;\"><img loading=\"lazy\" decoding=\"async\" class=\"\" src=\"https:\/\/s3-eu-west-1.amazonaws.com\/tpd\/logos\/5ea7e22c7a4aa40001deb02c\/0x0.png\" alt=\"Grupa FERCAM | Pro\u010ditajte recenzije usluga fercam.com\" width=\"303\" height=\"313\"><\/p>\n<\/p>\n<p style=\"text-align: center;\"><span style=\"color: #000000;\"><strong><em>Na\u0161 sustav automatski odabire po\u0161iljatelja<\/em><\/strong><\/span> <strong><em><span style=\"color: #000000;\">kako bi se zajam\u010dila maksimalna brzina isporuke!<\/span><\/em><\/strong><\/p>\n<\/p>\n<p style=\"text-align: center;\">Na\u0161a slu\u017eba za korisnike stoji vam na raspolaganju.<br \/> Za sve informacije ili zahtjev za ponudu, slobodno nas kontaktirajte!<br \/> Na\u0161i stru\u010dnjaci \u0107e odgovoriti na va\u0161e zahtjeve u vezi s na\u0161im uslugama.<\/p>\n<a href=\"https:\/\/formar.shop\/contattaci\/\" class=\"button primary box-shadow-1 lowercase expand\" style=\"border-radius:10px;\">\n\t\t<span>Kontaktirajte nas!<\/span>\n\t<\/a>\n\n","protected":false},"excerpt":{"rendered":"<p>REGISTRACIJA Nakon registracije, koja zahtijeva nekoliko jednostavnih koraka, novi kupac ima na raspolaganju internu kontrolnu plo\u010du na kojoj mo\u017ee unijeti svoju adresu za dostavu, \u010dime sustav mo\u017ee zadr\u017eati memoriranu adresu kako bi ubrzao sljede\u0107u kupnju, te upravljao ko\u0161aricom i usporedi opciju proizvoda. Odaberite proizvod, mjere i boju koju \u017eelite te nakon odabira \u017eeljene koli\u010dine dodajte [&#8230;]\n","protected":false},"author":175,"featured_media":0,"parent":0,"menu_order":0,"comment_status":"closed","ping_status":"closed","template":"","meta":{"_joinchat":[],"footnotes":""},"class_list":["post-48450","page","type-page","status-publish","hentry"],"yoast_head":"<!-- This site is optimized with the Yoast SEO plugin v27.5 - https:\/\/yoast.com\/product\/yoast-seo-wordpress\/ -->\n<title>TRO\u0160KOVI I NA\u010cINI DOSTAVE - Formar.shop<\/title>\n<meta name=\"robots\" content=\"index, follow, max-snippet:-1, max-image-preview:large, max-video-preview:-1\" \/>\n<link rel=\"canonical\" href=\"https:\/\/formar.shop\/hr\/troskovi-i-nacini-dostave\/\" \/>\n<script type=\"application\/ld+json\" class=\"yoast-schema-graph\">{\"@context\":\"https:\\\/\\\/schema.org\",\"@graph\":[{\"@type\":\"WebPage\",\"@id\":\"https:\\\/\\\/formar.shop\\\/hr\\\/troskovi-i-nacini-dostave\\\/\",\"url\":\"https:\\\/\\\/formar.shop\\\/hr\\\/troskovi-i-nacini-dostave\\\/\",\"name\":\"TRO\u0160KOVI I NA\u010cINI DOSTAVE - Formar.shop\",\"isPartOf\":{\"@id\":\"https:\\\/\\\/formar.shop\\\/hr\\\/#website\"},\"primaryImageOfPage\":{\"@id\":\"https:\\\/\\\/formar.shop\\\/hr\\\/troskovi-i-nacini-dostave\\\/#primaryimage\"},\"image\":{\"@id\":\"https:\\\/\\\/formar.shop\\\/hr\\\/troskovi-i-nacini-dostave\\\/#primaryimage\"},\"thumbnailUrl\":\"https:\\\/\\\/formar.shop\\\/wp-content\\\/uploads\\\/2022\\\/05\\\/brt.jpg\",\"datePublished\":\"2025-01-18T20:40:00+00:00\",\"dateModified\":\"2025-01-18T20:40:12+00:00\",\"breadcrumb\":{\"@id\":\"https:\\\/\\\/formar.shop\\\/hr\\\/troskovi-i-nacini-dostave\\\/#breadcrumb\"},\"inLanguage\":\"hr\",\"potentialAction\":[{\"@type\":\"ReadAction\",\"target\":[\"https:\\\/\\\/formar.shop\\\/hr\\\/troskovi-i-nacini-dostave\\\/\"]}]},{\"@type\":\"ImageObject\",\"inLanguage\":\"hr\",\"@id\":\"https:\\\/\\\/formar.shop\\\/hr\\\/troskovi-i-nacini-dostave\\\/#primaryimage\",\"url\":\"https:\\\/\\\/formar.shop\\\/wp-content\\\/uploads\\\/2022\\\/05\\\/brt.jpg\",\"contentUrl\":\"https:\\\/\\\/formar.shop\\\/wp-content\\\/uploads\\\/2022\\\/05\\\/brt.jpg\"},{\"@type\":\"BreadcrumbList\",\"@id\":\"https:\\\/\\\/formar.shop\\\/hr\\\/troskovi-i-nacini-dostave\\\/#breadcrumb\",\"itemListElement\":[{\"@type\":\"ListItem\",\"position\":1,\"name\":\"Home\",\"item\":\"https:\\\/\\\/formar.shop\\\/hr\\\/automatski-nacrt\\\/\"},{\"@type\":\"ListItem\",\"position\":2,\"name\":\"TRO\u0160KOVI I NA\u010cINI DOSTAVE\"}]},{\"@type\":\"WebSite\",\"@id\":\"https:\\\/\\\/formar.shop\\\/hr\\\/#website\",\"url\":\"https:\\\/\\\/formar.shop\\\/hr\\\/\",\"name\":\"Formar.shop\",\"description\":\"Soluzioni espresse con stile\",\"potentialAction\":[{\"@type\":\"SearchAction\",\"target\":{\"@type\":\"EntryPoint\",\"urlTemplate\":\"https:\\\/\\\/formar.shop\\\/hr\\\/?s={search_term_string}\"},\"query-input\":{\"@type\":\"PropertyValueSpecification\",\"valueRequired\":true,\"valueName\":\"search_term_string\"}}],\"inLanguage\":\"hr\"}]}<\/script>\n<!-- \/ Yoast SEO plugin. -->","yoast_head_json":{"title":"TRO\u0160KOVI I NA\u010cINI DOSTAVE - Formar.shop","robots":{"index":"index","follow":"follow","max-snippet":"max-snippet:-1","max-image-preview":"max-image-preview:large","max-video-preview":"max-video-preview:-1"},"canonical":"https:\/\/formar.shop\/hr\/troskovi-i-nacini-dostave\/","schema":{"@context":"https:\/\/schema.org","@graph":[{"@type":"WebPage","@id":"https:\/\/formar.shop\/hr\/troskovi-i-nacini-dostave\/","url":"https:\/\/formar.shop\/hr\/troskovi-i-nacini-dostave\/","name":"TRO\u0160KOVI I NA\u010cINI DOSTAVE - Formar.shop","isPartOf":{"@id":"https:\/\/formar.shop\/hr\/#website"},"primaryImageOfPage":{"@id":"https:\/\/formar.shop\/hr\/troskovi-i-nacini-dostave\/#primaryimage"},"image":{"@id":"https:\/\/formar.shop\/hr\/troskovi-i-nacini-dostave\/#primaryimage"},"thumbnailUrl":"https:\/\/formar.shop\/wp-content\/uploads\/2022\/05\/brt.jpg","datePublished":"2025-01-18T20:40:00+00:00","dateModified":"2025-01-18T20:40:12+00:00","breadcrumb":{"@id":"https:\/\/formar.shop\/hr\/troskovi-i-nacini-dostave\/#breadcrumb"},"inLanguage":"hr","potentialAction":[{"@type":"ReadAction","target":["https:\/\/formar.shop\/hr\/troskovi-i-nacini-dostave\/"]}]},{"@type":"ImageObject","inLanguage":"hr","@id":"https:\/\/formar.shop\/hr\/troskovi-i-nacini-dostave\/#primaryimage","url":"https:\/\/formar.shop\/wp-content\/uploads\/2022\/05\/brt.jpg","contentUrl":"https:\/\/formar.shop\/wp-content\/uploads\/2022\/05\/brt.jpg"},{"@type":"BreadcrumbList","@id":"https:\/\/formar.shop\/hr\/troskovi-i-nacini-dostave\/#breadcrumb","itemListElement":[{"@type":"ListItem","position":1,"name":"Home","item":"https:\/\/formar.shop\/hr\/automatski-nacrt\/"},{"@type":"ListItem","position":2,"name":"TRO\u0160KOVI I NA\u010cINI DOSTAVE"}]},{"@type":"WebSite","@id":"https:\/\/formar.shop\/hr\/#website","url":"https:\/\/formar.shop\/hr\/","name":"Formar.shop","description":"Soluzioni espresse con stile","potentialAction":[{"@type":"SearchAction","target":{"@type":"EntryPoint","urlTemplate":"https:\/\/formar.shop\/hr\/?s={search_term_string}"},"query-input":{"@type":"PropertyValueSpecification","valueRequired":true,"valueName":"search_term_string"}}],"inLanguage":"hr"}]}},"_links":{"self":[{"href":"https:\/\/formar.shop\/hr\/wp-json\/wp\/v2\/pages\/48450","targetHints":{"allow":["GET"]}}],"collection":[{"href":"https:\/\/formar.shop\/hr\/wp-json\/wp\/v2\/pages"}],"about":[{"href":"https:\/\/formar.shop\/hr\/wp-json\/wp\/v2\/types\/page"}],"author":[{"embeddable":true,"href":"https:\/\/formar.shop\/hr\/wp-json\/wp\/v2\/users\/175"}],"replies":[{"embeddable":true,"href":"https:\/\/formar.shop\/hr\/wp-json\/wp\/v2\/comments?post=48450"}],"version-history":[{"count":10,"href":"https:\/\/formar.shop\/hr\/wp-json\/wp\/v2\/pages\/48450\/revisions"}],"predecessor-version":[{"id":48485,"href":"https:\/\/formar.shop\/hr\/wp-json\/wp\/v2\/pages\/48450\/revisions\/48485"}],"wp:attachment":[{"href":"https:\/\/formar.shop\/hr\/wp-json\/wp\/v2\/media?parent=48450"}],"curies":[{"name":"wp","href":"https:\/\/api.w.org\/{rel}","templated":true}]}}