{"id":48422,"date":"2025-01-18T21:39:46","date_gmt":"2025-01-18T20:39:46","guid":{"rendered":"https:\/\/formar.shop\/podnozje\/"},"modified":"2025-01-30T21:27:59","modified_gmt":"2025-01-30T20:27:59","slug":"podnozje","status":"publish","type":"page","link":"https:\/\/formar.shop\/hr\/podnozje\/","title":{"rendered":"podno\u017eje"},"content":{"rendered":"\n[av_layout_row border=&#8221;&#8221; min_height_percent=&#8221;&#8221; min_height_pc=&#8221;25&#8243; min_height=&#8221;0&#8243; color=&#8221;main_color&#8221; mobile=&#8221;av-flex-cells&#8221; mobile_breaking=&#8221;av-break-at-tablet&#8221; id=&#8221;3col&#8221; custom_class=&#8221;sidebar-prodotti&#8221; template_class=&#8221;&#8221; aria_label=&#8221;&#8221; av_element_hidden_in_editor=&#8221;0&#8243; av_uid=&#8221;av-bsrw79&#8243; sc_version=&#8221;1.0&#8243;]\n[av_cell_one_third vertical_align=&#8221;top&#8221; padding=&#8221;30px,50px,30px,50px&#8221; background=&#8221;bg_color&#8221; background_color=&#8221;#f6f6f6&#8243; background_gradient_color1=&#8221;&#8221; background_gradient_color2=&#8221;&#8221; background_gradient_direction=&#8221;vertical&#8221; src=&#8221;&#8221; attachment=&#8221;&#8221; attachment_size=&#8221;&#8221; background_attachment=&#8221;scroll&#8221; background_position=&#8221;top left&#8221; background_repeat=&#8221;no-repeat&#8221; link=&#8221;&#8221; linktarget=&#8221;&#8221; link_hover=&#8221;&#8221; mobile_display=&#8221;&#8221; custom_class=&#8221;&#8221; template_class=&#8221;&#8221; av_uid=&#8221;av-bigo05&#8243; sc_version=&#8221;1.0&#8243;]\n\n[av_hr class=&#8221;invisible&#8221; icon_select=&#8221;yes&#8221; icon=&#8221;ue808&#8243; font=&#8221;entypo-fontello&#8221; position=&#8221;center&#8221; shadow=&#8221;no-shadow&#8221; height=&#8221;40&#8243; custom_border=&#8221;av-border-thin&#8221; custom_width=&#8221;50px&#8221; custom_margin_top=&#8221;30px&#8221; custom_margin_bottom=&#8221;30px&#8221; custom_border_color=&#8221;&#8221; custom_icon_color=&#8221;&#8221; id=&#8221;&#8221; custom_class=&#8221;&#8221; template_class=&#8221;&#8221; av_uid=&#8221;av-7o88rp&#8221; sc_version=&#8221;1.0&#8243; admin_preview_bg=&#8221;&#8221;]\n\n[av_textblock size=&#8221;&#8221; av-medium-font-size=&#8221;&#8221; av-small-font-size=&#8221;&#8221; av-mini-font-size=&#8221;&#8221; font_color=&#8221;&#8221; color=&#8221;#ffffff&#8221; id=&#8221;&#8221; custom_class=&#8221;&#8221; template_class=&#8221;&#8221; av_uid=&#8221;av-aq05ad&#8221; sc_version=&#8221;1.0&#8243; admin_preview_bg=&#8221;&#8221;]\n<div class=\"info-block\">\n<div class=\"info full\"><i class=\"fa fa-phone\"><\/i>  Telefonske narud\u017ebe: <a href=\"tel:800122267\">800 122.267<\/a><\/div>\n<div class=\"info full\"><i class=\"fa fa-whatsapp\"><\/i>  WhatsApp: <a href=\"https:\/\/api.whatsapp.com\/send?phone=393358357749&#038;text=Salve,%20vorrei%20qualche%20informazione%20in%20merito%20ai%20vostri%20prodotti\">+39 335 835.77.49<\/a><\/div>\n<div class=\"info full\"><i class=\"fas fa-headset\"><\/i>  Zatra\u017eite pomo\u0107 za ovaj proizvod, <a href=\"https:\/\/formar-contract.it\/contattaci\/\" target=\"_blank\" rel=\"noopener\">KLIKNITE OVDJE!<\/a><\/div>\n<\/div>\n[\/av_textblock]\n\n[av_hr class=&#8221;invisible&#8221; icon_select=&#8221;yes&#8221; icon=&#8221;ue808&#8243; font=&#8221;entypo-fontello&#8221; position=&#8221;center&#8221; shadow=&#8221;no-shadow&#8221; height=&#8221;40&#8243; custom_border=&#8221;av-border-thin&#8221; custom_width=&#8221;50px&#8221; custom_margin_top=&#8221;30px&#8221; custom_margin_bottom=&#8221;30px&#8221; custom_border_color=&#8221;&#8221; custom_icon_color=&#8221;&#8221; av-medium-hide=&#8221;aviaTBav-medium-hide&#8221; av-small-hide=&#8221;aviaTBav-small-hide&#8221; av-mini-hide=&#8221;aviaTBav-mini-hide&#8221; id=&#8221;&#8221; custom_class=&#8221;&#8221; template_class=&#8221;&#8221; av_uid=&#8221;av-kpgqukph&#8221; sc_version=&#8221;1.0&#8243; admin_preview_bg=&#8221;&#8221;]\n\n[\/av_cell_one_third][av_cell_one_third vertical_align=&#8221;top&#8221; padding=&#8221;30px,50px,30px,50px&#8221; background=&#8221;bg_color&#8221; background_color=&#8221;#f6f6f6&#8243; background_gradient_color1=&#8221;&#8221; background_gradient_color2=&#8221;&#8221; background_gradient_direction=&#8221;vertical&#8221; src=&#8221;&#8221; attachment=&#8221;&#8221; attachment_size=&#8221;&#8221; background_attachment=&#8221;scroll&#8221; background_position=&#8221;top left&#8221; background_repeat=&#8221;no-repeat&#8221; link=&#8221;&#8221; linktarget=&#8221;&#8221; link_hover=&#8221;&#8221; mobile_display=&#8221;&#8221; custom_class=&#8221;&#8221; template_class=&#8221;&#8221; av_uid=&#8221;av-721f1x&#8221; sc_version=&#8221;1.0&#8243;]\n\n[av_hr class=&#8221;invisible&#8221; icon_select=&#8221;yes&#8221; icon=&#8221;ue808&#8243; font=&#8221;entypo-fontello&#8221; position=&#8221;center&#8221; shadow=&#8221;no-shadow&#8221; height=&#8221;40&#8243; custom_border=&#8221;av-border-thin&#8221; custom_width=&#8221;50px&#8221; custom_margin_top=&#8221;30px&#8221; custom_margin_bottom=&#8221;30px&#8221; custom_border_color=&#8221;&#8221; custom_icon_color=&#8221;&#8221; av-medium-hide=&#8221;aviaTBav-medium-hide&#8221; av-small-hide=&#8221;aviaTBav-small-hide&#8221; av-mini-hide=&#8221;aviaTBav-mini-hide&#8221; id=&#8221;&#8221; custom_class=&#8221;&#8221; template_class=&#8221;&#8221; av_uid=&#8221;av-5umhmd&#8221; sc_version=&#8221;1.0&#8243; admin_preview_bg=&#8221;&#8221;]\n\n[av_textblock size=&#8221;&#8221; av-medium-font-size=&#8221;&#8221; av-small-font-size=&#8221;&#8221; av-mini-font-size=&#8221;&#8221; font_color=&#8221;&#8221; color=&#8221;#ffffff&#8221; id=&#8221;&#8221; custom_class=&#8221;&#8221; template_class=&#8221;&#8221; av_uid=&#8221;av-9nmbx1&#8243; sc_version=&#8221;1.0&#8243; admin_preview_bg=&#8221;&#8221;]\n<div class=\"info-block\">\n<div class=\"info full\"><i class=\"fa fa-credit-card\"><\/i>  Paypal, kreditna kartica, gotovina ili debitna kartica (na licu mjesta)<\/div>\n<div class=\"info full\"><i class=\"fa fa-lock\"><\/i>  Sigurno i za\u0161ti\u0107eno pla\u0107anje uz SSL de\u0161ifriranje<\/div>\n<div class=\"info full\"><i class=\"fa fa-truck\"><\/i>  Besplatna dostava<\/div>\n<\/div>\n[\/av_textblock]\n\n[av_hr class=&#8221;invisible&#8221; icon_select=&#8221;yes&#8221; icon=&#8221;ue808&#8243; font=&#8221;entypo-fontello&#8221; position=&#8221;center&#8221; shadow=&#8221;no-shadow&#8221; height=&#8221;40&#8243; custom_border=&#8221;av-border-thin&#8221; custom_width=&#8221;50px&#8221; custom_margin_top=&#8221;30px&#8221; custom_margin_bottom=&#8221;30px&#8221; custom_border_color=&#8221;&#8221; custom_icon_color=&#8221;&#8221; av-medium-hide=&#8221;aviaTBav-medium-hide&#8221; av-small-hide=&#8221;aviaTBav-small-hide&#8221; av-mini-hide=&#8221;aviaTBav-mini-hide&#8221; id=&#8221;&#8221; custom_class=&#8221;&#8221; template_class=&#8221;&#8221; av_uid=&#8221;av-4xw2s5&#8243; sc_version=&#8221;1.0&#8243; admin_preview_bg=&#8221;&#8221;]\n\n[\/av_cell_one_third][av_cell_one_third vertical_align=&#8221;top&#8221; padding=&#8221;30px,50px,30px,50px&#8221; background=&#8221;bg_color&#8221; background_color=&#8221;#f6f6f6&#8243; background_gradient_color1=&#8221;&#8221; background_gradient_color2=&#8221;&#8221; background_gradient_direction=&#8221;vertical&#8221; src=&#8221;&#8221; attachment=&#8221;&#8221; attachment_size=&#8221;&#8221; background_attachment=&#8221;scroll&#8221; background_position=&#8221;top left&#8221; background_repeat=&#8221;no-repeat&#8221; link=&#8221;&#8221; linktarget=&#8221;&#8221; link_hover=&#8221;&#8221; mobile_display=&#8221;&#8221; custom_class=&#8221;&#8221; template_class=&#8221;&#8221; av_uid=&#8221;av-447m9x&#8221; sc_version=&#8221;1.0&#8243;]\n\n[av_hr class=&#8221;invisible&#8221; icon_select=&#8221;yes&#8221; icon=&#8221;ue808&#8243; font=&#8221;entypo-fontello&#8221; position=&#8221;center&#8221; shadow=&#8221;no-shadow&#8221; height=&#8221;40&#8243; custom_border=&#8221;av-border-thin&#8221; custom_width=&#8221;50px&#8221; custom_margin_top=&#8221;30px&#8221; custom_margin_bottom=&#8221;30px&#8221; custom_border_color=&#8221;&#8221; custom_icon_color=&#8221;&#8221; av-medium-hide=&#8221;aviaTBav-medium-hide&#8221; av-small-hide=&#8221;aviaTBav-small-hide&#8221; av-mini-hide=&#8221;aviaTBav-mini-hide&#8221; id=&#8221;&#8221; custom_class=&#8221;&#8221; template_class=&#8221;&#8221; av_uid=&#8221;av-kpgquy87&#8243; sc_version=&#8221;1.0&#8243; admin_preview_bg=&#8221;&#8221;]\n\n[av_textblock size=&#8221;&#8221; av-medium-font-size=&#8221;&#8221; av-small-font-size=&#8221;&#8221; av-mini-font-size=&#8221;&#8221; font_color=&#8221;&#8221; color=&#8221;#ffffff&#8221; id=&#8221;&#8221; custom_class=&#8221;&#8221; template_class=&#8221;&#8221; av_uid=&#8221;av-7wllj9&#8243; sc_version=&#8221;1.0&#8243; admin_preview_bg=&#8221;&#8221;]\n<div class=\"info-block\">\n<div class=\"info full\"><i class=\"fa fa-shield\"><\/i>  Jamstvo proizvo\u0111a\u010da<\/div>\n<div class=\"info full\"><i class=\"fa fa-exchange\"><\/i>  Napravljeno brzo i jednostavno.  <a href=\"https:\/\/formar.shop\/hr\/pravila-vracanja\/\">Vi\u0161e detalja<\/a><\/div>\n<div class=\"info full\"><i class=\"fas fa-exclamation-circle\"><\/i>  Prijavite anomaliju o ovom proizvodu, <a href=\"https:\/\/formar-contract.it\/contattaci\/\" target=\"_blank\" rel=\"noopener\">KLIKNITE OVDJE!<\/a><\/div>\n<\/div>\n[\/av_textblock]\n\n[av_hr class=&#8221;invisible&#8221; icon_select=&#8221;yes&#8221; icon=&#8221;ue808&#8243; font=&#8221;entypo-fontello&#8221; position=&#8221;center&#8221; shadow=&#8221;no-shadow&#8221; height=&#8221;40&#8243; custom_border=&#8221;av-border-thin&#8221; custom_width=&#8221;50px&#8221; custom_margin_top=&#8221;30px&#8221; custom_margin_bottom=&#8221;30px&#8221; custom_border_color=&#8221;&#8221; custom_icon_color=&#8221;&#8221; id=&#8221;&#8221; custom_class=&#8221;&#8221; template_class=&#8221;&#8221; av_uid=&#8221;av-2rs7xh&#8221; sc_version=&#8221;1.0&#8243; admin_preview_bg=&#8221;&#8221;]\n\n[\/av_cell_one_third]\n[\/av_layout_row]\n\n[av_section min_height=&#8221;&#8221; min_height_pc=&#8221;25&#8243; min_height_px=&#8221;500px&#8221; padding=&#8221;small&#8221; custom_margin=&#8221;0px&#8221; custom_margin_sync=&#8221;true&#8221; color=&#8221;footer_color&#8221; background=&#8221;bg_color&#8221; custom_bg=&#8221;#111111&#8243; background_gradient_color1=&#8221;&#8221; background_gradient_color2=&#8221;&#8221; background_gradient_direction=&#8221;vertical&#8221; src=&#8221;&#8221; attachment=&#8221;&#8221; attachment_size=&#8221;&#8221; attach=&#8221;scroll&#8221; position=&#8221;top left&#8221; repeat=&#8221;no-repeat&#8221; video=&#8221;&#8221; video_ratio=&#8221;16:9&#8243; overlay_opacity=&#8221;0.5&#8243; overlay_color=&#8221;&#8221; overlay_pattern=&#8221;&#8221; overlay_custom_pattern=&#8221;&#8221; shadow=&#8221;no-border-styling&#8221; bottom_border=&#8221;no-border-styling&#8221; bottom_border_diagonal_color=&#8221;#333333&#8243; bottom_border_diagonal_direction=&#8221;&#8221; bottom_border_style=&#8221;&#8221; custom_arrow_bg=&#8221;&#8221; id=&#8221;footer&#8221; custom_class=&#8221;&#8221; template_class=&#8221;&#8221; aria_label=&#8221;&#8221; av_element_hidden_in_editor=&#8221;0&#8243; av_uid=&#8221;av-kpgprncu&#8221; sc_version=&#8221;1.0&#8243;]\n[av_one_third first min_height=&#8221;&#8221; vertical_alignment=&#8221;av-align-top&#8221; space=&#8221;&#8221; row_boxshadow=&#8221;&#8221; row_boxshadow_color=&#8221;&#8221; row_boxshadow_width=&#8221;10&#8243; custom_margin=&#8221;&#8221; margin=&#8221;0px&#8221; mobile_breaking=&#8221;&#8221; border=&#8221;&#8221; border_color=&#8221;&#8221; radius=&#8221;0px&#8221; padding=&#8221;0px&#8221; column_boxshadow=&#8221;&#8221; column_boxshadow_color=&#8221;&#8221; column_boxshadow_width=&#8221;10&#8243; background=&#8221;bg_color&#8221; background_color=&#8221;&#8221; background_gradient_color1=&#8221;&#8221; background_gradient_color2=&#8221;&#8221; background_gradient_direction=&#8221;vertical&#8221; src=&#8221;&#8221; background_position=&#8221;top left&#8221; background_repeat=&#8221;no-repeat&#8221; highlight=&#8221;&#8221; highlight_size=&#8221;&#8221; animation=&#8221;&#8221; link=&#8221;&#8221; linktarget=&#8221;&#8221; link_hover=&#8221;&#8221; title_attr=&#8221;&#8221; alt_attr=&#8221;&#8221; mobile_display=&#8221;&#8221; id=&#8221;&#8221; custom_class=&#8221;&#8221; template_class=&#8221;&#8221; aria_label=&#8221;&#8221; av_uid=&#8221;av-amxjt1&#8243; sc_version=&#8221;1.0&#8243;]\n\n[av_sidebar widget_area=&#8221;Footer &#8211; column1&#8243; av_uid=&#8221;av-9drlut&#8221;]\n\n[\/av_one_third][av_one_third min_height=&#8221;&#8221; vertical_alignment=&#8221;av-align-top&#8221; space=&#8221;&#8221; row_boxshadow=&#8221;&#8221; row_boxshadow_color=&#8221;&#8221; row_boxshadow_width=&#8221;10&#8243; custom_margin=&#8221;&#8221; margin=&#8221;0px&#8221; mobile_breaking=&#8221;&#8221; border=&#8221;&#8221; border_color=&#8221;&#8221; radius=&#8221;0px&#8221; padding=&#8221;0px&#8221; column_boxshadow=&#8221;&#8221; column_boxshadow_color=&#8221;&#8221; column_boxshadow_width=&#8221;10&#8243; background=&#8221;bg_color&#8221; background_color=&#8221;&#8221; background_gradient_color1=&#8221;&#8221; background_gradient_color2=&#8221;&#8221; background_gradient_direction=&#8221;vertical&#8221; src=&#8221;&#8221; background_position=&#8221;top left&#8221; background_repeat=&#8221;no-repeat&#8221; highlight=&#8221;&#8221; highlight_size=&#8221;&#8221; animation=&#8221;&#8221; link=&#8221;&#8221; linktarget=&#8221;&#8221; link_hover=&#8221;&#8221; title_attr=&#8221;&#8221; alt_attr=&#8221;&#8221; mobile_display=&#8221;&#8221; id=&#8221;&#8221; custom_class=&#8221;&#8221; template_class=&#8221;&#8221; aria_label=&#8221;&#8221; av_uid=&#8221;av-7u05c5&#8243; sc_version=&#8221;1.0&#8243;]\n\n[av_sidebar widget_area=&#8221;Footer &#8211; column2&#8243; av_uid=&#8221;av-69s6ol&#8221;]\n\n[\/av_one_third][av_one_third min_height=&#8221;&#8221; vertical_alignment=&#8221;av-align-top&#8221; space=&#8221;&#8221; row_boxshadow=&#8221;&#8221; row_boxshadow_color=&#8221;&#8221; row_boxshadow_width=&#8221;10&#8243; custom_margin=&#8221;&#8221; margin=&#8221;0px&#8221; mobile_breaking=&#8221;&#8221; border=&#8221;&#8221; border_color=&#8221;&#8221; radius=&#8221;0px&#8221; padding=&#8221;0px&#8221; column_boxshadow=&#8221;&#8221; column_boxshadow_color=&#8221;&#8221; column_boxshadow_width=&#8221;10&#8243; background=&#8221;bg_color&#8221; background_color=&#8221;&#8221; background_gradient_color1=&#8221;&#8221; background_gradient_color2=&#8221;&#8221; background_gradient_direction=&#8221;vertical&#8221; src=&#8221;&#8221; background_position=&#8221;top left&#8221; background_repeat=&#8221;no-repeat&#8221; highlight=&#8221;&#8221; highlight_size=&#8221;&#8221; animation=&#8221;&#8221; link=&#8221;&#8221; linktarget=&#8221;&#8221; link_hover=&#8221;&#8221; title_attr=&#8221;&#8221; alt_attr=&#8221;&#8221; mobile_display=&#8221;&#8221; id=&#8221;&#8221; custom_class=&#8221;&#8221; template_class=&#8221;&#8221; aria_label=&#8221;&#8221; av_uid=&#8221;av-3tyj8l&#8221; sc_version=&#8221;1.0&#8243;]\n\n[av_sidebar widget_area=&#8221;Footer &#8211; column3&#8243; av_uid=&#8221;av-22txyt&#8221;]\n\n[\/av_one_third]\n[\/av_section]\n\n[av_section min_height=&#8221;&#8221; min_height_pc=&#8221;25&#8243; min_height_px=&#8221;500px&#8221; padding=&#8221;no-padding&#8221; custom_margin=&#8221;0px&#8221; custom_margin_sync=&#8221;true&#8221; color=&#8221;main_color&#8221; background=&#8221;bg_color&#8221; custom_bg=&#8221;#333333&#8243; background_gradient_color1=&#8221;&#8221; background_gradient_color2=&#8221;&#8221; background_gradient_direction=&#8221;vertical&#8221; src=&#8221;&#8221; attachment=&#8221;&#8221; attachment_size=&#8221;&#8221; attach=&#8221;scroll&#8221; position=&#8221;top left&#8221; repeat=&#8221;no-repeat&#8221; video=&#8221;&#8221; video_ratio=&#8221;16:9&#8243; overlay_opacity=&#8221;0.5&#8243; overlay_color=&#8221;&#8221; overlay_pattern=&#8221;&#8221; overlay_custom_pattern=&#8221;&#8221; shadow=&#8221;no-border-styling&#8221; bottom_border=&#8221;no-border-styling&#8221; bottom_border_diagonal_color=&#8221;#333333&#8243; bottom_border_diagonal_direction=&#8221;&#8221; bottom_border_style=&#8221;&#8221; custom_arrow_bg=&#8221;&#8221; id=&#8221;socket&#8221; custom_class=&#8221;&#8221; template_class=&#8221;&#8221; aria_label=&#8221;&#8221; av_element_hidden_in_editor=&#8221;0&#8243; av_uid=&#8221;av-kpgpohvw&#8221; sc_version=&#8221;1.0&#8243;]\n\n[av_textblock size=&#8221;12&#8243; av-medium-font-size=&#8221;&#8221; av-small-font-size=&#8221;&#8221; av-mini-font-size=&#8221;&#8221; font_color=&#8221;custom&#8221; color=&#8221;#ffffff&#8221; id=&#8221;&#8221; custom_class=&#8221;&#8221; template_class=&#8221;&#8221; av_uid=&#8221;av-kpgppb3s&#8221; sc_version=&#8221;1.0&#8243; admin_preview_bg=&#8221;&#8221;]\nFormar Contract srl &#8211; CF i PDV: IT02722120421 &#8211; Dioni\u010dki kapital: 50.000 \u20ac &#8211; REA: AN &#8211; 210040<i class=\"fa fa-envelope\" style=\"margin: 0 5px 0 10px\" aria-hidden=\"true\"><\/i> <a href=\"mailto:info@pec.formar-contract.it\">info@pec.formar-contract.it<\/a>\n<i class=\"fa fa-map-marker\" style=\"margin: 0 5px 0 0px\" aria-hidden=\"true\"><\/i> Registrirani ured i tvornica: Via del Consorzio 44, Falconara Marittima (AN)<i class=\"fa fa-phone\" style=\"margin: 0 5px 0 10px\" aria-hidden=\"true\"><\/i> Komercijalni: <a href=\"tel:+39800122267\">800 122267<\/a><i class=\"fa fa-phone\" style=\"margin: 0 5px 0 10px\" aria-hidden=\"true\"><\/i> Tel.071 <a href=\"tel:+390715906063\">590.60.63<\/a><i class=\"fa fa-envelope\" style=\"margin: 0 5px 0 10px\" aria-hidden=\"true\"><\/i> <a href=\"mailto:info@formar-contract.it\">info@formar-contract.it<\/a>\n[\/av_textblock]\n\n[\/av_section]\n\n<p><\/p>\n","protected":false},"excerpt":{"rendered":"[av_layout_row border=&#8221;&#8221; min_height_percent=&#8221;&#8221; min_height_pc=&#8221;25&#8243; min_height=&#8221;0&#8243; color=&#8221;main_color&#8221; mobile=&#8221;av-flex-cells&#8221; mobile_breaking=&#8221;av-break-at-tablet&#8221; id=&#8221;3col&#8221; custom_class=&#8221;sidebar-prodotti&#8221; template_class=&#8221;&#8221; aria_label=&#8221;&#8221; av_element_hidden_in_editor=&#8221;0&#8243; av_uid=&#8221;av-bsrw79&#8243; sc_version=&#8221;1.0&#8243;] [av_cell_one_third vertical_align=&#8221;top&#8221; padding=&#8221;30px,50px,30px,50px&#8221; background=&#8221;bg_color&#8221; background_color=&#8221;#f6f6f6&#8243; background_gradient_color1=&#8221;&#8221; background_gradient_color2=&#8221;&#8221; background_gradient_direction=&#8221;vertical&#8221; src=&#8221;&#8221; attachment=&#8221;&#8221; attachment_size=&#8221;&#8221; background_attachment=&#8221;scroll&#8221; background_position=&#8221;top left&#8221; background_repeat=&#8221;no-repeat&#8221; link=&#8221;&#8221; linktarget=&#8221;&#8221; link_hover=&#8221;&#8221; mobile_display=&#8221;&#8221; custom_class=&#8221;&#8221; template_class=&#8221;&#8221; av_uid=&#8221;av-bigo05&#8243; sc_version=&#8221;1.0&#8243;] [av_hr class=&#8221;invisible&#8221; icon_select=&#8221;yes&#8221; icon=&#8221;ue808&#8243; font=&#8221;entypo-fontello&#8221; position=&#8221;center&#8221; shadow=&#8221;no-shadow&#8221; height=&#8221;40&#8243; custom_border=&#8221;av-border-thin&#8221; custom_width=&#8221;50px&#8221; custom_margin_top=&#8221;30px&#8221; custom_margin_bottom=&#8221;30px&#8221; custom_border_color=&#8221;&#8221; custom_icon_color=&#8221;&#8221; id=&#8221;&#8221; custom_class=&#8221;&#8221; template_class=&#8221;&#8221; [&#8230;]\n","protected":false},"author":5,"featured_media":0,"parent":0,"menu_order":0,"comment_status":"closed","ping_status":"closed","template":"","meta":{"_joinchat":[],"footnotes":""},"class_list":["post-48422","page","type-page","status-publish","hentry"],"yoast_head":"<!-- This site is optimized with the Yoast SEO plugin v27.3 - https:\/\/yoast.com\/product\/yoast-seo-wordpress\/ -->\n<title>podno\u017eje - Formar.shop<\/title>\n<meta name=\"robots\" content=\"index, follow, max-snippet:-1, max-image-preview:large, max-video-preview:-1\" \/>\n<link rel=\"canonical\" href=\"https:\/\/formar.shop\/hr\/podnozje\/\" \/>\n<script type=\"application\/ld+json\" class=\"yoast-schema-graph\">{\"@context\":\"https:\\\/\\\/schema.org\",\"@graph\":[{\"@type\":\"WebPage\",\"@id\":\"https:\\\/\\\/formar.shop\\\/hr\\\/podnozje\\\/\",\"url\":\"https:\\\/\\\/formar.shop\\\/hr\\\/podnozje\\\/\",\"name\":\"podno\u017eje - Formar.shop\",\"isPartOf\":{\"@id\":\"https:\\\/\\\/formar.shop\\\/hr\\\/#website\"},\"datePublished\":\"2025-01-18T20:39:46+00:00\",\"dateModified\":\"2025-01-30T20:27:59+00:00\",\"breadcrumb\":{\"@id\":\"https:\\\/\\\/formar.shop\\\/hr\\\/podnozje\\\/#breadcrumb\"},\"inLanguage\":\"hr\",\"potentialAction\":[{\"@type\":\"ReadAction\",\"target\":[\"https:\\\/\\\/formar.shop\\\/hr\\\/podnozje\\\/\"]}]},{\"@type\":\"BreadcrumbList\",\"@id\":\"https:\\\/\\\/formar.shop\\\/hr\\\/podnozje\\\/#breadcrumb\",\"itemListElement\":[{\"@type\":\"ListItem\",\"position\":1,\"name\":\"Home\",\"item\":\"https:\\\/\\\/formar.shop\\\/hr\\\/automatski-nacrt\\\/\"},{\"@type\":\"ListItem\",\"position\":2,\"name\":\"podno\u017eje\"}]},{\"@type\":\"WebSite\",\"@id\":\"https:\\\/\\\/formar.shop\\\/hr\\\/#website\",\"url\":\"https:\\\/\\\/formar.shop\\\/hr\\\/\",\"name\":\"Formar.shop\",\"description\":\"Soluzioni espresse con stile\",\"potentialAction\":[{\"@type\":\"SearchAction\",\"target\":{\"@type\":\"EntryPoint\",\"urlTemplate\":\"https:\\\/\\\/formar.shop\\\/hr\\\/?s={search_term_string}\"},\"query-input\":{\"@type\":\"PropertyValueSpecification\",\"valueRequired\":true,\"valueName\":\"search_term_string\"}}],\"inLanguage\":\"hr\"}]}<\/script>\n<!-- \/ Yoast SEO plugin. -->","yoast_head_json":{"title":"podno\u017eje - Formar.shop","robots":{"index":"index","follow":"follow","max-snippet":"max-snippet:-1","max-image-preview":"max-image-preview:large","max-video-preview":"max-video-preview:-1"},"canonical":"https:\/\/formar.shop\/hr\/podnozje\/","schema":{"@context":"https:\/\/schema.org","@graph":[{"@type":"WebPage","@id":"https:\/\/formar.shop\/hr\/podnozje\/","url":"https:\/\/formar.shop\/hr\/podnozje\/","name":"podno\u017eje - Formar.shop","isPartOf":{"@id":"https:\/\/formar.shop\/hr\/#website"},"datePublished":"2025-01-18T20:39:46+00:00","dateModified":"2025-01-30T20:27:59+00:00","breadcrumb":{"@id":"https:\/\/formar.shop\/hr\/podnozje\/#breadcrumb"},"inLanguage":"hr","potentialAction":[{"@type":"ReadAction","target":["https:\/\/formar.shop\/hr\/podnozje\/"]}]},{"@type":"BreadcrumbList","@id":"https:\/\/formar.shop\/hr\/podnozje\/#breadcrumb","itemListElement":[{"@type":"ListItem","position":1,"name":"Home","item":"https:\/\/formar.shop\/hr\/automatski-nacrt\/"},{"@type":"ListItem","position":2,"name":"podno\u017eje"}]},{"@type":"WebSite","@id":"https:\/\/formar.shop\/hr\/#website","url":"https:\/\/formar.shop\/hr\/","name":"Formar.shop","description":"Soluzioni espresse con stile","potentialAction":[{"@type":"SearchAction","target":{"@type":"EntryPoint","urlTemplate":"https:\/\/formar.shop\/hr\/?s={search_term_string}"},"query-input":{"@type":"PropertyValueSpecification","valueRequired":true,"valueName":"search_term_string"}}],"inLanguage":"hr"}]}},"_links":{"self":[{"href":"https:\/\/formar.shop\/hr\/wp-json\/wp\/v2\/pages\/48422","targetHints":{"allow":["GET"]}}],"collection":[{"href":"https:\/\/formar.shop\/hr\/wp-json\/wp\/v2\/pages"}],"about":[{"href":"https:\/\/formar.shop\/hr\/wp-json\/wp\/v2\/types\/page"}],"author":[{"embeddable":true,"href":"https:\/\/formar.shop\/hr\/wp-json\/wp\/v2\/users\/5"}],"replies":[{"embeddable":true,"href":"https:\/\/formar.shop\/hr\/wp-json\/wp\/v2\/comments?post=48422"}],"version-history":[{"count":2,"href":"https:\/\/formar.shop\/hr\/wp-json\/wp\/v2\/pages\/48422\/revisions"}],"predecessor-version":[{"id":50028,"href":"https:\/\/formar.shop\/hr\/wp-json\/wp\/v2\/pages\/48422\/revisions\/50028"}],"wp:attachment":[{"href":"https:\/\/formar.shop\/hr\/wp-json\/wp\/v2\/media?parent=48422"}],"curies":[{"name":"wp","href":"https:\/\/api.w.org\/{rel}","templated":true}]}}