{"id":44961,"date":"2025-01-18T21:28:15","date_gmt":"2025-01-18T20:28:15","guid":{"rendered":"https:\/\/formar.shop\/prodotto\/etagere-de-rangement-mur-de-cellules\/"},"modified":"2025-01-18T21:28:26","modified_gmt":"2025-01-18T20:28:26","slug":"etagere-de-rangement-mur-de-cellules","status":"publish","type":"product","link":"https:\/\/formar.shop\/fr\/prodotto\/etagere-de-rangement-mur-de-cellules\/","title":{"rendered":"\u00c9tag\u00e8re de rangement &#8211; Mur de cellules"},"content":{"rendered":"<div class=\"is-divider divider clearfix\" style=\"max-width:2000px;\"><\/div>\n<div class=\"slider-wrapper relative\" id=\"slider-1042809451\" >\n    <div class=\"slider slider-nav-circle slider-nav-large slider-nav-dark slider-style-normal\"\n        data-flickity-options='{\n            \"cellAlign\": \"center\",\n            \"imagesLoaded\": true,\n            \"lazyLoad\": 1,\n            \"freeScroll\": false,\n            \"wrapAround\": true,\n            \"autoPlay\": 6000,\n            \"pauseAutoPlayOnHover\" : true,\n            \"prevNextButtons\": true,\n            \"contain\" : true,\n            \"adaptiveHeight\" : true,\n            \"dragThreshold\" : 10,\n            \"percentPosition\": true,\n            \"pageDots\": true,\n            \"rightToLeft\": false,\n            \"draggable\": true,\n            \"selectedAttraction\": 0.1,\n            \"parallax\" : 0,\n            \"friction\": 0.6        }'\n        >\n        \n\t<div class=\"img has-hover x md-x lg-x y md-y lg-y\" id=\"image_990593752\">\n\t\t\t\t\t\t\t\t<div class=\"img-inner dark\" >\n\t\t\t\t\t\t\t\t\t\n\t\t\t\t\t<\/div>\n\t\t\t\t\t\t\t\t\n<style>\n#image_990593752 {\n  width: 100%;\n}\n<\/style>\n\t<\/div>\n\t\n\t<div class=\"img has-hover x md-x lg-x y md-y lg-y\" id=\"image_373064611\">\n\t\t\t\t\t\t\t\t<div class=\"img-inner dark\" >\n\t\t\t<img loading=\"lazy\" decoding=\"async\" width=\"1012\" height=\"1012\" src=\"https:\/\/static.formar.net\/wp-content\/uploads\/2020\/12\/22152448\/Immagini-di-prodotto-x-Amazon-23.png\" class=\"attachment-large size-large\" alt=\"\" srcset=\"https:\/\/static.formar.net\/wp-content\/uploads\/2020\/12\/22152448\/Immagini-di-prodotto-x-Amazon-23.png 1012w, https:\/\/static.formar.net\/wp-content\/uploads\/2020\/12\/22152448\/Immagini-di-prodotto-x-Amazon-23-100x100.png 100w, https:\/\/static.formar.net\/wp-content\/uploads\/2020\/12\/22152448\/Immagini-di-prodotto-x-Amazon-23-510x510.png 510w, https:\/\/static.formar.net\/wp-content\/uploads\/2020\/12\/22152448\/Immagini-di-prodotto-x-Amazon-23-300x300.png 300w, https:\/\/static.formar.net\/wp-content\/uploads\/2020\/12\/22152448\/Immagini-di-prodotto-x-Amazon-23-80x80.png 80w, https:\/\/static.formar.net\/wp-content\/uploads\/2020\/12\/22152448\/Immagini-di-prodotto-x-Amazon-23-768x768.png 768w, https:\/\/static.formar.net\/wp-content\/uploads\/2020\/12\/22152448\/Immagini-di-prodotto-x-Amazon-23-36x36.png 36w, https:\/\/static.formar.net\/wp-content\/uploads\/2020\/12\/22152448\/Immagini-di-prodotto-x-Amazon-23-180x180.png 180w, https:\/\/static.formar.net\/wp-content\/uploads\/2020\/12\/22152448\/Immagini-di-prodotto-x-Amazon-23-705x705.png 705w, https:\/\/static.formar.net\/wp-content\/uploads\/2020\/12\/22152448\/Immagini-di-prodotto-x-Amazon-23-600x600.png 600w\" sizes=\"auto, (max-width: 1012px) 100vw, 1012px\" \/>\t\t\t\t\t\t\n\t\t\t\t\t<\/div>\n\t\t\t\t\t\t\t\t\n<style>\n#image_373064611 {\n  width: 100%;\n}\n<\/style>\n\t<\/div>\n\t\n     <\/div>\n\n     <div class=\"loading-spin dark large centered\"><\/div>\n\n\t<\/div>\n\n\n<h3>PAROI DE LA CELLULE &#8211; \u00c9TAG\u00c8RE DE RANGEMENT<\/h3>\n<p>Vous \u00eates \u00e0 la recherche d&rsquo;une solution d&rsquo;ameublement impressionnante qui allie praticit\u00e9 et design ?<br \/>\nL&rsquo;\u00e9tag\u00e8re murale Cell Wall convient \u00e0 tous les types d&rsquo;environnements.<br \/>\nIl s&rsquo;agit d&rsquo;un meuble <strong>simple<\/strong> et <strong>moderne <\/strong>fabriqu\u00e9 en polypropyl\u00e8ne blanc durable.<br \/>\nLaissez libre cours \u00e0 votre imagination et cr\u00e9ez une <strong>composition personnalis\u00e9e<\/strong> en pla\u00e7ant plusieurs \u00e9tag\u00e8res Cell Wall c\u00f4te \u00e0 c\u00f4te afin d&rsquo;exposer ce qui vous pla\u00eet le plus. <\/p>\n<h3 class=\"av-special-heading-tag \">DESIGN PRODUIT<\/h3>\n<p>Il a \u00e9t\u00e9 con\u00e7u et dessin\u00e9 par le designer italien Mario Mazzer, dipl\u00f4m\u00e9 en architecture de l&rsquo;\u00c9cole polytechnique de Milan en 1978 et en design industriel de la Scuola Politecnica di Design de Milan en 1979.<br \/>\nIl s&rsquo;y est form\u00e9 dans les ann\u00e9es 1970 en collaborant avec les ma\u00eetres du design italien et, en 1980, il a fond\u00e9 Mario Mazzer Architects \u00e0 Conegliano Veneto. Plusieurs fois prim\u00e9, il a re\u00e7u en 1996 une mention honorable \u00e0 l&rsquo;ID Annual Design Review de New York. En exposant son travail, il a grandement contribu\u00e9 \u00e0 promouvoir la popularit\u00e9 des produits italiens dans le monde entier.  <\/p>\n<h3 class=\"av-special-heading-tag \">FIXATION FACILE AUX MURS<\/h3>\n<p>L&rsquo;\u00e9tag\u00e8re de rangement Cell Wall est livr\u00e9e <strong>d\u00e9j\u00e0 assembl\u00e9e<\/strong> et pr\u00eate \u00e0 \u00eatre accroch\u00e9e au mur.<br \/>\nElle est l\u00e9g\u00e8re, <strong>peu encombrante<\/strong> et permet de cr\u00e9er une biblioth\u00e8que simple et minimaliste lorsqu&rsquo;elle est combin\u00e9e \u00e0 plusieurs unit\u00e9s.<\/p>\n<h3 id=\"h-finiture-di-qualit-e-made-in-italy\">DIMENSIONS DU PRODUIT<\/h3>\n<p>Le produit mesure : &#8211; 44 cm de long &#8211; 21,5 cm de profondeur &#8211; 44 cm de haut<\/p>\n<h3>L&rsquo;ENTRETIEN ET LA MAINTENANCE :<\/h3>\n<p>Testez d&rsquo;abord la compatibilit\u00e9 des nettoyants sur une zone non visible.<br \/>\nN&rsquo;utilisez jamais de nettoyants ou de produits de polissage contenant des particules abrasives ou d\u00e9graissantes.<br \/>\nEssuyez toujours avec un chiffon humide et s\u00e9chez.<\/p>\n\n\t<section class=\"section\" id=\"section_1701353013\">\n\t\t<div class=\"section-bg fill\" >\n\t\t\t\t\t\t\t\t\t\n\t\t\t\n\n\t\t<\/div>\n\n\t\t\n\n\t\t<div class=\"section-content relative\">\n\t\t\t\n<div class=\"is-divider divider clearfix\" style=\"max-width:1000px;\"><\/div>\n<div class=\"row row-solid\"  id=\"row-1753890557\">\n\n\t<div id=\"col-1507052926\" class=\"col medium-3 small-12 large-3\"  >\n\t\t\t\t<div class=\"col-inner\"  >\n\t\t\t\n\t\t\t\n\n\t\t<div class=\"icon-box featured-box icon-box-center text-center\"  >\n\t\t\t\t\t<div class=\"icon-box-img\" style=\"width: 50px\">\n\t\t\t\t<div class=\"icon\">\n\t\t\t\t\t<div class=\"icon-inner\" >\n\t\t\t\t\t\t<img loading=\"lazy\" decoding=\"async\" width=\"128\" height=\"128\" src=\"https:\/\/static.formar.net\/wp-content\/uploads\/sites\/1\/2022\/10\/02111131\/2703076-128-1-1.png\" class=\"attachment-medium size-medium\" alt=\"\" srcset=\"https:\/\/static.formar.net\/wp-content\/uploads\/sites\/1\/2022\/10\/02111131\/2703076-128-1-1.png 128w, https:\/\/static.formar.net\/wp-content\/uploads\/sites\/1\/2022\/10\/02111131\/2703076-128-1-1-80x80.png 80w, https:\/\/static.formar.net\/wp-content\/uploads\/sites\/1\/2022\/10\/02111131\/2703076-128-1-1-100x100.png 100w, https:\/\/static.formar.net\/wp-content\/uploads\/sites\/1\/2022\/10\/02111131\/2703076-128-1-1-50x50.png 50w\" sizes=\"auto, (max-width: 128px) 100vw, 128px\" \/>\t\t\t\t\t<\/div>\n\t\t\t\t<\/div>\n\t\t\t<\/div>\n\t\t\t\t<div class=\"icon-box-text last-reset\">\n\t\t\t\t\t\t\t\t\t\n<h3>Un service client\u00e8le toujours disponible<\/h3>\n<p>Vous pouvez nous joindre par WhatsApp :  <a href=\"https:\/\/api.whatsapp.com\/send\/?phone=390715906063&amp;text&amp;type=phone_number&amp;app_absent=0\">+39 071 5906063<\/a><\/p>\n<p>Commandes par t\u00e9l\u00e9phone : <a href=\"tel:+39800122267\">800 122 267<\/a><\/p>\n\t\t<\/div>\n\t<\/div>\n\t\n\t\n\t\t<\/div>\n\t\t\t\t\t<\/div>\n\n\t\n\n\t<div id=\"col-931260416\" class=\"col medium-3 small-12 large-3\"  >\n\t\t\t\t<div class=\"col-inner\"  >\n\t\t\t\n\t\t\t\n\n\t\t<div class=\"icon-box featured-box icon-box-center text-center\"  >\n\t\t\t\t\t<div class=\"icon-box-img\" style=\"width: 50px\">\n\t\t\t\t<div class=\"icon\">\n\t\t\t\t\t<div class=\"icon-inner\" >\n\t\t\t\t\t\t<img loading=\"lazy\" decoding=\"async\" width=\"256\" height=\"256\" src=\"https:\/\/static.formar.net\/wp-content\/uploads\/sites\/1\/2022\/11\/02111117\/Icona-carta-di-credito.png\" class=\"attachment-medium size-medium\" alt=\"\" srcset=\"https:\/\/static.formar.net\/wp-content\/uploads\/sites\/1\/2022\/11\/02111117\/Icona-carta-di-credito.png 256w, https:\/\/static.formar.net\/wp-content\/uploads\/sites\/1\/2022\/11\/02111117\/Icona-carta-di-credito-80x80.png 80w, https:\/\/static.formar.net\/wp-content\/uploads\/sites\/1\/2022\/11\/02111117\/Icona-carta-di-credito-100x100.png 100w, https:\/\/static.formar.net\/wp-content\/uploads\/sites\/1\/2022\/11\/02111117\/Icona-carta-di-credito-50x50.png 50w\" sizes=\"auto, (max-width: 256px) 100vw, 256px\" \/>\t\t\t\t\t<\/div>\n\t\t\t\t<\/div>\n\t\t\t<\/div>\n\t\t\t\t<div class=\"icon-box-text last-reset\">\n\t\t\t\t\t\t\t\t\t\n<h3>Choisissez le mode de paiement<\/h3>\n<p>Paiement par Paypal, carte de cr\u00e9dit, esp\u00e8ces ou Bancomat (sur place) et contre remboursement.<\/p>\n\t\t<\/div>\n\t<\/div>\n\t\n\t\n\t\t<\/div>\n\t\t\t\t\t<\/div>\n\n\t\n\n\t<div id=\"col-1533577378\" class=\"col medium-3 small-12 large-3\"  >\n\t\t\t\t<div class=\"col-inner\"  >\n\t\t\t\n\t\t\t\n\n\t\t<div class=\"icon-box featured-box icon-box-center text-center\"  >\n\t\t\t\t\t<div class=\"icon-box-img\" style=\"width: 50px\">\n\t\t\t\t<div class=\"icon\">\n\t\t\t\t\t<div class=\"icon-inner\" >\n\t\t\t\t\t\t<img loading=\"lazy\" decoding=\"async\" width=\"128\" height=\"128\" src=\"https:\/\/static.formar.net\/wp-content\/uploads\/sites\/1\/2022\/10\/02111130\/3669335-128-1.png\" class=\"attachment-medium size-medium\" alt=\"\" srcset=\"https:\/\/static.formar.net\/wp-content\/uploads\/sites\/1\/2022\/10\/02111130\/3669335-128-1.png 128w, https:\/\/static.formar.net\/wp-content\/uploads\/sites\/1\/2022\/10\/02111130\/3669335-128-1-80x80.png 80w, https:\/\/static.formar.net\/wp-content\/uploads\/sites\/1\/2022\/10\/02111130\/3669335-128-1-100x100.png 100w, https:\/\/static.formar.net\/wp-content\/uploads\/sites\/1\/2022\/10\/02111130\/3669335-128-1-50x50.png 50w\" sizes=\"auto, (max-width: 128px) 100vw, 128px\" \/>\t\t\t\t\t<\/div>\n\t\t\t\t<\/div>\n\t\t\t<\/div>\n\t\t\t\t<div class=\"icon-box-text last-reset\">\n\t\t\t\t\t\t\t\t\t\n<h3>Retour facile et sans souci<\/h3>\n<p>En cas de probl\u00e8me, nous organisons le ramassage directement \u00e0 votre adresse.<a href=\"https:\/\/formar.shop\/fr\/regles-en-matiere-de-retour\/\">(Plus de d\u00e9tails<\/a>).<\/p>\n\t\t<\/div>\n\t<\/div>\n\t\n\t\n\t\t<\/div>\n\t\t\t\t\t<\/div>\n\n\t\n\n\t<div id=\"col-608673327\" class=\"col medium-3 small-12 large-3\"  >\n\t\t\t\t<div class=\"col-inner\"  >\n\t\t\t\n\t\t\t\n\n\t\t<div class=\"icon-box featured-box icon-box-center text-center\"  >\n\t\t\t\t\t<div class=\"icon-box-img\" style=\"width: 50px\">\n\t\t\t\t<div class=\"icon\">\n\t\t\t\t\t<div class=\"icon-inner\" >\n\t\t\t\t\t\t<img loading=\"lazy\" decoding=\"async\" width=\"128\" height=\"128\" src=\"https:\/\/static.formar.net\/wp-content\/uploads\/sites\/1\/2022\/10\/02111130\/5959201-128-1.png\" class=\"attachment-medium size-medium\" alt=\"\" srcset=\"https:\/\/static.formar.net\/wp-content\/uploads\/sites\/1\/2022\/10\/02111130\/5959201-128-1.png 128w, https:\/\/static.formar.net\/wp-content\/uploads\/sites\/1\/2022\/10\/02111130\/5959201-128-1-80x80.png 80w, https:\/\/static.formar.net\/wp-content\/uploads\/sites\/1\/2022\/10\/02111130\/5959201-128-1-100x100.png 100w, https:\/\/static.formar.net\/wp-content\/uploads\/sites\/1\/2022\/10\/02111130\/5959201-128-1-50x50.png 50w\" sizes=\"auto, (max-width: 128px) 100vw, 128px\" \/>\t\t\t\t\t<\/div>\n\t\t\t\t<\/div>\n\t\t\t<\/div>\n\t\t\t\t<div class=\"icon-box-text last-reset\">\n\t\t\t\t\t\t\t\t\t\n<h3>Garantie du fabricant et pi\u00e8ces de rechange<\/h3>\n<p>Tous nos produits b\u00e9n\u00e9ficient de notre garantie. Pour de nombreux produits, nous garantissons les pi\u00e8ces de rechange pendant la m\u00eame p\u00e9riode.<\/p>\n\t\t<\/div>\n\t<\/div>\n\t\n\t\n\t\t<\/div>\n\t\t\t\t\t<\/div>\n\n\t\n\n<style>\n#row-1753890557 > .col > .col-inner {\n  padding: 20px 20px 20px 20px;\n}\n<\/style>\n<\/div>\n\t\t<\/div>\n\n\t\t\n<style>\n#section_1701353013 {\n  padding-top: 30px;\n  padding-bottom: 30px;\n}\n<\/style>\n\t<\/section>\n\t\n","protected":false},"excerpt":{"rendered":"<p>L&rsquo;\u00e9tag\u00e8re de rangement Cell Wall est fabriqu\u00e9e en polypropyl\u00e8ne blanc et pr\u00e9sente une ligne esth\u00e9tique simple et contemporaine.<br \/>\nElle a \u00e9t\u00e9 con\u00e7ue et dessin\u00e9e par le designer italien Mario Mazzer pour meubler avec go\u00fbt n&rsquo;importe quelle pi\u00e8ce.<br \/>\nElle est spacieuse et durable, id\u00e9ale pour exposer des objets, des petites plantes, des livres et pour ranger des dossiers.<br \/>\nIl est facile \u00e0 positionner et peut \u00eatre assembl\u00e9 individuellement ou cr\u00e9er diff\u00e9rentes compositions avec d&rsquo;autres \u00e9l\u00e9ments.<br \/>\nSon style minimaliste ajoutera une touche suppl\u00e9mentaire \u00e0 vos murs.    <\/p>\n","protected":false},"featured_media":44962,"template":"","meta":{"_joinchat":[]},"product_brand":[],"product_cat":[1594,1715],"product_tag":[1716],"class_list":{"0":"post-44961","1":"product","2":"type-product","3":"status-publish","4":"has-post-thumbnail","6":"product_cat-accueil","7":"product_cat-etageres-et-conteneurs","8":"product_tag-conteneur-mural","10":"first","11":"instock","12":"taxable","13":"shipping-taxable","14":"purchasable","15":"product-type-simple"},"yoast_head":"<!-- This site is optimized with the Yoast SEO plugin v27.3 - https:\/\/yoast.com\/product\/yoast-seo-wordpress\/ -->\n<title>\u00c9tag\u00e8re de rangement - Mur de cellules - Formar.shop<\/title>\n<meta name=\"robots\" content=\"index, follow, max-snippet:-1, max-image-preview:large, max-video-preview:-1\" \/>\n<link rel=\"canonical\" href=\"https:\/\/formar.shop\/fr\/prodotto\/etagere-de-rangement-mur-de-cellules\/\" \/>\n<script type=\"application\/ld+json\" class=\"yoast-schema-graph\">{\"@context\":\"https:\\\/\\\/schema.org\",\"@graph\":[{\"@type\":\"WebPage\",\"@id\":\"https:\\\/\\\/formar.shop\\\/fr\\\/prodotto\\\/etagere-de-rangement-mur-de-cellules\\\/\",\"url\":\"https:\\\/\\\/formar.shop\\\/fr\\\/prodotto\\\/etagere-de-rangement-mur-de-cellules\\\/\",\"name\":\"\u00c9tag\u00e8re de rangement - Mur de cellules - Formar.shop\",\"isPartOf\":{\"@id\":\"https:\\\/\\\/formar.shop\\\/fr\\\/#website\"},\"primaryImageOfPage\":{\"@id\":\"https:\\\/\\\/formar.shop\\\/fr\\\/prodotto\\\/etagere-de-rangement-mur-de-cellules\\\/#primaryimage\"},\"image\":{\"@id\":\"https:\\\/\\\/formar.shop\\\/fr\\\/prodotto\\\/etagere-de-rangement-mur-de-cellules\\\/#primaryimage\"},\"thumbnailUrl\":\"https:\\\/\\\/static.formar.net\\\/wp-content\\\/uploads\\\/2020\\\/12\\\/19150623\\\/campus.png\",\"datePublished\":\"2025-01-18T20:28:15+00:00\",\"dateModified\":\"2025-01-18T20:28:26+00:00\",\"breadcrumb\":{\"@id\":\"https:\\\/\\\/formar.shop\\\/fr\\\/prodotto\\\/etagere-de-rangement-mur-de-cellules\\\/#breadcrumb\"},\"inLanguage\":\"fr-FR\",\"potentialAction\":[{\"@type\":\"ReadAction\",\"target\":[\"https:\\\/\\\/formar.shop\\\/fr\\\/prodotto\\\/etagere-de-rangement-mur-de-cellules\\\/\"]}]},{\"@type\":\"ImageObject\",\"inLanguage\":\"fr-FR\",\"@id\":\"https:\\\/\\\/formar.shop\\\/fr\\\/prodotto\\\/etagere-de-rangement-mur-de-cellules\\\/#primaryimage\",\"url\":\"https:\\\/\\\/static.formar.net\\\/wp-content\\\/uploads\\\/2020\\\/12\\\/19150623\\\/campus.png\",\"contentUrl\":\"https:\\\/\\\/static.formar.net\\\/wp-content\\\/uploads\\\/2020\\\/12\\\/19150623\\\/campus.png\",\"width\":1024,\"height\":768},{\"@type\":\"BreadcrumbList\",\"@id\":\"https:\\\/\\\/formar.shop\\\/fr\\\/prodotto\\\/etagere-de-rangement-mur-de-cellules\\\/#breadcrumb\",\"itemListElement\":[{\"@type\":\"ListItem\",\"position\":1,\"name\":\"Home\",\"item\":\"https:\\\/\\\/formar.shop\\\/fr\\\/auto-draft\\\/\"},{\"@type\":\"ListItem\",\"position\":2,\"name\":\"Boutique\",\"item\":\"https:\\\/\\\/formar.shop\\\/fr\\\/boutique\\\/\"},{\"@type\":\"ListItem\",\"position\":3,\"name\":\"\u00c9tag\u00e8re de rangement &#8211; Mur de cellules\"}]},{\"@type\":\"WebSite\",\"@id\":\"https:\\\/\\\/formar.shop\\\/fr\\\/#website\",\"url\":\"https:\\\/\\\/formar.shop\\\/fr\\\/\",\"name\":\"Formar.shop\",\"description\":\"Soluzioni espresse con stile\",\"potentialAction\":[{\"@type\":\"SearchAction\",\"target\":{\"@type\":\"EntryPoint\",\"urlTemplate\":\"https:\\\/\\\/formar.shop\\\/fr\\\/?s={search_term_string}\"},\"query-input\":{\"@type\":\"PropertyValueSpecification\",\"valueRequired\":true,\"valueName\":\"search_term_string\"}}],\"inLanguage\":\"fr-FR\"}]}<\/script>\n<!-- \/ Yoast SEO plugin. -->","yoast_head_json":{"title":"\u00c9tag\u00e8re de rangement - Mur de cellules - Formar.shop","robots":{"index":"index","follow":"follow","max-snippet":"max-snippet:-1","max-image-preview":"max-image-preview:large","max-video-preview":"max-video-preview:-1"},"canonical":"https:\/\/formar.shop\/fr\/prodotto\/etagere-de-rangement-mur-de-cellules\/","schema":{"@context":"https:\/\/schema.org","@graph":[{"@type":"WebPage","@id":"https:\/\/formar.shop\/fr\/prodotto\/etagere-de-rangement-mur-de-cellules\/","url":"https:\/\/formar.shop\/fr\/prodotto\/etagere-de-rangement-mur-de-cellules\/","name":"\u00c9tag\u00e8re de rangement - Mur de cellules - Formar.shop","isPartOf":{"@id":"https:\/\/formar.shop\/fr\/#website"},"primaryImageOfPage":{"@id":"https:\/\/formar.shop\/fr\/prodotto\/etagere-de-rangement-mur-de-cellules\/#primaryimage"},"image":{"@id":"https:\/\/formar.shop\/fr\/prodotto\/etagere-de-rangement-mur-de-cellules\/#primaryimage"},"thumbnailUrl":"https:\/\/static.formar.net\/wp-content\/uploads\/2020\/12\/19150623\/campus.png","datePublished":"2025-01-18T20:28:15+00:00","dateModified":"2025-01-18T20:28:26+00:00","breadcrumb":{"@id":"https:\/\/formar.shop\/fr\/prodotto\/etagere-de-rangement-mur-de-cellules\/#breadcrumb"},"inLanguage":"fr-FR","potentialAction":[{"@type":"ReadAction","target":["https:\/\/formar.shop\/fr\/prodotto\/etagere-de-rangement-mur-de-cellules\/"]}]},{"@type":"ImageObject","inLanguage":"fr-FR","@id":"https:\/\/formar.shop\/fr\/prodotto\/etagere-de-rangement-mur-de-cellules\/#primaryimage","url":"https:\/\/static.formar.net\/wp-content\/uploads\/2020\/12\/19150623\/campus.png","contentUrl":"https:\/\/static.formar.net\/wp-content\/uploads\/2020\/12\/19150623\/campus.png","width":1024,"height":768},{"@type":"BreadcrumbList","@id":"https:\/\/formar.shop\/fr\/prodotto\/etagere-de-rangement-mur-de-cellules\/#breadcrumb","itemListElement":[{"@type":"ListItem","position":1,"name":"Home","item":"https:\/\/formar.shop\/fr\/auto-draft\/"},{"@type":"ListItem","position":2,"name":"Boutique","item":"https:\/\/formar.shop\/fr\/boutique\/"},{"@type":"ListItem","position":3,"name":"\u00c9tag\u00e8re de rangement &#8211; Mur de cellules"}]},{"@type":"WebSite","@id":"https:\/\/formar.shop\/fr\/#website","url":"https:\/\/formar.shop\/fr\/","name":"Formar.shop","description":"Soluzioni espresse con stile","potentialAction":[{"@type":"SearchAction","target":{"@type":"EntryPoint","urlTemplate":"https:\/\/formar.shop\/fr\/?s={search_term_string}"},"query-input":{"@type":"PropertyValueSpecification","valueRequired":true,"valueName":"search_term_string"}}],"inLanguage":"fr-FR"}]}},"_links":{"self":[{"href":"https:\/\/formar.shop\/fr\/wp-json\/wp\/v2\/product\/44961","targetHints":{"allow":["GET"]}}],"collection":[{"href":"https:\/\/formar.shop\/fr\/wp-json\/wp\/v2\/product"}],"about":[{"href":"https:\/\/formar.shop\/fr\/wp-json\/wp\/v2\/types\/product"}],"wp:featuredmedia":[{"embeddable":true,"href":"https:\/\/formar.shop\/fr\/wp-json\/wp\/v2\/media\/44962"}],"wp:attachment":[{"href":"https:\/\/formar.shop\/fr\/wp-json\/wp\/v2\/media?parent=44961"}],"wp:term":[{"taxonomy":"product_brand","embeddable":true,"href":"https:\/\/formar.shop\/fr\/wp-json\/wp\/v2\/product_brand?post=44961"},{"taxonomy":"product_cat","embeddable":true,"href":"https:\/\/formar.shop\/fr\/wp-json\/wp\/v2\/product_cat?post=44961"},{"taxonomy":"product_tag","embeddable":true,"href":"https:\/\/formar.shop\/fr\/wp-json\/wp\/v2\/product_tag?post=44961"}],"curies":[{"name":"wp","href":"https:\/\/api.w.org\/{rel}","templated":true}]}}