{"id":44939,"date":"2020-12-20T16:19:38","date_gmt":"2020-12-20T15:19:38","guid":{"rendered":"https:\/\/formar.shop\/prodotto\/jardiniere-arbre-01\/"},"modified":"2025-11-18T12:03:11","modified_gmt":"2025-11-18T11:03:11","slug":"jardiniere-arbre-01","status":"publish","type":"product","link":"https:\/\/formar.shop\/fr\/prodotto\/jardiniere-arbre-01\/","title":{"rendered":"Jardini\u00e8re &#8211; Arbre 01"},"content":{"rendered":"<div class=\"is-divider divider clearfix\" style=\"max-width:2000px;\"><\/div>\n<div class=\"slider-wrapper relative\" id=\"slider-415493123\" >\n    <div class=\"slider slider-nav-circle slider-nav-large slider-nav-dark slider-style-normal\"\n        data-flickity-options='{\n            \"cellAlign\": \"center\",\n            \"imagesLoaded\": true,\n            \"lazyLoad\": 1,\n            \"freeScroll\": false,\n            \"wrapAround\": true,\n            \"autoPlay\": 6000,\n            \"pauseAutoPlayOnHover\" : true,\n            \"prevNextButtons\": true,\n            \"contain\" : true,\n            \"adaptiveHeight\" : true,\n            \"dragThreshold\" : 10,\n            \"percentPosition\": true,\n            \"pageDots\": true,\n            \"rightToLeft\": false,\n            \"draggable\": true,\n            \"selectedAttraction\": 0.1,\n            \"parallax\" : 0,\n            \"friction\": 0.6        }'\n        >\n        \n\t<div class=\"img has-hover x md-x lg-x y md-y lg-y\" id=\"image_327486264\">\n\t\t\t\t\t\t\t\t<div class=\"img-inner dark\" >\n\t\t\t<img loading=\"lazy\" decoding=\"async\" width=\"1020\" height=\"680\" src=\"https:\/\/static.formar.net\/wp-content\/uploads\/sites\/1\/2022\/11\/02111101\/IMG_1897-1030x687.jpg\" class=\"attachment-large size-large\" alt=\"\" srcset=\"https:\/\/static.formar.net\/wp-content\/uploads\/sites\/1\/2022\/11\/02111101\/IMG_1897-1030x687.jpg 1030w, https:\/\/static.formar.net\/wp-content\/uploads\/sites\/1\/2022\/11\/02111101\/IMG_1897-300x200.jpg 300w, https:\/\/static.formar.net\/wp-content\/uploads\/sites\/1\/2022\/11\/02111101\/IMG_1897-768x512.jpg 768w, https:\/\/static.formar.net\/wp-content\/uploads\/sites\/1\/2022\/11\/02111101\/IMG_1897-1536x1024.jpg 1536w, https:\/\/static.formar.net\/wp-content\/uploads\/sites\/1\/2022\/11\/02111101\/IMG_1897-2048x1365.jpg 2048w, https:\/\/static.formar.net\/wp-content\/uploads\/sites\/1\/2022\/11\/02111101\/IMG_1897-510x340.jpg 510w, https:\/\/static.formar.net\/wp-content\/uploads\/sites\/1\/2022\/11\/02111101\/IMG_1897-1200x800.jpg 1200w, https:\/\/static.formar.net\/wp-content\/uploads\/sites\/1\/2022\/11\/02111101\/IMG_1897-600x400.jpg 600w\" sizes=\"auto, (max-width: 1020px) 100vw, 1020px\" \/>\t\t\t\t\t\t\n\t\t\t\t\t<\/div>\n\t\t\t\t\t\t\t\t\n<style>\n#image_327486264 {\n  width: 100%;\n}\n<\/style>\n\t<\/div>\n\t\n\t<div class=\"img has-hover x md-x lg-x y md-y lg-y\" id=\"image_208327026\">\n\t\t\t\t\t\t\t\t<div class=\"img-inner dark\" >\n\t\t\t<img loading=\"lazy\" decoding=\"async\" width=\"1020\" height=\"680\" src=\"https:\/\/static.formar.net\/wp-content\/uploads\/sites\/1\/2022\/11\/02111103\/IMG_1896-1030x687.jpg\" class=\"attachment-large size-large\" alt=\"\" srcset=\"https:\/\/static.formar.net\/wp-content\/uploads\/sites\/1\/2022\/11\/02111103\/IMG_1896-1030x687.jpg 1030w, https:\/\/static.formar.net\/wp-content\/uploads\/sites\/1\/2022\/11\/02111103\/IMG_1896-300x200.jpg 300w, https:\/\/static.formar.net\/wp-content\/uploads\/sites\/1\/2022\/11\/02111103\/IMG_1896-768x512.jpg 768w, https:\/\/static.formar.net\/wp-content\/uploads\/sites\/1\/2022\/11\/02111103\/IMG_1896-1536x1024.jpg 1536w, https:\/\/static.formar.net\/wp-content\/uploads\/sites\/1\/2022\/11\/02111103\/IMG_1896-2048x1365.jpg 2048w, https:\/\/static.formar.net\/wp-content\/uploads\/sites\/1\/2022\/11\/02111103\/IMG_1896-510x340.jpg 510w, https:\/\/static.formar.net\/wp-content\/uploads\/sites\/1\/2022\/11\/02111103\/IMG_1896-1200x800.jpg 1200w, https:\/\/static.formar.net\/wp-content\/uploads\/sites\/1\/2022\/11\/02111103\/IMG_1896-600x400.jpg 600w\" sizes=\"auto, (max-width: 1020px) 100vw, 1020px\" \/>\t\t\t\t\t\t\n\t\t\t\t\t<\/div>\n\t\t\t\t\t\t\t\t\n<style>\n#image_208327026 {\n  width: 100%;\n}\n<\/style>\n\t<\/div>\n\t\n\t<div class=\"img has-hover x md-x lg-x y md-y lg-y\" id=\"image_279662602\">\n\t\t\t\t\t\t\t\t<div class=\"img-inner dark\" >\n\t\t\t<img loading=\"lazy\" decoding=\"async\" width=\"1020\" height=\"607\" src=\"https:\/\/static.formar.net\/wp-content\/uploads\/sites\/1\/2022\/11\/02111100\/IMG_1901-1030x613.jpg\" class=\"attachment-large size-large\" alt=\"\" srcset=\"https:\/\/static.formar.net\/wp-content\/uploads\/sites\/1\/2022\/11\/02111100\/IMG_1901-1030x613.jpg 1030w, https:\/\/static.formar.net\/wp-content\/uploads\/sites\/1\/2022\/11\/02111100\/IMG_1901-300x179.jpg 300w, https:\/\/static.formar.net\/wp-content\/uploads\/sites\/1\/2022\/11\/02111100\/IMG_1901-768x457.jpg 768w, https:\/\/static.formar.net\/wp-content\/uploads\/sites\/1\/2022\/11\/02111100\/IMG_1901-1536x915.jpg 1536w, https:\/\/static.formar.net\/wp-content\/uploads\/sites\/1\/2022\/11\/02111100\/IMG_1901-2048x1219.jpg 2048w, https:\/\/static.formar.net\/wp-content\/uploads\/sites\/1\/2022\/11\/02111100\/IMG_1901-510x304.jpg 510w, https:\/\/static.formar.net\/wp-content\/uploads\/sites\/1\/2022\/11\/02111100\/IMG_1901-1200x715.jpg 1200w, https:\/\/static.formar.net\/wp-content\/uploads\/sites\/1\/2022\/11\/02111100\/IMG_1901-600x357.jpg 600w\" sizes=\"auto, (max-width: 1020px) 100vw, 1020px\" \/>\t\t\t\t\t\t\n\t\t\t\t\t<\/div>\n\t\t\t\t\t\t\t\t\n<style>\n#image_279662602 {\n  width: 100%;\n}\n<\/style>\n\t<\/div>\n\t\n\t<div class=\"img has-hover x md-x lg-x y md-y lg-y\" id=\"image_191858345\">\n\t\t\t\t\t\t\t\t<div class=\"img-inner dark\" >\n\t\t\t<img loading=\"lazy\" decoding=\"async\" width=\"1020\" height=\"663\" src=\"https:\/\/static.formar.net\/wp-content\/uploads\/sites\/1\/2022\/11\/02111058\/IMG_1902-1030x669.jpg\" class=\"attachment-large size-large\" alt=\"\" srcset=\"https:\/\/static.formar.net\/wp-content\/uploads\/sites\/1\/2022\/11\/02111058\/IMG_1902-1030x669.jpg 1030w, https:\/\/static.formar.net\/wp-content\/uploads\/sites\/1\/2022\/11\/02111058\/IMG_1902-300x195.jpg 300w, https:\/\/static.formar.net\/wp-content\/uploads\/sites\/1\/2022\/11\/02111058\/IMG_1902-768x499.jpg 768w, https:\/\/static.formar.net\/wp-content\/uploads\/sites\/1\/2022\/11\/02111058\/IMG_1902-1536x998.jpg 1536w, https:\/\/static.formar.net\/wp-content\/uploads\/sites\/1\/2022\/11\/02111058\/IMG_1902-2048x1331.jpg 2048w, https:\/\/static.formar.net\/wp-content\/uploads\/sites\/1\/2022\/11\/02111058\/IMG_1902-510x331.jpg 510w, https:\/\/static.formar.net\/wp-content\/uploads\/sites\/1\/2022\/11\/02111058\/IMG_1902-1200x780.jpg 1200w, https:\/\/static.formar.net\/wp-content\/uploads\/sites\/1\/2022\/11\/02111058\/IMG_1902-600x390.jpg 600w\" sizes=\"auto, (max-width: 1020px) 100vw, 1020px\" \/>\t\t\t\t\t\t\n\t\t\t\t\t<\/div>\n\t\t\t\t\t\t\t\t\n<style>\n#image_191858345 {\n  width: 100%;\n}\n<\/style>\n\t<\/div>\n\t\n     <\/div>\n\n     <div class=\"loading-spin dark large centered\"><\/div>\n\n\t<\/div>\n\n\n<div class=\"is-divider divider clearfix\" style=\"max-width:2000px;\"><\/div>\n<h3>PLANTEUR &#8211; ARBRE 01<\/h3>\n<p>Rendez vraiment unique le coin v\u00e9g\u00e9tal de votre maison, jardin, terrasse ou balcon avec une jardini\u00e8re design.<\/p>\n<p>La jardini\u00e8re Tree 01 est l&rsquo;objet de <strong>design<\/strong> id\u00e9al pour am\u00e9nager n&rsquo;importe quel espace, aussi bien <strong>int\u00e9rieur<\/strong> qu&rsquo;<strong>ext\u00e9rieur<\/strong>.<\/p>\n<p>Il est possible de <strong>faire varier la hauteur<\/strong> simplement en tournant la structure en bois.<\/p>\n<h3 class=\"av-special-heading-tag \">DESIGN PRODUIT<\/h3>\n<p>La jardini\u00e8re Tree 01 a \u00e9t\u00e9 con\u00e7ue et dessin\u00e9e par le designer italien Mario Mazzer, dipl\u00f4m\u00e9 en architecture de l&rsquo;\u00c9cole polytechnique de Milan en 1978 et en design industriel de la Scuola Politecnica di Design de Milan en 1979.<x id=\"gid_0\"><\/x>Il s&rsquo;y est form\u00e9 dans les ann\u00e9es 1970 en collaborant avec les ma\u00eetres du design italien et, en 1980, il a fond\u00e9 Mario Mazzer Architects \u00e0 Conegliano Veneto. Plusieurs fois prim\u00e9, il a re\u00e7u en 1996 une mention honorable \u00e0 l&rsquo;ID Annual Design Review de New York. En exposant son travail, il a grandement contribu\u00e9 \u00e0 promouvoir la popularit\u00e9 des produits italiens dans le monde entier.  <\/p>\n<h3 class=\"av-special-heading-tag \">LE SOUCI DU D\u00c9TAIL<\/h3>\n<p>La jardini\u00e8re Tree 01 se compose d&rsquo;une base <strong>en bois massif<\/strong> qui ajoute une touche naturelle \u00e0 la pi\u00e8ce, tandis que le pot est fabriqu\u00e9 en <strong>polypropyl\u00e8ne blanc<\/strong> durable avec une base perfor\u00e9e pour permettre \u00e0 l&rsquo;exc\u00e8s d&rsquo;eau de s&rsquo;\u00e9chapper.<\/p>\n<h3 class=\"av-special-heading-tag \">FACILIT\u00c9 D&rsquo;ASSEMBLAGE<\/h3>\n<p>Il peut \u00eatre facilement assembl\u00e9 et le positionnement du pot sur la base d\u00e9termine sa hauteur (26 cm ou 33 cm).<\/p>\n<h3 id=\"h-finiture-di-qualit-e-made-in-italy\">DIMENSIONS DU PRODUIT<\/h3>\n<p>Le produit mesure :<\/p>\n<p>\u2013 16,6 cm de diam\u00e8tre<br \/>\n\u2013 26\/33 cm de hauteur<\/p>\n<h3>L&rsquo;ENTRETIEN ET LA MAINTENANCE :<\/h3>\n<p>Veuillez tester pr\u00e9alablement la compatibilit\u00e9 des produits de nettoyage sur une zone non visible. N&rsquo;utilisez jamais de d\u00e9tergents ou de produits lustrants contenant des particules abrasives ou d\u00e9graissantes. Nettoyez toujours avec un chiffon humide et s\u00e9chez.<\/p>\n\n\t<section class=\"section\" id=\"section_652661409\">\n\t\t<div class=\"section-bg fill\" >\n\t\t\t\t\t\t\t\t\t\n\t\t\t\n\n\t\t<\/div>\n\n\t\t\n\n\t\t<div class=\"section-content relative\">\n\t\t\t\n<div class=\"is-divider divider clearfix\" style=\"max-width:1000px;\"><\/div>\n<div class=\"row row-solid\"  id=\"row-915708147\">\n\n\t<div id=\"col-2097746867\" class=\"col medium-3 small-12 large-3\"  >\n\t\t\t\t<div class=\"col-inner\"  >\n\t\t\t\n\t\t\t\n\n\t\t<div class=\"icon-box featured-box icon-box-center text-center\"  >\n\t\t\t\t\t<div class=\"icon-box-img\" style=\"width: 50px\">\n\t\t\t\t<div class=\"icon\">\n\t\t\t\t\t<div class=\"icon-inner\" >\n\t\t\t\t\t\t<img loading=\"lazy\" decoding=\"async\" width=\"128\" height=\"128\" src=\"https:\/\/static.formar.net\/wp-content\/uploads\/sites\/1\/2022\/10\/02111131\/2703076-128-1-1.png\" class=\"attachment-medium size-medium\" alt=\"\" srcset=\"https:\/\/static.formar.net\/wp-content\/uploads\/sites\/1\/2022\/10\/02111131\/2703076-128-1-1.png 128w, https:\/\/static.formar.net\/wp-content\/uploads\/sites\/1\/2022\/10\/02111131\/2703076-128-1-1-80x80.png 80w, https:\/\/static.formar.net\/wp-content\/uploads\/sites\/1\/2022\/10\/02111131\/2703076-128-1-1-100x100.png 100w, https:\/\/static.formar.net\/wp-content\/uploads\/sites\/1\/2022\/10\/02111131\/2703076-128-1-1-50x50.png 50w\" sizes=\"auto, (max-width: 128px) 100vw, 128px\" \/>\t\t\t\t\t<\/div>\n\t\t\t\t<\/div>\n\t\t\t<\/div>\n\t\t\t\t<div class=\"icon-box-text last-reset\">\n\t\t\t\t\t\t\t\t\t\n<h3>Un service client\u00e8le toujours disponible<\/h3>\n<p>Vous pouvez nous joindre par WhatsApp :  <a href=\"https:\/\/api.whatsapp.com\/send\/?phone=390715906063&amp;text&amp;type=phone_number&amp;app_absent=0\">+39 071 5906063<\/a><\/p>\n<p>Commandes par t\u00e9l\u00e9phone : <a href=\"tel:+39800122267\">800 122 267<\/a><\/p>\n\t\t<\/div>\n\t<\/div>\n\t\n\t\n\t\t<\/div>\n\t\t\t\t\t<\/div>\n\n\t\n\n\t<div id=\"col-314934934\" class=\"col medium-3 small-12 large-3\"  >\n\t\t\t\t<div class=\"col-inner\"  >\n\t\t\t\n\t\t\t\n\n\t\t<div class=\"icon-box featured-box icon-box-center text-center\"  >\n\t\t\t\t\t<div class=\"icon-box-img\" style=\"width: 50px\">\n\t\t\t\t<div class=\"icon\">\n\t\t\t\t\t<div class=\"icon-inner\" >\n\t\t\t\t\t\t<img loading=\"lazy\" decoding=\"async\" width=\"256\" height=\"256\" src=\"https:\/\/static.formar.net\/wp-content\/uploads\/sites\/1\/2022\/11\/02111117\/Icona-carta-di-credito.png\" class=\"attachment-medium size-medium\" alt=\"\" srcset=\"https:\/\/static.formar.net\/wp-content\/uploads\/sites\/1\/2022\/11\/02111117\/Icona-carta-di-credito.png 256w, https:\/\/static.formar.net\/wp-content\/uploads\/sites\/1\/2022\/11\/02111117\/Icona-carta-di-credito-80x80.png 80w, https:\/\/static.formar.net\/wp-content\/uploads\/sites\/1\/2022\/11\/02111117\/Icona-carta-di-credito-100x100.png 100w, https:\/\/static.formar.net\/wp-content\/uploads\/sites\/1\/2022\/11\/02111117\/Icona-carta-di-credito-50x50.png 50w\" sizes=\"auto, (max-width: 256px) 100vw, 256px\" \/>\t\t\t\t\t<\/div>\n\t\t\t\t<\/div>\n\t\t\t<\/div>\n\t\t\t\t<div class=\"icon-box-text last-reset\">\n\t\t\t\t\t\t\t\t\t\n<h3>Choisissez le mode de paiement<\/h3>\n<p>Paiement par Paypal, carte de cr\u00e9dit, esp\u00e8ces ou Bancomat (sur place) et contre remboursement.<\/p>\n\t\t<\/div>\n\t<\/div>\n\t\n\t\n\t\t<\/div>\n\t\t\t\t\t<\/div>\n\n\t\n\n\t<div id=\"col-1641714593\" class=\"col medium-3 small-12 large-3\"  >\n\t\t\t\t<div class=\"col-inner\"  >\n\t\t\t\n\t\t\t\n\n\t\t<div class=\"icon-box featured-box icon-box-center text-center\"  >\n\t\t\t\t\t<div class=\"icon-box-img\" style=\"width: 50px\">\n\t\t\t\t<div class=\"icon\">\n\t\t\t\t\t<div class=\"icon-inner\" >\n\t\t\t\t\t\t<img loading=\"lazy\" decoding=\"async\" width=\"128\" height=\"128\" src=\"https:\/\/static.formar.net\/wp-content\/uploads\/sites\/1\/2022\/10\/02111130\/3669335-128-1.png\" class=\"attachment-medium size-medium\" alt=\"\" srcset=\"https:\/\/static.formar.net\/wp-content\/uploads\/sites\/1\/2022\/10\/02111130\/3669335-128-1.png 128w, https:\/\/static.formar.net\/wp-content\/uploads\/sites\/1\/2022\/10\/02111130\/3669335-128-1-80x80.png 80w, https:\/\/static.formar.net\/wp-content\/uploads\/sites\/1\/2022\/10\/02111130\/3669335-128-1-100x100.png 100w, https:\/\/static.formar.net\/wp-content\/uploads\/sites\/1\/2022\/10\/02111130\/3669335-128-1-50x50.png 50w\" sizes=\"auto, (max-width: 128px) 100vw, 128px\" \/>\t\t\t\t\t<\/div>\n\t\t\t\t<\/div>\n\t\t\t<\/div>\n\t\t\t\t<div class=\"icon-box-text last-reset\">\n\t\t\t\t\t\t\t\t\t\n<h3>Retour facile et sans souci<\/h3>\n<p>En cas de probl\u00e8me, nous organisons le ramassage directement \u00e0 votre adresse.<a href=\"https:\/\/formar.shop\/fr\/regles-en-matiere-de-retour\/\">(Plus de d\u00e9tails<\/a>).<\/p>\n\t\t<\/div>\n\t<\/div>\n\t\n\t\n\t\t<\/div>\n\t\t\t\t\t<\/div>\n\n\t\n\n\t<div id=\"col-1044447928\" class=\"col medium-3 small-12 large-3\"  >\n\t\t\t\t<div class=\"col-inner\"  >\n\t\t\t\n\t\t\t\n\n\t\t<div class=\"icon-box featured-box icon-box-center text-center\"  >\n\t\t\t\t\t<div class=\"icon-box-img\" style=\"width: 50px\">\n\t\t\t\t<div class=\"icon\">\n\t\t\t\t\t<div class=\"icon-inner\" >\n\t\t\t\t\t\t<img loading=\"lazy\" decoding=\"async\" width=\"128\" height=\"128\" src=\"https:\/\/static.formar.net\/wp-content\/uploads\/sites\/1\/2022\/10\/02111130\/5959201-128-1.png\" class=\"attachment-medium size-medium\" alt=\"\" srcset=\"https:\/\/static.formar.net\/wp-content\/uploads\/sites\/1\/2022\/10\/02111130\/5959201-128-1.png 128w, https:\/\/static.formar.net\/wp-content\/uploads\/sites\/1\/2022\/10\/02111130\/5959201-128-1-80x80.png 80w, https:\/\/static.formar.net\/wp-content\/uploads\/sites\/1\/2022\/10\/02111130\/5959201-128-1-100x100.png 100w, https:\/\/static.formar.net\/wp-content\/uploads\/sites\/1\/2022\/10\/02111130\/5959201-128-1-50x50.png 50w\" sizes=\"auto, (max-width: 128px) 100vw, 128px\" \/>\t\t\t\t\t<\/div>\n\t\t\t\t<\/div>\n\t\t\t<\/div>\n\t\t\t\t<div class=\"icon-box-text last-reset\">\n\t\t\t\t\t\t\t\t\t\n<h3>Garantie du fabricant et pi\u00e8ces de rechange<\/h3>\n<p>Tous nos produits b\u00e9n\u00e9ficient de notre garantie. Pour de nombreux produits, nous garantissons les pi\u00e8ces de rechange pendant la m\u00eame p\u00e9riode.<\/p>\n\t\t<\/div>\n\t<\/div>\n\t\n\t\n\t\t<\/div>\n\t\t\t\t\t<\/div>\n\n\t\n\n<style>\n#row-915708147 > .col > .col-inner {\n  padding: 20px 20px 20px 20px;\n}\n<\/style>\n<\/div>\n\t\t<\/div>\n\n\t\t\n<style>\n#section_652661409 {\n  padding-top: 30px;\n  padding-bottom: 30px;\n}\n<\/style>\n\t<\/section>\n\t\n\n\t<section class=\"section\" id=\"section_1420383382\">\n\t\t<div class=\"section-bg fill\" >\n\t\t\t\t\t\t\t\t\t\n\t\t\t\n\n\t\t<\/div>\n\n\t\t\n\n\t\t<div class=\"section-content relative\">\n\t\t\t\n\t\t<\/div>\n\n\t\t\n<style>\n#section_1420383382 {\n  padding-top: 30px;\n  padding-bottom: 30px;\n}\n<\/style>\n\t<\/section>\n\t\n","protected":false},"excerpt":{"rendered":"<p>Con\u00e7ue par le designer italien MARIO MAZZER, la jardini\u00e8re Tree 01 est un produit au design moderne, simple et \u00e9l\u00e9gant. Le bois massif de la base pr\u00e9sente une texture uniforme et des couleurs douces, il est durable et r\u00e9sistant \u00e0 la d\u00e9formation. Associ\u00e9 au blanc du support, il est id\u00e9al pour d\u00e9corer tout type d&rsquo;espace, tant int\u00e9rieur qu&rsquo;ext\u00e9rieur.  <\/p>\n","protected":false},"featured_media":44940,"template":"","meta":{"_joinchat":[]},"product_brand":[154],"product_cat":[1594,1738],"product_tag":[1739],"class_list":{"0":"post-44939","1":"product","2":"type-product","3":"status-publish","4":"has-post-thumbnail","6":"product_brand-fbasic","7":"product_cat-accueil","8":"product_cat-jardinieres","9":"product_tag-vase-fr","11":"first","12":"instock","13":"taxable","14":"shipping-taxable","15":"purchasable","16":"product-type-simple"},"yoast_head":"<!-- This site is optimized with the Yoast SEO plugin v27.3 - https:\/\/yoast.com\/product\/yoast-seo-wordpress\/ -->\n<title>Jardini\u00e8re - Arbre 01 - Formar.shop<\/title>\n<meta name=\"robots\" content=\"index, follow, max-snippet:-1, max-image-preview:large, max-video-preview:-1\" \/>\n<link rel=\"canonical\" href=\"https:\/\/formar.shop\/fr\/prodotto\/jardiniere-arbre-01\/\" \/>\n<script type=\"application\/ld+json\" class=\"yoast-schema-graph\">{\"@context\":\"https:\\\/\\\/schema.org\",\"@graph\":[{\"@type\":\"WebPage\",\"@id\":\"https:\\\/\\\/formar.shop\\\/fr\\\/prodotto\\\/jardiniere-arbre-01\\\/\",\"url\":\"https:\\\/\\\/formar.shop\\\/fr\\\/prodotto\\\/jardiniere-arbre-01\\\/\",\"name\":\"Jardini\u00e8re - Arbre 01 - Formar.shop\",\"isPartOf\":{\"@id\":\"https:\\\/\\\/formar.shop\\\/fr\\\/#website\"},\"primaryImageOfPage\":{\"@id\":\"https:\\\/\\\/formar.shop\\\/fr\\\/prodotto\\\/jardiniere-arbre-01\\\/#primaryimage\"},\"image\":{\"@id\":\"https:\\\/\\\/formar.shop\\\/fr\\\/prodotto\\\/jardiniere-arbre-01\\\/#primaryimage\"},\"thumbnailUrl\":\"https:\\\/\\\/static.formar.net\\\/wp-content\\\/uploads\\\/2020\\\/12\\\/22160539\\\/Immagini-di-prodotto-x-Amazon-11-1.png\",\"datePublished\":\"2020-12-20T15:19:38+00:00\",\"dateModified\":\"2025-11-18T11:03:11+00:00\",\"breadcrumb\":{\"@id\":\"https:\\\/\\\/formar.shop\\\/fr\\\/prodotto\\\/jardiniere-arbre-01\\\/#breadcrumb\"},\"inLanguage\":\"fr-FR\",\"potentialAction\":[{\"@type\":\"ReadAction\",\"target\":[\"https:\\\/\\\/formar.shop\\\/fr\\\/prodotto\\\/jardiniere-arbre-01\\\/\"]}]},{\"@type\":\"ImageObject\",\"inLanguage\":\"fr-FR\",\"@id\":\"https:\\\/\\\/formar.shop\\\/fr\\\/prodotto\\\/jardiniere-arbre-01\\\/#primaryimage\",\"url\":\"https:\\\/\\\/static.formar.net\\\/wp-content\\\/uploads\\\/2020\\\/12\\\/22160539\\\/Immagini-di-prodotto-x-Amazon-11-1.png\",\"contentUrl\":\"https:\\\/\\\/static.formar.net\\\/wp-content\\\/uploads\\\/2020\\\/12\\\/22160539\\\/Immagini-di-prodotto-x-Amazon-11-1.png\",\"width\":1001,\"height\":1001},{\"@type\":\"BreadcrumbList\",\"@id\":\"https:\\\/\\\/formar.shop\\\/fr\\\/prodotto\\\/jardiniere-arbre-01\\\/#breadcrumb\",\"itemListElement\":[{\"@type\":\"ListItem\",\"position\":1,\"name\":\"Home\",\"item\":\"https:\\\/\\\/formar.shop\\\/fr\\\/auto-draft\\\/\"},{\"@type\":\"ListItem\",\"position\":2,\"name\":\"Boutique\",\"item\":\"https:\\\/\\\/formar.shop\\\/fr\\\/boutique\\\/\"},{\"@type\":\"ListItem\",\"position\":3,\"name\":\"Jardini\u00e8re &#8211; Arbre 01\"}]},{\"@type\":\"WebSite\",\"@id\":\"https:\\\/\\\/formar.shop\\\/fr\\\/#website\",\"url\":\"https:\\\/\\\/formar.shop\\\/fr\\\/\",\"name\":\"Formar.shop\",\"description\":\"Soluzioni espresse con stile\",\"potentialAction\":[{\"@type\":\"SearchAction\",\"target\":{\"@type\":\"EntryPoint\",\"urlTemplate\":\"https:\\\/\\\/formar.shop\\\/fr\\\/?s={search_term_string}\"},\"query-input\":{\"@type\":\"PropertyValueSpecification\",\"valueRequired\":true,\"valueName\":\"search_term_string\"}}],\"inLanguage\":\"fr-FR\"}]}<\/script>\n<!-- \/ Yoast SEO plugin. -->","yoast_head_json":{"title":"Jardini\u00e8re - Arbre 01 - Formar.shop","robots":{"index":"index","follow":"follow","max-snippet":"max-snippet:-1","max-image-preview":"max-image-preview:large","max-video-preview":"max-video-preview:-1"},"canonical":"https:\/\/formar.shop\/fr\/prodotto\/jardiniere-arbre-01\/","schema":{"@context":"https:\/\/schema.org","@graph":[{"@type":"WebPage","@id":"https:\/\/formar.shop\/fr\/prodotto\/jardiniere-arbre-01\/","url":"https:\/\/formar.shop\/fr\/prodotto\/jardiniere-arbre-01\/","name":"Jardini\u00e8re - Arbre 01 - Formar.shop","isPartOf":{"@id":"https:\/\/formar.shop\/fr\/#website"},"primaryImageOfPage":{"@id":"https:\/\/formar.shop\/fr\/prodotto\/jardiniere-arbre-01\/#primaryimage"},"image":{"@id":"https:\/\/formar.shop\/fr\/prodotto\/jardiniere-arbre-01\/#primaryimage"},"thumbnailUrl":"https:\/\/static.formar.net\/wp-content\/uploads\/2020\/12\/22160539\/Immagini-di-prodotto-x-Amazon-11-1.png","datePublished":"2020-12-20T15:19:38+00:00","dateModified":"2025-11-18T11:03:11+00:00","breadcrumb":{"@id":"https:\/\/formar.shop\/fr\/prodotto\/jardiniere-arbre-01\/#breadcrumb"},"inLanguage":"fr-FR","potentialAction":[{"@type":"ReadAction","target":["https:\/\/formar.shop\/fr\/prodotto\/jardiniere-arbre-01\/"]}]},{"@type":"ImageObject","inLanguage":"fr-FR","@id":"https:\/\/formar.shop\/fr\/prodotto\/jardiniere-arbre-01\/#primaryimage","url":"https:\/\/static.formar.net\/wp-content\/uploads\/2020\/12\/22160539\/Immagini-di-prodotto-x-Amazon-11-1.png","contentUrl":"https:\/\/static.formar.net\/wp-content\/uploads\/2020\/12\/22160539\/Immagini-di-prodotto-x-Amazon-11-1.png","width":1001,"height":1001},{"@type":"BreadcrumbList","@id":"https:\/\/formar.shop\/fr\/prodotto\/jardiniere-arbre-01\/#breadcrumb","itemListElement":[{"@type":"ListItem","position":1,"name":"Home","item":"https:\/\/formar.shop\/fr\/auto-draft\/"},{"@type":"ListItem","position":2,"name":"Boutique","item":"https:\/\/formar.shop\/fr\/boutique\/"},{"@type":"ListItem","position":3,"name":"Jardini\u00e8re &#8211; Arbre 01"}]},{"@type":"WebSite","@id":"https:\/\/formar.shop\/fr\/#website","url":"https:\/\/formar.shop\/fr\/","name":"Formar.shop","description":"Soluzioni espresse con stile","potentialAction":[{"@type":"SearchAction","target":{"@type":"EntryPoint","urlTemplate":"https:\/\/formar.shop\/fr\/?s={search_term_string}"},"query-input":{"@type":"PropertyValueSpecification","valueRequired":true,"valueName":"search_term_string"}}],"inLanguage":"fr-FR"}]}},"_links":{"self":[{"href":"https:\/\/formar.shop\/fr\/wp-json\/wp\/v2\/product\/44939","targetHints":{"allow":["GET"]}}],"collection":[{"href":"https:\/\/formar.shop\/fr\/wp-json\/wp\/v2\/product"}],"about":[{"href":"https:\/\/formar.shop\/fr\/wp-json\/wp\/v2\/types\/product"}],"wp:featuredmedia":[{"embeddable":true,"href":"https:\/\/formar.shop\/fr\/wp-json\/wp\/v2\/media\/44940"}],"wp:attachment":[{"href":"https:\/\/formar.shop\/fr\/wp-json\/wp\/v2\/media?parent=44939"}],"wp:term":[{"taxonomy":"product_brand","embeddable":true,"href":"https:\/\/formar.shop\/fr\/wp-json\/wp\/v2\/product_brand?post=44939"},{"taxonomy":"product_cat","embeddable":true,"href":"https:\/\/formar.shop\/fr\/wp-json\/wp\/v2\/product_cat?post=44939"},{"taxonomy":"product_tag","embeddable":true,"href":"https:\/\/formar.shop\/fr\/wp-json\/wp\/v2\/product_tag?post=44939"}],"curies":[{"name":"wp","href":"https:\/\/api.w.org\/{rel}","templated":true}]}}