{"id":44382,"date":"2022-10-01T17:52:49","date_gmt":"2025-01-18T20:23:31","guid":{"rendered":"https:\/\/formar.shop\/prodotto\/paire-de-coussins-dassise-et-de-dossier-rembourres-pour-banc\/"},"modified":"2025-11-18T11:27:33","modified_gmt":"2025-11-18T10:27:33","slug":"paire-de-coussins-dassise-et-de-dossier-rembourres-pour-banc","status":"publish","type":"product","link":"https:\/\/formar.shop\/fr\/prodotto\/paire-de-coussins-dassise-et-de-dossier-rembourres-pour-banc\/","title":{"rendered":"Paire de coussins d&rsquo;assise et de dossier rembourr\u00e9s pour banc"},"content":{"rendered":"\t<div id=\"gap-583050235\" class=\"gap-element clearfix\" style=\"display:block; height:auto;\">\n\t\t\n<style>\n#gap-583050235 {\n  padding-top: 30px;\n}\n<\/style>\n\t<\/div>\n\t\n\t<div id=\"text-199483473\" class=\"text\">\n\t\t\n<h3><span style=\"color: #3b3b00;\">Paire de coussins rembourr\u00e9s en \u00e9cocuir ignifuge classe 1\/IM<\/span><\/h3>\n<\/p>\n\t\t\n<style>\n#text-199483473 {\n  font-size: 1.9rem;\n  line-height: 1;\n  text-align: center;\n  color: #85d782;\n}\n#text-199483473 > * {\n  color: #85d782;\n}\n@media (min-width:550px) {\n  #text-199483473 {\n    line-height: 0.75;\n  }\n}\n<\/style>\n\t<\/div>\n\t\n<div class=\"row\"  id=\"row-1368469374\">\n\n\t<div id=\"col-2099995098\" class=\"col small-12 large-12\"  >\n\t\t\t\t<div class=\"col-inner text-left\"  >\n\t\t\t\n\t\t\t\n\n\t<section class=\"section\" id=\"section_434460802\">\n\t\t<div class=\"section-bg fill\" >\n\t\t\t\t\t\t\t\t\t\n\t\t\t\n\t<div class=\"is-border\"\n\t\tstyle=\"border-width:0px 0px 0px 0px;margin:0px 0px 0px 0px;\">\n\t<\/div>\n\n\t\t<\/div>\n\n\t\t\n\n\t\t<div class=\"section-content relative\">\n\t\t\t\n<div class=\"row row-large row-full-width align-right\"  id=\"row-514027596\">\n\n\t<div id=\"col-1535628744\" class=\"col medium-5 small-12 large-5\"  >\n\t\t\t\t<div class=\"col-inner\"  >\n\t\t\t\n\t\t\t\n\t<div class=\"img has-hover x md-x lg-x y md-y lg-y\" id=\"image_429626469\">\n\t\t\t\t\t\t\t\t<div class=\"img-inner dark\" >\n\t\t\t<img loading=\"lazy\" decoding=\"async\" width=\"974\" height=\"1030\" src=\"https:\/\/static.formar.net\/wp-content\/uploads\/sites\/1\/2023\/08\/02110703\/Sedile-Imbottito-per-panche-acciaio_Insiem-Sfuocato_coppia--974x1030.jpg\" class=\"attachment-large size-large\" alt=\"\" srcset=\"https:\/\/static.formar.net\/wp-content\/uploads\/sites\/1\/2023\/08\/02110703\/Sedile-Imbottito-per-panche-acciaio_Insiem-Sfuocato_coppia--974x1030.jpg 974w, https:\/\/static.formar.net\/wp-content\/uploads\/sites\/1\/2023\/08\/02110703\/Sedile-Imbottito-per-panche-acciaio_Insiem-Sfuocato_coppia--284x300.jpg 284w, https:\/\/static.formar.net\/wp-content\/uploads\/sites\/1\/2023\/08\/02110703\/Sedile-Imbottito-per-panche-acciaio_Insiem-Sfuocato_coppia--768x812.jpg 768w, https:\/\/static.formar.net\/wp-content\/uploads\/sites\/1\/2023\/08\/02110703\/Sedile-Imbottito-per-panche-acciaio_Insiem-Sfuocato_coppia--1453x1536.jpg 1453w, https:\/\/static.formar.net\/wp-content\/uploads\/sites\/1\/2023\/08\/02110703\/Sedile-Imbottito-per-panche-acciaio_Insiem-Sfuocato_coppia--1937x2048.jpg 1937w, https:\/\/static.formar.net\/wp-content\/uploads\/sites\/1\/2023\/08\/02110703\/Sedile-Imbottito-per-panche-acciaio_Insiem-Sfuocato_coppia--510x539.jpg 510w\" sizes=\"auto, (max-width: 974px) 100vw, 974px\" \/>\t\t\t\t\t\t\n\t\t\t\t\t<\/div>\n\t\t\t\t\t\t\t\t\n<style>\n#image_429626469 {\n  width: 100%;\n}\n<\/style>\n\t<\/div>\n\t\n\t\t<\/div>\n\t\t\t\t\t<\/div>\n\n\t\n\n\t<div id=\"col-679498076\" class=\"col medium-7 small-12 large-7\"  >\n\t\t\t\t<div class=\"col-inner\"  >\n\t\t\t\n\t\t\t\n<h3><span style=\"color: #808080;\">Caract\u00e9ristiques  <\/span><\/h3>\n<ul>\n<li><span style=\"color: #808080;\">Support en contreplaqu\u00e9 cintr\u00e9 de 12 mm d&rsquo;\u00e9paisseur rembourr\u00e9 en mousse ind\u00e9formable et rev\u00eatu d&rsquo;<strong>\u00e9cocuir ignifuge<\/strong> <strong>classe 1\/IM<\/strong><\/span><\/li>\n<li><span style=\"color: #808080;\">Les coussins sont fix\u00e9s par des vis \u00e0 l&rsquo;assise et au dossier des bancs \u00e0 2, 3, 4 et 5 places.<\/span><\/li>\n<li><span style=\"color: #808080;\">Bords biseaut\u00e9s<\/span><\/li>\n<li><span style=\"color: #808080;\">Vendu par paire (1 par dossier, 1 par si\u00e8ge)<\/span><\/li>\n<li><span style=\"color: #808080;\">Dimensions cm L 47 x P 38 x H 4<\/span><\/li>\n<li><span style=\"color: #808080;\">Poids du coussin individuel 1 kg (2 kg pour la paire)<\/span><\/li>\n<li><span style=\"color: #808080;\">Convient \u00e0 tous les mod\u00e8les de bancs Formar Shop<\/span><\/li>\n<\/ul>\n\t\t<\/div>\n\t\t\t\t\t<\/div>\n\n\t\n<\/p>\n<\/div>\n\t\t<\/div>\n\n\t\t\n<style>\n#section_434460802 {\n  padding-top: 0px;\n  padding-bottom: 0px;\n  margin-bottom: 0px;\n  min-height: 400px;\n}\n@media (min-width:550px) {\n  #section_434460802 {\n    min-height: 0px;\n  }\n}\n<\/style>\n\t<\/section>\n\t\n<p>L&rsquo;ENTRETIEN ET LA MAINTENANCE :<\/p>\n<p>Passer un chiffon humidifi\u00e9 d&rsquo;eau ti\u00e8de et d&rsquo;un produit neutre.<\/p>\n\t\t<\/div>\n\t\t\t\t\t<\/div>\n\n\t\n<\/div>\n<\/p>\n\n\t<section class=\"section\" id=\"section_22517282\">\n\t\t<div class=\"section-bg fill\" >\n\t\t\t\t\t\t\t\t\t\n\t\t\t\n\n\t\t<\/div>\n\n\t\t\n\n\t\t<div class=\"section-content relative\">\n\t\t\t\n<div class=\"is-divider divider clearfix\" style=\"max-width:1000px;\"><\/div>\n<div class=\"row row-solid\"  id=\"row-632335019\">\n\n\t<div id=\"col-58534672\" class=\"col medium-3 small-12 large-3\"  >\n\t\t\t\t<div class=\"col-inner\"  >\n\t\t\t\n\t\t\t\n\n\t\t<div class=\"icon-box featured-box icon-box-center text-center\"  >\n\t\t\t\t\t<div class=\"icon-box-img\" style=\"width: 50px\">\n\t\t\t\t<div class=\"icon\">\n\t\t\t\t\t<div class=\"icon-inner\" >\n\t\t\t\t\t\t<img loading=\"lazy\" decoding=\"async\" width=\"128\" height=\"128\" src=\"https:\/\/static.formar.net\/wp-content\/uploads\/sites\/1\/2022\/10\/02111131\/2703076-128-1-1.png\" class=\"attachment-medium size-medium\" alt=\"\" srcset=\"https:\/\/static.formar.net\/wp-content\/uploads\/sites\/1\/2022\/10\/02111131\/2703076-128-1-1.png 128w, https:\/\/static.formar.net\/wp-content\/uploads\/sites\/1\/2022\/10\/02111131\/2703076-128-1-1-80x80.png 80w, https:\/\/static.formar.net\/wp-content\/uploads\/sites\/1\/2022\/10\/02111131\/2703076-128-1-1-100x100.png 100w, https:\/\/static.formar.net\/wp-content\/uploads\/sites\/1\/2022\/10\/02111131\/2703076-128-1-1-50x50.png 50w\" sizes=\"auto, (max-width: 128px) 100vw, 128px\" \/>\t\t\t\t\t<\/div>\n\t\t\t\t<\/div>\n\t\t\t<\/div>\n\t\t\t\t<div class=\"icon-box-text last-reset\">\n\t\t\t\t\t\t\t\t\t\n<h3>Un service client\u00e8le toujours disponible<\/h3>\n<p>Vous pouvez nous joindre par WhatsApp : <a href=\"https:\/\/api.whatsapp.com\/send\/?phone=390715906063&amp;text&amp;type=phone_number&amp;app_absent=0\">+39 071 5906063<\/a><\/p>\n<p>Commandes par t\u00e9l\u00e9phone : <a href=\"tel:+39800122267\">800 122 267<\/a><\/p>\n\t\t<\/div>\n\t<\/div>\n\t\n\t\n\t\t<\/div>\n\t\t\t\t\t<\/div>\n\n\t\n<\/p>\n\n\t<div id=\"col-1788951493\" class=\"col medium-3 small-12 large-3\"  >\n\t\t\t\t<div class=\"col-inner\"  >\n\t\t\t\n\t\t\t\n\n\t\t<div class=\"icon-box featured-box icon-box-center text-center\"  >\n\t\t\t\t\t<div class=\"icon-box-img\" style=\"width: 50px\">\n\t\t\t\t<div class=\"icon\">\n\t\t\t\t\t<div class=\"icon-inner\" >\n\t\t\t\t\t\t<img loading=\"lazy\" decoding=\"async\" width=\"256\" height=\"256\" src=\"https:\/\/static.formar.net\/wp-content\/uploads\/sites\/1\/2022\/11\/02111117\/Icona-carta-di-credito.png\" class=\"attachment-medium size-medium\" alt=\"\" srcset=\"https:\/\/static.formar.net\/wp-content\/uploads\/sites\/1\/2022\/11\/02111117\/Icona-carta-di-credito.png 256w, https:\/\/static.formar.net\/wp-content\/uploads\/sites\/1\/2022\/11\/02111117\/Icona-carta-di-credito-80x80.png 80w, https:\/\/static.formar.net\/wp-content\/uploads\/sites\/1\/2022\/11\/02111117\/Icona-carta-di-credito-100x100.png 100w, https:\/\/static.formar.net\/wp-content\/uploads\/sites\/1\/2022\/11\/02111117\/Icona-carta-di-credito-50x50.png 50w\" sizes=\"auto, (max-width: 256px) 100vw, 256px\" \/>\t\t\t\t\t<\/div>\n\t\t\t\t<\/div>\n\t\t\t<\/div>\n\t\t\t\t<div class=\"icon-box-text last-reset\">\n\t\t\t\t\t\t\t\t\t\n<h3>Choisissez le mode de paiement<\/h3>\n<p>Paiement par Paypal, carte de cr\u00e9dit, esp\u00e8ces ou Bancomat (sur place) et contre remboursement.<\/p>\n\t\t<\/div>\n\t<\/div>\n\t\n\t\n\t\t<\/div>\n\t\t\t\t\t<\/div>\n\n\t\n<\/p>\n\n\t<div id=\"col-748519028\" class=\"col medium-3 small-12 large-3\"  >\n\t\t\t\t<div class=\"col-inner\"  >\n\t\t\t\n\t\t\t\n\n\t\t<div class=\"icon-box featured-box icon-box-center text-center\"  >\n\t\t\t\t\t<div class=\"icon-box-img\" style=\"width: 50px\">\n\t\t\t\t<div class=\"icon\">\n\t\t\t\t\t<div class=\"icon-inner\" >\n\t\t\t\t\t\t<img loading=\"lazy\" decoding=\"async\" width=\"128\" height=\"128\" src=\"https:\/\/static.formar.net\/wp-content\/uploads\/sites\/1\/2022\/10\/02111130\/3669335-128-1.png\" class=\"attachment-medium size-medium\" alt=\"\" srcset=\"https:\/\/static.formar.net\/wp-content\/uploads\/sites\/1\/2022\/10\/02111130\/3669335-128-1.png 128w, https:\/\/static.formar.net\/wp-content\/uploads\/sites\/1\/2022\/10\/02111130\/3669335-128-1-80x80.png 80w, https:\/\/static.formar.net\/wp-content\/uploads\/sites\/1\/2022\/10\/02111130\/3669335-128-1-100x100.png 100w, https:\/\/static.formar.net\/wp-content\/uploads\/sites\/1\/2022\/10\/02111130\/3669335-128-1-50x50.png 50w\" sizes=\"auto, (max-width: 128px) 100vw, 128px\" \/>\t\t\t\t\t<\/div>\n\t\t\t\t<\/div>\n\t\t\t<\/div>\n\t\t\t\t<div class=\"icon-box-text last-reset\">\n\t\t\t\t\t\t\t\t\t\n<h3>Retour facile et sans souci<\/h3>\n<p>En cas de probl\u00e8me, nous organisons le ramassage directement \u00e0 votre adresse.<a href=\"https:\/\/formar.shop\/fr\/regles-en-matiere-de-retour\/\">(Plus de d\u00e9tails<\/a>).<\/p>\n\t\t<\/div>\n\t<\/div>\n\t\n\t\n\t\t<\/div>\n\t\t\t\t\t<\/div>\n\n\t\n<\/p>\n\n\t<div id=\"col-1008028034\" class=\"col medium-3 small-12 large-3\"  >\n\t\t\t\t<div class=\"col-inner\"  >\n\t\t\t\n\t\t\t\n\n\t\t<div class=\"icon-box featured-box icon-box-center text-center\"  >\n\t\t\t\t\t<div class=\"icon-box-img\" style=\"width: 50px\">\n\t\t\t\t<div class=\"icon\">\n\t\t\t\t\t<div class=\"icon-inner\" >\n\t\t\t\t\t\t<img loading=\"lazy\" decoding=\"async\" width=\"128\" height=\"128\" src=\"https:\/\/static.formar.net\/wp-content\/uploads\/sites\/1\/2022\/10\/02111130\/5959201-128-1.png\" class=\"attachment-medium size-medium\" alt=\"\" srcset=\"https:\/\/static.formar.net\/wp-content\/uploads\/sites\/1\/2022\/10\/02111130\/5959201-128-1.png 128w, https:\/\/static.formar.net\/wp-content\/uploads\/sites\/1\/2022\/10\/02111130\/5959201-128-1-80x80.png 80w, https:\/\/static.formar.net\/wp-content\/uploads\/sites\/1\/2022\/10\/02111130\/5959201-128-1-100x100.png 100w, https:\/\/static.formar.net\/wp-content\/uploads\/sites\/1\/2022\/10\/02111130\/5959201-128-1-50x50.png 50w\" sizes=\"auto, (max-width: 128px) 100vw, 128px\" \/>\t\t\t\t\t<\/div>\n\t\t\t\t<\/div>\n\t\t\t<\/div>\n\t\t\t\t<div class=\"icon-box-text last-reset\">\n\t\t\t\t\t\t\t\t\t\n<h3>Garantie du fabricant et pi\u00e8ces de rechange<\/h3>\n<p>Tous nos produits b\u00e9n\u00e9ficient de notre garantie. Pour de nombreux produits, nous garantissons les pi\u00e8ces de rechange pendant la m\u00eame p\u00e9riode. <\/p>\n\t\t<\/div>\n\t<\/div>\n\t\n\t\n\t\t<\/div>\n\t\t\t\t\t<\/div>\n\n\t\n\n<style>\n#row-632335019 > .col > .col-inner {\n  padding: 20px 20px 20px 20px;\n}\n<\/style>\n<\/div>\n\t\t<\/div>\n\n\t\t\n<style>\n#section_22517282 {\n  padding-top: 30px;\n  padding-bottom: 30px;\n}\n<\/style>\n\t<\/section>\n\t\n","protected":false},"excerpt":{"rendered":"<p>Support en contreplaqu\u00e9 cintr\u00e9 de 12 mm d&rsquo;\u00e9paisseur et rembourr\u00e9 en mousse ind\u00e9formable et rev\u00eatu d&rsquo;\u00e9cocuir ignifuge classe 1\/IM. Les coussins se fixent, au moyen de vis, \u00e0 l&rsquo;assise et au dossier des bancs de 2, 3, 4 et 5 places. Bords arrondis. Vendus par paire (n\u00b01 pour dossier n\u00b01 pour assise)<br \/>Adaptable \u00e0 tous les mod\u00e8les de bancs Formar Shop.   <\/p>\n","protected":false},"featured_media":51608,"template":"","meta":{"_joinchat":[]},"product_brand":[],"product_cat":[1378,1547],"product_tag":[],"class_list":{"0":"post-44382","1":"product","2":"type-product","3":"status-publish","4":"has-post-thumbnail","6":"product_cat-bureau","7":"product_cat-sieges-de-salle-dattente","9":"first","10":"instock","11":"taxable","12":"shipping-taxable","13":"purchasable","14":"product-type-variable","15":"has-default-attributes"},"yoast_head":"<!-- This site is optimized with the Yoast SEO plugin v27.3 - https:\/\/yoast.com\/product\/yoast-seo-wordpress\/ -->\n<title>Paire de coussins d&#039;assise et de dossier rembourr\u00e9s pour banc - Formar.shop<\/title>\n<meta name=\"description\" content=\"Support en contreplaqu\u00e9 cintr\u00e9 de 12 mm d&#039;\u00e9paisseur et rembourr\u00e9 en mousse ind\u00e9formable et rev\u00eatu d&#039;\u00e9cocuir ignifuge de couleur noire. Les coussins se fixent, au moyen de vis, \u00e0 l&#039;assise et au dossier des bancs de 2, 3, 4 et 5 places. Bords arrondis. Vendus par paire (n\u00b01 pour dossier n\u00b01 pour assise) Adaptable \u00e0 tous les mod\u00e8les de bancs Formar Shop.\" \/>\n<meta name=\"robots\" content=\"index, follow, max-snippet:-1, max-image-preview:large, max-video-preview:-1\" \/>\n<link rel=\"canonical\" href=\"https:\/\/formar.shop\/fr\/prodotto\/paire-de-coussins-dassise-et-de-dossier-rembourres-pour-banc\/\" \/>\n<script type=\"application\/ld+json\" class=\"yoast-schema-graph\">{\"@context\":\"https:\\\/\\\/schema.org\",\"@graph\":[{\"@type\":\"WebPage\",\"@id\":\"https:\\\/\\\/formar.shop\\\/fr\\\/prodotto\\\/paire-de-coussins-dassise-et-de-dossier-rembourres-pour-banc\\\/\",\"url\":\"https:\\\/\\\/formar.shop\\\/fr\\\/prodotto\\\/paire-de-coussins-dassise-et-de-dossier-rembourres-pour-banc\\\/\",\"name\":\"Paire de coussins d'assise et de dossier rembourr\u00e9s pour banc - Formar.shop\",\"isPartOf\":{\"@id\":\"https:\\\/\\\/formar.shop\\\/fr\\\/#website\"},\"primaryImageOfPage\":{\"@id\":\"https:\\\/\\\/formar.shop\\\/fr\\\/prodotto\\\/paire-de-coussins-dassise-et-de-dossier-rembourres-pour-banc\\\/#primaryimage\"},\"image\":{\"@id\":\"https:\\\/\\\/formar.shop\\\/fr\\\/prodotto\\\/paire-de-coussins-dassise-et-de-dossier-rembourres-pour-banc\\\/#primaryimage\"},\"thumbnailUrl\":\"https:\\\/\\\/static.formar.net\\\/wp-content\\\/uploads\\\/sites\\\/1\\\/2022\\\/10\\\/20143243\\\/Sedile-Imbottito-per-panche-acciaio_Insiem-Sfuocato_coppia-_scontornata.png\",\"datePublished\":\"2025-01-18T20:23:31+00:00\",\"dateModified\":\"2025-11-18T10:27:33+00:00\",\"description\":\"Support en contreplaqu\u00e9 cintr\u00e9 de 12 mm d'\u00e9paisseur et rembourr\u00e9 en mousse ind\u00e9formable et rev\u00eatu d'\u00e9cocuir ignifuge de couleur noire. Les coussins se fixent, au moyen de vis, \u00e0 l'assise et au dossier des bancs de 2, 3, 4 et 5 places. Bords arrondis. Vendus par paire (n\u00b01 pour dossier n\u00b01 pour assise) Adaptable \u00e0 tous les mod\u00e8les de bancs Formar Shop.\",\"breadcrumb\":{\"@id\":\"https:\\\/\\\/formar.shop\\\/fr\\\/prodotto\\\/paire-de-coussins-dassise-et-de-dossier-rembourres-pour-banc\\\/#breadcrumb\"},\"inLanguage\":\"fr-FR\",\"potentialAction\":[{\"@type\":\"ReadAction\",\"target\":[\"https:\\\/\\\/formar.shop\\\/fr\\\/prodotto\\\/paire-de-coussins-dassise-et-de-dossier-rembourres-pour-banc\\\/\"]}]},{\"@type\":\"ImageObject\",\"inLanguage\":\"fr-FR\",\"@id\":\"https:\\\/\\\/formar.shop\\\/fr\\\/prodotto\\\/paire-de-coussins-dassise-et-de-dossier-rembourres-pour-banc\\\/#primaryimage\",\"url\":\"https:\\\/\\\/static.formar.net\\\/wp-content\\\/uploads\\\/sites\\\/1\\\/2022\\\/10\\\/20143243\\\/Sedile-Imbottito-per-panche-acciaio_Insiem-Sfuocato_coppia-_scontornata.png\",\"contentUrl\":\"https:\\\/\\\/static.formar.net\\\/wp-content\\\/uploads\\\/sites\\\/1\\\/2022\\\/10\\\/20143243\\\/Sedile-Imbottito-per-panche-acciaio_Insiem-Sfuocato_coppia-_scontornata.png\",\"width\":894,\"height\":894},{\"@type\":\"BreadcrumbList\",\"@id\":\"https:\\\/\\\/formar.shop\\\/fr\\\/prodotto\\\/paire-de-coussins-dassise-et-de-dossier-rembourres-pour-banc\\\/#breadcrumb\",\"itemListElement\":[{\"@type\":\"ListItem\",\"position\":1,\"name\":\"Home\",\"item\":\"https:\\\/\\\/formar.shop\\\/fr\\\/auto-draft\\\/\"},{\"@type\":\"ListItem\",\"position\":2,\"name\":\"Boutique\",\"item\":\"https:\\\/\\\/formar.shop\\\/fr\\\/boutique\\\/\"},{\"@type\":\"ListItem\",\"position\":3,\"name\":\"Paire de coussins d&#8217;assise et de dossier rembourr\u00e9s pour banc\"}]},{\"@type\":\"WebSite\",\"@id\":\"https:\\\/\\\/formar.shop\\\/fr\\\/#website\",\"url\":\"https:\\\/\\\/formar.shop\\\/fr\\\/\",\"name\":\"Formar.shop\",\"description\":\"Soluzioni espresse con stile\",\"potentialAction\":[{\"@type\":\"SearchAction\",\"target\":{\"@type\":\"EntryPoint\",\"urlTemplate\":\"https:\\\/\\\/formar.shop\\\/fr\\\/?s={search_term_string}\"},\"query-input\":{\"@type\":\"PropertyValueSpecification\",\"valueRequired\":true,\"valueName\":\"search_term_string\"}}],\"inLanguage\":\"fr-FR\"}]}<\/script>\n<!-- \/ Yoast SEO plugin. -->","yoast_head_json":{"title":"Paire de coussins d'assise et de dossier rembourr\u00e9s pour banc - Formar.shop","description":"Support en contreplaqu\u00e9 cintr\u00e9 de 12 mm d'\u00e9paisseur et rembourr\u00e9 en mousse ind\u00e9formable et rev\u00eatu d'\u00e9cocuir ignifuge de couleur noire. Les coussins se fixent, au moyen de vis, \u00e0 l'assise et au dossier des bancs de 2, 3, 4 et 5 places. Bords arrondis. Vendus par paire (n\u00b01 pour dossier n\u00b01 pour assise) Adaptable \u00e0 tous les mod\u00e8les de bancs Formar Shop.","robots":{"index":"index","follow":"follow","max-snippet":"max-snippet:-1","max-image-preview":"max-image-preview:large","max-video-preview":"max-video-preview:-1"},"canonical":"https:\/\/formar.shop\/fr\/prodotto\/paire-de-coussins-dassise-et-de-dossier-rembourres-pour-banc\/","schema":{"@context":"https:\/\/schema.org","@graph":[{"@type":"WebPage","@id":"https:\/\/formar.shop\/fr\/prodotto\/paire-de-coussins-dassise-et-de-dossier-rembourres-pour-banc\/","url":"https:\/\/formar.shop\/fr\/prodotto\/paire-de-coussins-dassise-et-de-dossier-rembourres-pour-banc\/","name":"Paire de coussins d'assise et de dossier rembourr\u00e9s pour banc - Formar.shop","isPartOf":{"@id":"https:\/\/formar.shop\/fr\/#website"},"primaryImageOfPage":{"@id":"https:\/\/formar.shop\/fr\/prodotto\/paire-de-coussins-dassise-et-de-dossier-rembourres-pour-banc\/#primaryimage"},"image":{"@id":"https:\/\/formar.shop\/fr\/prodotto\/paire-de-coussins-dassise-et-de-dossier-rembourres-pour-banc\/#primaryimage"},"thumbnailUrl":"https:\/\/static.formar.net\/wp-content\/uploads\/sites\/1\/2022\/10\/20143243\/Sedile-Imbottito-per-panche-acciaio_Insiem-Sfuocato_coppia-_scontornata.png","datePublished":"2025-01-18T20:23:31+00:00","dateModified":"2025-11-18T10:27:33+00:00","description":"Support en contreplaqu\u00e9 cintr\u00e9 de 12 mm d'\u00e9paisseur et rembourr\u00e9 en mousse ind\u00e9formable et rev\u00eatu d'\u00e9cocuir ignifuge de couleur noire. Les coussins se fixent, au moyen de vis, \u00e0 l'assise et au dossier des bancs de 2, 3, 4 et 5 places. Bords arrondis. Vendus par paire (n\u00b01 pour dossier n\u00b01 pour assise) Adaptable \u00e0 tous les mod\u00e8les de bancs Formar Shop.","breadcrumb":{"@id":"https:\/\/formar.shop\/fr\/prodotto\/paire-de-coussins-dassise-et-de-dossier-rembourres-pour-banc\/#breadcrumb"},"inLanguage":"fr-FR","potentialAction":[{"@type":"ReadAction","target":["https:\/\/formar.shop\/fr\/prodotto\/paire-de-coussins-dassise-et-de-dossier-rembourres-pour-banc\/"]}]},{"@type":"ImageObject","inLanguage":"fr-FR","@id":"https:\/\/formar.shop\/fr\/prodotto\/paire-de-coussins-dassise-et-de-dossier-rembourres-pour-banc\/#primaryimage","url":"https:\/\/static.formar.net\/wp-content\/uploads\/sites\/1\/2022\/10\/20143243\/Sedile-Imbottito-per-panche-acciaio_Insiem-Sfuocato_coppia-_scontornata.png","contentUrl":"https:\/\/static.formar.net\/wp-content\/uploads\/sites\/1\/2022\/10\/20143243\/Sedile-Imbottito-per-panche-acciaio_Insiem-Sfuocato_coppia-_scontornata.png","width":894,"height":894},{"@type":"BreadcrumbList","@id":"https:\/\/formar.shop\/fr\/prodotto\/paire-de-coussins-dassise-et-de-dossier-rembourres-pour-banc\/#breadcrumb","itemListElement":[{"@type":"ListItem","position":1,"name":"Home","item":"https:\/\/formar.shop\/fr\/auto-draft\/"},{"@type":"ListItem","position":2,"name":"Boutique","item":"https:\/\/formar.shop\/fr\/boutique\/"},{"@type":"ListItem","position":3,"name":"Paire de coussins d&#8217;assise et de dossier rembourr\u00e9s pour banc"}]},{"@type":"WebSite","@id":"https:\/\/formar.shop\/fr\/#website","url":"https:\/\/formar.shop\/fr\/","name":"Formar.shop","description":"Soluzioni espresse con stile","potentialAction":[{"@type":"SearchAction","target":{"@type":"EntryPoint","urlTemplate":"https:\/\/formar.shop\/fr\/?s={search_term_string}"},"query-input":{"@type":"PropertyValueSpecification","valueRequired":true,"valueName":"search_term_string"}}],"inLanguage":"fr-FR"}]}},"_links":{"self":[{"href":"https:\/\/formar.shop\/fr\/wp-json\/wp\/v2\/product\/44382","targetHints":{"allow":["GET"]}}],"collection":[{"href":"https:\/\/formar.shop\/fr\/wp-json\/wp\/v2\/product"}],"about":[{"href":"https:\/\/formar.shop\/fr\/wp-json\/wp\/v2\/types\/product"}],"wp:featuredmedia":[{"embeddable":true,"href":"https:\/\/formar.shop\/fr\/wp-json\/wp\/v2\/media\/51608"}],"wp:attachment":[{"href":"https:\/\/formar.shop\/fr\/wp-json\/wp\/v2\/media?parent=44382"}],"wp:term":[{"taxonomy":"product_brand","embeddable":true,"href":"https:\/\/formar.shop\/fr\/wp-json\/wp\/v2\/product_brand?post=44382"},{"taxonomy":"product_cat","embeddable":true,"href":"https:\/\/formar.shop\/fr\/wp-json\/wp\/v2\/product_cat?post=44382"},{"taxonomy":"product_tag","embeddable":true,"href":"https:\/\/formar.shop\/fr\/wp-json\/wp\/v2\/product_tag?post=44382"}],"curies":[{"name":"wp","href":"https:\/\/api.w.org\/{rel}","templated":true}]}}