{"id":43707,"date":"2025-01-18T21:19:50","date_gmt":"2025-01-18T20:19:50","guid":{"rendered":"https:\/\/formar.shop\/guide-dachat\/"},"modified":"2025-01-18T21:19:51","modified_gmt":"2025-01-18T20:19:51","slug":"guide-dachat","status":"publish","type":"page","link":"https:\/\/formar.shop\/fr\/guide-dachat\/","title":{"rendered":"GUIDE D&rsquo;ACHAT"},"content":{"rendered":"\t<div id=\"text-2681604393\" class=\"text\">\n\t\t\n<p><strong>Conditions d&rsquo;utilisation<\/strong><\/p>\n<p>Formar.shop by Formar Contract permet \u00e0 chacun d&rsquo;acheter ses produits en ligne, gr\u00e2ce \u00e0 un service <strong>simple, pratique et s\u00e9curis\u00e9<\/strong>.<\/p>\n<p>Il est possible d&rsquo;effectuer un achat apr\u00e8s l&rsquo;enregistrement ou en tant qu&rsquo;invit\u00e9, mais dans les deux cas, il est n\u00e9cessaire de remplir tous les champs requis.  <\/p>\n<p><strong>Toutes les commandes sont soumises \u00e0 confirmation.<\/strong><\/p>\n<\/p>\n<p><strong>Inscription<\/strong><\/p>\n<p>Apr\u00e8s s&rsquo;\u00eatre enregistr\u00e9, en quelques \u00e9tapes simples, le nouveau client dispose d&rsquo;un panneau de contr\u00f4le interne, o\u00f9 il peut saisir son adresse de livraison, ce qui permet au syst\u00e8me de la m\u00e9moriser pour acc\u00e9l\u00e9rer le prochain achat, et g\u00e9rer le panier d&rsquo;achat et l&rsquo;option de comparaison des produits. Il choisit le produit, la taille et la couleur qu&rsquo;il souhaite et, apr\u00e8s avoir s\u00e9lectionn\u00e9 la quantit\u00e9 d\u00e9sir\u00e9e, l&rsquo;ajoute au panier d&rsquo;achat. Lorsque vous souhaitez proc\u00e9der \u00e0 l&rsquo;achat, entrez dans le panier, en vous connectant d&rsquo;abord si vous \u00eates enregistr\u00e9, et proc\u00e9dez \u00e0 la commande. Vous pouvez \u00e0 tout moment modifier ou supprimer les produits choisis dans le panier.  <\/p>\n<\/p>\n<p><strong>Commande<\/strong><\/p>\n<p>Une fois que vous avez s\u00e9lectionn\u00e9 tous les produits \u00e0 acheter, proc\u00e9dez \u00e0 la commande. Si vous disposez d&rsquo;un compte \u00e0 jour avec vos donn\u00e9es et votre adresse de livraison, le processus d&rsquo;achat sera plus rapide.<br \/>La commande ne sera trait\u00e9e que lorsque le paiement du produit aura \u00e9t\u00e9 re\u00e7u, en fonction du mode de paiement choisi.  <\/p>\n<\/p>\n<p><strong>Notre service client\u00e8le est \u00e0 votre disposition.<\/strong><\/p>\n<p>Nos professionnels r\u00e9pondront \u00e0 vos questions concernant nos services.<\/p>\n<p>N&rsquo;h\u00e9sitez pas \u00e0 nous contacter pour toute demande d&rsquo;information ou de devis !  <\/p>\n<\/p>\n<p style=\"text-align: left;\"><strong>Formar Contract srl<\/strong><br \/><strong>Via del Consorzio 44<\/strong><br \/><strong>60015 | Falconara Marittima (AN)<\/strong><\/p>\n<p style=\"text-align: left;\"><a href=\"tel:800122267\">Num\u00e9ro gratuit <\/a><a href=\"tel:800122267\">800 12 22 67<\/a><br \/><a href=\"tel:+390715906063\">T\u00e9l. 071 590.60.63<\/a><\/p>\n<p style=\"text-align: left;\">\n<p>Bureau de vente : <a href=\"mailto:info@formar-contract.it\">info@formar.net<\/a> E-commerce :<a href=\"mailto:shop@formar.net\">shop@formar.net<\/a> PEC :<a href=\"mailto:info@pec.formar-contract.it\">info@pec.formar-contract.it<\/a><\/p>\n<p style=\"text-align: left;\">\n\t\t\n<style>\n#text-2681604393 {\n  color: rgb(0,0,0);\n}\n#text-2681604393 > * {\n  color: rgb(0,0,0);\n}\n<\/style>\n\t<\/div>\n\t\n","protected":false},"excerpt":{"rendered":"","protected":false},"author":6,"featured_media":0,"parent":0,"menu_order":0,"comment_status":"closed","ping_status":"closed","template":"","meta":{"_joinchat":[],"footnotes":""},"class_list":["post-43707","page","type-page","status-publish","hentry"],"yoast_head":"<!-- This site is optimized with the Yoast SEO plugin v27.3 - https:\/\/yoast.com\/product\/yoast-seo-wordpress\/ -->\n<title>GUIDE D&#039;ACHAT - Formar.shop<\/title>\n<meta name=\"robots\" content=\"index, follow, max-snippet:-1, max-image-preview:large, max-video-preview:-1\" \/>\n<link rel=\"canonical\" href=\"https:\/\/formar.shop\/fr\/guide-dachat\/\" \/>\n<script type=\"application\/ld+json\" class=\"yoast-schema-graph\">{\"@context\":\"https:\\\/\\\/schema.org\",\"@graph\":[{\"@type\":\"WebPage\",\"@id\":\"https:\\\/\\\/formar.shop\\\/fr\\\/guide-dachat\\\/\",\"url\":\"https:\\\/\\\/formar.shop\\\/fr\\\/guide-dachat\\\/\",\"name\":\"GUIDE D'ACHAT - Formar.shop\",\"isPartOf\":{\"@id\":\"https:\\\/\\\/formar.shop\\\/fr\\\/#website\"},\"datePublished\":\"2025-01-18T20:19:50+00:00\",\"dateModified\":\"2025-01-18T20:19:51+00:00\",\"breadcrumb\":{\"@id\":\"https:\\\/\\\/formar.shop\\\/fr\\\/guide-dachat\\\/#breadcrumb\"},\"inLanguage\":\"fr-FR\",\"potentialAction\":[{\"@type\":\"ReadAction\",\"target\":[\"https:\\\/\\\/formar.shop\\\/fr\\\/guide-dachat\\\/\"]}]},{\"@type\":\"BreadcrumbList\",\"@id\":\"https:\\\/\\\/formar.shop\\\/fr\\\/guide-dachat\\\/#breadcrumb\",\"itemListElement\":[{\"@type\":\"ListItem\",\"position\":1,\"name\":\"Home\",\"item\":\"https:\\\/\\\/formar.shop\\\/fr\\\/auto-draft\\\/\"},{\"@type\":\"ListItem\",\"position\":2,\"name\":\"GUIDE D&#8217;ACHAT\"}]},{\"@type\":\"WebSite\",\"@id\":\"https:\\\/\\\/formar.shop\\\/fr\\\/#website\",\"url\":\"https:\\\/\\\/formar.shop\\\/fr\\\/\",\"name\":\"Formar.shop\",\"description\":\"Soluzioni espresse con stile\",\"potentialAction\":[{\"@type\":\"SearchAction\",\"target\":{\"@type\":\"EntryPoint\",\"urlTemplate\":\"https:\\\/\\\/formar.shop\\\/fr\\\/?s={search_term_string}\"},\"query-input\":{\"@type\":\"PropertyValueSpecification\",\"valueRequired\":true,\"valueName\":\"search_term_string\"}}],\"inLanguage\":\"fr-FR\"}]}<\/script>\n<!-- \/ Yoast SEO plugin. -->","yoast_head_json":{"title":"GUIDE D'ACHAT - Formar.shop","robots":{"index":"index","follow":"follow","max-snippet":"max-snippet:-1","max-image-preview":"max-image-preview:large","max-video-preview":"max-video-preview:-1"},"canonical":"https:\/\/formar.shop\/fr\/guide-dachat\/","schema":{"@context":"https:\/\/schema.org","@graph":[{"@type":"WebPage","@id":"https:\/\/formar.shop\/fr\/guide-dachat\/","url":"https:\/\/formar.shop\/fr\/guide-dachat\/","name":"GUIDE D'ACHAT - Formar.shop","isPartOf":{"@id":"https:\/\/formar.shop\/fr\/#website"},"datePublished":"2025-01-18T20:19:50+00:00","dateModified":"2025-01-18T20:19:51+00:00","breadcrumb":{"@id":"https:\/\/formar.shop\/fr\/guide-dachat\/#breadcrumb"},"inLanguage":"fr-FR","potentialAction":[{"@type":"ReadAction","target":["https:\/\/formar.shop\/fr\/guide-dachat\/"]}]},{"@type":"BreadcrumbList","@id":"https:\/\/formar.shop\/fr\/guide-dachat\/#breadcrumb","itemListElement":[{"@type":"ListItem","position":1,"name":"Home","item":"https:\/\/formar.shop\/fr\/auto-draft\/"},{"@type":"ListItem","position":2,"name":"GUIDE D&#8217;ACHAT"}]},{"@type":"WebSite","@id":"https:\/\/formar.shop\/fr\/#website","url":"https:\/\/formar.shop\/fr\/","name":"Formar.shop","description":"Soluzioni espresse con stile","potentialAction":[{"@type":"SearchAction","target":{"@type":"EntryPoint","urlTemplate":"https:\/\/formar.shop\/fr\/?s={search_term_string}"},"query-input":{"@type":"PropertyValueSpecification","valueRequired":true,"valueName":"search_term_string"}}],"inLanguage":"fr-FR"}]}},"_links":{"self":[{"href":"https:\/\/formar.shop\/fr\/wp-json\/wp\/v2\/pages\/43707","targetHints":{"allow":["GET"]}}],"collection":[{"href":"https:\/\/formar.shop\/fr\/wp-json\/wp\/v2\/pages"}],"about":[{"href":"https:\/\/formar.shop\/fr\/wp-json\/wp\/v2\/types\/page"}],"author":[{"embeddable":true,"href":"https:\/\/formar.shop\/fr\/wp-json\/wp\/v2\/users\/6"}],"replies":[{"embeddable":true,"href":"https:\/\/formar.shop\/fr\/wp-json\/wp\/v2\/comments?post=43707"}],"version-history":[{"count":4,"href":"https:\/\/formar.shop\/fr\/wp-json\/wp\/v2\/pages\/43707\/revisions"}],"predecessor-version":[{"id":43739,"href":"https:\/\/formar.shop\/fr\/wp-json\/wp\/v2\/pages\/43707\/revisions\/43739"}],"wp:attachment":[{"href":"https:\/\/formar.shop\/fr\/wp-json\/wp\/v2\/media?parent=43707"}],"curies":[{"name":"wp","href":"https:\/\/api.w.org\/{rel}","templated":true}]}}