{"id":43669,"date":"2025-01-18T21:19:40","date_gmt":"2025-01-18T20:19:40","guid":{"rendered":"https:\/\/formar.shop\/regles-en-matiere-de-retour\/"},"modified":"2025-11-18T12:03:31","modified_gmt":"2025-11-18T11:03:31","slug":"regles-en-matiere-de-retour","status":"publish","type":"page","link":"https:\/\/formar.shop\/fr\/regles-en-matiere-de-retour\/","title":{"rendered":"R\u00c8GLES EN MATI\u00c8RE DE RETOUR"},"content":{"rendered":"\n<h3><span style=\"font-size: 140%;\"><strong>RETOURS ET ASSISTANCE<\/strong><\/span><\/h3>\n<p> <\/p>\n<p><span style=\"font-size: 110%;\"><strong>Il est possible de retourner les marchandises achet\u00e9es en suivant une proc\u00e9dure simple et rapide.<\/strong><\/span><\/p>\n<p>Conform\u00e9ment \u00e0 la <em>directive europ\u00e9enne 2011\/83, transpos\u00e9e en Italie par le d\u00e9cret l\u00e9gislatif du 3 d\u00e9cembre 2013<\/em>, l&rsquo;acheteur peut r\u00e9silier le contrat d&rsquo;achat sans n\u00e9cessairement pr\u00e9ciser le motif de la restitution.<\/p>\n<p>L&rsquo;acheteur qui souhaite exercer le droit de r\u00e9tractation doit notifier son intention \u00e0 Formar Contract par lettre recommand\u00e9e avec accus\u00e9 de r\u00e9ception ou par <strong>Pec<\/strong>, <strong>dans un d\u00e9lai de 14 jours ouvrables<\/strong> \u00e0 compter de la date de livraison, en joignant une copie des documents de transport, aux adresses indiqu\u00e9es ci-dessous.<\/p>\n<p><span style=\"font-size: 110%;\"><strong>Les frais de retour sont enti\u00e8rement \u00e0 la charge du client.<\/strong><strong>du client.<\/strong><\/span><\/p>\n<p>D\u00e8s que Formar Contract aura accept\u00e9 la demande de retour, l&rsquo;acheteur disposera de <strong>14 jours calendaires pour effectuer l&rsquo;exp\u00e9dition du retour<\/strong>. Pass\u00e9 ce d\u00e9lai, l&rsquo;acheteur ne pourra plus b\u00e9n\u00e9ficier du droit de r\u00e9tractation. <\/p>\n<p>Apr\u00e8s avoir obtenu l&rsquo;autorisation de retour de l&rsquo;op\u00e9rateur, l&rsquo;acheteur doit envoyer le produit \u00e0 l&rsquo;adresse suivante<\/p>\n<p style=\"text-align: center;\"><span style=\"color: #000000;\"><strong>Formar Contract Srl<\/strong><\/span><\/p>\n<p style=\"text-align: center;\"><span style=\"color: #000000;\"><strong>Via del Consorzio 44<\/strong><\/span><\/p>\n<p style=\"text-align: center;\"><span style=\"color: #000000;\"><strong>60015 | Falconara Marittima (AN)<\/strong><\/span><\/p>\n<p style=\"text-align: center;\"><span style=\"color: #000000;\"><strong>info@pec.formar-contract.it<\/strong><\/span><\/p>\n<p>Formar Contract proc\u00e9dera au<strong> remboursement par virement bancaire dans les 14 jours ouvrables suivant la<\/strong> r\u00e9ception des marchandises retourn\u00e9es.<\/p>\n<p>Le droit de r\u00e9tractation s&rsquo;\u00e9teint compl\u00e8tement si le produit retourn\u00e9 n&rsquo;est pas intact, c&rsquo;est-\u00e0-dire s&rsquo;il n&rsquo;a pas son emballage ext\u00e9rieur et int\u00e9rieur d&rsquo;origine, s&rsquo;il est endommag\u00e9 ou s&rsquo;il a \u00e9t\u00e9 partiellement utilis\u00e9.<\/p>\n<p> <\/p>\n<p style=\"text-align: left;\"><strong>Notre service client\u00e8le est \u00e0 votre disposition.  <\/strong><\/p>\n<p style=\"text-align: left;\">Pour toute information ou demande de devis, n&rsquo;h\u00e9sitez pas \u00e0 nous contacter ! Nos professionnels r\u00e9pondront \u00e0 vos demandes concernant nos services : conception, r\u00e9alisation, livraison et montage de mobilier de bureau.<\/p>\n<div class=\"row align-center\"  id=\"row-476766518\">\n\n\n\t<div id=\"col-1323871509\" class=\"col small-12 large-12\"  >\n\t\t\t\t<div class=\"col-inner text-center\" style=\"background-color:rgb(244, 244, 244);\" >\n\t\t\t\n\t\t\t\n\n<h3>Vous avez encore des questions ?<\/h3>\n<p>Contactez-nous pour plus d&rsquo;informations.<\/p>\n<a href=\"https:\/\/formar.shop\/fr\/contactez-nous\/\" class=\"button primary\" >\n\t\t<span>Contactez nous<\/span>\n\t<\/a>\n\n\n\n\t\t<\/div>\n\t\t\t\t\t<\/div>\n\n\t\n\n\n<style>\n#row-476766518 > .col > .col-inner {\n  padding: 40px 20px 40px 20px;\n  background-color: rgb(244, 244, 244);\n}\n@media (min-width:550px) {\n  #row-476766518 > .col > .col-inner {\n    padding: 40px 40px 40px 40px;\n  }\n}\n<\/style>\n<\/div>\n\n","protected":false},"excerpt":{"rendered":"","protected":false},"author":175,"featured_media":0,"parent":0,"menu_order":0,"comment_status":"closed","ping_status":"closed","template":"","meta":{"_joinchat":[],"footnotes":""},"class_list":["post-43669","page","type-page","status-publish","hentry"],"yoast_head":"<!-- This site is optimized with the Yoast SEO plugin v27.3 - https:\/\/yoast.com\/product\/yoast-seo-wordpress\/ -->\n<title>R\u00c8GLES EN MATI\u00c8RE DE RETOUR - Formar.shop<\/title>\n<meta name=\"robots\" content=\"index, follow, max-snippet:-1, max-image-preview:large, max-video-preview:-1\" \/>\n<link rel=\"canonical\" href=\"https:\/\/formar.shop\/fr\/regles-en-matiere-de-retour\/\" \/>\n<script type=\"application\/ld+json\" class=\"yoast-schema-graph\">{\"@context\":\"https:\\\/\\\/schema.org\",\"@graph\":[{\"@type\":\"WebPage\",\"@id\":\"https:\\\/\\\/formar.shop\\\/fr\\\/regles-en-matiere-de-retour\\\/\",\"url\":\"https:\\\/\\\/formar.shop\\\/fr\\\/regles-en-matiere-de-retour\\\/\",\"name\":\"R\u00c8GLES EN MATI\u00c8RE DE RETOUR - Formar.shop\",\"isPartOf\":{\"@id\":\"https:\\\/\\\/formar.shop\\\/fr\\\/#website\"},\"datePublished\":\"2025-01-18T20:19:40+00:00\",\"dateModified\":\"2025-11-18T11:03:31+00:00\",\"breadcrumb\":{\"@id\":\"https:\\\/\\\/formar.shop\\\/fr\\\/regles-en-matiere-de-retour\\\/#breadcrumb\"},\"inLanguage\":\"fr-FR\",\"potentialAction\":[{\"@type\":\"ReadAction\",\"target\":[\"https:\\\/\\\/formar.shop\\\/fr\\\/regles-en-matiere-de-retour\\\/\"]}]},{\"@type\":\"BreadcrumbList\",\"@id\":\"https:\\\/\\\/formar.shop\\\/fr\\\/regles-en-matiere-de-retour\\\/#breadcrumb\",\"itemListElement\":[{\"@type\":\"ListItem\",\"position\":1,\"name\":\"Home\",\"item\":\"https:\\\/\\\/formar.shop\\\/fr\\\/auto-draft\\\/\"},{\"@type\":\"ListItem\",\"position\":2,\"name\":\"R\u00c8GLES EN MATI\u00c8RE DE RETOUR\"}]},{\"@type\":\"WebSite\",\"@id\":\"https:\\\/\\\/formar.shop\\\/fr\\\/#website\",\"url\":\"https:\\\/\\\/formar.shop\\\/fr\\\/\",\"name\":\"Formar.shop\",\"description\":\"Soluzioni espresse con stile\",\"potentialAction\":[{\"@type\":\"SearchAction\",\"target\":{\"@type\":\"EntryPoint\",\"urlTemplate\":\"https:\\\/\\\/formar.shop\\\/fr\\\/?s={search_term_string}\"},\"query-input\":{\"@type\":\"PropertyValueSpecification\",\"valueRequired\":true,\"valueName\":\"search_term_string\"}}],\"inLanguage\":\"fr-FR\"}]}<\/script>\n<!-- \/ Yoast SEO plugin. -->","yoast_head_json":{"title":"R\u00c8GLES EN MATI\u00c8RE DE RETOUR - Formar.shop","robots":{"index":"index","follow":"follow","max-snippet":"max-snippet:-1","max-image-preview":"max-image-preview:large","max-video-preview":"max-video-preview:-1"},"canonical":"https:\/\/formar.shop\/fr\/regles-en-matiere-de-retour\/","schema":{"@context":"https:\/\/schema.org","@graph":[{"@type":"WebPage","@id":"https:\/\/formar.shop\/fr\/regles-en-matiere-de-retour\/","url":"https:\/\/formar.shop\/fr\/regles-en-matiere-de-retour\/","name":"R\u00c8GLES EN MATI\u00c8RE DE RETOUR - Formar.shop","isPartOf":{"@id":"https:\/\/formar.shop\/fr\/#website"},"datePublished":"2025-01-18T20:19:40+00:00","dateModified":"2025-11-18T11:03:31+00:00","breadcrumb":{"@id":"https:\/\/formar.shop\/fr\/regles-en-matiere-de-retour\/#breadcrumb"},"inLanguage":"fr-FR","potentialAction":[{"@type":"ReadAction","target":["https:\/\/formar.shop\/fr\/regles-en-matiere-de-retour\/"]}]},{"@type":"BreadcrumbList","@id":"https:\/\/formar.shop\/fr\/regles-en-matiere-de-retour\/#breadcrumb","itemListElement":[{"@type":"ListItem","position":1,"name":"Home","item":"https:\/\/formar.shop\/fr\/auto-draft\/"},{"@type":"ListItem","position":2,"name":"R\u00c8GLES EN MATI\u00c8RE DE RETOUR"}]},{"@type":"WebSite","@id":"https:\/\/formar.shop\/fr\/#website","url":"https:\/\/formar.shop\/fr\/","name":"Formar.shop","description":"Soluzioni espresse con stile","potentialAction":[{"@type":"SearchAction","target":{"@type":"EntryPoint","urlTemplate":"https:\/\/formar.shop\/fr\/?s={search_term_string}"},"query-input":{"@type":"PropertyValueSpecification","valueRequired":true,"valueName":"search_term_string"}}],"inLanguage":"fr-FR"}]}},"_links":{"self":[{"href":"https:\/\/formar.shop\/fr\/wp-json\/wp\/v2\/pages\/43669","targetHints":{"allow":["GET"]}}],"collection":[{"href":"https:\/\/formar.shop\/fr\/wp-json\/wp\/v2\/pages"}],"about":[{"href":"https:\/\/formar.shop\/fr\/wp-json\/wp\/v2\/types\/page"}],"author":[{"embeddable":true,"href":"https:\/\/formar.shop\/fr\/wp-json\/wp\/v2\/users\/175"}],"replies":[{"embeddable":true,"href":"https:\/\/formar.shop\/fr\/wp-json\/wp\/v2\/comments?post=43669"}],"version-history":[{"count":3,"href":"https:\/\/formar.shop\/fr\/wp-json\/wp\/v2\/pages\/43669\/revisions"}],"predecessor-version":[{"id":61861,"href":"https:\/\/formar.shop\/fr\/wp-json\/wp\/v2\/pages\/43669\/revisions\/61861"}],"wp:attachment":[{"href":"https:\/\/formar.shop\/fr\/wp-json\/wp\/v2\/media?parent=43669"}],"curies":[{"name":"wp","href":"https:\/\/api.w.org\/{rel}","templated":true}]}}