{"id":43593,"date":"2025-01-18T21:19:29","date_gmt":"2025-01-18T20:19:29","guid":{"rendered":"https:\/\/formar.shop\/couts-et-methodes-dexpedition\/"},"modified":"2025-01-18T21:19:34","modified_gmt":"2025-01-18T20:19:34","slug":"couts-et-methodes-dexpedition","status":"publish","type":"page","link":"https:\/\/formar.shop\/fr\/couts-et-methodes-dexpedition\/","title":{"rendered":"CO\u00dbTS ET M\u00c9THODES D&rsquo;EXP\u00c9DITION"},"content":{"rendered":"\n  <div class=\"banner has-hover\" id=\"banner-543538948\">\n          <div class=\"banner-inner fill\">\n        <div class=\"banner-bg fill\" >\n                                                \n                    <\/div>\n\t\t\n        <div class=\"banner-layers container\">\n            <div class=\"fill banner-link\"><\/div>            \n   <div id=\"text-box-965028662\" class=\"text-box banner-layer x50 md-x50 lg-x50 y50 md-y50 lg-y50 res-text\">\n                     <div data-animate=\"flipInY\">           <div class=\"text-box-content text dark\">\n              \n              <div class=\"text-inner text-center\">\n                  \n<h3 style=\"text-align: center;\"><strong><span style=\"font-size: 115%; color: #000000;\"><em>I costi di spedizioni sono sempre gratuiti e inclusi per ogni tuo acquisto !<\/em><\/span><\/strong><\/h3>\n<div class=\"is-divider divider clearfix\" ><\/div>\n\t<div id=\"text-1202380049\" class=\"text\">\n\t\t\n<h1 class=\"h-large uppercase\"><strong><span style=\"font-size: 180%;\">Z\u00c9RO FRAIS D&rsquo;EXP\u00c9DITION !<\/span><\/strong><\/h1>\n\t\t\n<style>\n#text-1202380049 {\n  font-size: 0.8rem;\n  line-height: 2.05;\n  color: rgb(0,0,0);\n}\n#text-1202380049 > * {\n  color: rgb(0,0,0);\n}\n<\/style>\n\t<\/div>\n\t\n              <\/div>\n           <\/div>\n       <\/div>                     \n<style>\n#text-box-965028662 {\n  width: 67%;\n}\n#text-box-965028662 .text-box-content {\n  font-size: 100%;\n}\n<\/style>\n    <\/div>\n \n        <\/div>\n      <\/div>\n\n            \n<style>\n#banner-543538948 {\n  padding-top: 400px;\n}\n<\/style>\n  <\/div>\n\n\n<h4><span style=\"font-size: 110%;\"><strong><span style=\"font-size: 140%; color: #50b848;\"><span style=\"color: #808080;\">INSCRIPTION<\/span>  <\/span>    <\/strong><\/span><\/h4>\n<p>Apr\u00e8s s&rsquo;\u00eatre enregistr\u00e9, en quelques \u00e9tapes simples, le nouveau client dispose d&rsquo;un panneau de contr\u00f4le interne, o\u00f9 il peut saisir son adresse de livraison, ce qui permet au syst\u00e8me de la m\u00e9moriser pour acc\u00e9l\u00e9rer le prochain achat, et g\u00e9rer le panier d&rsquo;achat et l&rsquo;option de comparaison des produits. Il choisit le produit, la taille et la couleur qu&rsquo;il souhaite et, apr\u00e8s avoir s\u00e9lectionn\u00e9 la quantit\u00e9 d\u00e9sir\u00e9e, l&rsquo;ajoute au panier d&rsquo;achat. Lorsque vous souhaitez proc\u00e9der \u00e0 l&rsquo;achat, entrez dans le panier, en vous connectant d&rsquo;abord si vous \u00eates enregistr\u00e9, et proc\u00e9dez \u00e0 la commande. Vous pouvez \u00e0 tout moment modifier ou supprimer les produits choisis dans le panier.  <\/p>\n<h4><strong><span style=\"font-size: 110%;\"><span style=\"color: #808080;\"><span style=\"font-size: 140%;\">COMMANDE<\/span> <\/span>                        <\/span><\/strong><\/h4>\n<p style=\"text-align: left;\">Une fois que vous avez s\u00e9lectionn\u00e9 tous les produits \u00e0 acheter, proc\u00e9dez \u00e0 la commande. Si vous disposez d&rsquo;un compte \u00e0 jour avec vos donn\u00e9es et votre adresse de livraison, le processus d&rsquo;achat sera plus rapide.<br \/>La commande ne sera trait\u00e9e que lorsque le paiement du produit aura \u00e9t\u00e9 re\u00e7u, en fonction du mode de paiement choisi.  <\/p>\n<\/p>\n<h2 style=\"text-align: center;\"><span style=\"color: #808080;\"><strong>Nos partenaires d&rsquo;exp\u00e9dition :<\/strong><\/span><\/h2>\n<\/p>\n<p><img loading=\"lazy\" decoding=\"async\" class=\"aligncenter wp-image-12578\" src=\"https:\/\/formar.shop\/wp-content\/uploads\/2022\/05\/brt.jpg\" alt=\"\" width=\"300\" height=\"163\" data-wp-pid=\"12578\"><\/p>\n<\/p>\n<p style=\"text-align: center;\"><img loading=\"lazy\" decoding=\"async\" class=\"\" src=\"https:\/\/s3-eu-west-1.amazonaws.com\/tpd\/logos\/5ea7e22c7a4aa40001deb02c\/0x0.png\" alt=\"FERCAM Group | Lire les commentaires sur le service fercam.com\" width=\"303\" height=\"313\"><\/p>\n<\/p>\n<p style=\"text-align: center;\"><span style=\"color: #000000;\"><strong><em>Le choix du transporteur est effectu\u00e9 automatiquement par notre syst\u00e8me, <\/em><\/strong><\/span><strong><em><span style=\"color: #000000;\">afin de garantir une rapidit\u00e9 de livraison maximale !<\/span><\/em><\/strong><\/p>\n<\/p>\n<p style=\"text-align: center;\">\n<p>Notre service client\u00e8le est \u00e0 votre disposition. Pour toute information ou demande de devis, n&rsquo;h\u00e9sitez pas \u00e0 nous contacter ! Nos professionnels r\u00e9pondront \u00e0 vos questions concernant nos services.<\/p>\n<a href=\"https:\/\/formar.shop\/fr\/contactez-nous\/\" class=\"button primary box-shadow-1 lowercase expand\" style=\"border-radius:10px;\">\n\t\t<span>Contactez-nous !<\/span>\n\t<\/a>\n\n","protected":false},"excerpt":{"rendered":"<p>INSCRIPTION Apr\u00e8s s&rsquo;\u00eatre enregistr\u00e9, en quelques \u00e9tapes simples, le nouveau client dispose d&rsquo;un panneau de contr\u00f4le interne, o\u00f9 il peut saisir son adresse de livraison, ce qui permet au syst\u00e8me de la m\u00e9moriser pour acc\u00e9l\u00e9rer le prochain achat, et g\u00e9rer le panier d&rsquo;achat et l&rsquo;option de comparaison des produits. Il choisit le produit, la taille [&#8230;]\n","protected":false},"author":175,"featured_media":0,"parent":0,"menu_order":0,"comment_status":"closed","ping_status":"closed","template":"","meta":{"_joinchat":[],"footnotes":""},"class_list":["post-43593","page","type-page","status-publish","hentry"],"yoast_head":"<!-- This site is optimized with the Yoast SEO plugin v27.5 - https:\/\/yoast.com\/product\/yoast-seo-wordpress\/ -->\n<title>CO\u00dbTS ET M\u00c9THODES D&#039;EXP\u00c9DITION - Formar.shop<\/title>\n<meta name=\"robots\" content=\"index, follow, max-snippet:-1, max-image-preview:large, max-video-preview:-1\" \/>\n<link rel=\"canonical\" href=\"https:\/\/formar.shop\/fr\/couts-et-methodes-dexpedition\/\" \/>\n<script type=\"application\/ld+json\" class=\"yoast-schema-graph\">{\"@context\":\"https:\\\/\\\/schema.org\",\"@graph\":[{\"@type\":\"WebPage\",\"@id\":\"https:\\\/\\\/formar.shop\\\/fr\\\/couts-et-methodes-dexpedition\\\/\",\"url\":\"https:\\\/\\\/formar.shop\\\/fr\\\/couts-et-methodes-dexpedition\\\/\",\"name\":\"CO\u00dbTS ET M\u00c9THODES D'EXP\u00c9DITION - Formar.shop\",\"isPartOf\":{\"@id\":\"https:\\\/\\\/formar.shop\\\/fr\\\/#website\"},\"primaryImageOfPage\":{\"@id\":\"https:\\\/\\\/formar.shop\\\/fr\\\/couts-et-methodes-dexpedition\\\/#primaryimage\"},\"image\":{\"@id\":\"https:\\\/\\\/formar.shop\\\/fr\\\/couts-et-methodes-dexpedition\\\/#primaryimage\"},\"thumbnailUrl\":\"https:\\\/\\\/formar.shop\\\/wp-content\\\/uploads\\\/2022\\\/05\\\/brt.jpg\",\"datePublished\":\"2025-01-18T20:19:29+00:00\",\"dateModified\":\"2025-01-18T20:19:34+00:00\",\"breadcrumb\":{\"@id\":\"https:\\\/\\\/formar.shop\\\/fr\\\/couts-et-methodes-dexpedition\\\/#breadcrumb\"},\"inLanguage\":\"fr-FR\",\"potentialAction\":[{\"@type\":\"ReadAction\",\"target\":[\"https:\\\/\\\/formar.shop\\\/fr\\\/couts-et-methodes-dexpedition\\\/\"]}]},{\"@type\":\"ImageObject\",\"inLanguage\":\"fr-FR\",\"@id\":\"https:\\\/\\\/formar.shop\\\/fr\\\/couts-et-methodes-dexpedition\\\/#primaryimage\",\"url\":\"https:\\\/\\\/formar.shop\\\/wp-content\\\/uploads\\\/2022\\\/05\\\/brt.jpg\",\"contentUrl\":\"https:\\\/\\\/formar.shop\\\/wp-content\\\/uploads\\\/2022\\\/05\\\/brt.jpg\"},{\"@type\":\"BreadcrumbList\",\"@id\":\"https:\\\/\\\/formar.shop\\\/fr\\\/couts-et-methodes-dexpedition\\\/#breadcrumb\",\"itemListElement\":[{\"@type\":\"ListItem\",\"position\":1,\"name\":\"Home\",\"item\":\"https:\\\/\\\/formar.shop\\\/fr\\\/auto-draft\\\/\"},{\"@type\":\"ListItem\",\"position\":2,\"name\":\"CO\u00dbTS ET M\u00c9THODES D&#8217;EXP\u00c9DITION\"}]},{\"@type\":\"WebSite\",\"@id\":\"https:\\\/\\\/formar.shop\\\/fr\\\/#website\",\"url\":\"https:\\\/\\\/formar.shop\\\/fr\\\/\",\"name\":\"Formar.shop\",\"description\":\"Soluzioni espresse con stile\",\"potentialAction\":[{\"@type\":\"SearchAction\",\"target\":{\"@type\":\"EntryPoint\",\"urlTemplate\":\"https:\\\/\\\/formar.shop\\\/fr\\\/?s={search_term_string}\"},\"query-input\":{\"@type\":\"PropertyValueSpecification\",\"valueRequired\":true,\"valueName\":\"search_term_string\"}}],\"inLanguage\":\"fr-FR\"}]}<\/script>\n<!-- \/ Yoast SEO plugin. -->","yoast_head_json":{"title":"CO\u00dbTS ET M\u00c9THODES D'EXP\u00c9DITION - Formar.shop","robots":{"index":"index","follow":"follow","max-snippet":"max-snippet:-1","max-image-preview":"max-image-preview:large","max-video-preview":"max-video-preview:-1"},"canonical":"https:\/\/formar.shop\/fr\/couts-et-methodes-dexpedition\/","schema":{"@context":"https:\/\/schema.org","@graph":[{"@type":"WebPage","@id":"https:\/\/formar.shop\/fr\/couts-et-methodes-dexpedition\/","url":"https:\/\/formar.shop\/fr\/couts-et-methodes-dexpedition\/","name":"CO\u00dbTS ET M\u00c9THODES D'EXP\u00c9DITION - Formar.shop","isPartOf":{"@id":"https:\/\/formar.shop\/fr\/#website"},"primaryImageOfPage":{"@id":"https:\/\/formar.shop\/fr\/couts-et-methodes-dexpedition\/#primaryimage"},"image":{"@id":"https:\/\/formar.shop\/fr\/couts-et-methodes-dexpedition\/#primaryimage"},"thumbnailUrl":"https:\/\/formar.shop\/wp-content\/uploads\/2022\/05\/brt.jpg","datePublished":"2025-01-18T20:19:29+00:00","dateModified":"2025-01-18T20:19:34+00:00","breadcrumb":{"@id":"https:\/\/formar.shop\/fr\/couts-et-methodes-dexpedition\/#breadcrumb"},"inLanguage":"fr-FR","potentialAction":[{"@type":"ReadAction","target":["https:\/\/formar.shop\/fr\/couts-et-methodes-dexpedition\/"]}]},{"@type":"ImageObject","inLanguage":"fr-FR","@id":"https:\/\/formar.shop\/fr\/couts-et-methodes-dexpedition\/#primaryimage","url":"https:\/\/formar.shop\/wp-content\/uploads\/2022\/05\/brt.jpg","contentUrl":"https:\/\/formar.shop\/wp-content\/uploads\/2022\/05\/brt.jpg"},{"@type":"BreadcrumbList","@id":"https:\/\/formar.shop\/fr\/couts-et-methodes-dexpedition\/#breadcrumb","itemListElement":[{"@type":"ListItem","position":1,"name":"Home","item":"https:\/\/formar.shop\/fr\/auto-draft\/"},{"@type":"ListItem","position":2,"name":"CO\u00dbTS ET M\u00c9THODES D&#8217;EXP\u00c9DITION"}]},{"@type":"WebSite","@id":"https:\/\/formar.shop\/fr\/#website","url":"https:\/\/formar.shop\/fr\/","name":"Formar.shop","description":"Soluzioni espresse con stile","potentialAction":[{"@type":"SearchAction","target":{"@type":"EntryPoint","urlTemplate":"https:\/\/formar.shop\/fr\/?s={search_term_string}"},"query-input":{"@type":"PropertyValueSpecification","valueRequired":true,"valueName":"search_term_string"}}],"inLanguage":"fr-FR"}]}},"_links":{"self":[{"href":"https:\/\/formar.shop\/fr\/wp-json\/wp\/v2\/pages\/43593","targetHints":{"allow":["GET"]}}],"collection":[{"href":"https:\/\/formar.shop\/fr\/wp-json\/wp\/v2\/pages"}],"about":[{"href":"https:\/\/formar.shop\/fr\/wp-json\/wp\/v2\/types\/page"}],"author":[{"embeddable":true,"href":"https:\/\/formar.shop\/fr\/wp-json\/wp\/v2\/users\/175"}],"replies":[{"embeddable":true,"href":"https:\/\/formar.shop\/fr\/wp-json\/wp\/v2\/comments?post=43593"}],"version-history":[{"count":8,"href":"https:\/\/formar.shop\/fr\/wp-json\/wp\/v2\/pages\/43593\/revisions"}],"predecessor-version":[{"id":43630,"href":"https:\/\/formar.shop\/fr\/wp-json\/wp\/v2\/pages\/43593\/revisions\/43630"}],"wp:attachment":[{"href":"https:\/\/formar.shop\/fr\/wp-json\/wp\/v2\/media?parent=43593"}],"curies":[{"name":"wp","href":"https:\/\/api.w.org\/{rel}","templated":true}]}}