{"id":42453,"date":"2025-01-18T15:45:11","date_gmt":"2025-01-18T14:45:11","guid":{"rendered":"https:\/\/formar.shop\/actualites\/"},"modified":"2025-01-18T15:45:12","modified_gmt":"2025-01-18T14:45:12","slug":"actualites","status":"publish","type":"page","link":"https:\/\/formar.shop\/fr\/actualites\/","title":{"rendered":"Actualit\u00e9s"},"content":{"rendered":"\n[av_section min_height=\u00a0\u00bb\u00a0\u00bb min_height_px=\u00a0\u00bb500px\u00a0\u00bb padding=\u00a0\u00bbdefault\u00a0\u00bb shadow=\u00a0\u00bbno-border-styling\u00a0\u00bb bottom_border=\u00a0\u00bbno-border-styling\u00a0\u00bb bottom_border_diagonal_color=\u00a0\u00bb#333333&Prime; bottom_border_diagonal_direction=\u00a0\u00bb\u00a0\u00bb bottom_border_style=\u00a0\u00bb\u00a0\u00bb custom_arrow_bg=\u00a0\u00bb\u00a0\u00bb id=\u00a0\u00bb\u00a0\u00bb color=\u00a0\u00bbmain_color\u00a0\u00bb background=\u00a0\u00bbbg_color\u00a0\u00bb custom_bg=\u00a0\u00bb#fafafa\u00a0\u00bb background_gradient_color1=\u00a0\u00bb\u00a0\u00bb background_gradient_color2=\u00a0\u00bb\u00a0\u00bb background_gradient_direction=\u00a0\u00bbvertical\u00a0\u00bb src=\u00a0\u00bb\u00a0\u00bb attachment=\u00a0\u00bb\u00a0\u00bb attachment_size=\u00a0\u00bb\u00a0\u00bb attach=\u00a0\u00bbscroll\u00a0\u00bb position=\u00a0\u00bbtop left\u00a0\u00bb repeat=\u00a0\u00bbno-repeat\u00a0\u00bb video=\u00a0\u00bb\u00a0\u00bb video_ratio=\u00a0\u00bb16:9&Prime; overlay_opacity=\u00a0\u00bb0.5&Prime; overlay_color=\u00a0\u00bb\u00a0\u00bb overlay_pattern=\u00a0\u00bb\u00a0\u00bb overlay_custom_pattern=\u00a0\u00bb\u00a0\u00bb av_element_hidden_in_editor=\u00a0\u00bb0&Prime; av_uid=\u00a0\u00bbav-jj21ix0a\u00a0\u00bb custom_class=\u00a0\u00bb\u00a0\u00bb]\n\n[av_heading tag=\u00a0\u00bbh3&Prime; padding=\u00a0\u00bb0&Prime; heading=\u00a0\u00bbNews\u00a0\u00bb color=\u00a0\u00bb\u00a0\u00bb style=\u00a0\u00bbblockquote modern-quote modern-centered\u00a0\u00bb custom_font=\u00a0\u00bb\u00a0\u00bb size=\u00a0\u00bb60&Prime; subheading_active=\u00a0\u00bb\u00a0\u00bb subheading_size=\u00a0\u00bb15&Prime; custom_class=\u00a0\u00bb\u00a0\u00bb admin_preview_bg=\u00a0\u00bb\u00a0\u00bb av-desktop-hide=\u00a0\u00bb\u00a0\u00bb av-medium-hide=\u00a0\u00bb\u00a0\u00bb av-small-hide=\u00a0\u00bb\u00a0\u00bb av-mini-hide=\u00a0\u00bb\u00a0\u00bb av-medium-font-size-title=\u00a0\u00bb\u00a0\u00bb av-small-font-size-title=\u00a0\u00bb\u00a0\u00bb av-mini-font-size-title=\u00a0\u00bb\u00a0\u00bb av-medium-font-size=\u00a0\u00bb\u00a0\u00bb av-small-font-size=\u00a0\u00bb\u00a0\u00bb av-mini-font-size=\u00a0\u00bb\u00a0\u00bb margin=\u00a0\u00bb\u00a0\u00bb]\nApprendre \u00e0 mieux se conna\u00eetre\n[\/av_heading]\n\n[av_hr class=\u00a0\u00bbcustom\u00a0\u00bb height=\u00a0\u00bb50&Prime; shadow=\u00a0\u00bbno-shadow\u00a0\u00bb position=\u00a0\u00bbcenter\u00a0\u00bb custom_border=\u00a0\u00bbav-border-fat\u00a0\u00bb custom_width=\u00a0\u00bb100px\u00a0\u00bb custom_border_color=\u00a0\u00bb#fab300&Prime; custom_margin_top=\u00a0\u00bb0px\u00a0\u00bb custom_margin_bottom=\u00a0\u00bb50px\u00a0\u00bb icon_select=\u00a0\u00bbno\u00a0\u00bb custom_icon_color=\u00a0\u00bb\u00a0\u00bb icon=\u00a0\u00bbue808&Prime; font=\u00a0\u00bbentypo-fontello\u00a0\u00bb av_uid=\u00a0\u00bbav-jj21opc3&Prime; custom_class=\u00a0\u00bb\u00a0\u00bb admin_preview_bg=\u00a0\u00bb\u00a0\u00bb]\n\n[av_blog blog_type=\u00a0\u00bbposts\u00a0\u00bb categories=\u00a0\u00bb150&Prime; link=\u00a0\u00bbcategory\u00a0\u00bb blog_style=\u00a0\u00bbblog-grid\u00a0\u00bb columns=\u00a0\u00bb3&Prime; contents=\u00a0\u00bbexcerpt_read_more\u00a0\u00bb content_length=\u00a0\u00bbcontent\u00a0\u00bb preview_mode=\u00a0\u00bbcustom\u00a0\u00bb image_size=\u00a0\u00bbmagazine\u00a0\u00bb items=\u00a0\u00bb9&Prime; offset=\u00a0\u00bb0&Prime; paginate=\u00a0\u00bbyes\u00a0\u00bb conditional=\u00a0\u00bb\u00a0\u00bb av_uid=\u00a0\u00bbav-jjjtxaeb\u00a0\u00bb custom_class=\u00a0\u00bbnews\u00a0\u00bb]\n\n[\/av_section][av_section min_height=\u00a0\u00bb\u00a0\u00bb min_height_px=\u00a0\u00bb500px\u00a0\u00bb padding=\u00a0\u00bbdefault\u00a0\u00bb shadow=\u00a0\u00bbno-border-styling\u00a0\u00bb bottom_border=\u00a0\u00bbno-border-styling\u00a0\u00bb bottom_border_diagonal_color=\u00a0\u00bb#333333&Prime; bottom_border_diagonal_direction=\u00a0\u00bb\u00a0\u00bb bottom_border_style=\u00a0\u00bb\u00a0\u00bb custom_arrow_bg=\u00a0\u00bb\u00a0\u00bb id=\u00a0\u00bb\u00a0\u00bb color=\u00a0\u00bbmain_color\u00a0\u00bb background=\u00a0\u00bbbg_gradient\u00a0\u00bb custom_bg=\u00a0\u00bb\u00a0\u00bb background_gradient_color1=\u00a0\u00bb#fab300&Prime; background_gradient_color2=\u00a0\u00bb#f7c100&Prime; background_gradient_direction=\u00a0\u00bbdiagonal_tb\u00a0\u00bb src=\u00a0\u00bb\u00a0\u00bb attachment=\u00a0\u00bb\u00a0\u00bb attachment_size=\u00a0\u00bb\u00a0\u00bb attach=\u00a0\u00bbscroll\u00a0\u00bb position=\u00a0\u00bbtop left\u00a0\u00bb repeat=\u00a0\u00bbno-repeat\u00a0\u00bb video=\u00a0\u00bb\u00a0\u00bb video_ratio=\u00a0\u00bb16:9&Prime; overlay_opacity=\u00a0\u00bb0.5&Prime; overlay_color=\u00a0\u00bb\u00a0\u00bb overlay_pattern=\u00a0\u00bb\u00a0\u00bb overlay_custom_pattern=\u00a0\u00bb\u00a0\u00bb av_element_hidden_in_editor=\u00a0\u00bb0&Prime; av_uid=\u00a0\u00bbav-97digt\u00a0\u00bb custom_class=\u00a0\u00bb\u00a0\u00bb]\n[av_one_fifth first min_height=\u00a0\u00bbav-equal-height-column\u00a0\u00bb vertical_alignment=\u00a0\u00bbav-align-middle\u00a0\u00bb space=\u00a0\u00bbno_margin\u00a0\u00bb margin=\u00a0\u00bb0px\u00a0\u00bb margin_sync=\u00a0\u00bbtrue\u00a0\u00bb link=\u00a0\u00bb\u00a0\u00bb linktarget=\u00a0\u00bb\u00a0\u00bb link_hover=\u00a0\u00bb\u00a0\u00bb padding=\u00a0\u00bb0px\u00a0\u00bb padding_sync=\u00a0\u00bbtrue\u00a0\u00bb border=\u00a0\u00bb\u00a0\u00bb border_color=\u00a0\u00bb\u00a0\u00bb radius=\u00a0\u00bb0px\u00a0\u00bb radius_sync=\u00a0\u00bbtrue\u00a0\u00bb background=\u00a0\u00bbbg_color\u00a0\u00bb background_color=\u00a0\u00bb\u00a0\u00bb background_gradient_color1=\u00a0\u00bb\u00a0\u00bb background_gradient_color2=\u00a0\u00bb\u00a0\u00bb background_gradient_direction=\u00a0\u00bbvertical\u00a0\u00bb src=\u00a0\u00bb\u00a0\u00bb attachment=\u00a0\u00bb\u00a0\u00bb attachment_size=\u00a0\u00bb\u00a0\u00bb background_position=\u00a0\u00bbtop left\u00a0\u00bb background_repeat=\u00a0\u00bbno-repeat\u00a0\u00bb animation=\u00a0\u00bb\u00a0\u00bb mobile_breaking=\u00a0\u00bb\u00a0\u00bb mobile_display=\u00a0\u00bb\u00a0\u00bb av_uid=\u00a0\u00bbav-86lkfh\u00a0\u00bb custom_class=\u00a0\u00bb\u00a0\u00bb]\n\n[av_font_icon icon=\u00a0\u00bbue854&Prime; font=\u00a0\u00bbentypo-fontello\u00a0\u00bb style=\u00a0\u00bbborder\u00a0\u00bb caption=\u00a0\u00bb\u00a0\u00bb link=\u00a0\u00bbpage,946&Prime; linktarget=\u00a0\u00bb\u00a0\u00bb size=\u00a0\u00bb60px\u00a0\u00bb position=\u00a0\u00bbright\u00a0\u00bb color=\u00a0\u00bb#ffffff\u00a0\u00bb av_uid=\u00a0\u00bbav-jj23v1yv\u00a0\u00bb custom_class=\u00a0\u00bb\u00a0\u00bb admin_preview_bg=\u00a0\u00bb\u00a0\u00bb][\/av_font_icon]\n\n[\/av_one_fifth][av_three_fifth min_height=\u00a0\u00bb\u00a0\u00bb vertical_alignment=\u00a0\u00bbav-align-top\u00a0\u00bb space=\u00a0\u00bb\u00a0\u00bb margin=\u00a0\u00bb0px\u00a0\u00bb margin_sync=\u00a0\u00bbtrue\u00a0\u00bb link=\u00a0\u00bb\u00a0\u00bb linktarget=\u00a0\u00bb\u00a0\u00bb link_hover=\u00a0\u00bb\u00a0\u00bb padding=\u00a0\u00bb0px,20px,0px,20px\u00a0\u00bb border=\u00a0\u00bb\u00a0\u00bb border_color=\u00a0\u00bb\u00a0\u00bb radius=\u00a0\u00bb0px\u00a0\u00bb radius_sync=\u00a0\u00bbtrue\u00a0\u00bb background=\u00a0\u00bbbg_color\u00a0\u00bb background_color=\u00a0\u00bb\u00a0\u00bb background_gradient_color1=\u00a0\u00bb\u00a0\u00bb background_gradient_color2=\u00a0\u00bb\u00a0\u00bb background_gradient_direction=\u00a0\u00bbvertical\u00a0\u00bb src=\u00a0\u00bb\u00a0\u00bb attachment=\u00a0\u00bb\u00a0\u00bb attachment_size=\u00a0\u00bb\u00a0\u00bb background_position=\u00a0\u00bbtop left\u00a0\u00bb background_repeat=\u00a0\u00bbno-repeat\u00a0\u00bb animation=\u00a0\u00bb\u00a0\u00bb mobile_breaking=\u00a0\u00bb\u00a0\u00bb mobile_display=\u00a0\u00bb\u00a0\u00bb av_uid=\u00a0\u00bbav-69i7od\u00a0\u00bb custom_class=\u00a0\u00bb\u00a0\u00bb]\n\n[av_heading tag=\u00a0\u00bbh3&Prime; padding=\u00a0\u00bb0&Prime; heading=\u00a0\u00bbContattaci\u00a0\u00bb color=\u00a0\u00bbcustom-color-heading\u00a0\u00bb style=\u00a0\u00bbblockquote modern-quote\u00a0\u00bb custom_font=\u00a0\u00bb#020202&Prime; size=\u00a0\u00bb28&Prime; subheading_active=\u00a0\u00bb\u00a0\u00bb subheading_size=\u00a0\u00bb15&Prime; custom_class=\u00a0\u00bb\u00a0\u00bb admin_preview_bg=\u00a0\u00bb\u00a0\u00bb av-desktop-hide=\u00a0\u00bb\u00a0\u00bb av-medium-hide=\u00a0\u00bb\u00a0\u00bb av-small-hide=\u00a0\u00bb\u00a0\u00bb av-mini-hide=\u00a0\u00bb\u00a0\u00bb av-medium-font-size-title=\u00a0\u00bb\u00a0\u00bb av-small-font-size-title=\u00a0\u00bb\u00a0\u00bb av-mini-font-size-title=\u00a0\u00bb\u00a0\u00bb av-medium-font-size=\u00a0\u00bb\u00a0\u00bb av-small-font-size=\u00a0\u00bb\u00a0\u00bb av-mini-font-size=\u00a0\u00bb\u00a0\u00bb margin=\u00a0\u00bb\u00a0\u00bb av_uid=\u00a0\u00bbav-1wspjh\u00a0\u00bb]\nFormar Contract est \u00e9galement\n[\/av_heading]\n\n[av_textblock size=\u00a0\u00bb17&Prime; font_color=\u00a0\u00bbcustom\u00a0\u00bb color=\u00a0\u00bb#020202&Prime; av-medium-font-size=\u00a0\u00bb\u00a0\u00bb av-small-font-size=\u00a0\u00bb\u00a0\u00bb av-mini-font-size=\u00a0\u00bb\u00a0\u00bb av_uid=\u00a0\u00bbav-jj23wau4&Prime; custom_class=\u00a0\u00bb\u00a0\u00bb admin_preview_bg=\u00a0\u00bb\u00a0\u00bb]\n<strong>Notre service client\u00e8le est \u00e0 votre disposition.  <\/strong>Pour toute information ou demande de devis, n&rsquo;h\u00e9sitez pas \u00e0 nous contacter ! Nos professionnels r\u00e9pondront \u00e0 vos questions concernant nos services : conception, r\u00e9alisation, livraison et montage de mobilier de bureau. \n[\/av_textblock]\n\n[\/av_three_fifth][av_one_fifth min_height=\u00a0\u00bb\u00a0\u00bb vertical_alignment=\u00a0\u00bb\u00a0\u00bb space=\u00a0\u00bb\u00a0\u00bb custom_margin=\u00a0\u00bb\u00a0\u00bb margin=\u00a0\u00bb0px\u00a0\u00bb link=\u00a0\u00bb\u00a0\u00bb linktarget=\u00a0\u00bb\u00a0\u00bb link_hover=\u00a0\u00bb\u00a0\u00bb padding=\u00a0\u00bb0px\u00a0\u00bb border=\u00a0\u00bb\u00a0\u00bb border_color=\u00a0\u00bb\u00a0\u00bb radius=\u00a0\u00bb0px\u00a0\u00bb background=\u00a0\u00bbbg_color\u00a0\u00bb background_color=\u00a0\u00bb\u00a0\u00bb background_gradient_color1=\u00a0\u00bb\u00a0\u00bb background_gradient_color2=\u00a0\u00bb\u00a0\u00bb background_gradient_direction=\u00a0\u00bbvertical\u00a0\u00bb src=\u00a0\u00bb\u00a0\u00bb background_position=\u00a0\u00bbtop left\u00a0\u00bb background_repeat=\u00a0\u00bbno-repeat\u00a0\u00bb animation=\u00a0\u00bb\u00a0\u00bb mobile_breaking=\u00a0\u00bb\u00a0\u00bb mobile_display=\u00a0\u00bb\u00a0\u00bb av_uid=\u00a0\u00bbav-4qrmbh\u00a0\u00bb]\n\n[av_button_big label=\u00a0\u00bb\u00c9CRIRE\u00a0\u00bb description_pos=\u00a0\u00bbbelow\u00a0\u00bb link=\u00a0\u00bbpage,946&Prime; link_target=\u00a0\u00bb\u00a0\u00bb icon_select=\u00a0\u00bbyes-left-icon\u00a0\u00bb icon=\u00a0\u00bbue805&Prime; font=\u00a0\u00bbentypo-fontello\u00a0\u00bb custom_font=\u00a0\u00bb\u00a0\u00bb color=\u00a0\u00bbtheme-color-subtle\u00a0\u00bb custom_bg=\u00a0\u00bb#444444&Prime; color_hover=\u00a0\u00bbtheme-color-subtle\u00a0\u00bb custom_bg_hover=\u00a0\u00bb#444444&Prime; av_uid=\u00a0\u00bbav-2p4q7x\u00a0\u00bb custom_class=\u00a0\u00bb\u00a0\u00bb admin_preview_bg=\u00a0\u00bb\u00a0\u00bb][\/av_button_big]\n\n[av_hr class=\u00a0\u00bbinvisible\u00a0\u00bb height=\u00a0\u00bb20&Prime; shadow=\u00a0\u00bbno-shadow\u00a0\u00bb position=\u00a0\u00bbcenter\u00a0\u00bb custom_border=\u00a0\u00bbav-border-thin\u00a0\u00bb custom_width=\u00a0\u00bb50px\u00a0\u00bb custom_border_color=\u00a0\u00bb\u00a0\u00bb custom_margin_top=\u00a0\u00bb30px\u00a0\u00bb custom_margin_bottom=\u00a0\u00bb30px\u00a0\u00bb icon_select=\u00a0\u00bbyes\u00a0\u00bb custom_icon_color=\u00a0\u00bb\u00a0\u00bb icon=\u00a0\u00bbue808&Prime; font=\u00a0\u00bbentypo-fontello\u00a0\u00bb av_uid=\u00a0\u00bbav-jj24q137&Prime; custom_class=\u00a0\u00bb\u00a0\u00bb admin_preview_bg=\u00a0\u00bb\u00a0\u00bb]\n\n[av_button_big label=\u00a0\u00bbT\u00c9L\u00c9PHONIE\u00a0\u00bb description_pos=\u00a0\u00bbbelow\u00a0\u00bb link=\u00a0\u00bbmanually,TEL:+390715906063&Prime; link_target=\u00a0\u00bb_blank\u00a0\u00bb icon_select=\u00a0\u00bbyes-left-icon\u00a0\u00bb icon=\u00a0\u00bbue854&Prime; font=\u00a0\u00bbentypo-fontello\u00a0\u00bb custom_font=\u00a0\u00bb\u00a0\u00bb color=\u00a0\u00bbtheme-color-subtle\u00a0\u00bb custom_bg=\u00a0\u00bb#444444&Prime; color_hover=\u00a0\u00bbtheme-color-subtle\u00a0\u00bb custom_bg_hover=\u00a0\u00bb#444444&Prime; av_uid=\u00a0\u00bbav-2p4q7x\u00a0\u00bb custom_class=\u00a0\u00bb\u00a0\u00bb admin_preview_bg=\u00a0\u00bb\u00a0\u00bb][\/av_button_big]\n\n[\/av_one_fifth]\n[\/av_section]\n","protected":false},"excerpt":{"rendered":"[av_section min_height=\u00a0\u00bb\u00a0\u00bb min_height_px=\u00a0\u00bb500px\u00a0\u00bb padding=\u00a0\u00bbdefault\u00a0\u00bb shadow=\u00a0\u00bbno-border-styling\u00a0\u00bb bottom_border=\u00a0\u00bbno-border-styling\u00a0\u00bb bottom_border_diagonal_color=\u00a0\u00bb#333333&Prime; bottom_border_diagonal_direction=\u00a0\u00bb\u00a0\u00bb bottom_border_style=\u00a0\u00bb\u00a0\u00bb custom_arrow_bg=\u00a0\u00bb\u00a0\u00bb id=\u00a0\u00bb\u00a0\u00bb color=\u00a0\u00bbmain_color\u00a0\u00bb background=\u00a0\u00bbbg_color\u00a0\u00bb custom_bg=\u00a0\u00bb#fafafa\u00a0\u00bb background_gradient_color1=\u00a0\u00bb\u00a0\u00bb background_gradient_color2=\u00a0\u00bb\u00a0\u00bb background_gradient_direction=\u00a0\u00bbvertical\u00a0\u00bb src=\u00a0\u00bb\u00a0\u00bb attachment=\u00a0\u00bb\u00a0\u00bb attachment_size=\u00a0\u00bb\u00a0\u00bb attach=\u00a0\u00bbscroll\u00a0\u00bb position=\u00a0\u00bbtop left\u00a0\u00bb repeat=\u00a0\u00bbno-repeat\u00a0\u00bb video=\u00a0\u00bb\u00a0\u00bb video_ratio=\u00a0\u00bb16:9&Prime; overlay_opacity=\u00a0\u00bb0.5&Prime; overlay_color=\u00a0\u00bb\u00a0\u00bb overlay_pattern=\u00a0\u00bb\u00a0\u00bb overlay_custom_pattern=\u00a0\u00bb\u00a0\u00bb av_element_hidden_in_editor=\u00a0\u00bb0&Prime; av_uid=\u00a0\u00bbav-jj21ix0a\u00a0\u00bb custom_class=\u00a0\u00bb\u00a0\u00bb] [av_heading tag=\u00a0\u00bbh3&Prime; padding=\u00a0\u00bb0&Prime; heading=\u00a0\u00bbNews\u00a0\u00bb color=\u00a0\u00bb\u00a0\u00bb style=\u00a0\u00bbblockquote modern-quote modern-centered\u00a0\u00bb custom_font=\u00a0\u00bb\u00a0\u00bb size=\u00a0\u00bb60&Prime; subheading_active=\u00a0\u00bb\u00a0\u00bb subheading_size=\u00a0\u00bb15&Prime; custom_class=\u00a0\u00bb\u00a0\u00bb admin_preview_bg=\u00a0\u00bb\u00a0\u00bb av-desktop-hide=\u00a0\u00bb\u00a0\u00bb av-medium-hide=\u00a0\u00bb\u00a0\u00bb av-small-hide=\u00a0\u00bb\u00a0\u00bb av-mini-hide=\u00a0\u00bb\u00a0\u00bb av-medium-font-size-title=\u00a0\u00bb\u00a0\u00bb av-small-font-size-title=\u00a0\u00bb\u00a0\u00bb av-mini-font-size-title=\u00a0\u00bb\u00a0\u00bb av-medium-font-size=\u00a0\u00bb\u00a0\u00bb [&#8230;]\n","protected":false},"author":5,"featured_media":0,"parent":0,"menu_order":0,"comment_status":"closed","ping_status":"closed","template":"","meta":{"_joinchat":[],"footnotes":""},"class_list":["post-42453","page","type-page","status-publish","hentry"],"yoast_head":"<!-- This site is optimized with the Yoast SEO plugin v27.3 - https:\/\/yoast.com\/product\/yoast-seo-wordpress\/ -->\n<title>Actualit\u00e9s - Formar.shop<\/title>\n<meta name=\"robots\" content=\"index, follow, max-snippet:-1, max-image-preview:large, max-video-preview:-1\" \/>\n<link rel=\"canonical\" href=\"https:\/\/formar.shop\/fr\/actualites\/\" \/>\n<script type=\"application\/ld+json\" class=\"yoast-schema-graph\">{\"@context\":\"https:\\\/\\\/schema.org\",\"@graph\":[{\"@type\":\"WebPage\",\"@id\":\"https:\\\/\\\/formar.shop\\\/fr\\\/actualites\\\/\",\"url\":\"https:\\\/\\\/formar.shop\\\/fr\\\/actualites\\\/\",\"name\":\"Actualit\u00e9s - Formar.shop\",\"isPartOf\":{\"@id\":\"https:\\\/\\\/formar.shop\\\/fr\\\/#website\"},\"datePublished\":\"2025-01-18T14:45:11+00:00\",\"dateModified\":\"2025-01-18T14:45:12+00:00\",\"breadcrumb\":{\"@id\":\"https:\\\/\\\/formar.shop\\\/fr\\\/actualites\\\/#breadcrumb\"},\"inLanguage\":\"fr-FR\",\"potentialAction\":[{\"@type\":\"ReadAction\",\"target\":[\"https:\\\/\\\/formar.shop\\\/fr\\\/actualites\\\/\"]}]},{\"@type\":\"BreadcrumbList\",\"@id\":\"https:\\\/\\\/formar.shop\\\/fr\\\/actualites\\\/#breadcrumb\",\"itemListElement\":[{\"@type\":\"ListItem\",\"position\":1,\"name\":\"Home\",\"item\":\"https:\\\/\\\/formar.shop\\\/fr\\\/auto-draft\\\/\"},{\"@type\":\"ListItem\",\"position\":2,\"name\":\"Actualit\u00e9s\"}]},{\"@type\":\"WebSite\",\"@id\":\"https:\\\/\\\/formar.shop\\\/fr\\\/#website\",\"url\":\"https:\\\/\\\/formar.shop\\\/fr\\\/\",\"name\":\"Formar.shop\",\"description\":\"Soluzioni espresse con stile\",\"potentialAction\":[{\"@type\":\"SearchAction\",\"target\":{\"@type\":\"EntryPoint\",\"urlTemplate\":\"https:\\\/\\\/formar.shop\\\/fr\\\/?s={search_term_string}\"},\"query-input\":{\"@type\":\"PropertyValueSpecification\",\"valueRequired\":true,\"valueName\":\"search_term_string\"}}],\"inLanguage\":\"fr-FR\"}]}<\/script>\n<!-- \/ Yoast SEO plugin. -->","yoast_head_json":{"title":"Actualit\u00e9s - Formar.shop","robots":{"index":"index","follow":"follow","max-snippet":"max-snippet:-1","max-image-preview":"max-image-preview:large","max-video-preview":"max-video-preview:-1"},"canonical":"https:\/\/formar.shop\/fr\/actualites\/","schema":{"@context":"https:\/\/schema.org","@graph":[{"@type":"WebPage","@id":"https:\/\/formar.shop\/fr\/actualites\/","url":"https:\/\/formar.shop\/fr\/actualites\/","name":"Actualit\u00e9s - Formar.shop","isPartOf":{"@id":"https:\/\/formar.shop\/fr\/#website"},"datePublished":"2025-01-18T14:45:11+00:00","dateModified":"2025-01-18T14:45:12+00:00","breadcrumb":{"@id":"https:\/\/formar.shop\/fr\/actualites\/#breadcrumb"},"inLanguage":"fr-FR","potentialAction":[{"@type":"ReadAction","target":["https:\/\/formar.shop\/fr\/actualites\/"]}]},{"@type":"BreadcrumbList","@id":"https:\/\/formar.shop\/fr\/actualites\/#breadcrumb","itemListElement":[{"@type":"ListItem","position":1,"name":"Home","item":"https:\/\/formar.shop\/fr\/auto-draft\/"},{"@type":"ListItem","position":2,"name":"Actualit\u00e9s"}]},{"@type":"WebSite","@id":"https:\/\/formar.shop\/fr\/#website","url":"https:\/\/formar.shop\/fr\/","name":"Formar.shop","description":"Soluzioni espresse con stile","potentialAction":[{"@type":"SearchAction","target":{"@type":"EntryPoint","urlTemplate":"https:\/\/formar.shop\/fr\/?s={search_term_string}"},"query-input":{"@type":"PropertyValueSpecification","valueRequired":true,"valueName":"search_term_string"}}],"inLanguage":"fr-FR"}]}},"_links":{"self":[{"href":"https:\/\/formar.shop\/fr\/wp-json\/wp\/v2\/pages\/42453","targetHints":{"allow":["GET"]}}],"collection":[{"href":"https:\/\/formar.shop\/fr\/wp-json\/wp\/v2\/pages"}],"about":[{"href":"https:\/\/formar.shop\/fr\/wp-json\/wp\/v2\/types\/page"}],"author":[{"embeddable":true,"href":"https:\/\/formar.shop\/fr\/wp-json\/wp\/v2\/users\/5"}],"replies":[{"embeddable":true,"href":"https:\/\/formar.shop\/fr\/wp-json\/wp\/v2\/comments?post=42453"}],"version-history":[{"count":1,"href":"https:\/\/formar.shop\/fr\/wp-json\/wp\/v2\/pages\/42453\/revisions"}],"predecessor-version":[{"id":42454,"href":"https:\/\/formar.shop\/fr\/wp-json\/wp\/v2\/pages\/42453\/revisions\/42454"}],"wp:attachment":[{"href":"https:\/\/formar.shop\/fr\/wp-json\/wp\/v2\/media?parent=42453"}],"curies":[{"name":"wp","href":"https:\/\/api.w.org\/{rel}","templated":true}]}}