{"id":42193,"date":"2025-01-18T15:41:35","date_gmt":"2025-01-18T14:41:35","guid":{"rendered":"https:\/\/formar.shop\/a-propos-de-nous\/"},"modified":"2025-11-18T12:06:01","modified_gmt":"2025-11-18T11:06:01","slug":"a-propos-de-nous","status":"publish","type":"page","link":"https:\/\/formar.shop\/fr\/a-propos-de-nous\/","title":{"rendered":"A propos de nous"},"content":{"rendered":"\n<div class=\"row\"  id=\"row-295879100\">\n\n\n\t<div id=\"col-802691034\" class=\"col medium-11 small-12 large-12\"  >\n\t\t\t\t<div class=\"col-inner text-center\"  >\n\t\t\t\n\t\t\t\n\n\t<div id=\"text-2027118987\" class=\"text\">\n\t\t\n\n<h3><span style=\"font-size: 140%;\"><strong>QUI SOMMES-NOUS<\/strong><\/span><\/h3>\n<p><strong data-start=\"181\" data-end=\"196\">Formar.shop<\/strong> est l&rsquo;e-commerce officiel de <strong data-start=\"225\" data-end=\"248\">Formar Contract Srl<\/strong>, une entreprise italienne bas\u00e9e \u00e0 Falconara Marittima (AN) sp\u00e9cialis\u00e9e dans l&rsquo;ameublement de bureaux, cabinets professionnels, espaces publics et espaces contract. Depuis plus de 20 ans, nous op\u00e9rons avec passion et comp\u00e9tence pour offrir des solutions d&rsquo;ameublement fonctionnelles, durables et au design contemporain. <\/p>\n<div>\n<p data-start=\"539\" data-end=\"752\">Notre entreprise est n\u00e9e de l&rsquo;exp\u00e9rience dans le secteur contract, avec l&rsquo;objectif d&rsquo;apporter en ligne la qualit\u00e9 et la fiabilit\u00e9 qui nous distinguent depuis toujours dans notre travail avec les entreprises et les organismes publics et priv\u00e9s.<\/p>\n<hr data-start=\"754\" data-end=\"757\">\n<h2><strong>Ce qui nous distingue<\/strong><\/h2>\n<p data-start=\"1250\" data-end=\"1366\"><strong data-start=\"1250\" data-end=\"1277\">Exp\u00e9rience et expertise<\/strong> : une longue histoire dans le secteur contract qui se traduit par fiabilit\u00e9 et professionnalisme.<\/p>\n<p data-start=\"1369\" data-end=\"1507\"><strong data-start=\"1369\" data-end=\"1388\">Catalogue soign\u00e9<\/strong> : nous s\u00e9lectionnons avec attention les meilleurs produits pour l&rsquo;am\u00e9nagement professionnel, en misant sur l&rsquo;ergonomie, l&rsquo;esth\u00e9tique et la durabilit\u00e9.<\/p>\n<p data-start=\"1510\" data-end=\"1623\"><strong data-start=\"1510\" data-end=\"1539\">Assistance personnalis\u00e9e<\/strong> : notre \u00e9quipe est toujours disponible pour des conseils et un support avant et apr\u00e8s-vente.<\/p>\n<p data-start=\"1626\" data-end=\"1752\"><strong data-start=\"1626\" data-end=\"1643\">Multicanal<\/strong> : en plus du site formar.shop, nous sommes pr\u00e9sents sur les principales marketplaces avec la m\u00eame qualit\u00e9 et le m\u00eame s\u00e9rieux.<\/p>\n<p data-start=\"560\" data-end=\"744\">\u00c0 travers notre boutique en ligne, nous mettons \u00e0 disposition une large gamme de produits s\u00e9lectionn\u00e9s, alliant <strong data-start=\"665\" data-end=\"711\">expertise technique, passion pour le design<\/strong> et <strong data-start=\"714\" data-end=\"743\">attention \u00e0 la qualit\u00e9<\/strong>.<\/p>\n<hr data-start=\"746\" data-end=\"749\">\n<h2 data-start=\"751\" data-end=\"771\">Notre Mission<\/h2>\n<p data-start=\"813\" data-end=\"902\"><strong>Produits de haute qualit\u00e9,<\/strong> tant pour l&rsquo;am\u00e9nagement professionnel que pour les espaces de vie.<\/p>\n<p data-start=\"905\" data-end=\"1004\"><strong>Design soign\u00e9 et fonctionnel,<\/strong> avec une s\u00e9lection orient\u00e9e vers le confort, l&rsquo;ergonomie et le style.<\/p>\n<p data-start=\"1007\" data-end=\"1101\"><strong>Exp\u00e9rience d&rsquo;achat intuitive et s\u00e9curis\u00e9e,<\/strong> avec un service client r\u00e9actif et comp\u00e9tent.<\/p>\n<p data-start=\"1104\" data-end=\"1180\"><strong>Livraison rapide et gratuite,<\/strong> pour r\u00e9pondre efficacement \u00e0 tous les besoins.<\/p>\n<hr data-start=\"1574\" data-end=\"1577\">\n<h2 data-start=\"1579\" data-end=\"1599\">Nos Produits<\/h2>\n<p data-start=\"1601\" data-end=\"1630\"><strong data-start=\"1634\" data-end=\"1656\">Mobilier de bureau<\/strong> : bureaux, si\u00e8ges, armoires, caissons et tables de r\u00e9union.<\/p>\n<p data-start=\"1720\" data-end=\"1809\"><strong data-start=\"1720\" data-end=\"1771\">Solutions pour organismes publics et espaces contract<\/strong> : bancs, biblioth\u00e8ques, meubles d&rsquo;archivage.<\/p>\n<p data-start=\"1812\" data-end=\"1951\"><strong data-start=\"1812\" data-end=\"1839\">Ameublement pour la maison<\/strong> : chaises, tables, accessoires, biblioth\u00e8ques et solutions gain de place, toujours avec un accent sur le design et la praticit\u00e9.<\/p>\n<hr data-start=\"1953\" data-end=\"1956\">\n<h2 data-start=\"1958\" data-end=\"1977\">Nos Clients<\/h2>\n<p data-start=\"2005\" data-end=\"2031\">Entreprises et professionnels<\/p>\n<p data-start=\"2034\" data-end=\"2067\">Organismes publics et administrations<\/p>\n<p data-start=\"2070\" data-end=\"2145\">Particuliers \u00e0 la recherche de solutions d&rsquo;ameublement modernes et fonctionnelles pour la maison<\/p>\n<hr data-start=\"2147\" data-end=\"2150\">\n<h2 data-start=\"2335\" data-end=\"2349\">Conclusion<\/h2>\n<p data-start=\"2351\" data-end=\"2671\">Dans un monde qui change rapidement, nous croyons que la qualit\u00e9 et la fiabilit\u00e9 sont des valeurs essentielles. Avec <strong data-start=\"2462\" data-end=\"2477\">Formar.shop<\/strong>, nous n&rsquo;offrons pas seulement du mobilier, mais de v\u00e9ritables <strong data-start=\"2523\" data-end=\"2564\">solutions de bien-\u00eatre et de fonctionnalit\u00e9<\/strong> pour votre quotidien, que vous conceviez un nouveau bureau ou rendiez votre maison plus accueillante. <\/p>\n<p data-start=\"2673\" data-end=\"2821\">Choisir Formar.shop, c&rsquo;est faire confiance \u00e0 un partenaire solide, transparent et passionn\u00e9, qui place toujours les personnes et leurs besoins au centre de ses pr\u00e9occupations.<\/p>\n<p data-start=\"2823\" data-end=\"2873\"><strong data-start=\"2823\" data-end=\"2873\">Formar.shop \u2013 O\u00f9 votre espace prend forme.<\/strong><\/p>\n<p> <\/p>\n<\/div>\n\t\t\n<style>\n#text-2027118987 {\n  text-align: left;\n}\n<\/style>\n\t<\/div>\n\t\n\n\t\t<\/div>\n\t\t\t\t\n<style>\n#col-802691034 > .col-inner {\n  padding: 0px 0px 0px 0;\n}\n@media (min-width:550px) {\n  #col-802691034 > .col-inner {\n    padding: 0px 0px 0px 0px;\n  }\n}\n<\/style>\n\t<\/div>\n\n\t\n\n\t<div id=\"col-193858647\" class=\"col medium-12 small-12 large-12\"  >\n\t\t\t\t<div class=\"col-inner\"  >\n\t\t\t\n\t\t\t\n\n\n  <div class=\"banner has-hover\" id=\"banner-2032032989\">\n          <div class=\"banner-inner fill\">\n        <div class=\"banner-bg fill\" >\n            <img loading=\"lazy\" decoding=\"async\" width=\"1600\" height=\"1200\" src=\"https:\/\/static.formar.net\/wp-content\/uploads\/sites\/1\/2024\/07\/02110352\/Universal-Color-Mobile-420_AMBENTATA_4.jpg\" class=\"bg attachment-original size-original\" alt=\"\" \/>                                    \n                    <\/div>\n\t\t\n        <div class=\"banner-layers container\">\n            <div class=\"fill banner-link\"><\/div>            \n\n   <div id=\"text-box-1640322988\" class=\"text-box banner-layer x50 md-x50 lg-x50 y50 md-y50 lg-y50 res-text\">\n                                <div class=\"text-box-content text dark\">\n              \n              <div class=\"text-inner text-center\">\n                  \n\n\n              <\/div>\n           <\/div>\n                            \n<style>\n#text-box-1640322988 {\n  width: 60%;\n}\n#text-box-1640322988 .text-box-content {\n  font-size: 100%;\n}\n@media (min-width:550px) {\n  #text-box-1640322988 {\n    width: 60%;\n  }\n}\n<\/style>\n    <\/div>\n \n\n        <\/div>\n      <\/div>\n\n            \n<style>\n#banner-2032032989 {\n  padding-top: 300px;\n  background-color: rgb(255, 255, 255);\n}\n#banner-2032032989 .banner-bg img {\n  object-position: 52% 77%;\n}\n@media (min-width:550px) {\n  #banner-2032032989 {\n    padding-top: 500px;\n  }\n}\n@media (min-width:850px) {\n  #banner-2032032989 {\n    padding-top: 570px;\n  }\n}\n<\/style>\n  <\/div>\n\n\n\n\t\t<\/div>\n\t\t\t\t\n<style>\n#col-193858647 > .col-inner {\n  margin: -100px 0px 0px 0px;\n}\n@media (min-width:550px) {\n  #col-193858647 > .col-inner {\n    margin: -150px 0px 0px 0px;\n  }\n}\n@media (min-width:850px) {\n  #col-193858647 > .col-inner {\n    margin: 0px 0px 0px 0px;\n  }\n}\n<\/style>\n\t<\/div>\n\n\t\n\n<\/div>\n<div class=\"is-divider divider clearfix\" style=\"max-width:1000px;\"><\/div>\n\n\n","protected":false},"excerpt":{"rendered":"","protected":false},"author":5,"featured_media":0,"parent":0,"menu_order":0,"comment_status":"closed","ping_status":"closed","template":"","meta":{"_joinchat":[],"footnotes":""},"class_list":["post-42193","page","type-page","status-publish","hentry"],"yoast_head":"<!-- This site is optimized with the Yoast SEO plugin v27.4 - https:\/\/yoast.com\/product\/yoast-seo-wordpress\/ -->\n<title>A propos de nous - Formar.shop<\/title>\n<meta name=\"robots\" content=\"index, follow, max-snippet:-1, max-image-preview:large, max-video-preview:-1\" \/>\n<link rel=\"canonical\" href=\"https:\/\/formar.shop\/fr\/a-propos-de-nous\/\" \/>\n<script type=\"application\/ld+json\" class=\"yoast-schema-graph\">{\"@context\":\"https:\\\/\\\/schema.org\",\"@graph\":[{\"@type\":\"WebPage\",\"@id\":\"https:\\\/\\\/formar.shop\\\/fr\\\/a-propos-de-nous\\\/\",\"url\":\"https:\\\/\\\/formar.shop\\\/fr\\\/a-propos-de-nous\\\/\",\"name\":\"A propos de nous - Formar.shop\",\"isPartOf\":{\"@id\":\"https:\\\/\\\/formar.shop\\\/fr\\\/#website\"},\"datePublished\":\"2025-01-18T14:41:35+00:00\",\"dateModified\":\"2025-11-18T11:06:01+00:00\",\"breadcrumb\":{\"@id\":\"https:\\\/\\\/formar.shop\\\/fr\\\/a-propos-de-nous\\\/#breadcrumb\"},\"inLanguage\":\"fr-FR\",\"potentialAction\":[{\"@type\":\"ReadAction\",\"target\":[\"https:\\\/\\\/formar.shop\\\/fr\\\/a-propos-de-nous\\\/\"]}]},{\"@type\":\"BreadcrumbList\",\"@id\":\"https:\\\/\\\/formar.shop\\\/fr\\\/a-propos-de-nous\\\/#breadcrumb\",\"itemListElement\":[{\"@type\":\"ListItem\",\"position\":1,\"name\":\"Home\",\"item\":\"https:\\\/\\\/formar.shop\\\/fr\\\/auto-draft\\\/\"},{\"@type\":\"ListItem\",\"position\":2,\"name\":\"A propos de nous\"}]},{\"@type\":\"WebSite\",\"@id\":\"https:\\\/\\\/formar.shop\\\/fr\\\/#website\",\"url\":\"https:\\\/\\\/formar.shop\\\/fr\\\/\",\"name\":\"Formar.shop\",\"description\":\"Soluzioni espresse con stile\",\"potentialAction\":[{\"@type\":\"SearchAction\",\"target\":{\"@type\":\"EntryPoint\",\"urlTemplate\":\"https:\\\/\\\/formar.shop\\\/fr\\\/?s={search_term_string}\"},\"query-input\":{\"@type\":\"PropertyValueSpecification\",\"valueRequired\":true,\"valueName\":\"search_term_string\"}}],\"inLanguage\":\"fr-FR\"}]}<\/script>\n<!-- \/ Yoast SEO plugin. -->","yoast_head_json":{"title":"A propos de nous - Formar.shop","robots":{"index":"index","follow":"follow","max-snippet":"max-snippet:-1","max-image-preview":"max-image-preview:large","max-video-preview":"max-video-preview:-1"},"canonical":"https:\/\/formar.shop\/fr\/a-propos-de-nous\/","schema":{"@context":"https:\/\/schema.org","@graph":[{"@type":"WebPage","@id":"https:\/\/formar.shop\/fr\/a-propos-de-nous\/","url":"https:\/\/formar.shop\/fr\/a-propos-de-nous\/","name":"A propos de nous - Formar.shop","isPartOf":{"@id":"https:\/\/formar.shop\/fr\/#website"},"datePublished":"2025-01-18T14:41:35+00:00","dateModified":"2025-11-18T11:06:01+00:00","breadcrumb":{"@id":"https:\/\/formar.shop\/fr\/a-propos-de-nous\/#breadcrumb"},"inLanguage":"fr-FR","potentialAction":[{"@type":"ReadAction","target":["https:\/\/formar.shop\/fr\/a-propos-de-nous\/"]}]},{"@type":"BreadcrumbList","@id":"https:\/\/formar.shop\/fr\/a-propos-de-nous\/#breadcrumb","itemListElement":[{"@type":"ListItem","position":1,"name":"Home","item":"https:\/\/formar.shop\/fr\/auto-draft\/"},{"@type":"ListItem","position":2,"name":"A propos de nous"}]},{"@type":"WebSite","@id":"https:\/\/formar.shop\/fr\/#website","url":"https:\/\/formar.shop\/fr\/","name":"Formar.shop","description":"Soluzioni espresse con stile","potentialAction":[{"@type":"SearchAction","target":{"@type":"EntryPoint","urlTemplate":"https:\/\/formar.shop\/fr\/?s={search_term_string}"},"query-input":{"@type":"PropertyValueSpecification","valueRequired":true,"valueName":"search_term_string"}}],"inLanguage":"fr-FR"}]}},"_links":{"self":[{"href":"https:\/\/formar.shop\/fr\/wp-json\/wp\/v2\/pages\/42193","targetHints":{"allow":["GET"]}}],"collection":[{"href":"https:\/\/formar.shop\/fr\/wp-json\/wp\/v2\/pages"}],"about":[{"href":"https:\/\/formar.shop\/fr\/wp-json\/wp\/v2\/types\/page"}],"author":[{"embeddable":true,"href":"https:\/\/formar.shop\/fr\/wp-json\/wp\/v2\/users\/5"}],"replies":[{"embeddable":true,"href":"https:\/\/formar.shop\/fr\/wp-json\/wp\/v2\/comments?post=42193"}],"version-history":[{"count":5,"href":"https:\/\/formar.shop\/fr\/wp-json\/wp\/v2\/pages\/42193\/revisions"}],"predecessor-version":[{"id":61920,"href":"https:\/\/formar.shop\/fr\/wp-json\/wp\/v2\/pages\/42193\/revisions\/61920"}],"wp:attachment":[{"href":"https:\/\/formar.shop\/fr\/wp-json\/wp\/v2\/media?parent=42193"}],"curies":[{"name":"wp","href":"https:\/\/api.w.org\/{rel}","templated":true}]}}