{"id":46779,"date":"2025-01-18T21:31:53","date_gmt":"2025-01-18T20:31:53","guid":{"rendered":"https:\/\/formar.shop\/prodotto\/seinakonteiner-rippuv\/"},"modified":"2025-01-18T21:32:04","modified_gmt":"2025-01-18T20:32:04","slug":"seinakonteiner-rippuv","status":"publish","type":"product","link":"https:\/\/formar.shop\/et\/prodotto\/seinakonteiner-rippuv\/","title":{"rendered":"Seinakonteiner &#8211; rippuv"},"content":{"rendered":"<div class=\"is-divider divider clearfix\" style=\"max-width:2000px;\"><\/div>\n<div class=\"slider-wrapper relative\" id=\"slider-1761721738\" >\n    <div class=\"slider slider-nav-circle slider-nav-large slider-nav-dark slider-style-normal\"\n        data-flickity-options='{\n            \"cellAlign\": \"center\",\n            \"imagesLoaded\": true,\n            \"lazyLoad\": 1,\n            \"freeScroll\": false,\n            \"wrapAround\": true,\n            \"autoPlay\": 6000,\n            \"pauseAutoPlayOnHover\" : true,\n            \"prevNextButtons\": true,\n            \"contain\" : true,\n            \"adaptiveHeight\" : true,\n            \"dragThreshold\" : 10,\n            \"percentPosition\": true,\n            \"pageDots\": true,\n            \"rightToLeft\": false,\n            \"draggable\": true,\n            \"selectedAttraction\": 0.1,\n            \"parallax\" : 0,\n            \"friction\": 0.6        }'\n        >\n        \n\t<div class=\"img has-hover x md-x lg-x y md-y lg-y\" id=\"image_18991475\">\n\t\t\t\t\t\t\t\t<div class=\"img-inner dark\" >\n\t\t\t<img loading=\"lazy\" decoding=\"async\" width=\"1012\" height=\"1012\" src=\"https:\/\/static.formar.net\/wp-content\/uploads\/2020\/12\/22153635\/Immagini-di-prodotto-x-Amazon-36.png\" class=\"attachment-large size-large\" alt=\"\" \/>\t\t\t\t\t\t\n\t\t\t\t\t<\/div>\n\t\t\t\t\t\t\t\t\n<style>\n#image_18991475 {\n  width: 100%;\n}\n<\/style>\n\t<\/div>\n\t\n\t<div class=\"img has-hover x md-x lg-x y md-y lg-y\" id=\"image_2014480685\">\n\t\t\t\t\t\t\t\t<div class=\"img-inner dark\" >\n\t\t\t<img loading=\"lazy\" decoding=\"async\" width=\"1001\" height=\"1001\" src=\"https:\/\/static.formar.net\/wp-content\/uploads\/2020\/12\/22153556\/Immagini-di-prodotto-x-Amazon-39-1.png\" class=\"attachment-large size-large\" alt=\"\" srcset=\"https:\/\/static.formar.net\/wp-content\/uploads\/2020\/12\/22153556\/Immagini-di-prodotto-x-Amazon-39-1.png 1001w, https:\/\/static.formar.net\/wp-content\/uploads\/2020\/12\/22153556\/Immagini-di-prodotto-x-Amazon-39-1-100x100.png 100w, https:\/\/static.formar.net\/wp-content\/uploads\/2020\/12\/22153556\/Immagini-di-prodotto-x-Amazon-39-1-510x510.png 510w, https:\/\/static.formar.net\/wp-content\/uploads\/2020\/12\/22153556\/Immagini-di-prodotto-x-Amazon-39-1-300x300.png 300w, https:\/\/static.formar.net\/wp-content\/uploads\/2020\/12\/22153556\/Immagini-di-prodotto-x-Amazon-39-1-80x80.png 80w, https:\/\/static.formar.net\/wp-content\/uploads\/2020\/12\/22153556\/Immagini-di-prodotto-x-Amazon-39-1-768x768.png 768w, https:\/\/static.formar.net\/wp-content\/uploads\/2020\/12\/22153556\/Immagini-di-prodotto-x-Amazon-39-1-36x36.png 36w, https:\/\/static.formar.net\/wp-content\/uploads\/2020\/12\/22153556\/Immagini-di-prodotto-x-Amazon-39-1-180x180.png 180w, https:\/\/static.formar.net\/wp-content\/uploads\/2020\/12\/22153556\/Immagini-di-prodotto-x-Amazon-39-1-705x705.png 705w, https:\/\/static.formar.net\/wp-content\/uploads\/2020\/12\/22153556\/Immagini-di-prodotto-x-Amazon-39-1-600x600.png 600w\" sizes=\"auto, (max-width: 1001px) 100vw, 1001px\" \/>\t\t\t\t\t\t\n\t\t\t\t\t<\/div>\n\t\t\t\t\t\t\t\t\n<style>\n#image_2014480685 {\n  width: 100%;\n}\n<\/style>\n\t<\/div>\n\t\n\t<div class=\"img has-hover x md-x lg-x y md-y lg-y\" id=\"image_1967379541\">\n\t\t\t\t\t\t\t\t<div class=\"img-inner dark\" >\n\t\t\t<img loading=\"lazy\" decoding=\"async\" width=\"1012\" height=\"1012\" src=\"https:\/\/static.formar.net\/wp-content\/uploads\/2020\/12\/04123949\/Immagini-di-prodotto-x-Amazon-42.png\" class=\"attachment-large size-large\" alt=\"\" \/>\t\t\t\t\t\t\n\t\t\t\t\t<\/div>\n\t\t\t\t\t\t\t\t\n<style>\n#image_1967379541 {\n  width: 100%;\n}\n<\/style>\n\t<\/div>\n\t\n     <\/div>\n\n     <div class=\"loading-spin dark large centered\"><\/div>\n\n\t<\/div>\n\n\n<h3>RIPPUV &#8211; SEINALE PAIGALDATAV KONTEINER<\/h3>\n<p>Riputatav seinakonteiner on ideaalne lahendus k\u00f5igi nende v\u00e4ikeste asjade stiilseks paigutamiseks, millel ei ole kindlat asukohta.<br \/>\nSee v\u00f5imaldab teil ruumi intelligentselt korraldada ja on <strong>kasulik v\u00e4ikeste esemete hoiustamiseks<\/strong>.<br \/>\nSee on saadaval valges ja mustas v\u00e4rvitoonis, et vastata igale maitsele ja n\u00f5udmistele.<br \/>\nLase oma fantaasia vabaks ja loo vastavalt oma maitsele <strong>isikup\u00e4rane kompositsioon<\/strong> mitme k\u00f5rvuti asetseva mahutiga.<\/p>\n<h3 class=\"av-special-heading-tag \">DESIGN TOODE<\/h3>\n<p>Selle kavandas ja kujundas Itaalia disainer Mario Mazzer, kes l\u00f5petas 1978. aastal Milano Pol\u00fctehnikumi arhitektuuri eriala ja 1979. aastal Milano Scuola Politecnica di Design&#8217;i t\u00f6\u00f6stusdisaini eriala.<br \/>\nSiin \u00f5ppis ta 1970ndatel, tehes koost\u00f6\u00f6d Itaalia disaini meistritega, ning 1980. aastal asutas ta Conegliano Venetos Mario Mazzer Architects&#8217;i. Ta on mitmekordne auhinnatud, 1996. aastal sai ta New Yorgis toimunud ID Annual Design Review&#8217;l auv\u00e4\u00e4rse \u00e4ram\u00e4rkimise. Oma t\u00f6\u00f6de n\u00e4itamisega on ta andnud suure panuse Itaalia toodete populaarsuse edendamisse kogu maailmas.  <\/p>\n<h3 id=\"h-facilit-di-fissaggio-alle-pareti\">LIHTNE KINNITUS SEINALE<\/h3>\n<p>Rippkonteineri paigaldamine on v\u00e4ga lihtne, kuna see saabub valmis riputamiseks, k\u00f5ik, mida peate tegema, on selle kinnitamine seinale.<br \/>\nSee on <strong>kerge<\/strong>,<strong> j\u00e4ik<\/strong>, <strong>ruumi s\u00e4\u00e4stev<\/strong> ja v\u00f5imaldab luua kompositsioone mitme \u00fcksusega, et optimeerida ruumi veelgi ja mahutada esemeid.<\/p>\n<h3 id=\"h-finiture-di-qualit-e-made-in-italy\">TOOTE M\u00d5\u00d5TMED<\/h3>\n<p>Toote m\u00f5\u00f5dud: &#8211; 40 cm pikk &#8211; 11,5 cm s\u00fcgav &#8211; 38,5 cm k\u00f5rge.<\/p>\n<h3>SAADAVAL KAHES V\u00c4RVIVARIANDIS<\/h3>\n<div class=\"info-block\">\n<div class=\"info full\"><\/div>\n<\/div>\n\n\t<section class=\"section\" id=\"section_764009987\">\n\t\t<div class=\"section-bg fill\" >\n\t\t\t\t\t\t\t\t\t\n\t\t\t\n\n\t\t<\/div>\n\n\t\t\n\n\t\t<div class=\"section-content relative\">\n\t\t\t\n<div class=\"row\"  id=\"row-1654031788\">\n\n\t<div id=\"col-202198789\" class=\"col medium-6 small-6 large-6\"  >\n\t\t\t\t<div class=\"col-inner text-center\"  >\n\t\t\t\n\t\t\t\n\t<div class=\"box has-hover   has-hover box-text-bottom\" >\n\n\t\t<div class=\"box-image\" >\n\t\t\t\t\t\t<div class=\"\" >\n\t\t\t\t<img loading=\"lazy\" decoding=\"async\" width=\"1012\" height=\"1012\" src=\"https:\/\/static.formar.net\/wp-content\/uploads\/2020\/12\/22153635\/Immagini-di-prodotto-x-Amazon-36.png\" class=\"attachment- size-\" alt=\"\" \/>\t\t\t\t\t\t\t\t\t\t\t<\/div>\n\t\t\t\t\t<\/div>\n\n\t\t<div class=\"box-text text-center\" >\n\t\t\t<div class=\"box-text-inner\">\n\t\t\t\t\n\t<div id=\"text-3976284112\" class=\"text\">\n\t\t\n<p>Valge<br \/>\n\t\t\n<style>\n#text-3976284112 {\n  font-size: 1.5rem;\n}\n<\/style>\n\t<\/div>\n\t\n\t\t\t<\/div>\n\t\t<\/div>\n\t<\/div>\n\t\n\t<div class=\"img has-hover x md-x lg-x y md-y lg-y\" id=\"image_658233706\">\n\t\t<a class=\"\" href=\"https:\/\/formar.shop\/wp-content\/uploads\/2022\/10\/68_BIANCO_O_A.jpg\" >\t\t\t\t\t\t<div class=\"img-inner dark\" >\n\t\t\t\t\t\t\t\t\t\n\t\t\t\t\t<\/div>\n\t\t\t\t\t\t<\/a>\t\t\n<style>\n#image_658233706 {\n  width: 50%;\n}\n<\/style>\n\t<\/div>\n\t\n\t\t<\/div>\n\t\t\t\t\t<\/div>\n\n\t\n\n\t<div id=\"col-634540215\" class=\"col medium-6 small-6 large-6\"  >\n\t\t\t\t<div class=\"col-inner text-center\"  >\n\t\t\t\n\t\t\t\n\t<div class=\"box has-hover   has-hover box-text-bottom\" >\n\n\t\t<div class=\"box-image\" >\n\t\t\t\t\t\t<div class=\"\" >\n\t\t\t\t<img loading=\"lazy\" decoding=\"async\" width=\"1012\" height=\"1012\" src=\"https:\/\/static.formar.net\/wp-content\/uploads\/2020\/12\/04123949\/Immagini-di-prodotto-x-Amazon-42.png\" class=\"attachment- size-\" alt=\"\" \/>\t\t\t\t\t\t\t\t\t\t\t<\/div>\n\t\t\t\t\t<\/div>\n\n\t\t<div class=\"box-text text-center\" >\n\t\t\t<div class=\"box-text-inner\">\n\t\t\t\t\n\t<div id=\"text-549776267\" class=\"text\">\n\t\t\n<p>Must<br \/>\n\t\t\n<style>\n#text-549776267 {\n  font-size: 1.5rem;\n}\n<\/style>\n\t<\/div>\n\t\n\t\t\t<\/div>\n\t\t<\/div>\n\t<\/div>\n\t\n\t<div class=\"img has-hover x md-x lg-x y md-y lg-y\" id=\"image_1689145088\">\n\t\t<a class=\"\" href=\"https:\/\/formar.shop\/wp-content\/uploads\/2022\/10\/03_ROVERE_O.jpg\" >\t\t\t\t\t\t<div class=\"img-inner dark\" >\n\t\t\t\t\t\t\t\t\t\n\t\t\t\t\t<\/div>\n\t\t\t\t\t\t<\/a>\t\t\n<style>\n#image_1689145088 {\n  width: 50%;\n}\n<\/style>\n\t<\/div>\n\t\n\t\t<\/div>\n\t\t\t\t\t<\/div>\n\n\t\n<\/div>\n<h3>HOOLDUS JA KORRASHOID:<\/h3>\n<p>Palun testige puhastusvahendeid kokkusobivuse osas esmalt mitte n\u00e4htavale alale.<br \/>\n\u00c4rge kunagi kasutage abrasiivseid v\u00f5i rasva eemaldavaid osakesi sisaldavaid puhastusvahendeid v\u00f5i poleerimisvahendeid.<br \/>\nP\u00fchkige alati niiske lapiga ja kuivatage.<\/p>\n\t\t<\/div>\n\n\t\t\n<style>\n#section_764009987 {\n  padding-top: 30px;\n  padding-bottom: 30px;\n}\n<\/style>\n\t<\/section>\n\t\n\n\t<section class=\"section\" id=\"section_1851222649\">\n\t\t<div class=\"section-bg fill\" >\n\t\t\t\t\t\t\t\t\t\n\t\t\t\n\n\t\t<\/div>\n\n\t\t\n\n\t\t<div class=\"section-content relative\">\n\t\t\t\n<div class=\"is-divider divider clearfix\" style=\"max-width:1000px;\"><\/div>\n<div class=\"row row-solid\"  id=\"row-1089120366\">\n\n\t<div id=\"col-621703981\" class=\"col medium-3 small-12 large-3\"  >\n\t\t\t\t<div class=\"col-inner\"  >\n\t\t\t\n\t\t\t\n\n\t\t<div class=\"icon-box featured-box icon-box-center text-center\"  >\n\t\t\t\t\t<div class=\"icon-box-img\" style=\"width: 50px\">\n\t\t\t\t<div class=\"icon\">\n\t\t\t\t\t<div class=\"icon-inner\" >\n\t\t\t\t\t\t<img loading=\"lazy\" decoding=\"async\" width=\"128\" height=\"128\" src=\"https:\/\/static.formar.net\/wp-content\/uploads\/sites\/1\/2022\/10\/02111131\/2703076-128-1-1.png\" class=\"attachment-medium size-medium\" alt=\"\" srcset=\"https:\/\/static.formar.net\/wp-content\/uploads\/sites\/1\/2022\/10\/02111131\/2703076-128-1-1.png 128w, https:\/\/static.formar.net\/wp-content\/uploads\/sites\/1\/2022\/10\/02111131\/2703076-128-1-1-80x80.png 80w, https:\/\/static.formar.net\/wp-content\/uploads\/sites\/1\/2022\/10\/02111131\/2703076-128-1-1-100x100.png 100w, https:\/\/static.formar.net\/wp-content\/uploads\/sites\/1\/2022\/10\/02111131\/2703076-128-1-1-50x50.png 50w\" sizes=\"auto, (max-width: 128px) 100vw, 128px\" \/>\t\t\t\t\t<\/div>\n\t\t\t\t<\/div>\n\t\t\t<\/div>\n\t\t\t\t<div class=\"icon-box-text last-reset\">\n\t\t\t\t\t\t\t\t\t\n<h3>Klienditeenindus on alati k\u00e4ttesaadav<\/h3>\n<p>Saate meiega \u00fchendust WhatsAppi kaudu:  <a href=\"https:\/\/api.whatsapp.com\/send\/?phone=390715906063&amp;text&amp;type=phone_number&amp;app_absent=0\">+39 071 5906063<\/a><\/p>\n<p>Telefonitellimused: <a href=\"tel:+39800122267\">800 122 267<\/a><\/p>\n\t\t<\/div>\n\t<\/div>\n\t\n\t\n\t\t<\/div>\n\t\t\t\t\t<\/div>\n\n\t\n\n\t<div id=\"col-2055779086\" class=\"col medium-3 small-12 large-3\"  >\n\t\t\t\t<div class=\"col-inner\"  >\n\t\t\t\n\t\t\t\n\n\t\t<div class=\"icon-box featured-box icon-box-center text-center\"  >\n\t\t\t\t\t<div class=\"icon-box-img\" style=\"width: 50px\">\n\t\t\t\t<div class=\"icon\">\n\t\t\t\t\t<div class=\"icon-inner\" >\n\t\t\t\t\t\t<img loading=\"lazy\" decoding=\"async\" width=\"256\" height=\"256\" src=\"https:\/\/static.formar.net\/wp-content\/uploads\/sites\/1\/2022\/11\/02111117\/Icona-carta-di-credito.png\" class=\"attachment-medium size-medium\" alt=\"\" srcset=\"https:\/\/static.formar.net\/wp-content\/uploads\/sites\/1\/2022\/11\/02111117\/Icona-carta-di-credito.png 256w, https:\/\/static.formar.net\/wp-content\/uploads\/sites\/1\/2022\/11\/02111117\/Icona-carta-di-credito-80x80.png 80w, https:\/\/static.formar.net\/wp-content\/uploads\/sites\/1\/2022\/11\/02111117\/Icona-carta-di-credito-100x100.png 100w, https:\/\/static.formar.net\/wp-content\/uploads\/sites\/1\/2022\/11\/02111117\/Icona-carta-di-credito-50x50.png 50w\" sizes=\"auto, (max-width: 256px) 100vw, 256px\" \/>\t\t\t\t\t<\/div>\n\t\t\t\t<\/div>\n\t\t\t<\/div>\n\t\t\t\t<div class=\"icon-box-text last-reset\">\n\t\t\t\t\t\t\t\t\t\n<h3>Valige makseviis<\/h3>\n<p>Maksmine Paypal&#8217;i, krediitkaardi, sularaha v\u00f5i deebetkaardi (kohapeal) ja sularahas.<\/p>\n\t\t<\/div>\n\t<\/div>\n\t\n\t\n\t\t<\/div>\n\t\t\t\t\t<\/div>\n\n\t\n\n\t<div id=\"col-1127877572\" class=\"col medium-3 small-12 large-3\"  >\n\t\t\t\t<div class=\"col-inner\"  >\n\t\t\t\n\t\t\t\n\n\t\t<div class=\"icon-box featured-box icon-box-center text-center\"  >\n\t\t\t\t\t<div class=\"icon-box-img\" style=\"width: 50px\">\n\t\t\t\t<div class=\"icon\">\n\t\t\t\t\t<div class=\"icon-inner\" >\n\t\t\t\t\t\t<img loading=\"lazy\" decoding=\"async\" width=\"128\" height=\"128\" src=\"https:\/\/static.formar.net\/wp-content\/uploads\/sites\/1\/2022\/10\/02111130\/3669335-128-1.png\" class=\"attachment-medium size-medium\" alt=\"\" srcset=\"https:\/\/static.formar.net\/wp-content\/uploads\/sites\/1\/2022\/10\/02111130\/3669335-128-1.png 128w, https:\/\/static.formar.net\/wp-content\/uploads\/sites\/1\/2022\/10\/02111130\/3669335-128-1-80x80.png 80w, https:\/\/static.formar.net\/wp-content\/uploads\/sites\/1\/2022\/10\/02111130\/3669335-128-1-100x100.png 100w, https:\/\/static.formar.net\/wp-content\/uploads\/sites\/1\/2022\/10\/02111130\/3669335-128-1-50x50.png 50w\" sizes=\"auto, (max-width: 128px) 100vw, 128px\" \/>\t\t\t\t\t<\/div>\n\t\t\t\t<\/div>\n\t\t\t<\/div>\n\t\t\t\t<div class=\"icon-box-text last-reset\">\n\t\t\t\t\t\t\t\t\t\n<h3>Lihtne ja muretu tagasitulek<\/h3>\n<p>Probleemide korral korraldame k\u00e4ttesaamise otse teie aadressilt.<a href=\"https:\/\/formar.shop\/regole-sulla-restituzione\/\">(T\u00e4psemalt<\/a>).<\/p>\n\t\t<\/div>\n\t<\/div>\n\t\n\t\n\t\t<\/div>\n\t\t\t\t\t<\/div>\n\n\t\n\n\t<div id=\"col-1987720051\" class=\"col medium-3 small-12 large-3\"  >\n\t\t\t\t<div class=\"col-inner\"  >\n\t\t\t\n\t\t\t\n\n\t\t<div class=\"icon-box featured-box icon-box-center text-center\"  >\n\t\t\t\t\t<div class=\"icon-box-img\" style=\"width: 50px\">\n\t\t\t\t<div class=\"icon\">\n\t\t\t\t\t<div class=\"icon-inner\" >\n\t\t\t\t\t\t<img loading=\"lazy\" decoding=\"async\" width=\"128\" height=\"128\" src=\"https:\/\/static.formar.net\/wp-content\/uploads\/sites\/1\/2022\/10\/02111130\/5959201-128-1.png\" class=\"attachment-medium size-medium\" alt=\"\" srcset=\"https:\/\/static.formar.net\/wp-content\/uploads\/sites\/1\/2022\/10\/02111130\/5959201-128-1.png 128w, https:\/\/static.formar.net\/wp-content\/uploads\/sites\/1\/2022\/10\/02111130\/5959201-128-1-80x80.png 80w, https:\/\/static.formar.net\/wp-content\/uploads\/sites\/1\/2022\/10\/02111130\/5959201-128-1-100x100.png 100w, https:\/\/static.formar.net\/wp-content\/uploads\/sites\/1\/2022\/10\/02111130\/5959201-128-1-50x50.png 50w\" sizes=\"auto, (max-width: 128px) 100vw, 128px\" \/>\t\t\t\t\t<\/div>\n\t\t\t\t<\/div>\n\t\t\t<\/div>\n\t\t\t\t<div class=\"icon-box-text last-reset\">\n\t\t\t\t\t\t\t\t\t\n<h3>Tootja garantii ja varuosad<\/h3>\n<p>K\u00f5ik meie tooted on varustatud meie garantiiga. Paljude toodete puhul garanteerime varuosad samaks perioodiks.<\/p>\n\t\t<\/div>\n\t<\/div>\n\t\n\t\n\t\t<\/div>\n\t\t\t\t\t<\/div>\n\n\t\n\n<style>\n#row-1089120366 > .col > .col-inner {\n  padding: 20px 20px 20px 20px;\n}\n<\/style>\n<\/div>\n\t\t<\/div>\n\n\t\t\n<style>\n#section_1851222649 {\n  padding-top: 30px;\n  padding-bottom: 30px;\n}\n<\/style>\n\t<\/section>\n\t\n","protected":false},"excerpt":{"rendered":"<p>Itaalia disainer MARIO MAZZER on v\u00e4lja t\u00f6\u00f6tanud ja kujundanud rippuva seinakarbi, mis on m\u00f5eldud iga seina sisustamiseks.<br \/>\nSeda on lihtne paigutada ja seda saab paigaldada eraldi v\u00f5i luua erinevaid kompositsioone koos teiste elementidega.<br \/>\nJ\u00e4ik valge pol\u00fcprop\u00fcleen, millest see on valmistatud, muudab selle kergesti puhastatavaks.  <\/p>\n","protected":false},"featured_media":46781,"template":"","meta":{"_joinchat":[]},"product_brand":[],"product_cat":[1997,2020],"product_tag":[2021],"class_list":{"0":"post-46779","1":"product","2":"type-product","3":"status-publish","4":"has-post-thumbnail","6":"product_cat-kodu","7":"product_cat-riiulid-ja-konteinerid","8":"product_tag-seinale-paigaldatav-konteiner","10":"first","11":"instock","12":"taxable","13":"shipping-taxable","14":"purchasable","15":"product-type-variable","16":"has-default-attributes"},"yoast_head":"<!-- This site is optimized with the Yoast SEO plugin v27.3 - https:\/\/yoast.com\/product\/yoast-seo-wordpress\/ -->\n<title>Seinakonteiner - rippuv - Formar.shop<\/title>\n<meta name=\"robots\" content=\"index, follow, max-snippet:-1, max-image-preview:large, max-video-preview:-1\" \/>\n<link rel=\"canonical\" href=\"https:\/\/formar.shop\/et\/prodotto\/seinakonteiner-rippuv\/\" \/>\n<script type=\"application\/ld+json\" class=\"yoast-schema-graph\">{\"@context\":\"https:\\\/\\\/schema.org\",\"@graph\":[{\"@type\":\"WebPage\",\"@id\":\"https:\\\/\\\/formar.shop\\\/et\\\/prodotto\\\/seinakonteiner-rippuv\\\/\",\"url\":\"https:\\\/\\\/formar.shop\\\/et\\\/prodotto\\\/seinakonteiner-rippuv\\\/\",\"name\":\"Seinakonteiner - rippuv - Formar.shop\",\"isPartOf\":{\"@id\":\"https:\\\/\\\/formar.shop\\\/et\\\/#website\"},\"primaryImageOfPage\":{\"@id\":\"https:\\\/\\\/formar.shop\\\/et\\\/prodotto\\\/seinakonteiner-rippuv\\\/#primaryimage\"},\"image\":{\"@id\":\"https:\\\/\\\/formar.shop\\\/et\\\/prodotto\\\/seinakonteiner-rippuv\\\/#primaryimage\"},\"thumbnailUrl\":\"https:\\\/\\\/static.formar.net\\\/wp-content\\\/uploads\\\/2020\\\/12\\\/22153635\\\/Immagini-di-prodotto-x-Amazon-36.png\",\"datePublished\":\"2025-01-18T20:31:53+00:00\",\"dateModified\":\"2025-01-18T20:32:04+00:00\",\"breadcrumb\":{\"@id\":\"https:\\\/\\\/formar.shop\\\/et\\\/prodotto\\\/seinakonteiner-rippuv\\\/#breadcrumb\"},\"inLanguage\":\"et\",\"potentialAction\":[{\"@type\":\"ReadAction\",\"target\":[\"https:\\\/\\\/formar.shop\\\/et\\\/prodotto\\\/seinakonteiner-rippuv\\\/\"]}]},{\"@type\":\"ImageObject\",\"inLanguage\":\"et\",\"@id\":\"https:\\\/\\\/formar.shop\\\/et\\\/prodotto\\\/seinakonteiner-rippuv\\\/#primaryimage\",\"url\":\"https:\\\/\\\/static.formar.net\\\/wp-content\\\/uploads\\\/2020\\\/12\\\/22153635\\\/Immagini-di-prodotto-x-Amazon-36.png\",\"contentUrl\":\"https:\\\/\\\/static.formar.net\\\/wp-content\\\/uploads\\\/2020\\\/12\\\/22153635\\\/Immagini-di-prodotto-x-Amazon-36.png\",\"width\":1012,\"height\":1012},{\"@type\":\"BreadcrumbList\",\"@id\":\"https:\\\/\\\/formar.shop\\\/et\\\/prodotto\\\/seinakonteiner-rippuv\\\/#breadcrumb\",\"itemListElement\":[{\"@type\":\"ListItem\",\"position\":1,\"name\":\"Home\",\"item\":\"https:\\\/\\\/formar.shop\\\/et\\\/automaatne-eelnou\\\/\"},{\"@type\":\"ListItem\",\"position\":2,\"name\":\"Kauplus\",\"item\":\"https:\\\/\\\/formar.shop\\\/et\\\/kauplus\\\/\"},{\"@type\":\"ListItem\",\"position\":3,\"name\":\"Seinakonteiner &#8211; rippuv\"}]},{\"@type\":\"WebSite\",\"@id\":\"https:\\\/\\\/formar.shop\\\/et\\\/#website\",\"url\":\"https:\\\/\\\/formar.shop\\\/et\\\/\",\"name\":\"Formar.shop\",\"description\":\"Soluzioni espresse con stile\",\"potentialAction\":[{\"@type\":\"SearchAction\",\"target\":{\"@type\":\"EntryPoint\",\"urlTemplate\":\"https:\\\/\\\/formar.shop\\\/et\\\/?s={search_term_string}\"},\"query-input\":{\"@type\":\"PropertyValueSpecification\",\"valueRequired\":true,\"valueName\":\"search_term_string\"}}],\"inLanguage\":\"et\"}]}<\/script>\n<!-- \/ Yoast SEO plugin. -->","yoast_head_json":{"title":"Seinakonteiner - rippuv - Formar.shop","robots":{"index":"index","follow":"follow","max-snippet":"max-snippet:-1","max-image-preview":"max-image-preview:large","max-video-preview":"max-video-preview:-1"},"canonical":"https:\/\/formar.shop\/et\/prodotto\/seinakonteiner-rippuv\/","schema":{"@context":"https:\/\/schema.org","@graph":[{"@type":"WebPage","@id":"https:\/\/formar.shop\/et\/prodotto\/seinakonteiner-rippuv\/","url":"https:\/\/formar.shop\/et\/prodotto\/seinakonteiner-rippuv\/","name":"Seinakonteiner - rippuv - Formar.shop","isPartOf":{"@id":"https:\/\/formar.shop\/et\/#website"},"primaryImageOfPage":{"@id":"https:\/\/formar.shop\/et\/prodotto\/seinakonteiner-rippuv\/#primaryimage"},"image":{"@id":"https:\/\/formar.shop\/et\/prodotto\/seinakonteiner-rippuv\/#primaryimage"},"thumbnailUrl":"https:\/\/static.formar.net\/wp-content\/uploads\/2020\/12\/22153635\/Immagini-di-prodotto-x-Amazon-36.png","datePublished":"2025-01-18T20:31:53+00:00","dateModified":"2025-01-18T20:32:04+00:00","breadcrumb":{"@id":"https:\/\/formar.shop\/et\/prodotto\/seinakonteiner-rippuv\/#breadcrumb"},"inLanguage":"et","potentialAction":[{"@type":"ReadAction","target":["https:\/\/formar.shop\/et\/prodotto\/seinakonteiner-rippuv\/"]}]},{"@type":"ImageObject","inLanguage":"et","@id":"https:\/\/formar.shop\/et\/prodotto\/seinakonteiner-rippuv\/#primaryimage","url":"https:\/\/static.formar.net\/wp-content\/uploads\/2020\/12\/22153635\/Immagini-di-prodotto-x-Amazon-36.png","contentUrl":"https:\/\/static.formar.net\/wp-content\/uploads\/2020\/12\/22153635\/Immagini-di-prodotto-x-Amazon-36.png","width":1012,"height":1012},{"@type":"BreadcrumbList","@id":"https:\/\/formar.shop\/et\/prodotto\/seinakonteiner-rippuv\/#breadcrumb","itemListElement":[{"@type":"ListItem","position":1,"name":"Home","item":"https:\/\/formar.shop\/et\/automaatne-eelnou\/"},{"@type":"ListItem","position":2,"name":"Kauplus","item":"https:\/\/formar.shop\/et\/kauplus\/"},{"@type":"ListItem","position":3,"name":"Seinakonteiner &#8211; rippuv"}]},{"@type":"WebSite","@id":"https:\/\/formar.shop\/et\/#website","url":"https:\/\/formar.shop\/et\/","name":"Formar.shop","description":"Soluzioni espresse con stile","potentialAction":[{"@type":"SearchAction","target":{"@type":"EntryPoint","urlTemplate":"https:\/\/formar.shop\/et\/?s={search_term_string}"},"query-input":{"@type":"PropertyValueSpecification","valueRequired":true,"valueName":"search_term_string"}}],"inLanguage":"et"}]}},"_links":{"self":[{"href":"https:\/\/formar.shop\/et\/wp-json\/wp\/v2\/product\/46779","targetHints":{"allow":["GET"]}}],"collection":[{"href":"https:\/\/formar.shop\/et\/wp-json\/wp\/v2\/product"}],"about":[{"href":"https:\/\/formar.shop\/et\/wp-json\/wp\/v2\/types\/product"}],"wp:featuredmedia":[{"embeddable":true,"href":"https:\/\/formar.shop\/et\/wp-json\/wp\/v2\/media\/46781"}],"wp:attachment":[{"href":"https:\/\/formar.shop\/et\/wp-json\/wp\/v2\/media?parent=46779"}],"wp:term":[{"taxonomy":"product_brand","embeddable":true,"href":"https:\/\/formar.shop\/et\/wp-json\/wp\/v2\/product_brand?post=46779"},{"taxonomy":"product_cat","embeddable":true,"href":"https:\/\/formar.shop\/et\/wp-json\/wp\/v2\/product_cat?post=46779"},{"taxonomy":"product_tag","embeddable":true,"href":"https:\/\/formar.shop\/et\/wp-json\/wp\/v2\/product_tag?post=46779"}],"curies":[{"name":"wp","href":"https:\/\/api.w.org\/{rel}","templated":true}]}}