{"id":46616,"date":"2025-01-18T21:31:31","date_gmt":"2025-01-18T20:31:31","guid":{"rendered":"https:\/\/formar.shop\/prodotto\/raamaturiiul-trepikoda\/"},"modified":"2025-01-18T21:31:41","modified_gmt":"2025-01-18T20:31:41","slug":"raamaturiiul-trepikoda","status":"publish","type":"product","link":"https:\/\/formar.shop\/et\/prodotto\/raamaturiiul-trepikoda\/","title":{"rendered":"Raamaturiiul &#8211; trepikoda"},"content":{"rendered":"<div class=\"is-divider divider clearfix\" style=\"max-width:2000px;\"><\/div>\n<div class=\"slider-wrapper relative\" id=\"slider-1929496338\" >\n    <div class=\"slider slider-nav-circle slider-nav-large slider-nav-dark slider-style-normal\"\n        data-flickity-options='{\n            \"cellAlign\": \"center\",\n            \"imagesLoaded\": true,\n            \"lazyLoad\": 1,\n            \"freeScroll\": false,\n            \"wrapAround\": true,\n            \"autoPlay\": 6000,\n            \"pauseAutoPlayOnHover\" : true,\n            \"prevNextButtons\": true,\n            \"contain\" : true,\n            \"adaptiveHeight\" : true,\n            \"dragThreshold\" : 10,\n            \"percentPosition\": true,\n            \"pageDots\": true,\n            \"rightToLeft\": false,\n            \"draggable\": true,\n            \"selectedAttraction\": 0.1,\n            \"parallax\" : 0,\n            \"friction\": 0.6        }'\n        >\n        \n\t<div class=\"img has-hover x md-x lg-x y md-y lg-y\" id=\"image_1986815735\">\n\t\t\t\t\t\t\t\t<div class=\"img-inner dark\" >\n\t\t\t<img loading=\"lazy\" decoding=\"async\" width=\"1001\" height=\"1001\" src=\"https:\/\/static.formar.net\/wp-content\/uploads\/2020\/12\/04155230\/Immagini-di-prodotto-x-Amazon-17.png\" class=\"attachment-large size-large\" alt=\"\" \/>\t\t\t\t\t\t\n\t\t\t\t\t<\/div>\n\t\t\t\t\t\t\t\t\n<style>\n#image_1986815735 {\n  width: 100%;\n}\n<\/style>\n\t<\/div>\n\t\n\t<div class=\"img has-hover x md-x lg-x y md-y lg-y\" id=\"image_1018981591\">\n\t\t\t\t\t\t\t\t<div class=\"img-inner dark\" >\n\t\t\t<img loading=\"lazy\" decoding=\"async\" width=\"1001\" height=\"1001\" src=\"https:\/\/static.formar.net\/wp-content\/uploads\/2020\/12\/04155242\/Immagini-di-prodotto-x-Amazon-18.png\" class=\"attachment-large size-large\" alt=\"\" \/>\t\t\t\t\t\t\n\t\t\t\t\t<\/div>\n\t\t\t\t\t\t\t\t\n<style>\n#image_1018981591 {\n  width: 100%;\n}\n<\/style>\n\t<\/div>\n\t\n\t<div class=\"img has-hover x md-x lg-x y md-y lg-y\" id=\"image_348831764\">\n\t\t\t\t\t\t\t\t<div class=\"img-inner dark\" >\n\t\t\t<img loading=\"lazy\" decoding=\"async\" width=\"1001\" height=\"1001\" src=\"https:\/\/static.formar.net\/wp-content\/uploads\/2020\/12\/04155247\/Immagini-di-prodotto-x-Amazon-19.png\" class=\"attachment-large size-large\" alt=\"\" \/>\t\t\t\t\t\t\n\t\t\t\t\t<\/div>\n\t\t\t\t\t\t\t\t\n<style>\n#image_348831764 {\n  width: 100%;\n}\n<\/style>\n\t<\/div>\n\t\n\t<div class=\"img has-hover x md-x lg-x y md-y lg-y\" id=\"image_560352627\">\n\t\t\t\t\t\t\t\t<div class=\"img-inner dark\" >\n\t\t\t<img loading=\"lazy\" decoding=\"async\" width=\"1001\" height=\"1001\" src=\"https:\/\/static.formar.net\/wp-content\/uploads\/2020\/12\/22171519\/Immagini-di-prodotto-x-Amazon-16.png\" class=\"attachment-large size-large\" alt=\"\" \/>\t\t\t\t\t\t\n\t\t\t\t\t<\/div>\n\t\t\t\t\t\t\t\t\n<style>\n#image_560352627 {\n  width: 100%;\n}\n<\/style>\n\t<\/div>\n\t\n     <\/div>\n\n     <div class=\"loading-spin dark large centered\"><\/div>\n\n\t<\/div>\n\n\n<div class=\"is-divider divider clearfix\" style=\"max-width:2000px;\"><\/div>\n<h3>TREPIKODA &#8211; RAAMATURIIUL<\/h3>\n<p>5 riiuliga raamaturiiul, mis on kasulik vaba ruumi maksimaalseks \u00e4rakasutamiseks ja toa <strong>stiilseks<\/strong> korrastamiseks.<\/p>\n<p class=\"a-spacing-mini\">Maalijad kasutavad maalimiseks kahte \u00fcksteisest eraldatud trepiastet, mis on \u00fchendatud teatud k\u00f5rgusele paigutatud lauaga, mis on riiuliks, mis v\u00f5imaldab h\u00f5lpsat liikumist.<br \/>\nSee kontseptsioon inspireeris ideed ilusaks trepikoda raamaturiiuliks, <strong>disainm\u00f6\u00f6bli<\/strong> elemendiks, mis lisab teie tuppa isikup\u00e4ra. <\/p>\n<p>Kena s\u00fcsteem v\u00f5imaldab, paigutades t\u00e4iendava klambri p\u00f5hja,<strong> \u00fchendada mitu raamaturiiulit omavahel<\/strong> ja seega laiendada riiulipinda.<\/p>\n<h3 class=\"av-special-heading-tag \">DESIGN TOODE<\/h3>\n<p>Kavandas ja kujundas Itaalia disainer Mario Mazzer, kes l\u00f5petas 1978. aastal Milano Pol\u00fctehnikumi arhitektuuri eriala ja 1979. aastal Milano Scuola Politecnica di Design&#8217;i t\u00f6\u00f6stusdisaini eriala.<br \/>\nSiin \u00f5ppis ta 1970ndatel Itaalia disainimeistrite juures ning 1980. aastal asutas ta Conegliano Veneto linnas Mario Mazzer Architects.<br \/>\nTa on mitmekordne auhinna laureaat ja sai 1996. aastal New Yorgis toimunud ID Annual Design Review&#8217;l auv\u00e4\u00e4rse \u00e4ram\u00e4rkimise.<br \/>\nOma t\u00f6\u00f6de n\u00e4itamisega on ta andnud suure panuse Itaalia toodete populaarsuse edendamisse kogu maailmas. <\/p>\n<h3>T\u00c4HELEPANU DETAILIDELE<\/h3>\n<p>Staircase&#8217;i raamaturiiul on detailide ja materjalivaliku poolest \u00e4\u00e4rmiselt l\u00e4bim\u00f5eldud.<br \/>\nSee koosneb j\u00e4rgmistest osadest: <\/p>\n<ul>\n<li>4&#215;4 cm naturaalne <strong>p\u00f6\u00f6gi t\u00e4ispuidust <\/strong>p\u00fcstikud<\/li>\n<li>Nr. 5 <strong>matt lakitud<\/strong> valged MDF riiulid<\/li>\n<li><strong>Helesinised<\/strong> liigesed<\/li>\n<\/ul>\n<h3 class=\"av-special-heading-tag \">TOOTE M\u00d5\u00d5TMED<\/h3>\n<p>Toote m\u00f5\u00f5dud: &#8211; 100 cm pikk &#8211; 40 cm s\u00fcgav &#8211; 170 cm k\u00f5rge.<\/p>\n<h3>HOOLDUS JA KORRASHOID:<\/h3>\n<p>Palun testige puhastusvahendeid kokkusobivuse osas esmalt mitte n\u00e4htavale alale.<br \/>\n\u00c4rge kunagi kasutage abrasiivseid v\u00f5i rasva eemaldavaid osakesi sisaldavaid puhastusvahendeid v\u00f5i poleerimisvahendeid.<br \/>\nP\u00fchkige alati niiske lapiga ja kuivatage.<\/p>\n\n\t<section class=\"section\" id=\"section_1264890038\">\n\t\t<div class=\"section-bg fill\" >\n\t\t\t\t\t\t\t\t\t\n\t\t\t\n\n\t\t<\/div>\n\n\t\t\n\n\t\t<div class=\"section-content relative\">\n\t\t\t\n<div class=\"is-divider divider clearfix\" style=\"max-width:1000px;\"><\/div>\n<div class=\"row row-solid\"  id=\"row-1283137677\">\n\n\t<div id=\"col-821263657\" class=\"col medium-3 small-12 large-3\"  >\n\t\t\t\t<div class=\"col-inner\"  >\n\t\t\t\n\t\t\t\n\n\t\t<div class=\"icon-box featured-box icon-box-center text-center\"  >\n\t\t\t\t\t<div class=\"icon-box-img\" style=\"width: 50px\">\n\t\t\t\t<div class=\"icon\">\n\t\t\t\t\t<div class=\"icon-inner\" >\n\t\t\t\t\t\t<img loading=\"lazy\" decoding=\"async\" width=\"128\" height=\"128\" src=\"https:\/\/static.formar.net\/wp-content\/uploads\/sites\/1\/2022\/10\/02111131\/2703076-128-1-1.png\" class=\"attachment-medium size-medium\" alt=\"\" srcset=\"https:\/\/static.formar.net\/wp-content\/uploads\/sites\/1\/2022\/10\/02111131\/2703076-128-1-1.png 128w, https:\/\/static.formar.net\/wp-content\/uploads\/sites\/1\/2022\/10\/02111131\/2703076-128-1-1-80x80.png 80w, https:\/\/static.formar.net\/wp-content\/uploads\/sites\/1\/2022\/10\/02111131\/2703076-128-1-1-100x100.png 100w, https:\/\/static.formar.net\/wp-content\/uploads\/sites\/1\/2022\/10\/02111131\/2703076-128-1-1-50x50.png 50w\" sizes=\"auto, (max-width: 128px) 100vw, 128px\" \/>\t\t\t\t\t<\/div>\n\t\t\t\t<\/div>\n\t\t\t<\/div>\n\t\t\t\t<div class=\"icon-box-text last-reset\">\n\t\t\t\t\t\t\t\t\t\n<h3>Klienditeenindus on alati k\u00e4ttesaadav<\/h3>\n<p>Saate meiega \u00fchendust WhatsAppi kaudu:  <a href=\"https:\/\/api.whatsapp.com\/send\/?phone=390715906063&amp;text&amp;type=phone_number&amp;app_absent=0\">+39 071 5906063<\/a><\/p>\n<p>Telefonitellimused: <a href=\"tel:+39800122267\">800 122 267<\/a><\/p>\n\t\t<\/div>\n\t<\/div>\n\t\n\t\n\t\t<\/div>\n\t\t\t\t\t<\/div>\n\n\t\n\n\t<div id=\"col-1787212233\" class=\"col medium-3 small-12 large-3\"  >\n\t\t\t\t<div class=\"col-inner\"  >\n\t\t\t\n\t\t\t\n\n\t\t<div class=\"icon-box featured-box icon-box-center text-center\"  >\n\t\t\t\t\t<div class=\"icon-box-img\" style=\"width: 50px\">\n\t\t\t\t<div class=\"icon\">\n\t\t\t\t\t<div class=\"icon-inner\" >\n\t\t\t\t\t\t<img loading=\"lazy\" decoding=\"async\" width=\"256\" height=\"256\" src=\"https:\/\/static.formar.net\/wp-content\/uploads\/sites\/1\/2022\/11\/02111117\/Icona-carta-di-credito.png\" class=\"attachment-medium size-medium\" alt=\"\" srcset=\"https:\/\/static.formar.net\/wp-content\/uploads\/sites\/1\/2022\/11\/02111117\/Icona-carta-di-credito.png 256w, https:\/\/static.formar.net\/wp-content\/uploads\/sites\/1\/2022\/11\/02111117\/Icona-carta-di-credito-80x80.png 80w, https:\/\/static.formar.net\/wp-content\/uploads\/sites\/1\/2022\/11\/02111117\/Icona-carta-di-credito-100x100.png 100w, https:\/\/static.formar.net\/wp-content\/uploads\/sites\/1\/2022\/11\/02111117\/Icona-carta-di-credito-50x50.png 50w\" sizes=\"auto, (max-width: 256px) 100vw, 256px\" \/>\t\t\t\t\t<\/div>\n\t\t\t\t<\/div>\n\t\t\t<\/div>\n\t\t\t\t<div class=\"icon-box-text last-reset\">\n\t\t\t\t\t\t\t\t\t\n<h3>Valige makseviis<\/h3>\n<p>Maksmine Paypal&#8217;i, krediitkaardi, sularaha v\u00f5i deebetkaardi (kohapeal) ja sularahas.<\/p>\n\t\t<\/div>\n\t<\/div>\n\t\n\t\n\t\t<\/div>\n\t\t\t\t\t<\/div>\n\n\t\n\n\t<div id=\"col-538036634\" class=\"col medium-3 small-12 large-3\"  >\n\t\t\t\t<div class=\"col-inner\"  >\n\t\t\t\n\t\t\t\n\n\t\t<div class=\"icon-box featured-box icon-box-center text-center\"  >\n\t\t\t\t\t<div class=\"icon-box-img\" style=\"width: 50px\">\n\t\t\t\t<div class=\"icon\">\n\t\t\t\t\t<div class=\"icon-inner\" >\n\t\t\t\t\t\t<img loading=\"lazy\" decoding=\"async\" width=\"128\" height=\"128\" src=\"https:\/\/static.formar.net\/wp-content\/uploads\/sites\/1\/2022\/10\/02111130\/3669335-128-1.png\" class=\"attachment-medium size-medium\" alt=\"\" srcset=\"https:\/\/static.formar.net\/wp-content\/uploads\/sites\/1\/2022\/10\/02111130\/3669335-128-1.png 128w, https:\/\/static.formar.net\/wp-content\/uploads\/sites\/1\/2022\/10\/02111130\/3669335-128-1-80x80.png 80w, https:\/\/static.formar.net\/wp-content\/uploads\/sites\/1\/2022\/10\/02111130\/3669335-128-1-100x100.png 100w, https:\/\/static.formar.net\/wp-content\/uploads\/sites\/1\/2022\/10\/02111130\/3669335-128-1-50x50.png 50w\" sizes=\"auto, (max-width: 128px) 100vw, 128px\" \/>\t\t\t\t\t<\/div>\n\t\t\t\t<\/div>\n\t\t\t<\/div>\n\t\t\t\t<div class=\"icon-box-text last-reset\">\n\t\t\t\t\t\t\t\t\t\n<h3>Lihtne ja muretu tagasitulek<\/h3>\n<p>Probleemide korral korraldame k\u00e4ttesaamise otse teie aadressilt.<a href=\"https:\/\/formar.shop\/regole-sulla-restituzione\/\">(T\u00e4psemalt<\/a>).<\/p>\n\t\t<\/div>\n\t<\/div>\n\t\n\t\n\t\t<\/div>\n\t\t\t\t\t<\/div>\n\n\t\n\n\t<div id=\"col-536434963\" class=\"col medium-3 small-12 large-3\"  >\n\t\t\t\t<div class=\"col-inner\"  >\n\t\t\t\n\t\t\t\n\n\t\t<div class=\"icon-box featured-box icon-box-center text-center\"  >\n\t\t\t\t\t<div class=\"icon-box-img\" style=\"width: 50px\">\n\t\t\t\t<div class=\"icon\">\n\t\t\t\t\t<div class=\"icon-inner\" >\n\t\t\t\t\t\t<img loading=\"lazy\" decoding=\"async\" width=\"128\" height=\"128\" src=\"https:\/\/static.formar.net\/wp-content\/uploads\/sites\/1\/2022\/10\/02111130\/5959201-128-1.png\" class=\"attachment-medium size-medium\" alt=\"\" srcset=\"https:\/\/static.formar.net\/wp-content\/uploads\/sites\/1\/2022\/10\/02111130\/5959201-128-1.png 128w, https:\/\/static.formar.net\/wp-content\/uploads\/sites\/1\/2022\/10\/02111130\/5959201-128-1-80x80.png 80w, https:\/\/static.formar.net\/wp-content\/uploads\/sites\/1\/2022\/10\/02111130\/5959201-128-1-100x100.png 100w, https:\/\/static.formar.net\/wp-content\/uploads\/sites\/1\/2022\/10\/02111130\/5959201-128-1-50x50.png 50w\" sizes=\"auto, (max-width: 128px) 100vw, 128px\" \/>\t\t\t\t\t<\/div>\n\t\t\t\t<\/div>\n\t\t\t<\/div>\n\t\t\t\t<div class=\"icon-box-text last-reset\">\n\t\t\t\t\t\t\t\t\t\n<h3>Tootja garantii ja varuosad<\/h3>\n<p>K\u00f5ik meie tooted on varustatud meie garantiiga. Paljude toodete puhul garanteerime varuosad samaks perioodiks.<\/p>\n\t\t<\/div>\n\t<\/div>\n\t\n\t\n\t\t<\/div>\n\t\t\t\t\t<\/div>\n\n\t\n\n<style>\n#row-1283137677 > .col > .col-inner {\n  padding: 20px 20px 20px 20px;\n}\n<\/style>\n<\/div>\n\t\t<\/div>\n\n\t\t\n<style>\n#section_1264890038 {\n  padding-top: 30px;\n  padding-bottom: 30px;\n}\n<\/style>\n\t<\/section>\n\t\n\n\t<section class=\"section\" id=\"section_1594732534\">\n\t\t<div class=\"section-bg fill\" >\n\t\t\t\t\t\t\t\t\t\n\t\t\t\n\n\t\t<\/div>\n\n\t\t\n\n\t\t<div class=\"section-content relative\">\n\t\t\t\n\t\t<\/div>\n\n\t\t\n<style>\n#section_1594732534 {\n  padding-top: 30px;\n  padding-bottom: 30px;\n}\n<\/style>\n\t<\/section>\n\t\n","protected":false},"excerpt":{"rendered":"<p>Itaalia disaineri MARIO MAZZERi kavandatud ja kujundatud trepikoda on inspireeritud maalrite poolt maalimiseks kasutatavatest redelitest.<br \/>\nP\u00f5hikonstruktsioon on valmistatud naturaalsest t\u00e4ispuidust p\u00f6\u00f6gist, riiulid on valmistatud mattvalgeks lakitud MDF-ist.<br \/>\nKokkupanek on kiire ja lihtne.  <\/p>\n","protected":false},"featured_media":46636,"template":"","meta":{"_joinchat":[]},"product_brand":[],"product_cat":[1997,1998],"product_tag":[1999],"class_list":{"0":"post-46616","1":"product","2":"type-product","3":"status-publish","4":"has-post-thumbnail","6":"product_cat-kodu","7":"product_cat-raamatupoed","8":"product_tag-raamatupoed","10":"first","11":"instock","12":"sale","13":"taxable","14":"shipping-taxable","15":"purchasable","16":"product-type-simple"},"yoast_head":"<!-- This site is optimized with the Yoast SEO plugin v27.4 - https:\/\/yoast.com\/product\/yoast-seo-wordpress\/ -->\n<title>Raamaturiiul - trepikoda - Formar.shop<\/title>\n<meta name=\"robots\" content=\"index, follow, max-snippet:-1, max-image-preview:large, max-video-preview:-1\" \/>\n<link rel=\"canonical\" href=\"https:\/\/formar.shop\/et\/prodotto\/raamaturiiul-trepikoda\/\" \/>\n<script type=\"application\/ld+json\" class=\"yoast-schema-graph\">{\"@context\":\"https:\\\/\\\/schema.org\",\"@graph\":[{\"@type\":\"WebPage\",\"@id\":\"https:\\\/\\\/formar.shop\\\/et\\\/prodotto\\\/raamaturiiul-trepikoda\\\/\",\"url\":\"https:\\\/\\\/formar.shop\\\/et\\\/prodotto\\\/raamaturiiul-trepikoda\\\/\",\"name\":\"Raamaturiiul - trepikoda - Formar.shop\",\"isPartOf\":{\"@id\":\"https:\\\/\\\/formar.shop\\\/et\\\/#website\"},\"primaryImageOfPage\":{\"@id\":\"https:\\\/\\\/formar.shop\\\/et\\\/prodotto\\\/raamaturiiul-trepikoda\\\/#primaryimage\"},\"image\":{\"@id\":\"https:\\\/\\\/formar.shop\\\/et\\\/prodotto\\\/raamaturiiul-trepikoda\\\/#primaryimage\"},\"thumbnailUrl\":\"https:\\\/\\\/static.formar.net\\\/wp-content\\\/uploads\\\/2020\\\/12\\\/22171519\\\/Immagini-di-prodotto-x-Amazon-16.png\",\"datePublished\":\"2025-01-18T20:31:31+00:00\",\"dateModified\":\"2025-01-18T20:31:41+00:00\",\"breadcrumb\":{\"@id\":\"https:\\\/\\\/formar.shop\\\/et\\\/prodotto\\\/raamaturiiul-trepikoda\\\/#breadcrumb\"},\"inLanguage\":\"et\",\"potentialAction\":[{\"@type\":\"ReadAction\",\"target\":[\"https:\\\/\\\/formar.shop\\\/et\\\/prodotto\\\/raamaturiiul-trepikoda\\\/\"]}]},{\"@type\":\"ImageObject\",\"inLanguage\":\"et\",\"@id\":\"https:\\\/\\\/formar.shop\\\/et\\\/prodotto\\\/raamaturiiul-trepikoda\\\/#primaryimage\",\"url\":\"https:\\\/\\\/static.formar.net\\\/wp-content\\\/uploads\\\/2020\\\/12\\\/22171519\\\/Immagini-di-prodotto-x-Amazon-16.png\",\"contentUrl\":\"https:\\\/\\\/static.formar.net\\\/wp-content\\\/uploads\\\/2020\\\/12\\\/22171519\\\/Immagini-di-prodotto-x-Amazon-16.png\",\"width\":1001,\"height\":1001},{\"@type\":\"BreadcrumbList\",\"@id\":\"https:\\\/\\\/formar.shop\\\/et\\\/prodotto\\\/raamaturiiul-trepikoda\\\/#breadcrumb\",\"itemListElement\":[{\"@type\":\"ListItem\",\"position\":1,\"name\":\"Home\",\"item\":\"https:\\\/\\\/formar.shop\\\/et\\\/automaatne-eelnou\\\/\"},{\"@type\":\"ListItem\",\"position\":2,\"name\":\"Kauplus\",\"item\":\"https:\\\/\\\/formar.shop\\\/et\\\/kauplus\\\/\"},{\"@type\":\"ListItem\",\"position\":3,\"name\":\"Raamaturiiul &#8211; trepikoda\"}]},{\"@type\":\"WebSite\",\"@id\":\"https:\\\/\\\/formar.shop\\\/et\\\/#website\",\"url\":\"https:\\\/\\\/formar.shop\\\/et\\\/\",\"name\":\"Formar.shop\",\"description\":\"Soluzioni espresse con stile\",\"potentialAction\":[{\"@type\":\"SearchAction\",\"target\":{\"@type\":\"EntryPoint\",\"urlTemplate\":\"https:\\\/\\\/formar.shop\\\/et\\\/?s={search_term_string}\"},\"query-input\":{\"@type\":\"PropertyValueSpecification\",\"valueRequired\":true,\"valueName\":\"search_term_string\"}}],\"inLanguage\":\"et\"}]}<\/script>\n<!-- \/ Yoast SEO plugin. -->","yoast_head_json":{"title":"Raamaturiiul - trepikoda - Formar.shop","robots":{"index":"index","follow":"follow","max-snippet":"max-snippet:-1","max-image-preview":"max-image-preview:large","max-video-preview":"max-video-preview:-1"},"canonical":"https:\/\/formar.shop\/et\/prodotto\/raamaturiiul-trepikoda\/","schema":{"@context":"https:\/\/schema.org","@graph":[{"@type":"WebPage","@id":"https:\/\/formar.shop\/et\/prodotto\/raamaturiiul-trepikoda\/","url":"https:\/\/formar.shop\/et\/prodotto\/raamaturiiul-trepikoda\/","name":"Raamaturiiul - trepikoda - Formar.shop","isPartOf":{"@id":"https:\/\/formar.shop\/et\/#website"},"primaryImageOfPage":{"@id":"https:\/\/formar.shop\/et\/prodotto\/raamaturiiul-trepikoda\/#primaryimage"},"image":{"@id":"https:\/\/formar.shop\/et\/prodotto\/raamaturiiul-trepikoda\/#primaryimage"},"thumbnailUrl":"https:\/\/static.formar.net\/wp-content\/uploads\/2020\/12\/22171519\/Immagini-di-prodotto-x-Amazon-16.png","datePublished":"2025-01-18T20:31:31+00:00","dateModified":"2025-01-18T20:31:41+00:00","breadcrumb":{"@id":"https:\/\/formar.shop\/et\/prodotto\/raamaturiiul-trepikoda\/#breadcrumb"},"inLanguage":"et","potentialAction":[{"@type":"ReadAction","target":["https:\/\/formar.shop\/et\/prodotto\/raamaturiiul-trepikoda\/"]}]},{"@type":"ImageObject","inLanguage":"et","@id":"https:\/\/formar.shop\/et\/prodotto\/raamaturiiul-trepikoda\/#primaryimage","url":"https:\/\/static.formar.net\/wp-content\/uploads\/2020\/12\/22171519\/Immagini-di-prodotto-x-Amazon-16.png","contentUrl":"https:\/\/static.formar.net\/wp-content\/uploads\/2020\/12\/22171519\/Immagini-di-prodotto-x-Amazon-16.png","width":1001,"height":1001},{"@type":"BreadcrumbList","@id":"https:\/\/formar.shop\/et\/prodotto\/raamaturiiul-trepikoda\/#breadcrumb","itemListElement":[{"@type":"ListItem","position":1,"name":"Home","item":"https:\/\/formar.shop\/et\/automaatne-eelnou\/"},{"@type":"ListItem","position":2,"name":"Kauplus","item":"https:\/\/formar.shop\/et\/kauplus\/"},{"@type":"ListItem","position":3,"name":"Raamaturiiul &#8211; trepikoda"}]},{"@type":"WebSite","@id":"https:\/\/formar.shop\/et\/#website","url":"https:\/\/formar.shop\/et\/","name":"Formar.shop","description":"Soluzioni espresse con stile","potentialAction":[{"@type":"SearchAction","target":{"@type":"EntryPoint","urlTemplate":"https:\/\/formar.shop\/et\/?s={search_term_string}"},"query-input":{"@type":"PropertyValueSpecification","valueRequired":true,"valueName":"search_term_string"}}],"inLanguage":"et"}]}},"_links":{"self":[{"href":"https:\/\/formar.shop\/et\/wp-json\/wp\/v2\/product\/46616","targetHints":{"allow":["GET"]}}],"collection":[{"href":"https:\/\/formar.shop\/et\/wp-json\/wp\/v2\/product"}],"about":[{"href":"https:\/\/formar.shop\/et\/wp-json\/wp\/v2\/types\/product"}],"wp:featuredmedia":[{"embeddable":true,"href":"https:\/\/formar.shop\/et\/wp-json\/wp\/v2\/media\/46636"}],"wp:attachment":[{"href":"https:\/\/formar.shop\/et\/wp-json\/wp\/v2\/media?parent=46616"}],"wp:term":[{"taxonomy":"product_brand","embeddable":true,"href":"https:\/\/formar.shop\/et\/wp-json\/wp\/v2\/product_brand?post=46616"},{"taxonomy":"product_cat","embeddable":true,"href":"https:\/\/formar.shop\/et\/wp-json\/wp\/v2\/product_cat?post=46616"},{"taxonomy":"product_tag","embeddable":true,"href":"https:\/\/formar.shop\/et\/wp-json\/wp\/v2\/product_tag?post=46616"}],"curies":[{"name":"wp","href":"https:\/\/api.w.org\/{rel}","templated":true}]}}