{"id":49661,"date":"2025-01-19T08:54:41","date_gmt":"2025-01-19T07:54:41","guid":{"rendered":"https:\/\/formar.shop\/meie-kohta\/"},"modified":"2025-11-18T12:06:01","modified_gmt":"2025-11-18T11:06:01","slug":"meie-kohta","status":"publish","type":"page","link":"https:\/\/formar.shop\/et\/meie-kohta\/","title":{"rendered":"Meie kohta"},"content":{"rendered":"\n<div class=\"row\"  id=\"row-821910491\">\n\n\n\t<div id=\"col-1978723839\" class=\"col medium-11 small-12 large-12\"  >\n\t\t\t\t<div class=\"col-inner text-center\"  >\n\t\t\t\n\t\t\t\n\n\t<div id=\"text-3638884605\" class=\"text\">\n\t\t\n\n<h3><span style=\"font-size: 140%;\"><strong>MEIST<\/strong><\/span><\/h3>\n<p><strong data-start=\"181\" data-end=\"196\">Formar.shop<\/strong> on <strong data-start=\"225\" data-end=\"248\">Formar Contract Srl<\/strong> ametlik e-pood, Itaalia ettev\u00f5te, mis asub Falconara Marittimas (AN) ja on spetsialiseerunud kontorim\u00f6\u00f6bli, professionaalsete t\u00f6\u00f6ruumide, avalike ruumide ja lepinguliste ruumide sisustamisele. \u00dcle 20 aasta oleme tegutsenud kire ja asjatundlikkusega, et pakkuda funktsionaalseid, vastupidavaid ja kaasaegse disainiga sisustuslahendusi. <\/p>\n<div>\n<p data-start=\"539\" data-end=\"752\">Meie ettev\u00f5te on s\u00fcndinud lepingulise sektori kogemusest, eesm\u00e4rgiga tuua ka veebi kvaliteet ja usaldusv\u00e4\u00e4rsus, mis on meid alati iseloomustanud t\u00f6\u00f6s ettev\u00f5tete, avaliku sektori asutuste ja eraisikutega.<\/p>\n<hr data-start=\"754\" data-end=\"757\">\n<h2><strong>Mis meid eristab<\/strong><\/h2>\n<p data-start=\"1250\" data-end=\"1366\"><strong data-start=\"1250\" data-end=\"1277\">Kogemus ja p\u00e4devus<\/strong>: pikk ajalugu lepingulises sektoris, mis v\u00e4ljendub usaldusv\u00e4\u00e4rsuses ja professionaalsuses.<\/p>\n<p data-start=\"1369\" data-end=\"1507\"><strong data-start=\"1369\" data-end=\"1388\">Hoolikalt kureeritud kataloog<\/strong>: valime hoolikalt parimad tooted professionaalseks sisustuseks, keskendudes ergonoomikale, esteetikale ja vastupidavusele.<\/p>\n<p data-start=\"1510\" data-end=\"1623\"><strong data-start=\"1510\" data-end=\"1539\">Isikup\u00e4rastatud tugi<\/strong>: meie meeskond on alati valmis pakkuma n\u00f5u ja tuge nii enne kui ka p\u00e4rast m\u00fc\u00fcki.<\/p>\n<p data-start=\"1626\" data-end=\"1752\"><strong data-start=\"1626\" data-end=\"1643\">Mitmekanalilisus<\/strong>: lisaks veebisaidile formar.shop oleme esindatud ka peamistes turuplatsides sama kvaliteedi ja t\u00f5sidusega.<\/p>\n<p data-start=\"560\" data-end=\"744\">Meie veebipoe kaudu pakume laia valikut hoolikalt valitud tooteid, \u00fchendades <strong data-start=\"665\" data-end=\"711\">tehnilise kogemuse, kire disaini vastu<\/strong> ja <strong data-start=\"714\" data-end=\"743\">t\u00e4helepanu kvaliteedile<\/strong>.<\/p>\n<hr data-start=\"746\" data-end=\"749\">\n<h2 data-start=\"751\" data-end=\"771\">Meie missioon<\/h2>\n<p data-start=\"813\" data-end=\"902\"><strong>Kvaliteetsed tooted, <\/strong>nii professionaalseks sisustuseks kui ka eluruumidele.<\/p>\n<p data-start=\"905\" data-end=\"1004\"><strong>Hoolikas ja funktsionaalne disain, <\/strong>valikuga, mis on suunatud mugavusele, ergonoomikale ja stiilile.<\/p>\n<p data-start=\"1007\" data-end=\"1101\"><strong>Intuitiivne ja turvaline ostukogemus,<\/strong> kiire ja asjatundliku klienditoega.<\/p>\n<p data-start=\"1104\" data-end=\"1180\"><strong>Kiire ja tasuta kohaletoimetamine, <\/strong>et rahuldada iga vajadus t\u00f5husalt.<\/p>\n<hr data-start=\"1574\" data-end=\"1577\">\n<h2 data-start=\"1579\" data-end=\"1599\">Meie tooted<\/h2>\n<p data-start=\"1601\" data-end=\"1630\"><strong data-start=\"1634\" data-end=\"1656\">Kontorim\u00f6\u00f6bel<\/strong>: lauad, toolid, kapid, sahtliboksid ja koosolekulauad.<\/p>\n<p data-start=\"1720\" data-end=\"1809\"><strong data-start=\"1720\" data-end=\"1771\">Lahendused avaliku sektori asutustele ja lepingulistele ruumidele<\/strong>: pingid, raamaturiiulid, arhiivim\u00f6\u00f6bel.<\/p>\n<p data-start=\"1812\" data-end=\"1951\"><strong data-start=\"1812\" data-end=\"1839\">Kodum\u00f6\u00f6bel<\/strong>: toolid, lauad, aksessuaarid, raamaturiiulid ja ruumis\u00e4\u00e4stlikud lahendused, alati silmas pidades disaini ja praktilisust.<\/p>\n<hr data-start=\"1953\" data-end=\"1956\">\n<h2 data-start=\"1958\" data-end=\"1977\">Meie kliendid<\/h2>\n<p data-start=\"2005\" data-end=\"2031\">Ettev\u00f5tted ja professionaalid<\/p>\n<p data-start=\"2034\" data-end=\"2067\">Avaliku sektori asutused ja administratsioonid<\/p>\n<p data-start=\"2070\" data-end=\"2145\">Eraisikud, kes otsivad kaasaegseid ja funktsionaalseid sisustuslahendusi koju<\/p>\n<hr data-start=\"2147\" data-end=\"2150\">\n<h2 data-start=\"2335\" data-end=\"2349\">Kokkuv\u00f5te<\/h2>\n<p data-start=\"2351\" data-end=\"2671\">Kiiresti muutuvas maailmas usume, et kvaliteet ja usaldusv\u00e4\u00e4rsus on asendamatud v\u00e4\u00e4rtused. <strong data-start=\"2462\" data-end=\"2477\">Formar.shop<\/strong>-iga ei paku me mitte ainult m\u00f6\u00f6blit, vaid t\u00f5elisi <strong data-start=\"2523\" data-end=\"2564\">heaolu- ja funktsionaalsuslahendusi<\/strong> sinu igap\u00e4evaellu, olgu sa siis uut kontorit planeerimas v\u00f5i oma kodu hubasemaks muutmas. <\/p>\n<p data-start=\"2673\" data-end=\"2821\">Formar.shop-i valimine t\u00e4hendab usaldamist tugeva, l\u00e4bipaistva ja kirgliku partneri vastu, kes seab alati inimesed ja nende vajadused esikohale.<\/p>\n<p data-start=\"2823\" data-end=\"2873\"><strong data-start=\"2823\" data-end=\"2873\">Formar.shop \u2013 Kus sinu ruum v\u00f5tab kuju.<\/strong><\/p>\n<p> <\/p>\n<\/div>\n\t\t\n<style>\n#text-3638884605 {\n  text-align: left;\n}\n<\/style>\n\t<\/div>\n\t\n\n\t\t<\/div>\n\t\t\t\t\n<style>\n#col-1978723839 > .col-inner {\n  padding: 0px 0px 0px 0;\n}\n@media (min-width:550px) {\n  #col-1978723839 > .col-inner {\n    padding: 0px 0px 0px 0px;\n  }\n}\n<\/style>\n\t<\/div>\n\n\t\n\n\t<div id=\"col-1046398407\" class=\"col medium-12 small-12 large-12\"  >\n\t\t\t\t<div class=\"col-inner\"  >\n\t\t\t\n\t\t\t\n\n\n  <div class=\"banner has-hover\" id=\"banner-99445574\">\n          <div class=\"banner-inner fill\">\n        <div class=\"banner-bg fill\" >\n            <img loading=\"lazy\" decoding=\"async\" width=\"1600\" height=\"1200\" src=\"https:\/\/static.formar.net\/wp-content\/uploads\/sites\/1\/2024\/07\/02110352\/Universal-Color-Mobile-420_AMBENTATA_4.jpg\" class=\"bg attachment-original size-original\" alt=\"\" \/>                                    \n                    <\/div>\n\t\t\n        <div class=\"banner-layers container\">\n            <div class=\"fill banner-link\"><\/div>            \n\n   <div id=\"text-box-1771124343\" class=\"text-box banner-layer x50 md-x50 lg-x50 y50 md-y50 lg-y50 res-text\">\n                                <div class=\"text-box-content text dark\">\n              \n              <div class=\"text-inner text-center\">\n                  \n\n\n              <\/div>\n           <\/div>\n                            \n<style>\n#text-box-1771124343 {\n  width: 60%;\n}\n#text-box-1771124343 .text-box-content {\n  font-size: 100%;\n}\n@media (min-width:550px) {\n  #text-box-1771124343 {\n    width: 60%;\n  }\n}\n<\/style>\n    <\/div>\n \n\n        <\/div>\n      <\/div>\n\n            \n<style>\n#banner-99445574 {\n  padding-top: 300px;\n  background-color: rgb(255, 255, 255);\n}\n#banner-99445574 .banner-bg img {\n  object-position: 52% 77%;\n}\n@media (min-width:550px) {\n  #banner-99445574 {\n    padding-top: 500px;\n  }\n}\n@media (min-width:850px) {\n  #banner-99445574 {\n    padding-top: 570px;\n  }\n}\n<\/style>\n  <\/div>\n\n\n\n\t\t<\/div>\n\t\t\t\t\n<style>\n#col-1046398407 > .col-inner {\n  margin: -100px 0px 0px 0px;\n}\n@media (min-width:550px) {\n  #col-1046398407 > .col-inner {\n    margin: -150px 0px 0px 0px;\n  }\n}\n@media (min-width:850px) {\n  #col-1046398407 > .col-inner {\n    margin: 0px 0px 0px 0px;\n  }\n}\n<\/style>\n\t<\/div>\n\n\t\n\n<\/div>\n<div class=\"is-divider divider clearfix\" style=\"max-width:1000px;\"><\/div>\n\n\n","protected":false},"excerpt":{"rendered":"","protected":false},"author":5,"featured_media":0,"parent":0,"menu_order":0,"comment_status":"closed","ping_status":"closed","template":"","meta":{"_joinchat":[],"footnotes":""},"class_list":["post-49661","page","type-page","status-publish","hentry"],"yoast_head":"<!-- This site is optimized with the Yoast SEO plugin v27.3 - https:\/\/yoast.com\/product\/yoast-seo-wordpress\/ -->\n<title>Meie kohta - Formar.shop<\/title>\n<meta name=\"robots\" content=\"index, follow, max-snippet:-1, max-image-preview:large, max-video-preview:-1\" \/>\n<link rel=\"canonical\" href=\"https:\/\/formar.shop\/et\/meie-kohta\/\" \/>\n<script type=\"application\/ld+json\" class=\"yoast-schema-graph\">{\"@context\":\"https:\\\/\\\/schema.org\",\"@graph\":[{\"@type\":\"WebPage\",\"@id\":\"https:\\\/\\\/formar.shop\\\/et\\\/meie-kohta\\\/\",\"url\":\"https:\\\/\\\/formar.shop\\\/et\\\/meie-kohta\\\/\",\"name\":\"Meie kohta - Formar.shop\",\"isPartOf\":{\"@id\":\"https:\\\/\\\/formar.shop\\\/et\\\/#website\"},\"datePublished\":\"2025-01-19T07:54:41+00:00\",\"dateModified\":\"2025-11-18T11:06:01+00:00\",\"breadcrumb\":{\"@id\":\"https:\\\/\\\/formar.shop\\\/et\\\/meie-kohta\\\/#breadcrumb\"},\"inLanguage\":\"et\",\"potentialAction\":[{\"@type\":\"ReadAction\",\"target\":[\"https:\\\/\\\/formar.shop\\\/et\\\/meie-kohta\\\/\"]}]},{\"@type\":\"BreadcrumbList\",\"@id\":\"https:\\\/\\\/formar.shop\\\/et\\\/meie-kohta\\\/#breadcrumb\",\"itemListElement\":[{\"@type\":\"ListItem\",\"position\":1,\"name\":\"Home\",\"item\":\"https:\\\/\\\/formar.shop\\\/et\\\/automaatne-eelnou\\\/\"},{\"@type\":\"ListItem\",\"position\":2,\"name\":\"Meie kohta\"}]},{\"@type\":\"WebSite\",\"@id\":\"https:\\\/\\\/formar.shop\\\/et\\\/#website\",\"url\":\"https:\\\/\\\/formar.shop\\\/et\\\/\",\"name\":\"Formar.shop\",\"description\":\"Soluzioni espresse con stile\",\"potentialAction\":[{\"@type\":\"SearchAction\",\"target\":{\"@type\":\"EntryPoint\",\"urlTemplate\":\"https:\\\/\\\/formar.shop\\\/et\\\/?s={search_term_string}\"},\"query-input\":{\"@type\":\"PropertyValueSpecification\",\"valueRequired\":true,\"valueName\":\"search_term_string\"}}],\"inLanguage\":\"et\"}]}<\/script>\n<!-- \/ Yoast SEO plugin. -->","yoast_head_json":{"title":"Meie kohta - Formar.shop","robots":{"index":"index","follow":"follow","max-snippet":"max-snippet:-1","max-image-preview":"max-image-preview:large","max-video-preview":"max-video-preview:-1"},"canonical":"https:\/\/formar.shop\/et\/meie-kohta\/","schema":{"@context":"https:\/\/schema.org","@graph":[{"@type":"WebPage","@id":"https:\/\/formar.shop\/et\/meie-kohta\/","url":"https:\/\/formar.shop\/et\/meie-kohta\/","name":"Meie kohta - Formar.shop","isPartOf":{"@id":"https:\/\/formar.shop\/et\/#website"},"datePublished":"2025-01-19T07:54:41+00:00","dateModified":"2025-11-18T11:06:01+00:00","breadcrumb":{"@id":"https:\/\/formar.shop\/et\/meie-kohta\/#breadcrumb"},"inLanguage":"et","potentialAction":[{"@type":"ReadAction","target":["https:\/\/formar.shop\/et\/meie-kohta\/"]}]},{"@type":"BreadcrumbList","@id":"https:\/\/formar.shop\/et\/meie-kohta\/#breadcrumb","itemListElement":[{"@type":"ListItem","position":1,"name":"Home","item":"https:\/\/formar.shop\/et\/automaatne-eelnou\/"},{"@type":"ListItem","position":2,"name":"Meie kohta"}]},{"@type":"WebSite","@id":"https:\/\/formar.shop\/et\/#website","url":"https:\/\/formar.shop\/et\/","name":"Formar.shop","description":"Soluzioni espresse con stile","potentialAction":[{"@type":"SearchAction","target":{"@type":"EntryPoint","urlTemplate":"https:\/\/formar.shop\/et\/?s={search_term_string}"},"query-input":{"@type":"PropertyValueSpecification","valueRequired":true,"valueName":"search_term_string"}}],"inLanguage":"et"}]}},"_links":{"self":[{"href":"https:\/\/formar.shop\/et\/wp-json\/wp\/v2\/pages\/49661","targetHints":{"allow":["GET"]}}],"collection":[{"href":"https:\/\/formar.shop\/et\/wp-json\/wp\/v2\/pages"}],"about":[{"href":"https:\/\/formar.shop\/et\/wp-json\/wp\/v2\/types\/page"}],"author":[{"embeddable":true,"href":"https:\/\/formar.shop\/et\/wp-json\/wp\/v2\/users\/5"}],"replies":[{"embeddable":true,"href":"https:\/\/formar.shop\/et\/wp-json\/wp\/v2\/comments?post=49661"}],"version-history":[{"count":3,"href":"https:\/\/formar.shop\/et\/wp-json\/wp\/v2\/pages\/49661\/revisions"}],"predecessor-version":[{"id":61922,"href":"https:\/\/formar.shop\/et\/wp-json\/wp\/v2\/pages\/49661\/revisions\/61922"}],"wp:attachment":[{"href":"https:\/\/formar.shop\/et\/wp-json\/wp\/v2\/media?parent=49661"}],"curies":[{"name":"wp","href":"https:\/\/api.w.org\/{rel}","templated":true}]}}