{"id":49408,"date":"2025-01-19T08:53:24","date_gmt":"2025-01-19T07:53:24","guid":{"rendered":"https:\/\/formar.shop\/tellimine-mida-teha\/"},"modified":"2025-01-19T08:53:30","modified_gmt":"2025-01-19T07:53:30","slug":"tellimine-mida-teha","status":"publish","type":"page","link":"https:\/\/formar.shop\/et\/tellimine-mida-teha\/","title":{"rendered":"TELLIMINE: mida teha?"},"content":{"rendered":"<p>Lugupeetud klient,<\/p>\n<p>Selleks, et tagada, et teie ostu j\u00f5uab kohale ideaalses seisukorras, oleme alati kasutanud professionaalseid transpordivahendeid. Kuid m\u00f5nikord v\u00f5ib juhtuda, et tellitud kaupade pakid v\u00f5i pakid ei j\u00f5ua kohale algses seisukorras ja neid ei k\u00e4sitleta sama hoolikalt, mida me tavaliselt kasutame. Sel p\u00f5hjusel palume teil heita kiire pilk allj\u00e4rgnevale meeldetuletusele:<\/p>\n<ul>\n<li><span style=\"background-color: #ffff00;\">Kontrollige alati, et vastuv\u00f5etud pakendite arv vastab veodokumendis m\u00e4rgitud pakendite arvule.<\/span><\/li>\n<li><span style=\"background-color: #ffff00;\">Kontrollige alati pakendi t\u00e4iuslikku terviklikkust, olgu see siis kaubaalus v\u00f5i lahtised pakendid<\/span>.<\/li>\n<\/ul>\n<p><strong><span style=\"color: #ed1c24; font-size: 120%;\"><em>Kvantitatiivse v\u00f5i kvalitatiivse k\u00f5rvalekalde korral v\u00f5etakse tarne vastu ainult siis, kui kviitungile on kantud j\u00e4rgmine m\u00e4rge:<\/em><\/span><\/strong><\/p>\n<p style=\"text-align: center;\"><span style=\"background-color: #ffff00;\">SPETSIFIKATSIOONID\u00b9 ja leitud lahknevuste kirjeldus.<\/span><br \/><span style=\"background-color: #ffff00;\">POD\/palmaril leitud lahknevuste esilet\u00f5stmine<\/span><\/p>\n<p>(NB! \u00dcldised reservatsioonid, nagu &#8220;n\u00f5uetele mittevastavad kaubad&#8221; v\u00f5i &#8220;kontrollreserv&#8221;, ei kehti).<\/p>\n<p><strong><em>Teavitage meid viivitamatult e-posti teel (shop@formar-contract.it), m\u00e4rkides tarnimisel leitud k\u00f5rvalekalded ja foto kulleri poolt v\u00e4ljastatud kviitungist, millel on m\u00e4rgitud teie poolt allkirjastatud konkreetne broneering.<\/em><\/strong><\/p>\n<p><span style=\"background-color: #ffff00;\"><strong><span style=\"font-size: 105%; background-color: #ffff00;\">I M P O R T A N T !!!<\/span><\/strong><\/span><\/p>\n<p><span style=\"color: #ed1c24;\">Allkiri koos <span style=\"font-size: 95%;\"><strong>Konkreetne broneering<\/strong><\/span> t\u00e4hendab, et saaja j\u00e4tab endale \u00f5iguse kontrollida kauba puutumatust, kusjuures kahjustuste korral on v\u00f5imalik p\u00f6\u00f6rduda vedaja poole.<\/span><\/p>\n<p>\u00b9 <strong><em>Kl\u00f5psake alloleval nupul ja leiate pdf, mis n\u00e4itab, kuidas panna s\u00f5nastust Spetsiifiline reserv ja \u00fcldine kirjeldus lahknevus.<\/em><\/strong><\/p>\n<p>T\u00e4name teid koost\u00f6\u00f6 ja k\u00e4ttesaadavuse eest!<br \/>Formar Contract Srl meeskond<\/p>\n<a href=\"https:\/\/formar.shop\/wp-content\/uploads\/2022\/04\/riserva-di-controllo-Formar-Shop.pdf\" target=\"_blank\" class=\"button primary\" rel=\"noopener\" style=\"border-radius:10px;\">\n\t\t<span>Reservi Specific_Pod<\/span>\n\t<i class=\"icon-user\" aria-hidden=\"true\"><\/i><\/a>\n\n","protected":false},"excerpt":{"rendered":"<p>Lugupeetud klient, Selleks, et tagada, et teie ostu j\u00f5uab kohale ideaalses seisukorras, oleme alati kasutanud professionaalseid transpordivahendeid. Kuid m\u00f5nikord v\u00f5ib juhtuda, et tellitud kaupade pakid v\u00f5i pakid ei j\u00f5ua kohale algses seisukorras ja neid ei k\u00e4sitleta sama hoolikalt, mida me tavaliselt kasutame. Sel p\u00f5hjusel palume teil heita kiire pilk allj\u00e4rgnevale meeldetuletusele: Kontrollige alati, et vastuv\u00f5etud [&#8230;]\n","protected":false},"author":175,"featured_media":0,"parent":0,"menu_order":0,"comment_status":"closed","ping_status":"closed","template":"","meta":{"_joinchat":[],"footnotes":""},"class_list":["post-49408","page","type-page","status-publish","hentry"],"yoast_head":"<!-- This site is optimized with the Yoast SEO plugin v27.3 - https:\/\/yoast.com\/product\/yoast-seo-wordpress\/ -->\n<title>TELLIMINE: mida teha? - Formar.shop<\/title>\n<meta name=\"robots\" content=\"index, follow, max-snippet:-1, max-image-preview:large, max-video-preview:-1\" \/>\n<link rel=\"canonical\" href=\"https:\/\/formar.shop\/et\/tellimine-mida-teha\/\" \/>\n<script type=\"application\/ld+json\" class=\"yoast-schema-graph\">{\"@context\":\"https:\\\/\\\/schema.org\",\"@graph\":[{\"@type\":\"WebPage\",\"@id\":\"https:\\\/\\\/formar.shop\\\/et\\\/tellimine-mida-teha\\\/\",\"url\":\"https:\\\/\\\/formar.shop\\\/et\\\/tellimine-mida-teha\\\/\",\"name\":\"TELLIMINE: mida teha? - Formar.shop\",\"isPartOf\":{\"@id\":\"https:\\\/\\\/formar.shop\\\/et\\\/#website\"},\"datePublished\":\"2025-01-19T07:53:24+00:00\",\"dateModified\":\"2025-01-19T07:53:30+00:00\",\"breadcrumb\":{\"@id\":\"https:\\\/\\\/formar.shop\\\/et\\\/tellimine-mida-teha\\\/#breadcrumb\"},\"inLanguage\":\"et\",\"potentialAction\":[{\"@type\":\"ReadAction\",\"target\":[\"https:\\\/\\\/formar.shop\\\/et\\\/tellimine-mida-teha\\\/\"]}]},{\"@type\":\"BreadcrumbList\",\"@id\":\"https:\\\/\\\/formar.shop\\\/et\\\/tellimine-mida-teha\\\/#breadcrumb\",\"itemListElement\":[{\"@type\":\"ListItem\",\"position\":1,\"name\":\"Home\",\"item\":\"https:\\\/\\\/formar.shop\\\/et\\\/automaatne-eelnou\\\/\"},{\"@type\":\"ListItem\",\"position\":2,\"name\":\"TELLIMINE: mida teha?\"}]},{\"@type\":\"WebSite\",\"@id\":\"https:\\\/\\\/formar.shop\\\/et\\\/#website\",\"url\":\"https:\\\/\\\/formar.shop\\\/et\\\/\",\"name\":\"Formar.shop\",\"description\":\"Soluzioni espresse con stile\",\"potentialAction\":[{\"@type\":\"SearchAction\",\"target\":{\"@type\":\"EntryPoint\",\"urlTemplate\":\"https:\\\/\\\/formar.shop\\\/et\\\/?s={search_term_string}\"},\"query-input\":{\"@type\":\"PropertyValueSpecification\",\"valueRequired\":true,\"valueName\":\"search_term_string\"}}],\"inLanguage\":\"et\"}]}<\/script>\n<!-- \/ Yoast SEO plugin. -->","yoast_head_json":{"title":"TELLIMINE: mida teha? - Formar.shop","robots":{"index":"index","follow":"follow","max-snippet":"max-snippet:-1","max-image-preview":"max-image-preview:large","max-video-preview":"max-video-preview:-1"},"canonical":"https:\/\/formar.shop\/et\/tellimine-mida-teha\/","schema":{"@context":"https:\/\/schema.org","@graph":[{"@type":"WebPage","@id":"https:\/\/formar.shop\/et\/tellimine-mida-teha\/","url":"https:\/\/formar.shop\/et\/tellimine-mida-teha\/","name":"TELLIMINE: mida teha? - Formar.shop","isPartOf":{"@id":"https:\/\/formar.shop\/et\/#website"},"datePublished":"2025-01-19T07:53:24+00:00","dateModified":"2025-01-19T07:53:30+00:00","breadcrumb":{"@id":"https:\/\/formar.shop\/et\/tellimine-mida-teha\/#breadcrumb"},"inLanguage":"et","potentialAction":[{"@type":"ReadAction","target":["https:\/\/formar.shop\/et\/tellimine-mida-teha\/"]}]},{"@type":"BreadcrumbList","@id":"https:\/\/formar.shop\/et\/tellimine-mida-teha\/#breadcrumb","itemListElement":[{"@type":"ListItem","position":1,"name":"Home","item":"https:\/\/formar.shop\/et\/automaatne-eelnou\/"},{"@type":"ListItem","position":2,"name":"TELLIMINE: mida teha?"}]},{"@type":"WebSite","@id":"https:\/\/formar.shop\/et\/#website","url":"https:\/\/formar.shop\/et\/","name":"Formar.shop","description":"Soluzioni espresse con stile","potentialAction":[{"@type":"SearchAction","target":{"@type":"EntryPoint","urlTemplate":"https:\/\/formar.shop\/et\/?s={search_term_string}"},"query-input":{"@type":"PropertyValueSpecification","valueRequired":true,"valueName":"search_term_string"}}],"inLanguage":"et"}]}},"_links":{"self":[{"href":"https:\/\/formar.shop\/et\/wp-json\/wp\/v2\/pages\/49408","targetHints":{"allow":["GET"]}}],"collection":[{"href":"https:\/\/formar.shop\/et\/wp-json\/wp\/v2\/pages"}],"about":[{"href":"https:\/\/formar.shop\/et\/wp-json\/wp\/v2\/types\/page"}],"author":[{"embeddable":true,"href":"https:\/\/formar.shop\/et\/wp-json\/wp\/v2\/users\/175"}],"replies":[{"embeddable":true,"href":"https:\/\/formar.shop\/et\/wp-json\/wp\/v2\/comments?post=49408"}],"version-history":[{"count":14,"href":"https:\/\/formar.shop\/et\/wp-json\/wp\/v2\/pages\/49408\/revisions"}],"predecessor-version":[{"id":49506,"href":"https:\/\/formar.shop\/et\/wp-json\/wp\/v2\/pages\/49408\/revisions\/49506"}],"wp:attachment":[{"href":"https:\/\/formar.shop\/et\/wp-json\/wp\/v2\/media?parent=49408"}],"curies":[{"name":"wp","href":"https:\/\/api.w.org\/{rel}","templated":true}]}}