{"id":48687,"date":"2025-01-18T21:41:27","date_gmt":"2025-01-18T20:41:27","guid":{"rendered":"https:\/\/formar.shop\/votke-meiega-uhendust\/"},"modified":"2025-11-18T12:05:41","modified_gmt":"2025-11-18T11:05:41","slug":"votke-meiega-uhendust","status":"publish","type":"page","link":"https:\/\/formar.shop\/et\/votke-meiega-uhendust\/","title":{"rendered":"V\u00f5tke meiega \u00fchendust"},"content":{"rendered":"\n\t<div id=\"text-840354846\" class=\"text\">\n\t\t\n\n<h3><span style=\"color: #6e6e6e;\"><strong><span style=\"font-size: 140%;\">V\u00d5TA MEIEGA \u00dcHENDUST<\/span><\/strong><\/span><\/h3>\n\t\t\n<style>\n#text-840354846 {\n  color: #484646;\n}\n#text-840354846 > * {\n  color: #484646;\n}\n<\/style>\n\t<\/div>\n\t\n<div class=\"row\"  id=\"row-1047876744\">\n\n\n\t<div id=\"col-1680300245\" class=\"col small-12 large-12\"  >\n\t\t\t\t<div class=\"col-inner\"  >\n\t\t\t\n\t\t\t\n\n\n\t\t<\/div>\n\t\t\t\t\n<style>\n#col-1680300245 > .col-inner {\n  padding: 0px 30px 0px 0px;\n}\n<\/style>\n\t<\/div>\n\n\t\n\n<\/div>\n<div class=\"row row-large\" style=\"max-width:1400px\" id=\"row-1784703634\">\n\n\n\t<div id=\"col-1622681744\" class=\"col small-12 large-12\"  >\n\t\t\t\t<div class=\"col-inner\" style=\"background-color:rgb(255, 255, 255);\" >\n\t\t\t\n\t\t\t\n\n<div class=\"row row-collapse row-full-width\"  id=\"row-720252862\">\n\n\n\t<div id=\"col-1675124071\" class=\"col medium-12 small-12 large-6\"  >\n\t\t\t\t<div class=\"col-inner\"  >\n\t\t\t\n\t\t\t\n\n<h2><span style=\"font-size: 120%; color: #595959;\">Meie kontaktandmed<\/span><\/h2>\n<p>&nbsp;<\/p>\n\t<div id=\"gap-190241960\" class=\"gap-element clearfix\" style=\"display:block; height:auto;\">\n\t\t\n<style>\n#gap-190241960 {\n  padding-top: 20px;\n}\n@media (min-width:550px) {\n  #gap-190241960 {\n    padding-top: 20px;\n  }\n}\n@media (min-width:850px) {\n  #gap-190241960 {\n    padding-top: 30px;\n  }\n}\n<\/style>\n\t<\/div>\n\t\n\n<div class=\"row\"  id=\"row-599753860\">\n\n\n\t<div id=\"col-1958308470\" class=\"col medium-6 small-12 large-6\"  >\n\t\t\t\t<div class=\"col-inner\"  >\n\t\t\t\n\t\t\t\n\n\t<div class=\"img has-hover x md-x lg-x y md-y lg-y\" id=\"image_1286124108\">\n\t\t\t\t\t\t\t\t<div class=\"img-inner dark\" >\n\t\t\t<img loading=\"lazy\" decoding=\"async\" width=\"240\" height=\"240\" src=\"https:\/\/static.formar.net\/wp-content\/uploads\/2022\/05\/20173629\/map-pin-2-fill-2.png\" class=\"attachment-large size-large\" alt=\"\" srcset=\"https:\/\/static.formar.net\/wp-content\/uploads\/2022\/05\/20173629\/map-pin-2-fill-2.png 240w, https:\/\/static.formar.net\/wp-content\/uploads\/2022\/05\/20173629\/map-pin-2-fill-2-100x100.png 100w, https:\/\/static.formar.net\/wp-content\/uploads\/2022\/05\/20173629\/map-pin-2-fill-2-80x80.png 80w\" sizes=\"auto, (max-width: 240px) 100vw, 240px\" \/>\t\t\t\t\t\t\n\t\t\t\t\t<\/div>\n\t\t\t\t\t\t\t\t\n<style>\n#image_1286124108 {\n  width: 15%;\n}\n@media (min-width:550px) {\n  #image_1286124108 {\n    width: 20%;\n  }\n}\n<\/style>\n\t<\/div>\n\t\n\n<h3 class=\"uppercase\"><span style=\"color: #595959;\">Aadress<\/span><\/h3>\n<p>Via del Consorzio 44<br>60015 Falconara M.ma (AN)<br>Itaalia<\/p>\n\n\t\t<\/div>\n\t\t\t\t\t<\/div>\n\n\t\n\n\t<div id=\"col-560820843\" class=\"col medium-5 small-12 large-6\"  >\n\t\t\t\t<div class=\"col-inner\"  >\n\t\t\t\n\t\t\t\n\n\t<div class=\"img has-hover x md-x lg-x y md-y lg-y\" id=\"image_406420163\">\n\t\t\t\t\t\t\t\t<div class=\"img-inner dark\" >\n\t\t\t<img loading=\"lazy\" decoding=\"async\" width=\"240\" height=\"240\" src=\"https:\/\/static.formar.net\/wp-content\/uploads\/2022\/05\/20173629\/time-fill.png\" class=\"attachment-large size-large\" alt=\"\" srcset=\"https:\/\/static.formar.net\/wp-content\/uploads\/2022\/05\/20173629\/time-fill.png 240w, https:\/\/static.formar.net\/wp-content\/uploads\/2022\/05\/20173629\/time-fill-100x100.png 100w, https:\/\/static.formar.net\/wp-content\/uploads\/2022\/05\/20173629\/time-fill-80x80.png 80w\" sizes=\"auto, (max-width: 240px) 100vw, 240px\" \/>\t\t\t\t\t\t\n\t\t\t\t\t<\/div>\n\t\t\t\t\t\t\t\t\n<style>\n#image_406420163 {\n  width: 15%;\n}\n@media (min-width:550px) {\n  #image_406420163 {\n    width: 20%;\n  }\n}\n<\/style>\n\t<\/div>\n\t\n\n<h3 class=\"uppercase\"><span style=\"color: #595959;\">S\u00f5iduplaan<\/span><\/h3>\n<p>E \/ R: 9 &#8211; 18<br>Laup\u00e4ev: suletud<br>P\u00fchap\u00e4ev: suletud<\/p>\n\n\t\t<\/div>\n\t\t\t\t\t<\/div>\n\n\t\n\n<\/div>\n<div class=\"row\"  id=\"row-1095643685\">\n\n\n\t<div id=\"col-470743134\" class=\"col medium-6 small-12 large-6\"  >\n\t\t\t\t<div class=\"col-inner\"  >\n\t\t\t\n\t\t\t\n\n\t<div class=\"img has-hover x md-x lg-x y md-y lg-y\" id=\"image_2117088730\">\n\t\t\t\t\t\t\t\t<div class=\"img-inner dark\" >\n\t\t\t<img loading=\"lazy\" decoding=\"async\" width=\"240\" height=\"240\" src=\"https:\/\/static.formar.net\/wp-content\/uploads\/2022\/05\/20173628\/mail-open-fill.png\" class=\"attachment-large size-large\" alt=\"\" srcset=\"https:\/\/static.formar.net\/wp-content\/uploads\/2022\/05\/20173628\/mail-open-fill.png 240w, https:\/\/static.formar.net\/wp-content\/uploads\/2022\/05\/20173628\/mail-open-fill-100x100.png 100w, https:\/\/static.formar.net\/wp-content\/uploads\/2022\/05\/20173628\/mail-open-fill-80x80.png 80w\" sizes=\"auto, (max-width: 240px) 100vw, 240px\" \/>\t\t\t\t\t\t\n\t\t\t\t\t<\/div>\n\t\t\t\t\t\t\t\t\n<style>\n#image_2117088730 {\n  width: 15%;\n}\n@media (min-width:550px) {\n  #image_2117088730 {\n    width: 20%;\n  }\n}\n<\/style>\n\t<\/div>\n\t\n\n<h3 class=\"uppercase\"><span style=\"color: #595959;\">E-post<\/span><\/h3>\n<p style=\"text-align: left;\">M\u00fc\u00fcgiosakond: <a href=\"mailto:info@formar.shop\">info@formar.shop<\/a><br>E-kaubandus: <a href=\"mailto:shop@formar.shop\">shop@formar.shop<\/a><\/p>\n\n\t\t<\/div>\n\t\t\t\t\t<\/div>\n\n\t\n\n\t<div id=\"col-90237822\" class=\"col medium-6 small-12 large-6\"  >\n\t\t\t\t<div class=\"col-inner\"  >\n\t\t\t\n\t\t\t\n\n\t<div class=\"img has-hover x md-x lg-x y md-y lg-y\" id=\"image_2125920161\">\n\t\t\t\t\t\t\t\t<div class=\"img-inner dark\" >\n\t\t\t<img loading=\"lazy\" decoding=\"async\" width=\"240\" height=\"240\" src=\"https:\/\/static.formar.net\/wp-content\/uploads\/2022\/05\/20173628\/phone-fill.png\" class=\"attachment-large size-large\" alt=\"\" srcset=\"https:\/\/static.formar.net\/wp-content\/uploads\/2022\/05\/20173628\/phone-fill.png 240w, https:\/\/static.formar.net\/wp-content\/uploads\/2022\/05\/20173628\/phone-fill-100x100.png 100w, https:\/\/static.formar.net\/wp-content\/uploads\/2022\/05\/20173628\/phone-fill-80x80.png 80w\" sizes=\"auto, (max-width: 240px) 100vw, 240px\" \/>\t\t\t\t\t\t\n\t\t\t\t\t<\/div>\n\t\t\t\t\t\t\t\t\n<style>\n#image_2125920161 {\n  width: 15%;\n}\n@media (min-width:550px) {\n  #image_2125920161 {\n    width: 20%;\n  }\n}\n<\/style>\n\t<\/div>\n\t\n\n<h3 class=\"uppercase\"><span style=\"color: #595959;\">telefon<\/span><\/h3>\n<p><span style=\"color: #00a859;\">Tasuta number<\/span> <span style=\"color: #00a859;\"><a href=\"tel:+39800%2012.22.67\">800122267<\/a><\/span><br>Tel. <a href=\"tel:+390715906063\">071 590.60.63<\/a><\/p>\n\n\t\t<\/div>\n\t\t\t\t\t<\/div>\n\n\t\n\n<\/div>\n\n\t\t<\/div>\n\t\t\t\t\n<style>\n#col-1675124071 > .col-inner {\n  padding: 0px 0px 0px 20px;\n}\n<\/style>\n\t<\/div>\n\n\t\n\n\t<div id=\"col-68083273\" class=\"col medium-12 small-12 large-6\"  >\n\t\t\t\t<div class=\"col-inner\"  >\n\t\t\t\n\t\t\t\n\n<h2><span style=\"font-size: 120%; color: #595959;\">Kas soovite esitada meile k\u00fcsimuse?<\/span><\/h2>\n\t<div id=\"gap-373297659\" class=\"gap-element clearfix\" style=\"display:block; height:auto;\">\n\t\t\n<style>\n#gap-373297659 {\n  padding-top: 20px;\n}\n@media (min-width:550px) {\n  #gap-373297659 {\n    padding-top: 20px;\n  }\n}\n@media (min-width:850px) {\n  #gap-373297659 {\n    padding-top: 30px;\n  }\n}\n<\/style>\n\t<\/div>\n\t\n\n<p class=\"wpcf7-contact-form-not-found\"><strong>Error:<\/strong> Contact form not found.<\/p>\n\n\n\t\t<\/div>\n\t\t\t\t\t<\/div>\n\n\t\n\n\n<style>\n#row-720252862 > .col > .col-inner {\n  padding: 0px 15px 0px 15px;\n}\n<\/style>\n<\/div>\n\n\t\t<\/div>\n\t\t\t\t\n<style>\n#col-1622681744 > .col-inner {\n  padding: 50px 20px 0px 20px;\n  margin: -0 0px 0px 0px;\n}\n@media (min-width:550px) {\n  #col-1622681744 > .col-inner {\n    padding: 50px 20px 30px 20px;\n    margin: 0 0px 0px 0px;\n  }\n}\n@media (min-width:850px) {\n  #col-1622681744 > .col-inner {\n    padding: 66px 5% 16px 5%;\n    margin: -135px 0px 0px 0px;\n  }\n}\n<\/style>\n\t<\/div>\n\n\t\n\n<\/div>\n\n","protected":false},"excerpt":{"rendered":"","protected":false},"author":5,"featured_media":0,"parent":0,"menu_order":0,"comment_status":"closed","ping_status":"closed","template":"","meta":{"_joinchat":[],"footnotes":""},"class_list":["post-48687","page","type-page","status-publish","hentry"],"yoast_head":"<!-- This site is optimized with the Yoast SEO plugin v27.3 - https:\/\/yoast.com\/product\/yoast-seo-wordpress\/ -->\n<title>V\u00f5tke meiega \u00fchendust - Formar.shop<\/title>\n<meta name=\"robots\" content=\"index, follow, max-snippet:-1, max-image-preview:large, max-video-preview:-1\" \/>\n<link rel=\"canonical\" href=\"https:\/\/formar.shop\/et\/votke-meiega-uhendust\/\" \/>\n<script type=\"application\/ld+json\" class=\"yoast-schema-graph\">{\"@context\":\"https:\\\/\\\/schema.org\",\"@graph\":[{\"@type\":\"WebPage\",\"@id\":\"https:\\\/\\\/formar.shop\\\/et\\\/votke-meiega-uhendust\\\/\",\"url\":\"https:\\\/\\\/formar.shop\\\/et\\\/votke-meiega-uhendust\\\/\",\"name\":\"V\u00f5tke meiega \u00fchendust - Formar.shop\",\"isPartOf\":{\"@id\":\"https:\\\/\\\/formar.shop\\\/et\\\/#website\"},\"datePublished\":\"2025-01-18T20:41:27+00:00\",\"dateModified\":\"2025-11-18T11:05:41+00:00\",\"breadcrumb\":{\"@id\":\"https:\\\/\\\/formar.shop\\\/et\\\/votke-meiega-uhendust\\\/#breadcrumb\"},\"inLanguage\":\"et\",\"potentialAction\":[{\"@type\":\"ReadAction\",\"target\":[\"https:\\\/\\\/formar.shop\\\/et\\\/votke-meiega-uhendust\\\/\"]}]},{\"@type\":\"BreadcrumbList\",\"@id\":\"https:\\\/\\\/formar.shop\\\/et\\\/votke-meiega-uhendust\\\/#breadcrumb\",\"itemListElement\":[{\"@type\":\"ListItem\",\"position\":1,\"name\":\"Home\",\"item\":\"https:\\\/\\\/formar.shop\\\/et\\\/automaatne-eelnou\\\/\"},{\"@type\":\"ListItem\",\"position\":2,\"name\":\"V\u00f5tke meiega \u00fchendust\"}]},{\"@type\":\"WebSite\",\"@id\":\"https:\\\/\\\/formar.shop\\\/et\\\/#website\",\"url\":\"https:\\\/\\\/formar.shop\\\/et\\\/\",\"name\":\"Formar.shop\",\"description\":\"Soluzioni espresse con stile\",\"potentialAction\":[{\"@type\":\"SearchAction\",\"target\":{\"@type\":\"EntryPoint\",\"urlTemplate\":\"https:\\\/\\\/formar.shop\\\/et\\\/?s={search_term_string}\"},\"query-input\":{\"@type\":\"PropertyValueSpecification\",\"valueRequired\":true,\"valueName\":\"search_term_string\"}}],\"inLanguage\":\"et\"}]}<\/script>\n<!-- \/ Yoast SEO plugin. -->","yoast_head_json":{"title":"V\u00f5tke meiega \u00fchendust - Formar.shop","robots":{"index":"index","follow":"follow","max-snippet":"max-snippet:-1","max-image-preview":"max-image-preview:large","max-video-preview":"max-video-preview:-1"},"canonical":"https:\/\/formar.shop\/et\/votke-meiega-uhendust\/","schema":{"@context":"https:\/\/schema.org","@graph":[{"@type":"WebPage","@id":"https:\/\/formar.shop\/et\/votke-meiega-uhendust\/","url":"https:\/\/formar.shop\/et\/votke-meiega-uhendust\/","name":"V\u00f5tke meiega \u00fchendust - Formar.shop","isPartOf":{"@id":"https:\/\/formar.shop\/et\/#website"},"datePublished":"2025-01-18T20:41:27+00:00","dateModified":"2025-11-18T11:05:41+00:00","breadcrumb":{"@id":"https:\/\/formar.shop\/et\/votke-meiega-uhendust\/#breadcrumb"},"inLanguage":"et","potentialAction":[{"@type":"ReadAction","target":["https:\/\/formar.shop\/et\/votke-meiega-uhendust\/"]}]},{"@type":"BreadcrumbList","@id":"https:\/\/formar.shop\/et\/votke-meiega-uhendust\/#breadcrumb","itemListElement":[{"@type":"ListItem","position":1,"name":"Home","item":"https:\/\/formar.shop\/et\/automaatne-eelnou\/"},{"@type":"ListItem","position":2,"name":"V\u00f5tke meiega \u00fchendust"}]},{"@type":"WebSite","@id":"https:\/\/formar.shop\/et\/#website","url":"https:\/\/formar.shop\/et\/","name":"Formar.shop","description":"Soluzioni espresse con stile","potentialAction":[{"@type":"SearchAction","target":{"@type":"EntryPoint","urlTemplate":"https:\/\/formar.shop\/et\/?s={search_term_string}"},"query-input":{"@type":"PropertyValueSpecification","valueRequired":true,"valueName":"search_term_string"}}],"inLanguage":"et"}]}},"_links":{"self":[{"href":"https:\/\/formar.shop\/et\/wp-json\/wp\/v2\/pages\/48687","targetHints":{"allow":["GET"]}}],"collection":[{"href":"https:\/\/formar.shop\/et\/wp-json\/wp\/v2\/pages"}],"about":[{"href":"https:\/\/formar.shop\/et\/wp-json\/wp\/v2\/types\/page"}],"author":[{"embeddable":true,"href":"https:\/\/formar.shop\/et\/wp-json\/wp\/v2\/users\/5"}],"replies":[{"embeddable":true,"href":"https:\/\/formar.shop\/et\/wp-json\/wp\/v2\/comments?post=48687"}],"version-history":[{"count":3,"href":"https:\/\/formar.shop\/et\/wp-json\/wp\/v2\/pages\/48687\/revisions"}],"predecessor-version":[{"id":61899,"href":"https:\/\/formar.shop\/et\/wp-json\/wp\/v2\/pages\/48687\/revisions\/61899"}],"wp:attachment":[{"href":"https:\/\/formar.shop\/et\/wp-json\/wp\/v2\/media?parent=48687"}],"curies":[{"name":"wp","href":"https:\/\/api.w.org\/{rel}","templated":true}]}}