{"id":48549,"date":"2025-01-18T21:40:32","date_gmt":"2025-01-18T20:40:32","guid":{"rendered":"https:\/\/formar.shop\/ostujuhend\/"},"modified":"2025-01-18T21:40:34","modified_gmt":"2025-01-18T20:40:34","slug":"ostujuhend","status":"publish","type":"page","link":"https:\/\/formar.shop\/et\/ostujuhend\/","title":{"rendered":"OSTUJUHEND"},"content":{"rendered":"\t<div id=\"text-2278908185\" class=\"text\">\n\t\t\n<p><strong>Tingimused<\/strong><\/p>\n<p>Formar.shop by Formar Contract v\u00f5imaldab k\u00f5igil osta oma tooteid veebist, kasutades selleks <strong>lihtsat, mugavat ja turvalist<\/strong> teenust.<\/p>\n<p>Ostu on v\u00f5imalik sooritada p\u00e4rast registreerimist v\u00f5i k\u00fclalisena, kuid m\u00f5lemal juhul on vaja t\u00e4ita k\u00f5ik n\u00f5utavad v\u00e4ljad.  <\/p>\n<p><strong>K\u00f5ik tellimused tuleb kinnitada<\/strong>.<\/p>\n<\/p>\n<p><strong>Registreerimine<\/strong><\/p>\n<p>P\u00e4rast registreerimist, mis v\u00f5tab vaid m\u00f5ned lihtsad sammud, on uuel kliendil sisemine juhtpaneel, kus ta saab sisestada oma tarneaadressi, mis v\u00f5imaldab s\u00fcsteemil seda j\u00e4rgmise ostu kiirendamiseks meelde j\u00e4tta, ning hallata ostukorvi ja toodete v\u00f5rdlemise v\u00f5imalust. Valida soovitud toode, suurus ja v\u00e4rv ning p\u00e4rast soovitud koguse valimist lisada see ostukorvi. Kui soovite ostu sooritada, sisenege ostukorvi, logige k\u00f5igepealt sisse, kui olete registreerunud, ja j\u00e4tkake tellimist. Valitud tooteid saate igal ajal muuta v\u00f5i ostukorvist eemaldada.  <\/p>\n<\/p>\n<p><strong>Tellige<\/strong><\/p>\n<p>Kui olete valinud k\u00f5ik ostetavad tooted, j\u00e4tkake tellimist. Kui teil on ajakohane konto koos andmete ja tarneaadressiga, on ostuprotsess kiirem.<br \/>Vastasel juhul sisestage vajalikud andmed ja j\u00e4tkake tellimuse vormistamist. Tellimus t\u00f6\u00f6deldakse alles siis, kui makse toote eest on laekunud, s\u00f5ltuvalt valitud makseviisist.  <\/p>\n<\/p>\n<p><strong>Meie klienditeenindus on teie k\u00e4sutuses.<\/strong><\/p>\n<p>Meie spetsialistid vastavad teie k\u00fcsimustele meie teenuste kohta.<\/p>\n<p>Palun v\u00f5tke meiega julgelt \u00fchendust, kui soovite saada teavet v\u00f5i hinnapakkumist!  <\/p>\n<\/p>\n<p style=\"text-align: left;\"><strong>Formar Contract srl<\/strong><br \/><strong>Via del Consorzio 44<\/strong><br \/><strong>60015 | Falconara Marittima (AN)<\/strong><\/p>\n<p style=\"text-align: left;\"><a href=\"tel:800122267\">Tasuta telefoninumber <\/a><a href=\"tel:800122267\">800 12 22 67<\/a><br \/><a href=\"tel:+390715906063\">Tel. 071 590.60.63<\/a><\/p>\n<p style=\"text-align: left;\">\n<p>M\u00fc\u00fcgib\u00fcroo: <a href=\"mailto:info@formar-contract.it\">info@formar.net<\/a> E-kaubandus:<a href=\"mailto:shop@formar.net\">shop@formar.net<\/a> PEC:<a href=\"mailto:info@pec.formar-contract.it\">info@pec.formar-contract.it<\/a><\/p>\n<p style=\"text-align: left;\">\n\t\t\n<style>\n#text-2278908185 {\n  color: rgb(0,0,0);\n}\n#text-2278908185 > * {\n  color: rgb(0,0,0);\n}\n<\/style>\n\t<\/div>\n\t\n","protected":false},"excerpt":{"rendered":"","protected":false},"author":6,"featured_media":0,"parent":0,"menu_order":0,"comment_status":"closed","ping_status":"closed","template":"","meta":{"_joinchat":[],"footnotes":""},"class_list":["post-48549","page","type-page","status-publish","hentry"],"yoast_head":"<!-- This site is optimized with the Yoast SEO plugin v27.3 - https:\/\/yoast.com\/product\/yoast-seo-wordpress\/ -->\n<title>OSTUJUHEND - Formar.shop<\/title>\n<meta name=\"robots\" content=\"index, follow, max-snippet:-1, max-image-preview:large, max-video-preview:-1\" \/>\n<link rel=\"canonical\" href=\"https:\/\/formar.shop\/et\/ostujuhend\/\" \/>\n<script type=\"application\/ld+json\" class=\"yoast-schema-graph\">{\"@context\":\"https:\\\/\\\/schema.org\",\"@graph\":[{\"@type\":\"WebPage\",\"@id\":\"https:\\\/\\\/formar.shop\\\/et\\\/ostujuhend\\\/\",\"url\":\"https:\\\/\\\/formar.shop\\\/et\\\/ostujuhend\\\/\",\"name\":\"OSTUJUHEND - Formar.shop\",\"isPartOf\":{\"@id\":\"https:\\\/\\\/formar.shop\\\/et\\\/#website\"},\"datePublished\":\"2025-01-18T20:40:32+00:00\",\"dateModified\":\"2025-01-18T20:40:34+00:00\",\"breadcrumb\":{\"@id\":\"https:\\\/\\\/formar.shop\\\/et\\\/ostujuhend\\\/#breadcrumb\"},\"inLanguage\":\"et\",\"potentialAction\":[{\"@type\":\"ReadAction\",\"target\":[\"https:\\\/\\\/formar.shop\\\/et\\\/ostujuhend\\\/\"]}]},{\"@type\":\"BreadcrumbList\",\"@id\":\"https:\\\/\\\/formar.shop\\\/et\\\/ostujuhend\\\/#breadcrumb\",\"itemListElement\":[{\"@type\":\"ListItem\",\"position\":1,\"name\":\"Home\",\"item\":\"https:\\\/\\\/formar.shop\\\/et\\\/automaatne-eelnou\\\/\"},{\"@type\":\"ListItem\",\"position\":2,\"name\":\"OSTUJUHEND\"}]},{\"@type\":\"WebSite\",\"@id\":\"https:\\\/\\\/formar.shop\\\/et\\\/#website\",\"url\":\"https:\\\/\\\/formar.shop\\\/et\\\/\",\"name\":\"Formar.shop\",\"description\":\"Soluzioni espresse con stile\",\"potentialAction\":[{\"@type\":\"SearchAction\",\"target\":{\"@type\":\"EntryPoint\",\"urlTemplate\":\"https:\\\/\\\/formar.shop\\\/et\\\/?s={search_term_string}\"},\"query-input\":{\"@type\":\"PropertyValueSpecification\",\"valueRequired\":true,\"valueName\":\"search_term_string\"}}],\"inLanguage\":\"et\"}]}<\/script>\n<!-- \/ Yoast SEO plugin. -->","yoast_head_json":{"title":"OSTUJUHEND - Formar.shop","robots":{"index":"index","follow":"follow","max-snippet":"max-snippet:-1","max-image-preview":"max-image-preview:large","max-video-preview":"max-video-preview:-1"},"canonical":"https:\/\/formar.shop\/et\/ostujuhend\/","schema":{"@context":"https:\/\/schema.org","@graph":[{"@type":"WebPage","@id":"https:\/\/formar.shop\/et\/ostujuhend\/","url":"https:\/\/formar.shop\/et\/ostujuhend\/","name":"OSTUJUHEND - Formar.shop","isPartOf":{"@id":"https:\/\/formar.shop\/et\/#website"},"datePublished":"2025-01-18T20:40:32+00:00","dateModified":"2025-01-18T20:40:34+00:00","breadcrumb":{"@id":"https:\/\/formar.shop\/et\/ostujuhend\/#breadcrumb"},"inLanguage":"et","potentialAction":[{"@type":"ReadAction","target":["https:\/\/formar.shop\/et\/ostujuhend\/"]}]},{"@type":"BreadcrumbList","@id":"https:\/\/formar.shop\/et\/ostujuhend\/#breadcrumb","itemListElement":[{"@type":"ListItem","position":1,"name":"Home","item":"https:\/\/formar.shop\/et\/automaatne-eelnou\/"},{"@type":"ListItem","position":2,"name":"OSTUJUHEND"}]},{"@type":"WebSite","@id":"https:\/\/formar.shop\/et\/#website","url":"https:\/\/formar.shop\/et\/","name":"Formar.shop","description":"Soluzioni espresse con stile","potentialAction":[{"@type":"SearchAction","target":{"@type":"EntryPoint","urlTemplate":"https:\/\/formar.shop\/et\/?s={search_term_string}"},"query-input":{"@type":"PropertyValueSpecification","valueRequired":true,"valueName":"search_term_string"}}],"inLanguage":"et"}]}},"_links":{"self":[{"href":"https:\/\/formar.shop\/et\/wp-json\/wp\/v2\/pages\/48549","targetHints":{"allow":["GET"]}}],"collection":[{"href":"https:\/\/formar.shop\/et\/wp-json\/wp\/v2\/pages"}],"about":[{"href":"https:\/\/formar.shop\/et\/wp-json\/wp\/v2\/types\/page"}],"author":[{"embeddable":true,"href":"https:\/\/formar.shop\/et\/wp-json\/wp\/v2\/users\/6"}],"replies":[{"embeddable":true,"href":"https:\/\/formar.shop\/et\/wp-json\/wp\/v2\/comments?post=48549"}],"version-history":[{"count":6,"href":"https:\/\/formar.shop\/et\/wp-json\/wp\/v2\/pages\/48549\/revisions"}],"predecessor-version":[{"id":48590,"href":"https:\/\/formar.shop\/et\/wp-json\/wp\/v2\/pages\/48549\/revisions\/48590"}],"wp:attachment":[{"href":"https:\/\/formar.shop\/et\/wp-json\/wp\/v2\/media?parent=48549"}],"curies":[{"name":"wp","href":"https:\/\/api.w.org\/{rel}","templated":true}]}}