{"id":48534,"date":"2025-01-18T21:40:30","date_gmt":"2025-01-18T20:40:30","guid":{"rendered":"https:\/\/formar.shop\/tagasisaatmisreeglid\/"},"modified":"2025-11-18T12:03:31","modified_gmt":"2025-11-18T11:03:31","slug":"tagasisaatmisreeglid","status":"publish","type":"page","link":"https:\/\/formar.shop\/et\/tagasisaatmisreeglid\/","title":{"rendered":"TAGASISAATMISREEGLID"},"content":{"rendered":"\n<h3><span style=\"font-size: 140%;\"><strong>TAGASTUSED JA TUGI<\/strong><\/span><\/h3>\n<p> <\/p>\n<p><span style=\"font-size: 110%;\"><strong>Ostetud kaupu on v\u00f5imalik tagastada lihtsa ja kiire protseduuriga.<\/strong><\/span><\/p>\n<p>Vastavalt <em>Euroopa direktiivile 2011\/83, mis on Itaalias rakendatud 3. detsembri 2013. aasta seadusandliku dekreediga<\/em>, v\u00f5ib ostja ostulepingust taganeda ilma tagastamise p\u00f5hjust tingimata t\u00e4psustamata.<\/p>\n<p>Ostja, kes soovib taganemis\u00f5igust kasutada, teatab Formar Contract&#8217;ile oma kavatsusest <strong>14 t\u00f6\u00f6p\u00e4eva jooksul<\/strong> alates tarnekuup\u00e4evast t\u00e4hitud kirjaga koos k\u00e4ttesaamist\u00f5endiga v\u00f5i <strong>Peciga<\/strong>, lisades transpordidokumentide koopia allpool esitatud aadressidele.<\/p>\n<p><span style=\"font-size: 110%;\"><strong>Tagastamiskulud on t\u00e4ielikult c<\/strong><strong>ary of the Customer.<\/strong><\/span><\/p>\n<p>Alates hetkest, mil Formar Contract on tagastamistaotluse aktsepteerinud, on ostjal <strong>14 kalendrip\u00e4eva tagastuse saatmiseks<\/strong>. P\u00e4rast seda t\u00e4htaega kaotab ostja taganemis\u00f5iguse. <\/p>\n<p>P\u00e4rast operaatorilt tagasisaatmisloa saamist saadab ostja toote aadressil<\/p>\n<p style=\"text-align: center;\"><span style=\"color: #000000;\"><strong>Formar Contract Srl<\/strong><\/span><\/p>\n<p style=\"text-align: center;\"><span style=\"color: #000000;\"><strong>Via del Consorzio 44<\/strong><\/span><\/p>\n<p style=\"text-align: center;\"><span style=\"color: #000000;\"><strong>60015 | Falconara Marittima (AN)<\/strong><\/span><\/p>\n<p style=\"text-align: center;\"><span style=\"color: #000000;\"><strong>info@pec.formar-contract.it<\/strong><\/span><\/p>\n<p>Formar Contract teostab<strong> tagasimakse panga\u00fclekandega 14 t\u00f6\u00f6p\u00e4eva jooksul alates<\/strong> tagastatud kauba k\u00e4ttesaamisest.<\/p>\n<p>Taganemis\u00f5igus kaotab t\u00e4ielikult kehtivuse, kui tagastatav toode ei ole puutumata, st kui sellel puudub originaalv\u00e4lis- ja sisepakend, kui see on kahjustatud v\u00f5i isegi osaliselt kasutatud.<\/p>\n<p> <\/p>\n<p style=\"text-align: left;\"><strong>Meie klienditeenindus on teie k\u00e4sutuses.  <\/strong><\/p>\n<p style=\"text-align: left;\">Mis tahes teabe v\u00f5i hinnapakkumise saamiseks v\u00f5tke meiega julgelt \u00fchendust! Meie spetsialistid vastavad teie p\u00e4ringutele, mis on seotud meie teenustega: kontorim\u00f6\u00f6bli projekteerimine, teostus, tarnimine ja paigaldus.<\/p>\n<div class=\"row align-center\"  id=\"row-126131459\">\n\n\n\t<div id=\"col-696694900\" class=\"col small-12 large-12\"  >\n\t\t\t\t<div class=\"col-inner text-center\" style=\"background-color:rgb(244, 244, 244);\" >\n\t\t\t\n\t\t\t\n\n<h3>Kas teil on veel k\u00fcsimusi?<\/h3>\n<p>Lisateabe saamiseks v\u00f5tke meiega \u00fchendust.<\/p>\n<a href=\"https:\/\/formar.shop\/et\/votke-meiega-uhendust\/\" class=\"button primary\" >\n\t\t<span>V\u00f5tke meiega \u00fchendust<\/span>\n\t<\/a>\n\n\n\n\t\t<\/div>\n\t\t\t\t\t<\/div>\n\n\t\n\n\n<style>\n#row-126131459 > .col > .col-inner {\n  padding: 40px 20px 40px 20px;\n  background-color: rgb(244, 244, 244);\n}\n@media (min-width:550px) {\n  #row-126131459 > .col > .col-inner {\n    padding: 40px 40px 40px 40px;\n  }\n}\n<\/style>\n<\/div>\n\n","protected":false},"excerpt":{"rendered":"","protected":false},"author":175,"featured_media":0,"parent":0,"menu_order":0,"comment_status":"closed","ping_status":"closed","template":"","meta":{"_joinchat":[],"footnotes":""},"class_list":["post-48534","page","type-page","status-publish","hentry"],"yoast_head":"<!-- This site is optimized with the Yoast SEO plugin v27.3 - https:\/\/yoast.com\/product\/yoast-seo-wordpress\/ -->\n<title>TAGASISAATMISREEGLID - Formar.shop<\/title>\n<meta name=\"robots\" content=\"index, follow, max-snippet:-1, max-image-preview:large, max-video-preview:-1\" \/>\n<link rel=\"canonical\" href=\"https:\/\/formar.shop\/et\/tagasisaatmisreeglid\/\" \/>\n<script type=\"application\/ld+json\" class=\"yoast-schema-graph\">{\"@context\":\"https:\\\/\\\/schema.org\",\"@graph\":[{\"@type\":\"WebPage\",\"@id\":\"https:\\\/\\\/formar.shop\\\/et\\\/tagasisaatmisreeglid\\\/\",\"url\":\"https:\\\/\\\/formar.shop\\\/et\\\/tagasisaatmisreeglid\\\/\",\"name\":\"TAGASISAATMISREEGLID - Formar.shop\",\"isPartOf\":{\"@id\":\"https:\\\/\\\/formar.shop\\\/et\\\/#website\"},\"datePublished\":\"2025-01-18T20:40:30+00:00\",\"dateModified\":\"2025-11-18T11:03:31+00:00\",\"breadcrumb\":{\"@id\":\"https:\\\/\\\/formar.shop\\\/et\\\/tagasisaatmisreeglid\\\/#breadcrumb\"},\"inLanguage\":\"et\",\"potentialAction\":[{\"@type\":\"ReadAction\",\"target\":[\"https:\\\/\\\/formar.shop\\\/et\\\/tagasisaatmisreeglid\\\/\"]}]},{\"@type\":\"BreadcrumbList\",\"@id\":\"https:\\\/\\\/formar.shop\\\/et\\\/tagasisaatmisreeglid\\\/#breadcrumb\",\"itemListElement\":[{\"@type\":\"ListItem\",\"position\":1,\"name\":\"Home\",\"item\":\"https:\\\/\\\/formar.shop\\\/et\\\/automaatne-eelnou\\\/\"},{\"@type\":\"ListItem\",\"position\":2,\"name\":\"TAGASISAATMISREEGLID\"}]},{\"@type\":\"WebSite\",\"@id\":\"https:\\\/\\\/formar.shop\\\/et\\\/#website\",\"url\":\"https:\\\/\\\/formar.shop\\\/et\\\/\",\"name\":\"Formar.shop\",\"description\":\"Soluzioni espresse con stile\",\"potentialAction\":[{\"@type\":\"SearchAction\",\"target\":{\"@type\":\"EntryPoint\",\"urlTemplate\":\"https:\\\/\\\/formar.shop\\\/et\\\/?s={search_term_string}\"},\"query-input\":{\"@type\":\"PropertyValueSpecification\",\"valueRequired\":true,\"valueName\":\"search_term_string\"}}],\"inLanguage\":\"et\"}]}<\/script>\n<!-- \/ Yoast SEO plugin. -->","yoast_head_json":{"title":"TAGASISAATMISREEGLID - Formar.shop","robots":{"index":"index","follow":"follow","max-snippet":"max-snippet:-1","max-image-preview":"max-image-preview:large","max-video-preview":"max-video-preview:-1"},"canonical":"https:\/\/formar.shop\/et\/tagasisaatmisreeglid\/","schema":{"@context":"https:\/\/schema.org","@graph":[{"@type":"WebPage","@id":"https:\/\/formar.shop\/et\/tagasisaatmisreeglid\/","url":"https:\/\/formar.shop\/et\/tagasisaatmisreeglid\/","name":"TAGASISAATMISREEGLID - Formar.shop","isPartOf":{"@id":"https:\/\/formar.shop\/et\/#website"},"datePublished":"2025-01-18T20:40:30+00:00","dateModified":"2025-11-18T11:03:31+00:00","breadcrumb":{"@id":"https:\/\/formar.shop\/et\/tagasisaatmisreeglid\/#breadcrumb"},"inLanguage":"et","potentialAction":[{"@type":"ReadAction","target":["https:\/\/formar.shop\/et\/tagasisaatmisreeglid\/"]}]},{"@type":"BreadcrumbList","@id":"https:\/\/formar.shop\/et\/tagasisaatmisreeglid\/#breadcrumb","itemListElement":[{"@type":"ListItem","position":1,"name":"Home","item":"https:\/\/formar.shop\/et\/automaatne-eelnou\/"},{"@type":"ListItem","position":2,"name":"TAGASISAATMISREEGLID"}]},{"@type":"WebSite","@id":"https:\/\/formar.shop\/et\/#website","url":"https:\/\/formar.shop\/et\/","name":"Formar.shop","description":"Soluzioni espresse con stile","potentialAction":[{"@type":"SearchAction","target":{"@type":"EntryPoint","urlTemplate":"https:\/\/formar.shop\/et\/?s={search_term_string}"},"query-input":{"@type":"PropertyValueSpecification","valueRequired":true,"valueName":"search_term_string"}}],"inLanguage":"et"}]}},"_links":{"self":[{"href":"https:\/\/formar.shop\/et\/wp-json\/wp\/v2\/pages\/48534","targetHints":{"allow":["GET"]}}],"collection":[{"href":"https:\/\/formar.shop\/et\/wp-json\/wp\/v2\/pages"}],"about":[{"href":"https:\/\/formar.shop\/et\/wp-json\/wp\/v2\/types\/page"}],"author":[{"embeddable":true,"href":"https:\/\/formar.shop\/et\/wp-json\/wp\/v2\/users\/175"}],"replies":[{"embeddable":true,"href":"https:\/\/formar.shop\/et\/wp-json\/wp\/v2\/comments?post=48534"}],"version-history":[{"count":11,"href":"https:\/\/formar.shop\/et\/wp-json\/wp\/v2\/pages\/48534\/revisions"}],"predecessor-version":[{"id":61863,"href":"https:\/\/formar.shop\/et\/wp-json\/wp\/v2\/pages\/48534\/revisions\/61863"}],"wp:attachment":[{"href":"https:\/\/formar.shop\/et\/wp-json\/wp\/v2\/media?parent=48534"}],"curies":[{"name":"wp","href":"https:\/\/api.w.org\/{rel}","templated":true}]}}