{"id":48456,"date":"2025-01-18T21:40:02","date_gmt":"2025-01-18T20:40:02","guid":{"rendered":"https:\/\/formar.shop\/kulud-ja-transpordimeetodid\/"},"modified":"2025-01-18T21:40:12","modified_gmt":"2025-01-18T20:40:12","slug":"kulud-ja-transpordimeetodid","status":"publish","type":"page","link":"https:\/\/formar.shop\/et\/kulud-ja-transpordimeetodid\/","title":{"rendered":"KULUD JA TRANSPORDIMEETODID"},"content":{"rendered":"\n  <div class=\"banner has-hover\" id=\"banner-1383864188\">\n          <div class=\"banner-inner fill\">\n        <div class=\"banner-bg fill\" >\n                                                \n                    <\/div>\n\t\t\n        <div class=\"banner-layers container\">\n            <div class=\"fill banner-link\"><\/div>            \n   <div id=\"text-box-1011046775\" class=\"text-box banner-layer x50 md-x50 lg-x50 y50 md-y50 lg-y50 res-text\">\n                     <div data-animate=\"flipInY\">           <div class=\"text-box-content text dark\">\n              \n              <div class=\"text-inner text-center\">\n                  \n<h3 style=\"text-align: center;\"><strong><span style=\"font-size: 115%; color: #000000;\"><em>I costi di spedizioni sono sempre gratuiti e inclusi per ogni tuo acquisto !<\/em><\/span><\/strong><\/h3>\n<div class=\"is-divider divider clearfix\" ><\/div>\n\t<div id=\"text-2082241968\" class=\"text\">\n\t\t\n<h1 class=\"h-large uppercase\"><strong><span style=\"font-size: 180%;\">NULL SAATMISKULUD!<\/span><\/strong><\/h1>\n\t\t\n<style>\n#text-2082241968 {\n  font-size: 0.8rem;\n  line-height: 2.05;\n  color: rgb(0,0,0);\n}\n#text-2082241968 > * {\n  color: rgb(0,0,0);\n}\n<\/style>\n\t<\/div>\n\t\n              <\/div>\n           <\/div>\n       <\/div>                     \n<style>\n#text-box-1011046775 {\n  width: 67%;\n}\n#text-box-1011046775 .text-box-content {\n  font-size: 100%;\n}\n<\/style>\n    <\/div>\n \n        <\/div>\n      <\/div>\n\n            \n<style>\n#banner-1383864188 {\n  padding-top: 400px;\n}\n<\/style>\n  <\/div>\n\n\n<h4><span style=\"font-size: 110%;\"><strong><span style=\"font-size: 140%; color: #50b848;\"><span style=\"color: #808080;\">REGISTREERIMINE<\/span>  <\/span>    <\/strong><\/span><\/h4>\n<p>P\u00e4rast registreerimist, mis v\u00f5tab vaid m\u00f5ned lihtsad sammud, on uuel kliendil sisemine juhtpaneel, kus ta saab sisestada oma tarneaadressi, mis v\u00f5imaldab s\u00fcsteemil seda j\u00e4rgmise ostu kiirendamiseks meelde j\u00e4tta, ning hallata ostukorvi ja toodete v\u00f5rdlemise v\u00f5imalust. Valida soovitud toode, suurus ja v\u00e4rv ning p\u00e4rast soovitud koguse valimist lisada see ostukorvi. Kui soovite ostu sooritada, sisenege ostukorvi, logige k\u00f5igepealt sisse, kui olete registreerunud, ja j\u00e4tkake tellimist. Valitud tooteid saate igal ajal muuta v\u00f5i ostukorvist eemaldada.  <\/p>\n<h4><strong><span style=\"font-size: 110%;\"><span style=\"color: #808080;\"><span style=\"font-size: 140%;\">TELLI<\/span> <\/span>                        <\/span><\/strong><\/h4>\n<p style=\"text-align: left;\">Kui olete valinud k\u00f5ik ostetavad tooted, j\u00e4tkake tellimist. Kui teil on ajakohane konto koos andmete ja tarneaadressiga, on ostuprotsess kiirem.<br \/>Vastasel juhul sisestage vajalikud andmed ja j\u00e4tkake tellimuse vormistamist. Tellimus t\u00f6\u00f6deldakse alles siis, kui makse toote eest on laekunud, s\u00f5ltuvalt valitud makseviisist.  <\/p>\n<\/p>\n<h2 style=\"text-align: center;\"><span style=\"color: #808080;\"><strong>Meie laevanduspartnerid:<\/strong><\/span><\/h2>\n<\/p>\n<p><img loading=\"lazy\" decoding=\"async\" class=\"aligncenter wp-image-12578\" src=\"https:\/\/formar.shop\/wp-content\/uploads\/2022\/05\/brt.jpg\" alt=\"\" width=\"300\" height=\"163\" data-wp-pid=\"12578\"><\/p>\n<\/p>\n<p style=\"text-align: center;\"><img loading=\"lazy\" decoding=\"async\" class=\"\" src=\"https:\/\/s3-eu-west-1.amazonaws.com\/tpd\/logos\/5ea7e22c7a4aa40001deb02c\/0x0.png\" alt=\"FERCAM Group | Loe fercam.com teenuse \u00fclevaateid\" width=\"303\" height=\"313\"><\/p>\n<\/p>\n<p style=\"text-align: center;\"><span style=\"color: #000000;\"><strong><em>Edasisaatja valiku teeb meie s\u00fcsteem automaatselt, <\/em><\/strong><\/span><strong><em><span style=\"color: #000000;\">et tagada maksimaalne kohaletoimetamise kiirus!<\/span><\/em><\/strong><\/p>\n<\/p>\n<p style=\"text-align: center;\">\n<p>Meie klienditeenindus on teie k\u00e4sutuses. Mis tahes teabe v\u00f5i hinnapakkumise saamiseks v\u00f5tke meiega \u00fchendust! Meie spetsialistid vastavad teie k\u00fcsimustele meie teenuste kohta.<\/p>\n<a href=\"https:\/\/formar.shop\/contattaci\/\" class=\"button primary box-shadow-1 lowercase expand\" style=\"border-radius:10px;\">\n\t\t<span>V\u00f5tke meiega \u00fchendust !<\/span>\n\t<\/a>\n\n","protected":false},"excerpt":{"rendered":"<p>REGISTREERIMINE P\u00e4rast registreerimist, mis v\u00f5tab vaid m\u00f5ned lihtsad sammud, on uuel kliendil sisemine juhtpaneel, kus ta saab sisestada oma tarneaadressi, mis v\u00f5imaldab s\u00fcsteemil seda j\u00e4rgmise ostu kiirendamiseks meelde j\u00e4tta, ning hallata ostukorvi ja toodete v\u00f5rdlemise v\u00f5imalust. Valida soovitud toode, suurus ja v\u00e4rv ning p\u00e4rast soovitud koguse valimist lisada see ostukorvi. Kui soovite ostu sooritada, sisenege [&#8230;]\n","protected":false},"author":175,"featured_media":0,"parent":0,"menu_order":0,"comment_status":"closed","ping_status":"closed","template":"","meta":{"_joinchat":[],"footnotes":""},"class_list":["post-48456","page","type-page","status-publish","hentry"],"yoast_head":"<!-- This site is optimized with the Yoast SEO plugin v27.5 - https:\/\/yoast.com\/product\/yoast-seo-wordpress\/ -->\n<title>KULUD JA TRANSPORDIMEETODID - Formar.shop<\/title>\n<meta name=\"robots\" content=\"index, follow, max-snippet:-1, max-image-preview:large, max-video-preview:-1\" \/>\n<link rel=\"canonical\" href=\"https:\/\/formar.shop\/et\/kulud-ja-transpordimeetodid\/\" \/>\n<script type=\"application\/ld+json\" class=\"yoast-schema-graph\">{\"@context\":\"https:\\\/\\\/schema.org\",\"@graph\":[{\"@type\":\"WebPage\",\"@id\":\"https:\\\/\\\/formar.shop\\\/et\\\/kulud-ja-transpordimeetodid\\\/\",\"url\":\"https:\\\/\\\/formar.shop\\\/et\\\/kulud-ja-transpordimeetodid\\\/\",\"name\":\"KULUD JA TRANSPORDIMEETODID - Formar.shop\",\"isPartOf\":{\"@id\":\"https:\\\/\\\/formar.shop\\\/et\\\/#website\"},\"primaryImageOfPage\":{\"@id\":\"https:\\\/\\\/formar.shop\\\/et\\\/kulud-ja-transpordimeetodid\\\/#primaryimage\"},\"image\":{\"@id\":\"https:\\\/\\\/formar.shop\\\/et\\\/kulud-ja-transpordimeetodid\\\/#primaryimage\"},\"thumbnailUrl\":\"https:\\\/\\\/formar.shop\\\/wp-content\\\/uploads\\\/2022\\\/05\\\/brt.jpg\",\"datePublished\":\"2025-01-18T20:40:02+00:00\",\"dateModified\":\"2025-01-18T20:40:12+00:00\",\"breadcrumb\":{\"@id\":\"https:\\\/\\\/formar.shop\\\/et\\\/kulud-ja-transpordimeetodid\\\/#breadcrumb\"},\"inLanguage\":\"et\",\"potentialAction\":[{\"@type\":\"ReadAction\",\"target\":[\"https:\\\/\\\/formar.shop\\\/et\\\/kulud-ja-transpordimeetodid\\\/\"]}]},{\"@type\":\"ImageObject\",\"inLanguage\":\"et\",\"@id\":\"https:\\\/\\\/formar.shop\\\/et\\\/kulud-ja-transpordimeetodid\\\/#primaryimage\",\"url\":\"https:\\\/\\\/formar.shop\\\/wp-content\\\/uploads\\\/2022\\\/05\\\/brt.jpg\",\"contentUrl\":\"https:\\\/\\\/formar.shop\\\/wp-content\\\/uploads\\\/2022\\\/05\\\/brt.jpg\"},{\"@type\":\"BreadcrumbList\",\"@id\":\"https:\\\/\\\/formar.shop\\\/et\\\/kulud-ja-transpordimeetodid\\\/#breadcrumb\",\"itemListElement\":[{\"@type\":\"ListItem\",\"position\":1,\"name\":\"Home\",\"item\":\"https:\\\/\\\/formar.shop\\\/et\\\/automaatne-eelnou\\\/\"},{\"@type\":\"ListItem\",\"position\":2,\"name\":\"KULUD JA TRANSPORDIMEETODID\"}]},{\"@type\":\"WebSite\",\"@id\":\"https:\\\/\\\/formar.shop\\\/et\\\/#website\",\"url\":\"https:\\\/\\\/formar.shop\\\/et\\\/\",\"name\":\"Formar.shop\",\"description\":\"Soluzioni espresse con stile\",\"potentialAction\":[{\"@type\":\"SearchAction\",\"target\":{\"@type\":\"EntryPoint\",\"urlTemplate\":\"https:\\\/\\\/formar.shop\\\/et\\\/?s={search_term_string}\"},\"query-input\":{\"@type\":\"PropertyValueSpecification\",\"valueRequired\":true,\"valueName\":\"search_term_string\"}}],\"inLanguage\":\"et\"}]}<\/script>\n<!-- \/ Yoast SEO plugin. -->","yoast_head_json":{"title":"KULUD JA TRANSPORDIMEETODID - Formar.shop","robots":{"index":"index","follow":"follow","max-snippet":"max-snippet:-1","max-image-preview":"max-image-preview:large","max-video-preview":"max-video-preview:-1"},"canonical":"https:\/\/formar.shop\/et\/kulud-ja-transpordimeetodid\/","schema":{"@context":"https:\/\/schema.org","@graph":[{"@type":"WebPage","@id":"https:\/\/formar.shop\/et\/kulud-ja-transpordimeetodid\/","url":"https:\/\/formar.shop\/et\/kulud-ja-transpordimeetodid\/","name":"KULUD JA TRANSPORDIMEETODID - Formar.shop","isPartOf":{"@id":"https:\/\/formar.shop\/et\/#website"},"primaryImageOfPage":{"@id":"https:\/\/formar.shop\/et\/kulud-ja-transpordimeetodid\/#primaryimage"},"image":{"@id":"https:\/\/formar.shop\/et\/kulud-ja-transpordimeetodid\/#primaryimage"},"thumbnailUrl":"https:\/\/formar.shop\/wp-content\/uploads\/2022\/05\/brt.jpg","datePublished":"2025-01-18T20:40:02+00:00","dateModified":"2025-01-18T20:40:12+00:00","breadcrumb":{"@id":"https:\/\/formar.shop\/et\/kulud-ja-transpordimeetodid\/#breadcrumb"},"inLanguage":"et","potentialAction":[{"@type":"ReadAction","target":["https:\/\/formar.shop\/et\/kulud-ja-transpordimeetodid\/"]}]},{"@type":"ImageObject","inLanguage":"et","@id":"https:\/\/formar.shop\/et\/kulud-ja-transpordimeetodid\/#primaryimage","url":"https:\/\/formar.shop\/wp-content\/uploads\/2022\/05\/brt.jpg","contentUrl":"https:\/\/formar.shop\/wp-content\/uploads\/2022\/05\/brt.jpg"},{"@type":"BreadcrumbList","@id":"https:\/\/formar.shop\/et\/kulud-ja-transpordimeetodid\/#breadcrumb","itemListElement":[{"@type":"ListItem","position":1,"name":"Home","item":"https:\/\/formar.shop\/et\/automaatne-eelnou\/"},{"@type":"ListItem","position":2,"name":"KULUD JA TRANSPORDIMEETODID"}]},{"@type":"WebSite","@id":"https:\/\/formar.shop\/et\/#website","url":"https:\/\/formar.shop\/et\/","name":"Formar.shop","description":"Soluzioni espresse con stile","potentialAction":[{"@type":"SearchAction","target":{"@type":"EntryPoint","urlTemplate":"https:\/\/formar.shop\/et\/?s={search_term_string}"},"query-input":{"@type":"PropertyValueSpecification","valueRequired":true,"valueName":"search_term_string"}}],"inLanguage":"et"}]}},"_links":{"self":[{"href":"https:\/\/formar.shop\/et\/wp-json\/wp\/v2\/pages\/48456","targetHints":{"allow":["GET"]}}],"collection":[{"href":"https:\/\/formar.shop\/et\/wp-json\/wp\/v2\/pages"}],"about":[{"href":"https:\/\/formar.shop\/et\/wp-json\/wp\/v2\/types\/page"}],"author":[{"embeddable":true,"href":"https:\/\/formar.shop\/et\/wp-json\/wp\/v2\/users\/175"}],"replies":[{"embeddable":true,"href":"https:\/\/formar.shop\/et\/wp-json\/wp\/v2\/comments?post=48456"}],"version-history":[{"count":8,"href":"https:\/\/formar.shop\/et\/wp-json\/wp\/v2\/pages\/48456\/revisions"}],"predecessor-version":[{"id":48486,"href":"https:\/\/formar.shop\/et\/wp-json\/wp\/v2\/pages\/48456\/revisions\/48486"}],"wp:attachment":[{"href":"https:\/\/formar.shop\/et\/wp-json\/wp\/v2\/media?parent=48456"}],"curies":[{"name":"wp","href":"https:\/\/api.w.org\/{rel}","templated":true}]}}