{"id":26303,"date":"2020-12-20T16:19:38","date_gmt":"2020-12-20T15:19:38","guid":{"rendered":"https:\/\/formar.shop\/prodotto\/jardinera-arbol-01-jardinera-blanca-con-madera-maciza\/"},"modified":"2025-11-18T10:42:14","modified_gmt":"2025-11-18T09:42:14","slug":"jardinera-arbol-01-florero-blanco-con-masa-de-madera","status":"publish","type":"product","link":"https:\/\/formar.shop\/es\/prodotto\/jardinera-arbol-01-florero-blanco-con-masa-de-madera\/","title":{"rendered":"Jardinera &#8211; \u00c1rbol 01"},"content":{"rendered":"<div class=\"is-divider divider clearfix\" style=\"max-width:2000px;\"><\/div>\n<div class=\"slider-wrapper relative\" id=\"slider-1534966098\" >\n    <div class=\"slider slider-nav-circle slider-nav-large slider-nav-dark slider-style-normal\"\n        data-flickity-options='{\n            \"cellAlign\": \"center\",\n            \"imagesLoaded\": true,\n            \"lazyLoad\": 1,\n            \"freeScroll\": false,\n            \"wrapAround\": true,\n            \"autoPlay\": 6000,\n            \"pauseAutoPlayOnHover\" : true,\n            \"prevNextButtons\": true,\n            \"contain\" : true,\n            \"adaptiveHeight\" : true,\n            \"dragThreshold\" : 10,\n            \"percentPosition\": true,\n            \"pageDots\": true,\n            \"rightToLeft\": false,\n            \"draggable\": true,\n            \"selectedAttraction\": 0.1,\n            \"parallax\" : 0,\n            \"friction\": 0.6        }'\n        >\n        \n\t<div class=\"img has-hover x md-x lg-x y md-y lg-y\" id=\"image_78207866\">\n\t\t\t\t\t\t\t\t<div class=\"img-inner dark\" >\n\t\t\t\t\t\t\t\t\t\n\t\t\t\t\t<\/div>\n\t\t\t\t\t\t\t\t\n<style>\n#image_78207866 {\n  width: 100%;\n}\n<\/style>\n\t<\/div>\n\t\n\t<div class=\"img has-hover x md-x lg-x y md-y lg-y\" id=\"image_296347447\">\n\t\t\t\t\t\t\t\t<div class=\"img-inner dark\" >\n\t\t\t\t\t\t\t\t\t\n\t\t\t\t\t<\/div>\n\t\t\t\t\t\t\t\t\n<style>\n#image_296347447 {\n  width: 100%;\n}\n<\/style>\n\t<\/div>\n\t\n\t<div class=\"img has-hover x md-x lg-x y md-y lg-y\" id=\"image_731389857\">\n\t\t\t\t\t\t\t\t<div class=\"img-inner dark\" >\n\t\t\t\t\t\t\t\t\t\n\t\t\t\t\t<\/div>\n\t\t\t\t\t\t\t\t\n<style>\n#image_731389857 {\n  width: 100%;\n}\n<\/style>\n\t<\/div>\n\t\n\t<div class=\"img has-hover x md-x lg-x y md-y lg-y\" id=\"image_197087789\">\n\t\t\t\t\t\t\t\t<div class=\"img-inner dark\" >\n\t\t\t\t\t\t\t\t\t\n\t\t\t\t\t<\/div>\n\t\t\t\t\t\t\t\t\n<style>\n#image_197087789 {\n  width: 100%;\n}\n<\/style>\n\t<\/div>\n\t\n     <\/div>\n\n     <div class=\"loading-spin dark large centered\"><\/div>\n\n\t<\/div>\n\n\n<div class=\"is-divider divider clearfix\" style=\"max-width:2000px;\"><\/div>\n<h3>PLANTADOR -\u00c1RBOL 01<\/h3>\n<p>Haga que el rinc\u00f3n verde de su casa, jard\u00edn, terraza o balc\u00f3n sea realmente \u00fanico con una jardinera de dise\u00f1o.<\/p>\n<p>La jardinera Tree 01 es el objeto de decoraci\u00f3n de <strong>dise\u00f1o<\/strong> ideal para amueblar cualquier espacio, tanto <strong>interior<\/strong> como <strong>exterior<\/strong>.<\/p>\n<p>Es posible <strong>variar la altura<\/strong> simplemente girando la estructura de madera.<\/p>\n<h3 class=\"av-special-heading-tag \">DISE\u00d1O PRODUCTO<\/h3>\n<p>La jardinera Tree 01 fue ideada y dise\u00f1ada por el dise\u00f1ador italiano Mario Mazzer, licenciado en arquitectura por el Polit\u00e9cnico de Mil\u00e1n en 1978 y diplomado en el 79 en Dise\u00f1o Industrial por la Escuela Polit\u00e9cnica de Dise\u00f1o de Mil\u00e1n. Aqu\u00ed se form\u00f3 en los a\u00f1os 70 colaborando con los maestros del dise\u00f1o italiano y en 1980 fund\u00f3, en Conegliano Veneto, Mario Mazzer Architects.<x id=\"gid_0\"><\/x>Premiado en varias ocasiones, en 1996 recibi\u00f3 en Nueva York la menci\u00f3n de honor en el ID Annual Design Review. Mostrando sus trabajos, ha contribuido enormemente a promover la popularidad de los productos italianos en el mundo.  <\/p>\n<h3 class=\"av-special-heading-tag \">ATENCI\u00d3N AL DETALLE<\/h3>\n<p>La maceta \u00c1rbol 01 consta de una base de <strong>madera maciza<\/strong> que a\u00f1ade un toque natural a la habitaci\u00f3n, mientras que la maceta contenedor est\u00e1 hecha de <strong>polipropileno blanco<\/strong> duradero con una base perforada para permitir que salga el exceso de agua.<\/p>\n<h3 class=\"av-special-heading-tag \">FACILIDAD DE MONTAJE<\/h3>\n<p>Se monta f\u00e1cilmente y la colocaci\u00f3n de la maceta en la base determina su altura (26 cm o 33 cm).<\/p>\n<h3 id=\"h-finiture-di-qualit-e-made-in-italy\">DIMENSIONES DEL PRODUCTO<\/h3>\n<p>El producto mide:<\/p>\n<p>\u2013 16,6 cm de di\u00e1metro<br \/>\n\u2013 26\/33 cm de altura<\/p>\n<h3>CUIDADO Y MANTENIMIENTO:<\/h3>\n<p>Pruebe primero la compatibilidad de los detergentes en una zona no visible. No utilice nunca detergentes o abrillantadores con part\u00edculas abrasivas o desengrasantes. Limpiar siempre con un pa\u00f1o h\u00famedo y secar.<\/p>\n\n\t<section class=\"section\" id=\"section_1168850259\">\n\t\t<div class=\"section-bg fill\" >\n\t\t\t\t\t\t\t\t\t\n\t\t\t\n\n\t\t<\/div>\n\n\t\t\n\n\t\t<div class=\"section-content relative\">\n\t\t\t\n<div class=\"is-divider divider clearfix\" style=\"max-width:1000px;\"><\/div>\n<div class=\"row row-solid\"  id=\"row-1420521919\">\n\n\t<div id=\"col-346145019\" class=\"col medium-3 small-12 large-3\"  >\n\t\t\t\t<div class=\"col-inner\"  >\n\t\t\t\n\t\t\t\n\n\t\t<div class=\"icon-box featured-box icon-box-center text-center\"  >\n\t\t\t\t\t<div class=\"icon-box-img\" style=\"width: 50px\">\n\t\t\t\t<div class=\"icon\">\n\t\t\t\t\t<div class=\"icon-inner\" >\n\t\t\t\t\t\t\t\t\t\t\t<\/div>\n\t\t\t\t<\/div>\n\t\t\t<\/div>\n\t\t\t\t<div class=\"icon-box-text last-reset\">\n\t\t\t\t\t\t\t\t\t\n<h3>Servicio de atenci\u00f3n al cliente siempre disponible<\/h3>\n<p>Puedes contactar con nosotros a trav\u00e9s de WhatsApp:  <a href=\"https:\/\/api.whatsapp.com\/send\/?phone=390715906063&amp;text&amp;type=phone_number&amp;app_absent=0\">+39 071 5906063<\/a><\/p>\n<p>Pedidos por tel\u00e9fono: <a href=\"tel:+39800122267\">800 122 267<\/a><\/p>\n\t\t<\/div>\n\t<\/div>\n\t\n\t\n\t\t<\/div>\n\t\t\t\t\t<\/div>\n\n\t\n\n\t<div id=\"col-1602280077\" class=\"col medium-3 small-12 large-3\"  >\n\t\t\t\t<div class=\"col-inner\"  >\n\t\t\t\n\t\t\t\n\n\t\t<div class=\"icon-box featured-box icon-box-center text-center\"  >\n\t\t\t\t\t<div class=\"icon-box-img\" style=\"width: 50px\">\n\t\t\t\t<div class=\"icon\">\n\t\t\t\t\t<div class=\"icon-inner\" >\n\t\t\t\t\t\t\t\t\t\t\t<\/div>\n\t\t\t\t<\/div>\n\t\t\t<\/div>\n\t\t\t\t<div class=\"icon-box-text last-reset\">\n\t\t\t\t\t\t\t\t\t\n<h3>Elija la forma de pago<\/h3>\n<p>Pago mediante Paypal, tarjeta de cr\u00e9dito, efectivo o Bancomat (in situ) y contra reembolso<\/p>\n\t\t<\/div>\n\t<\/div>\n\t\n\t\n\t\t<\/div>\n\t\t\t\t\t<\/div>\n\n\t\n\n\t<div id=\"col-1555085233\" class=\"col medium-3 small-12 large-3\"  >\n\t\t\t\t<div class=\"col-inner\"  >\n\t\t\t\n\t\t\t\n\n\t\t<div class=\"icon-box featured-box icon-box-center text-center\"  >\n\t\t\t\t\t<div class=\"icon-box-img\" style=\"width: 50px\">\n\t\t\t\t<div class=\"icon\">\n\t\t\t\t\t<div class=\"icon-inner\" >\n\t\t\t\t\t\t\t\t\t\t\t<\/div>\n\t\t\t\t<\/div>\n\t\t\t<\/div>\n\t\t\t\t<div class=\"icon-box-text last-reset\">\n\t\t\t\t\t\t\t\t\t\n<h3>Devoluci\u00f3n f\u00e1cil y sin preocupaciones<\/h3>\n<p>En caso de problemas, organizamos la recogida directamente en su domicilio.<a href=\"https:\/\/formar.shop\/es\/normas-de-devolucion\/\">(M\u00e1s detalles<\/a>).<\/p>\n\t\t<\/div>\n\t<\/div>\n\t\n\t\n\t\t<\/div>\n\t\t\t\t\t<\/div>\n\n\t\n\n\t<div id=\"col-1036196422\" class=\"col medium-3 small-12 large-3\"  >\n\t\t\t\t<div class=\"col-inner\"  >\n\t\t\t\n\t\t\t\n\n\t\t<div class=\"icon-box featured-box icon-box-center text-center\"  >\n\t\t\t\t\t<div class=\"icon-box-img\" style=\"width: 50px\">\n\t\t\t\t<div class=\"icon\">\n\t\t\t\t\t<div class=\"icon-inner\" >\n\t\t\t\t\t\t\t\t\t\t\t<\/div>\n\t\t\t\t<\/div>\n\t\t\t<\/div>\n\t\t\t\t<div class=\"icon-box-text last-reset\">\n\t\t\t\t\t\t\t\t\t\n<h3>Garant\u00eda del fabricante y piezas de repuesto<\/h3>\n<p>Todos nuestros productos cuentan con nuestra garant\u00eda. Para muchos productos garantizamos las piezas de repuesto durante el mismo periodo.<\/p>\n\t\t<\/div>\n\t<\/div>\n\t\n\t\n\t\t<\/div>\n\t\t\t\t\t<\/div>\n\n\t\n\n<style>\n#row-1420521919 > .col > .col-inner {\n  padding: 20px 20px 20px 20px;\n}\n<\/style>\n<\/div>\n\t\t<\/div>\n\n\t\t\n<style>\n#section_1168850259 {\n  padding-top: 30px;\n  padding-bottom: 30px;\n}\n<\/style>\n\t<\/section>\n\t\n\n\t<section class=\"section\" id=\"section_401302532\">\n\t\t<div class=\"section-bg fill\" >\n\t\t\t\t\t\t\t\t\t\n\t\t\t\n\n\t\t<\/div>\n\n\t\t\n\n\t\t<div class=\"section-content relative\">\n\t\t\t\n\t\t<\/div>\n\n\t\t\n<style>\n#section_401302532 {\n  padding-top: 30px;\n  padding-bottom: 30px;\n}\n<\/style>\n\t<\/section>\n\t\n","protected":false},"excerpt":{"rendered":"<p>Ideada y dise\u00f1ada por el dise\u00f1ador italiano MARIO MAZZER, la jardinera Tree 01 es un producto con un dise\u00f1o moderno, sencillo y elegante. La madera maciza de la base tiene una textura uniforme y colores suaves, es duradera y no se deforma f\u00e1cilmente. Junto al blanco del soporte, es ideal para decorar cualquier tipo de espacio, tanto interior como exterior.  <\/p>\n","protected":false},"featured_media":13460,"template":"","meta":{"_joinchat":[]},"product_brand":[154],"product_cat":[994,1026],"product_tag":[1027],"class_list":{"0":"post-26303","1":"product","2":"type-product","3":"status-publish","4":"has-post-thumbnail","6":"product_brand-fbasic","7":"product_cat-inicio","8":"product_cat-jardineras","9":"product_tag-jarron","11":"first","12":"instock","13":"taxable","14":"shipping-taxable","15":"purchasable","16":"product-type-simple"},"yoast_head":"<!-- This site is optimized with the Yoast SEO plugin v27.4 - https:\/\/yoast.com\/product\/yoast-seo-wordpress\/ -->\n<title>Jardinera - \u00c1rbol 01 - Formar.shop<\/title>\n<meta name=\"robots\" content=\"index, follow, max-snippet:-1, max-image-preview:large, max-video-preview:-1\" \/>\n<link rel=\"canonical\" href=\"https:\/\/formar.shop\/es\/prodotto\/jardinera-arbol-01-florero-blanco-con-masa-de-madera\/\" \/>\n<script type=\"application\/ld+json\" class=\"yoast-schema-graph\">{\"@context\":\"https:\\\/\\\/schema.org\",\"@graph\":[{\"@type\":\"WebPage\",\"@id\":\"https:\\\/\\\/formar.shop\\\/es\\\/prodotto\\\/jardinera-arbol-01-florero-blanco-con-masa-de-madera\\\/\",\"url\":\"https:\\\/\\\/formar.shop\\\/es\\\/prodotto\\\/jardinera-arbol-01-florero-blanco-con-masa-de-madera\\\/\",\"name\":\"Jardinera - \u00c1rbol 01 - Formar.shop\",\"isPartOf\":{\"@id\":\"https:\\\/\\\/formar.shop\\\/es\\\/#website\"},\"primaryImageOfPage\":{\"@id\":\"https:\\\/\\\/formar.shop\\\/es\\\/prodotto\\\/jardinera-arbol-01-florero-blanco-con-masa-de-madera\\\/#primaryimage\"},\"image\":{\"@id\":\"https:\\\/\\\/formar.shop\\\/es\\\/prodotto\\\/jardinera-arbol-01-florero-blanco-con-masa-de-madera\\\/#primaryimage\"},\"thumbnailUrl\":\"https:\\\/\\\/static.formar.net\\\/wp-content\\\/uploads\\\/2020\\\/12\\\/22160539\\\/Immagini-di-prodotto-x-Amazon-11-1.png\",\"datePublished\":\"2020-12-20T15:19:38+00:00\",\"dateModified\":\"2025-11-18T09:42:14+00:00\",\"breadcrumb\":{\"@id\":\"https:\\\/\\\/formar.shop\\\/es\\\/prodotto\\\/jardinera-arbol-01-florero-blanco-con-masa-de-madera\\\/#breadcrumb\"},\"inLanguage\":\"es-ES\",\"potentialAction\":[{\"@type\":\"ReadAction\",\"target\":[\"https:\\\/\\\/formar.shop\\\/es\\\/prodotto\\\/jardinera-arbol-01-florero-blanco-con-masa-de-madera\\\/\"]}]},{\"@type\":\"ImageObject\",\"inLanguage\":\"es-ES\",\"@id\":\"https:\\\/\\\/formar.shop\\\/es\\\/prodotto\\\/jardinera-arbol-01-florero-blanco-con-masa-de-madera\\\/#primaryimage\",\"url\":\"https:\\\/\\\/static.formar.net\\\/wp-content\\\/uploads\\\/2020\\\/12\\\/22160539\\\/Immagini-di-prodotto-x-Amazon-11-1.png\",\"contentUrl\":\"https:\\\/\\\/static.formar.net\\\/wp-content\\\/uploads\\\/2020\\\/12\\\/22160539\\\/Immagini-di-prodotto-x-Amazon-11-1.png\",\"width\":1001,\"height\":1001},{\"@type\":\"BreadcrumbList\",\"@id\":\"https:\\\/\\\/formar.shop\\\/es\\\/prodotto\\\/jardinera-arbol-01-florero-blanco-con-masa-de-madera\\\/#breadcrumb\",\"itemListElement\":[{\"@type\":\"ListItem\",\"position\":1,\"name\":\"Home\",\"item\":\"https:\\\/\\\/formar.shop\\\/es\\\/auto-draft\\\/\"},{\"@type\":\"ListItem\",\"position\":2,\"name\":\"Tienda\",\"item\":\"https:\\\/\\\/es.formar.shop\\\/tienda\\\/\"},{\"@type\":\"ListItem\",\"position\":3,\"name\":\"Jardinera &#8211; \u00c1rbol 01\"}]},{\"@type\":\"WebSite\",\"@id\":\"https:\\\/\\\/formar.shop\\\/es\\\/#website\",\"url\":\"https:\\\/\\\/formar.shop\\\/es\\\/\",\"name\":\"Formar.shop\",\"description\":\"Soluzioni espresse con stile\",\"potentialAction\":[{\"@type\":\"SearchAction\",\"target\":{\"@type\":\"EntryPoint\",\"urlTemplate\":\"https:\\\/\\\/formar.shop\\\/es\\\/?s={search_term_string}\"},\"query-input\":{\"@type\":\"PropertyValueSpecification\",\"valueRequired\":true,\"valueName\":\"search_term_string\"}}],\"inLanguage\":\"es-ES\"}]}<\/script>\n<!-- \/ Yoast SEO plugin. -->","yoast_head_json":{"title":"Jardinera - \u00c1rbol 01 - Formar.shop","robots":{"index":"index","follow":"follow","max-snippet":"max-snippet:-1","max-image-preview":"max-image-preview:large","max-video-preview":"max-video-preview:-1"},"canonical":"https:\/\/formar.shop\/es\/prodotto\/jardinera-arbol-01-florero-blanco-con-masa-de-madera\/","schema":{"@context":"https:\/\/schema.org","@graph":[{"@type":"WebPage","@id":"https:\/\/formar.shop\/es\/prodotto\/jardinera-arbol-01-florero-blanco-con-masa-de-madera\/","url":"https:\/\/formar.shop\/es\/prodotto\/jardinera-arbol-01-florero-blanco-con-masa-de-madera\/","name":"Jardinera - \u00c1rbol 01 - Formar.shop","isPartOf":{"@id":"https:\/\/formar.shop\/es\/#website"},"primaryImageOfPage":{"@id":"https:\/\/formar.shop\/es\/prodotto\/jardinera-arbol-01-florero-blanco-con-masa-de-madera\/#primaryimage"},"image":{"@id":"https:\/\/formar.shop\/es\/prodotto\/jardinera-arbol-01-florero-blanco-con-masa-de-madera\/#primaryimage"},"thumbnailUrl":"https:\/\/static.formar.net\/wp-content\/uploads\/2020\/12\/22160539\/Immagini-di-prodotto-x-Amazon-11-1.png","datePublished":"2020-12-20T15:19:38+00:00","dateModified":"2025-11-18T09:42:14+00:00","breadcrumb":{"@id":"https:\/\/formar.shop\/es\/prodotto\/jardinera-arbol-01-florero-blanco-con-masa-de-madera\/#breadcrumb"},"inLanguage":"es-ES","potentialAction":[{"@type":"ReadAction","target":["https:\/\/formar.shop\/es\/prodotto\/jardinera-arbol-01-florero-blanco-con-masa-de-madera\/"]}]},{"@type":"ImageObject","inLanguage":"es-ES","@id":"https:\/\/formar.shop\/es\/prodotto\/jardinera-arbol-01-florero-blanco-con-masa-de-madera\/#primaryimage","url":"https:\/\/static.formar.net\/wp-content\/uploads\/2020\/12\/22160539\/Immagini-di-prodotto-x-Amazon-11-1.png","contentUrl":"https:\/\/static.formar.net\/wp-content\/uploads\/2020\/12\/22160539\/Immagini-di-prodotto-x-Amazon-11-1.png","width":1001,"height":1001},{"@type":"BreadcrumbList","@id":"https:\/\/formar.shop\/es\/prodotto\/jardinera-arbol-01-florero-blanco-con-masa-de-madera\/#breadcrumb","itemListElement":[{"@type":"ListItem","position":1,"name":"Home","item":"https:\/\/formar.shop\/es\/auto-draft\/"},{"@type":"ListItem","position":2,"name":"Tienda","item":"https:\/\/es.formar.shop\/tienda\/"},{"@type":"ListItem","position":3,"name":"Jardinera &#8211; \u00c1rbol 01"}]},{"@type":"WebSite","@id":"https:\/\/formar.shop\/es\/#website","url":"https:\/\/formar.shop\/es\/","name":"Formar.shop","description":"Soluzioni espresse con stile","potentialAction":[{"@type":"SearchAction","target":{"@type":"EntryPoint","urlTemplate":"https:\/\/formar.shop\/es\/?s={search_term_string}"},"query-input":{"@type":"PropertyValueSpecification","valueRequired":true,"valueName":"search_term_string"}}],"inLanguage":"es-ES"}]}},"_links":{"self":[{"href":"https:\/\/formar.shop\/es\/wp-json\/wp\/v2\/product\/26303","targetHints":{"allow":["GET"]}}],"collection":[{"href":"https:\/\/formar.shop\/es\/wp-json\/wp\/v2\/product"}],"about":[{"href":"https:\/\/formar.shop\/es\/wp-json\/wp\/v2\/types\/product"}],"wp:featuredmedia":[{"embeddable":true,"href":"https:\/\/formar.shop\/es\/wp-json\/wp\/v2\/media\/13460"}],"wp:attachment":[{"href":"https:\/\/formar.shop\/es\/wp-json\/wp\/v2\/media?parent=26303"}],"wp:term":[{"taxonomy":"product_brand","embeddable":true,"href":"https:\/\/formar.shop\/es\/wp-json\/wp\/v2\/product_brand?post=26303"},{"taxonomy":"product_cat","embeddable":true,"href":"https:\/\/formar.shop\/es\/wp-json\/wp\/v2\/product_cat?post=26303"},{"taxonomy":"product_tag","embeddable":true,"href":"https:\/\/formar.shop\/es\/wp-json\/wp\/v2\/product_tag?post=26303"}],"curies":[{"name":"wp","href":"https:\/\/api.w.org\/{rel}","templated":true}]}}