{"id":26281,"date":"2020-12-20T19:49:52","date_gmt":"2023-02-06T17:44:23","guid":{"rendered":"https:\/\/formar.shop\/prodotto\/silla-bud-09\/"},"modified":"2024-04-16T18:11:52","modified_gmt":"2024-04-16T16:11:52","slug":"silla-bud-silla-09","status":"publish","type":"product","link":"https:\/\/formar.shop\/es\/prodotto\/silla-bud-silla-09\/","title":{"rendered":"Silla &#8211; Silla Bud 09"},"content":{"rendered":"<div class=\"slider-wrapper relative\" id=\"slider-19761398\" >\n    <div class=\"slider slider-nav-circle slider-nav-large slider-nav-dark slider-style-normal\"\n        data-flickity-options='{\n            \"cellAlign\": \"center\",\n            \"imagesLoaded\": true,\n            \"lazyLoad\": 1,\n            \"freeScroll\": false,\n            \"wrapAround\": true,\n            \"autoPlay\": 6000,\n            \"pauseAutoPlayOnHover\" : true,\n            \"prevNextButtons\": true,\n            \"contain\" : true,\n            \"adaptiveHeight\" : true,\n            \"dragThreshold\" : 10,\n            \"percentPosition\": true,\n            \"pageDots\": true,\n            \"rightToLeft\": false,\n            \"draggable\": true,\n            \"selectedAttraction\": 0.1,\n            \"parallax\" : 0,\n            \"friction\": 0.6        }'\n        >\n        \n\t<div class=\"img has-hover x md-x lg-x y md-y lg-y\" id=\"image_1162107650\">\n\t\t\t\t\t\t\t\t<div class=\"img-inner dark\" >\n\t\t\t<img loading=\"lazy\" decoding=\"async\" width=\"1012\" height=\"1012\" src=\"https:\/\/static.formar.net\/wp-content\/uploads\/2020\/12\/22164407\/Immagini-di-prodotto-x-Amazon-28.png\" class=\"attachment-large size-large\" alt=\"\" \/>\t\t\t\t\t\t\n\t\t\t\t\t<\/div>\n\t\t\t\t\t\t\t\t\n<style>\n#image_1162107650 {\n  width: 100%;\n}\n<\/style>\n\t<\/div>\n\t\n\t<div class=\"img has-hover x md-x lg-x y md-y lg-y\" id=\"image_1331828931\">\n\t\t\t\t\t\t\t\t<div class=\"img-inner dark\" >\n\t\t\t<img loading=\"lazy\" decoding=\"async\" width=\"1012\" height=\"1012\" src=\"https:\/\/static.formar.net\/wp-content\/uploads\/2020\/12\/22164335\/Immagini-di-prodotto-x-Amazon-26.png\" class=\"attachment-large size-large\" alt=\"\" \/>\t\t\t\t\t\t\n\t\t\t\t\t<\/div>\n\t\t\t\t\t\t\t\t\n<style>\n#image_1331828931 {\n  width: 100%;\n}\n<\/style>\n\t<\/div>\n\t\n\t<div class=\"img has-hover x md-x lg-x y md-y lg-y\" id=\"image_127375082\">\n\t\t\t\t\t\t\t\t<div class=\"img-inner dark\" >\n\t\t\t<img loading=\"lazy\" decoding=\"async\" width=\"908\" height=\"1030\" src=\"https:\/\/static.formar.net\/wp-content\/uploads\/sites\/1\/2022\/11\/02111047\/bud-chair_laterale-908x1030.jpg\" class=\"attachment-large size-large\" alt=\"\" srcset=\"https:\/\/static.formar.net\/wp-content\/uploads\/sites\/1\/2022\/11\/02111047\/bud-chair_laterale-908x1030.jpg 908w, https:\/\/static.formar.net\/wp-content\/uploads\/sites\/1\/2022\/11\/02111047\/bud-chair_laterale-264x300.jpg 264w, https:\/\/static.formar.net\/wp-content\/uploads\/sites\/1\/2022\/11\/02111047\/bud-chair_laterale-768x871.jpg 768w, https:\/\/static.formar.net\/wp-content\/uploads\/sites\/1\/2022\/11\/02111047\/bud-chair_laterale-1354x1536.jpg 1354w, https:\/\/static.formar.net\/wp-content\/uploads\/sites\/1\/2022\/11\/02111047\/bud-chair_laterale-1805x2048.jpg 1805w, https:\/\/static.formar.net\/wp-content\/uploads\/sites\/1\/2022\/11\/02111047\/bud-chair_laterale-510x579.jpg 510w, https:\/\/static.formar.net\/wp-content\/uploads\/sites\/1\/2022\/11\/02111047\/bud-chair_laterale-1200x1362.jpg 1200w, https:\/\/static.formar.net\/wp-content\/uploads\/sites\/1\/2022\/11\/02111047\/bud-chair_laterale-600x681.jpg 600w\" sizes=\"auto, (max-width: 908px) 100vw, 908px\" \/>\t\t\t\t\t\t\n\t\t\t\t\t<\/div>\n\t\t\t\t\t\t\t\t\n<style>\n#image_127375082 {\n  width: 100%;\n}\n<\/style>\n\t<\/div>\n\t\n\t<div class=\"img has-hover x md-x lg-x y md-y lg-y\" id=\"image_1926714701\">\n\t\t\t\t\t\t\t\t<div class=\"img-inner dark\" >\n\t\t\t<img loading=\"lazy\" decoding=\"async\" width=\"930\" height=\"1030\" src=\"https:\/\/static.formar.net\/wp-content\/uploads\/sites\/1\/2022\/11\/02111045\/bud-chair_dietro-930x1030.jpg\" class=\"attachment-large size-large\" alt=\"\" srcset=\"https:\/\/static.formar.net\/wp-content\/uploads\/sites\/1\/2022\/11\/02111045\/bud-chair_dietro-930x1030.jpg 930w, https:\/\/static.formar.net\/wp-content\/uploads\/sites\/1\/2022\/11\/02111045\/bud-chair_dietro-271x300.jpg 271w, https:\/\/static.formar.net\/wp-content\/uploads\/sites\/1\/2022\/11\/02111045\/bud-chair_dietro-768x851.jpg 768w, https:\/\/static.formar.net\/wp-content\/uploads\/sites\/1\/2022\/11\/02111045\/bud-chair_dietro-1387x1536.jpg 1387w, https:\/\/static.formar.net\/wp-content\/uploads\/sites\/1\/2022\/11\/02111045\/bud-chair_dietro-1849x2048.jpg 1849w, https:\/\/static.formar.net\/wp-content\/uploads\/sites\/1\/2022\/11\/02111045\/bud-chair_dietro-510x565.jpg 510w, https:\/\/static.formar.net\/wp-content\/uploads\/sites\/1\/2022\/11\/02111045\/bud-chair_dietro-1200x1329.jpg 1200w, https:\/\/static.formar.net\/wp-content\/uploads\/sites\/1\/2022\/11\/02111045\/bud-chair_dietro-600x665.jpg 600w\" sizes=\"auto, (max-width: 930px) 100vw, 930px\" \/>\t\t\t\t\t\t\n\t\t\t\t\t<\/div>\n\t\t\t\t\t\t\t\t\n<style>\n#image_1926714701 {\n  width: 100%;\n}\n<\/style>\n\t<\/div>\n\t\n     <\/div>\n\n     <div class=\"loading-spin dark large centered\"><\/div>\n\n\t<\/div>\n\n\n<h3>SILLA BUD 09<\/h3>\n<p>Una silla <strong>elegante<\/strong> y <strong>refinada<\/strong>, que combina con cualquier tipo de mobiliario y es perfecta para la cocina, el sal\u00f3n, el dormitorio, el estudio y la sala de espera.<br \/>\nLa Silla Bud 09 es imprescindible en casa o en el estudio por su estilo sencillo pero elegante.<br \/>\nAdem\u00e1s de ser est\u00e9ticamente agradable, la silla es c\u00f3moda y tambi\u00e9n perfecta como mueble.<br \/>\nEl asiento de polipropileno es <strong>ergon\u00f3mico<\/strong>, muy <strong>resistente<\/strong> y est\u00e1 disponible en dos bonitas variantes de color, blanco y azul fuerza a\u00e9rea, para satisfacer todos los gustos y necesidades.<br \/>\nEl armaz\u00f3n es de metal cromado en ambas variantes de color.<\/p>\n<h3 class=\"av-special-heading-tag \">DISE\u00d1O PRODUCTO<\/h3>\n<p>Fue concebido y dise\u00f1ado por el dise\u00f1ador Chen Zhiyi, director de dise\u00f1o de la empresa Morikawa Furniture.<br \/>\nZhiyi gan\u00f3 un prestigioso premio en la Exposici\u00f3n Internacional del Mueble de Shanghai y desempe\u00f1a un importante papel en la escena mundial del dise\u00f1o de interiores.<br \/>\n&#8220;Sencillez, moda y protecci\u00f3n del medio ambiente&#8221; es la filosof\u00eda de su trabajo. <\/p>\n<h3 class=\"av-special-heading-tag \">PRODUCTO CERTIFICADO<\/h3>\n<p>El producto ha sido <strong>sometido a pruebas UNI<\/strong> en SGS.<\/p>\n<h3 class=\"av-special-heading-tag \">DIMENSIONES DEL PRODUCTO<\/h3>\n<p>El producto mide<br \/>\n&#8211; 53 cm de largo<br \/>\n&#8211; 61,5 cm de profundidad<br \/>\n&#8211; 80 cm de altura<br \/>\nLa altura del asiento mide 45,5 cm desde el suelo.<\/p>\n<div class=\"info-block\">\n<h3 class=\"av-special-heading-tag \">DISPONIBLE EN DOS VARIANTES DE COLOR<\/h3>\n<\/div>\n\n\t<section class=\"section\" id=\"section_65634969\">\n\t\t<div class=\"section-bg fill\" >\n\t\t\t\t\t\t\t\t\t\n\t\t\t\n\n\t\t<\/div>\n\n\t\t\n\n\t\t<div class=\"section-content relative\">\n\t\t\t\n<div class=\"row\"  id=\"row-1997639303\">\n\n\t<div id=\"col-799883533\" class=\"col medium-6 small-6 large-6\"  >\n\t\t\t\t<div class=\"col-inner text-center\"  >\n\t\t\t\n\t\t\t\n\t<div class=\"box has-hover   has-hover box-text-bottom\" >\n\n\t\t<div class=\"box-image\" >\n\t\t\t\t\t\t<div class=\"\" >\n\t\t\t\t<img loading=\"lazy\" decoding=\"async\" width=\"1012\" height=\"1012\" src=\"https:\/\/static.formar.net\/wp-content\/uploads\/2020\/12\/22164407\/Immagini-di-prodotto-x-Amazon-28.png\" class=\"attachment- size-\" alt=\"\" \/>\t\t\t\t\t\t\t\t\t\t\t<\/div>\n\t\t\t\t\t<\/div>\n\n\t\t<div class=\"box-text text-center\" >\n\t\t\t<div class=\"box-text-inner\">\n\t\t\t\t\n\t<div id=\"text-285448322\" class=\"text\">\n\t\t\n<p>Blanco<br \/>\n\t\t\n<style>\n#text-285448322 {\n  font-size: 1.5rem;\n}\n<\/style>\n\t<\/div>\n\t\n\t\t\t<\/div>\n\t\t<\/div>\n\t<\/div>\n\t\n\t<div class=\"img has-hover x md-x lg-x y md-y lg-y\" id=\"image_381163463\">\n\t\t<a class=\"\" href=\"https:\/\/formar.shop\/wp-content\/uploads\/2022\/10\/68_BIANCO_O_A.jpg\" >\t\t\t\t\t\t<div class=\"img-inner dark\" >\n\t\t\t\t\t\t\t\t\t\n\t\t\t\t\t<\/div>\n\t\t\t\t\t\t<\/a>\t\t\n<style>\n#image_381163463 {\n  width: 50%;\n}\n<\/style>\n\t<\/div>\n\t\n\t\t<\/div>\n\t\t\t\t\t<\/div>\n\n\t\n\n\t<div id=\"col-609961281\" class=\"col medium-6 small-6 large-6\"  >\n\t\t\t\t<div class=\"col-inner text-center\"  >\n\t\t\t\n\t\t\t\n\t<div class=\"box has-hover   has-hover box-text-bottom\" >\n\n\t\t<div class=\"box-image\" >\n\t\t\t\t\t\t<div class=\"\" >\n\t\t\t\t<img loading=\"lazy\" decoding=\"async\" width=\"1012\" height=\"1012\" src=\"https:\/\/static.formar.net\/wp-content\/uploads\/2020\/12\/22164335\/Immagini-di-prodotto-x-Amazon-26.png\" class=\"attachment- size-\" alt=\"\" \/>\t\t\t\t\t\t\t\t\t\t\t<\/div>\n\t\t\t\t\t<\/div>\n\n\t\t<div class=\"box-text text-center\" >\n\t\t\t<div class=\"box-text-inner\">\n\t\t\t\t\n\t<div id=\"text-3667415893\" class=\"text\">\n\t\t\n<p>Azul Avio<br \/>\n\t\t\n<style>\n#text-3667415893 {\n  font-size: 1.5rem;\n}\n<\/style>\n\t<\/div>\n\t\n\t\t\t<\/div>\n\t\t<\/div>\n\t<\/div>\n\t\n\t<div class=\"img has-hover x md-x lg-x y md-y lg-y\" id=\"image_993379672\">\n\t\t<a class=\"\" href=\"https:\/\/formar.shop\/wp-content\/uploads\/2022\/10\/03_ROVERE_O.jpg\" >\t\t\t\t\t\t<div class=\"img-inner dark\" >\n\t\t\t\t\t\t\t\t\t\n\t\t\t\t\t<\/div>\n\t\t\t\t\t\t<\/a>\t\t\n<style>\n#image_993379672 {\n  width: 50%;\n}\n<\/style>\n\t<\/div>\n\t\n\t\t<\/div>\n\t\t\t\t\t<\/div>\n\n\t\n<\/div>\n<h3>CUIDADO Y MANTENIMIENTO:<\/h3>\n<p>Prueba primero la compatibilidad de los limpiadores en una zona no visible.<br \/>\nNunca utilices limpiadores o abrillantadores con part\u00edculas abrasivas o desengrasantes.<br \/>\nLimpia siempre con un pa\u00f1o h\u00famedo y seca.<\/p>\n\t\t<\/div>\n\n\t\t\n<style>\n#section_65634969 {\n  padding-top: 30px;\n  padding-bottom: 30px;\n}\n<\/style>\n\t<\/section>\n\t\n\n\t<section class=\"section\" id=\"section_1866194913\">\n\t\t<div class=\"section-bg fill\" >\n\t\t\t\t\t\t\t\t\t\n\t\t\t\n\n\t\t<\/div>\n\n\t\t\n\n\t\t<div class=\"section-content relative\">\n\t\t\t\n<div class=\"is-divider divider clearfix\" style=\"max-width:1000px;\"><\/div>\n<div class=\"row row-solid\"  id=\"row-1615014752\">\n\n\t<div id=\"col-1437175691\" class=\"col medium-3 small-12 large-3\"  >\n\t\t\t\t<div class=\"col-inner\"  >\n\t\t\t\n\t\t\t\n\n\t\t<div class=\"icon-box featured-box icon-box-center text-center\"  >\n\t\t\t\t\t<div class=\"icon-box-img\" style=\"width: 50px\">\n\t\t\t\t<div class=\"icon\">\n\t\t\t\t\t<div class=\"icon-inner\" >\n\t\t\t\t\t\t<img loading=\"lazy\" decoding=\"async\" width=\"128\" height=\"128\" src=\"https:\/\/static.formar.net\/wp-content\/uploads\/sites\/1\/2022\/10\/02111131\/2703076-128-1-1.png\" class=\"attachment-medium size-medium\" alt=\"\" srcset=\"https:\/\/static.formar.net\/wp-content\/uploads\/sites\/1\/2022\/10\/02111131\/2703076-128-1-1.png 128w, https:\/\/static.formar.net\/wp-content\/uploads\/sites\/1\/2022\/10\/02111131\/2703076-128-1-1-80x80.png 80w, https:\/\/static.formar.net\/wp-content\/uploads\/sites\/1\/2022\/10\/02111131\/2703076-128-1-1-100x100.png 100w, https:\/\/static.formar.net\/wp-content\/uploads\/sites\/1\/2022\/10\/02111131\/2703076-128-1-1-50x50.png 50w\" sizes=\"auto, (max-width: 128px) 100vw, 128px\" \/>\t\t\t\t\t<\/div>\n\t\t\t\t<\/div>\n\t\t\t<\/div>\n\t\t\t\t<div class=\"icon-box-text last-reset\">\n\t\t\t\t\t\t\t\t\t\n<h3>Servicio de atenci\u00f3n al cliente siempre disponible<\/h3>\n<p>Puedes contactar con nosotros por WhatsApp: <a href=\"https:\/\/api.whatsapp.com\/send\/?phone=390715906063&amp;text&amp;type=phone_number&amp;app_absent=0\">+39 071 5906063<\/a><br \/>\nPedidos por tel\u00e9fono: <a href=\"tel:+39800122267\">800 122 267<\/a><\/p>\n\t\t<\/div>\n\t<\/div>\n\t\n\t\n\t\t<\/div>\n\t\t\t\t\t<\/div>\n\n\t\n\n\t<div id=\"col-1630863164\" class=\"col medium-3 small-12 large-3\"  >\n\t\t\t\t<div class=\"col-inner\"  >\n\t\t\t\n\t\t\t\n\n\t\t<div class=\"icon-box featured-box icon-box-center text-center\"  >\n\t\t\t\t\t<div class=\"icon-box-img\" style=\"width: 50px\">\n\t\t\t\t<div class=\"icon\">\n\t\t\t\t\t<div class=\"icon-inner\" >\n\t\t\t\t\t\t<img loading=\"lazy\" decoding=\"async\" width=\"256\" height=\"256\" src=\"https:\/\/static.formar.net\/wp-content\/uploads\/sites\/1\/2022\/11\/02111117\/Icona-carta-di-credito.png\" class=\"attachment-medium size-medium\" alt=\"\" srcset=\"https:\/\/static.formar.net\/wp-content\/uploads\/sites\/1\/2022\/11\/02111117\/Icona-carta-di-credito.png 256w, https:\/\/static.formar.net\/wp-content\/uploads\/sites\/1\/2022\/11\/02111117\/Icona-carta-di-credito-80x80.png 80w, https:\/\/static.formar.net\/wp-content\/uploads\/sites\/1\/2022\/11\/02111117\/Icona-carta-di-credito-100x100.png 100w, https:\/\/static.formar.net\/wp-content\/uploads\/sites\/1\/2022\/11\/02111117\/Icona-carta-di-credito-50x50.png 50w\" sizes=\"auto, (max-width: 256px) 100vw, 256px\" \/>\t\t\t\t\t<\/div>\n\t\t\t\t<\/div>\n\t\t\t<\/div>\n\t\t\t\t<div class=\"icon-box-text last-reset\">\n\t\t\t\t\t\t\t\t\t\n<h3>Elija la forma de pago<\/h3>\n<p>Pago mediante Paypal, tarjeta de cr\u00e9dito, efectivo o Bancomat (in situ) y contra reembolso<\/p>\n\t\t<\/div>\n\t<\/div>\n\t\n\t\n\t\t<\/div>\n\t\t\t\t\t<\/div>\n\n\t\n\n\t<div id=\"col-156161888\" class=\"col medium-3 small-12 large-3\"  >\n\t\t\t\t<div class=\"col-inner\"  >\n\t\t\t\n\t\t\t\n\n\t\t<div class=\"icon-box featured-box icon-box-center text-center\"  >\n\t\t\t\t\t<div class=\"icon-box-img\" style=\"width: 50px\">\n\t\t\t\t<div class=\"icon\">\n\t\t\t\t\t<div class=\"icon-inner\" >\n\t\t\t\t\t\t<img loading=\"lazy\" decoding=\"async\" width=\"128\" height=\"128\" src=\"https:\/\/static.formar.net\/wp-content\/uploads\/sites\/1\/2022\/10\/02111130\/3669335-128-1.png\" class=\"attachment-medium size-medium\" alt=\"\" srcset=\"https:\/\/static.formar.net\/wp-content\/uploads\/sites\/1\/2022\/10\/02111130\/3669335-128-1.png 128w, https:\/\/static.formar.net\/wp-content\/uploads\/sites\/1\/2022\/10\/02111130\/3669335-128-1-80x80.png 80w, https:\/\/static.formar.net\/wp-content\/uploads\/sites\/1\/2022\/10\/02111130\/3669335-128-1-100x100.png 100w, https:\/\/static.formar.net\/wp-content\/uploads\/sites\/1\/2022\/10\/02111130\/3669335-128-1-50x50.png 50w\" sizes=\"auto, (max-width: 128px) 100vw, 128px\" \/>\t\t\t\t\t<\/div>\n\t\t\t\t<\/div>\n\t\t\t<\/div>\n\t\t\t\t<div class=\"icon-box-text last-reset\">\n\t\t\t\t\t\t\t\t\t\n<h3>Devoluci\u00f3n f\u00e1cil y sin preocupaciones<\/h3>\n<p>En caso de problemas, organizamos la recogida directamente en su domicilio.<a href=\"https:\/\/formar.shop\/es\/normas-de-devolucion\/\">(M\u00e1s detalles<\/a>).<\/p>\n\t\t<\/div>\n\t<\/div>\n\t\n\t\n\t\t<\/div>\n\t\t\t\t\t<\/div>\n\n\t\n\n\t<div id=\"col-786906168\" class=\"col medium-3 small-12 large-3\"  >\n\t\t\t\t<div class=\"col-inner\"  >\n\t\t\t\n\t\t\t\n\n\t\t<div class=\"icon-box featured-box icon-box-center text-center\"  >\n\t\t\t\t\t<div class=\"icon-box-img\" style=\"width: 50px\">\n\t\t\t\t<div class=\"icon\">\n\t\t\t\t\t<div class=\"icon-inner\" >\n\t\t\t\t\t\t<img loading=\"lazy\" decoding=\"async\" width=\"128\" height=\"128\" src=\"https:\/\/static.formar.net\/wp-content\/uploads\/sites\/1\/2022\/10\/02111130\/5959201-128-1.png\" class=\"attachment-medium size-medium\" alt=\"\" srcset=\"https:\/\/static.formar.net\/wp-content\/uploads\/sites\/1\/2022\/10\/02111130\/5959201-128-1.png 128w, https:\/\/static.formar.net\/wp-content\/uploads\/sites\/1\/2022\/10\/02111130\/5959201-128-1-80x80.png 80w, https:\/\/static.formar.net\/wp-content\/uploads\/sites\/1\/2022\/10\/02111130\/5959201-128-1-100x100.png 100w, https:\/\/static.formar.net\/wp-content\/uploads\/sites\/1\/2022\/10\/02111130\/5959201-128-1-50x50.png 50w\" sizes=\"auto, (max-width: 128px) 100vw, 128px\" \/>\t\t\t\t\t<\/div>\n\t\t\t\t<\/div>\n\t\t\t<\/div>\n\t\t\t\t<div class=\"icon-box-text last-reset\">\n\t\t\t\t\t\t\t\t\t\n<h3>Garant\u00eda del fabricante y piezas de repuesto<\/h3>\n<p>Todos nuestros productos tienen nuestra garant\u00eda.<br \/>\nPara muchos productos garantizamos las piezas de repuesto durante el mismo periodo.<\/p>\n\t\t<\/div>\n\t<\/div>\n\t\n\t\n\t\t<\/div>\n\t\t\t\t\t<\/div>\n\n\t\n\n<style>\n#row-1615014752 > .col > .col-inner {\n  padding: 20px 20px 20px 20px;\n}\n<\/style>\n<\/div>\n\t\t<\/div>\n\n\t\t\n<style>\n#section_1866194913 {\n  padding-top: 30px;\n  padding-bottom: 30px;\n}\n<\/style>\n\t<\/section>\n\t\n","protected":false},"excerpt":{"rendered":"<p>Concebida y dise\u00f1ada por el dise\u00f1ador CHEN ZHIYI, esta silla elegante y refinada combina bien con cualquier tipo de mobiliario.<br \/>\nEl armaz\u00f3n es de metal cromado, mientras que el asiento, de polipropileno, est\u00e1 disponible en dos colores: blanco y azul fuerza a\u00e9rea.<br \/>\nGracias al kit suministrado, el montaje es r\u00e1pido y sencillo.  <\/p>\n","protected":false},"featured_media":13469,"template":"","meta":{"_joinchat":[]},"product_brand":[],"product_cat":[1016,994],"product_tag":[1017],"class_list":{"0":"post-26281","1":"product","2":"type-product","3":"status-publish","4":"has-post-thumbnail","6":"product_cat-asientos","7":"product_cat-inicio","8":"product_tag-sillas","10":"first","11":"instock","12":"taxable","13":"shipping-taxable","14":"purchasable","15":"product-type-variable"},"yoast_head":"<!-- This site is optimized with the Yoast SEO plugin v27.3 - https:\/\/yoast.com\/product\/yoast-seo-wordpress\/ -->\n<title>Silla - Silla Bud 09 - Formar.shop<\/title>\n<meta name=\"robots\" content=\"index, follow, max-snippet:-1, max-image-preview:large, max-video-preview:-1\" \/>\n<link rel=\"canonical\" href=\"https:\/\/formar.shop\/es\/prodotto\/silla-bud-silla-09\/\" \/>\n<script type=\"application\/ld+json\" class=\"yoast-schema-graph\">{\"@context\":\"https:\\\/\\\/schema.org\",\"@graph\":[{\"@type\":\"WebPage\",\"@id\":\"https:\\\/\\\/formar.shop\\\/es\\\/prodotto\\\/silla-bud-silla-09\\\/\",\"url\":\"https:\\\/\\\/formar.shop\\\/es\\\/prodotto\\\/silla-bud-silla-09\\\/\",\"name\":\"Silla - Silla Bud 09 - Formar.shop\",\"isPartOf\":{\"@id\":\"https:\\\/\\\/formar.shop\\\/es\\\/#website\"},\"primaryImageOfPage\":{\"@id\":\"https:\\\/\\\/formar.shop\\\/es\\\/prodotto\\\/silla-bud-silla-09\\\/#primaryimage\"},\"image\":{\"@id\":\"https:\\\/\\\/formar.shop\\\/es\\\/prodotto\\\/silla-bud-silla-09\\\/#primaryimage\"},\"thumbnailUrl\":\"https:\\\/\\\/static.formar.net\\\/wp-content\\\/uploads\\\/2020\\\/12\\\/22164335\\\/Immagini-di-prodotto-x-Amazon-26.png\",\"datePublished\":\"2023-02-06T17:44:23+00:00\",\"dateModified\":\"2024-04-16T16:11:52+00:00\",\"breadcrumb\":{\"@id\":\"https:\\\/\\\/formar.shop\\\/es\\\/prodotto\\\/silla-bud-silla-09\\\/#breadcrumb\"},\"inLanguage\":\"es-ES\",\"potentialAction\":[{\"@type\":\"ReadAction\",\"target\":[\"https:\\\/\\\/formar.shop\\\/es\\\/prodotto\\\/silla-bud-silla-09\\\/\"]}]},{\"@type\":\"ImageObject\",\"inLanguage\":\"es-ES\",\"@id\":\"https:\\\/\\\/formar.shop\\\/es\\\/prodotto\\\/silla-bud-silla-09\\\/#primaryimage\",\"url\":\"https:\\\/\\\/static.formar.net\\\/wp-content\\\/uploads\\\/2020\\\/12\\\/22164335\\\/Immagini-di-prodotto-x-Amazon-26.png\",\"contentUrl\":\"https:\\\/\\\/static.formar.net\\\/wp-content\\\/uploads\\\/2020\\\/12\\\/22164335\\\/Immagini-di-prodotto-x-Amazon-26.png\",\"width\":1012,\"height\":1012},{\"@type\":\"BreadcrumbList\",\"@id\":\"https:\\\/\\\/formar.shop\\\/es\\\/prodotto\\\/silla-bud-silla-09\\\/#breadcrumb\",\"itemListElement\":[{\"@type\":\"ListItem\",\"position\":1,\"name\":\"Home\",\"item\":\"https:\\\/\\\/formar.shop\\\/es\\\/auto-draft\\\/\"},{\"@type\":\"ListItem\",\"position\":2,\"name\":\"Tienda\",\"item\":\"https:\\\/\\\/es.formar.shop\\\/tienda\\\/\"},{\"@type\":\"ListItem\",\"position\":3,\"name\":\"Silla &#8211; Silla Bud 09\"}]},{\"@type\":\"WebSite\",\"@id\":\"https:\\\/\\\/formar.shop\\\/es\\\/#website\",\"url\":\"https:\\\/\\\/formar.shop\\\/es\\\/\",\"name\":\"Formar.shop\",\"description\":\"Soluzioni espresse con stile\",\"potentialAction\":[{\"@type\":\"SearchAction\",\"target\":{\"@type\":\"EntryPoint\",\"urlTemplate\":\"https:\\\/\\\/formar.shop\\\/es\\\/?s={search_term_string}\"},\"query-input\":{\"@type\":\"PropertyValueSpecification\",\"valueRequired\":true,\"valueName\":\"search_term_string\"}}],\"inLanguage\":\"es-ES\"}]}<\/script>\n<!-- \/ Yoast SEO plugin. -->","yoast_head_json":{"title":"Silla - Silla Bud 09 - Formar.shop","robots":{"index":"index","follow":"follow","max-snippet":"max-snippet:-1","max-image-preview":"max-image-preview:large","max-video-preview":"max-video-preview:-1"},"canonical":"https:\/\/formar.shop\/es\/prodotto\/silla-bud-silla-09\/","schema":{"@context":"https:\/\/schema.org","@graph":[{"@type":"WebPage","@id":"https:\/\/formar.shop\/es\/prodotto\/silla-bud-silla-09\/","url":"https:\/\/formar.shop\/es\/prodotto\/silla-bud-silla-09\/","name":"Silla - Silla Bud 09 - Formar.shop","isPartOf":{"@id":"https:\/\/formar.shop\/es\/#website"},"primaryImageOfPage":{"@id":"https:\/\/formar.shop\/es\/prodotto\/silla-bud-silla-09\/#primaryimage"},"image":{"@id":"https:\/\/formar.shop\/es\/prodotto\/silla-bud-silla-09\/#primaryimage"},"thumbnailUrl":"https:\/\/static.formar.net\/wp-content\/uploads\/2020\/12\/22164335\/Immagini-di-prodotto-x-Amazon-26.png","datePublished":"2023-02-06T17:44:23+00:00","dateModified":"2024-04-16T16:11:52+00:00","breadcrumb":{"@id":"https:\/\/formar.shop\/es\/prodotto\/silla-bud-silla-09\/#breadcrumb"},"inLanguage":"es-ES","potentialAction":[{"@type":"ReadAction","target":["https:\/\/formar.shop\/es\/prodotto\/silla-bud-silla-09\/"]}]},{"@type":"ImageObject","inLanguage":"es-ES","@id":"https:\/\/formar.shop\/es\/prodotto\/silla-bud-silla-09\/#primaryimage","url":"https:\/\/static.formar.net\/wp-content\/uploads\/2020\/12\/22164335\/Immagini-di-prodotto-x-Amazon-26.png","contentUrl":"https:\/\/static.formar.net\/wp-content\/uploads\/2020\/12\/22164335\/Immagini-di-prodotto-x-Amazon-26.png","width":1012,"height":1012},{"@type":"BreadcrumbList","@id":"https:\/\/formar.shop\/es\/prodotto\/silla-bud-silla-09\/#breadcrumb","itemListElement":[{"@type":"ListItem","position":1,"name":"Home","item":"https:\/\/formar.shop\/es\/auto-draft\/"},{"@type":"ListItem","position":2,"name":"Tienda","item":"https:\/\/es.formar.shop\/tienda\/"},{"@type":"ListItem","position":3,"name":"Silla &#8211; Silla Bud 09"}]},{"@type":"WebSite","@id":"https:\/\/formar.shop\/es\/#website","url":"https:\/\/formar.shop\/es\/","name":"Formar.shop","description":"Soluzioni espresse con stile","potentialAction":[{"@type":"SearchAction","target":{"@type":"EntryPoint","urlTemplate":"https:\/\/formar.shop\/es\/?s={search_term_string}"},"query-input":{"@type":"PropertyValueSpecification","valueRequired":true,"valueName":"search_term_string"}}],"inLanguage":"es-ES"}]}},"_links":{"self":[{"href":"https:\/\/formar.shop\/es\/wp-json\/wp\/v2\/product\/26281","targetHints":{"allow":["GET"]}}],"collection":[{"href":"https:\/\/formar.shop\/es\/wp-json\/wp\/v2\/product"}],"about":[{"href":"https:\/\/formar.shop\/es\/wp-json\/wp\/v2\/types\/product"}],"wp:featuredmedia":[{"embeddable":true,"href":"https:\/\/formar.shop\/es\/wp-json\/wp\/v2\/media\/13469"}],"wp:attachment":[{"href":"https:\/\/formar.shop\/es\/wp-json\/wp\/v2\/media?parent=26281"}],"wp:term":[{"taxonomy":"product_brand","embeddable":true,"href":"https:\/\/formar.shop\/es\/wp-json\/wp\/v2\/product_brand?post=26281"},{"taxonomy":"product_cat","embeddable":true,"href":"https:\/\/formar.shop\/es\/wp-json\/wp\/v2\/product_cat?post=26281"},{"taxonomy":"product_tag","embeddable":true,"href":"https:\/\/formar.shop\/es\/wp-json\/wp\/v2\/product_tag?post=26281"}],"curies":[{"name":"wp","href":"https:\/\/api.w.org\/{rel}","templated":true}]}}