{"id":26272,"date":"2020-12-20T20:33:55","date_gmt":"2023-02-06T17:44:14","guid":{"rendered":"https:\/\/formar.shop\/prodotto\/mesa-libreria-cubo-01\/"},"modified":"2024-04-16T18:11:46","modified_gmt":"2024-04-16T16:11:46","slug":"mesa-cubo-01","status":"publish","type":"product","link":"https:\/\/formar.shop\/es\/prodotto\/mesa-cubo-01\/","title":{"rendered":"Librer\u00eda &#8211; Mesa cubo 01"},"content":{"rendered":"<h2>MESA LIBRER\u00cdA CUBO 01<\/h2>\n<p>Peque\u00f1a mesa o librer\u00eda que proporciona amplio almacenamiento en un espacio reducido.<\/p>\n<h2 class=\"a-spacing-mini\">Aportar\u00e1s personalidad, car\u00e1cter y distinci\u00f3n a tu hogar con la mesa librer\u00eda Cube Table 01.<\/h2>\n<p>Su dise\u00f1o original, sencillo y pr\u00e1ctico ofrece un elegante equilibrio de orden y belleza en cualquier estancia de tu hogar.<br \/>\nPerfecto para colocar libros u objetos decorativos. <\/p>\n<p>La base es blanca, mientras que la parte superior est\u00e1 disponible en tres hermosas variantes: rojo, negro y gris.<\/p>\n<h3 class=\"av-special-heading-tag \">DISE\u00d1O PRODUCTO<\/h3>\n<p>Fue concebido y dise\u00f1ado por el dise\u00f1ador italiano Mario Mazzer, que se licenci\u00f3 en Arquitectura en el Polit\u00e9cnico de Mil\u00e1n en 1978 y se gradu\u00f3 en Dise\u00f1o Industrial en la Scuola Politecnica di Design de Mil\u00e1n en 1979.<br \/>\nAqu\u00ed se form\u00f3 en los a\u00f1os 70 trabajando con los maestros del dise\u00f1o italiano y en 1980 fund\u00f3 Mario Mazzer Arquitectos en Conegliano V\u00e9neto. <br \/>Ganador de m\u00faltiples premios, en 1996 recibi\u00f3 una menci\u00f3n honor\u00edfica en la ID Annual Design Review de Nueva York.<br \/>\nAl mostrar su trabajo, ha contribuido en gran medida a promover la popularidad de los productos italianos en todo el mundo. <\/p>\n<h3 class=\"av-special-heading-tag \">DIMENSIONES DEL PRODUCTO<\/h3>\n<p>La medida individual del producto:<\/p>\n<ul>\n<li>40 cm de longitud<\/li>\n<li>40 cm de profundidad<\/li>\n<li>33,5 cm de altura<\/li>\n<\/ul>\n<div class=\"is-divider divider clearfix\" style=\"max-width:1000px;\"><\/div>\n<div class=\"row\"  id=\"row-450618026\">\n\n\t<div id=\"col-271396202\" class=\"col small-12 large-12\"  >\n\t\t\t\t<div class=\"col-inner\"  >\n\t\t\t\n\t\t\t\n\n\t\t<div class=\"icon-box featured-box icon-box-left text-left\"  >\n\t\t\t\t\t<div class=\"icon-box-img\" style=\"width: 20px\">\n\t\t\t\t<div class=\"icon\">\n\t\t\t\t\t<div class=\"icon-inner\" >\n\t\t\t\t\t\t<img loading=\"lazy\" decoding=\"async\" width=\"300\" height=\"300\" src=\"https:\/\/static.formar.net\/wp-content\/uploads\/2022\/09\/20173538\/Icona-telefono-300x300.png\" class=\"attachment-medium size-medium\" alt=\"\" srcset=\"https:\/\/static.formar.net\/wp-content\/uploads\/2022\/09\/20173538\/Icona-telefono-300x300.png 300w, https:\/\/static.formar.net\/wp-content\/uploads\/2022\/09\/20173538\/Icona-telefono-80x80.png 80w, https:\/\/static.formar.net\/wp-content\/uploads\/2022\/09\/20173538\/Icona-telefono-510x510.png 510w, https:\/\/static.formar.net\/wp-content\/uploads\/2022\/09\/20173538\/Icona-telefono-100x100.png 100w, https:\/\/static.formar.net\/wp-content\/uploads\/2022\/09\/20173538\/Icona-telefono-50x50.png 50w, https:\/\/static.formar.net\/wp-content\/uploads\/2022\/09\/20173538\/Icona-telefono.png 512w\" sizes=\"auto, (max-width: 300px) 100vw, 300px\" \/>\t\t\t\t\t<\/div>\n\t\t\t\t<\/div>\n\t\t\t<\/div>\n\t\t\t\t<div class=\"icon-box-text last-reset\">\n\t\t\t\t\t\t\t\t\t\n<h3>\n            <span style=\"font-size: 75%;\">Pedidos por tel\u00e9fono: 800 122 267<\/span><br \/>\n          <\/h3>\n\t\t<\/div>\n\t<\/div>\n\t\n\t\n\n\t\t<div class=\"icon-box featured-box icon-box-left text-left\"  >\n\t\t\t\t\t<div class=\"icon-box-img\" style=\"width: 20px\">\n\t\t\t\t<div class=\"icon\">\n\t\t\t\t\t<div class=\"icon-inner\" >\n\t\t\t\t\t\t<img loading=\"lazy\" decoding=\"async\" width=\"300\" height=\"300\" src=\"https:\/\/static.formar.net\/wp-content\/uploads\/2022\/09\/20173537\/Icona-whatsapp-1-300x300.png\" class=\"attachment-medium size-medium\" alt=\"\" srcset=\"https:\/\/static.formar.net\/wp-content\/uploads\/2022\/09\/20173537\/Icona-whatsapp-1-300x300.png 300w, https:\/\/static.formar.net\/wp-content\/uploads\/2022\/09\/20173537\/Icona-whatsapp-1-80x80.png 80w, https:\/\/static.formar.net\/wp-content\/uploads\/2022\/09\/20173537\/Icona-whatsapp-1-510x510.png 510w, https:\/\/static.formar.net\/wp-content\/uploads\/2022\/09\/20173537\/Icona-whatsapp-1-100x100.png 100w, https:\/\/static.formar.net\/wp-content\/uploads\/2022\/09\/20173537\/Icona-whatsapp-1-50x50.png 50w, https:\/\/static.formar.net\/wp-content\/uploads\/2022\/09\/20173537\/Icona-whatsapp-1-600x600.png 600w, https:\/\/static.formar.net\/wp-content\/uploads\/2022\/09\/20173537\/Icona-whatsapp-1.png 720w\" sizes=\"auto, (max-width: 300px) 100vw, 300px\" \/>\t\t\t\t\t<\/div>\n\t\t\t\t<\/div>\n\t\t\t<\/div>\n\t\t\t\t<div class=\"icon-box-text last-reset\">\n\t\t\t\t\t\t\t\t\t\n<h3>\n            <span style=\"font-size: 75%;\">WhatsApp: <a href=\"https:\/\/api.whatsapp.com\/send\/?phone=390715906063&amp;text&amp;type=phone_number&amp;app_absent=0\">+39 071 5906063<\/a><\/span><br \/>\n          <\/h3>\n\t\t<\/div>\n\t<\/div>\n\t\n\t\n\n\t\t<div class=\"icon-box featured-box icon-box-left text-left\"  >\n\t\t\t\t\t<div class=\"icon-box-img\" style=\"width: 20px\">\n\t\t\t\t<div class=\"icon\">\n\t\t\t\t\t<div class=\"icon-inner\" >\n\t\t\t\t\t\t<img loading=\"lazy\" decoding=\"async\" width=\"300\" height=\"300\" src=\"https:\/\/static.formar.net\/wp-content\/uploads\/2022\/09\/20173537\/Icona-lucchetto-300x300.png\" class=\"attachment-medium size-medium\" alt=\"\" srcset=\"https:\/\/static.formar.net\/wp-content\/uploads\/2022\/09\/20173537\/Icona-lucchetto-300x300.png 300w, https:\/\/static.formar.net\/wp-content\/uploads\/2022\/09\/20173537\/Icona-lucchetto-80x80.png 80w, https:\/\/static.formar.net\/wp-content\/uploads\/2022\/09\/20173537\/Icona-lucchetto-100x100.png 100w, https:\/\/static.formar.net\/wp-content\/uploads\/2022\/09\/20173537\/Icona-lucchetto-50x50.png 50w, https:\/\/static.formar.net\/wp-content\/uploads\/2022\/09\/20173537\/Icona-lucchetto.png 500w\" sizes=\"auto, (max-width: 300px) 100vw, 300px\" \/>\t\t\t\t\t<\/div>\n\t\t\t\t<\/div>\n\t\t\t<\/div>\n\t\t\t\t<div class=\"icon-box-text last-reset\">\n\t\t\t\t\t\t\t\t\t\n<h3>\n            <span style=\"font-size: 75%;\">Pagos seguros con descifrado SSL<\/span><br \/>\n          <\/h3>\n\t\t<\/div>\n\t<\/div>\n\t\n\t\n\n\t\t<div class=\"icon-box featured-box icon-box-left text-left\"  >\n\t\t\t\t\t<div class=\"icon-box-img\" style=\"width: 20px\">\n\t\t\t\t<div class=\"icon\">\n\t\t\t\t\t<div class=\"icon-inner\" >\n\t\t\t\t\t\t<img loading=\"lazy\" decoding=\"async\" width=\"224\" height=\"224\" src=\"https:\/\/static.formar.net\/wp-content\/uploads\/sites\/1\/2022\/10\/02111142\/Icona-furgone.png\" class=\"attachment-medium size-medium\" alt=\"\" srcset=\"https:\/\/static.formar.net\/wp-content\/uploads\/sites\/1\/2022\/10\/02111142\/Icona-furgone.png 224w, https:\/\/static.formar.net\/wp-content\/uploads\/sites\/1\/2022\/10\/02111142\/Icona-furgone-80x80.png 80w, https:\/\/static.formar.net\/wp-content\/uploads\/sites\/1\/2022\/10\/02111142\/Icona-furgone-100x100.png 100w, https:\/\/static.formar.net\/wp-content\/uploads\/sites\/1\/2022\/10\/02111142\/Icona-furgone-50x50.png 50w\" sizes=\"auto, (max-width: 224px) 100vw, 224px\" \/>\t\t\t\t\t<\/div>\n\t\t\t\t<\/div>\n\t\t\t<\/div>\n\t\t\t\t<div class=\"icon-box-text last-reset\">\n\t\t\t\t\t\t\t\t\t\n<h3>\n            <span style=\"font-size: 75%;\">Env\u00edo gratuito siempre<\/span><br \/>\n          <\/h3>\n\t\t<\/div>\n\t<\/div>\n\t\n\t\n\n\t\t<div class=\"icon-box featured-box icon-box-left text-left\"  >\n\t\t\t\t\t<div class=\"icon-box-img\" style=\"width: 20px\">\n\t\t\t\t<div class=\"icon\">\n\t\t\t\t\t<div class=\"icon-inner\" >\n\t\t\t\t\t\t<img loading=\"lazy\" decoding=\"async\" width=\"256\" height=\"256\" src=\"https:\/\/static.formar.net\/wp-content\/uploads\/sites\/1\/2022\/10\/02111142\/Icona-carta-di-credito.png\" class=\"attachment-medium size-medium\" alt=\"\" srcset=\"https:\/\/static.formar.net\/wp-content\/uploads\/sites\/1\/2022\/10\/02111142\/Icona-carta-di-credito.png 256w, https:\/\/static.formar.net\/wp-content\/uploads\/sites\/1\/2022\/10\/02111142\/Icona-carta-di-credito-80x80.png 80w, https:\/\/static.formar.net\/wp-content\/uploads\/sites\/1\/2022\/10\/02111142\/Icona-carta-di-credito-100x100.png 100w, https:\/\/static.formar.net\/wp-content\/uploads\/sites\/1\/2022\/10\/02111142\/Icona-carta-di-credito-50x50.png 50w\" sizes=\"auto, (max-width: 256px) 100vw, 256px\" \/>\t\t\t\t\t<\/div>\n\t\t\t\t<\/div>\n\t\t\t<\/div>\n\t\t\t\t<div class=\"icon-box-text last-reset\">\n\t\t\t\t\t\t\t\t\t\n<h3>\n            <span style=\"font-size: 75%;\"><a href=\"https:\/\/formar.shop\/es\/forma-de-pago\/\">Pago<\/a>: Paypal, Tarjeta de cr\u00e9dito, Efectivo o Bancomat (in situ), Contra reembolso<\/span><br \/>\n          <\/h3>\n\t\t<\/div>\n\t<\/div>\n\t\n\t\n\n\t\t<div class=\"icon-box featured-box icon-box-left text-left\"  >\n\t\t\t\t<div class=\"icon-box-text last-reset\">\n\t\t\t\t\t\t\t\t\t\n<h3>\n            <span style=\"font-size: 15.12px;\">Garant\u00eda del fabricante<\/span><br \/>\n          <\/h3>\n\t\t<\/div>\n\t<\/div>\n\t\n\t\n\n\t\t<div class=\"icon-box featured-box icon-box-left text-left\"  >\n\t\t\t\t<div class=\"icon-box-text last-reset\">\n\t\t\t\t\t\t\t\t\t\n<h3>\n            <span style=\"font-size: 75%;\">Devoluci\u00f3n r\u00e1pida y f\u00e1cil.  <a href=\"https:\/\/formar.shop\/es\/normas-de-devolucion\/\">Para saber m\u00e1s<\/a><\/span><br \/>\n          <\/h3>\n\t\t<\/div>\n\t<\/div>\n\t\n\t\n\t\t<\/div>\n\t\t\t\t\t<\/div>\n\n\t\n<\/div>\n","protected":false},"excerpt":{"rendered":"<p>Concebida y dise\u00f1ada por el dise\u00f1ador italiano MARIO MAZZER, esta mesa auxiliar de dise\u00f1o es adecuada para amueblar cualquier habitaci\u00f3n.<br \/>\nConsta de una base blanca y un tablero disponible en tres colores: Rojo, Negro y Gris.<br \/>\nGracias al kit suministrado, el montaje es r\u00e1pido y sencillo.  <\/p>\n","protected":false},"featured_media":13494,"template":"","meta":{"_joinchat":[]},"product_brand":[],"product_cat":[994,993],"product_tag":[1162,1012],"class_list":{"0":"post-26272","1":"product","2":"type-product","3":"status-publish","4":"has-post-thumbnail","6":"product_cat-inicio","7":"product_cat-mesas-y-mesitas-bajas","8":"product_tag-mesas-bajas","9":"product_tag-tablas","11":"first","12":"instock","13":"sale","14":"taxable","15":"shipping-taxable","16":"purchasable","17":"product-type-variable","18":"has-default-attributes"},"yoast_head":"<!-- This site is optimized with the Yoast SEO plugin v27.4 - https:\/\/yoast.com\/product\/yoast-seo-wordpress\/ -->\n<title>Librer\u00eda - Mesa cubo 01 - Formar.shop<\/title>\n<meta name=\"robots\" content=\"index, follow, max-snippet:-1, max-image-preview:large, max-video-preview:-1\" \/>\n<link rel=\"canonical\" href=\"https:\/\/formar.shop\/es\/prodotto\/mesa-cubo-01\/\" \/>\n<script type=\"application\/ld+json\" class=\"yoast-schema-graph\">{\"@context\":\"https:\\\/\\\/schema.org\",\"@graph\":[{\"@type\":\"WebPage\",\"@id\":\"https:\\\/\\\/formar.shop\\\/es\\\/prodotto\\\/mesa-cubo-01\\\/\",\"url\":\"https:\\\/\\\/formar.shop\\\/es\\\/prodotto\\\/mesa-cubo-01\\\/\",\"name\":\"Librer\u00eda - Mesa cubo 01 - Formar.shop\",\"isPartOf\":{\"@id\":\"https:\\\/\\\/formar.shop\\\/es\\\/#website\"},\"primaryImageOfPage\":{\"@id\":\"https:\\\/\\\/formar.shop\\\/es\\\/prodotto\\\/mesa-cubo-01\\\/#primaryimage\"},\"image\":{\"@id\":\"https:\\\/\\\/formar.shop\\\/es\\\/prodotto\\\/mesa-cubo-01\\\/#primaryimage\"},\"thumbnailUrl\":\"https:\\\/\\\/static.formar.net\\\/wp-content\\\/uploads\\\/2020\\\/12\\\/22191323\\\/Immagini-di-prodotto-x-Amazon-41.png\",\"datePublished\":\"2023-02-06T17:44:14+00:00\",\"dateModified\":\"2024-04-16T16:11:46+00:00\",\"breadcrumb\":{\"@id\":\"https:\\\/\\\/formar.shop\\\/es\\\/prodotto\\\/mesa-cubo-01\\\/#breadcrumb\"},\"inLanguage\":\"es-ES\",\"potentialAction\":[{\"@type\":\"ReadAction\",\"target\":[\"https:\\\/\\\/formar.shop\\\/es\\\/prodotto\\\/mesa-cubo-01\\\/\"]}]},{\"@type\":\"ImageObject\",\"inLanguage\":\"es-ES\",\"@id\":\"https:\\\/\\\/formar.shop\\\/es\\\/prodotto\\\/mesa-cubo-01\\\/#primaryimage\",\"url\":\"https:\\\/\\\/static.formar.net\\\/wp-content\\\/uploads\\\/2020\\\/12\\\/22191323\\\/Immagini-di-prodotto-x-Amazon-41.png\",\"contentUrl\":\"https:\\\/\\\/static.formar.net\\\/wp-content\\\/uploads\\\/2020\\\/12\\\/22191323\\\/Immagini-di-prodotto-x-Amazon-41.png\",\"width\":1012,\"height\":1012},{\"@type\":\"BreadcrumbList\",\"@id\":\"https:\\\/\\\/formar.shop\\\/es\\\/prodotto\\\/mesa-cubo-01\\\/#breadcrumb\",\"itemListElement\":[{\"@type\":\"ListItem\",\"position\":1,\"name\":\"Home\",\"item\":\"https:\\\/\\\/formar.shop\\\/es\\\/auto-draft\\\/\"},{\"@type\":\"ListItem\",\"position\":2,\"name\":\"Tienda\",\"item\":\"https:\\\/\\\/es.formar.shop\\\/tienda\\\/\"},{\"@type\":\"ListItem\",\"position\":3,\"name\":\"Librer\u00eda &#8211; Mesa cubo 01\"}]},{\"@type\":\"WebSite\",\"@id\":\"https:\\\/\\\/formar.shop\\\/es\\\/#website\",\"url\":\"https:\\\/\\\/formar.shop\\\/es\\\/\",\"name\":\"Formar.shop\",\"description\":\"Soluzioni espresse con stile\",\"potentialAction\":[{\"@type\":\"SearchAction\",\"target\":{\"@type\":\"EntryPoint\",\"urlTemplate\":\"https:\\\/\\\/formar.shop\\\/es\\\/?s={search_term_string}\"},\"query-input\":{\"@type\":\"PropertyValueSpecification\",\"valueRequired\":true,\"valueName\":\"search_term_string\"}}],\"inLanguage\":\"es-ES\"}]}<\/script>\n<!-- \/ Yoast SEO plugin. -->","yoast_head_json":{"title":"Librer\u00eda - Mesa cubo 01 - Formar.shop","robots":{"index":"index","follow":"follow","max-snippet":"max-snippet:-1","max-image-preview":"max-image-preview:large","max-video-preview":"max-video-preview:-1"},"canonical":"https:\/\/formar.shop\/es\/prodotto\/mesa-cubo-01\/","schema":{"@context":"https:\/\/schema.org","@graph":[{"@type":"WebPage","@id":"https:\/\/formar.shop\/es\/prodotto\/mesa-cubo-01\/","url":"https:\/\/formar.shop\/es\/prodotto\/mesa-cubo-01\/","name":"Librer\u00eda - Mesa cubo 01 - Formar.shop","isPartOf":{"@id":"https:\/\/formar.shop\/es\/#website"},"primaryImageOfPage":{"@id":"https:\/\/formar.shop\/es\/prodotto\/mesa-cubo-01\/#primaryimage"},"image":{"@id":"https:\/\/formar.shop\/es\/prodotto\/mesa-cubo-01\/#primaryimage"},"thumbnailUrl":"https:\/\/static.formar.net\/wp-content\/uploads\/2020\/12\/22191323\/Immagini-di-prodotto-x-Amazon-41.png","datePublished":"2023-02-06T17:44:14+00:00","dateModified":"2024-04-16T16:11:46+00:00","breadcrumb":{"@id":"https:\/\/formar.shop\/es\/prodotto\/mesa-cubo-01\/#breadcrumb"},"inLanguage":"es-ES","potentialAction":[{"@type":"ReadAction","target":["https:\/\/formar.shop\/es\/prodotto\/mesa-cubo-01\/"]}]},{"@type":"ImageObject","inLanguage":"es-ES","@id":"https:\/\/formar.shop\/es\/prodotto\/mesa-cubo-01\/#primaryimage","url":"https:\/\/static.formar.net\/wp-content\/uploads\/2020\/12\/22191323\/Immagini-di-prodotto-x-Amazon-41.png","contentUrl":"https:\/\/static.formar.net\/wp-content\/uploads\/2020\/12\/22191323\/Immagini-di-prodotto-x-Amazon-41.png","width":1012,"height":1012},{"@type":"BreadcrumbList","@id":"https:\/\/formar.shop\/es\/prodotto\/mesa-cubo-01\/#breadcrumb","itemListElement":[{"@type":"ListItem","position":1,"name":"Home","item":"https:\/\/formar.shop\/es\/auto-draft\/"},{"@type":"ListItem","position":2,"name":"Tienda","item":"https:\/\/es.formar.shop\/tienda\/"},{"@type":"ListItem","position":3,"name":"Librer\u00eda &#8211; Mesa cubo 01"}]},{"@type":"WebSite","@id":"https:\/\/formar.shop\/es\/#website","url":"https:\/\/formar.shop\/es\/","name":"Formar.shop","description":"Soluzioni espresse con stile","potentialAction":[{"@type":"SearchAction","target":{"@type":"EntryPoint","urlTemplate":"https:\/\/formar.shop\/es\/?s={search_term_string}"},"query-input":{"@type":"PropertyValueSpecification","valueRequired":true,"valueName":"search_term_string"}}],"inLanguage":"es-ES"}]}},"_links":{"self":[{"href":"https:\/\/formar.shop\/es\/wp-json\/wp\/v2\/product\/26272","targetHints":{"allow":["GET"]}}],"collection":[{"href":"https:\/\/formar.shop\/es\/wp-json\/wp\/v2\/product"}],"about":[{"href":"https:\/\/formar.shop\/es\/wp-json\/wp\/v2\/types\/product"}],"wp:featuredmedia":[{"embeddable":true,"href":"https:\/\/formar.shop\/es\/wp-json\/wp\/v2\/media\/13494"}],"wp:attachment":[{"href":"https:\/\/formar.shop\/es\/wp-json\/wp\/v2\/media?parent=26272"}],"wp:term":[{"taxonomy":"product_brand","embeddable":true,"href":"https:\/\/formar.shop\/es\/wp-json\/wp\/v2\/product_brand?post=26272"},{"taxonomy":"product_cat","embeddable":true,"href":"https:\/\/formar.shop\/es\/wp-json\/wp\/v2\/product_cat?post=26272"},{"taxonomy":"product_tag","embeddable":true,"href":"https:\/\/formar.shop\/es\/wp-json\/wp\/v2\/product_tag?post=26272"}],"curies":[{"name":"wp","href":"https:\/\/api.w.org\/{rel}","templated":true}]}}