{"id":26250,"date":"2022-05-31T19:21:33","date_gmt":"2023-02-06T17:37:36","guid":{"rendered":"https:\/\/formar.shop\/prodotto\/mesa-de-banco\/"},"modified":"2025-11-18T10:41:07","modified_gmt":"2025-11-18T09:41:07","slug":"mesa-de-banco","status":"publish","type":"product","link":"https:\/\/formar.shop\/es\/prodotto\/mesa-de-banco\/","title":{"rendered":"Mesa de banco"},"content":{"rendered":"\t<div id=\"gap-90521569\" class=\"gap-element clearfix\" style=\"display:block; height:auto;\">\n\t\t\n<style>\n#gap-90521569 {\n  padding-top: 30px;\n}\n<\/style>\n\t<\/div>\n\t\n\t<div id=\"text-2317749823\" class=\"text\">\n\t\t\n<h3 style=\"text-align: center;\"><span style=\"color: #333333;\">Mesa de banco para sala de espera<\/span><\/h3>\n\t\t\n<style>\n#text-2317749823 {\n  font-size: 2rem;\n  line-height: 1;\n  text-align: center;\n  color: rgb(133, 215, 130);\n}\n#text-2317749823 > * {\n  color: rgb(133, 215, 130);\n}\n@media (min-width:550px) {\n  #text-2317749823 {\n    line-height: 0.75;\n  }\n}\n<\/style>\n\t<\/div>\n\t\n<div class=\"row\"  id=\"row-1408365668\">\n\n\t<div id=\"col-1094539555\" class=\"col small-12 large-12\"  >\n\t\t\t\t<div class=\"col-inner\"  >\n\t\t\t\n\t\t\t\n\n\t<section class=\"section dark\" id=\"section_9614767\">\n\t\t<div class=\"section-bg fill\" >\n\t\t\t\t\t\t\t\t\t\n\t\t\t\n\n\t\t<\/div>\n\n\t\t\n\n\t\t<div class=\"section-content relative\">\n\t\t\t\n<div class=\"row align-center\"  id=\"row-428724575\">\n\n\t<div id=\"col-1459753169\" class=\"col medium-9 small-12 large-6\"  >\n\t\t\t\t<div class=\"col-inner text-center\"  >\n\t\t\t\n\t\t\t\n\t\t<\/div>\n\t\t\t\t\t<\/div>\n\n\t\n<\/div>\n\t\t<\/div>\n\n\t\t\n<style>\n#section_9614767 {\n  padding-top: 27px;\n  padding-bottom: 27px;\n  min-height: 400px;\n}\n#section_9614767 .section-bg img {\n  object-position: 38% 61%;\n}\n@media (min-width:550px) {\n  #section_9614767 {\n    min-height: 500px;\n  }\n}\n<\/style>\n\t<\/section>\n\t\n<div class=\"row\"  id=\"row-683154327\">\n\n\t<div id=\"col-1457857285\" class=\"col medium-6 small-12 large-6\"  >\n\t\t\t\t<div class=\"col-inner\"  >\n\t\t\t\n\t\t\t\n\t<div id=\"text-4224426375\" class=\"text\">\n\t\t\n<h3><span style=\"color: #333333;\">Chapa de acero microperforada<\/span><\/h3>\n\t\t\n<style>\n#text-4224426375 {\n  font-size: 1rem;\n  line-height: 0.75;\n  text-align: center;\n  color: rgb(133, 215, 130);\n}\n#text-4224426375 > * {\n  color: rgb(133, 215, 130);\n}\n<\/style>\n\t<\/div>\n\t\n\n\t<section class=\"section dark\" id=\"section_305404543\">\n\t\t<div class=\"section-bg fill\" >\n\t\t\t<img loading=\"lazy\" decoding=\"async\" width=\"1024\" height=\"683\" src=\"https:\/\/static.formar.net\/wp-content\/uploads\/2022\/03\/20173643\/IMG_0323.jpg\" class=\"bg attachment- size-\" alt=\"\" \/>\t\t\t\t\t\t\n\t\t\t\n\n\t\t<\/div>\n\n\t\t\n\n\t\t<div class=\"section-content relative\">\n\t\t\t\n\t<div id=\"gap-567784312\" class=\"gap-element clearfix\" style=\"display:block; height:auto;\">\n\t\t\n<style>\n#gap-567784312 {\n  padding-top: 40px;\n}\n<\/style>\n\t<\/div>\n\t\n<div class=\"row\"  id=\"row-627817069\">\n\n\t<div id=\"col-1337898505\" class=\"col small-12 large-12\"  >\n\t\t\t\t<div class=\"col-inner text-center\"  >\n\t\t\t\n\t\t\t\n\t<div id=\"gap-1348095021\" class=\"gap-element clearfix\" style=\"display:block; height:auto;\">\n\t\t\n<style>\n#gap-1348095021 {\n  padding-top: 10px;\n}\n<\/style>\n\t<\/div>\n\t\n\t\t<\/div>\n\t\t\t\t\t<\/div>\n\n\t\n<\/div>\n\t\t<\/div>\n\n\t\t\n<style>\n#section_305404543 {\n  padding-top: 0px;\n  padding-bottom: 0px;\n  min-height: 200px;\n}\n#section_305404543 .section-bg img {\n  object-position: 66% 84%;\n}\n@media (min-width:550px) {\n  #section_305404543 {\n    min-height: 275px;\n  }\n}\n<\/style>\n\t<\/section>\n\t\n\t\t<\/div>\n\t\t\t\t\t<\/div>\n\n\t\n\n\t<div id=\"col-575118904\" class=\"col medium-6 small-12 large-6\"  >\n\t\t\t\t<div class=\"col-inner text-center\"  >\n\t\t\t\n\t\t\t\n\t<div id=\"text-3057819714\" class=\"text\">\n\t\t\n<h3><span style=\"color: #333333;\">Bordes perfilados<\/span><\/h3>\n\t\t\n<style>\n#text-3057819714 {\n  font-size: 1rem;\n  line-height: 0.75;\n  text-align: center;\n  color: rgb(133, 215, 130);\n}\n#text-3057819714 > * {\n  color: rgb(133, 215, 130);\n}\n<\/style>\n\t<\/div>\n\t\n\n\t<section class=\"section dark\" id=\"section_99813237\">\n\t\t<div class=\"section-bg fill\" >\n\t\t\t<img loading=\"lazy\" decoding=\"async\" width=\"1280\" height=\"730\" src=\"https:\/\/static.formar.net\/wp-content\/uploads\/2022\/03\/20173643\/photo_2022-03-16_19-17-54.jpg\" class=\"bg attachment- size-\" alt=\"\" \/>\t\t\t\t\t\t\n\t\t\t\n\n\t\t<\/div>\n\n\t\t\n\n\t\t<div class=\"section-content relative\">\n\t\t\t\n\t<div id=\"gap-1567550153\" class=\"gap-element clearfix\" style=\"display:block; height:auto;\">\n\t\t\n<style>\n#gap-1567550153 {\n  padding-top: 40px;\n}\n<\/style>\n\t<\/div>\n\t\n<div class=\"row\"  id=\"row-1828952634\">\n\n\t<div id=\"col-1223868837\" class=\"col small-12 large-12\"  >\n\t\t\t\t<div class=\"col-inner text-center\"  >\n\t\t\t\n\t\t\t\n\t<div id=\"gap-1368582736\" class=\"gap-element clearfix\" style=\"display:block; height:auto;\">\n\t\t\n<style>\n#gap-1368582736 {\n  padding-top: 10px;\n}\n<\/style>\n\t<\/div>\n\t\n\t\t<\/div>\n\t\t\t\t\t<\/div>\n\n\t\n<\/div>\n\t\t<\/div>\n\n\t\t\n<style>\n#section_99813237 {\n  padding-top: 0px;\n  padding-bottom: 0px;\n  min-height: 200px;\n}\n#section_99813237 .section-bg img {\n  object-position: 66% 84%;\n}\n@media (min-width:550px) {\n  #section_99813237 {\n    min-height: 275px;\n  }\n}\n<\/style>\n\t<\/section>\n\t\n\t\t<\/div>\n\t\t\t\t\t<\/div>\n\n\t\n<\/div>\n\t\t<\/div>\n\t\t\t\t\t<\/div>\n\n\t\n<\/div>\n\n\t\t<div class=\"icon-box featured-box icon-box-top text-left\"  >\n\t\t\t\t<div class=\"icon-box-text last-reset\">\n\t\t\t\t\t\t\t\t\t\n<h3>Caracter\u00edsticas<\/h3>\n<ul>\n<li><strong>Totalmente met\u00e1lico<\/strong>.<\/li>\n<li>Fabricados con los mismos materiales y grosores que los asientos corridos de 2, 3, 4 y 5 plazas.<\/li>\n<li>Fabricada en <strong>acero<\/strong>, un material que garantiza la m\u00e1xima resistencia y durabilidad, factores esenciales en este tipo de mesas. El acero proporciona mayor longevidad y resistencia al uso. <\/li>\n<li>Pieza de soporte de acero perforado y pintado como los asientos. Perfiles laterales de acero cromado. <\/li>\n<li>La mesa de espera puede instalarse en cualquier posici\u00f3n preferida en lugar de un asiento en bancos de 2, 3, 4 y 5 plazas.<\/li>\n<li>Ser\u00e1 posible sustituir la mesa por el asiento suministrado de serie en cualquier momento.<\/li>\n<li>Dimensiones de la parte superior cm W52x45P<\/li>\n<li>Peso kg 2,5<\/li>\n<\/ul>\n\t<div id=\"gap-1673147455\" class=\"gap-element clearfix\" style=\"display:block; height:auto;\">\n\t\t\n<style>\n#gap-1673147455 {\n  padding-top: 50px;\n}\n<\/style>\n\t<\/div>\n\t\n<p>CUIDADO Y MANTENIMIENTO:<\/p>\n<p>Para limpiar el metal, utilice un pa\u00f1o suave y h\u00famedo. No utilice esponjas abrasivas ni productos abrasivos con disolventes de ning\u00fan tipo, ya que pueden da\u00f1ar la superficie.<\/p>\n\t\t<\/div>\n\t<\/div>\n\t\n\t\n\n\t<section class=\"section\" id=\"section_1331993703\">\n\t\t<div class=\"section-bg fill\" >\n\t\t\t\t\t\t\t\t\t\n\t\t\t\n\n\t\t<\/div>\n\n\t\t\n\n\t\t<div class=\"section-content relative\">\n\t\t\t\n<div class=\"is-divider divider clearfix\" style=\"max-width:1000px;\"><\/div>\n<div class=\"row row-solid\"  id=\"row-906180635\">\n\n\t<div id=\"col-523985158\" class=\"col medium-3 small-12 large-3\"  >\n\t\t\t\t<div class=\"col-inner\"  >\n\t\t\t\n\t\t\t\n\n\t\t<div class=\"icon-box featured-box icon-box-center text-center\"  >\n\t\t\t\t\t<div class=\"icon-box-img\" style=\"width: 50px\">\n\t\t\t\t<div class=\"icon\">\n\t\t\t\t\t<div class=\"icon-inner\" >\n\t\t\t\t\t\t\t\t\t\t\t<\/div>\n\t\t\t\t<\/div>\n\t\t\t<\/div>\n\t\t\t\t<div class=\"icon-box-text last-reset\">\n\t\t\t\t\t\t\t\t\t\n<h3>Servicio de atenci\u00f3n al cliente siempre disponible<\/h3>\n<p>Puedes contactar con nosotros a trav\u00e9s de WhatsApp:  <a href=\"https:\/\/api.whatsapp.com\/send\/?phone=390715906063&amp;text&amp;type=phone_number&amp;app_absent=0\">+39 071 5906063<\/a><\/p>\n<p>Pedidos por tel\u00e9fono: <a href=\"tel:+39800122267\">800 122 267<\/a><\/p>\n\t\t<\/div>\n\t<\/div>\n\t\n\t\n\t\t<\/div>\n\t\t\t\t\t<\/div>\n\n\t\n\n\t<div id=\"col-1062852771\" class=\"col medium-3 small-12 large-3\"  >\n\t\t\t\t<div class=\"col-inner\"  >\n\t\t\t\n\t\t\t\n\n\t\t<div class=\"icon-box featured-box icon-box-center text-center\"  >\n\t\t\t\t\t<div class=\"icon-box-img\" style=\"width: 50px\">\n\t\t\t\t<div class=\"icon\">\n\t\t\t\t\t<div class=\"icon-inner\" >\n\t\t\t\t\t\t\t\t\t\t\t<\/div>\n\t\t\t\t<\/div>\n\t\t\t<\/div>\n\t\t\t\t<div class=\"icon-box-text last-reset\">\n\t\t\t\t\t\t\t\t\t\n<h3>Elija la forma de pago<\/h3>\n<p>Pago mediante Paypal, tarjeta de cr\u00e9dito, efectivo o Bancomat (in situ) y contra reembolso<\/p>\n\t\t<\/div>\n\t<\/div>\n\t\n\t\n\t\t<\/div>\n\t\t\t\t\t<\/div>\n\n\t\n\n\t<div id=\"col-1696947160\" class=\"col medium-3 small-12 large-3\"  >\n\t\t\t\t<div class=\"col-inner\"  >\n\t\t\t\n\t\t\t\n\n\t\t<div class=\"icon-box featured-box icon-box-center text-center\"  >\n\t\t\t\t\t<div class=\"icon-box-img\" style=\"width: 50px\">\n\t\t\t\t<div class=\"icon\">\n\t\t\t\t\t<div class=\"icon-inner\" >\n\t\t\t\t\t\t\t\t\t\t\t<\/div>\n\t\t\t\t<\/div>\n\t\t\t<\/div>\n\t\t\t\t<div class=\"icon-box-text last-reset\">\n\t\t\t\t\t\t\t\t\t\n<h3>Devoluci\u00f3n f\u00e1cil y sin preocupaciones<\/h3>\n<p>En caso de problemas, organizamos la recogida directamente en su domicilio.<a href=\"https:\/\/formar.shop\/es\/normas-de-devolucion\/\">(M\u00e1s detalles<\/a>).<\/p>\n\t\t<\/div>\n\t<\/div>\n\t\n\t\n\t\t<\/div>\n\t\t\t\t\t<\/div>\n\n\t\n\n\t<div id=\"col-1255370743\" class=\"col medium-3 small-12 large-3\"  >\n\t\t\t\t<div class=\"col-inner\"  >\n\t\t\t\n\t\t\t\n\n\t\t<div class=\"icon-box featured-box icon-box-center text-center\"  >\n\t\t\t\t\t<div class=\"icon-box-img\" style=\"width: 50px\">\n\t\t\t\t<div class=\"icon\">\n\t\t\t\t\t<div class=\"icon-inner\" >\n\t\t\t\t\t\t\t\t\t\t\t<\/div>\n\t\t\t\t<\/div>\n\t\t\t<\/div>\n\t\t\t\t<div class=\"icon-box-text last-reset\">\n\t\t\t\t\t\t\t\t\t\n<h3>Garant\u00eda del fabricante y piezas de repuesto<\/h3>\n<p>Todos nuestros productos cuentan con nuestra garant\u00eda. Para muchos productos garantizamos las piezas de repuesto durante el mismo periodo.<\/p>\n\t\t<\/div>\n\t<\/div>\n\t\n\t\n\t\t<\/div>\n\t\t\t\t\t<\/div>\n\n\t\n\n<style>\n#row-906180635 > .col > .col-inner {\n  padding: 20px 20px 20px 20px;\n}\n<\/style>\n<\/div>\n\t\t<\/div>\n\n\t\t\n<style>\n#section_1331993703 {\n  padding-top: 30px;\n  padding-bottom: 30px;\n}\n<\/style>\n\t<\/section>\n\t\n","protected":false},"excerpt":{"rendered":"","protected":false},"featured_media":51675,"template":"","meta":{"_joinchat":[]},"product_brand":[],"product_cat":[989,990],"product_tag":[],"class_list":{"0":"post-26250","1":"product","2":"type-product","3":"status-publish","4":"has-post-thumbnail","6":"product_cat-oficina","7":"product_cat-sillas-para-la-sala-de-espera","9":"first","10":"instock","11":"taxable","12":"shipping-taxable","13":"purchasable","14":"product-type-simple"},"yoast_head":"<!-- This site is optimized with the Yoast SEO plugin v27.3 - https:\/\/yoast.com\/product\/yoast-seo-wordpress\/ -->\n<title>Mesa de banco - Formar.shop<\/title>\n<meta name=\"robots\" content=\"index, follow, max-snippet:-1, max-image-preview:large, max-video-preview:-1\" \/>\n<link rel=\"canonical\" href=\"https:\/\/formar.shop\/es\/prodotto\/mesa-de-banco\/\" \/>\n<script type=\"application\/ld+json\" class=\"yoast-schema-graph\">{\"@context\":\"https:\\\/\\\/schema.org\",\"@graph\":[{\"@type\":\"WebPage\",\"@id\":\"https:\\\/\\\/formar.shop\\\/es\\\/prodotto\\\/mesa-de-banco\\\/\",\"url\":\"https:\\\/\\\/formar.shop\\\/es\\\/prodotto\\\/mesa-de-banco\\\/\",\"name\":\"Mesa de banco - Formar.shop\",\"isPartOf\":{\"@id\":\"https:\\\/\\\/formar.shop\\\/es\\\/#website\"},\"primaryImageOfPage\":{\"@id\":\"https:\\\/\\\/formar.shop\\\/es\\\/prodotto\\\/mesa-de-banco\\\/#primaryimage\"},\"image\":{\"@id\":\"https:\\\/\\\/formar.shop\\\/es\\\/prodotto\\\/mesa-de-banco\\\/#primaryimage\"},\"thumbnailUrl\":\"https:\\\/\\\/static.formar.net\\\/wp-content\\\/uploads\\\/sites\\\/1\\\/2022\\\/05\\\/20144943\\\/tavolino_scontornato.png\",\"datePublished\":\"2023-02-06T17:37:36+00:00\",\"dateModified\":\"2025-11-18T09:41:07+00:00\",\"breadcrumb\":{\"@id\":\"https:\\\/\\\/formar.shop\\\/es\\\/prodotto\\\/mesa-de-banco\\\/#breadcrumb\"},\"inLanguage\":\"es-ES\",\"potentialAction\":[{\"@type\":\"ReadAction\",\"target\":[\"https:\\\/\\\/formar.shop\\\/es\\\/prodotto\\\/mesa-de-banco\\\/\"]}]},{\"@type\":\"ImageObject\",\"inLanguage\":\"es-ES\",\"@id\":\"https:\\\/\\\/formar.shop\\\/es\\\/prodotto\\\/mesa-de-banco\\\/#primaryimage\",\"url\":\"https:\\\/\\\/static.formar.net\\\/wp-content\\\/uploads\\\/sites\\\/1\\\/2022\\\/05\\\/20144943\\\/tavolino_scontornato.png\",\"contentUrl\":\"https:\\\/\\\/static.formar.net\\\/wp-content\\\/uploads\\\/sites\\\/1\\\/2022\\\/05\\\/20144943\\\/tavolino_scontornato.png\",\"width\":894,\"height\":894},{\"@type\":\"BreadcrumbList\",\"@id\":\"https:\\\/\\\/formar.shop\\\/es\\\/prodotto\\\/mesa-de-banco\\\/#breadcrumb\",\"itemListElement\":[{\"@type\":\"ListItem\",\"position\":1,\"name\":\"Home\",\"item\":\"https:\\\/\\\/formar.shop\\\/es\\\/auto-draft\\\/\"},{\"@type\":\"ListItem\",\"position\":2,\"name\":\"Tienda\",\"item\":\"https:\\\/\\\/es.formar.shop\\\/tienda\\\/\"},{\"@type\":\"ListItem\",\"position\":3,\"name\":\"Mesa de banco\"}]},{\"@type\":\"WebSite\",\"@id\":\"https:\\\/\\\/formar.shop\\\/es\\\/#website\",\"url\":\"https:\\\/\\\/formar.shop\\\/es\\\/\",\"name\":\"Formar.shop\",\"description\":\"Soluzioni espresse con stile\",\"potentialAction\":[{\"@type\":\"SearchAction\",\"target\":{\"@type\":\"EntryPoint\",\"urlTemplate\":\"https:\\\/\\\/formar.shop\\\/es\\\/?s={search_term_string}\"},\"query-input\":{\"@type\":\"PropertyValueSpecification\",\"valueRequired\":true,\"valueName\":\"search_term_string\"}}],\"inLanguage\":\"es-ES\"}]}<\/script>\n<!-- \/ Yoast SEO plugin. -->","yoast_head_json":{"title":"Mesa de banco - Formar.shop","robots":{"index":"index","follow":"follow","max-snippet":"max-snippet:-1","max-image-preview":"max-image-preview:large","max-video-preview":"max-video-preview:-1"},"canonical":"https:\/\/formar.shop\/es\/prodotto\/mesa-de-banco\/","schema":{"@context":"https:\/\/schema.org","@graph":[{"@type":"WebPage","@id":"https:\/\/formar.shop\/es\/prodotto\/mesa-de-banco\/","url":"https:\/\/formar.shop\/es\/prodotto\/mesa-de-banco\/","name":"Mesa de banco - Formar.shop","isPartOf":{"@id":"https:\/\/formar.shop\/es\/#website"},"primaryImageOfPage":{"@id":"https:\/\/formar.shop\/es\/prodotto\/mesa-de-banco\/#primaryimage"},"image":{"@id":"https:\/\/formar.shop\/es\/prodotto\/mesa-de-banco\/#primaryimage"},"thumbnailUrl":"https:\/\/static.formar.net\/wp-content\/uploads\/sites\/1\/2022\/05\/20144943\/tavolino_scontornato.png","datePublished":"2023-02-06T17:37:36+00:00","dateModified":"2025-11-18T09:41:07+00:00","breadcrumb":{"@id":"https:\/\/formar.shop\/es\/prodotto\/mesa-de-banco\/#breadcrumb"},"inLanguage":"es-ES","potentialAction":[{"@type":"ReadAction","target":["https:\/\/formar.shop\/es\/prodotto\/mesa-de-banco\/"]}]},{"@type":"ImageObject","inLanguage":"es-ES","@id":"https:\/\/formar.shop\/es\/prodotto\/mesa-de-banco\/#primaryimage","url":"https:\/\/static.formar.net\/wp-content\/uploads\/sites\/1\/2022\/05\/20144943\/tavolino_scontornato.png","contentUrl":"https:\/\/static.formar.net\/wp-content\/uploads\/sites\/1\/2022\/05\/20144943\/tavolino_scontornato.png","width":894,"height":894},{"@type":"BreadcrumbList","@id":"https:\/\/formar.shop\/es\/prodotto\/mesa-de-banco\/#breadcrumb","itemListElement":[{"@type":"ListItem","position":1,"name":"Home","item":"https:\/\/formar.shop\/es\/auto-draft\/"},{"@type":"ListItem","position":2,"name":"Tienda","item":"https:\/\/es.formar.shop\/tienda\/"},{"@type":"ListItem","position":3,"name":"Mesa de banco"}]},{"@type":"WebSite","@id":"https:\/\/formar.shop\/es\/#website","url":"https:\/\/formar.shop\/es\/","name":"Formar.shop","description":"Soluzioni espresse con stile","potentialAction":[{"@type":"SearchAction","target":{"@type":"EntryPoint","urlTemplate":"https:\/\/formar.shop\/es\/?s={search_term_string}"},"query-input":{"@type":"PropertyValueSpecification","valueRequired":true,"valueName":"search_term_string"}}],"inLanguage":"es-ES"}]}},"_links":{"self":[{"href":"https:\/\/formar.shop\/es\/wp-json\/wp\/v2\/product\/26250","targetHints":{"allow":["GET"]}}],"collection":[{"href":"https:\/\/formar.shop\/es\/wp-json\/wp\/v2\/product"}],"about":[{"href":"https:\/\/formar.shop\/es\/wp-json\/wp\/v2\/types\/product"}],"wp:featuredmedia":[{"embeddable":true,"href":"https:\/\/formar.shop\/es\/wp-json\/wp\/v2\/media\/51675"}],"wp:attachment":[{"href":"https:\/\/formar.shop\/es\/wp-json\/wp\/v2\/media?parent=26250"}],"wp:term":[{"taxonomy":"product_brand","embeddable":true,"href":"https:\/\/formar.shop\/es\/wp-json\/wp\/v2\/product_brand?post=26250"},{"taxonomy":"product_cat","embeddable":true,"href":"https:\/\/formar.shop\/es\/wp-json\/wp\/v2\/product_cat?post=26250"},{"taxonomy":"product_tag","embeddable":true,"href":"https:\/\/formar.shop\/es\/wp-json\/wp\/v2\/product_tag?post=26250"}],"curies":[{"name":"wp","href":"https:\/\/api.w.org\/{rel}","templated":true}]}}