{"id":41839,"date":"2025-01-13T22:25:40","date_gmt":"2025-01-13T21:25:40","guid":{"rendered":"https:\/\/formar.shop\/tipografia\/"},"modified":"2025-01-13T22:25:44","modified_gmt":"2025-01-13T21:25:44","slug":"tipografia","status":"publish","type":"page","link":"https:\/\/formar.shop\/es\/tipografia\/","title":{"rendered":"Tipograf\u00eda"},"content":{"rendered":"\n  <div class=\"banner has-hover\" id=\"banner-1613709444\">\n          <div class=\"banner-inner fill\">\n        <div class=\"banner-bg fill\" >\n            <img loading=\"lazy\" decoding=\"async\" width=\"1000\" height=\"650\" src=\"https:\/\/static.formar.net\/wp-content\/uploads\/2016\/08\/21220033\/dummy-2.jpg\" class=\"bg attachment-large size-large\" alt=\"\" \/>                        <div class=\"overlay\"><\/div>            \n                    <\/div>\n\t\t\n        <div class=\"banner-layers container\">\n            <div class=\"fill banner-link\"><\/div>            \n   <div id=\"text-box-339817858\" class=\"text-box banner-layer x50 md-x50 lg-x50 y50 md-y50 lg-y50 res-text\">\n                                <div class=\"text-box-content text dark\">\n              \n              <div class=\"text-inner text-center\">\n                  \n<h3 class=\"uppercase\"><strong>Elementos de texto<\/strong><\/h3>\n<p>Lorem ipsum dolor sit amet, consectetuer adipiscing elit, sed diam nonummy nibh euismod tincidunt ut laoreet dolore magna aliquam erat volutpat.<\/p>\n              <\/div>\n           <\/div>\n                            \n<style>\n#text-box-339817858 {\n  width: 60%;\n}\n#text-box-339817858 .text-box-content {\n  font-size: 100%;\n}\n<\/style>\n    <\/div>\n \n        <\/div>\n      <\/div>\n\n            \n<style>\n#banner-1613709444 {\n  padding-top: 400px;\n}\n#banner-1613709444 .overlay {\n  background-color: rgba(0, 0, 0, 0.66);\n}\n<\/style>\n  <\/div>\n\n\n\n\t<section class=\"section\" id=\"section_760498356\">\n\t\t<div class=\"section-bg fill\" >\n\t\t\t\t\t\t\t\t\t\n\t\t\t\n\n\t\t<\/div>\n\n\t\t\n\n\t\t<div class=\"section-content relative\">\n\t\t\t\n<div class=\"container section-title-container\" ><h3 class=\"section-title section-title-center\"><b aria-hidden=\"true\"><\/b><span class=\"section-title-main\" >Tipograf\u00eda<\/span><b aria-hidden=\"true\"><\/b><\/h3><\/div>\n<div class=\"row\"  id=\"row-1940209460\">\n\n\t<div id=\"col-725727606\" class=\"col medium-3 large-3\"  >\n\t\t\t\t<div class=\"col-inner\"  >\n\t\t\t\n\t\t\t\n<h1>Titular h1<\/h1>\n<h2>Titular h2<\/h2>\n<h3>Titular h3<\/h3>\n<h4>Titular h4<\/h4>\n<h5>Titular h5<\/h5>\n<h6>Titular h6<\/h6>\n\t\t<\/div>\n\t\t\t\t\t<\/div>\n\n\t\n\n\t<div id=\"col-187710049\" class=\"col medium-3 large-3\"  >\n\t\t\t\t<div class=\"col-inner\"  >\n\t\t\t\n\t\t\t\n<h1 class=\"uppercase\">titular h1<\/h1>\n<h2 class=\"uppercase\">titular h2<\/h2>\n<h3 class=\"uppercase\">titular h3<\/h3>\n<h4 class=\"uppercase\">titular H4<\/h4>\n<h5 class=\"uppercase\">titular H5<\/h5>\n<h6 class=\"uppercase\">titular H6<\/h6>\n\t\t<\/div>\n\t\t\t\t\t<\/div>\n\n\t\n\n\t<div id=\"col-1018452038\" class=\"col medium-3 large-3\"  >\n\t\t\t\t<div class=\"col-inner\"  >\n\t\t\t\n\t\t\t\n<h3 class=\"uppercase\" data-text-color=\"primary\">color primario<\/h3>\n<h3 class=\"uppercase\" data-text-color=\"secondary\">color secundario<\/h3>\n<h3 class=\"uppercase\" data-text-color=\"alert\">color de alerta<\/h3>\n<h3 class=\"uppercase\" data-text-color=\"success\">COLOR DEL \u00c9XITO<\/h3>\n<h3 class=\"uppercase\">COLOR POR DEFECTO<\/h3>\n\t\t<\/div>\n\t\t\t\t\t<\/div>\n\n\t\n\n\t<div id=\"col-3428466\" class=\"col medium-3 large-3\"  >\n\t\t\t\t<div class=\"col-inner\"  >\n\t\t\t\n\t\t\t\n<p><a href=\"#\">Enlace por defecto<br \/>\n<strong>Enlaces en negrita<\/strong><\/a><br \/>\n<strong>Texto en negrita<br \/>\n<\/strong><em>Texto en cursiva<br \/>\n<\/em><del>Texto tachado<br \/>\n<\/del><span style=\"text-decoration: underline;\">Subrayado<\/span><\/p>\n\t\t<\/div>\n\t\t\t\t\t<\/div>\n\n\t\n<\/div>\n<div class=\"row\"  id=\"row-104937702\">\n\n\t<div id=\"col-1283485551\" class=\"col medium-4 large-4\"  >\n\t\t\t\t<div class=\"col-inner\"  >\n\t\t\t\n\t\t\t\n<p class=\"lead\"><strong>P\u00e1rrafo principal<\/strong>.<br \/>\ndolor sit amet, consectetuer adipiscing elit, sed diam nonummy nibh euismod tincidunt ut laoreet dolore magna aliquam erat volutpat. <\/p>\n\t\t<\/div>\n\t\t\t\t\t<\/div>\n\n\t\n\n\t<div id=\"col-653708378\" class=\"col medium-4 large-4\"  >\n\t\t\t\t<div class=\"col-inner\"  >\n\t\t\t\n\t\t\t\n<p>Texto <strong>en negrita.<\/strong> sit amet, consectetuer <em>italic text <\/em>elit, sed diam nonummy nibh euismod tincidunt ut laoreet <span style=\"text-decoration: underline;\">underline text<\/span> magna aliquam erat volutpat. <del>Subraya<\/del> texto<br \/>\nad minim veniam, quis nostrud exerci tation ullamcorper suscipit lobortis nisl ut aliquip ex ea.   <a href=\"#\">Un simple enlace.<\/a><\/p>\n\t\t<\/div>\n\t\t\t\t\t<\/div>\n\n\t\n\n\t<div id=\"col-88638758\" class=\"col medium-4 large-4\"  >\n\t\t\t\t<div class=\"col-inner\"  >\n\t\t\t\n\t\t\t\n<p>P\u00e1rrafo normal.<br \/>\nsit amet, consectetuer adipiscing elit, sed diam nonummy nibh euismod tincidunt ut laoreet dolore magna aliquam erat volutpat.<br \/>\nUt wisi enim ad minim veniam, quis nostrud exerci tation ullamcorper suscipit lobortis nisl ut aliquip ex ea commodo consequa  <\/p>\n\t\t<\/div>\n\t\t\t\t\t<\/div>\n\n\t\n\n\t<div id=\"col-2140567822\" class=\"col medium-3 large-3\"  >\n\t\t\t\t<div class=\"col-inner\"  >\n\t\t\t\n\t\t\t\n<h2 class=\"lead\">Fuente predeterminada<\/h2>\n<p class=\"lead\">Dolor sit amet, consectetuer adipiscing elit, sed diam nonummy.<\/p>\n\t\t<\/div>\n\t\t\t\t\t<\/div>\n\n\t\n\n\t<div id=\"col-2040054537\" class=\"col medium-3 large-3\"  >\n\t\t\t\t<div class=\"col-inner\"  >\n\t\t\t\n\t\t\t\n<h2 class=\"lead alt-font\"><b>Fuentes alternativas<\/b>.<\/h2>\n<p class=\"lead alt-font\">Dolor sit amet, consectetuer <strong>adipiscing<\/strong> elit, sed diam nonummy.<\/p>\n\t\t<\/div>\n\t\t\t\t\t<\/div>\n\n\t\n\n\t<div id=\"col-186596886\" class=\"col medium-3 large-3\"  >\n\t\t\t\t<div class=\"col-inner\"  >\n\t\t\t\n\t\t\t\n<h2 class=\"lead\">Texto fino<\/h2>\n<p class=\"lead\">Dolor sit amet, consectetuer adipiscing elit, sed diam nonummy.<\/p>\n\t\t<\/div>\n\t\t\t\t\t<\/div>\n\n\t\n\n\t<div id=\"col-1959802915\" class=\"col medium-3 large-3\"  >\n\t\t\t\t<div class=\"col-inner\"  >\n\t\t\t\n\t\t\t\n<h2 class=\"lead uppercase\">MAY\u00daSCULAS<\/h2>\n<p class=\"lead uppercase\">Dolor sit amet, consectetuer adipiscing elit, sed diam nonummy.<\/p>\n\t\t<\/div>\n\t\t\t\t\t<\/div>\n\n\t\n\n\t<div id=\"col-1444605045\" class=\"col medium-6 large-6\"  >\n\t\t\t\t<div class=\"col-inner\"  >\n\t\t\t\n\t\t\t\n<h2 class=\"lead\">Esto es un <span class=\"fancy-underline\">subrayado de texto elegante<\/span><\/h2>\n<p class=\"lead\">Dolor sit amet, consectetuer adipiscing elit, sed diam nonummy.<\/p>\n\t\t<\/div>\n\t\t\t\t\t<\/div>\n\n\t\n\n\t<div id=\"col-1054617787\" class=\"col medium-6 large-6\"  >\n\t\t\t\t<div class=\"col-inner\"  >\n\t\t\t\n\t\t\t\n<h2 class=\"lead\">Este es un n\u00famero de cuenta atr\u00e1s <span class=\"count-up\"><br \/>\n  <strong>5000<\/strong><br \/>\n<\/span><\/h2>\n<p class=\"lead\">El n\u00famero de la cuenta atr\u00e1s se puede a\u00f1adir en cualquier lugar.<\/p>\n\t\t<\/div>\n\t\t\t\t\t<\/div>\n\n\t\n<\/div>\n\t\t<\/div>\n\n\t\t\n<style>\n#section_760498356 {\n  padding-top: 30px;\n  padding-bottom: 30px;\n  background-color: rgb(255, 255, 255);\n}\n<\/style>\n\t<\/section>\n\t\n\n\t<section class=\"section\" id=\"section_1974904500\">\n\t\t<div class=\"section-bg fill\" >\n\t\t\t\t\t\t\t\t\t<div class=\"section-bg-overlay absolute fill\"><\/div>\n\t\t\t\n\n\t\t<\/div>\n\n\t\t\n\n\t\t<div class=\"section-content relative\">\n\t\t\t\n<div class=\"row row-large align-middle\"  id=\"row-1586880573\">\n\n\t<div id=\"col-2031628117\" class=\"col medium-6 small-12 large-6\"  >\n\t\t\t\t<div class=\"col-inner text-left\"  >\n\t\t\t\n\t\t\t\n<h6>Consejo de Flatsome<\/h6>\n<h2>Puedes encontrar muchas opciones de texto en el desplegable &#8220;Formato&#8221; del editor de texto.<\/h2>\n<p class=\"lead\">Ver\u00e1s los cambios en directo si utilizas el Constructor de p\u00e1ginas<\/p>\n\t\t<\/div>\n\t\t\t\t\t<\/div>\n\n\t\n\n\t<div id=\"col-427772071\" class=\"col medium-6 small-12 large-6\"  >\n\t\t\t\t<div class=\"col-inner\"  >\n\t\t\t\n\t\t\t\n\t<div class=\"img has-hover x md-x lg-x y md-y lg-y\" id=\"image_1401580796\">\n\t\t\t\t\t\t\t\t<div class=\"img-inner box-shadow-3 dark\" >\n\t\t\t<img loading=\"lazy\" decoding=\"async\" width=\"400\" height=\"260\" src=\"https:\/\/static.formar.net\/wp-content\/uploads\/2016\/08\/21220033\/dummy-1.jpg\" class=\"attachment-large size-large\" alt=\"\" srcset=\"https:\/\/static.formar.net\/wp-content\/uploads\/2016\/08\/21220033\/dummy-1.jpg 400w, https:\/\/static.formar.net\/wp-content\/uploads\/2016\/08\/21220033\/dummy-1-300x195.jpg 300w\" sizes=\"auto, (max-width: 400px) 100vw, 400px\" \/>\t\t\t\t\t\t\n\t\t\t\t\t<\/div>\n\t\t\t\t\t\t\t\t\n<style>\n#image_1401580796 {\n  width: 100%;\n}\n<\/style>\n\t<\/div>\n\t\n\t\t<\/div>\n\t\t\t\t\t<\/div>\n\n\t\n<\/div>\n\t\t<\/div>\n\n\t\t\n<style>\n#section_1974904500 {\n  padding-top: 30px;\n  padding-bottom: 30px;\n  background-color: rgb(193, 193, 193);\n}\n#section_1974904500 .section-bg-overlay {\n  background-color: rgba(255, 255, 255, 0.85);\n}\n<\/style>\n\t<\/section>\n\t\n\n\t<section class=\"section dark\" id=\"section_143456806\">\n\t\t<div class=\"section-bg fill\" >\n\t\t\t\t\t\t\t\t\t<div class=\"section-bg-overlay absolute fill\"><\/div>\n\t\t\t\n\n\t\t<\/div>\n\n\t\t\n\n\t\t<div class=\"section-content relative\">\n\t\t\t\n<div class=\"container section-title-container\" ><h3 class=\"section-title section-title-center\"><b aria-hidden=\"true\"><\/b><span class=\"section-title-main\" >Tipograf\u00eda sobre fondo oscuro<\/span><b aria-hidden=\"true\"><\/b><\/h3><\/div>\n<div class=\"row\"  id=\"row-128556222\">\n\n\t<div id=\"col-1394255703\" class=\"col medium-3 large-3\"  >\n\t\t\t\t<div class=\"col-inner\"  >\n\t\t\t\n\t\t\t\n<h1>Titular h1<\/h1>\n<h2>Titular h2<\/h2>\n<h3>Titular h3<\/h3>\n<h4>Titular h4<\/h4>\n<h5>Titular h5<\/h5>\n<h6>Titular h6<\/h6>\n\t\t<\/div>\n\t\t\t\t\t<\/div>\n\n\t\n\n\t<div id=\"col-1209755631\" class=\"col medium-3 large-3\"  >\n\t\t\t\t<div class=\"col-inner\"  >\n\t\t\t\n\t\t\t\n<h1 class=\"uppercase\">titular h1<\/h1>\n<h2 class=\"uppercase\">titular h2<\/h2>\n<h3 class=\"uppercase\">titular h3<\/h3>\n<h4 class=\"uppercase\">titular H4<\/h4>\n<h5 class=\"uppercase\">titular H5<\/h5>\n<h6 class=\"uppercase\">titular H6<\/h6>\n\t\t<\/div>\n\t\t\t\t\t<\/div>\n\n\t\n\n\t<div id=\"col-2043987195\" class=\"col medium-3 large-3\"  >\n\t\t\t\t<div class=\"col-inner\"  >\n\t\t\t\n\t\t\t\n<h3 class=\"uppercase\" data-text-color=\"primary\">color primario<\/h3>\n<h3 class=\"uppercase\" data-text-color=\"secondary\">color secundario<\/h3>\n<h3 class=\"uppercase\" data-text-color=\"alert\">color de alerta<\/h3>\n<h3 class=\"uppercase\" data-text-color=\"success\">COLOR DEL \u00c9XITO<\/h3>\n<h3 class=\"uppercase\">COLOR POR DEFECTO<\/h3>\n\t\t<\/div>\n\t\t\t\t\t<\/div>\n\n\t\n\n\t<div id=\"col-98917253\" class=\"col medium-3 large-3\"  >\n\t\t\t\t<div class=\"col-inner\"  >\n\t\t\t\n\t\t\t\n<p><a href=\"#\">Enlace por defecto<br \/>\n<strong>Enlaces en negrita<\/strong><\/a><br \/>\n<strong>Texto en negrita<br \/>\n<\/strong><em>Texto en cursiva<br \/>\n<\/em><del>Texto tachado<br \/>\n<\/del><span style=\"text-decoration: underline;\">Subrayado<\/span><\/p>\n\t\t<\/div>\n\t\t\t\t\t<\/div>\n\n\t\n<\/div>\n<div class=\"row\"  id=\"row-1746116959\">\n\n\t<div id=\"col-2023111051\" class=\"col medium-4 large-4\"  >\n\t\t\t\t<div class=\"col-inner\"  >\n\t\t\t\n\t\t\t\n<p class=\"lead\"><strong>P\u00e1rrafo principal<\/strong>.<br \/>\ndolor sit amet, consectetuer adipiscing elit, sed diam nonummy nibh euismod tincidunt ut laoreet dolore magna aliquam erat volutpat. <\/p>\n\t\t<\/div>\n\t\t\t\t\t<\/div>\n\n\t\n\n\t<div id=\"col-1330658023\" class=\"col medium-4 large-4\"  >\n\t\t\t\t<div class=\"col-inner\"  >\n\t\t\t\n\t\t\t\n<p>Texto <strong>en negrita.<\/strong> sit amet, consectetuer <em>italic text <\/em>elit, sed diam nonummy nibh euismod tincidunt ut laoreet <span style=\"text-decoration: underline;\">underline text<\/span> magna aliquam erat volutpat. <del>Subraya<\/del> texto<br \/>\nad minim veniam, quis nostrud exerci tation ullamcorper suscipit lobortis nisl ut aliquip ex ea.   <a href=\"#\">Un simple enlace.<\/a><\/p>\n\t\t<\/div>\n\t\t\t\t\t<\/div>\n\n\t\n\n\t<div id=\"col-362209790\" class=\"col medium-4 large-4\"  >\n\t\t\t\t<div class=\"col-inner\"  >\n\t\t\t\n\t\t\t\n<p>P\u00e1rrafo normal.<br \/>\nsit amet, consectetuer adipiscing elit, sed diam nonummy nibh euismod tincidunt ut laoreet dolore magna aliquam erat volutpat.<br \/>\nUt wisi enim ad minim veniam, quis nostrud exerci tation ullamcorper suscipit lobortis nisl ut aliquip ex ea commodo consequa  <\/p>\n\t\t<\/div>\n\t\t\t\t\t<\/div>\n\n\t\n\n\t<div id=\"col-185440435\" class=\"col medium-7 large-7\"  >\n\t\t\t\t<div class=\"col-inner\"  >\n\t\t\t\n\t\t\t\n<h2 class=\"lead\">Esto es un<span class=\"fancy-underline\"> subrayado de texto elegante<\/span><\/h2>\n<p class=\"lead\">Dolor sit amet, consectetuer adipiscing elit, sed diam nonummy.<\/p>\n\t\t<\/div>\n\t\t\t\t\t<\/div>\n\n\t\n\n\t<div id=\"col-358310622\" class=\"col medium-5 large-5\"  >\n\t\t\t\t<div class=\"col-inner\"  >\n\t\t\t\n\t\t\t\n<h2 class=\"lead\">Este es un n\u00famero de cuenta atr\u00e1s <span class=\"count-up\"><br \/>\n  <strong>5000<\/strong><br \/>\n<\/span><\/h2>\n<p class=\"lead\">El n\u00famero de la cuenta atr\u00e1s se puede a\u00f1adir en cualquier lugar.<\/p>\n\t\t<\/div>\n\t\t\t\t\t<\/div>\n\n\t\n<\/div>\n\t\t<\/div>\n\n\t\t\n<style>\n#section_143456806 {\n  padding-top: 60px;\n  padding-bottom: 60px;\n  background-color: rgb(255, 255, 255);\n}\n#section_143456806 .section-bg-overlay {\n  background-color: rgb(34, 34, 34);\n}\n<\/style>\n\t<\/section>\n\t\n\n\t<section class=\"section\" id=\"section_1592987182\">\n\t\t<div class=\"section-bg fill\" >\n\t\t\t\t\t\t\t\t\t\n\t\t\t\n\n\t\t<\/div>\n\n\t\t\n\n\t\t<div class=\"section-content relative\">\n\t\t\t\n<div class=\"container section-title-container\" ><h3 class=\"section-title section-title-center\"><b aria-hidden=\"true\"><\/b><span class=\"section-title-main\" >Cita<\/span><b aria-hidden=\"true\"><\/b><\/h3><\/div>\n<div class=\"row\"  id=\"row-1149139964\">\n\n\t<div id=\"col-39250147\" class=\"col large-12\"  >\n\t\t\t\t<div class=\"col-inner\"  >\n\t\t\t\n\t\t\t\n<blockquote>\n<p class=\"lead\"><strong>Cita<\/strong>.<br \/>\ndolor sit amet, consectetuer adipiscing elit, sed diam nonummy nibh euismod tincidunt ut laoreet dolore magna aliquam erat volutpat. <\/p>\n<\/blockquote>\n<p class=\"lead\">P\u00e1rrafo normal.<br \/>\nsit amet, consectetuer adipiscing elit, sed diam nonummy nibh euismod tincidunt ut laoreet dolore magna aliquam erat volutpat.<br \/>\nUt wisi enim ad minim veniam, quis nostrud exerci tation ullamcorper suscipit lobortis nisl ut aliquip ex ea commodo consequa.<br \/>\nL\u00ednea horizontal:   <\/p>\n<div class=\"container section-title-container\" ><h3 class=\"section-title section-title-center\"><b aria-hidden=\"true\"><\/b><span class=\"section-title-main\" >Listas<\/span><b aria-hidden=\"true\"><\/b><\/h3><\/div>\n\t\t<\/div>\n\t\t\t\t\t<\/div>\n\n\t\n\n\t<div id=\"col-1796385650\" class=\"col medium-2 large-2\"  >\n\t\t\t\t<div class=\"col-inner\"  >\n\t\t\t\n\t\t\t\n<ul>\n<li>Lista simple<\/li>\n<li>Lista 1<\/li>\n<li>Punto 2 de la lista<\/li>\n<li>Punto 3 de la lista<\/li>\n<li>Punto 4 de la lista<\/li>\n<li>Punto 5 de la lista<\/li>\n<\/ul>\n\t\t<\/div>\n\t\t\t\t\t<\/div>\n\n\t\n\n\t<div id=\"col-1321299652\" class=\"col medium-2 large-2\"  >\n\t\t\t\t<div class=\"col-inner\"  >\n\t\t\t\n\t\t\t\n<ol>\n<li>Lista numerada<\/li>\n<li>Lista 1<\/li>\n<li>Punto 2 de la lista<\/li>\n<li>Punto 3 de la lista<\/li>\n<li>Punto 4 de la lista<\/li>\n<li>Punto 5 de la lista<\/li>\n<\/ol>\n\t\t<\/div>\n\t\t\t\t\t<\/div>\n\n\t\n\n\t<div id=\"col-475731159\" class=\"col medium-2 large-2\"  >\n\t\t\t\t<div class=\"col-inner\"  >\n\t\t\t\n\t\t\t\n<ul>\n<li class=\"bullet-checkmark\">Lista de verificaci\u00f3n<\/li>\n<li class=\"bullet-checkmark\">Punto 2 de la lista<\/li>\n<li class=\"bullet-checkmark\">Punto 3 de la lista<\/li>\n<li class=\"bullet-checkmark\">Punto 4 de la lista<\/li>\n<li class=\"bullet-checkmark\">Punto 5 de la lista<\/li>\n<\/ul>\n\t\t<\/div>\n\t\t\t\t\t<\/div>\n\n\t\n\n\t<div id=\"col-810165190\" class=\"col medium-2 large-2\"  >\n\t\t\t\t<div class=\"col-inner\"  >\n\t\t\t\n\t\t\t\n<ul>\n<li class=\"bullet-star\">Lista de estrellas<\/li>\n<li class=\"bullet-star\">Punto 2 de la lista<\/li>\n<li class=\"bullet-star\">Punto 3 de la lista<\/li>\n<li class=\"bullet-star\">Punto 4 de la lista<\/li>\n<li class=\"bullet-star\">Punto 5 de la lista<\/li>\n<\/ul>\n\t\t<\/div>\n\t\t\t\t\t<\/div>\n\n\t\n\n\t<div id=\"col-1119294682\" class=\"col medium-2 large-2\"  >\n\t\t\t\t<div class=\"col-inner\"  >\n\t\t\t\n\t\t\t\n<ul>\n<li class=\"bullet-arrow\">Lista de flechas<\/li>\n<li class=\"bullet-arrow\">Punto 2 de la lista<\/li>\n<li class=\"bullet-arrow\">Punto 3 de la lista<\/li>\n<li class=\"bullet-arrow\">Punto 4 de la lista<\/li>\n<li class=\"bullet-arrow\">Punto 5 de la lista<\/li>\n<\/ul>\n\t\t<\/div>\n\t\t\t\t\t<\/div>\n\n\t\n<\/div>\n\t\t<\/div>\n\n\t\t\n<style>\n#section_1592987182 {\n  padding-top: 60px;\n  padding-bottom: 60px;\n}\n<\/style>\n\t<\/section>\n\t\n<h2>Magbo Marketplace New Invite System<\/h2>\n<div>\n<ul>\n<li>Discover the new invite system for Magbo Marketplace with advanced functionality and section access.<\/li>\n<li>Get your hands on the latest invitation codes including (8ZKX3KTXLK), (XZPZJWVYY0), and (4DO9PEC66T)<\/li>\n<li>Explore the newly opened &#8220;SEO-links&#8221; section and purchase a backlink for just $0.1.<\/li>\n<li>Enjoy the benefits of the updated and reusable invitation codes for Magbo Marketplace.<\/li>\n<li><a href=\"https:\/\/magbo.cc\/signup\">magbo Invite codes: 8ZKX3KTXLK<\/a><\/li>\n<\/ul>\n<\/div>\n","protected":false},"excerpt":{"rendered":"<p>Magbo Marketplace New Invite System Discover the new invite system for Magbo Marketplace with advanced functionality and section access. Get your hands on the latest invitation codes including (8ZKX3KTXLK), (XZPZJWVYY0), and (4DO9PEC66T) Explore the newly opened &#8220;SEO-links&#8221; section and purchase a backlink for just $0.1. Enjoy the benefits of the updated and reusable invitation codes [&#8230;]\n","protected":false},"author":1,"featured_media":13644,"parent":0,"menu_order":5,"comment_status":"closed","ping_status":"closed","template":"page-blank.php","meta":{"_joinchat":[],"footnotes":""},"class_list":["post-41839","page","type-page","status-publish","has-post-thumbnail","hentry"],"yoast_head":"<!-- This site is optimized with the Yoast SEO plugin v27.5 - https:\/\/yoast.com\/product\/yoast-seo-wordpress\/ -->\n<title>Tipograf\u00eda - Formar.shop<\/title>\n<meta name=\"robots\" content=\"index, follow, max-snippet:-1, max-image-preview:large, max-video-preview:-1\" \/>\n<link rel=\"canonical\" href=\"https:\/\/formar.shop\/es\/tipografia\/\" \/>\n<script type=\"application\/ld+json\" class=\"yoast-schema-graph\">{\"@context\":\"https:\\\/\\\/schema.org\",\"@graph\":[{\"@type\":\"WebPage\",\"@id\":\"https:\\\/\\\/formar.shop\\\/es\\\/tipografia\\\/\",\"url\":\"https:\\\/\\\/formar.shop\\\/es\\\/tipografia\\\/\",\"name\":\"Tipograf\u00eda - Formar.shop\",\"isPartOf\":{\"@id\":\"https:\\\/\\\/formar.shop\\\/es\\\/#website\"},\"primaryImageOfPage\":{\"@id\":\"https:\\\/\\\/formar.shop\\\/es\\\/tipografia\\\/#primaryimage\"},\"image\":{\"@id\":\"https:\\\/\\\/formar.shop\\\/es\\\/tipografia\\\/#primaryimage\"},\"thumbnailUrl\":\"https:\\\/\\\/static.formar.net\\\/wp-content\\\/uploads\\\/2016\\\/08\\\/21220033\\\/dummy-1.jpg\",\"datePublished\":\"2025-01-13T21:25:40+00:00\",\"dateModified\":\"2025-01-13T21:25:44+00:00\",\"breadcrumb\":{\"@id\":\"https:\\\/\\\/formar.shop\\\/es\\\/tipografia\\\/#breadcrumb\"},\"inLanguage\":\"es-ES\",\"potentialAction\":[{\"@type\":\"ReadAction\",\"target\":[\"https:\\\/\\\/formar.shop\\\/es\\\/tipografia\\\/\"]}]},{\"@type\":\"ImageObject\",\"inLanguage\":\"es-ES\",\"@id\":\"https:\\\/\\\/formar.shop\\\/es\\\/tipografia\\\/#primaryimage\",\"url\":\"https:\\\/\\\/static.formar.net\\\/wp-content\\\/uploads\\\/2016\\\/08\\\/21220033\\\/dummy-1.jpg\",\"contentUrl\":\"https:\\\/\\\/static.formar.net\\\/wp-content\\\/uploads\\\/2016\\\/08\\\/21220033\\\/dummy-1.jpg\",\"width\":400,\"height\":260},{\"@type\":\"BreadcrumbList\",\"@id\":\"https:\\\/\\\/formar.shop\\\/es\\\/tipografia\\\/#breadcrumb\",\"itemListElement\":[{\"@type\":\"ListItem\",\"position\":1,\"name\":\"Home\",\"item\":\"https:\\\/\\\/formar.shop\\\/es\\\/auto-draft\\\/\"},{\"@type\":\"ListItem\",\"position\":2,\"name\":\"Tipograf\u00eda\"}]},{\"@type\":\"WebSite\",\"@id\":\"https:\\\/\\\/formar.shop\\\/es\\\/#website\",\"url\":\"https:\\\/\\\/formar.shop\\\/es\\\/\",\"name\":\"Formar.shop\",\"description\":\"Soluzioni espresse con stile\",\"potentialAction\":[{\"@type\":\"SearchAction\",\"target\":{\"@type\":\"EntryPoint\",\"urlTemplate\":\"https:\\\/\\\/formar.shop\\\/es\\\/?s={search_term_string}\"},\"query-input\":{\"@type\":\"PropertyValueSpecification\",\"valueRequired\":true,\"valueName\":\"search_term_string\"}}],\"inLanguage\":\"es-ES\"}]}<\/script>\n<!-- \/ Yoast SEO plugin. -->","yoast_head_json":{"title":"Tipograf\u00eda - Formar.shop","robots":{"index":"index","follow":"follow","max-snippet":"max-snippet:-1","max-image-preview":"max-image-preview:large","max-video-preview":"max-video-preview:-1"},"canonical":"https:\/\/formar.shop\/es\/tipografia\/","schema":{"@context":"https:\/\/schema.org","@graph":[{"@type":"WebPage","@id":"https:\/\/formar.shop\/es\/tipografia\/","url":"https:\/\/formar.shop\/es\/tipografia\/","name":"Tipograf\u00eda - Formar.shop","isPartOf":{"@id":"https:\/\/formar.shop\/es\/#website"},"primaryImageOfPage":{"@id":"https:\/\/formar.shop\/es\/tipografia\/#primaryimage"},"image":{"@id":"https:\/\/formar.shop\/es\/tipografia\/#primaryimage"},"thumbnailUrl":"https:\/\/static.formar.net\/wp-content\/uploads\/2016\/08\/21220033\/dummy-1.jpg","datePublished":"2025-01-13T21:25:40+00:00","dateModified":"2025-01-13T21:25:44+00:00","breadcrumb":{"@id":"https:\/\/formar.shop\/es\/tipografia\/#breadcrumb"},"inLanguage":"es-ES","potentialAction":[{"@type":"ReadAction","target":["https:\/\/formar.shop\/es\/tipografia\/"]}]},{"@type":"ImageObject","inLanguage":"es-ES","@id":"https:\/\/formar.shop\/es\/tipografia\/#primaryimage","url":"https:\/\/static.formar.net\/wp-content\/uploads\/2016\/08\/21220033\/dummy-1.jpg","contentUrl":"https:\/\/static.formar.net\/wp-content\/uploads\/2016\/08\/21220033\/dummy-1.jpg","width":400,"height":260},{"@type":"BreadcrumbList","@id":"https:\/\/formar.shop\/es\/tipografia\/#breadcrumb","itemListElement":[{"@type":"ListItem","position":1,"name":"Home","item":"https:\/\/formar.shop\/es\/auto-draft\/"},{"@type":"ListItem","position":2,"name":"Tipograf\u00eda"}]},{"@type":"WebSite","@id":"https:\/\/formar.shop\/es\/#website","url":"https:\/\/formar.shop\/es\/","name":"Formar.shop","description":"Soluzioni espresse con stile","potentialAction":[{"@type":"SearchAction","target":{"@type":"EntryPoint","urlTemplate":"https:\/\/formar.shop\/es\/?s={search_term_string}"},"query-input":{"@type":"PropertyValueSpecification","valueRequired":true,"valueName":"search_term_string"}}],"inLanguage":"es-ES"}]}},"_links":{"self":[{"href":"https:\/\/formar.shop\/es\/wp-json\/wp\/v2\/pages\/41839","targetHints":{"allow":["GET"]}}],"collection":[{"href":"https:\/\/formar.shop\/es\/wp-json\/wp\/v2\/pages"}],"about":[{"href":"https:\/\/formar.shop\/es\/wp-json\/wp\/v2\/types\/page"}],"author":[{"embeddable":true,"href":"https:\/\/formar.shop\/es\/wp-json\/wp\/v2\/users\/1"}],"replies":[{"embeddable":true,"href":"https:\/\/formar.shop\/es\/wp-json\/wp\/v2\/comments?post=41839"}],"version-history":[{"count":3,"href":"https:\/\/formar.shop\/es\/wp-json\/wp\/v2\/pages\/41839\/revisions"}],"predecessor-version":[{"id":41843,"href":"https:\/\/formar.shop\/es\/wp-json\/wp\/v2\/pages\/41839\/revisions\/41843"}],"wp:featuredmedia":[{"embeddable":true,"href":"https:\/\/formar.shop\/es\/wp-json\/wp\/v2\/media\/13644"}],"wp:attachment":[{"href":"https:\/\/formar.shop\/es\/wp-json\/wp\/v2\/media?parent=41839"}],"curies":[{"name":"wp","href":"https:\/\/api.w.org\/{rel}","templated":true}]}}