{"id":36604,"date":"2024-04-16T17:22:51","date_gmt":"2024-04-16T15:22:51","guid":{"rendered":"https:\/\/formar.shop\/desplazarse-a\/"},"modified":"2024-04-16T17:22:53","modified_gmt":"2024-04-16T15:22:53","slug":"desplazarse-a","status":"publish","type":"page","link":"https:\/\/formar.shop\/es\/desplazarse-a\/","title":{"rendered":"Desplazarse a"},"content":{"rendered":"\n<span class=\"scroll-to\" data-label=\"Scroll to: #welcome\" data-bullet=\"true\" data-link=\"#welcome\" data-title=\"Welcome Banner\"><a name=\"welcome\"><\/a><\/span>\n\n\n  <div class=\"banner has-hover is-full-height has-parallax\" id=\"banner-410521561\">\n          <div class=\"banner-inner fill\">\n        <div class=\"banner-bg fill\" data-parallax=\"-2\" data-parallax-container=\".banner\" data-parallax-background>\n            <img loading=\"lazy\" decoding=\"async\" width=\"1000\" height=\"650\" src=\"https:\/\/static.formar.net\/wp-content\/uploads\/2016\/08\/21220033\/dummy-2.jpg\" class=\"bg attachment-original size-original\" alt=\"\" \/>                        <div class=\"overlay\"><\/div>            \n                    <\/div>\n\t\t\n        <div class=\"banner-layers container\">\n            <div class=\"fill banner-link\"><\/div>            \n\n   <div id=\"text-box-1770189276\" class=\"text-box banner-layer x50 md-x50 lg-x50 y20 md-y20 lg-y20 res-text\">\n                                <div class=\"text-box-content text dark\">\n              \n              <div class=\"text-inner text-center\">\n                  \n\n<h1 class=\"lead\"><strong>Desplazarse al<\/strong> elemento<\/h1>\n<p class=\"lead\">Crea elementos Scroll To para navegar por el sitio con peque\u00f1as vi\u00f1etas laterales.\nTambi\u00e9n puedes desactivar la vi\u00f1eta y utilizarla para la navegaci\u00f3n en <strong>una p\u00e1gina<\/strong> <\/p>\n\n              <\/div>\n           <\/div>\n                            \n<style>\n#text-box-1770189276 {\n  width: 60%;\n}\n#text-box-1770189276 .text-box-content {\n  font-size: 100%;\n}\n@media (min-width:550px) {\n  #text-box-1770189276 {\n    width: 63%;\n  }\n}\n<\/style>\n    <\/div>\n \n\n        <\/div>\n      <\/div>\n\n            \n<style>\n#banner-410521561 {\n  padding-top: 100%;\n}\n#banner-410521561 .overlay {\n  background-color: rgba(0, 0, 0, 0.26);\n}\n<\/style>\n  <\/div>\n\n\n<span class=\"scroll-to\" data-label=\"Scroll to: #another_banner\" data-bullet=\"true\" data-link=\"#another_banner\" data-title=\"Another banner\"><a name=\"another_banner\"><\/a><\/span>\n\n\n  <div class=\"banner has-hover is-full-height has-parallax\" id=\"banner-278754511\">\n          <div class=\"banner-inner fill\">\n        <div class=\"banner-bg fill\" data-parallax=\"-2\" data-parallax-container=\".banner\" data-parallax-background>\n            <img loading=\"lazy\" decoding=\"async\" width=\"1000\" height=\"650\" src=\"https:\/\/static.formar.net\/wp-content\/uploads\/2016\/08\/21220033\/dummy-2.jpg\" class=\"bg attachment-original size-original\" alt=\"\" \/>                        <div class=\"overlay\"><\/div>            \n                    <\/div>\n\t\t\n        <div class=\"banner-layers container\">\n            <div class=\"fill banner-link\"><\/div>            \n\n   <div id=\"text-box-1781521387\" class=\"text-box banner-layer x0 md-x0 lg-x0 y40 md-y40 lg-y40 res-text\">\n                     <div data-animate=\"fadeInRight\">           <div class=\"text-box-content text dark\">\n              \n              <div class=\"text-inner text-left\">\n                  \n\n<h1 class=\"lead\"><strong>Otra pancarta<\/strong><\/h1>\n<p class=\"lead\">Crea elementos Scroll To para navegar por el sitio con peque\u00f1as vi\u00f1etas laterales.\nTambi\u00e9n puedes desactivar la vi\u00f1eta y utilizarla para la navegaci\u00f3n en <strong>una p\u00e1gina<\/strong> <\/p>\n\n              <\/div>\n           <\/div>\n       <\/div>                     \n<style>\n#text-box-1781521387 {\n  width: 60%;\n}\n#text-box-1781521387 .text-box-content {\n  font-size: 100%;\n}\n@media (min-width:550px) {\n  #text-box-1781521387 {\n    width: 50%;\n  }\n}\n<\/style>\n    <\/div>\n \n\n        <\/div>\n      <\/div>\n\n            \n<style>\n#banner-278754511 {\n  padding-top: 100%;\n}\n#banner-278754511 .overlay {\n  background-color: rgba(0, 0, 0, 0.26);\n}\n<\/style>\n  <\/div>\n\n\n<span class=\"scroll-to\" data-label=\"Scroll to: #another_banner_2\" data-bullet=\"true\" data-link=\"#another_banner_2\" data-title=\"Another Scroll To banner\"><a name=\"another_banner_2\"><\/a><\/span>\n\n\n  <div class=\"banner has-hover is-full-height\" id=\"banner-1453253407\">\n          <div class=\"banner-inner fill\">\n        <div class=\"banner-bg fill\" >\n            <img loading=\"lazy\" decoding=\"async\" width=\"1000\" height=\"650\" src=\"https:\/\/static.formar.net\/wp-content\/uploads\/2016\/08\/21220033\/dummy-2.jpg\" class=\"bg attachment-large size-large\" alt=\"\" \/>                        <div class=\"overlay\"><\/div>            \n                    <\/div>\n\t\t\n        <div class=\"banner-layers container\">\n            <div class=\"fill banner-link\"><\/div>            \n\n   <div id=\"text-box-1938741499\" class=\"text-box banner-layer x50 md-x50 lg-x50 y50 md-y50 lg-y50 res-text\">\n              <div data-parallax=\"3\" data-parallax-fade=\"true\">       <div data-animate=\"fadeInUp\">           <div class=\"text-box-content text dark\">\n              \n              <div class=\"text-inner text-center\">\n                  \n\n<h2><span style=\"font-size: 200%;\">Otra pancarta<\/span><\/h2>\n\n              <\/div>\n           <\/div>\n       <\/div>       <\/div>              \n<style>\n#text-box-1938741499 {\n  width: 60%;\n}\n#text-box-1938741499 .text-box-content {\n  font-size: 100%;\n}\n@media (min-width:550px) {\n  #text-box-1938741499 {\n    width: 52%;\n  }\n}\n<\/style>\n    <\/div>\n \n\n        <\/div>\n      <\/div>\n\n            \n<style>\n#banner-1453253407 {\n  padding-top: 100%;\n}\n#banner-1453253407 .overlay {\n  background-color: rgba(0, 0, 0, 0.1);\n}\n<\/style>\n  <\/div>\n\n\n<span class=\"scroll-to\" data-label=\"Scroll to: #newsletter\" data-bullet=\"true\" data-link=\"#newsletter\" data-title=\"Signup for Newsletter\"><a name=\"newsletter\"><\/a><\/span>\n\n\n  <div class=\"banner has-hover is-full-height has-parallax\" id=\"banner-368436243\">\n          <div class=\"banner-inner fill\">\n        <div class=\"banner-bg fill\" data-parallax=\"-4\" data-parallax-container=\".banner\" data-parallax-background>\n            <img loading=\"lazy\" decoding=\"async\" width=\"1000\" height=\"650\" src=\"https:\/\/static.formar.net\/wp-content\/uploads\/2016\/08\/21220033\/dummy-2.jpg\" class=\"bg attachment-large size-large\" alt=\"\" \/>                        <div class=\"overlay\"><\/div>            \n                    <\/div>\n\t\t\n        <div class=\"banner-layers container\">\n            <div class=\"fill banner-link\"><\/div>            \n\n   <div id=\"text-box-2139855079\" class=\"text-box banner-layer x50 md-x50 lg-x50 y50 md-y50 lg-y50 res-text\">\n              <div data-parallax=\"2\" data-parallax-fade=\"true\">                  <div class=\"text-box-content text dark\">\n              \n              <div class=\"text-inner text-center\">\n                  \n\n<h3 class=\"uppercase\"><strong>Suscr\u00edbete al bolet\u00edn<\/strong><\/h3>\n<p>Lorem ipsum dolor sit amet, consectetuer adipiscing elit, sed diam nonummy nibh euismod tincidunt ut laoreet dolore magna aliquam erat volutpat.<\/p>\n(inserta aqu\u00ed el formulario de contacto)\n\n\n              <\/div>\n           <\/div>\n              <\/div>              \n<style>\n#text-box-2139855079 {\n  width: 84%;\n}\n#text-box-2139855079 .text-box-content {\n  font-size: 101%;\n}\n@media (min-width:550px) {\n  #text-box-2139855079 {\n    width: 74%;\n  }\n  #text-box-2139855079 .text-box-content {\n    font-size: 120%;\n  }\n}\n<\/style>\n    <\/div>\n \n\n        <\/div>\n      <\/div>\n\n            \n<style>\n#banner-368436243 {\n  padding-top: 100%;\n  background-color: rgb(43, 7, 7);\n}\n#banner-368436243 .overlay {\n  background-color: rgba(0, 0, 0, 0.27);\n}\n<\/style>\n  <\/div>\n\n\n","protected":false},"excerpt":{"rendered":"","protected":false},"author":1,"featured_media":13644,"parent":0,"menu_order":17,"comment_status":"closed","ping_status":"closed","template":"page-transparent-header-light.php","meta":{"_joinchat":[],"footnotes":""},"class_list":["post-36604","page","type-page","status-publish","has-post-thumbnail","hentry"],"yoast_head":"<!-- This site is optimized with the Yoast SEO plugin v27.5 - https:\/\/yoast.com\/product\/yoast-seo-wordpress\/ -->\n<title>Desplazarse a - Formar.shop<\/title>\n<meta name=\"robots\" content=\"index, follow, max-snippet:-1, max-image-preview:large, max-video-preview:-1\" \/>\n<link rel=\"canonical\" href=\"https:\/\/formar.shop\/es\/desplazarse-a\/\" \/>\n<script type=\"application\/ld+json\" class=\"yoast-schema-graph\">{\"@context\":\"https:\\\/\\\/schema.org\",\"@graph\":[{\"@type\":\"WebPage\",\"@id\":\"https:\\\/\\\/formar.shop\\\/es\\\/desplazarse-a\\\/\",\"url\":\"https:\\\/\\\/formar.shop\\\/es\\\/desplazarse-a\\\/\",\"name\":\"Desplazarse a - Formar.shop\",\"isPartOf\":{\"@id\":\"https:\\\/\\\/formar.shop\\\/es\\\/#website\"},\"primaryImageOfPage\":{\"@id\":\"https:\\\/\\\/formar.shop\\\/es\\\/desplazarse-a\\\/#primaryimage\"},\"image\":{\"@id\":\"https:\\\/\\\/formar.shop\\\/es\\\/desplazarse-a\\\/#primaryimage\"},\"thumbnailUrl\":\"https:\\\/\\\/static.formar.net\\\/wp-content\\\/uploads\\\/2016\\\/08\\\/21220033\\\/dummy-1.jpg\",\"datePublished\":\"2024-04-16T15:22:51+00:00\",\"dateModified\":\"2024-04-16T15:22:53+00:00\",\"breadcrumb\":{\"@id\":\"https:\\\/\\\/formar.shop\\\/es\\\/desplazarse-a\\\/#breadcrumb\"},\"inLanguage\":\"es-ES\",\"potentialAction\":[{\"@type\":\"ReadAction\",\"target\":[\"https:\\\/\\\/formar.shop\\\/es\\\/desplazarse-a\\\/\"]}]},{\"@type\":\"ImageObject\",\"inLanguage\":\"es-ES\",\"@id\":\"https:\\\/\\\/formar.shop\\\/es\\\/desplazarse-a\\\/#primaryimage\",\"url\":\"https:\\\/\\\/static.formar.net\\\/wp-content\\\/uploads\\\/2016\\\/08\\\/21220033\\\/dummy-1.jpg\",\"contentUrl\":\"https:\\\/\\\/static.formar.net\\\/wp-content\\\/uploads\\\/2016\\\/08\\\/21220033\\\/dummy-1.jpg\",\"width\":400,\"height\":260},{\"@type\":\"BreadcrumbList\",\"@id\":\"https:\\\/\\\/formar.shop\\\/es\\\/desplazarse-a\\\/#breadcrumb\",\"itemListElement\":[{\"@type\":\"ListItem\",\"position\":1,\"name\":\"Home\",\"item\":\"https:\\\/\\\/formar.shop\\\/es\\\/auto-draft\\\/\"},{\"@type\":\"ListItem\",\"position\":2,\"name\":\"Desplazarse a\"}]},{\"@type\":\"WebSite\",\"@id\":\"https:\\\/\\\/formar.shop\\\/es\\\/#website\",\"url\":\"https:\\\/\\\/formar.shop\\\/es\\\/\",\"name\":\"Formar.shop\",\"description\":\"Soluzioni espresse con stile\",\"potentialAction\":[{\"@type\":\"SearchAction\",\"target\":{\"@type\":\"EntryPoint\",\"urlTemplate\":\"https:\\\/\\\/formar.shop\\\/es\\\/?s={search_term_string}\"},\"query-input\":{\"@type\":\"PropertyValueSpecification\",\"valueRequired\":true,\"valueName\":\"search_term_string\"}}],\"inLanguage\":\"es-ES\"}]}<\/script>\n<!-- \/ Yoast SEO plugin. -->","yoast_head_json":{"title":"Desplazarse a - Formar.shop","robots":{"index":"index","follow":"follow","max-snippet":"max-snippet:-1","max-image-preview":"max-image-preview:large","max-video-preview":"max-video-preview:-1"},"canonical":"https:\/\/formar.shop\/es\/desplazarse-a\/","schema":{"@context":"https:\/\/schema.org","@graph":[{"@type":"WebPage","@id":"https:\/\/formar.shop\/es\/desplazarse-a\/","url":"https:\/\/formar.shop\/es\/desplazarse-a\/","name":"Desplazarse a - Formar.shop","isPartOf":{"@id":"https:\/\/formar.shop\/es\/#website"},"primaryImageOfPage":{"@id":"https:\/\/formar.shop\/es\/desplazarse-a\/#primaryimage"},"image":{"@id":"https:\/\/formar.shop\/es\/desplazarse-a\/#primaryimage"},"thumbnailUrl":"https:\/\/static.formar.net\/wp-content\/uploads\/2016\/08\/21220033\/dummy-1.jpg","datePublished":"2024-04-16T15:22:51+00:00","dateModified":"2024-04-16T15:22:53+00:00","breadcrumb":{"@id":"https:\/\/formar.shop\/es\/desplazarse-a\/#breadcrumb"},"inLanguage":"es-ES","potentialAction":[{"@type":"ReadAction","target":["https:\/\/formar.shop\/es\/desplazarse-a\/"]}]},{"@type":"ImageObject","inLanguage":"es-ES","@id":"https:\/\/formar.shop\/es\/desplazarse-a\/#primaryimage","url":"https:\/\/static.formar.net\/wp-content\/uploads\/2016\/08\/21220033\/dummy-1.jpg","contentUrl":"https:\/\/static.formar.net\/wp-content\/uploads\/2016\/08\/21220033\/dummy-1.jpg","width":400,"height":260},{"@type":"BreadcrumbList","@id":"https:\/\/formar.shop\/es\/desplazarse-a\/#breadcrumb","itemListElement":[{"@type":"ListItem","position":1,"name":"Home","item":"https:\/\/formar.shop\/es\/auto-draft\/"},{"@type":"ListItem","position":2,"name":"Desplazarse a"}]},{"@type":"WebSite","@id":"https:\/\/formar.shop\/es\/#website","url":"https:\/\/formar.shop\/es\/","name":"Formar.shop","description":"Soluzioni espresse con stile","potentialAction":[{"@type":"SearchAction","target":{"@type":"EntryPoint","urlTemplate":"https:\/\/formar.shop\/es\/?s={search_term_string}"},"query-input":{"@type":"PropertyValueSpecification","valueRequired":true,"valueName":"search_term_string"}}],"inLanguage":"es-ES"}]}},"_links":{"self":[{"href":"https:\/\/formar.shop\/es\/wp-json\/wp\/v2\/pages\/36604","targetHints":{"allow":["GET"]}}],"collection":[{"href":"https:\/\/formar.shop\/es\/wp-json\/wp\/v2\/pages"}],"about":[{"href":"https:\/\/formar.shop\/es\/wp-json\/wp\/v2\/types\/page"}],"author":[{"embeddable":true,"href":"https:\/\/formar.shop\/es\/wp-json\/wp\/v2\/users\/1"}],"replies":[{"embeddable":true,"href":"https:\/\/formar.shop\/es\/wp-json\/wp\/v2\/comments?post=36604"}],"version-history":[{"count":1,"href":"https:\/\/formar.shop\/es\/wp-json\/wp\/v2\/pages\/36604\/revisions"}],"predecessor-version":[{"id":36609,"href":"https:\/\/formar.shop\/es\/wp-json\/wp\/v2\/pages\/36604\/revisions\/36609"}],"wp:featuredmedia":[{"embeddable":true,"href":"https:\/\/formar.shop\/es\/wp-json\/wp\/v2\/media\/13644"}],"wp:attachment":[{"href":"https:\/\/formar.shop\/es\/wp-json\/wp\/v2\/media?parent=36604"}],"curies":[{"name":"wp","href":"https:\/\/api.w.org\/{rel}","templated":true}]}}